{"id":5889,"date":"2020-12-02T12:29:20","date_gmt":"2020-12-02T12:29:20","guid":{"rendered":"https:\/\/becooltravel.com\/?page_id=5889"},"modified":"2024-11-14T11:42:06","modified_gmt":"2024-11-14T11:42:06","slug":"book-with-confidence","status":"publish","type":"page","link":"https:\/\/becooltravel.com\/da\/bog-med-tillid\/","title":{"rendered":"Book med tillid"},"content":{"rendered":"<div id=\"fws_6a00791ed6ec7\"  data-column-margin=\"default\" data-midnight=\"dark\" data-top-percent=\"6%\" data-bottom-percent=\"6%\"  class=\"wpb_row vc_row-fluid vc_row full-width-section vc_row-o-equal-height vc_row-flex vc_row-o-content-middle\"  style=\"padding-top: calc(100vw * 0.06); padding-bottom: calc(100vw * 0.06); \"><div class=\"row-bg-wrap\" data-bg-animation=\"none\" data-bg-animation-delay=\"\" data-bg-overlay=\"true\"><div class=\"inner-wrap row-bg-layer\" ><div class=\"row-bg viewport-desktop\"  style=\"\"><\/div><\/div><div class=\"row-bg-overlay row-bg-layer\" style=\"background: linear-gradient(to bottom,#eaf1fd 0%,rgba(255,255,255,0.001) 75%);  opacity: 1; \"><\/div><\/div><div class=\"row_col_wrap_12 col span_12 dark left\">\n\t<div  class=\"vc_col-sm-12 wpb_column column_container vc_column_container col no-extra-padding inherit_tablet inherit_phone\"  data-padding-pos=\"all\" data-has-bg-color=\"false\" data-bg-color=\"\" data-bg-opacity=\"1\" data-animation=\"\" data-delay=\"0\" >\n\t\t<div class=\"vc_column-inner\" >\n\t\t\t<div class=\"wpb_wrapper\">\n\t\t\t\t\n<div class=\"wpb_text_column wpb_content_element\" >\n\t<h2 style=\"text-align: center;\"><span data-preserver-spaces=\"true\">Naturferier og rejsetjenester<\/span><\/h2>\n<p>&nbsp;<\/p>\n<p><span data-preserver-spaces=\"true\">BeCool Travel har specialiseret sig i naturferier, bragt til dig af vores lokale partnere.<\/span><\/p>\n<p><span data-preserver-spaces=\"true\">Vi tilbyder en r\u00e6kke ture, der er professionelt designet, udviklet og k\u00f8rt p\u00e5 jorden af sm\u00e5 lokale rejsearrang\u00f8rer, der stolt viser deres hjems naturlige landskaber, kultur og arv.<\/span><\/p>\n<p><span data-preserver-spaces=\"true\">Ved at forbinde uafh\u00e6ngige rejsende med lokale rejsearrang\u00f8rer str\u00e6ber vi efter mere retf\u00e6rdige og mere b\u00e6redygtige m\u00e5der at rejse p\u00e5. Dette er en grundl\u00e6ggende del af vores filosofi og forretningstilgang, sammen med trangen til milj\u00f8beskyttelse og respekt for lokale kulturer.<\/span><\/p>\n<p><span data-preserver-spaces=\"true\">M\u00e5let er at opn\u00e5 en positiv oplevelse for alle, b\u00e5de for vores kunder og for de mennesker, hvis landskab, kultur og livsstil de er kommet for at nyde.<\/span><\/p>\n<p><span data-preserver-spaces=\"true\">Med en lokal naturoperat\u00f8r opdager du ikke kun essensen af din destination, men uddyber ogs\u00e5 din forst\u00e5else af dens sk\u00f8nhed, betydning og unikhed.<\/span><\/p>\n<p><span data-preserver-spaces=\"true\">BeCool Travels team samler ogs\u00e5 alle de rejsetjenester, du har brug for, for en komplet og meningsfuld ferieoplevelse.<\/span><\/p>\n<p><strong>Book med tillid fra betroede lokale virksomheder!<\/strong><\/p>\n<p>&nbsp;<\/p>\n<h2 style=\"text-align: left;\"><span data-preserver-spaces=\"true\">Vores produkter<\/span><\/h2>\n<p><span data-preserver-spaces=\"true\">Vores natur- og kulturferier i Portugal d\u00e6kker en bred vifte af turstilarter, fra <a href=\"https:\/\/becooltravel.com\/product-category\/guided-group-tours\/\">Lille gruppeture<\/a>, <a href=\"https:\/\/becooltravel.com\/self-guided-tours\/\">Selvstyrede helligdage<\/a>, <a href=\"https:\/\/becooltravel.com\/product-category\/self-drive-holidays-portugal\/\">Selvk\u00f8rende ture<\/a>, <a href=\"https:\/\/becooltravel.com\/product-category\/holiday-packs-tours-portugal\/\">Feriepakker<\/a>, <a href=\"https:\/\/becooltravel.com\/accommodation\/\">Indkvartering<\/a> muligheder, <a href=\"https:\/\/transfers.booking-portugal.com\/\" target=\"_blank\" rel=\"noopener noreferrer\">Lufthavnstransfers<\/a> og <a href=\"https:\/\/www.algarvebusrental.com\/\" target=\"_blank\" rel=\"noopener\">Busudlejning<\/a>.<\/span><\/p>\n<p><span data-preserver-spaces=\"true\">Du finder det mest omfattende udvalg af <a href=\"https:\/\/becooltravel.com\/product-category\/self-guided-tours-portugal\/self-guided-walking-holidays\/\">Vandreferie<\/a>, fra sightseeingvandringer til langdistancestier og fra eventyrlige aktivitetsferier til blide g\u00e5ture blandt kulturarvssteder - vores ferier byder p\u00e5 noget for enhver smag!<\/span><\/p>\n<p><span data-preserver-spaces=\"true\">BeCool Travels hold kirseb\u00e6rplukkede ogs\u00e5 det mest tiltalende <a href=\"https:\/\/becooltravel.com\/product-category\/guided-group-tours\/\">S\u00e6rlig interesse<\/a> rejseplaner og programmer. Det har du <a href=\"https:\/\/becooltravel.com\/product-category\/guided-group-tours\/guided-cycling-holidays-portugal\/\">Cykling<\/a>, <a href=\"https:\/\/becooltravel.com\/product-category\/guided-group-tours\/portugal-guided-birdwatching-holidays\/\">Fuglekiggeri<\/a>, <a href=\"https:\/\/becooltravel.com\/product-category\/self-guided-tours-portugal\/self-guided-train-holidays-portugal\/\">Juleferie<\/a>, <a href=\"https:\/\/becooltravel.com\/product-category\/self-guided-tours-portugal\/self-drive-holidays-portugal\/\">Vej-ture<\/a>, <a href=\"https:\/\/becooltravel.com\/product-category\/guided-group-tours\/portugal-gastronomy-and-wines-guided-holidays\/\">Gastronomi &amp; Vine<\/a>, <a href=\"https:\/\/becooltravel.com\/product-category\/guided-group-tours\/guided-wellness-holidays-in-portugal\/\">Velv\u00e6re<\/a>, <a href=\"https:\/\/becooltravel.com\/product-category\/guided-group-tours\/guided-multi-activity-holidays-portugal\/\">Multi-aktivitet<\/a>, <a href=\"https:\/\/becooltravel.com\/product-category\/guided-group-tours\/portugal-guided-historical-holidays\/\">Historisk<\/a>, <a href=\"https:\/\/becooltravel.com\/product-category\/guided-group-tours\/cultural-tours-and-holidays-in-portugal\/\">Kulturelle ture<\/a>og mange flere m\u00e5der at <a href=\"https:\/\/becooltravel.com\/shop\/\">udforske og nyd vores smukke land<\/a>.<\/span><\/p>\n<p><span data-preserver-spaces=\"true\">For din bekvemmelighed og lethed finder du p\u00e5 BeCool Travel alle de rejsetjenester, du har brug for, n\u00e5r du planl\u00e6gger din n\u00e6ste ferie, assisteret af et lidenskabeligt team.<\/span><\/p>\n<p>Hvis du har en s\u00e6rlig anmodning eller leder efter en skr\u00e6ddersyet service, <a href=\"mailto:mkt@becooltravel.com\">kontakt os<\/a> og vi designer det til dig.<\/p>\n<h2><\/h2>\n<h2 style=\"text-align: left;\"><span data-preserver-spaces=\"true\">Nem online reservation<\/span><\/h2>\n<p><span data-preserver-spaces=\"true\">Det kan ikke v\u00e6re nemmere at booke online. Find bare den ferie, du \u00f8nsker, og klik p\u00e5 knappen &#039;Book nu&#039; for din valgte afgang. <a href=\"https:\/\/becooltravel.com\/how-to-pay\/\">F\u00f8lg instruktionerne, og foretag en betaling ved hj\u00e6lp af vores sikre betalingssystem<\/a>.\u00a0<\/span><\/p>\n<p><span data-preserver-spaces=\"true\">\u00a0<\/span><\/p>\n<h4 style=\"text-align: left;\">Book med tillid! Travel fair med BeCool Travel.<\/h4>\n<\/div>\n\n\n\n\n\t\t\t<\/div> \n\t\t<\/div>\n\t<\/div> \n<\/div><\/div>","protected":false},"excerpt":{"rendered":"Naturferier og rejseservices BeCool Travel specialiserer sig i naturferier, pr\u00e6senteret af vores lokale partnere. Vi tilbyder en r\u00e6kke ture...","protected":false},"author":2,"featured_media":0,"parent":0,"menu_order":0,"comment_status":"closed","ping_status":"closed","template":"","meta":{"_acf_changed":false,"inline_featured_image":false,"footnotes":""},"class_list":["post-5889","page","type-page","status-publish"],"acf":[],"yoast_head":"<!-- This site is optimized with the Yoast SEO Premium plugin v26.8 (Yoast SEO v27.5) - https:\/\/yoast.com\/product\/yoast-seo-premium-wordpress\/ -->\n<title>Book with confidence - BeCool Travel<\/title>\n<meta name=\"description\" content=\"BeCool Travel specialises in nature holidays in Portugal, brought to you by our local partners. Book with Confidence! Travel safe, travel fair, with BeCool Travel.\" \/>\n<meta name=\"robots\" content=\"index, follow, max-snippet:-1, max-image-preview:large, max-video-preview:-1\" \/>\n<link rel=\"canonical\" href=\"https:\/\/becooltravel.com\/da\/bog-med-tillid\/\" \/>\n<meta property=\"og:locale\" content=\"da_DK\" \/>\n<meta property=\"og:type\" content=\"article\" \/>\n<meta property=\"og:title\" content=\"Book with confidence\" \/>\n<meta property=\"og:description\" content=\"BeCool Travel specialises in nature holidays in Portugal, brought to you by our local partners. Book with Confidence! Travel safe, travel fair, with BeCool Travel.\" \/>\n<meta property=\"og:url\" content=\"https:\/\/becooltravel.com\/da\/bog-med-tillid\/\" \/>\n<meta property=\"og:site_name\" content=\"BeCool Travel\" \/>\n<meta property=\"article:publisher\" content=\"https:\/\/www.facebook.com\/becooltravelagency\/\" \/>\n<meta property=\"article:modified_time\" content=\"2024-11-14T11:42:06+00:00\" \/>\n<meta name=\"twitter:card\" content=\"summary_large_image\" \/>\n<meta name=\"twitter:site\" content=\"@becool_travel\" \/>\n<meta name=\"twitter:label1\" content=\"Estimeret l\u00e6setid\" \/>\n\t<meta name=\"twitter:data1\" content=\"3 minutter\" \/>\n<script type=\"application\/ld+json\" class=\"yoast-schema-graph\">{\"@context\":\"https:\\\/\\\/schema.org\",\"@graph\":[{\"@type\":\"WebPage\",\"@id\":\"https:\\\/\\\/becooltravel.com\\\/book-with-confidence\\\/\",\"url\":\"https:\\\/\\\/becooltravel.com\\\/book-with-confidence\\\/\",\"name\":\"Book with confidence - BeCool Travel\",\"isPartOf\":{\"@id\":\"https:\\\/\\\/becooltravel.com\\\/#website\"},\"datePublished\":\"2020-12-02T12:29:20+00:00\",\"dateModified\":\"2024-11-14T11:42:06+00:00\",\"description\":\"BeCool Travel specialises in nature holidays in Portugal, brought to you by our local partners. Book with Confidence! Travel safe, travel fair, with BeCool Travel.\",\"breadcrumb\":{\"@id\":\"https:\\\/\\\/becooltravel.com\\\/book-with-confidence\\\/#breadcrumb\"},\"inLanguage\":\"da-DK\",\"potentialAction\":[{\"@type\":\"ReadAction\",\"target\":[\"https:\\\/\\\/becooltravel.com\\\/book-with-confidence\\\/\"]}]},{\"@type\":\"BreadcrumbList\",\"@id\":\"https:\\\/\\\/becooltravel.com\\\/book-with-confidence\\\/#breadcrumb\",\"itemListElement\":[{\"@type\":\"ListItem\",\"position\":1,\"name\":\"Home\",\"item\":\"https:\\\/\\\/becooltravel.com\\\/\"},{\"@type\":\"ListItem\",\"position\":2,\"name\":\"Book with confidence\"}]},{\"@type\":\"WebSite\",\"@id\":\"https:\\\/\\\/becooltravel.com\\\/#website\",\"url\":\"https:\\\/\\\/becooltravel.com\\\/\",\"name\":\"BeCool Travel\",\"description\":\"Sustainable holidays in Portugal for independent travelers\",\"publisher\":{\"@id\":\"https:\\\/\\\/becooltravel.com\\\/#organization\"},\"potentialAction\":[{\"@type\":\"SearchAction\",\"target\":{\"@type\":\"EntryPoint\",\"urlTemplate\":\"https:\\\/\\\/becooltravel.com\\\/?s={search_term_string}\"},\"query-input\":{\"@type\":\"PropertyValueSpecification\",\"valueRequired\":true,\"valueName\":\"search_term_string\"}}],\"inLanguage\":\"da-DK\"},{\"@type\":\"Organization\",\"@id\":\"https:\\\/\\\/becooltravel.com\\\/#organization\",\"name\":\"BecoolTravel. com- Portugal\",\"url\":\"https:\\\/\\\/becooltravel.com\\\/\",\"logo\":{\"@type\":\"ImageObject\",\"inLanguage\":\"da-DK\",\"@id\":\"https:\\\/\\\/becooltravel.com\\\/#\\\/schema\\\/logo\\\/image\\\/\",\"url\":\"https:\\\/\\\/becooltravel.com\\\/wp-content\\\/uploads\\\/sites\\\/5\\\/2020\\\/03\\\/Logo_BeCool.jpg\",\"contentUrl\":\"https:\\\/\\\/becooltravel.com\\\/wp-content\\\/uploads\\\/sites\\\/5\\\/2020\\\/03\\\/Logo_BeCool.jpg\",\"width\":534,\"height\":534,\"caption\":\"BecoolTravel. com- Portugal\"},\"image\":{\"@id\":\"https:\\\/\\\/becooltravel.com\\\/#\\\/schema\\\/logo\\\/image\\\/\"},\"sameAs\":[\"https:\\\/\\\/www.facebook.com\\\/becooltravelagency\\\/\",\"https:\\\/\\\/x.com\\\/becool_travel\",\"https:\\\/\\\/www.instagram.com\\\/becooltravel_com\\\/\",\"https:\\\/\\\/www.linkedin.com\\\/company\\\/becool-travel\\\/\",\"https:\\\/\\\/www.youtube.com\\\/channel\\\/UCE7zRU3EVG1PgfXwQo-5uJw\"]}]}<\/script>\n<!-- \/ Yoast SEO Premium plugin. -->","yoast_head_json":{"title":"Book med tillid - BeCool Travel","description":"BeCool Travel specialiserer sig i naturferier i Portugal, bragt til dig af vores lokale partnere. Book med tillid! Travel sikker, rejse fair, med BeCool Travel.","robots":{"index":"index","follow":"follow","max-snippet":"max-snippet:-1","max-image-preview":"max-image-preview:large","max-video-preview":"max-video-preview:-1"},"canonical":"https:\/\/becooltravel.com\/da\/bog-med-tillid\/","og_locale":"da_DK","og_type":"article","og_title":"Book with confidence","og_description":"BeCool Travel specialises in nature holidays in Portugal, brought to you by our local partners. Book with Confidence! Travel safe, travel fair, with BeCool Travel.","og_url":"https:\/\/becooltravel.com\/da\/bog-med-tillid\/","og_site_name":"BeCool Travel","article_publisher":"https:\/\/www.facebook.com\/becooltravelagency\/","article_modified_time":"2024-11-14T11:42:06+00:00","twitter_card":"summary_large_image","twitter_site":"@becool_travel","twitter_misc":{"Estimeret l\u00e6setid":"3 minutter"},"schema":{"@context":"https:\/\/schema.org","@graph":[{"@type":"WebPage","@id":"https:\/\/becooltravel.com\/book-with-confidence\/","url":"https:\/\/becooltravel.com\/book-with-confidence\/","name":"Book med tillid - BeCool Travel","isPartOf":{"@id":"https:\/\/becooltravel.com\/#website"},"datePublished":"2020-12-02T12:29:20+00:00","dateModified":"2024-11-14T11:42:06+00:00","description":"BeCool Travel specialiserer sig i naturferier i Portugal, bragt til dig af vores lokale partnere. Book med tillid! Travel sikker, rejse fair, med BeCool Travel.","breadcrumb":{"@id":"https:\/\/becooltravel.com\/book-with-confidence\/#breadcrumb"},"inLanguage":"da-DK","potentialAction":[{"@type":"ReadAction","target":["https:\/\/becooltravel.com\/book-with-confidence\/"]}]},{"@type":"BreadcrumbList","@id":"https:\/\/becooltravel.com\/book-with-confidence\/#breadcrumb","itemListElement":[{"@type":"ListItem","position":1,"name":"Home","item":"https:\/\/becooltravel.com\/"},{"@type":"ListItem","position":2,"name":"Book with confidence"}]},{"@type":"WebSite","@id":"https:\/\/becooltravel.com\/#website","url":"https:\/\/becooltravel.com\/","name":"BeCool rejse","description":"B\u00e6redygtig ferie i Portugal for uafh\u00e6ngige rejsende","publisher":{"@id":"https:\/\/becooltravel.com\/#organization"},"potentialAction":[{"@type":"SearchAction","target":{"@type":"EntryPoint","urlTemplate":"https:\/\/becooltravel.com\/?s={search_term_string}"},"query-input":{"@type":"PropertyValueSpecification","valueRequired":true,"valueName":"search_term_string"}}],"inLanguage":"da-DK"},{"@type":"Organization","@id":"https:\/\/becooltravel.com\/#organization","name":"BecoolTravel. com- Portugal","url":"https:\/\/becooltravel.com\/","logo":{"@type":"ImageObject","inLanguage":"da-DK","@id":"https:\/\/becooltravel.com\/#\/schema\/logo\/image\/","url":"https:\/\/becooltravel.com\/wp-content\/uploads\/sites\/5\/2020\/03\/Logo_BeCool.jpg","contentUrl":"https:\/\/becooltravel.com\/wp-content\/uploads\/sites\/5\/2020\/03\/Logo_BeCool.jpg","width":534,"height":534,"caption":"BecoolTravel. com- Portugal"},"image":{"@id":"https:\/\/becooltravel.com\/#\/schema\/logo\/image\/"},"sameAs":["https:\/\/www.facebook.com\/becooltravelagency\/","https:\/\/x.com\/becool_travel","https:\/\/www.instagram.com\/becooltravel_com\/","https:\/\/www.linkedin.com\/company\/becool-travel\/","https:\/\/www.youtube.com\/channel\/UCE7zRU3EVG1PgfXwQo-5uJw"]}]}},"jetpack_sharing_enabled":true,"_links":{"self":[{"href":"https:\/\/becooltravel.com\/da\/wp-json\/wp\/v2\/pages\/5889","targetHints":{"allow":["GET"]}}],"collection":[{"href":"https:\/\/becooltravel.com\/da\/wp-json\/wp\/v2\/pages"}],"about":[{"href":"https:\/\/becooltravel.com\/da\/wp-json\/wp\/v2\/types\/page"}],"author":[{"embeddable":true,"href":"https:\/\/becooltravel.com\/da\/wp-json\/wp\/v2\/users\/2"}],"replies":[{"embeddable":true,"href":"https:\/\/becooltravel.com\/da\/wp-json\/wp\/v2\/comments?post=5889"}],"version-history":[{"count":2,"href":"https:\/\/becooltravel.com\/da\/wp-json\/wp\/v2\/pages\/5889\/revisions"}],"predecessor-version":[{"id":7579,"href":"https:\/\/becooltravel.com\/da\/wp-json\/wp\/v2\/pages\/5889\/revisions\/7579"}],"wp:attachment":[{"href":"https:\/\/becooltravel.com\/da\/wp-json\/wp\/v2\/media?parent=5889"}],"curies":[{"name":"wp","href":"https:\/\/api.w.org\/{rel}","templated":true}]}}