{"id":3726,"date":"2020-03-06T18:54:55","date_gmt":"2020-03-06T18:54:55","guid":{"rendered":"https:\/\/becooltravel.com\/product\/relax-in-tavira-8-days-8300pk\/"},"modified":"2026-03-18T13:37:25","modified_gmt":"2026-03-18T13:37:25","slug":"relax-in-tavira-8-days-8300pk","status":"publish","type":"product","link":"https:\/\/becooltravel.com\/da\/vare\/slappe-af-i-tavira-8-dage-8300pk\/","title":{"rendered":"Slap af i Tavira"},"content":{"rendered":"<p>Tavira er en charmerende by i det \u00f8stlige Algarve, ikke langt fra gr\u00e6nsen til Spanien.<\/p>\n<p>Tavira ligger i udkanten af floden Gil\u00e3o ved siden af Ria Formosa og en otte kilometer lang strand.<\/p>\n<p>Byen viser en tiltr\u00e6kkende portugisisk appel med skarpe hvide v\u00e6gge, fine azulejo-fliser og b\u00f8lger af trekantede tage.<\/p>\n<div id=\"attachment_2496\" style=\"width: 1034px\" class=\"wp-caption alignnone\"><img data-recalc-dims=\"1\" decoding=\"async\" aria-describedby=\"caption-attachment-2496\" class=\"wp-image-2496 size-large\" src=\"https:\/\/i0.wp.com\/legendatours.net\/wp-content\/uploads\/2020\/03\/Tavira_river_Gilao-1024x683.jpg?resize=1024%2C683&#038;ssl=1\" alt=\"Tavira, floden Gilao\" width=\"1024\" height=\"683\" \/><p id=\"caption-attachment-2496\" class=\"wp-caption-text\">Tavira, floden Gilao<\/p><\/div>\n<p>Langs de stille gader kan lag af historie v\u00e6re vidne til, fra d\u00f8r\u00e5bninger dekoreret med islamiske motiver til barokblomstrer.<\/p>\n<p>Fra ruinerne af slottet, omgivet af oleandere, jacarandaer og bougainvillea&#039;er, f\u00e5r du en privilegeret udsigt over byens typiske tage og dens over 30 kirker.<\/p>\n<p>N\u00e5r du tager en b\u00e5d fra den travle fiskerihavn, forlader du floden for at krydse Ria Formosa-lagunens hovedkanal, et rigt naturreservat med enest\u00e5ende sk\u00f8nhed, perfekt til fuglekikkeri og naturobservation.<\/p>\n<p>F\u00e6rgen slutter sin korte rejse p\u00e5 en af de bedste strande i verden, Tavira&#039;s Island. V\u00e6r forberedt p\u00e5 kilometer med gyldent sand og turkisvand, bel\u00f8nnet med et bl\u00e5t flag.<\/p>\n<div id=\"attachment_2024\" style=\"width: 1034px\" class=\"wp-caption alignnone\"><img data-recalc-dims=\"1\" decoding=\"async\" aria-describedby=\"caption-attachment-2024\" class=\"wp-image-2024 size-large\" src=\"https:\/\/i0.wp.com\/legendatours.net\/wp-content\/uploads\/2020\/03\/Fishing-boats-Tavira-1024x720.jpg?resize=1024%2C720&#038;ssl=1\" alt=\"Fiskerb\u00e5de i Tavira\" width=\"1024\" height=\"720\" \/><p id=\"caption-attachment-2024\" class=\"wp-caption-text\">Fiskerb\u00e5de i Tavira<\/p><\/div>\n<p>Med kun et par restauranter og barer er det en fredelig og sikker strand, fremragende til b\u00f8rn.<\/p>\n<p>I omgivelserne, inden for kort afstand, kan du nyde et helt andet landskab og livsformer pr\u00e6get af marker med appelsintr\u00e6er, der er tung af blomsterduften.<\/p>\n<p>Spredte hvide huse med lacy skorstene viser en uovertruffen Algarve, hvor \u00f8rne sv\u00e6ver.<\/p>\n<p>N\u00e5r du er i Portugal, ved du, at du vil blive behandlet med fremragende mad og vin.<\/p>\n<div id=\"attachment_1780\" style=\"width: 1034px\" class=\"wp-caption alignnone\"><img data-recalc-dims=\"1\" decoding=\"async\" aria-describedby=\"caption-attachment-1780\" class=\"wp-image-1780 size-large\" src=\"https:\/\/i0.wp.com\/legendatours.net\/wp-content\/uploads\/2020\/03\/Colorful-tipical-houses-in-Tavira-1024x768.jpg?resize=1024%2C768&#038;ssl=1\" alt=\"Farverige typiske huse i Tavira\" width=\"1024\" height=\"768\" \/><p id=\"caption-attachment-1780\" class=\"wp-caption-text\">Farverige typiske huse i Tavira<\/p><\/div>\n<p>I Tavira er der en kombination af ingredienser fra kysten og landskabet. Fra havet kommer den friskeste fisk og skaldyr, kogt med enkelhed og respekt, parret med salater krydret med en af de bedste olivenolier i verden.<\/p>\n<p>Hvis du er en k\u00f8delsker, bliver du ikke skuffet med gryderetter og grillede retter.<\/p>\n<p>Og slik er en uds\u00f8gt blanding af mandler, figner, honning og johannesbr\u00f8d, der er rigelige i omr\u00e5det.<\/p>\n<p>I Tavira har du helt sikkert en afslappende tid med arv, natur, fantastiske strande og sjove aktiviteter!<\/p>","protected":false},"excerpt":{"rendered":"<p>Tavira er en charmerende by i det \u00f8stlige Algarve, ikke langt fra gr\u00e6nsen til Spanien.<\/p>\n<p>Tavira ligger i udkanten af floden Gil\u00e3o ved siden af Ria Formosa og en otte kilometer lang strand.<\/p>\n<p>Byen viser en tiltr\u00e6kkende portugisisk appel med skarpe hvide v\u00e6gge, fine azulejo-fliser og b\u00f8lger af trekantede tage.<\/p>","protected":false},"featured_media":4629,"comment_status":"closed","ping_status":"closed","template":"","meta":{"_acf_changed":false,"inline_featured_image":false},"product_brand":[],"product_cat":[329,331],"product_tag":[311,663,242,204,131,506,606,260,619,620,58,608,293,265,611,623,613,723,252],"class_list":{"0":"post-3726","1":"product","2":"type-product","3":"status-publish","4":"has-post-thumbnail","6":"product_cat-holiday-packs-tours-portugal","7":"product_cat-relax-8-days-holidays-portugal","8":"product_tag-algarve","9":"product_tag-birds","10":"product_tag-birdwatching","11":"product_tag-cultural-heritage","12":"product_tag-east-algarve","13":"product_tag-fresh-fish-and-seafood","14":"product_tag-gastronomy","15":"product_tag-history-and-heritage","16":"product_tag-island-of-tavira","17":"product_tag-medieval-castle-of-tavira","18":"product_tag-portugal","19":"product_tag-relax","20":"product_tag-river-gilao","21":"product_tag-roman-and-arab-vestiges","22":"product_tag-summer","23":"product_tag-sun-beach","24":"product_tag-sunny-days","25":"product_tag-sunny-winters","26":"product_tag-tavira","28":"first","29":"instock","30":"virtual","31":"product-type-simple"},"acf":[],"yoast_head":"<!-- This site is optimized with the Yoast SEO Premium plugin v26.8 (Yoast SEO v27.4) - https:\/\/yoast.com\/product\/yoast-seo-premium-wordpress\/ -->\n<title>Relax in Tavira<\/title>\n<meta name=\"description\" content=\"In Tavira, there is a combination of ingredients from the coast and the countryside. From the sea, comes the freshest fish and seafood, cooked with simplicity and respect, paired with salads seasoned with one of the best olive oils in the world.\" \/>\n<meta name=\"robots\" content=\"index, follow, max-snippet:-1, max-image-preview:large, max-video-preview:-1\" \/>\n<link rel=\"canonical\" href=\"https:\/\/becooltravel.com\/da\/vare\/slappe-af-i-tavira-8-dage-8300pk\/\" \/>\n<meta property=\"og:locale\" content=\"da_DK\" \/>\n<meta property=\"og:type\" content=\"article\" \/>\n<meta property=\"og:title\" content=\"Tavira, you&#039;ll surely have a relaxing time, with heritage, nature, stunning beaches, and fun activities!\" \/>\n<meta property=\"og:description\" content=\"Tavira is a charming town in the East Algarve, not far from the border with Spain.Set in the margins of the River Gil\u00e3o, next to the Ria Formosa and an eight-mile-long beach, Tavira is a relaxing retreat!The town shows an alluring Portuguese appeal, with crisp white walls, fine azulejo tiles, and waves of triangular roofs.Along the quiet streets, layers of history can be witnessed, from doorways decorated with Islamic motifs to Baroque flourishes.\" \/>\n<meta property=\"og:url\" content=\"https:\/\/becooltravel.com\/da\/vare\/slappe-af-i-tavira-8-dage-8300pk\/\" \/>\n<meta property=\"og:site_name\" content=\"BeCool Travel\" \/>\n<meta property=\"article:publisher\" content=\"https:\/\/www.facebook.com\/becooltravelagency\/\" \/>\n<meta property=\"article:modified_time\" content=\"2026-03-18T13:37:25+00:00\" \/>\n<meta property=\"og:image\" content=\"https:\/\/becooltravel.com\/wp-content\/uploads\/sites\/5\/2020\/06\/Tavira_river_Gilao.jpg\" \/>\n\t<meta property=\"og:image:width\" content=\"1200\" \/>\n\t<meta property=\"og:image:height\" content=\"800\" \/>\n\t<meta property=\"og:image:type\" content=\"image\/jpeg\" \/>\n<meta name=\"twitter:card\" content=\"summary_large_image\" \/>\n<meta name=\"twitter:title\" content=\"Tavira, you&#039;ll surely have a relaxing time, with heritage, nature, stunning beaches, and fun activities!\" \/>\n<meta name=\"twitter:description\" content=\"Tavira is a charming town in the East Algarve, not far from the border with Spain.Set in the margins of the River Gil\u00e3o, next to the Ria Formosa and an eight-mile-long beach, Tavira is a relaxing retreat!The town shows an alluring Portuguese appeal, with crisp white walls, fine azulejo tiles, and waves of triangular roofs.Along the quiet streets, layers of history can be witnessed, from doorways decorated with Islamic motifs to Baroque flourishes.\" \/>\n<meta name=\"twitter:image\" content=\"https:\/\/i0.wp.com\/becooltravel.com\/wp-content\/uploads\/sites\/5\/2020\/05\/Roman-bridge-in-Tavira-Venice-of-Algarve-2.jpg?fit=1200%2C803&ssl=1\" \/>\n<meta name=\"twitter:site\" content=\"@becool_travel\" \/>\n<meta name=\"twitter:label1\" content=\"Estimeret l\u00e6setid\" \/>\n\t<meta name=\"twitter:data1\" content=\"3 minutter\" \/>\n<script type=\"application\/ld+json\" class=\"yoast-schema-graph\">{\"@context\":\"https:\\\/\\\/schema.org\",\"@graph\":[{\"@type\":[\"WebPage\",\"ItemPage\"],\"@id\":\"https:\\\/\\\/becooltravel.com\\\/product\\\/relax-in-tavira-8-days-8300pk\\\/\",\"url\":\"https:\\\/\\\/becooltravel.com\\\/product\\\/relax-in-tavira-8-days-8300pk\\\/\",\"name\":\"Relax in Tavira\",\"isPartOf\":{\"@id\":\"https:\\\/\\\/becooltravel.com\\\/#website\"},\"primaryImageOfPage\":{\"@id\":\"https:\\\/\\\/becooltravel.com\\\/product\\\/relax-in-tavira-8-days-8300pk\\\/#primaryimage\"},\"image\":{\"@id\":\"https:\\\/\\\/becooltravel.com\\\/product\\\/relax-in-tavira-8-days-8300pk\\\/#primaryimage\"},\"thumbnailUrl\":\"https:\\\/\\\/i0.wp.com\\\/becooltravel.com\\\/wp-content\\\/uploads\\\/sites\\\/5\\\/2020\\\/05\\\/Colorful-tipical-houses-in-Tavira.jpg?fit=1067%2C800&ssl=1\",\"datePublished\":\"2020-03-06T18:54:55+00:00\",\"dateModified\":\"2026-03-18T13:37:25+00:00\",\"description\":\"In Tavira, there is a combination of ingredients from the coast and the countryside. From the sea, comes the freshest fish and seafood, cooked with simplicity and respect, paired with salads seasoned with one of the best olive oils in the world.\",\"breadcrumb\":{\"@id\":\"https:\\\/\\\/becooltravel.com\\\/product\\\/relax-in-tavira-8-days-8300pk\\\/#breadcrumb\"},\"inLanguage\":\"da-DK\",\"potentialAction\":[{\"@type\":\"ReadAction\",\"target\":[\"https:\\\/\\\/becooltravel.com\\\/product\\\/relax-in-tavira-8-days-8300pk\\\/\"]}]},{\"@type\":\"ImageObject\",\"inLanguage\":\"da-DK\",\"@id\":\"https:\\\/\\\/becooltravel.com\\\/product\\\/relax-in-tavira-8-days-8300pk\\\/#primaryimage\",\"url\":\"https:\\\/\\\/i0.wp.com\\\/becooltravel.com\\\/wp-content\\\/uploads\\\/sites\\\/5\\\/2020\\\/05\\\/Colorful-tipical-houses-in-Tavira.jpg?fit=1067%2C800&ssl=1\",\"contentUrl\":\"https:\\\/\\\/i0.wp.com\\\/becooltravel.com\\\/wp-content\\\/uploads\\\/sites\\\/5\\\/2020\\\/05\\\/Colorful-tipical-houses-in-Tavira.jpg?fit=1067%2C800&ssl=1\",\"width\":1067,\"height\":800,\"caption\":\"Colorful tipical houses in Tavira\"},{\"@type\":\"BreadcrumbList\",\"@id\":\"https:\\\/\\\/becooltravel.com\\\/product\\\/relax-in-tavira-8-days-8300pk\\\/#breadcrumb\",\"itemListElement\":[{\"@type\":\"ListItem\",\"position\":1,\"name\":\"Home\",\"item\":\"https:\\\/\\\/becooltravel.com\\\/\"},{\"@type\":\"ListItem\",\"position\":2,\"name\":\"Shop\",\"item\":\"https:\\\/\\\/becooltravel.com\\\/?page_id=5\"},{\"@type\":\"ListItem\",\"position\":3,\"name\":\"Algarve holidays . You can use\u00a0footpaths and walking\u00a0 trails\u00a0to get to know the region, such as the\u00a0Algarve Way\u00a0or the\u00a0Vicentine Route along one of the best preserved coastal stretches.\",\"item\":\"https:\\\/\\\/becooltravel.com\\\/product-tag\\\/algarve\\\/\"},{\"@type\":\"ListItem\",\"position\":4,\"name\":\"Relax In Tavira\"}]},{\"@type\":\"WebSite\",\"@id\":\"https:\\\/\\\/becooltravel.com\\\/#website\",\"url\":\"https:\\\/\\\/becooltravel.com\\\/\",\"name\":\"BeCool Travel\",\"description\":\"Sustainable holidays in Portugal for independent travelers\",\"publisher\":{\"@id\":\"https:\\\/\\\/becooltravel.com\\\/#organization\"},\"potentialAction\":[{\"@type\":\"SearchAction\",\"target\":{\"@type\":\"EntryPoint\",\"urlTemplate\":\"https:\\\/\\\/becooltravel.com\\\/?s={search_term_string}\"},\"query-input\":{\"@type\":\"PropertyValueSpecification\",\"valueRequired\":true,\"valueName\":\"search_term_string\"}}],\"inLanguage\":\"da-DK\"},{\"@type\":\"Organization\",\"@id\":\"https:\\\/\\\/becooltravel.com\\\/#organization\",\"name\":\"BecoolTravel. com- Portugal\",\"url\":\"https:\\\/\\\/becooltravel.com\\\/\",\"logo\":{\"@type\":\"ImageObject\",\"inLanguage\":\"da-DK\",\"@id\":\"https:\\\/\\\/becooltravel.com\\\/#\\\/schema\\\/logo\\\/image\\\/\",\"url\":\"https:\\\/\\\/becooltravel.com\\\/wp-content\\\/uploads\\\/sites\\\/5\\\/2020\\\/03\\\/Logo_BeCool.jpg\",\"contentUrl\":\"https:\\\/\\\/becooltravel.com\\\/wp-content\\\/uploads\\\/sites\\\/5\\\/2020\\\/03\\\/Logo_BeCool.jpg\",\"width\":534,\"height\":534,\"caption\":\"BecoolTravel. com- Portugal\"},\"image\":{\"@id\":\"https:\\\/\\\/becooltravel.com\\\/#\\\/schema\\\/logo\\\/image\\\/\"},\"sameAs\":[\"https:\\\/\\\/www.facebook.com\\\/becooltravelagency\\\/\",\"https:\\\/\\\/x.com\\\/becool_travel\",\"https:\\\/\\\/www.instagram.com\\\/becooltravel_com\\\/\",\"https:\\\/\\\/www.linkedin.com\\\/company\\\/becool-travel\\\/\",\"https:\\\/\\\/www.youtube.com\\\/channel\\\/UCE7zRU3EVG1PgfXwQo-5uJw\"]}]}<\/script>\n<!-- \/ Yoast SEO Premium plugin. -->","yoast_head_json":{"title":"Slap af i Tavira","description":"I Tavira er der en kombination af ingredienser fra kysten og landskabet. Fra havet kommer den friskeste fisk og skaldyr, kogt med enkelhed og respekt, parret med salater krydret med en af de bedste olivenolier i verden.","robots":{"index":"index","follow":"follow","max-snippet":"max-snippet:-1","max-image-preview":"max-image-preview:large","max-video-preview":"max-video-preview:-1"},"canonical":"https:\/\/becooltravel.com\/da\/vare\/slappe-af-i-tavira-8-dage-8300pk\/","og_locale":"da_DK","og_type":"article","og_title":"Tavira, you'll surely have a relaxing time, with heritage, nature, stunning beaches, and fun activities!","og_description":"Tavira is a charming town in the East Algarve, not far from the border with Spain.Set in the margins of the River Gil\u00e3o, next to the Ria Formosa and an eight-mile-long beach, Tavira is a relaxing retreat!The town shows an alluring Portuguese appeal, with crisp white walls, fine azulejo tiles, and waves of triangular roofs.Along the quiet streets, layers of history can be witnessed, from doorways decorated with Islamic motifs to Baroque flourishes.","og_url":"https:\/\/becooltravel.com\/da\/vare\/slappe-af-i-tavira-8-dage-8300pk\/","og_site_name":"BeCool Travel","article_publisher":"https:\/\/www.facebook.com\/becooltravelagency\/","article_modified_time":"2026-03-18T13:37:25+00:00","og_image":[{"width":1200,"height":800,"url":"https:\/\/becooltravel.com\/wp-content\/uploads\/sites\/5\/2020\/06\/Tavira_river_Gilao.jpg","type":"image\/jpeg"}],"twitter_card":"summary_large_image","twitter_title":"Tavira, you'll surely have a relaxing time, with heritage, nature, stunning beaches, and fun activities!","twitter_description":"Tavira is a charming town in the East Algarve, not far from the border with Spain.Set in the margins of the River Gil\u00e3o, next to the Ria Formosa and an eight-mile-long beach, Tavira is a relaxing retreat!The town shows an alluring Portuguese appeal, with crisp white walls, fine azulejo tiles, and waves of triangular roofs.Along the quiet streets, layers of history can be witnessed, from doorways decorated with Islamic motifs to Baroque flourishes.","twitter_image":"https:\/\/i0.wp.com\/becooltravel.com\/wp-content\/uploads\/sites\/5\/2020\/05\/Roman-bridge-in-Tavira-Venice-of-Algarve-2.jpg?fit=1200%2C803&ssl=1","twitter_site":"@becool_travel","twitter_misc":{"Estimeret l\u00e6setid":"3 minutter"},"schema":{"@context":"https:\/\/schema.org","@graph":[{"@type":["WebPage","ItemPage"],"@id":"https:\/\/becooltravel.com\/product\/relax-in-tavira-8-days-8300pk\/","url":"https:\/\/becooltravel.com\/product\/relax-in-tavira-8-days-8300pk\/","name":"Slap af i Tavira","isPartOf":{"@id":"https:\/\/becooltravel.com\/#website"},"primaryImageOfPage":{"@id":"https:\/\/becooltravel.com\/product\/relax-in-tavira-8-days-8300pk\/#primaryimage"},"image":{"@id":"https:\/\/becooltravel.com\/product\/relax-in-tavira-8-days-8300pk\/#primaryimage"},"thumbnailUrl":"https:\/\/i0.wp.com\/becooltravel.com\/wp-content\/uploads\/sites\/5\/2020\/05\/Colorful-tipical-houses-in-Tavira.jpg?fit=1067%2C800&ssl=1","datePublished":"2020-03-06T18:54:55+00:00","dateModified":"2026-03-18T13:37:25+00:00","description":"I Tavira er der en kombination af ingredienser fra kysten og landskabet. Fra havet kommer den friskeste fisk og skaldyr, kogt med enkelhed og respekt, parret med salater krydret med en af de bedste olivenolier i verden.","breadcrumb":{"@id":"https:\/\/becooltravel.com\/product\/relax-in-tavira-8-days-8300pk\/#breadcrumb"},"inLanguage":"da-DK","potentialAction":[{"@type":"ReadAction","target":["https:\/\/becooltravel.com\/product\/relax-in-tavira-8-days-8300pk\/"]}]},{"@type":"ImageObject","inLanguage":"da-DK","@id":"https:\/\/becooltravel.com\/product\/relax-in-tavira-8-days-8300pk\/#primaryimage","url":"https:\/\/i0.wp.com\/becooltravel.com\/wp-content\/uploads\/sites\/5\/2020\/05\/Colorful-tipical-houses-in-Tavira.jpg?fit=1067%2C800&ssl=1","contentUrl":"https:\/\/i0.wp.com\/becooltravel.com\/wp-content\/uploads\/sites\/5\/2020\/05\/Colorful-tipical-houses-in-Tavira.jpg?fit=1067%2C800&ssl=1","width":1067,"height":800,"caption":"Colorful tipical houses in Tavira"},{"@type":"BreadcrumbList","@id":"https:\/\/becooltravel.com\/product\/relax-in-tavira-8-days-8300pk\/#breadcrumb","itemListElement":[{"@type":"ListItem","position":1,"name":"Home","item":"https:\/\/becooltravel.com\/"},{"@type":"ListItem","position":2,"name":"Shop","item":"https:\/\/becooltravel.com\/?page_id=5"},{"@type":"ListItem","position":3,"name":"Algarve holidays . You can use\u00a0footpaths and walking\u00a0 trails\u00a0to get to know the region, such as the\u00a0Algarve Way\u00a0or the\u00a0Vicentine Route along one of the best preserved coastal stretches.","item":"https:\/\/becooltravel.com\/product-tag\/algarve\/"},{"@type":"ListItem","position":4,"name":"Relax In Tavira"}]},{"@type":"WebSite","@id":"https:\/\/becooltravel.com\/#website","url":"https:\/\/becooltravel.com\/","name":"BeCool rejse","description":"B\u00e6redygtig ferie i Portugal for uafh\u00e6ngige rejsende","publisher":{"@id":"https:\/\/becooltravel.com\/#organization"},"potentialAction":[{"@type":"SearchAction","target":{"@type":"EntryPoint","urlTemplate":"https:\/\/becooltravel.com\/?s={search_term_string}"},"query-input":{"@type":"PropertyValueSpecification","valueRequired":true,"valueName":"search_term_string"}}],"inLanguage":"da-DK"},{"@type":"Organization","@id":"https:\/\/becooltravel.com\/#organization","name":"BecoolTravel. com- Portugal","url":"https:\/\/becooltravel.com\/","logo":{"@type":"ImageObject","inLanguage":"da-DK","@id":"https:\/\/becooltravel.com\/#\/schema\/logo\/image\/","url":"https:\/\/becooltravel.com\/wp-content\/uploads\/sites\/5\/2020\/03\/Logo_BeCool.jpg","contentUrl":"https:\/\/becooltravel.com\/wp-content\/uploads\/sites\/5\/2020\/03\/Logo_BeCool.jpg","width":534,"height":534,"caption":"BecoolTravel. com- Portugal"},"image":{"@id":"https:\/\/becooltravel.com\/#\/schema\/logo\/image\/"},"sameAs":["https:\/\/www.facebook.com\/becooltravelagency\/","https:\/\/x.com\/becool_travel","https:\/\/www.instagram.com\/becooltravel_com\/","https:\/\/www.linkedin.com\/company\/becool-travel\/","https:\/\/www.youtube.com\/channel\/UCE7zRU3EVG1PgfXwQo-5uJw"]}]}},"jetpack_sharing_enabled":true,"_links":{"self":[{"href":"https:\/\/becooltravel.com\/da\/wp-json\/wp\/v2\/product\/3726","targetHints":{"allow":["GET"]}}],"collection":[{"href":"https:\/\/becooltravel.com\/da\/wp-json\/wp\/v2\/product"}],"about":[{"href":"https:\/\/becooltravel.com\/da\/wp-json\/wp\/v2\/types\/product"}],"replies":[{"embeddable":true,"href":"https:\/\/becooltravel.com\/da\/wp-json\/wp\/v2\/comments?post=3726"}],"wp:featuredmedia":[{"embeddable":true,"href":"https:\/\/becooltravel.com\/da\/wp-json\/wp\/v2\/media\/4629"}],"wp:attachment":[{"href":"https:\/\/becooltravel.com\/da\/wp-json\/wp\/v2\/media?parent=3726"}],"wp:term":[{"taxonomy":"product_brand","embeddable":true,"href":"https:\/\/becooltravel.com\/da\/wp-json\/wp\/v2\/product_brand?post=3726"},{"taxonomy":"product_cat","embeddable":true,"href":"https:\/\/becooltravel.com\/da\/wp-json\/wp\/v2\/product_cat?post=3726"},{"taxonomy":"product_tag","embeddable":true,"href":"https:\/\/becooltravel.com\/da\/wp-json\/wp\/v2\/product_tag?post=3726"}],"curies":[{"name":"wp","href":"https:\/\/api.w.org\/{rel}","templated":true}]}}