{"id":3732,"date":"2020-03-06T18:47:48","date_gmt":"2020-03-06T18:47:48","guid":{"rendered":"https:\/\/becooltravel.com\/product\/escape-to-tavira-4-days-4300pk\/"},"modified":"2026-03-18T13:47:03","modified_gmt":"2026-03-18T13:47:03","slug":"escape-to-tavira-4-days-4300pk","status":"publish","type":"product","link":"https:\/\/becooltravel.com\/da\/vare\/escape-to-tavira-4-days-4300pk\/","title":{"rendered":"Undslippe til Tavira"},"content":{"rendered":"<p>Tavira er en charmerende by i det \u00f8stlige Algarve, ikke langt fra gr\u00e6nsen til Spanien.<\/p>\n<p>Tavira ligger i udkanten af floden Gil\u00e3o ved siden af Ria Formosa og en otte kilometer lang strand.<\/p>\n<p>Byen viser en tiltr\u00e6kkende portugisisk appel med skarpe hvide v\u00e6gge, fine azulejo-fliser og b\u00f8lger af trekantede tage.<\/p>\n<div id=\"attachment_1782\" style=\"width: 810px\" class=\"wp-caption alignnone\"><img data-recalc-dims=\"1\" decoding=\"async\" aria-describedby=\"caption-attachment-1782\" class=\"wp-image-1782 size-full\" src=\"https:\/\/i0.wp.com\/legendatours.net\/wp-content\/uploads\/2020\/03\/Details-of-a-church-in-tavira.jpg?resize=800%2C1152&#038;ssl=1\" alt=\"Detaljer om en kirke i Tavira\" width=\"800\" height=\"1152\" \/><p id=\"caption-attachment-1782\" class=\"wp-caption-text\">Detaljer om en kirke i Tavira<\/p><\/div>\n<p>Langs de stille gader kan lag af historie v\u00e6re vidne til, fra d\u00f8r\u00e5bninger dekoreret med islamiske motiver til barokblomstrer.<\/p>\n<p>Fra ruinerne af slottet, omgivet af oleandere, jacarandaer og bougainvilleaer, f\u00e5r du en privilegeret udsigt over byens typiske tage og dens over 30 kirker.<\/p>\n<p>N\u00e5r du tager en b\u00e5d fra den travle fiskerihavn, forlader du floden for at krydse Ria Formosa-lagunens hovedkanal, et rigt naturreservat med enest\u00e5ende sk\u00f8nhed, perfekt til fuglekikkeri og naturobservation.<\/p>\n<div id=\"attachment_2024\" style=\"width: 1034px\" class=\"wp-caption alignnone\"><img data-recalc-dims=\"1\" decoding=\"async\" aria-describedby=\"caption-attachment-2024\" class=\"wp-image-2024 size-large\" src=\"https:\/\/i0.wp.com\/legendatours.net\/wp-content\/uploads\/2020\/03\/Fishing-boats-Tavira-1024x720.jpg?resize=1024%2C720&#038;ssl=1\" alt=\"Fiskerb\u00e5de i Tavira\" width=\"1024\" height=\"720\" \/><p id=\"caption-attachment-2024\" class=\"wp-caption-text\">Fiskerb\u00e5de i Tavira<\/p><\/div>\n<p>F\u00e6rgen slutter sin korte rejse p\u00e5 en af de bedste strande i verden, Tavira&#039;s Island. V\u00e6r forberedt p\u00e5 miles af gyldent sand og turkisbl\u00e5t vand, bel\u00f8nnet med et bl\u00e5t flag.<\/p>\n<p>Med kun et par restauranter og barer er det en fredelig og sikker strand.<\/p>\n<p>I omgivelserne, inden for kort afstand, kan du nyde et helt andet landskab og livsformer pr\u00e6get af marker med appelsintr\u00e6er, der er tung af blomsterduften.<\/p>\n<p>Spredte hvide huse med lacy skorstene viser en uovertruffen Algarve, hvor \u00f8rne sv\u00e6ver.<\/p>\n<p>Og n\u00e5r du er i Portugal, ved du, at du vil blive behandlet med fremragende mad og vin.<\/p>\n<div id=\"attachment_1776\" style=\"width: 1034px\" class=\"wp-caption alignnone\"><img data-recalc-dims=\"1\" decoding=\"async\" aria-describedby=\"caption-attachment-1776\" class=\"wp-image-1776 size-large\" src=\"https:\/\/i0.wp.com\/legendatours.net\/wp-content\/uploads\/2020\/03\/Anchor-cemetery-in-Barril-Beach-1024x687.jpg?resize=1024%2C687&#038;ssl=1\" alt=\"Ankerkirkeg\u00e5rd i Barril Beach Tavira\" width=\"1024\" height=\"687\" \/><p id=\"caption-attachment-1776\" class=\"wp-caption-text\">Ankerkirkeg\u00e5rd i Barril Beach Tavira<\/p><\/div>\n<p>I Tavira er der en kombination af ingredienser fra kysten og landskabet. Fra havet kommer den friskeste fisk og skaldyr, kogt med enkelhed og respekt, parret med salater krydret med en af de bedste olivenolier i verden.<\/p>\n<p>Hvis du er en k\u00f8delsker, bliver du ikke skuffet med gryderetter og grillede retter.<\/p>\n<p>Og slik er en uds\u00f8gt blanding af mandler, figner, honning og johannesbr\u00f8d, der er rigelige i omr\u00e5det.<\/p>\n<p>I Tavira har du helt sikkert en afslappende tid med arv, natur, fantastiske strande og sjove aktiviteter!<\/p>","protected":false},"excerpt":{"rendered":"<p>Tavira er en charmerende by i det \u00f8stlige Algarve, ikke langt fra gr\u00e6nsen til Spanien.<\/p>\n<p>Tavira ligger i udkanten af floden Gil\u00e3o ved siden af Ria Formosa og en otte kilometer lang strand.<\/p>\n<p>Byen viser en tiltr\u00e6kkende portugisisk appel med skarpe hvide v\u00e6gge, fine azulejo-fliser og b\u00f8lger af trekantede tage.<\/p>","protected":false},"featured_media":4614,"comment_status":"closed","ping_status":"closed","template":"","meta":{"_acf_changed":false,"inline_featured_image":false},"product_brand":[],"product_cat":[333,329],"product_tag":[618,311,242,131,607,619,620,621,181,622,609,471,610,611,623,613,252,138],"class_list":{"0":"post-3732","1":"product","2":"type-product","3":"status-publish","4":"has-post-thumbnail","6":"product_cat-escape-4-days-tour-portugal","7":"product_cat-holiday-packs-tours-portugal","8":"product_tag-4-days-tour","9":"product_tag-algarve","10":"product_tag-birdwatching","11":"product_tag-east-algarve","12":"product_tag-holidays","13":"product_tag-island-of-tavira","14":"product_tag-medieval-castle-of-tavira","15":"product_tag-old-town","16":"product_tag-ria-formosa-natural-park","17":"product_tag-sandy-beach","18":"product_tag-sightseeing","19":"product_tag-spoonbills","20":"product_tag-spring","21":"product_tag-summer","22":"product_tag-sun-beach","23":"product_tag-sunny-days","24":"product_tag-tavira","25":"product_tag-tavira-island","27":"first","28":"instock","29":"virtual","30":"product-type-simple"},"acf":[],"yoast_head":"<!-- This site is optimized with the Yoast SEO Premium plugin v26.8 (Yoast SEO v27.4) - https:\/\/yoast.com\/product\/yoast-seo-premium-wordpress\/ -->\n<title>Escape to Tavira<\/title>\n<meta name=\"description\" content=\"Tavira Set in the margins of the River Gil\u00e3o, next to the Ria Formosa and an eight-mile-long beach, Tavira is a relaxing retreat!The town shows an alluring Portuguese appeal, with crisp white walls, fine azulejo tiles, and waves of triangular roofs.\" \/>\n<meta name=\"robots\" content=\"index, follow, max-snippet:-1, max-image-preview:large, max-video-preview:-1\" \/>\n<link rel=\"canonical\" href=\"https:\/\/becooltravel.com\/da\/vare\/escape-to-tavira-4-days-4300pk\/\" \/>\n<meta property=\"og:locale\" content=\"da_DK\" \/>\n<meta property=\"og:type\" content=\"article\" \/>\n<meta property=\"og:title\" content=\"Tavira is a charming town in the East Algarve\" \/>\n<meta property=\"og:description\" content=\"Taking a boat from the bustling fishing port, you exit the river to cross the main channel of the Ria Formosa lagoon, a rich nature reserve of exceptional beauty, perfect for birdwatching and nature observation.The ferry ends its short journey in one of the best beaches in the world, Tavira\u2019s Island. Be prepared for miles of golden sand and turquoise waters, awarded with a Blue flag.\" \/>\n<meta property=\"og:url\" content=\"https:\/\/becooltravel.com\/da\/vare\/escape-to-tavira-4-days-4300pk\/\" \/>\n<meta property=\"og:site_name\" content=\"BeCool Travel\" \/>\n<meta property=\"article:publisher\" content=\"https:\/\/www.facebook.com\/becooltravelagency\/\" \/>\n<meta property=\"article:modified_time\" content=\"2026-03-18T13:47:03+00:00\" \/>\n<meta property=\"og:image\" content=\"https:\/\/becooltravel.com\/wp-content\/uploads\/sites\/5\/2020\/05\/Details-of-a-church-in-tavira.jpg\" \/>\n\t<meta property=\"og:image:width\" content=\"800\" \/>\n\t<meta property=\"og:image:height\" content=\"1152\" \/>\n\t<meta property=\"og:image:type\" content=\"image\/jpeg\" \/>\n<meta name=\"twitter:card\" content=\"summary_large_image\" \/>\n<meta name=\"twitter:title\" content=\"Tavira is a charming town in the East Algarve\" \/>\n<meta name=\"twitter:description\" content=\"Taking a boat from the bustling fishing port, you exit the river to cross the main channel of the Ria Formosa lagoon, a rich nature reserve of exceptional beauty, perfect for birdwatching and nature observation.The ferry ends its short journey in one of the best beaches in the world, Tavira\u2019s Island. Be prepared for miles of golden sand and turquoise waters, awarded with a Blue flag.\" \/>\n<meta name=\"twitter:image\" content=\"https:\/\/i0.wp.com\/becooltravel.com\/wp-content\/uploads\/sites\/5\/2020\/06\/Tavira_river_Gilao.jpg?fit=1200%2C800&ssl=1\" \/>\n<meta name=\"twitter:site\" content=\"@becool_travel\" \/>\n<meta name=\"twitter:label1\" content=\"Estimeret l\u00e6setid\" \/>\n\t<meta name=\"twitter:data1\" content=\"3 minutter\" \/>\n<script type=\"application\/ld+json\" class=\"yoast-schema-graph\">{\"@context\":\"https:\\\/\\\/schema.org\",\"@graph\":[{\"@type\":[\"WebPage\",\"ItemPage\"],\"@id\":\"https:\\\/\\\/becooltravel.com\\\/product\\\/escape-to-tavira-4-days-4300pk\\\/\",\"url\":\"https:\\\/\\\/becooltravel.com\\\/product\\\/escape-to-tavira-4-days-4300pk\\\/\",\"name\":\"Escape to Tavira\",\"isPartOf\":{\"@id\":\"https:\\\/\\\/becooltravel.com\\\/#website\"},\"primaryImageOfPage\":{\"@id\":\"https:\\\/\\\/becooltravel.com\\\/product\\\/escape-to-tavira-4-days-4300pk\\\/#primaryimage\"},\"image\":{\"@id\":\"https:\\\/\\\/becooltravel.com\\\/product\\\/escape-to-tavira-4-days-4300pk\\\/#primaryimage\"},\"thumbnailUrl\":\"https:\\\/\\\/i0.wp.com\\\/becooltravel.com\\\/wp-content\\\/uploads\\\/sites\\\/5\\\/2020\\\/05\\\/Roman-bridge-in-Tavira-Venice-of-Algarve-2.jpg?fit=1200%2C803&ssl=1\",\"datePublished\":\"2020-03-06T18:47:48+00:00\",\"dateModified\":\"2026-03-18T13:47:03+00:00\",\"description\":\"Tavira Set in the margins of the River Gil\u00e3o, next to the Ria Formosa and an eight-mile-long beach, Tavira is a relaxing retreat!The town shows an alluring Portuguese appeal, with crisp white walls, fine azulejo tiles, and waves of triangular roofs.\",\"breadcrumb\":{\"@id\":\"https:\\\/\\\/becooltravel.com\\\/product\\\/escape-to-tavira-4-days-4300pk\\\/#breadcrumb\"},\"inLanguage\":\"da-DK\",\"potentialAction\":[{\"@type\":\"ReadAction\",\"target\":[\"https:\\\/\\\/becooltravel.com\\\/product\\\/escape-to-tavira-4-days-4300pk\\\/\"]}]},{\"@type\":\"ImageObject\",\"inLanguage\":\"da-DK\",\"@id\":\"https:\\\/\\\/becooltravel.com\\\/product\\\/escape-to-tavira-4-days-4300pk\\\/#primaryimage\",\"url\":\"https:\\\/\\\/i0.wp.com\\\/becooltravel.com\\\/wp-content\\\/uploads\\\/sites\\\/5\\\/2020\\\/05\\\/Roman-bridge-in-Tavira-Venice-of-Algarve-2.jpg?fit=1200%2C803&ssl=1\",\"contentUrl\":\"https:\\\/\\\/i0.wp.com\\\/becooltravel.com\\\/wp-content\\\/uploads\\\/sites\\\/5\\\/2020\\\/05\\\/Roman-bridge-in-Tavira-Venice-of-Algarve-2.jpg?fit=1200%2C803&ssl=1\",\"width\":1200,\"height\":803,\"caption\":\"Roman bridge in Tavira Venice of Algarve\"},{\"@type\":\"BreadcrumbList\",\"@id\":\"https:\\\/\\\/becooltravel.com\\\/product\\\/escape-to-tavira-4-days-4300pk\\\/#breadcrumb\",\"itemListElement\":[{\"@type\":\"ListItem\",\"position\":1,\"name\":\"Home\",\"item\":\"https:\\\/\\\/becooltravel.com\\\/\"},{\"@type\":\"ListItem\",\"position\":2,\"name\":\"Shop\",\"item\":\"https:\\\/\\\/becooltravel.com\\\/?page_id=5\"},{\"@type\":\"ListItem\",\"position\":3,\"name\":\"4 days tours and itineraries in Portugal\",\"item\":\"https:\\\/\\\/becooltravel.com\\\/product-tag\\\/4-days-tour\\\/\"},{\"@type\":\"ListItem\",\"position\":4,\"name\":\"Escape to Tavira\"}]},{\"@type\":\"WebSite\",\"@id\":\"https:\\\/\\\/becooltravel.com\\\/#website\",\"url\":\"https:\\\/\\\/becooltravel.com\\\/\",\"name\":\"BeCool Travel\",\"description\":\"Sustainable holidays in Portugal for independent travelers\",\"publisher\":{\"@id\":\"https:\\\/\\\/becooltravel.com\\\/#organization\"},\"potentialAction\":[{\"@type\":\"SearchAction\",\"target\":{\"@type\":\"EntryPoint\",\"urlTemplate\":\"https:\\\/\\\/becooltravel.com\\\/?s={search_term_string}\"},\"query-input\":{\"@type\":\"PropertyValueSpecification\",\"valueRequired\":true,\"valueName\":\"search_term_string\"}}],\"inLanguage\":\"da-DK\"},{\"@type\":\"Organization\",\"@id\":\"https:\\\/\\\/becooltravel.com\\\/#organization\",\"name\":\"BecoolTravel. com- Portugal\",\"url\":\"https:\\\/\\\/becooltravel.com\\\/\",\"logo\":{\"@type\":\"ImageObject\",\"inLanguage\":\"da-DK\",\"@id\":\"https:\\\/\\\/becooltravel.com\\\/#\\\/schema\\\/logo\\\/image\\\/\",\"url\":\"https:\\\/\\\/becooltravel.com\\\/wp-content\\\/uploads\\\/sites\\\/5\\\/2020\\\/03\\\/Logo_BeCool.jpg\",\"contentUrl\":\"https:\\\/\\\/becooltravel.com\\\/wp-content\\\/uploads\\\/sites\\\/5\\\/2020\\\/03\\\/Logo_BeCool.jpg\",\"width\":534,\"height\":534,\"caption\":\"BecoolTravel. com- Portugal\"},\"image\":{\"@id\":\"https:\\\/\\\/becooltravel.com\\\/#\\\/schema\\\/logo\\\/image\\\/\"},\"sameAs\":[\"https:\\\/\\\/www.facebook.com\\\/becooltravelagency\\\/\",\"https:\\\/\\\/x.com\\\/becool_travel\",\"https:\\\/\\\/www.instagram.com\\\/becooltravel_com\\\/\",\"https:\\\/\\\/www.linkedin.com\\\/company\\\/becool-travel\\\/\",\"https:\\\/\\\/www.youtube.com\\\/channel\\\/UCE7zRU3EVG1PgfXwQo-5uJw\"]}]}<\/script>\n<!-- \/ Yoast SEO Premium plugin. -->","yoast_head_json":{"title":"Undslippe til Tavira","description":"Tavira Beliggende i kanten af floden Gil\u00e3o, ved siden af Ria Formosa og en otte kilometer lang strand, er Tavira et afslappende tilflugtssted! Byen viser en lokkende portugisisk appel med spr\u00f8de hvide v\u00e6gge, fine azulejo-fliser og b\u00f8lger af trekantede tage.","robots":{"index":"index","follow":"follow","max-snippet":"max-snippet:-1","max-image-preview":"max-image-preview:large","max-video-preview":"max-video-preview:-1"},"canonical":"https:\/\/becooltravel.com\/da\/vare\/escape-to-tavira-4-days-4300pk\/","og_locale":"da_DK","og_type":"article","og_title":"Tavira is a charming town in the East Algarve","og_description":"Taking a boat from the bustling fishing port, you exit the river to cross the main channel of the Ria Formosa lagoon, a rich nature reserve of exceptional beauty, perfect for birdwatching and nature observation.The ferry ends its short journey in one of the best beaches in the world, Tavira\u2019s Island. Be prepared for miles of golden sand and turquoise waters, awarded with a Blue flag.","og_url":"https:\/\/becooltravel.com\/da\/vare\/escape-to-tavira-4-days-4300pk\/","og_site_name":"BeCool Travel","article_publisher":"https:\/\/www.facebook.com\/becooltravelagency\/","article_modified_time":"2026-03-18T13:47:03+00:00","og_image":[{"width":800,"height":1152,"url":"https:\/\/becooltravel.com\/wp-content\/uploads\/sites\/5\/2020\/05\/Details-of-a-church-in-tavira.jpg","type":"image\/jpeg"}],"twitter_card":"summary_large_image","twitter_title":"Tavira is a charming town in the East Algarve","twitter_description":"Taking a boat from the bustling fishing port, you exit the river to cross the main channel of the Ria Formosa lagoon, a rich nature reserve of exceptional beauty, perfect for birdwatching and nature observation.The ferry ends its short journey in one of the best beaches in the world, Tavira\u2019s Island. Be prepared for miles of golden sand and turquoise waters, awarded with a Blue flag.","twitter_image":"https:\/\/i0.wp.com\/becooltravel.com\/wp-content\/uploads\/sites\/5\/2020\/06\/Tavira_river_Gilao.jpg?fit=1200%2C800&ssl=1","twitter_site":"@becool_travel","twitter_misc":{"Estimeret l\u00e6setid":"3 minutter"},"schema":{"@context":"https:\/\/schema.org","@graph":[{"@type":["WebPage","ItemPage"],"@id":"https:\/\/becooltravel.com\/product\/escape-to-tavira-4-days-4300pk\/","url":"https:\/\/becooltravel.com\/product\/escape-to-tavira-4-days-4300pk\/","name":"Undslippe til Tavira","isPartOf":{"@id":"https:\/\/becooltravel.com\/#website"},"primaryImageOfPage":{"@id":"https:\/\/becooltravel.com\/product\/escape-to-tavira-4-days-4300pk\/#primaryimage"},"image":{"@id":"https:\/\/becooltravel.com\/product\/escape-to-tavira-4-days-4300pk\/#primaryimage"},"thumbnailUrl":"https:\/\/i0.wp.com\/becooltravel.com\/wp-content\/uploads\/sites\/5\/2020\/05\/Roman-bridge-in-Tavira-Venice-of-Algarve-2.jpg?fit=1200%2C803&ssl=1","datePublished":"2020-03-06T18:47:48+00:00","dateModified":"2026-03-18T13:47:03+00:00","description":"Tavira Beliggende i kanten af floden Gil\u00e3o, ved siden af Ria Formosa og en otte kilometer lang strand, er Tavira et afslappende tilflugtssted! Byen viser en lokkende portugisisk appel med spr\u00f8de hvide v\u00e6gge, fine azulejo-fliser og b\u00f8lger af trekantede tage.","breadcrumb":{"@id":"https:\/\/becooltravel.com\/product\/escape-to-tavira-4-days-4300pk\/#breadcrumb"},"inLanguage":"da-DK","potentialAction":[{"@type":"ReadAction","target":["https:\/\/becooltravel.com\/product\/escape-to-tavira-4-days-4300pk\/"]}]},{"@type":"ImageObject","inLanguage":"da-DK","@id":"https:\/\/becooltravel.com\/product\/escape-to-tavira-4-days-4300pk\/#primaryimage","url":"https:\/\/i0.wp.com\/becooltravel.com\/wp-content\/uploads\/sites\/5\/2020\/05\/Roman-bridge-in-Tavira-Venice-of-Algarve-2.jpg?fit=1200%2C803&ssl=1","contentUrl":"https:\/\/i0.wp.com\/becooltravel.com\/wp-content\/uploads\/sites\/5\/2020\/05\/Roman-bridge-in-Tavira-Venice-of-Algarve-2.jpg?fit=1200%2C803&ssl=1","width":1200,"height":803,"caption":"Roman bridge in Tavira Venice of Algarve"},{"@type":"BreadcrumbList","@id":"https:\/\/becooltravel.com\/product\/escape-to-tavira-4-days-4300pk\/#breadcrumb","itemListElement":[{"@type":"ListItem","position":1,"name":"Home","item":"https:\/\/becooltravel.com\/"},{"@type":"ListItem","position":2,"name":"Shop","item":"https:\/\/becooltravel.com\/?page_id=5"},{"@type":"ListItem","position":3,"name":"4 days tours and itineraries in Portugal","item":"https:\/\/becooltravel.com\/product-tag\/4-days-tour\/"},{"@type":"ListItem","position":4,"name":"Escape to Tavira"}]},{"@type":"WebSite","@id":"https:\/\/becooltravel.com\/#website","url":"https:\/\/becooltravel.com\/","name":"BeCool rejse","description":"B\u00e6redygtig ferie i Portugal for uafh\u00e6ngige rejsende","publisher":{"@id":"https:\/\/becooltravel.com\/#organization"},"potentialAction":[{"@type":"SearchAction","target":{"@type":"EntryPoint","urlTemplate":"https:\/\/becooltravel.com\/?s={search_term_string}"},"query-input":{"@type":"PropertyValueSpecification","valueRequired":true,"valueName":"search_term_string"}}],"inLanguage":"da-DK"},{"@type":"Organization","@id":"https:\/\/becooltravel.com\/#organization","name":"BecoolTravel. com- Portugal","url":"https:\/\/becooltravel.com\/","logo":{"@type":"ImageObject","inLanguage":"da-DK","@id":"https:\/\/becooltravel.com\/#\/schema\/logo\/image\/","url":"https:\/\/becooltravel.com\/wp-content\/uploads\/sites\/5\/2020\/03\/Logo_BeCool.jpg","contentUrl":"https:\/\/becooltravel.com\/wp-content\/uploads\/sites\/5\/2020\/03\/Logo_BeCool.jpg","width":534,"height":534,"caption":"BecoolTravel. com- Portugal"},"image":{"@id":"https:\/\/becooltravel.com\/#\/schema\/logo\/image\/"},"sameAs":["https:\/\/www.facebook.com\/becooltravelagency\/","https:\/\/x.com\/becool_travel","https:\/\/www.instagram.com\/becooltravel_com\/","https:\/\/www.linkedin.com\/company\/becool-travel\/","https:\/\/www.youtube.com\/channel\/UCE7zRU3EVG1PgfXwQo-5uJw"]}]}},"jetpack_sharing_enabled":true,"_links":{"self":[{"href":"https:\/\/becooltravel.com\/da\/wp-json\/wp\/v2\/product\/3732","targetHints":{"allow":["GET"]}}],"collection":[{"href":"https:\/\/becooltravel.com\/da\/wp-json\/wp\/v2\/product"}],"about":[{"href":"https:\/\/becooltravel.com\/da\/wp-json\/wp\/v2\/types\/product"}],"replies":[{"embeddable":true,"href":"https:\/\/becooltravel.com\/da\/wp-json\/wp\/v2\/comments?post=3732"}],"wp:featuredmedia":[{"embeddable":true,"href":"https:\/\/becooltravel.com\/da\/wp-json\/wp\/v2\/media\/4614"}],"wp:attachment":[{"href":"https:\/\/becooltravel.com\/da\/wp-json\/wp\/v2\/media?parent=3732"}],"wp:term":[{"taxonomy":"product_brand","embeddable":true,"href":"https:\/\/becooltravel.com\/da\/wp-json\/wp\/v2\/product_brand?post=3732"},{"taxonomy":"product_cat","embeddable":true,"href":"https:\/\/becooltravel.com\/da\/wp-json\/wp\/v2\/product_cat?post=3732"},{"taxonomy":"product_tag","embeddable":true,"href":"https:\/\/becooltravel.com\/da\/wp-json\/wp\/v2\/product_tag?post=3732"}],"curies":[{"name":"wp","href":"https:\/\/api.w.org\/{rel}","templated":true}]}}