{"id":3734,"date":"2020-03-06T18:46:09","date_gmt":"2020-03-06T18:46:09","guid":{"rendered":"https:\/\/becooltravel.com\/product\/escape-to-albufeira-4-days-4100pk\/"},"modified":"2026-03-18T13:58:10","modified_gmt":"2026-03-18T13:58:10","slug":"escape-to-albufeira-4-days-4100pk","status":"publish","type":"product","link":"https:\/\/becooltravel.com\/da\/vare\/flugt-til-albufeira-4-dage-4100pk\/","title":{"rendered":"Undslippe til Albufeira"},"content":{"rendered":"<p>Albufeira er internationalt kendt for sine gyldne sandstrande og turkisbl\u00e5 vand, beskyttet af stenede okkerklipper.<\/p>\n<p>Landskabet tiltr\u00e6kker et v\u00e6ld af bes\u00f8gende, der elsker at solbade om dagen. N\u00e5r solen g\u00e5r ned, begynder festen med smukke mennesker, der str\u00f8mmer sammen for at nyde restauranterne, barerne, terrasserne og det episke Albufeira natteliv.<\/p>\n<div id=\"attachment_2368\" style=\"width: 1034px\" class=\"wp-caption alignnone\"><img data-recalc-dims=\"1\" decoding=\"async\" aria-describedby=\"caption-attachment-2368\" class=\"wp-image-2368 size-large\" src=\"https:\/\/i0.wp.com\/legendatours.net\/wp-content\/uploads\/2020\/06\/Albufeira_lovely_beaches-1024x683.jpg?resize=1024%2C683&#038;ssl=1\" alt=\"Albufeira dejlige strande\" width=\"1024\" height=\"683\" \/><p id=\"caption-attachment-2368\" class=\"wp-caption-text\">Albufeira dejlige strande<\/p><\/div>\n<p>Afrund dine dage med fritid og afslapning p\u00e5 en terrasse med udsigt over havet med en frisk drink p\u00e5 h\u00e5nden for at fejre det gode liv!<\/p>\n<p>Strandstranden i Albufeira er meget indbydende til vandsport, lige fra windsurfing, dykning eller sejlads. En b\u00e5dtur rundt om hulerne er en vidunderlig mulighed for en anden dag med bes\u00f8g p\u00e5 afsides strande, der kun er tilg\u00e6ngelige ad s\u00f8vejen.<\/p>\n<p>Albufeira er perfekt ikke kun for folk, der l\u00e6nges efter sol og hvile. Mange golfbaner str\u00e6kker sig n\u00e6sten til havet, og alle mulige sjove aktiviteter er tilg\u00e6ngelige, s\u00e5som ridning i skyggen af fyrretr\u00e6erne.<\/p>\n<p>At v\u00e6re et popul\u00e6rt feriested, Albufeira vrimler med bybutikker og kunst- og h\u00e5ndv\u00e6rksbutikker, hvor du stadig kan finde \u00e6gthed i lokale h\u00e5ndv\u00e6rkeres arbejde. Disse genstande lavet af ler, palme blade, kobber og blonder f\u00f8lger \u00e5rhundreder gamle traditioner.<\/p>\n<div id=\"attachment_1993\" style=\"width: 1034px\" class=\"wp-caption alignnone\"><img data-recalc-dims=\"1\" decoding=\"async\" aria-describedby=\"caption-attachment-1993\" class=\"wp-image-1993 size-large\" src=\"https:\/\/i0.wp.com\/legendatours.net\/wp-content\/uploads\/2020\/03\/albufeira_nightlife-1024x681.jpg?resize=1024%2C681&#038;ssl=1\" alt=\"Ferier i Albufeira\" width=\"1024\" height=\"681\" \/><p id=\"caption-attachment-1993\" class=\"wp-caption-text\">Ferier i Albufeira<\/p><\/div>\n<p>Albufeira charme slutter ikke her. I det frugtbare gr\u00f8nne landskab ligger et duftende landskab overs\u00e5et med mandel-, figen-, appelsin- og fyrretr\u00e6er.<\/p>\n<p>De blonderede typiske skorstene, en arv fra maurisk arkitektur, skiller sig ud mod det r\u00f8de af flisetage og den bl\u00e5 himmel.<\/p>\n<p>S\u00f8vnige hvidkalkede landsbyer inviterer dig til at opleve en livsstil forbundet med naturen og tilf\u00f8je en anden dimension til din ferie i Algarve.<\/p>\n<p>Sidst, men bestemt ikke mindst, overgiv dig selv til den fremragende portugisiske mad og vin. Fra frisk fisk og skaldyr til de s\u00f8de lokale delikatesser af mandler, honning og figner, vil du blive fork\u00e6let med valg!<\/p>","protected":false},"excerpt":{"rendered":"<p>Albufeira er internationalt kendt for sine gyldne sandstrande og turkisbl\u00e5 vand, beskyttet af stenede okkerklipper.<\/p>\n<p>Landskabet tiltr\u00e6kker et v\u00e6ld af bes\u00f8gende, der elsker at solbade om dagen. N\u00e5r solen g\u00e5r ned, begynder festen med smukke mennesker, der str\u00f8mmer sammen for at nyde restauranterne, barerne, terrasserne og det episke Albufeira natteliv.<\/p>\n<p>Afrund dine dage med fritid og afslapning p\u00e5 en terrasse med udsigt over havet med en frisk drink p\u00e5 h\u00e5nden for at fejre det gode liv!<\/p>","protected":false},"featured_media":4799,"comment_status":"closed","ping_status":"closed","template":"","meta":{"_acf_changed":false,"inline_featured_image":false},"product_brand":[],"product_cat":[333,329],"product_tag":[530,311,604,605,531,532,533,606,607,58,608,609,610,611,612,613,614,615],"class_list":{"0":"post-3734","1":"product","2":"type-product","3":"status-publish","4":"has-post-thumbnail","6":"product_cat-escape-4-days-tour-portugal","7":"product_cat-holiday-packs-tours-portugal","8":"product_tag-albufeira","9":"product_tag-algarve","10":"product_tag-autumn","11":"product_tag-bars","12":"product_tag-beaches-of-albufeira","13":"product_tag-blue-beaches","14":"product_tag-escape","15":"product_tag-gastronomy","16":"product_tag-holidays","17":"product_tag-portugal","18":"product_tag-relax","19":"product_tag-sightseeing","20":"product_tag-spring","21":"product_tag-summer","22":"product_tag-sun-and-beach","23":"product_tag-sunny-days","24":"product_tag-vacations","25":"product_tag-winter","27":"first","28":"instock","29":"virtual","30":"product-type-simple"},"acf":[],"yoast_head":"<!-- This site is optimized with the Yoast SEO Premium plugin v26.8 (Yoast SEO v27.5) - https:\/\/yoast.com\/product\/yoast-seo-premium-wordpress\/ -->\n<title>Escape to Albufeira<\/title>\n<meta name=\"description\" content=\"Albufeira surrender yourself to the excellent Portuguese food and wines. From the fresh fish and shellfish to the sweet local delicacies of almonds, honey, and figs, you will be spoilt for choice!\" \/>\n<meta name=\"robots\" content=\"index, follow, max-snippet:-1, max-image-preview:large, max-video-preview:-1\" \/>\n<link rel=\"canonical\" href=\"https:\/\/becooltravel.com\/da\/vare\/flugt-til-albufeira-4-dage-4100pk\/\" \/>\n<meta property=\"og:locale\" content=\"da_DK\" \/>\n<meta property=\"og:type\" content=\"article\" \/>\n<meta property=\"og:title\" content=\"Escape to Albufeira\" \/>\n<meta property=\"og:description\" content=\"Albufeira surrender yourself to the excellent Portuguese food and wines. From the fresh fish and shellfish to the sweet local delicacies of almonds, honey, and figs, you will be spoilt for choice!\" \/>\n<meta property=\"og:url\" content=\"https:\/\/becooltravel.com\/da\/vare\/flugt-til-albufeira-4-dage-4100pk\/\" \/>\n<meta property=\"og:site_name\" content=\"BeCool Travel\" \/>\n<meta property=\"article:publisher\" content=\"https:\/\/www.facebook.com\/becooltravelagency\/\" \/>\n<meta property=\"article:modified_time\" content=\"2026-03-18T13:58:10+00:00\" \/>\n<meta property=\"og:image\" content=\"https:\/\/becooltravel.com\/wp-content\/uploads\/sites\/5\/2020\/05\/Albufeira_beach.jpg\" \/>\n\t<meta property=\"og:image:width\" content=\"1022\" \/>\n\t<meta property=\"og:image:height\" content=\"800\" \/>\n\t<meta property=\"og:image:type\" content=\"image\/jpeg\" \/>\n<meta name=\"twitter:card\" content=\"summary_large_image\" \/>\n<meta name=\"twitter:site\" content=\"@becool_travel\" \/>\n<meta name=\"twitter:label1\" content=\"Estimeret l\u00e6setid\" \/>\n\t<meta name=\"twitter:data1\" content=\"2 minutter\" \/>\n<script type=\"application\/ld+json\" class=\"yoast-schema-graph\">{\"@context\":\"https:\\\/\\\/schema.org\",\"@graph\":[{\"@type\":[\"WebPage\",\"ItemPage\"],\"@id\":\"https:\\\/\\\/becooltravel.com\\\/product\\\/escape-to-albufeira-4-days-4100pk\\\/\",\"url\":\"https:\\\/\\\/becooltravel.com\\\/product\\\/escape-to-albufeira-4-days-4100pk\\\/\",\"name\":\"Escape to Albufeira\",\"isPartOf\":{\"@id\":\"https:\\\/\\\/becooltravel.com\\\/#website\"},\"primaryImageOfPage\":{\"@id\":\"https:\\\/\\\/becooltravel.com\\\/product\\\/escape-to-albufeira-4-days-4100pk\\\/#primaryimage\"},\"image\":{\"@id\":\"https:\\\/\\\/becooltravel.com\\\/product\\\/escape-to-albufeira-4-days-4100pk\\\/#primaryimage\"},\"thumbnailUrl\":\"https:\\\/\\\/i0.wp.com\\\/becooltravel.com\\\/wp-content\\\/uploads\\\/sites\\\/5\\\/2020\\\/05\\\/Albufeira_beach.jpg?fit=1022%2C800&ssl=1\",\"datePublished\":\"2020-03-06T18:46:09+00:00\",\"dateModified\":\"2026-03-18T13:58:10+00:00\",\"description\":\"Albufeira surrender yourself to the excellent Portuguese food and wines. From the fresh fish and shellfish to the sweet local delicacies of almonds, honey, and figs, you will be spoilt for choice!\",\"breadcrumb\":{\"@id\":\"https:\\\/\\\/becooltravel.com\\\/product\\\/escape-to-albufeira-4-days-4100pk\\\/#breadcrumb\"},\"inLanguage\":\"da-DK\",\"potentialAction\":[{\"@type\":\"ReadAction\",\"target\":[\"https:\\\/\\\/becooltravel.com\\\/product\\\/escape-to-albufeira-4-days-4100pk\\\/\"]}]},{\"@type\":\"ImageObject\",\"inLanguage\":\"da-DK\",\"@id\":\"https:\\\/\\\/becooltravel.com\\\/product\\\/escape-to-albufeira-4-days-4100pk\\\/#primaryimage\",\"url\":\"https:\\\/\\\/i0.wp.com\\\/becooltravel.com\\\/wp-content\\\/uploads\\\/sites\\\/5\\\/2020\\\/05\\\/Albufeira_beach.jpg?fit=1022%2C800&ssl=1\",\"contentUrl\":\"https:\\\/\\\/i0.wp.com\\\/becooltravel.com\\\/wp-content\\\/uploads\\\/sites\\\/5\\\/2020\\\/05\\\/Albufeira_beach.jpg?fit=1022%2C800&ssl=1\",\"width\":1022,\"height\":800,\"caption\":\"Holidays in Albufeira\"},{\"@type\":\"BreadcrumbList\",\"@id\":\"https:\\\/\\\/becooltravel.com\\\/product\\\/escape-to-albufeira-4-days-4100pk\\\/#breadcrumb\",\"itemListElement\":[{\"@type\":\"ListItem\",\"position\":1,\"name\":\"Home\",\"item\":\"https:\\\/\\\/becooltravel.com\\\/\"},{\"@type\":\"ListItem\",\"position\":2,\"name\":\"Shop\",\"item\":\"https:\\\/\\\/becooltravel.com\\\/?page_id=5\"},{\"@type\":\"ListItem\",\"position\":3,\"name\":\"Albufeira Algarve Portugal\",\"item\":\"https:\\\/\\\/becooltravel.com\\\/da\\\/produkt-tag-6\\\/albufeira\\\/\"},{\"@type\":\"ListItem\",\"position\":4,\"name\":\"Escape to Albufeira\"}]},{\"@type\":\"WebSite\",\"@id\":\"https:\\\/\\\/becooltravel.com\\\/#website\",\"url\":\"https:\\\/\\\/becooltravel.com\\\/\",\"name\":\"BeCool Travel\",\"description\":\"Sustainable holidays in Portugal for independent travelers\",\"publisher\":{\"@id\":\"https:\\\/\\\/becooltravel.com\\\/#organization\"},\"potentialAction\":[{\"@type\":\"SearchAction\",\"target\":{\"@type\":\"EntryPoint\",\"urlTemplate\":\"https:\\\/\\\/becooltravel.com\\\/?s={search_term_string}\"},\"query-input\":{\"@type\":\"PropertyValueSpecification\",\"valueRequired\":true,\"valueName\":\"search_term_string\"}}],\"inLanguage\":\"da-DK\"},{\"@type\":\"Organization\",\"@id\":\"https:\\\/\\\/becooltravel.com\\\/#organization\",\"name\":\"BecoolTravel. com- Portugal\",\"url\":\"https:\\\/\\\/becooltravel.com\\\/\",\"logo\":{\"@type\":\"ImageObject\",\"inLanguage\":\"da-DK\",\"@id\":\"https:\\\/\\\/becooltravel.com\\\/#\\\/schema\\\/logo\\\/image\\\/\",\"url\":\"https:\\\/\\\/becooltravel.com\\\/wp-content\\\/uploads\\\/sites\\\/5\\\/2020\\\/03\\\/Logo_BeCool.jpg\",\"contentUrl\":\"https:\\\/\\\/becooltravel.com\\\/wp-content\\\/uploads\\\/sites\\\/5\\\/2020\\\/03\\\/Logo_BeCool.jpg\",\"width\":534,\"height\":534,\"caption\":\"BecoolTravel. com- Portugal\"},\"image\":{\"@id\":\"https:\\\/\\\/becooltravel.com\\\/#\\\/schema\\\/logo\\\/image\\\/\"},\"sameAs\":[\"https:\\\/\\\/www.facebook.com\\\/becooltravelagency\\\/\",\"https:\\\/\\\/x.com\\\/becool_travel\",\"https:\\\/\\\/www.instagram.com\\\/becooltravel_com\\\/\",\"https:\\\/\\\/www.linkedin.com\\\/company\\\/becool-travel\\\/\",\"https:\\\/\\\/www.youtube.com\\\/channel\\\/UCE7zRU3EVG1PgfXwQo-5uJw\"]}]}<\/script>\n<!-- \/ Yoast SEO Premium plugin. -->","yoast_head_json":{"title":"Undslippe til Albufeira","description":"Albufeira overgive dig til den fremragende portugisiske mad og vin. Fra frisk fisk og skaldyr til de s\u00f8de lokale delikatesser af mandler, honning og figner, vil du blive fork\u00e6let med valg!","robots":{"index":"index","follow":"follow","max-snippet":"max-snippet:-1","max-image-preview":"max-image-preview:large","max-video-preview":"max-video-preview:-1"},"canonical":"https:\/\/becooltravel.com\/da\/vare\/flugt-til-albufeira-4-dage-4100pk\/","og_locale":"da_DK","og_type":"article","og_title":"Escape to Albufeira","og_description":"Albufeira surrender yourself to the excellent Portuguese food and wines. From the fresh fish and shellfish to the sweet local delicacies of almonds, honey, and figs, you will be spoilt for choice!","og_url":"https:\/\/becooltravel.com\/da\/vare\/flugt-til-albufeira-4-dage-4100pk\/","og_site_name":"BeCool Travel","article_publisher":"https:\/\/www.facebook.com\/becooltravelagency\/","article_modified_time":"2026-03-18T13:58:10+00:00","og_image":[{"width":1022,"height":800,"url":"https:\/\/becooltravel.com\/wp-content\/uploads\/sites\/5\/2020\/05\/Albufeira_beach.jpg","type":"image\/jpeg"}],"twitter_card":"summary_large_image","twitter_site":"@becool_travel","twitter_misc":{"Estimeret l\u00e6setid":"2 minutter"},"schema":{"@context":"https:\/\/schema.org","@graph":[{"@type":["WebPage","ItemPage"],"@id":"https:\/\/becooltravel.com\/product\/escape-to-albufeira-4-days-4100pk\/","url":"https:\/\/becooltravel.com\/product\/escape-to-albufeira-4-days-4100pk\/","name":"Undslippe til Albufeira","isPartOf":{"@id":"https:\/\/becooltravel.com\/#website"},"primaryImageOfPage":{"@id":"https:\/\/becooltravel.com\/product\/escape-to-albufeira-4-days-4100pk\/#primaryimage"},"image":{"@id":"https:\/\/becooltravel.com\/product\/escape-to-albufeira-4-days-4100pk\/#primaryimage"},"thumbnailUrl":"https:\/\/i0.wp.com\/becooltravel.com\/wp-content\/uploads\/sites\/5\/2020\/05\/Albufeira_beach.jpg?fit=1022%2C800&ssl=1","datePublished":"2020-03-06T18:46:09+00:00","dateModified":"2026-03-18T13:58:10+00:00","description":"Albufeira overgive dig til den fremragende portugisiske mad og vin. Fra frisk fisk og skaldyr til de s\u00f8de lokale delikatesser af mandler, honning og figner, vil du blive fork\u00e6let med valg!","breadcrumb":{"@id":"https:\/\/becooltravel.com\/product\/escape-to-albufeira-4-days-4100pk\/#breadcrumb"},"inLanguage":"da-DK","potentialAction":[{"@type":"ReadAction","target":["https:\/\/becooltravel.com\/product\/escape-to-albufeira-4-days-4100pk\/"]}]},{"@type":"ImageObject","inLanguage":"da-DK","@id":"https:\/\/becooltravel.com\/product\/escape-to-albufeira-4-days-4100pk\/#primaryimage","url":"https:\/\/i0.wp.com\/becooltravel.com\/wp-content\/uploads\/sites\/5\/2020\/05\/Albufeira_beach.jpg?fit=1022%2C800&ssl=1","contentUrl":"https:\/\/i0.wp.com\/becooltravel.com\/wp-content\/uploads\/sites\/5\/2020\/05\/Albufeira_beach.jpg?fit=1022%2C800&ssl=1","width":1022,"height":800,"caption":"Holidays in Albufeira"},{"@type":"BreadcrumbList","@id":"https:\/\/becooltravel.com\/product\/escape-to-albufeira-4-days-4100pk\/#breadcrumb","itemListElement":[{"@type":"ListItem","position":1,"name":"Home","item":"https:\/\/becooltravel.com\/"},{"@type":"ListItem","position":2,"name":"Shop","item":"https:\/\/becooltravel.com\/?page_id=5"},{"@type":"ListItem","position":3,"name":"Albufeira Algarve Portugal","item":"https:\/\/becooltravel.com\/da\/produkt-tag-6\/albufeira\/"},{"@type":"ListItem","position":4,"name":"Escape to Albufeira"}]},{"@type":"WebSite","@id":"https:\/\/becooltravel.com\/#website","url":"https:\/\/becooltravel.com\/","name":"BeCool rejse","description":"B\u00e6redygtig ferie i Portugal for uafh\u00e6ngige rejsende","publisher":{"@id":"https:\/\/becooltravel.com\/#organization"},"potentialAction":[{"@type":"SearchAction","target":{"@type":"EntryPoint","urlTemplate":"https:\/\/becooltravel.com\/?s={search_term_string}"},"query-input":{"@type":"PropertyValueSpecification","valueRequired":true,"valueName":"search_term_string"}}],"inLanguage":"da-DK"},{"@type":"Organization","@id":"https:\/\/becooltravel.com\/#organization","name":"BecoolTravel. com- Portugal","url":"https:\/\/becooltravel.com\/","logo":{"@type":"ImageObject","inLanguage":"da-DK","@id":"https:\/\/becooltravel.com\/#\/schema\/logo\/image\/","url":"https:\/\/becooltravel.com\/wp-content\/uploads\/sites\/5\/2020\/03\/Logo_BeCool.jpg","contentUrl":"https:\/\/becooltravel.com\/wp-content\/uploads\/sites\/5\/2020\/03\/Logo_BeCool.jpg","width":534,"height":534,"caption":"BecoolTravel. com- Portugal"},"image":{"@id":"https:\/\/becooltravel.com\/#\/schema\/logo\/image\/"},"sameAs":["https:\/\/www.facebook.com\/becooltravelagency\/","https:\/\/x.com\/becool_travel","https:\/\/www.instagram.com\/becooltravel_com\/","https:\/\/www.linkedin.com\/company\/becool-travel\/","https:\/\/www.youtube.com\/channel\/UCE7zRU3EVG1PgfXwQo-5uJw"]}]}},"jetpack_sharing_enabled":true,"_links":{"self":[{"href":"https:\/\/becooltravel.com\/da\/wp-json\/wp\/v2\/product\/3734","targetHints":{"allow":["GET"]}}],"collection":[{"href":"https:\/\/becooltravel.com\/da\/wp-json\/wp\/v2\/product"}],"about":[{"href":"https:\/\/becooltravel.com\/da\/wp-json\/wp\/v2\/types\/product"}],"replies":[{"embeddable":true,"href":"https:\/\/becooltravel.com\/da\/wp-json\/wp\/v2\/comments?post=3734"}],"wp:featuredmedia":[{"embeddable":true,"href":"https:\/\/becooltravel.com\/da\/wp-json\/wp\/v2\/media\/4799"}],"wp:attachment":[{"href":"https:\/\/becooltravel.com\/da\/wp-json\/wp\/v2\/media?parent=3734"}],"wp:term":[{"taxonomy":"product_brand","embeddable":true,"href":"https:\/\/becooltravel.com\/da\/wp-json\/wp\/v2\/product_brand?post=3734"},{"taxonomy":"product_cat","embeddable":true,"href":"https:\/\/becooltravel.com\/da\/wp-json\/wp\/v2\/product_cat?post=3734"},{"taxonomy":"product_tag","embeddable":true,"href":"https:\/\/becooltravel.com\/da\/wp-json\/wp\/v2\/product_tag?post=3734"}],"curies":[{"name":"wp","href":"https:\/\/api.w.org\/{rel}","templated":true}]}}