{"id":3743,"date":"2020-03-06T16:08:29","date_gmt":"2020-03-06T16:08:29","guid":{"rendered":"https:\/\/becooltravel.com\/product\/sightseeing-tour-in-lisbon-5-days-6100s\/"},"modified":"2026-03-18T12:27:25","modified_gmt":"2026-03-18T12:27:25","slug":"sightseeing-tour-in-lisbon-5-days-6100s","status":"publish","type":"product","link":"https:\/\/becooltravel.com\/da\/vare\/sightseeing-tur-i-lisbon-5-dage-6100-tallet\/","title":{"rendered":"Ferier i Lissabon, Riverside Gem"},"content":{"rendered":"<p>Omgivet af tradition og velsignet med modernitet, er Lissabons syv bakker d\u00e6kket af lag af historie og arv.<\/p>\n<p>Byen er blevet en popul\u00e6r europ\u00e6isk destination for sin sp\u00e6ndende mangfoldighed, vintage sporvogne, brostensbelagte gader, Fado-sange, majest\u00e6tiske azulejo-smykkede arkitektur og et misundelsesv\u00e6rdigt klima.<\/p>\n<p>Tag denne tur og oplev alle de perler, denne tiltalende by har at byde p\u00e5!<\/p>\n<div id=\"attachment_2504\" style=\"width: 1034px\" class=\"wp-caption alignnone\"><img data-recalc-dims=\"1\" decoding=\"async\" aria-describedby=\"caption-attachment-2504\" class=\"wp-image-2504 size-large\" src=\"https:\/\/i0.wp.com\/legendatours.net\/wp-content\/uploads\/2020\/03\/belem_tower-1024x716.jpg?resize=1024%2C716&#038;ssl=1\" alt=\"Portugals UNESCOs verdensarvssteder\" width=\"1024\" height=\"716\" \/><p id=\"caption-attachment-2504\" class=\"wp-caption-text\">Belem-t\u00e5rnet, officielt Saint Vincent-t\u00e5rnet, er en bef\u00e6stning fra det 16. \u00e5rhundrede beliggende i Lissabon, der tjente som et punkt for ind- og udstigning.<\/p><\/div>\n<p>Lyset fra Lissabon, sunget af digtere og forfattere og ud\u00f8deliggjort af malere, fotografer, filmskabere og andre kunstnere, betragtes bredt som et immaterielt ikon for byen.<\/p>\n<p>Dette tilf\u00f8jer et lag af charme til den allerede yndefulde by, der breder sig langs kanten af floden Tejo.<\/p>\n<div id=\"attachment_2502\" style=\"width: 1034px\" class=\"wp-caption alignnone\"><img data-recalc-dims=\"1\" decoding=\"async\" aria-describedby=\"caption-attachment-2502\" class=\"wp-image-2502 size-large\" src=\"https:\/\/i0.wp.com\/legendatours.net\/wp-content\/uploads\/2020\/03\/Lisbon_sightseeing-1024x684.jpg?resize=1024%2C684&#038;ssl=1\" alt=\"Sightseeing i Lissabon - Bica-elevatorvogn\" width=\"1024\" height=\"684\" \/><p id=\"caption-attachment-2502\" class=\"wp-caption-text\">Sightseeing i Lissabon \u2013 Bica elevator sporvogn. Kabelbanen krydser Bica-kvarteret p\u00e5 vej til Bairro Alto<\/p><\/div>\n<p>De romerske og mauriske spor er overalt, og deres indflydelse forts\u00e6tter i det nuv\u00e6rende Lissabon.<\/p>\n<p>Du kan for eksempel finde det i de smalle brostensbelagte gader og de hvidkalkede v\u00e6gge i Alfama-kvarteret, det \u00e6ldste kvarter i Lissabon, og ber\u00f8mt for at v\u00e6re fadomusikkens vugge.<\/p>\n<p>I det 16. \u00e5rhundrede var Lissabon et knudepunkt for handel mellem Afrika, Indien, Fjern\u00f8sten og Brasilien.<\/p>\n<p>Den store rigdom erhvervet i denne periode med handel med krydderier, slaver, sukker, tekstiler og andre varer finansierede den sprudlende manuelinske stil i arkitekturen, som kan ses i mange bygninger, herunder Bel\u00e9m-t\u00e5rnet og Jer\u00f3nimos-klostret (begge verdensarv websteder).<\/p>\n<div id=\"attachment_2510\" style=\"width: 1034px\" class=\"wp-caption alignnone\"><img data-recalc-dims=\"1\" decoding=\"async\" aria-describedby=\"caption-attachment-2510\" class=\"wp-image-2510 size-large\" title=\"Udsigtspunkt i Lisboa Gra\u00e7a\" src=\"https:\/\/i0.wp.com\/legendatours.net\/wp-content\/uploads\/2020\/03\/Lisbon_Graca_river-1024x576.jpg?resize=1024%2C576&#038;ssl=1\" alt=\"Udsigtspunkt i Lisboa Gra\u00e7a\" width=\"1024\" height=\"576\" \/><p id=\"caption-attachment-2510\" class=\"wp-caption-text\">Udsigtspunkt i Gra\u00e7a, ogs\u00e5 kendt som Sophia de Mello Breyner Andersen udsigtspunkt.<\/p><\/div>\n<p>I 1755 blev Lissabon ramt af et \u00f8del\u00e6ggende jordsk\u00e6lv, efterfulgt af en tsunami, som dr\u00e6bte tusinder og \u00f8delagde en betydelig del af byen.<\/p>\n<p>Byen blev derefter genopbygget efter en omhyggelig netplan, med formentlig de f\u00f8rste eksempler p\u00e5 jordsk\u00e6lvsbestandige konstruktioner i stor skala i verden.<\/p>\n<p>Dette gav Lissabon et karakteristisk layout og farveskema, hvor den store firkant ud mod floden kronede designet.<\/p>\n<p>Som en af de \u00e6ldste byer i verden har der levet forskellige mennesker og kulturer her gennem \u00e5rhundrederne. Det formede byen i dag, en gl\u00e6delig blanding af mennesker fra hele verden, hvor dens frie \u00e5nds indbyggere kan prale af en ubesv\u00e6ret charme, i mods\u00e6tning til nogen anden by i Portugal!<\/p>\n<div class=\"row\" style=\"display: flex;\">\n<div class=\"column\" style=\"flex: 45%;\">\n<p><iframe title=\"I STEMMEN TIL LISSABON | Din Lissabon Travel-guide 2019 | Hvorfor flyttede jeg til Lissabon, Portugal \ud83c\uddf5\ud83c\uddf9\" width=\"1080\" height=\"608\" src=\"https:\/\/www.youtube.com\/embed\/Qv7CtN1mOlc?feature=oembed\" frameborder=\"0\" allow=\"accelerometer; autoplay; clipboard-write; encrypted-media; gyroscope; picture-in-picture; web-share\" referrerpolicy=\"strict-origin-when-cross-origin\" allowfullscreen><\/iframe><\/p>\n<\/div>\n<div class=\"column\" style=\"flex: 10%;\"><\/div>\n<div class=\"column\" style=\"flex: 45%;\">\n<p><iframe title=\"Lissabon-regionen som aldrig set f\u00f8r\" width=\"1080\" height=\"608\" src=\"https:\/\/www.youtube.com\/embed\/mK7rgh4fhYQ?feature=oembed\" frameborder=\"0\" allow=\"accelerometer; autoplay; clipboard-write; encrypted-media; gyroscope; picture-in-picture; web-share\" referrerpolicy=\"strict-origin-when-cross-origin\" allowfullscreen><\/iframe><\/p>\n<\/div>\n<\/div>","protected":false},"excerpt":{"rendered":"<p>Omgivet af tradition og velsignet med modernitet, er Lissabons syv bakker d\u00e6kket af lag af historie og arv.<\/p>\n<p>Byen er blevet en popul\u00e6r europ\u00e6isk destination for sin sp\u00e6ndende mangfoldighed, vintage sporvogne, brostensbelagte gader, Fado-sange, majest\u00e6tiske azulejo-smykkede arkitektur og et misundelsesv\u00e6rdigt klima.<\/p>\n<p>Tag denne tur og oplev alle de perler, denne tiltalende by har at byde p\u00e5!<\/p>","protected":false},"featured_media":5191,"comment_status":"closed","ping_status":"closed","template":"","meta":{"_acf_changed":false,"inline_featured_image":false},"product_brand":[],"product_cat":[336,327],"product_tag":[215,1053,359,693,694,695,906,696,697,698,851,699,700,701,907,222,260,1054,702,703,223,908,704,58,705,706,707,1055,1048,720,909,910,911,912,1056,708,1057,281,709,1058,1059],"class_list":{"0":"post-3743","1":"product","2":"type-product","3":"status-publish","4":"has-post-thumbnail","6":"product_cat-self-guided-sightseeing-holidays-in-portugal","7":"product_cat-self-guided-tours-portugal","8":"product_tag-alfama","9":"product_tag-alleine-reisen","10":"product_tag-architecture","11":"product_tag-bairro-alto","12":"product_tag-belem-tower","13":"product_tag-brazil","14":"product_tag-chiado","15":"product_tag-citys-seven-hills","16":"product_tag-cobblestone-streets","17":"product_tag-european-destination","18":"product_tag-fado","19":"product_tag-fado-music","20":"product_tag-fresh-orange-juice","21":"product_tag-grilled-chicke","22":"product_tag-heritage-in-lisbon","23":"product_tag-historical-monuments-in-lisbon","24":"product_tag-history-and-heritage","25":"product_tag-individuelle-touren","26":"product_tag-jeronimos-monastery","27":"product_tag-largest-city-of-portugal","28":"product_tag-lisbon","29":"product_tag-lisbon-holidays","30":"product_tag-narrow-cobbled-streets","31":"product_tag-portugal","32":"product_tag-praca-do-comercio","33":"product_tag-s-jorge-castle","34":"product_tag-seafood","35":"product_tag-sejour-en-liberte","36":"product_tag-self-guide-tour","37":"product_tag-self-guided-holidays","38":"product_tag-self-guided-sightseeing","39":"product_tag-self-guided-tour","40":"product_tag-shopping-in-lisbon","41":"product_tag-sightseeing-lisbon","42":"product_tag-solo-reisen","43":"product_tag-terreiro-do-paco","44":"product_tag-tours-autoguidees","45":"product_tag-typical-quarters-of-lisbon","46":"product_tag-vintage-trams","47":"product_tag-voyage-en-liberte","48":"product_tag-voyages-en-autonomie","50":"first","51":"instock","52":"virtual","53":"product-type-simple"},"acf":[],"yoast_head":"<!-- This site is optimized with the Yoast SEO Premium plugin v26.8 (Yoast SEO v27.4) - https:\/\/yoast.com\/product\/yoast-seo-premium-wordpress\/ -->\n<title>Holidays in Lisbon, Riverside Gem<\/title>\n<meta name=\"description\" content=\"Self-Guided Sightseeing in Lisbon\u2019s friendly atmosphere overlooking the Rio Tejo,Alfama, S\u00e3o Jorge Castle, Chiado, and Bairro Alto. Portuguese gastronomy, with highlight for the seafood, delicious wines, and the famed past\u00e9is de nata (custard tarts)\" \/>\n<meta name=\"robots\" content=\"index, follow, max-snippet:-1, max-image-preview:large, max-video-preview:-1\" \/>\n<link rel=\"canonical\" href=\"https:\/\/becooltravel.com\/da\/vare\/sightseeing-tur-i-lisbon-5-dage-6100-tallet\/\" \/>\n<meta property=\"og:locale\" content=\"da_DK\" \/>\n<meta property=\"og:type\" content=\"article\" \/>\n<meta property=\"og:title\" content=\"Self-Guided Sightseeing experience all the gems this appealing city has to offer!\" \/>\n<meta property=\"og:description\" content=\"The light of Lisbon Self-Guided Sightseeing, sung by poets and writers, and immortalized by painters, photographers, filmmakers, and other artists, is widely considered as an immaterial icon of the city.This adds a layer of charm to the already graceful city, sprawling along the margins of the river Tejo.The Roman and Moorish traces are everywhere, and its influence persists in present-day Lisbon.\" \/>\n<meta property=\"og:url\" content=\"https:\/\/becooltravel.com\/da\/vare\/sightseeing-tur-i-lisbon-5-dage-6100-tallet\/\" \/>\n<meta property=\"og:site_name\" content=\"BeCool Travel\" \/>\n<meta property=\"article:publisher\" content=\"https:\/\/www.facebook.com\/becooltravelagency\/\" \/>\n<meta property=\"article:modified_time\" content=\"2026-03-18T12:27:25+00:00\" \/>\n<meta property=\"og:image\" content=\"https:\/\/becooltravel.com\/wp-content\/uploads\/sites\/5\/2020\/06\/Lisboa_Bica_elevator.jpg\" \/>\n\t<meta property=\"og:image:width\" content=\"1199\" \/>\n\t<meta property=\"og:image:height\" content=\"800\" \/>\n\t<meta property=\"og:image:type\" content=\"image\/jpeg\" \/>\n<meta name=\"twitter:card\" content=\"summary_large_image\" \/>\n<meta name=\"twitter:title\" content=\"Self-Guided Sightseeing The city was then rebuilt following a meticulous grid plan, with probably the first examples of earthquake-resistant constructions at a large scale in the world.\" \/>\n<meta name=\"twitter:description\" content=\"The great richness acquired in this period with the trade of spices, slaves, sugar, textiles, and other goods, financed the exuberant Manueline style in architecture, to be seen in many buildings, including the Bel\u00e9m Tower and the Jer\u00f3nimos Monastery (both World Heritage Sites).\" \/>\n<meta name=\"twitter:image\" content=\"https:\/\/i0.wp.com\/becooltravel.com\/wp-content\/uploads\/sites\/5\/2020\/06\/jeronimos_monastery_lisbon.jpg?fit=1200%2C750&ssl=1\" \/>\n<meta name=\"twitter:site\" content=\"@becool_travel\" \/>\n<meta name=\"twitter:label1\" content=\"Estimeret l\u00e6setid\" \/>\n\t<meta name=\"twitter:data1\" content=\"3 minutter\" \/>\n<script type=\"application\/ld+json\" class=\"yoast-schema-graph\">{\"@context\":\"https:\\\/\\\/schema.org\",\"@graph\":[{\"@type\":[\"WebPage\",\"ItemPage\"],\"@id\":\"https:\\\/\\\/becooltravel.com\\\/product\\\/sightseeing-tour-in-lisbon-5-days-6100s\\\/\",\"url\":\"https:\\\/\\\/becooltravel.com\\\/product\\\/sightseeing-tour-in-lisbon-5-days-6100s\\\/\",\"name\":\"Holidays in Lisbon, Riverside Gem\",\"isPartOf\":{\"@id\":\"https:\\\/\\\/becooltravel.com\\\/#website\"},\"primaryImageOfPage\":{\"@id\":\"https:\\\/\\\/becooltravel.com\\\/product\\\/sightseeing-tour-in-lisbon-5-days-6100s\\\/#primaryimage\"},\"image\":{\"@id\":\"https:\\\/\\\/becooltravel.com\\\/product\\\/sightseeing-tour-in-lisbon-5-days-6100s\\\/#primaryimage\"},\"thumbnailUrl\":\"https:\\\/\\\/i0.wp.com\\\/becooltravel.com\\\/wp-content\\\/uploads\\\/sites\\\/5\\\/2020\\\/06\\\/Lisbon_sightseeing.jpg?fit=1200%2C801&ssl=1\",\"datePublished\":\"2020-03-06T16:08:29+00:00\",\"dateModified\":\"2026-03-18T12:27:25+00:00\",\"description\":\"Self-Guided Sightseeing in Lisbon\u2019s friendly atmosphere overlooking the Rio Tejo,Alfama, S\u00e3o Jorge Castle, Chiado, and Bairro Alto. Portuguese gastronomy, with highlight for the seafood, delicious wines, and the famed past\u00e9is de nata (custard tarts)\",\"breadcrumb\":{\"@id\":\"https:\\\/\\\/becooltravel.com\\\/product\\\/sightseeing-tour-in-lisbon-5-days-6100s\\\/#breadcrumb\"},\"inLanguage\":\"da-DK\",\"potentialAction\":[{\"@type\":\"ReadAction\",\"target\":[\"https:\\\/\\\/becooltravel.com\\\/product\\\/sightseeing-tour-in-lisbon-5-days-6100s\\\/\"]}]},{\"@type\":\"ImageObject\",\"inLanguage\":\"da-DK\",\"@id\":\"https:\\\/\\\/becooltravel.com\\\/product\\\/sightseeing-tour-in-lisbon-5-days-6100s\\\/#primaryimage\",\"url\":\"https:\\\/\\\/i0.wp.com\\\/becooltravel.com\\\/wp-content\\\/uploads\\\/sites\\\/5\\\/2020\\\/06\\\/Lisbon_sightseeing.jpg?fit=1200%2C801&ssl=1\",\"contentUrl\":\"https:\\\/\\\/i0.wp.com\\\/becooltravel.com\\\/wp-content\\\/uploads\\\/sites\\\/5\\\/2020\\\/06\\\/Lisbon_sightseeing.jpg?fit=1200%2C801&ssl=1\",\"width\":1200,\"height\":801,\"caption\":\"Sightseeing in Lisbon - Bica elevator tram\"},{\"@type\":\"BreadcrumbList\",\"@id\":\"https:\\\/\\\/becooltravel.com\\\/product\\\/sightseeing-tour-in-lisbon-5-days-6100s\\\/#breadcrumb\",\"itemListElement\":[{\"@type\":\"ListItem\",\"position\":1,\"name\":\"Home\",\"item\":\"https:\\\/\\\/becooltravel.com\\\/\"},{\"@type\":\"ListItem\",\"position\":2,\"name\":\"Shop\",\"item\":\"https:\\\/\\\/becooltravel.com\\\/?page_id=5\"},{\"@type\":\"ListItem\",\"position\":3,\"name\":\"Alfama is the oldest district of Lisbon\\\/Lisboa (Portugal), spreading on the slope between the S\u00e3o Jorge Castle and the Tagus\\\/Tejo river. Its name comes from the Arabic Al-hamma, meaning \\\"hot fountains\\\" or \\\"baths\\\". It contains many important historical attractions.\",\"item\":\"https:\\\/\\\/becooltravel.com\\\/product-tag\\\/alfama\\\/\"},{\"@type\":\"ListItem\",\"position\":4,\"name\":\"Holidays in Lisbon, Riverside Gem\"}]},{\"@type\":\"WebSite\",\"@id\":\"https:\\\/\\\/becooltravel.com\\\/#website\",\"url\":\"https:\\\/\\\/becooltravel.com\\\/\",\"name\":\"BeCool Travel\",\"description\":\"Sustainable holidays in Portugal for independent travelers\",\"publisher\":{\"@id\":\"https:\\\/\\\/becooltravel.com\\\/#organization\"},\"potentialAction\":[{\"@type\":\"SearchAction\",\"target\":{\"@type\":\"EntryPoint\",\"urlTemplate\":\"https:\\\/\\\/becooltravel.com\\\/?s={search_term_string}\"},\"query-input\":{\"@type\":\"PropertyValueSpecification\",\"valueRequired\":true,\"valueName\":\"search_term_string\"}}],\"inLanguage\":\"da-DK\"},{\"@type\":\"Organization\",\"@id\":\"https:\\\/\\\/becooltravel.com\\\/#organization\",\"name\":\"BecoolTravel. com- Portugal\",\"url\":\"https:\\\/\\\/becooltravel.com\\\/\",\"logo\":{\"@type\":\"ImageObject\",\"inLanguage\":\"da-DK\",\"@id\":\"https:\\\/\\\/becooltravel.com\\\/#\\\/schema\\\/logo\\\/image\\\/\",\"url\":\"https:\\\/\\\/becooltravel.com\\\/wp-content\\\/uploads\\\/sites\\\/5\\\/2020\\\/03\\\/Logo_BeCool.jpg\",\"contentUrl\":\"https:\\\/\\\/becooltravel.com\\\/wp-content\\\/uploads\\\/sites\\\/5\\\/2020\\\/03\\\/Logo_BeCool.jpg\",\"width\":534,\"height\":534,\"caption\":\"BecoolTravel. com- Portugal\"},\"image\":{\"@id\":\"https:\\\/\\\/becooltravel.com\\\/#\\\/schema\\\/logo\\\/image\\\/\"},\"sameAs\":[\"https:\\\/\\\/www.facebook.com\\\/becooltravelagency\\\/\",\"https:\\\/\\\/x.com\\\/becool_travel\",\"https:\\\/\\\/www.instagram.com\\\/becooltravel_com\\\/\",\"https:\\\/\\\/www.linkedin.com\\\/company\\\/becool-travel\\\/\",\"https:\\\/\\\/www.youtube.com\\\/channel\\\/UCE7zRU3EVG1PgfXwQo-5uJw\"]}]}<\/script>\n<!-- \/ Yoast SEO Premium plugin. -->","yoast_head_json":{"title":"Ferier i Lissabon, Riverside Gem","description":"Selvguidet sightseeing i Lissabons venlige atmosf\u00e6re med udsigt over Rio Tejo, Alfama, S\u00e3o Jorge Slot, Chiado og Bairro Alto. Portugisisk gastronomi, med h\u00f8jdepunkter for fisk og skaldyr, l\u00e6kre vine og den ber\u00f8mte past\u00e9is de nata (creme t\u00e6rter)","robots":{"index":"index","follow":"follow","max-snippet":"max-snippet:-1","max-image-preview":"max-image-preview:large","max-video-preview":"max-video-preview:-1"},"canonical":"https:\/\/becooltravel.com\/da\/vare\/sightseeing-tur-i-lisbon-5-dage-6100-tallet\/","og_locale":"da_DK","og_type":"article","og_title":"Self-Guided Sightseeing experience all the gems this appealing city has to offer!","og_description":"The light of Lisbon Self-Guided Sightseeing, sung by poets and writers, and immortalized by painters, photographers, filmmakers, and other artists, is widely considered as an immaterial icon of the city.This adds a layer of charm to the already graceful city, sprawling along the margins of the river Tejo.The Roman and Moorish traces are everywhere, and its influence persists in present-day Lisbon.","og_url":"https:\/\/becooltravel.com\/da\/vare\/sightseeing-tur-i-lisbon-5-dage-6100-tallet\/","og_site_name":"BeCool Travel","article_publisher":"https:\/\/www.facebook.com\/becooltravelagency\/","article_modified_time":"2026-03-18T12:27:25+00:00","og_image":[{"width":1199,"height":800,"url":"https:\/\/becooltravel.com\/wp-content\/uploads\/sites\/5\/2020\/06\/Lisboa_Bica_elevator.jpg","type":"image\/jpeg"}],"twitter_card":"summary_large_image","twitter_title":"Self-Guided Sightseeing The city was then rebuilt following a meticulous grid plan, with probably the first examples of earthquake-resistant constructions at a large scale in the world.","twitter_description":"The great richness acquired in this period with the trade of spices, slaves, sugar, textiles, and other goods, financed the exuberant Manueline style in architecture, to be seen in many buildings, including the Bel\u00e9m Tower and the Jer\u00f3nimos Monastery (both World Heritage Sites).","twitter_image":"https:\/\/i0.wp.com\/becooltravel.com\/wp-content\/uploads\/sites\/5\/2020\/06\/jeronimos_monastery_lisbon.jpg?fit=1200%2C750&ssl=1","twitter_site":"@becool_travel","twitter_misc":{"Estimeret l\u00e6setid":"3 minutter"},"schema":{"@context":"https:\/\/schema.org","@graph":[{"@type":["WebPage","ItemPage"],"@id":"https:\/\/becooltravel.com\/product\/sightseeing-tour-in-lisbon-5-days-6100s\/","url":"https:\/\/becooltravel.com\/product\/sightseeing-tour-in-lisbon-5-days-6100s\/","name":"Ferier i Lissabon, Riverside Gem","isPartOf":{"@id":"https:\/\/becooltravel.com\/#website"},"primaryImageOfPage":{"@id":"https:\/\/becooltravel.com\/product\/sightseeing-tour-in-lisbon-5-days-6100s\/#primaryimage"},"image":{"@id":"https:\/\/becooltravel.com\/product\/sightseeing-tour-in-lisbon-5-days-6100s\/#primaryimage"},"thumbnailUrl":"https:\/\/i0.wp.com\/becooltravel.com\/wp-content\/uploads\/sites\/5\/2020\/06\/Lisbon_sightseeing.jpg?fit=1200%2C801&ssl=1","datePublished":"2020-03-06T16:08:29+00:00","dateModified":"2026-03-18T12:27:25+00:00","description":"Selvguidet sightseeing i Lissabons venlige atmosf\u00e6re med udsigt over Rio Tejo, Alfama, S\u00e3o Jorge Slot, Chiado og Bairro Alto. Portugisisk gastronomi, med h\u00f8jdepunkter for fisk og skaldyr, l\u00e6kre vine og den ber\u00f8mte past\u00e9is de nata (creme t\u00e6rter)","breadcrumb":{"@id":"https:\/\/becooltravel.com\/product\/sightseeing-tour-in-lisbon-5-days-6100s\/#breadcrumb"},"inLanguage":"da-DK","potentialAction":[{"@type":"ReadAction","target":["https:\/\/becooltravel.com\/product\/sightseeing-tour-in-lisbon-5-days-6100s\/"]}]},{"@type":"ImageObject","inLanguage":"da-DK","@id":"https:\/\/becooltravel.com\/product\/sightseeing-tour-in-lisbon-5-days-6100s\/#primaryimage","url":"https:\/\/i0.wp.com\/becooltravel.com\/wp-content\/uploads\/sites\/5\/2020\/06\/Lisbon_sightseeing.jpg?fit=1200%2C801&ssl=1","contentUrl":"https:\/\/i0.wp.com\/becooltravel.com\/wp-content\/uploads\/sites\/5\/2020\/06\/Lisbon_sightseeing.jpg?fit=1200%2C801&ssl=1","width":1200,"height":801,"caption":"Sightseeing in Lisbon - Bica elevator tram"},{"@type":"BreadcrumbList","@id":"https:\/\/becooltravel.com\/product\/sightseeing-tour-in-lisbon-5-days-6100s\/#breadcrumb","itemListElement":[{"@type":"ListItem","position":1,"name":"Home","item":"https:\/\/becooltravel.com\/"},{"@type":"ListItem","position":2,"name":"Shop","item":"https:\/\/becooltravel.com\/?page_id=5"},{"@type":"ListItem","position":3,"name":"Alfama is the oldest district of Lisbon\/Lisboa (Portugal), spreading on the slope between the S\u00e3o Jorge Castle and the Tagus\/Tejo river. Its name comes from the Arabic Al-hamma, meaning \"hot fountains\" or \"baths\". It contains many important historical attractions.","item":"https:\/\/becooltravel.com\/product-tag\/alfama\/"},{"@type":"ListItem","position":4,"name":"Holidays in Lisbon, Riverside Gem"}]},{"@type":"WebSite","@id":"https:\/\/becooltravel.com\/#website","url":"https:\/\/becooltravel.com\/","name":"BeCool rejse","description":"B\u00e6redygtig ferie i Portugal for uafh\u00e6ngige rejsende","publisher":{"@id":"https:\/\/becooltravel.com\/#organization"},"potentialAction":[{"@type":"SearchAction","target":{"@type":"EntryPoint","urlTemplate":"https:\/\/becooltravel.com\/?s={search_term_string}"},"query-input":{"@type":"PropertyValueSpecification","valueRequired":true,"valueName":"search_term_string"}}],"inLanguage":"da-DK"},{"@type":"Organization","@id":"https:\/\/becooltravel.com\/#organization","name":"BecoolTravel. com- Portugal","url":"https:\/\/becooltravel.com\/","logo":{"@type":"ImageObject","inLanguage":"da-DK","@id":"https:\/\/becooltravel.com\/#\/schema\/logo\/image\/","url":"https:\/\/becooltravel.com\/wp-content\/uploads\/sites\/5\/2020\/03\/Logo_BeCool.jpg","contentUrl":"https:\/\/becooltravel.com\/wp-content\/uploads\/sites\/5\/2020\/03\/Logo_BeCool.jpg","width":534,"height":534,"caption":"BecoolTravel. com- Portugal"},"image":{"@id":"https:\/\/becooltravel.com\/#\/schema\/logo\/image\/"},"sameAs":["https:\/\/www.facebook.com\/becooltravelagency\/","https:\/\/x.com\/becool_travel","https:\/\/www.instagram.com\/becooltravel_com\/","https:\/\/www.linkedin.com\/company\/becool-travel\/","https:\/\/www.youtube.com\/channel\/UCE7zRU3EVG1PgfXwQo-5uJw"]}]}},"jetpack_sharing_enabled":true,"_links":{"self":[{"href":"https:\/\/becooltravel.com\/da\/wp-json\/wp\/v2\/product\/3743","targetHints":{"allow":["GET"]}}],"collection":[{"href":"https:\/\/becooltravel.com\/da\/wp-json\/wp\/v2\/product"}],"about":[{"href":"https:\/\/becooltravel.com\/da\/wp-json\/wp\/v2\/types\/product"}],"replies":[{"embeddable":true,"href":"https:\/\/becooltravel.com\/da\/wp-json\/wp\/v2\/comments?post=3743"}],"wp:featuredmedia":[{"embeddable":true,"href":"https:\/\/becooltravel.com\/da\/wp-json\/wp\/v2\/media\/5191"}],"wp:attachment":[{"href":"https:\/\/becooltravel.com\/da\/wp-json\/wp\/v2\/media?parent=3743"}],"wp:term":[{"taxonomy":"product_brand","embeddable":true,"href":"https:\/\/becooltravel.com\/da\/wp-json\/wp\/v2\/product_brand?post=3743"},{"taxonomy":"product_cat","embeddable":true,"href":"https:\/\/becooltravel.com\/da\/wp-json\/wp\/v2\/product_cat?post=3743"},{"taxonomy":"product_tag","embeddable":true,"href":"https:\/\/becooltravel.com\/da\/wp-json\/wp\/v2\/product_tag?post=3743"}],"curies":[{"name":"wp","href":"https:\/\/api.w.org\/{rel}","templated":true}]}}