{"id":3754,"date":"2020-03-06T15:04:24","date_gmt":"2020-03-06T15:04:24","guid":{"rendered":"https:\/\/becooltravel.com\/product\/birding-in-tavira-and-the-ria-formosa-fly-drive-3300s\/"},"modified":"2025-03-03T17:17:15","modified_gmt":"2025-03-03T17:17:15","slug":"birding-in-tavira-and-the-ria-formosa-fly-drive-3300s","status":"publish","type":"product","link":"https:\/\/becooltravel.com\/da\/vare\/fuglekiggeri-i-tavira-og-ria-formosa-flue-drevet-3300s\/","title":{"rendered":"Fugleferie i Tavira og Ria Formosa - Din Nemesis fugledestination"},"content":{"rendered":"<p>Fuglekigning i Tavira og Ria Formosa: Din Nemesis-fugledestination er en 5-dages selvk\u00f8rende fuglekigningstur baseret i en af de mest typiske og maleriske byer i Algarve, Tavira. Algarve-regionen er et ber\u00f8mt sommerferiested, men er ogs\u00e5 et fantastisk sted for naturobservationer, der er hjemsted for hundredvis af endemiske fuglearter og en overvintrings- og fodringsstation for mange andre, som trives i sine rige v\u00e5domr\u00e5der, strandenge, saltpander, og skove.<\/p>\n<div id=\"attachment_1732\" style=\"width: 1034px\" class=\"wp-caption alignnone\"><img data-recalc-dims=\"1\" decoding=\"async\" aria-describedby=\"caption-attachment-1732\" class=\"wp-image-1732 size-large\" title=\"Western Sump-h\u00f8ne\" src=\"https:\/\/i0.wp.com\/legendatours.net\/wp-content\/uploads\/2020\/03\/Western-Swamp-hen-1024x683.jpg?resize=1024%2C683&#038;ssl=1\" alt=\"Western Sump-h\u00f8ne\" width=\"1024\" height=\"683\" \/><p id=\"caption-attachment-1732\" class=\"wp-caption-text\">Western Swamp-h\u00f8ne, let ses langs den sydlige kyst og p\u00e5\u00a0<em>vest<\/em> kyst til og med Tagus-mundingen \u2013 Foto Peter Dedicoat<\/p><\/div>\n<p>Denne professionelt designede fugletur sigter mod at vise dig det bedste fra det mangfoldige dyreliv og flora i Ria Formosa Natural Park med detaljerede instruktioner og rutenoter.<\/p>\n<p>Ria Formosa-naturparken d\u00e6kker et omr\u00e5de p\u00e5 omkring 16.000 hektar, der str\u00e6kker sig fra Manta Rota i \u00f8st til Anc\u00e3o-stranden 60 km vest. Riaen best\u00e5r af kystlaguner, store omr\u00e5der med tidevandsflader, saltmarsk og saltpander, der er omgivet af et b\u00e6lte af klit\u00f8er og halv\u00f8er.<\/p>\n<p>Det er af s\u00e6rlig betydning som overvintringsomr\u00e5de for mange fugle fra Nordeuropa og som raste- og f\u00f8destation for fugle, der tr\u00e6kker mellem Afrika og Europa.<\/p>\n<div id=\"attachment_1760\" style=\"width: 1034px\" class=\"wp-caption alignnone\"><img data-recalc-dims=\"1\" decoding=\"async\" aria-describedby=\"caption-attachment-1760\" class=\"wp-image-1760 size-large\" title=\"Eurasisk krikand\" src=\"https:\/\/i0.wp.com\/legendatours.net\/wp-content\/uploads\/2020\/03\/Eurasian-Teal-1024x683.jpg?resize=1024%2C683&#038;ssl=1\" alt=\"Eurasisk krikand\" width=\"1024\" height=\"683\" \/><p id=\"caption-attachment-1760\" class=\"wp-caption-text\">krikand, normalt en overvintrende art \u2013 Foto Peter Dedicoat<\/p><\/div>\n<p>Klassificeret som naturreservat i 70&#039;erne, blev denne beskyttelsesstatus oph\u00f8jet til en naturpark i 1987. Ria Formosa er ogs\u00e5 klassificeret under Ramsar-konventionen som et v\u00e5domr\u00e5de af international betydning og som et s\u00e6rligt beskyttelsesomr\u00e5de i henhold til EU-direktivet om bevaring af Vilde Fugle.<\/p>\n<p>Vinteren bringer overvintrende vadefugle, som blandt andet \u00f8sterscatcher, Avocets, Dunlins, Little Stint og Black-Winged Stilts. Arter som kr\u00f8lle, r\u00f8d knude eller ruff passerer for det meste igennem under efter\u00e5rstr\u00e6kket. Vildfugle er ogs\u00e5 til stede i et imponerende antal i damme og bassiner, og nogle af de mest almindelige arter er Pige, Sholever, Pintail og Pochard. Andre interessante fugle, der kan findes, er storflamingo, blank ibis, skestork, sortvinget glente, kaspisk terne, bl\u00e5hals og den sj\u00e6ldnere pendulmejse. Slankn\u00e6bbet m\u00e5ge er j\u00e6vnligt blevet set i de senere \u00e5r.<\/p>\n<div id=\"attachment_1699\" style=\"width: 1034px\" class=\"wp-caption alignnone\"><img data-recalc-dims=\"1\" decoding=\"async\" aria-describedby=\"caption-attachment-1699\" class=\"wp-image-1699 size-large\" title=\"Fuglekigning Algarve Ria Formosa Hoopoe\" src=\"https:\/\/i0.wp.com\/legendatours.net\/wp-content\/uploads\/2020\/05\/Birdwatching-Algarve-Ria-Formosa-Hoopoe-1024x683.jpg?resize=1024%2C683&#038;ssl=1\" alt=\"Fuglekigning Algarve Ria Formosa Hoopoe\" width=\"1024\" height=\"683\" \/><p id=\"caption-attachment-1699\" class=\"wp-caption-text\">Fuglekigning Algarve Ria Formosa Hoopoe, blomstrer i fyrreskovene. \u2013 Foto Peter Dedicoat<\/p><\/div>\n<p>Ynglende fugle omfatter lilla sumpen, lille bitter, lilla hejre, collared Pratincole og Audouins m\u00e5ge, som yngler regelm\u00e6ssigt, men i svingende antal. Stedet har ogs\u00e5 det s\u00e6rlige aspekt ved at v\u00e6re det eneste i Portugal, hvor lille kortt\u00e5l\u00e6rke forekommer. Barriere\u00f8erne rummer de st\u00f8rste kolonier af Lille Tern i Portugal, som regelm\u00e6ssigt ses fiskeri i det lave vand, samt en lille bestand af eurasisk tykkn\u00e6 og lille bustard. Interessante ynglefugle omfatter ogs\u00e5 Bleg Swift, Brillesanger, Europ\u00e6isk Bi-\u00e6der og Sort\u00f8ret Hvede.<\/p>\n<p>I de omkringliggende skove er arter som stor sp\u00e6tte, skovsnak og gylden oriole til stede.<\/p>\n<div id=\"attachment_1769\" style=\"width: 1034px\" class=\"wp-caption alignnone\"><img data-recalc-dims=\"1\" decoding=\"async\" aria-describedby=\"caption-attachment-1769\" class=\"wp-image-1769 size-large\" title=\"Spoonbills\" src=\"https:\/\/i0.wp.com\/legendatours.net\/wp-content\/uploads\/2020\/03\/Spoonbills-1-1024x683.jpg?resize=1024%2C683&#038;ssl=1\" alt=\"Spoonbills\" width=\"1024\" height=\"683\" \/><p id=\"caption-attachment-1769\" class=\"wp-caption-text\">Skestorke, bosiddende \u00e5ret rundt, stiger antallet markant om vinteren- Foto Peter Dedicoat<\/p><\/div>\n<p>Denne selvguidede fugletur er fantastisk til naturfotografering i almindelighed og fuglefotografering i s\u00e6rdeleshed; maleri og illustration; videnskabelig unders\u00f8gelse; jagten p\u00e5 sj\u00e6ldenheder (tr\u00e6kninger) osv. Find hos os en flugt fra den hektiske hverdag!<\/p>\n<p>Rutenotaterne er designet til at v\u00e6re en enkel, letanvendelig feltguide for alle, der nyder at se fugle i deres naturlige habitat. Hver rejseplan er ledsaget af et kort og en beskrivelse af, hvordan man kommer dertil, de mest interessante arter, der findes der, og forskellige tips om den bedste m\u00e5de at bes\u00f8ge.<\/p>\n<p>Vi s\u00f8rger for, at du f\u00e5r en uforglemmelig oplevelse uden tidskr\u00e6vende s\u00f8gning efter indkvarteringssteder, ingen forskning p\u00e5 de bedste fuglepladser-vores ture er gennemf\u00f8rte og mest af alt perfekt gennemt\u00e6nkte og organiserede! Turen er designet til at nydes uanset dit fugleevne og ekspertise.<\/p>\n<p>Og for fuldt ud at nyde alle vidunderne ved denne tur, vil du ligge i centrum af Tavira, kun 2 km v\u00e6k fra det n\u00e6rmeste fugleobservationssted!<\/p>\n<div class=\"row\">\n<div class=\"column\" style=\"flex: 45%\">\n<p><iframe title=\"Fugle i det sydlige Portugal\" width=\"1080\" height=\"608\" src=\"https:\/\/www.youtube.com\/embed\/q4ezd_AIbYM?feature=oembed\" frameborder=\"0\" allow=\"accelerometer; autoplay; clipboard-write; encrypted-media; gyroscope; picture-in-picture; web-share\" referrerpolicy=\"strict-origin-when-cross-origin\" allowfullscreen><\/iframe><\/p>\n<\/div>\n<div class=\"column\" style=\"flex: 10%\"><\/div>\n<div class=\"column\" style=\"flex: 45%\"><\/div>\n<\/div>","protected":false},"excerpt":{"rendered":"<p>Fuglekigning i Tavira og Ria Formosa: Din Nemesis-fugledestination er en 5-dages selvk\u00f8rende fuglekigningstur baseret i en af de mest typiske og maleriske byer i Algarve, Tavira. Algarve-regionen er et ber\u00f8mt sommerferiested, men er ogs\u00e5 et fantastisk sted for naturobservationer, der er hjemsted for hundredvis af endemiske fuglearter og en overvintrings- og fodringsstation for mange andre, som trives i sine rige v\u00e5domr\u00e5der, strandenge, saltpander, og skove.<\/p>","protected":false},"featured_media":4605,"comment_status":"closed","ping_status":"closed","template":"","meta":{"_acf_changed":false,"inline_featured_image":false},"product_brand":[],"product_cat":[673,339,327],"product_tag":[311,1053,500,121,710,242,737,738,455,711,502,503,504,712,713,505,714,607,1054,510,511,715,512,513,514,321,515,58,516,517,716,717,465,494,181,718,1055,322,719,720,721,1056,722,723,252,1057,724,614,1058,1059,725,518],"class_list":{"0":"post-3754","1":"product","2":"type-product","3":"status-publish","4":"has-post-thumbnail","6":"product_cat-self-drive-holidays-portugal","7":"product_cat-portugal-self-guided-birdwatching-holidays","8":"product_cat-self-guided-tours-portugal","9":"product_tag-algarve","10":"product_tag-alleine-reisen","11":"product_tag-best-birding-spots","12":"product_tag-bird-watching","13":"product_tag-birding","14":"product_tag-birdwatching","15":"product_tag-birdwatching-algarve","16":"product_tag-birdwatching-portugal","17":"product_tag-birdwatching-tour-in-the-algarve","18":"product_tag-black-tailed-godwits","19":"product_tag-black-winged-kite","20":"product_tag-blackheaded-weaver","21":"product_tag-booted-eagles","22":"product_tag-collared-pratincole","23":"product_tag-european-bee-eater","24":"product_tag-ferruginous-duck","25":"product_tag-fly-drive","26":"product_tag-holidays","27":"product_tag-individuelle-touren","28":"product_tag-kentish-plover","29":"product_tag-little-bittern","30":"product_tag-little-stints","31":"product_tag-little-tern","32":"product_tag-marsh-harriers","33":"product_tag-nature-observation","34":"product_tag-nature-walks","35":"product_tag-penduline-tits","36":"product_tag-portugal","37":"product_tag-purple-heron","38":"product_tag-purple-swamp-hen","39":"product_tag-ramsar","40":"product_tag-red-crested-pochard","41":"product_tag-red-necked-nightjar","42":"product_tag-ria-formosa","43":"product_tag-ria-formosa-natural-park","44":"product_tag-ringed-plovers","45":"product_tag-sejour-en-liberte","46":"product_tag-self-guided","47":"product_tag-self-guided-birdwatching","48":"product_tag-self-guided-holidays","49":"product_tag-self-guided-tours","50":"product_tag-solo-reisen","51":"product_tag-southern-grey-shrikes","52":"product_tag-sunny-winters","53":"product_tag-tavira","54":"product_tag-tours-autoguidees","55":"product_tag-tours-in-portugal","56":"product_tag-vacations","57":"product_tag-voyage-en-liberte","58":"product_tag-voyages-en-autonomie","59":"product_tag-wintering-birds","60":"product_tag-woodchat","62":"first","63":"instock","64":"virtual","65":"product-type-simple"},"acf":[],"yoast_head":"<!-- This site is optimized with the Yoast SEO Premium plugin v26.8 (Yoast SEO v27.5) - https:\/\/yoast.com\/product\/yoast-seo-premium-wordpress\/ -->\n<title>Birding Holiday in Tavira and the Ria Formosa - Your Nemesis Bird Destination<\/title>\n<meta name=\"description\" content=\"Birding in Tavira and Ria Formosa: Your Nemesis Bird Destination, home for hundreds of endemic bird species, and a wintering and feeding station for many others, which thrive in its rich wetlands, saltmarshes, saltpans, and woods.\" \/>\n<meta name=\"robots\" content=\"index, follow, max-snippet:-1, max-image-preview:large, max-video-preview:-1\" \/>\n<link rel=\"canonical\" href=\"https:\/\/becooltravel.com\/da\/vare\/fuglekiggeri-i-tavira-og-ria-formosa-flue-drevet-3300s\/\" \/>\n<meta property=\"og:locale\" content=\"da_DK\" \/>\n<meta property=\"og:type\" content=\"article\" \/>\n<meta property=\"og:title\" content=\"A fantastic itinerary developed and perfected by keen local birders\" \/>\n<meta property=\"og:description\" content=\"Abundant species: Oystercatchers, Avocets, Dunlins, Little Stint, Wigeon, Sholever, Pintail, Pochard, Greater Flamingo, Glossy Ibis, Eurasian Spoonbill, Black-winged Kite, Caspian Tern, Bluethroat, Penduline Tit, Purple Swamphen, Little Bittern, Purple Heron, Collared Pratincole, Audouin\u2019s Gull, Little Tern, Eurasian Thick-knee, Little Bustard, Pallid Swift, Spectacled Warbler, European Bee-eater and Black-eared Wheatear.\" \/>\n<meta property=\"og:url\" content=\"https:\/\/becooltravel.com\/da\/vare\/fuglekiggeri-i-tavira-og-ria-formosa-flue-drevet-3300s\/\" \/>\n<meta property=\"og:site_name\" content=\"BeCool Travel\" \/>\n<meta property=\"article:publisher\" content=\"https:\/\/www.facebook.com\/becooltravelagency\/\" \/>\n<meta property=\"article:modified_time\" content=\"2025-03-03T17:17:15+00:00\" \/>\n<meta property=\"og:image\" content=\"https:\/\/i0.wp.com\/becooltravel.com\/wp-content\/uploads\/sites\/5\/2020\/05\/Birdwatching-Algarve-Collared-Pratincole.jpg?fit=1200%2C800&ssl=1\" \/>\n\t<meta property=\"og:image:width\" content=\"1200\" \/>\n\t<meta property=\"og:image:height\" content=\"800\" \/>\n\t<meta property=\"og:image:type\" content=\"image\/jpeg\" \/>\n<meta name=\"twitter:card\" content=\"summary_large_image\" \/>\n<meta name=\"twitter:title\" content=\"A fantastic itinerary developed and perfected by keen local birders\" \/>\n<meta name=\"twitter:description\" content=\"Abundant species: Oystercatchers, Avocets, Dunlins, Little Stint, Wigeon, Sholever, Pintail, Pochard, Greater Flamingo, Glossy Ibis, Eurasian Spoonbill, Black-winged Kite, Caspian Tern, Bluethroat, Penduline Tit, Purple Swamphen, Little Bittern, Purple Heron, Collared Pratincole, Audouin\u2019s Gull, Little Tern, Eurasian Thick-knee, Little Bustard, Pallid Swift, Spectacled Warbler, European Bee-eater and Black-eared Wheatear.\" \/>\n<meta name=\"twitter:image\" content=\"https:\/\/i0.wp.com\/becooltravel.com\/wp-content\/uploads\/sites\/5\/2020\/05\/Birdwatching-Ria-Formosa-Black-tailed-Godwit.jpg?fit=1200%2C800&ssl=1\" \/>\n<meta name=\"twitter:site\" content=\"@becool_travel\" \/>\n<meta name=\"twitter:label1\" content=\"Estimeret l\u00e6setid\" \/>\n\t<meta name=\"twitter:data1\" content=\"4 minutter\" \/>\n<script type=\"application\/ld+json\" class=\"yoast-schema-graph\">{\"@context\":\"https:\\\/\\\/schema.org\",\"@graph\":[{\"@type\":\"WebPage\",\"@id\":\"https:\\\/\\\/becooltravel.com\\\/product\\\/birding-in-tavira-and-the-ria-formosa-fly-drive-3300s\\\/\",\"url\":\"https:\\\/\\\/becooltravel.com\\\/product\\\/birding-in-tavira-and-the-ria-formosa-fly-drive-3300s\\\/\",\"name\":\"Birding Holiday in Tavira and the Ria Formosa - Your Nemesis Bird Destination\",\"isPartOf\":{\"@id\":\"https:\\\/\\\/becooltravel.com\\\/#website\"},\"primaryImageOfPage\":{\"@id\":\"https:\\\/\\\/becooltravel.com\\\/product\\\/birding-in-tavira-and-the-ria-formosa-fly-drive-3300s\\\/#primaryimage\"},\"image\":{\"@id\":\"https:\\\/\\\/becooltravel.com\\\/product\\\/birding-in-tavira-and-the-ria-formosa-fly-drive-3300s\\\/#primaryimage\"},\"thumbnailUrl\":\"https:\\\/\\\/i0.wp.com\\\/becooltravel.com\\\/wp-content\\\/uploads\\\/sites\\\/5\\\/2020\\\/05\\\/riaformosa_nemesis_bird_destination.jpg?fit=1195%2C800&ssl=1\",\"datePublished\":\"2020-03-06T15:04:24+00:00\",\"dateModified\":\"2025-03-03T17:17:15+00:00\",\"description\":\"Birding in Tavira and Ria Formosa: Your Nemesis Bird Destination, home for hundreds of endemic bird species, and a wintering and feeding station for many others, which thrive in its rich wetlands, saltmarshes, saltpans, and woods.\",\"breadcrumb\":{\"@id\":\"https:\\\/\\\/becooltravel.com\\\/product\\\/birding-in-tavira-and-the-ria-formosa-fly-drive-3300s\\\/#breadcrumb\"},\"inLanguage\":\"da-DK\",\"potentialAction\":[{\"@type\":\"ReadAction\",\"target\":[\"https:\\\/\\\/becooltravel.com\\\/product\\\/birding-in-tavira-and-the-ria-formosa-fly-drive-3300s\\\/\"]}]},{\"@type\":\"ImageObject\",\"inLanguage\":\"da-DK\",\"@id\":\"https:\\\/\\\/becooltravel.com\\\/product\\\/birding-in-tavira-and-the-ria-formosa-fly-drive-3300s\\\/#primaryimage\",\"url\":\"https:\\\/\\\/i0.wp.com\\\/becooltravel.com\\\/wp-content\\\/uploads\\\/sites\\\/5\\\/2020\\\/05\\\/riaformosa_nemesis_bird_destination.jpg?fit=1195%2C800&ssl=1\",\"contentUrl\":\"https:\\\/\\\/i0.wp.com\\\/becooltravel.com\\\/wp-content\\\/uploads\\\/sites\\\/5\\\/2020\\\/05\\\/riaformosa_nemesis_bird_destination.jpg?fit=1195%2C800&ssl=1\",\"width\":1195,\"height\":800,\"caption\":\"Ria Formosa Birdwatching\"},{\"@type\":\"BreadcrumbList\",\"@id\":\"https:\\\/\\\/becooltravel.com\\\/product\\\/birding-in-tavira-and-the-ria-formosa-fly-drive-3300s\\\/#breadcrumb\",\"itemListElement\":[{\"@type\":\"ListItem\",\"position\":1,\"name\":\"Home\",\"item\":\"https:\\\/\\\/becooltravel.com\\\/\"},{\"@type\":\"ListItem\",\"position\":2,\"name\":\"Shop\",\"item\":\"https:\\\/\\\/becooltravel.com\\\/?page_id=5\"},{\"@type\":\"ListItem\",\"position\":3,\"name\":\"Algarve holidays . You can use\u00a0footpaths and walking\u00a0 trails\u00a0to get to know the region, such as the\u00a0Algarve Way\u00a0or the\u00a0Vicentine Route along one of the best preserved coastal stretches.\",\"item\":\"https:\\\/\\\/becooltravel.com\\\/product-tag\\\/algarve\\\/\"},{\"@type\":\"ListItem\",\"position\":4,\"name\":\"Traditional Saltpans with numerous tanks, channels, creeks, and drainage ditches, where salt is manually harvested.\"}]},{\"@type\":\"WebSite\",\"@id\":\"https:\\\/\\\/becooltravel.com\\\/#website\",\"url\":\"https:\\\/\\\/becooltravel.com\\\/\",\"name\":\"BeCool Travel\",\"description\":\"Sustainable holidays in Portugal for independent travelers\",\"publisher\":{\"@id\":\"https:\\\/\\\/becooltravel.com\\\/#organization\"},\"potentialAction\":[{\"@type\":\"SearchAction\",\"target\":{\"@type\":\"EntryPoint\",\"urlTemplate\":\"https:\\\/\\\/becooltravel.com\\\/?s={search_term_string}\"},\"query-input\":{\"@type\":\"PropertyValueSpecification\",\"valueRequired\":true,\"valueName\":\"search_term_string\"}}],\"inLanguage\":\"da-DK\"},{\"@type\":\"Organization\",\"@id\":\"https:\\\/\\\/becooltravel.com\\\/#organization\",\"name\":\"BecoolTravel. com- Portugal\",\"url\":\"https:\\\/\\\/becooltravel.com\\\/\",\"logo\":{\"@type\":\"ImageObject\",\"inLanguage\":\"da-DK\",\"@id\":\"https:\\\/\\\/becooltravel.com\\\/#\\\/schema\\\/logo\\\/image\\\/\",\"url\":\"https:\\\/\\\/becooltravel.com\\\/wp-content\\\/uploads\\\/sites\\\/5\\\/2020\\\/03\\\/Logo_BeCool.jpg\",\"contentUrl\":\"https:\\\/\\\/becooltravel.com\\\/wp-content\\\/uploads\\\/sites\\\/5\\\/2020\\\/03\\\/Logo_BeCool.jpg\",\"width\":534,\"height\":534,\"caption\":\"BecoolTravel. com- Portugal\"},\"image\":{\"@id\":\"https:\\\/\\\/becooltravel.com\\\/#\\\/schema\\\/logo\\\/image\\\/\"},\"sameAs\":[\"https:\\\/\\\/www.facebook.com\\\/becooltravelagency\\\/\",\"https:\\\/\\\/x.com\\\/becool_travel\",\"https:\\\/\\\/www.instagram.com\\\/becooltravel_com\\\/\",\"https:\\\/\\\/www.linkedin.com\\\/company\\\/becool-travel\\\/\",\"https:\\\/\\\/www.youtube.com\\\/channel\\\/UCE7zRU3EVG1PgfXwQo-5uJw\"]}]}<\/script>\n<!-- \/ Yoast SEO Premium plugin. -->","yoast_head_json":{"title":"Fugleferie i Tavira og Ria Formosa - Din Nemesis fugledestination","description":"Fugleopdr\u00e6t i Tavira og Ria Formosa: Din Nemesis-fugledestination, hjemsted for hundredvis af endemiske fuglearter og en overvintrings- og fodringsstation for mange andre, som trives i dets rige v\u00e5domr\u00e5der, saltmarker, saltpander og skove.","robots":{"index":"index","follow":"follow","max-snippet":"max-snippet:-1","max-image-preview":"max-image-preview:large","max-video-preview":"max-video-preview:-1"},"canonical":"https:\/\/becooltravel.com\/da\/vare\/fuglekiggeri-i-tavira-og-ria-formosa-flue-drevet-3300s\/","og_locale":"da_DK","og_type":"article","og_title":"A fantastic itinerary developed and perfected by keen local birders","og_description":"Abundant species: Oystercatchers, Avocets, Dunlins, Little Stint, Wigeon, Sholever, Pintail, Pochard, Greater Flamingo, Glossy Ibis, Eurasian Spoonbill, Black-winged Kite, Caspian Tern, Bluethroat, Penduline Tit, Purple Swamphen, Little Bittern, Purple Heron, Collared Pratincole, Audouin\u2019s Gull, Little Tern, Eurasian Thick-knee, Little Bustard, Pallid Swift, Spectacled Warbler, European Bee-eater and Black-eared Wheatear.","og_url":"https:\/\/becooltravel.com\/da\/vare\/fuglekiggeri-i-tavira-og-ria-formosa-flue-drevet-3300s\/","og_site_name":"BeCool Travel","article_publisher":"https:\/\/www.facebook.com\/becooltravelagency\/","article_modified_time":"2025-03-03T17:17:15+00:00","og_image":[{"width":1200,"height":800,"url":"https:\/\/i0.wp.com\/becooltravel.com\/wp-content\/uploads\/sites\/5\/2020\/05\/Birdwatching-Algarve-Collared-Pratincole.jpg?fit=1200%2C800&ssl=1","type":"image\/jpeg"}],"twitter_card":"summary_large_image","twitter_title":"A fantastic itinerary developed and perfected by keen local birders","twitter_description":"Abundant species: Oystercatchers, Avocets, Dunlins, Little Stint, Wigeon, Sholever, Pintail, Pochard, Greater Flamingo, Glossy Ibis, Eurasian Spoonbill, Black-winged Kite, Caspian Tern, Bluethroat, Penduline Tit, Purple Swamphen, Little Bittern, Purple Heron, Collared Pratincole, Audouin\u2019s Gull, Little Tern, Eurasian Thick-knee, Little Bustard, Pallid Swift, Spectacled Warbler, European Bee-eater and Black-eared Wheatear.","twitter_image":"https:\/\/i0.wp.com\/becooltravel.com\/wp-content\/uploads\/sites\/5\/2020\/05\/Birdwatching-Ria-Formosa-Black-tailed-Godwit.jpg?fit=1200%2C800&ssl=1","twitter_site":"@becool_travel","twitter_misc":{"Estimeret l\u00e6setid":"4 minutter"},"schema":{"@context":"https:\/\/schema.org","@graph":[{"@type":"WebPage","@id":"https:\/\/becooltravel.com\/product\/birding-in-tavira-and-the-ria-formosa-fly-drive-3300s\/","url":"https:\/\/becooltravel.com\/product\/birding-in-tavira-and-the-ria-formosa-fly-drive-3300s\/","name":"Fugleferie i Tavira og Ria Formosa - Din Nemesis fugledestination","isPartOf":{"@id":"https:\/\/becooltravel.com\/#website"},"primaryImageOfPage":{"@id":"https:\/\/becooltravel.com\/product\/birding-in-tavira-and-the-ria-formosa-fly-drive-3300s\/#primaryimage"},"image":{"@id":"https:\/\/becooltravel.com\/product\/birding-in-tavira-and-the-ria-formosa-fly-drive-3300s\/#primaryimage"},"thumbnailUrl":"https:\/\/i0.wp.com\/becooltravel.com\/wp-content\/uploads\/sites\/5\/2020\/05\/riaformosa_nemesis_bird_destination.jpg?fit=1195%2C800&ssl=1","datePublished":"2020-03-06T15:04:24+00:00","dateModified":"2025-03-03T17:17:15+00:00","description":"Fugleopdr\u00e6t i Tavira og Ria Formosa: Din Nemesis-fugledestination, hjemsted for hundredvis af endemiske fuglearter og en overvintrings- og fodringsstation for mange andre, som trives i dets rige v\u00e5domr\u00e5der, saltmarker, saltpander og skove.","breadcrumb":{"@id":"https:\/\/becooltravel.com\/product\/birding-in-tavira-and-the-ria-formosa-fly-drive-3300s\/#breadcrumb"},"inLanguage":"da-DK","potentialAction":[{"@type":"ReadAction","target":["https:\/\/becooltravel.com\/product\/birding-in-tavira-and-the-ria-formosa-fly-drive-3300s\/"]}]},{"@type":"ImageObject","inLanguage":"da-DK","@id":"https:\/\/becooltravel.com\/product\/birding-in-tavira-and-the-ria-formosa-fly-drive-3300s\/#primaryimage","url":"https:\/\/i0.wp.com\/becooltravel.com\/wp-content\/uploads\/sites\/5\/2020\/05\/riaformosa_nemesis_bird_destination.jpg?fit=1195%2C800&ssl=1","contentUrl":"https:\/\/i0.wp.com\/becooltravel.com\/wp-content\/uploads\/sites\/5\/2020\/05\/riaformosa_nemesis_bird_destination.jpg?fit=1195%2C800&ssl=1","width":1195,"height":800,"caption":"Ria Formosa Birdwatching"},{"@type":"BreadcrumbList","@id":"https:\/\/becooltravel.com\/product\/birding-in-tavira-and-the-ria-formosa-fly-drive-3300s\/#breadcrumb","itemListElement":[{"@type":"ListItem","position":1,"name":"Home","item":"https:\/\/becooltravel.com\/"},{"@type":"ListItem","position":2,"name":"Shop","item":"https:\/\/becooltravel.com\/?page_id=5"},{"@type":"ListItem","position":3,"name":"Algarve holidays . You can use\u00a0footpaths and walking\u00a0 trails\u00a0to get to know the region, such as the\u00a0Algarve Way\u00a0or the\u00a0Vicentine Route along one of the best preserved coastal stretches.","item":"https:\/\/becooltravel.com\/product-tag\/algarve\/"},{"@type":"ListItem","position":4,"name":"Traditional Saltpans with numerous tanks, channels, creeks, and drainage ditches, where salt is manually harvested."}]},{"@type":"WebSite","@id":"https:\/\/becooltravel.com\/#website","url":"https:\/\/becooltravel.com\/","name":"BeCool rejse","description":"B\u00e6redygtig ferie i Portugal for uafh\u00e6ngige rejsende","publisher":{"@id":"https:\/\/becooltravel.com\/#organization"},"potentialAction":[{"@type":"SearchAction","target":{"@type":"EntryPoint","urlTemplate":"https:\/\/becooltravel.com\/?s={search_term_string}"},"query-input":{"@type":"PropertyValueSpecification","valueRequired":true,"valueName":"search_term_string"}}],"inLanguage":"da-DK"},{"@type":"Organization","@id":"https:\/\/becooltravel.com\/#organization","name":"BecoolTravel. com- Portugal","url":"https:\/\/becooltravel.com\/","logo":{"@type":"ImageObject","inLanguage":"da-DK","@id":"https:\/\/becooltravel.com\/#\/schema\/logo\/image\/","url":"https:\/\/becooltravel.com\/wp-content\/uploads\/sites\/5\/2020\/03\/Logo_BeCool.jpg","contentUrl":"https:\/\/becooltravel.com\/wp-content\/uploads\/sites\/5\/2020\/03\/Logo_BeCool.jpg","width":534,"height":534,"caption":"BecoolTravel. com- Portugal"},"image":{"@id":"https:\/\/becooltravel.com\/#\/schema\/logo\/image\/"},"sameAs":["https:\/\/www.facebook.com\/becooltravelagency\/","https:\/\/x.com\/becool_travel","https:\/\/www.instagram.com\/becooltravel_com\/","https:\/\/www.linkedin.com\/company\/becool-travel\/","https:\/\/www.youtube.com\/channel\/UCE7zRU3EVG1PgfXwQo-5uJw"]}]}},"jetpack_sharing_enabled":true,"_links":{"self":[{"href":"https:\/\/becooltravel.com\/da\/wp-json\/wp\/v2\/product\/3754","targetHints":{"allow":["GET"]}}],"collection":[{"href":"https:\/\/becooltravel.com\/da\/wp-json\/wp\/v2\/product"}],"about":[{"href":"https:\/\/becooltravel.com\/da\/wp-json\/wp\/v2\/types\/product"}],"replies":[{"embeddable":true,"href":"https:\/\/becooltravel.com\/da\/wp-json\/wp\/v2\/comments?post=3754"}],"wp:featuredmedia":[{"embeddable":true,"href":"https:\/\/becooltravel.com\/da\/wp-json\/wp\/v2\/media\/4605"}],"wp:attachment":[{"href":"https:\/\/becooltravel.com\/da\/wp-json\/wp\/v2\/media?parent=3754"}],"wp:term":[{"taxonomy":"product_brand","embeddable":true,"href":"https:\/\/becooltravel.com\/da\/wp-json\/wp\/v2\/product_brand?post=3754"},{"taxonomy":"product_cat","embeddable":true,"href":"https:\/\/becooltravel.com\/da\/wp-json\/wp\/v2\/product_cat?post=3754"},{"taxonomy":"product_tag","embeddable":true,"href":"https:\/\/becooltravel.com\/da\/wp-json\/wp\/v2\/product_tag?post=3754"}],"curies":[{"name":"wp","href":"https:\/\/api.w.org\/{rel}","templated":true}]}}