{"id":3768,"date":"2020-03-06T13:14:13","date_gmt":"2020-03-06T13:14:13","guid":{"rendered":"https:\/\/becooltravel.com\/product\/geres-the-wild-portugal-castro-laboreiro-1401s\/"},"modified":"2026-03-18T11:43:34","modified_gmt":"2026-03-18T11:43:34","slug":"geres-the-wild-portugal-castro-laboreiro-1401s","status":"publish","type":"product","link":"https:\/\/becooltravel.com\/da\/vare\/geres-the-wild-portugal-castro-laboreiro-1401s\/","title":{"rendered":"Vandreferie i Geres og Castro Laboreiro: Det vilde Portugal"},"content":{"rendered":"<p>Dette er en tur for eventyrlystne vandrere og dyrelivselskere, der f\u00f8lger stier, der sk\u00e6rer gennem brusende vandfald, gr\u00f8nne egeskove, hedeomr\u00e5der med t\u00e6ppe med vilde blomster, udfordrende klippestier og afk\u00f8lende naturlige pools.<\/p>\n<div id=\"attachment_2780\" style=\"width: 1034px\" class=\"wp-caption alignnone\"><img data-recalc-dims=\"1\" decoding=\"async\" aria-describedby=\"caption-attachment-2780\" class=\"wp-image-2780 size-large\" title=\"Peneda National Park Portugal\" src=\"https:\/\/i0.wp.com\/legendatours.net\/wp-content\/uploads\/2020\/07\/Castro_laboreiro_roman-bridge-1024x655.jpg?resize=1024%2C655&#038;ssl=1\" alt=\"Peneda National Park Portugal\" width=\"1024\" height=\"655\" \/><p id=\"caption-attachment-2780\" class=\"wp-caption-text\">Castro Laboreiro bro. Peneda-Ger\u00eas National Park er et uds\u00f8gt milj\u00f8 med enest\u00e5ende sk\u00f8nhed.<\/p><\/div>\n<p>Peneda-Ger\u00eas blev oprettet i 1971 for at bevare regionens naturlige vidundere, dens traditionelle lokale praksis og livsstil, og er Portugals eneste nationalpark. En lokkende blanding af vildmark og civilisation, parken har en dramatisk og f\u00e6ngslende topografi. Terr\u00e6net er klippefyldt, barskt og bjergrigt, biodiversiteten er utrolig og slutter sig til endemiske arter som den vilde pony (garranos), r\u00e5dyr (pr\u00e6get p\u00e5 parkens logo) og den truede iberiske ulv.<\/p>\n<p>Regionen har en rig historisk og kulturel arv med megalitiske og romerske spor (slotte, broer, m\u00f8ller, d\u00e6mninger, ovne osv.). Sm\u00e5 gamle kirker og andre religi\u00f8se strukturer prikker landskabet. I Peneda-dalen ned ad en af vores g\u00e5ture langs floden Peneda til et ikonisk pilgrimsvandringscenter med en bem\u00e6rkelsesv\u00e6rdig helligdom og storsl\u00e5et trappe.<\/p>\n<p>Du finder klynger af hyggelige kornkammer bygget af granit, som stadig bruges af lokale landm\u00e6nd til opbevaring af majs. Disse miniature stenhuse er h\u00e6vet og toppet med et kors for at velsigne afgr\u00f8derne og holde dj\u00e6velen og plagerne v\u00e6k.<\/p>\n<div id=\"attachment_2781\" style=\"width: 1034px\" class=\"wp-caption alignnone\"><img data-recalc-dims=\"1\" decoding=\"async\" aria-describedby=\"caption-attachment-2781\" class=\"wp-image-2781 size-large\" src=\"https:\/\/i0.wp.com\/legendatours.net\/wp-content\/uploads\/2020\/07\/Geres-1-1024x604.jpg?resize=1024%2C604&#038;ssl=1\" alt=\"Enest\u00e5ende sk\u00f8nhed Peneda National Park: Portugal\" width=\"1024\" height=\"604\" \/><p id=\"caption-attachment-2781\" class=\"wp-caption-text\">Geres. Denne nationalpark rummer noget af det smukkeste og mest varierede landskab, der findes i hele landet<\/p><\/div>\n<p>Traditionelle bittesm\u00e5 bjerglandsbyer, som forblev u\u00e6ndrede i \u00e5rhundreder, er ogs\u00e5 bygget med granit, der smelter sammen med de majest\u00e6tiske forrevne gr\u00e5 bjerge i Peneda-Ger\u00eas Natural Park, der stiger fra de gr\u00f8nneste landskaber. Ger\u00eas-liljen, en bl\u00e5-violet blomst, der er endemisk i parken, drysser landskabet om for\u00e5ret og tilbyder et naturligt skuespil.<\/p>\n<p>Her ser tiden ud til at have st\u00e5et stille, men bjergene lever meget. De lokale indbyggere lever stadig af landet, kornafgr\u00f8derne og opdr\u00e6t af det pragtfulde langhornede kv\u00e6g (du finder dem vandre frit gennem gaderne). Den harmoniske sameksistens mellem menneske og natur er n\u00f8glen til parkens charme.<\/p>\n<p>Bjergmad er uh\u00f8jtidelig, omfattende og l\u00e6kker. S\u00e6t den sammen med et glas (eller en sk\u00e5l, traditionel i denne region!) Vinho Verde, en let mousserende vin efter en dag med udforskning, og du har det hele!<\/p>\n<div class=\"row\" style=\"display: flex;\">\n<div class=\"column\" style=\"flex: 45%;\">\n<p><iframe title=\"Parque Nacional da Peneda-Ger\u00eas\" width=\"1080\" height=\"608\" src=\"https:\/\/www.youtube.com\/embed\/secPw1_xhEw?feature=oembed\" frameborder=\"0\" allow=\"accelerometer; autoplay; clipboard-write; encrypted-media; gyroscope; picture-in-picture; web-share\" referrerpolicy=\"strict-origin-when-cross-origin\" allowfullscreen><\/iframe><\/p>\n<\/div>\n<div class=\"column\" style=\"flex: 10%;\"><\/div>\n<div class=\"column\" style=\"flex: 45%;\">\n<p><iframe title=\"Altominho Greenways\" width=\"1080\" height=\"608\" src=\"https:\/\/www.youtube.com\/embed\/xgW_2cJGXT8?feature=oembed\" frameborder=\"0\" allow=\"accelerometer; autoplay; clipboard-write; encrypted-media; gyroscope; picture-in-picture; web-share\" referrerpolicy=\"strict-origin-when-cross-origin\" allowfullscreen><\/iframe><\/p>\n<\/div>\n<\/div>","protected":false},"excerpt":{"rendered":"<p>Dette er en tur for eventyrlystne vandrere og dyrelivselskere, der f\u00f8lger stier, der sk\u00e6rer gennem brusende vandfald, gr\u00f8nne egeskove, hedeomr\u00e5der med t\u00e6ppe med vilde blomster, udfordrende klippestier og afk\u00f8lende naturlige pools.<\/p>","protected":false},"featured_media":4890,"comment_status":"closed","ping_status":"closed","template":"","meta":{"_acf_changed":false,"inline_featured_image":false},"product_brand":[],"product_cat":[327,338],"product_tag":[1038,1053,254,358,112,203,1039,1040,897,726,93,204,784,1041,579,624,1060,1054,1061,1062,1063,1064,1042,105,261,384,122,1043,1044,478,1045,73,1007,754,189,210,727,1278,74,70,790,574,1065,1066,1067,1068,1069,980,1055,1048,322,304,323,728,369,1056,1070,1057,886,1071,1072,1073,821,1058,1074,1059,88,972,729,310],"class_list":{"0":"post-3768","1":"product","2":"type-product","3":"status-publish","4":"has-post-thumbnail","6":"product_cat-self-guided-tours-portugal","7":"product_cat-self-guided-walking-holidays","8":"product_tag-adventure","9":"product_tag-alleine-reisen","10":"product_tag-ancient-buildings","11":"product_tag-ancient-churches","12":"product_tag-ancient-villages-and-castles","13":"product_tag-beautiful-landscapes","14":"product_tag-biodiversity","15":"product_tag-bridges","16":"product_tag-castle","17":"product_tag-castro-laboreiro","18":"product_tag-countryside-villages","19":"product_tag-cultural-heritage","20":"product_tag-culture","21":"product_tag-farmers","22":"product_tag-green-landscape","23":"product_tag-heritage","24":"product_tag-individual-hiking","25":"product_tag-individuelle-touren","26":"product_tag-individuelle-trekkingreisen","27":"product_tag-individuelle-wandern","28":"product_tag-individuelle-wanderreisen","29":"product_tag-individuelle-wandertouren","30":"product_tag-lifestyle","31":"product_tag-local-fauna-and-flora","32":"product_tag-local-gastronomy","33":"product_tag-magnificent-landscape","34":"product_tag-megalithic-monuments","35":"product_tag-mountain","36":"product_tag-natural","37":"product_tag-natural-park","38":"product_tag-natural-pools","39":"product_tag-natural-scenery","40":"product_tag-nature","41":"product_tag-north-of-portugal","42":"product_tag-northern-portugal","43":"product_tag-panoramic-views-in-portugal","44":"product_tag-peneda","45":"product_tag-peneda-geres","46":"product_tag-peneda-geres-national-park","47":"product_tag-peneda-geres-walking","48":"product_tag-picturesque-landscapes","49":"product_tag-private-tour","50":"product_tag-rando-autoguidee","51":"product_tag-rando-liberte","52":"product_tag-randonnee-autoguidee","53":"product_tag-randonnee-en-liberte","54":"product_tag-randonnee-liberte","55":"product_tag-roman-vestiges","56":"product_tag-sejour-en-liberte","57":"product_tag-self-guide-tour","58":"product_tag-self-guided","59":"product_tag-self-guided-walking","60":"product_tag-self-guided-walking-holiday","61":"product_tag-self-guided-walking-tour","62":"product_tag-self-guided-walks","63":"product_tag-solo-reisen","64":"product_tag-solo-wandern","65":"product_tag-tours-autoguidees","66":"product_tag-traditions","67":"product_tag-trek-en-liberte","68":"product_tag-trek-solo","69":"product_tag-trekking-solo","70":"product_tag-valleys","71":"product_tag-voyage-en-liberte","72":"product_tag-voyages-a-pied-en-liberte","73":"product_tag-voyages-en-autonomie","74":"product_tag-walking-tour","75":"product_tag-waterfalls","76":"product_tag-wild-portugal","77":"product_tag-wildlife","79":"first","80":"instock","81":"virtual","82":"product-type-simple"},"acf":[],"yoast_head":"<!-- This site is optimized with the Yoast SEO Premium plugin v26.8 (Yoast SEO v27.4) - https:\/\/yoast.com\/product\/yoast-seo-premium-wordpress\/ -->\n<title>Walking Holidays in Geres and Castro Laboreiro: The Wild Portugal<\/title>\n<meta name=\"description\" content=\"A walking tour in Portugal for adventurous hikers and wildlife lovers, following trails that cut through roaring waterfalls, challenging rocky paths, moorlands carpeted with wild flowers, challenging rocky paths, and cooling natural pools.\" \/>\n<meta name=\"robots\" content=\"index, follow, max-snippet:-1, max-image-preview:large, max-video-preview:-1\" \/>\n<link rel=\"canonical\" href=\"https:\/\/becooltravel.com\/da\/vare\/geres-the-wild-portugal-castro-laboreiro-1401s\/\" \/>\n<meta property=\"og:locale\" content=\"da_DK\" \/>\n<meta property=\"og:type\" content=\"article\" \/>\n<meta property=\"og:title\" content=\"This a tour for adventurous hikers and wildlife lovers, following trails that cut through roaring waterfalls, green oak woods, moorlands carpeted with wild flowers, challenging rocky paths, and cooling natural pools.\" \/>\n<meta property=\"og:description\" content=\"Created in 1971 to preserve the region\u2019s natural wonders, its traditional local practices and lifestyles, Peneda-Ger\u00eas is Portugal\u2019s only National Park. An enticing blend of wilderness and civilisation, the park has a dramatic and jaw dropping topography. The terrain is rocky, rugged and mountainous, the biodiversity is incredible, joining endemic species such as the wild pony (garranos), roe deer\u2019s (emblazoned on the park\u2019s logo) and the endangered Iberian wolf.\" \/>\n<meta property=\"og:url\" content=\"https:\/\/becooltravel.com\/da\/vare\/geres-the-wild-portugal-castro-laboreiro-1401s\/\" \/>\n<meta property=\"og:site_name\" content=\"BeCool Travel\" \/>\n<meta property=\"article:publisher\" content=\"https:\/\/www.facebook.com\/becooltravelagency\/\" \/>\n<meta property=\"article:modified_time\" content=\"2026-03-18T11:43:34+00:00\" \/>\n<meta property=\"og:image\" content=\"https:\/\/becooltravel.com\/wp-content\/uploads\/sites\/5\/2020\/07\/Mata-albergaria.jpg\" \/>\n\t<meta property=\"og:image:width\" content=\"1067\" \/>\n\t<meta property=\"og:image:height\" content=\"800\" \/>\n\t<meta property=\"og:image:type\" content=\"image\/jpeg\" \/>\n<meta name=\"twitter:card\" content=\"summary_large_image\" \/>\n<meta name=\"twitter:title\" content=\"The region has a rich historical and cultural heritage with megalithic and Roman traces (castles, bridges, mills, dams, ovens, etc.\" \/>\n<meta name=\"twitter:description\" content=\"This a walking tour for adventurous hikers and wildlife lovers, following trails that cut through roaring waterfalls, green oak woods, moorlands carpeted with wild flowers, challenging rocky paths, and cooling natural pools. 2 Book NowBook now Categories: Self-guided Tours, Self-Guided Walking Share0OVERVIEW ITINERARY INFO WHAT&#039;S INCLUDED INSURANCE In the Peneda Valley, one of our walks descends alongside the River Peneda to an iconic pilgrimage centre with a remarkable sanctuary and grand staircase.You\u2019ll find clusters of quaint granaries built of granite which are still used by local farmers to store corn. These miniature stone houses are elevated and topped with a cross to bless the crops and keep the devil and plagues away.\" \/>\n<meta name=\"twitter:image\" content=\"https:\/\/i0.wp.com\/becooltravel.com\/wp-content\/uploads\/sites\/5\/2020\/05\/Parque-Nacional-da-Peneda-Geres-Medium.jpg?fit=1024%2C768&ssl=1\" \/>\n<meta name=\"twitter:site\" content=\"@becool_travel\" \/>\n<meta name=\"twitter:label1\" content=\"Estimeret l\u00e6setid\" \/>\n\t<meta name=\"twitter:data1\" content=\"3 minutter\" \/>\n<script type=\"application\/ld+json\" class=\"yoast-schema-graph\">{\"@context\":\"https:\\\/\\\/schema.org\",\"@graph\":[{\"@type\":\"WebPage\",\"@id\":\"https:\\\/\\\/becooltravel.com\\\/product\\\/geres-the-wild-portugal-castro-laboreiro-1401s\\\/\",\"url\":\"https:\\\/\\\/becooltravel.com\\\/product\\\/geres-the-wild-portugal-castro-laboreiro-1401s\\\/\",\"name\":\"Walking Holidays in Geres and Castro Laboreiro: The Wild Portugal\",\"isPartOf\":{\"@id\":\"https:\\\/\\\/becooltravel.com\\\/#website\"},\"primaryImageOfPage\":{\"@id\":\"https:\\\/\\\/becooltravel.com\\\/product\\\/geres-the-wild-portugal-castro-laboreiro-1401s\\\/#primaryimage\"},\"image\":{\"@id\":\"https:\\\/\\\/becooltravel.com\\\/product\\\/geres-the-wild-portugal-castro-laboreiro-1401s\\\/#primaryimage\"},\"thumbnailUrl\":\"https:\\\/\\\/i0.wp.com\\\/becooltravel.com\\\/wp-content\\\/uploads\\\/sites\\\/5\\\/2020\\\/05\\\/Geres-2.jpg?fit=1024%2C768&ssl=1\",\"datePublished\":\"2020-03-06T13:14:13+00:00\",\"dateModified\":\"2026-03-18T11:43:34+00:00\",\"description\":\"A walking tour in Portugal for adventurous hikers and wildlife lovers, following trails that cut through roaring waterfalls, challenging rocky paths, moorlands carpeted with wild flowers, challenging rocky paths, and cooling natural pools.\",\"breadcrumb\":{\"@id\":\"https:\\\/\\\/becooltravel.com\\\/product\\\/geres-the-wild-portugal-castro-laboreiro-1401s\\\/#breadcrumb\"},\"inLanguage\":\"da-DK\",\"potentialAction\":[{\"@type\":\"ReadAction\",\"target\":[\"https:\\\/\\\/becooltravel.com\\\/product\\\/geres-the-wild-portugal-castro-laboreiro-1401s\\\/\"]}]},{\"@type\":\"ImageObject\",\"inLanguage\":\"da-DK\",\"@id\":\"https:\\\/\\\/becooltravel.com\\\/product\\\/geres-the-wild-portugal-castro-laboreiro-1401s\\\/#primaryimage\",\"url\":\"https:\\\/\\\/i0.wp.com\\\/becooltravel.com\\\/wp-content\\\/uploads\\\/sites\\\/5\\\/2020\\\/05\\\/Geres-2.jpg?fit=1024%2C768&ssl=1\",\"contentUrl\":\"https:\\\/\\\/i0.wp.com\\\/becooltravel.com\\\/wp-content\\\/uploads\\\/sites\\\/5\\\/2020\\\/05\\\/Geres-2.jpg?fit=1024%2C768&ssl=1\",\"width\":1024,\"height\":768,\"caption\":\"Geres\"},{\"@type\":\"BreadcrumbList\",\"@id\":\"https:\\\/\\\/becooltravel.com\\\/product\\\/geres-the-wild-portugal-castro-laboreiro-1401s\\\/#breadcrumb\",\"itemListElement\":[{\"@type\":\"ListItem\",\"position\":1,\"name\":\"Home\",\"item\":\"https:\\\/\\\/becooltravel.com\\\/\"},{\"@type\":\"ListItem\",\"position\":2,\"name\":\"Shop\",\"item\":\"https:\\\/\\\/becooltravel.com\\\/?page_id=5\"},{\"@type\":\"ListItem\",\"position\":3,\"name\":\"A Fantastic range of adventure holidays\u00a0in\u00a0Portugal . We specialise in\u00a0activity\u00a0tours of\u00a0Portugal.\",\"item\":\"https:\\\/\\\/becooltravel.com\\\/product-tag\\\/adventure\\\/\"},{\"@type\":\"ListItem\",\"position\":4,\"name\":\"Walking holidays for adventurous hikers and wildlife lovers in Portugal\"}]},{\"@type\":\"WebSite\",\"@id\":\"https:\\\/\\\/becooltravel.com\\\/#website\",\"url\":\"https:\\\/\\\/becooltravel.com\\\/\",\"name\":\"BeCool Travel\",\"description\":\"Sustainable holidays in Portugal for independent travelers\",\"publisher\":{\"@id\":\"https:\\\/\\\/becooltravel.com\\\/#organization\"},\"potentialAction\":[{\"@type\":\"SearchAction\",\"target\":{\"@type\":\"EntryPoint\",\"urlTemplate\":\"https:\\\/\\\/becooltravel.com\\\/?s={search_term_string}\"},\"query-input\":{\"@type\":\"PropertyValueSpecification\",\"valueRequired\":true,\"valueName\":\"search_term_string\"}}],\"inLanguage\":\"da-DK\"},{\"@type\":\"Organization\",\"@id\":\"https:\\\/\\\/becooltravel.com\\\/#organization\",\"name\":\"BecoolTravel. com- Portugal\",\"url\":\"https:\\\/\\\/becooltravel.com\\\/\",\"logo\":{\"@type\":\"ImageObject\",\"inLanguage\":\"da-DK\",\"@id\":\"https:\\\/\\\/becooltravel.com\\\/#\\\/schema\\\/logo\\\/image\\\/\",\"url\":\"https:\\\/\\\/becooltravel.com\\\/wp-content\\\/uploads\\\/sites\\\/5\\\/2020\\\/03\\\/Logo_BeCool.jpg\",\"contentUrl\":\"https:\\\/\\\/becooltravel.com\\\/wp-content\\\/uploads\\\/sites\\\/5\\\/2020\\\/03\\\/Logo_BeCool.jpg\",\"width\":534,\"height\":534,\"caption\":\"BecoolTravel. com- Portugal\"},\"image\":{\"@id\":\"https:\\\/\\\/becooltravel.com\\\/#\\\/schema\\\/logo\\\/image\\\/\"},\"sameAs\":[\"https:\\\/\\\/www.facebook.com\\\/becooltravelagency\\\/\",\"https:\\\/\\\/x.com\\\/becool_travel\",\"https:\\\/\\\/www.instagram.com\\\/becooltravel_com\\\/\",\"https:\\\/\\\/www.linkedin.com\\\/company\\\/becool-travel\\\/\",\"https:\\\/\\\/www.youtube.com\\\/channel\\\/UCE7zRU3EVG1PgfXwQo-5uJw\"]}]}<\/script>\n<!-- \/ Yoast SEO Premium plugin. -->","yoast_head_json":{"title":"Vandreferie i Geres og Castro Laboreiro: Det vilde Portugal","description":"En vandretur i Portugal for eventyrlystne vandrere og dyrelivselskere, der f\u00f8lger stier, der sk\u00e6rer gennem brusende vandfald, udfordrende klippestier, hedeomr\u00e5der med vilde blomster, udfordrende klippestier og k\u00f8lende naturlige pools.","robots":{"index":"index","follow":"follow","max-snippet":"max-snippet:-1","max-image-preview":"max-image-preview:large","max-video-preview":"max-video-preview:-1"},"canonical":"https:\/\/becooltravel.com\/da\/vare\/geres-the-wild-portugal-castro-laboreiro-1401s\/","og_locale":"da_DK","og_type":"article","og_title":"This a tour for adventurous hikers and wildlife lovers, following trails that cut through roaring waterfalls, green oak woods, moorlands carpeted with wild flowers, challenging rocky paths, and cooling natural pools.","og_description":"Created in 1971 to preserve the region\u2019s natural wonders, its traditional local practices and lifestyles, Peneda-Ger\u00eas is Portugal\u2019s only National Park. An enticing blend of wilderness and civilisation, the park has a dramatic and jaw dropping topography. The terrain is rocky, rugged and mountainous, the biodiversity is incredible, joining endemic species such as the wild pony (garranos), roe deer\u2019s (emblazoned on the park\u2019s logo) and the endangered Iberian wolf.","og_url":"https:\/\/becooltravel.com\/da\/vare\/geres-the-wild-portugal-castro-laboreiro-1401s\/","og_site_name":"BeCool Travel","article_publisher":"https:\/\/www.facebook.com\/becooltravelagency\/","article_modified_time":"2026-03-18T11:43:34+00:00","og_image":[{"width":1067,"height":800,"url":"https:\/\/becooltravel.com\/wp-content\/uploads\/sites\/5\/2020\/07\/Mata-albergaria.jpg","type":"image\/jpeg"}],"twitter_card":"summary_large_image","twitter_title":"The region has a rich historical and cultural heritage with megalithic and Roman traces (castles, bridges, mills, dams, ovens, etc.","twitter_description":"This a walking tour for adventurous hikers and wildlife lovers, following trails that cut through roaring waterfalls, green oak woods, moorlands carpeted with wild flowers, challenging rocky paths, and cooling natural pools. 2 Book NowBook now Categories: Self-guided Tours, Self-Guided Walking Share0OVERVIEW ITINERARY INFO WHAT'S INCLUDED INSURANCE In the Peneda Valley, one of our walks descends alongside the River Peneda to an iconic pilgrimage centre with a remarkable sanctuary and grand staircase.You\u2019ll find clusters of quaint granaries built of granite which are still used by local farmers to store corn. These miniature stone houses are elevated and topped with a cross to bless the crops and keep the devil and plagues away.","twitter_image":"https:\/\/i0.wp.com\/becooltravel.com\/wp-content\/uploads\/sites\/5\/2020\/05\/Parque-Nacional-da-Peneda-Geres-Medium.jpg?fit=1024%2C768&ssl=1","twitter_site":"@becool_travel","twitter_misc":{"Estimeret l\u00e6setid":"3 minutter"},"schema":{"@context":"https:\/\/schema.org","@graph":[{"@type":"WebPage","@id":"https:\/\/becooltravel.com\/product\/geres-the-wild-portugal-castro-laboreiro-1401s\/","url":"https:\/\/becooltravel.com\/product\/geres-the-wild-portugal-castro-laboreiro-1401s\/","name":"Vandreferie i Geres og Castro Laboreiro: Det vilde Portugal","isPartOf":{"@id":"https:\/\/becooltravel.com\/#website"},"primaryImageOfPage":{"@id":"https:\/\/becooltravel.com\/product\/geres-the-wild-portugal-castro-laboreiro-1401s\/#primaryimage"},"image":{"@id":"https:\/\/becooltravel.com\/product\/geres-the-wild-portugal-castro-laboreiro-1401s\/#primaryimage"},"thumbnailUrl":"https:\/\/i0.wp.com\/becooltravel.com\/wp-content\/uploads\/sites\/5\/2020\/05\/Geres-2.jpg?fit=1024%2C768&ssl=1","datePublished":"2020-03-06T13:14:13+00:00","dateModified":"2026-03-18T11:43:34+00:00","description":"En vandretur i Portugal for eventyrlystne vandrere og dyrelivselskere, der f\u00f8lger stier, der sk\u00e6rer gennem brusende vandfald, udfordrende klippestier, hedeomr\u00e5der med vilde blomster, udfordrende klippestier og k\u00f8lende naturlige pools.","breadcrumb":{"@id":"https:\/\/becooltravel.com\/product\/geres-the-wild-portugal-castro-laboreiro-1401s\/#breadcrumb"},"inLanguage":"da-DK","potentialAction":[{"@type":"ReadAction","target":["https:\/\/becooltravel.com\/product\/geres-the-wild-portugal-castro-laboreiro-1401s\/"]}]},{"@type":"ImageObject","inLanguage":"da-DK","@id":"https:\/\/becooltravel.com\/product\/geres-the-wild-portugal-castro-laboreiro-1401s\/#primaryimage","url":"https:\/\/i0.wp.com\/becooltravel.com\/wp-content\/uploads\/sites\/5\/2020\/05\/Geres-2.jpg?fit=1024%2C768&ssl=1","contentUrl":"https:\/\/i0.wp.com\/becooltravel.com\/wp-content\/uploads\/sites\/5\/2020\/05\/Geres-2.jpg?fit=1024%2C768&ssl=1","width":1024,"height":768,"caption":"Geres"},{"@type":"BreadcrumbList","@id":"https:\/\/becooltravel.com\/product\/geres-the-wild-portugal-castro-laboreiro-1401s\/#breadcrumb","itemListElement":[{"@type":"ListItem","position":1,"name":"Home","item":"https:\/\/becooltravel.com\/"},{"@type":"ListItem","position":2,"name":"Shop","item":"https:\/\/becooltravel.com\/?page_id=5"},{"@type":"ListItem","position":3,"name":"A Fantastic range of adventure holidays\u00a0in\u00a0Portugal . We specialise in\u00a0activity\u00a0tours of\u00a0Portugal.","item":"https:\/\/becooltravel.com\/product-tag\/adventure\/"},{"@type":"ListItem","position":4,"name":"Walking holidays for adventurous hikers and wildlife lovers in Portugal"}]},{"@type":"WebSite","@id":"https:\/\/becooltravel.com\/#website","url":"https:\/\/becooltravel.com\/","name":"BeCool rejse","description":"B\u00e6redygtig ferie i Portugal for uafh\u00e6ngige rejsende","publisher":{"@id":"https:\/\/becooltravel.com\/#organization"},"potentialAction":[{"@type":"SearchAction","target":{"@type":"EntryPoint","urlTemplate":"https:\/\/becooltravel.com\/?s={search_term_string}"},"query-input":{"@type":"PropertyValueSpecification","valueRequired":true,"valueName":"search_term_string"}}],"inLanguage":"da-DK"},{"@type":"Organization","@id":"https:\/\/becooltravel.com\/#organization","name":"BecoolTravel. com- Portugal","url":"https:\/\/becooltravel.com\/","logo":{"@type":"ImageObject","inLanguage":"da-DK","@id":"https:\/\/becooltravel.com\/#\/schema\/logo\/image\/","url":"https:\/\/becooltravel.com\/wp-content\/uploads\/sites\/5\/2020\/03\/Logo_BeCool.jpg","contentUrl":"https:\/\/becooltravel.com\/wp-content\/uploads\/sites\/5\/2020\/03\/Logo_BeCool.jpg","width":534,"height":534,"caption":"BecoolTravel. com- Portugal"},"image":{"@id":"https:\/\/becooltravel.com\/#\/schema\/logo\/image\/"},"sameAs":["https:\/\/www.facebook.com\/becooltravelagency\/","https:\/\/x.com\/becool_travel","https:\/\/www.instagram.com\/becooltravel_com\/","https:\/\/www.linkedin.com\/company\/becool-travel\/","https:\/\/www.youtube.com\/channel\/UCE7zRU3EVG1PgfXwQo-5uJw"]}]}},"jetpack_sharing_enabled":true,"_links":{"self":[{"href":"https:\/\/becooltravel.com\/da\/wp-json\/wp\/v2\/product\/3768","targetHints":{"allow":["GET"]}}],"collection":[{"href":"https:\/\/becooltravel.com\/da\/wp-json\/wp\/v2\/product"}],"about":[{"href":"https:\/\/becooltravel.com\/da\/wp-json\/wp\/v2\/types\/product"}],"replies":[{"embeddable":true,"href":"https:\/\/becooltravel.com\/da\/wp-json\/wp\/v2\/comments?post=3768"}],"wp:featuredmedia":[{"embeddable":true,"href":"https:\/\/becooltravel.com\/da\/wp-json\/wp\/v2\/media\/4890"}],"wp:attachment":[{"href":"https:\/\/becooltravel.com\/da\/wp-json\/wp\/v2\/media?parent=3768"}],"wp:term":[{"taxonomy":"product_brand","embeddable":true,"href":"https:\/\/becooltravel.com\/da\/wp-json\/wp\/v2\/product_brand?post=3768"},{"taxonomy":"product_cat","embeddable":true,"href":"https:\/\/becooltravel.com\/da\/wp-json\/wp\/v2\/product_cat?post=3768"},{"taxonomy":"product_tag","embeddable":true,"href":"https:\/\/becooltravel.com\/da\/wp-json\/wp\/v2\/product_tag?post=3768"}],"curies":[{"name":"wp","href":"https:\/\/api.w.org\/{rel}","templated":true}]}}