{"id":3799,"date":"2020-03-05T17:37:34","date_gmt":"2020-03-05T17:37:34","guid":{"rendered":"https:\/\/becooltravel.com\/product\/viana-do-castelo-the-lima-valley-13100g\/"},"modified":"2025-08-04T15:48:50","modified_gmt":"2025-08-04T15:48:50","slug":"viana-do-castelo-the-lima-valley-13100g","status":"publish","type":"product","link":"https:\/\/becooltravel.com\/da\/vare\/viana-do-castelo-the-lima-valley-13100g\/","title":{"rendered":"G\u00e5tur i Viana do Castelo og Lima-dalen"},"content":{"rendered":"<p>Viana do Castelo er m\u00e5ske det nordlige Portugals mest historiske kystby. Beliggende p\u00e5 den nordlige bred af Lima-mundingen har den en lang tradition for s\u00f8fart. Udforskere, handlende og fiskere sejlede fra havnen til Sydamerika, Afrika og Newfoundland.<\/p>\n<p>Byens omgivelser, lige ved Rio Lima-mundingen, betyder, at Viana do Castelo kun er et kort hop fra nogle fremragende strande og vidunderlige forrevne, klippefyldte kyster. Det er ogs\u00e5 en praktisk base for at udforske den nedre Lima-dal og de n\u00e6rliggende Serra d&#039;Arga-bjerge. Ofte beskrevet som &#039;Entre o mar, o Rio ea Montana (mellem havet, floden og bjergene), er den nordlige by Viana do Castelo pr\u00e6cis det.<\/p>\n<p>Alt dette g\u00f8r det til et perfekt omr\u00e5de at nyde sightseeing, g\u00e5ture og udforske gennem dalene, over bjergene og langs kysten.<\/p>\n<p>Santa Luzia-bjerget kan prale af ikke kun en fremragende miradouro, et udsigtspunkt med nogle af de bedste panoramaudsigter i Portugal, men ogs\u00e5 en fascinerende basilika (Santuario de Santa Luzia) og resterne af en kelto-iberisk bos\u00e6ttelse. G\u00e5r man l\u00e6ngere ud, byder det omkringliggende landskab p\u00e5 et v\u00e6ld af muligheder for at opdage dets l\u00e6kkerier; det v\u00e6re sig vandfald, m\u00f8ller med fungerende vandhjul eller isolerede kapeller, der markerer pilgrimmenes vej til Santiago de Compostela i det spanske Galicien.<\/p>\n<p><strong>Turen inkluderer<\/strong><\/p>\n<p>Lufthavn overf\u00f8rsler.<\/p>\n<p>En-suite indkvartering p\u00e5 komfortable hoteller, smukt placeret.<\/p>\n<p>Morgenmad indtages p\u00e5 hotellet og middage p\u00e5 lokale restauranter.<\/p>\n<p>Alle transportomkostninger i forbindelse med programmet.<\/p>\n<p>Tjenester fra en dedikeret leder.<\/p>\n<p>Bem\u00e6rk venligst:<\/p>\n<p>Vandre- og sightseeingprogrammerne er integrerede i hinanden. Men fordi vi har dedikeret transport med gruppen, vil der v\u00e6re betydelig fleksibilitet i programmet for individuelle kunder.<\/p>\n<p>Det kan v\u00e6re n\u00f8dvendigt at vente i lufthavnen, s\u00e5 alle passagerer kan rejse sammen til og fra hotellet.<\/p>\n<div class=\"row\">\n<div class=\"column\" style=\"flex: 45%\">\n<p><iframe title=\"Viana do Castelo Tour 1 Portugal\" width=\"1080\" height=\"608\" src=\"https:\/\/www.youtube.com\/embed\/Vb11mgM-4hk?feature=oembed\" frameborder=\"0\" allow=\"accelerometer; autoplay; clipboard-write; encrypted-media; gyroscope; picture-in-picture\" allowfullscreen><\/iframe><\/p>\n<\/div>\n<div class=\"column\" style=\"flex: 10%\"><\/div>\n<div class=\"column\" style=\"flex: 45%\">\n<p><iframe title=\"Algarve Visto do Ar - Concelho de Olh\u00e3o\" width=\"1080\" height=\"608\" src=\"https:\/\/www.youtube.com\/embed\/MP6BCGjhkwQ?feature=oembed\" frameborder=\"0\" allow=\"accelerometer; autoplay; clipboard-write; encrypted-media; gyroscope; picture-in-picture\" allowfullscreen><\/iframe><\/p>\n<\/div>\n<\/div>","protected":false},"excerpt":{"rendered":"<p><em>Viana do Castelo er en juvel, et levende museum med utallige monumenter.<\/em><\/p>\n<p>Viana do Castelo, juvelen p\u00e5 &quot;Costa Verde&quot;, er porten til Portugals &#039;Emeral coast&#039;.<\/p>\n<p>Set i et af de smukkeste landskaber, genereret af naturen og heldigvis bevaret af menneskeheden, er det som et levende museum med utallige monumenter og pal\u00e6er i forskellige perioder og stilarter.<\/p>\n<p>Det er ogs\u00e5 hovedstaden i den rige Minho folklore med en vigtig h\u00e5ndv\u00e6rksindustri og animerede festivaler.<\/p>\n<p>En kulturarv, der ikke m\u00e5 g\u00e5 glip af!<\/p>","protected":false},"featured_media":7928,"comment_status":"closed","ping_status":"closed","template":"","meta":{"_acf_changed":false,"inline_featured_image":false},"product_brand":[],"product_cat":[340,355],"product_tag":[203,204,55,56,205,206,207,208,209,210,58,83,211,212,172,213,214],"class_list":{"0":"post-3799","1":"product","2":"type-product","3":"status-publish","4":"has-post-thumbnail","6":"product_cat-guided-group-tours","7":"product_cat-guided-walking-holidays-in-portugal","8":"product_tag-beautiful-landscapes","9":"product_tag-cultural-heritage","10":"product_tag-guided-walking-holidays","11":"product_tag-guided-walking-tours","12":"product_tag-handicrafts","13":"product_tag-historic-coastal-town","14":"product_tag-lima-estuary","15":"product_tag-monuments","16":"product_tag-northern-portugals","17":"product_tag-panoramic-views-in-portugal","18":"product_tag-portugal","19":"product_tag-portugal-great-food-and-wine","20":"product_tag-rocky-coastlines","21":"product_tag-serra-darga","22":"product_tag-viana-do-castelo","23":"product_tag-walking-and-exploring","24":"product_tag-waterwheels","26":"first","27":"instock","28":"virtual","29":"product-type-simple"},"acf":[],"yoast_head":"<!-- This site is optimized with the Yoast SEO Premium plugin v26.8 (Yoast SEO v27.5) - https:\/\/yoast.com\/product\/yoast-seo-premium-wordpress\/ -->\n<title>Walking in Viana do Castelo &amp; the Lima Valley<\/title>\n<meta name=\"description\" content=\"Viana do Castelo is perhaps northern Portugal&#039;s most historic coastal town. Located on the northern bank of the Lima estuary\" \/>\n<meta name=\"robots\" content=\"index, follow, max-snippet:-1, max-image-preview:large, max-video-preview:-1\" \/>\n<link rel=\"canonical\" href=\"https:\/\/becooltravel.com\/da\/vare\/viana-do-castelo-the-lima-valley-13100g\/\" \/>\n<meta property=\"og:locale\" content=\"da_DK\" \/>\n<meta property=\"og:type\" content=\"article\" \/>\n<meta property=\"og:title\" content=\"Viana do Castelo is perhaps northern Portugal&#039;s most historic coastal town. Located on the northern bank of the Lima estuary\" \/>\n<meta property=\"og:description\" content=\"The town\u2019s setting, just by the Rio Lima estuary, means that Viana do Castelo is only a short hop from some excellent beaches and wonderful rugged, rocky coastlines. It is also a handy base for exploring the lower Lima valley and the nearby Serra d&#039;Arga mountains. Oft described as \u2018Entre o mar, o rio e a montanha\u2019 (between the sea, the river and the mountains), the northern town of Viana do Castelo is exactly that.\" \/>\n<meta property=\"og:url\" content=\"https:\/\/becooltravel.com\/da\/vare\/viana-do-castelo-the-lima-valley-13100g\/\" \/>\n<meta property=\"og:site_name\" content=\"BeCool Travel\" \/>\n<meta property=\"article:publisher\" content=\"https:\/\/www.facebook.com\/becooltravelagency\/\" \/>\n<meta property=\"article:modified_time\" content=\"2025-08-04T15:48:50+00:00\" \/>\n<meta property=\"og:image\" content=\"https:\/\/i0.wp.com\/becooltravel.com\/wp-content\/uploads\/sites\/5\/2020\/08\/viana-do-castelo.jpg?fit=1118%2C800&ssl=1\" \/>\n\t<meta property=\"og:image:width\" content=\"1118\" \/>\n\t<meta property=\"og:image:height\" content=\"800\" \/>\n\t<meta property=\"og:image:type\" content=\"image\/jpeg\" \/>\n<meta name=\"twitter:card\" content=\"summary_large_image\" \/>\n<meta name=\"twitter:title\" content=\"Viana do Castelo is perhaps northern Portugal&#039;s most historic coastal town. Located on the northern bank of the Lima estuary\" \/>\n<meta name=\"twitter:description\" content=\"The town\u2019s setting, just by the Rio Lima estuary, means that Viana do Castelo is only a short hop from some excellent beaches and wonderful rugged, rocky coastlines. It is also a handy base for exploring the lower Lima valley and the nearby Serra d&#039;Arga mountains. Oft described as \u2018Entre o mar, o rio e a montanha\u2019 (between the sea, the river and the mountains), the northern town of Viana do Castelo is exactly that.\" \/>\n<meta name=\"twitter:image\" content=\"https:\/\/i0.wp.com\/becooltravel.com\/wp-content\/uploads\/sites\/5\/2020\/07\/ponte_de_lima.jpg?fit=1200%2C675&ssl=1\" \/>\n<meta name=\"twitter:site\" content=\"@becool_travel\" \/>\n<meta name=\"twitter:label1\" content=\"Estimeret l\u00e6setid\" \/>\n\t<meta name=\"twitter:data1\" content=\"2 minutter\" \/>\n<script type=\"application\/ld+json\" class=\"yoast-schema-graph\">{\"@context\":\"https:\\\/\\\/schema.org\",\"@graph\":[{\"@type\":[\"WebPage\",\"ItemPage\"],\"@id\":\"https:\\\/\\\/becooltravel.com\\\/product\\\/viana-do-castelo-the-lima-valley-13100g\\\/\",\"url\":\"https:\\\/\\\/becooltravel.com\\\/product\\\/viana-do-castelo-the-lima-valley-13100g\\\/\",\"name\":\"Walking in Viana do Castelo &amp; the Lima Valley\",\"isPartOf\":{\"@id\":\"https:\\\/\\\/becooltravel.com\\\/#website\"},\"primaryImageOfPage\":{\"@id\":\"https:\\\/\\\/becooltravel.com\\\/product\\\/viana-do-castelo-the-lima-valley-13100g\\\/#primaryimage\"},\"image\":{\"@id\":\"https:\\\/\\\/becooltravel.com\\\/product\\\/viana-do-castelo-the-lima-valley-13100g\\\/#primaryimage\"},\"thumbnailUrl\":\"https:\\\/\\\/i0.wp.com\\\/becooltravel.com\\\/wp-content\\\/uploads\\\/sites\\\/5\\\/2025\\\/08\\\/Ponte-Lima.jpg?fit=1800%2C1200&ssl=1\",\"datePublished\":\"2020-03-05T17:37:34+00:00\",\"dateModified\":\"2025-08-04T15:48:50+00:00\",\"description\":\"Viana do Castelo is perhaps northern Portugal's most historic coastal town. Located on the northern bank of the Lima estuary\",\"breadcrumb\":{\"@id\":\"https:\\\/\\\/becooltravel.com\\\/product\\\/viana-do-castelo-the-lima-valley-13100g\\\/#breadcrumb\"},\"inLanguage\":\"da-DK\",\"potentialAction\":[{\"@type\":\"ReadAction\",\"target\":[\"https:\\\/\\\/becooltravel.com\\\/product\\\/viana-do-castelo-the-lima-valley-13100g\\\/\"]}]},{\"@type\":\"ImageObject\",\"inLanguage\":\"da-DK\",\"@id\":\"https:\\\/\\\/becooltravel.com\\\/product\\\/viana-do-castelo-the-lima-valley-13100g\\\/#primaryimage\",\"url\":\"https:\\\/\\\/i0.wp.com\\\/becooltravel.com\\\/wp-content\\\/uploads\\\/sites\\\/5\\\/2025\\\/08\\\/Ponte-Lima.jpg?fit=1800%2C1200&ssl=1\",\"contentUrl\":\"https:\\\/\\\/i0.wp.com\\\/becooltravel.com\\\/wp-content\\\/uploads\\\/sites\\\/5\\\/2025\\\/08\\\/Ponte-Lima.jpg?fit=1800%2C1200&ssl=1\",\"width\":1800,\"height\":1200},{\"@type\":\"BreadcrumbList\",\"@id\":\"https:\\\/\\\/becooltravel.com\\\/product\\\/viana-do-castelo-the-lima-valley-13100g\\\/#breadcrumb\",\"itemListElement\":[{\"@type\":\"ListItem\",\"position\":1,\"name\":\"Home\",\"item\":\"https:\\\/\\\/becooltravel.com\\\/\"},{\"@type\":\"ListItem\",\"position\":2,\"name\":\"Shop\",\"item\":\"https:\\\/\\\/becooltravel.com\\\/?page_id=5\"},{\"@type\":\"ListItem\",\"position\":3,\"name\":\"Beautiful landscapes\",\"item\":\"https:\\\/\\\/becooltravel.com\\\/product-tag\\\/beautiful-landscapes\\\/\"},{\"@type\":\"ListItem\",\"position\":4,\"name\":\"https:\\\/\\\/becooltravel.com\\\/product\\\/lisbon-evora-13000g\\\/\"}]},{\"@type\":\"WebSite\",\"@id\":\"https:\\\/\\\/becooltravel.com\\\/#website\",\"url\":\"https:\\\/\\\/becooltravel.com\\\/\",\"name\":\"BeCool Travel\",\"description\":\"Sustainable holidays in Portugal for independent travelers\",\"publisher\":{\"@id\":\"https:\\\/\\\/becooltravel.com\\\/#organization\"},\"potentialAction\":[{\"@type\":\"SearchAction\",\"target\":{\"@type\":\"EntryPoint\",\"urlTemplate\":\"https:\\\/\\\/becooltravel.com\\\/?s={search_term_string}\"},\"query-input\":{\"@type\":\"PropertyValueSpecification\",\"valueRequired\":true,\"valueName\":\"search_term_string\"}}],\"inLanguage\":\"da-DK\"},{\"@type\":\"Organization\",\"@id\":\"https:\\\/\\\/becooltravel.com\\\/#organization\",\"name\":\"BecoolTravel. com- Portugal\",\"url\":\"https:\\\/\\\/becooltravel.com\\\/\",\"logo\":{\"@type\":\"ImageObject\",\"inLanguage\":\"da-DK\",\"@id\":\"https:\\\/\\\/becooltravel.com\\\/#\\\/schema\\\/logo\\\/image\\\/\",\"url\":\"https:\\\/\\\/becooltravel.com\\\/wp-content\\\/uploads\\\/sites\\\/5\\\/2020\\\/03\\\/Logo_BeCool.jpg\",\"contentUrl\":\"https:\\\/\\\/becooltravel.com\\\/wp-content\\\/uploads\\\/sites\\\/5\\\/2020\\\/03\\\/Logo_BeCool.jpg\",\"width\":534,\"height\":534,\"caption\":\"BecoolTravel. com- Portugal\"},\"image\":{\"@id\":\"https:\\\/\\\/becooltravel.com\\\/#\\\/schema\\\/logo\\\/image\\\/\"},\"sameAs\":[\"https:\\\/\\\/www.facebook.com\\\/becooltravelagency\\\/\",\"https:\\\/\\\/x.com\\\/becool_travel\",\"https:\\\/\\\/www.instagram.com\\\/becooltravel_com\\\/\",\"https:\\\/\\\/www.linkedin.com\\\/company\\\/becool-travel\\\/\",\"https:\\\/\\\/www.youtube.com\\\/channel\\\/UCE7zRU3EVG1PgfXwQo-5uJw\"]}]}<\/script>\n<!-- \/ Yoast SEO Premium plugin. -->","yoast_head_json":{"title":"G\u00e5tur i Viana do Castelo og Lima-dalen","description":"Viana do Castelo er m\u00e5ske det nordlige Portugals mest historiske kystby. Beliggende p\u00e5 den nordlige bred af Lima-mundingen","robots":{"index":"index","follow":"follow","max-snippet":"max-snippet:-1","max-image-preview":"max-image-preview:large","max-video-preview":"max-video-preview:-1"},"canonical":"https:\/\/becooltravel.com\/da\/vare\/viana-do-castelo-the-lima-valley-13100g\/","og_locale":"da_DK","og_type":"article","og_title":"Viana do Castelo is perhaps northern Portugal's most historic coastal town. Located on the northern bank of the Lima estuary","og_description":"The town\u2019s setting, just by the Rio Lima estuary, means that Viana do Castelo is only a short hop from some excellent beaches and wonderful rugged, rocky coastlines. It is also a handy base for exploring the lower Lima valley and the nearby Serra d'Arga mountains. Oft described as \u2018Entre o mar, o rio e a montanha\u2019 (between the sea, the river and the mountains), the northern town of Viana do Castelo is exactly that.","og_url":"https:\/\/becooltravel.com\/da\/vare\/viana-do-castelo-the-lima-valley-13100g\/","og_site_name":"BeCool Travel","article_publisher":"https:\/\/www.facebook.com\/becooltravelagency\/","article_modified_time":"2025-08-04T15:48:50+00:00","og_image":[{"width":1118,"height":800,"url":"https:\/\/i0.wp.com\/becooltravel.com\/wp-content\/uploads\/sites\/5\/2020\/08\/viana-do-castelo.jpg?fit=1118%2C800&ssl=1","type":"image\/jpeg"}],"twitter_card":"summary_large_image","twitter_title":"Viana do Castelo is perhaps northern Portugal's most historic coastal town. Located on the northern bank of the Lima estuary","twitter_description":"The town\u2019s setting, just by the Rio Lima estuary, means that Viana do Castelo is only a short hop from some excellent beaches and wonderful rugged, rocky coastlines. It is also a handy base for exploring the lower Lima valley and the nearby Serra d'Arga mountains. Oft described as \u2018Entre o mar, o rio e a montanha\u2019 (between the sea, the river and the mountains), the northern town of Viana do Castelo is exactly that.","twitter_image":"https:\/\/i0.wp.com\/becooltravel.com\/wp-content\/uploads\/sites\/5\/2020\/07\/ponte_de_lima.jpg?fit=1200%2C675&ssl=1","twitter_site":"@becool_travel","twitter_misc":{"Estimeret l\u00e6setid":"2 minutter"},"schema":{"@context":"https:\/\/schema.org","@graph":[{"@type":["WebPage","ItemPage"],"@id":"https:\/\/becooltravel.com\/product\/viana-do-castelo-the-lima-valley-13100g\/","url":"https:\/\/becooltravel.com\/product\/viana-do-castelo-the-lima-valley-13100g\/","name":"G\u00e5tur i Viana do Castelo og Lima-dalen","isPartOf":{"@id":"https:\/\/becooltravel.com\/#website"},"primaryImageOfPage":{"@id":"https:\/\/becooltravel.com\/product\/viana-do-castelo-the-lima-valley-13100g\/#primaryimage"},"image":{"@id":"https:\/\/becooltravel.com\/product\/viana-do-castelo-the-lima-valley-13100g\/#primaryimage"},"thumbnailUrl":"https:\/\/i0.wp.com\/becooltravel.com\/wp-content\/uploads\/sites\/5\/2025\/08\/Ponte-Lima.jpg?fit=1800%2C1200&ssl=1","datePublished":"2020-03-05T17:37:34+00:00","dateModified":"2025-08-04T15:48:50+00:00","description":"Viana do Castelo er m\u00e5ske det nordlige Portugals mest historiske kystby. Beliggende p\u00e5 den nordlige bred af Lima-mundingen","breadcrumb":{"@id":"https:\/\/becooltravel.com\/product\/viana-do-castelo-the-lima-valley-13100g\/#breadcrumb"},"inLanguage":"da-DK","potentialAction":[{"@type":"ReadAction","target":["https:\/\/becooltravel.com\/product\/viana-do-castelo-the-lima-valley-13100g\/"]}]},{"@type":"ImageObject","inLanguage":"da-DK","@id":"https:\/\/becooltravel.com\/product\/viana-do-castelo-the-lima-valley-13100g\/#primaryimage","url":"https:\/\/i0.wp.com\/becooltravel.com\/wp-content\/uploads\/sites\/5\/2025\/08\/Ponte-Lima.jpg?fit=1800%2C1200&ssl=1","contentUrl":"https:\/\/i0.wp.com\/becooltravel.com\/wp-content\/uploads\/sites\/5\/2025\/08\/Ponte-Lima.jpg?fit=1800%2C1200&ssl=1","width":1800,"height":1200},{"@type":"BreadcrumbList","@id":"https:\/\/becooltravel.com\/product\/viana-do-castelo-the-lima-valley-13100g\/#breadcrumb","itemListElement":[{"@type":"ListItem","position":1,"name":"Home","item":"https:\/\/becooltravel.com\/"},{"@type":"ListItem","position":2,"name":"Shop","item":"https:\/\/becooltravel.com\/?page_id=5"},{"@type":"ListItem","position":3,"name":"Beautiful landscapes","item":"https:\/\/becooltravel.com\/product-tag\/beautiful-landscapes\/"},{"@type":"ListItem","position":4,"name":"https:\/\/becooltravel.com\/product\/lisbon-evora-13000g\/"}]},{"@type":"WebSite","@id":"https:\/\/becooltravel.com\/#website","url":"https:\/\/becooltravel.com\/","name":"BeCool rejse","description":"B\u00e6redygtig ferie i Portugal for uafh\u00e6ngige rejsende","publisher":{"@id":"https:\/\/becooltravel.com\/#organization"},"potentialAction":[{"@type":"SearchAction","target":{"@type":"EntryPoint","urlTemplate":"https:\/\/becooltravel.com\/?s={search_term_string}"},"query-input":{"@type":"PropertyValueSpecification","valueRequired":true,"valueName":"search_term_string"}}],"inLanguage":"da-DK"},{"@type":"Organization","@id":"https:\/\/becooltravel.com\/#organization","name":"BecoolTravel. com- Portugal","url":"https:\/\/becooltravel.com\/","logo":{"@type":"ImageObject","inLanguage":"da-DK","@id":"https:\/\/becooltravel.com\/#\/schema\/logo\/image\/","url":"https:\/\/becooltravel.com\/wp-content\/uploads\/sites\/5\/2020\/03\/Logo_BeCool.jpg","contentUrl":"https:\/\/becooltravel.com\/wp-content\/uploads\/sites\/5\/2020\/03\/Logo_BeCool.jpg","width":534,"height":534,"caption":"BecoolTravel. com- Portugal"},"image":{"@id":"https:\/\/becooltravel.com\/#\/schema\/logo\/image\/"},"sameAs":["https:\/\/www.facebook.com\/becooltravelagency\/","https:\/\/x.com\/becool_travel","https:\/\/www.instagram.com\/becooltravel_com\/","https:\/\/www.linkedin.com\/company\/becool-travel\/","https:\/\/www.youtube.com\/channel\/UCE7zRU3EVG1PgfXwQo-5uJw"]}]}},"jetpack_sharing_enabled":true,"_links":{"self":[{"href":"https:\/\/becooltravel.com\/da\/wp-json\/wp\/v2\/product\/3799","targetHints":{"allow":["GET"]}}],"collection":[{"href":"https:\/\/becooltravel.com\/da\/wp-json\/wp\/v2\/product"}],"about":[{"href":"https:\/\/becooltravel.com\/da\/wp-json\/wp\/v2\/types\/product"}],"replies":[{"embeddable":true,"href":"https:\/\/becooltravel.com\/da\/wp-json\/wp\/v2\/comments?post=3799"}],"wp:featuredmedia":[{"embeddable":true,"href":"https:\/\/becooltravel.com\/da\/wp-json\/wp\/v2\/media\/7928"}],"wp:attachment":[{"href":"https:\/\/becooltravel.com\/da\/wp-json\/wp\/v2\/media?parent=3799"}],"wp:term":[{"taxonomy":"product_brand","embeddable":true,"href":"https:\/\/becooltravel.com\/da\/wp-json\/wp\/v2\/product_brand?post=3799"},{"taxonomy":"product_cat","embeddable":true,"href":"https:\/\/becooltravel.com\/da\/wp-json\/wp\/v2\/product_cat?post=3799"},{"taxonomy":"product_tag","embeddable":true,"href":"https:\/\/becooltravel.com\/da\/wp-json\/wp\/v2\/product_tag?post=3799"}],"curies":[{"name":"wp","href":"https:\/\/api.w.org\/{rel}","templated":true}]}}