{"id":3801,"date":"2020-03-05T17:34:10","date_gmt":"2020-03-05T17:34:10","guid":{"rendered":"https:\/\/becooltravel.com\/product\/porto-city-nature-12900g\/"},"modified":"2022-08-15T17:56:42","modified_gmt":"2022-08-15T17:56:42","slug":"porto-city-nature-12900g","status":"publish","type":"product","link":"https:\/\/becooltravel.com\/da\/vare\/porto-city-nature-12900g\/","title":{"rendered":"Porto, by og natur"},"content":{"rendered":"<p>Den gamle havn, gennemsyret af historie, og UNESCOs verdensarvsliste p\u00e5 flodbredden, spredt med farverige huse og traditionelle sejlb\u00e5de er fantastiske, og byen er kendt for sine monumenter.<\/p>\n<p>Vi har inkluderet en rundvisning og smagning i en portvinsk\u00e6lder, der forklarer vinfremstillings- og opbevaringsprocessen samt vinens oprindelse og egenskaber. De mest ber\u00f8mte portvinsk\u00e6ldre ligger i hjertet af det historiske omr\u00e5de Vila Nova de Gaia, p\u00e5 den anden side af floden fra Portos gamle bymidte, og huser omfattende reserver af tr\u00e6lagret portvin samt vintage port-k\u00e6ldre. K\u00e6ldrene er lange k\u00f8lige, m\u00f8rke pakhuse, deres tykke granitv\u00e6gge og h\u00f8je lofter hj\u00e6lper med at holde varmen ude og holde en j\u00e6vn temperatur hele \u00e5ret. Dette sikrer, at vinene \u00e6ldes langsomt og gradvist tilegner sig de sublime komplekse smage og aromaer af modenhed.<\/p>\n<div id=\"attachment_3929\" style=\"width: 310px\" class=\"wp-caption alignnone\"><img data-recalc-dims=\"1\" decoding=\"async\" aria-describedby=\"caption-attachment-3929\" class=\"size-medium wp-image-3929\" src=\"https:\/\/i0.wp.com\/legendatours.net\/wp-content\/uploads\/2020\/12\/porto-viewpoint-300x169.jpg?resize=300%2C169&#038;ssl=1\" alt=\"Vandregruppe i Porto Viewpoint over Douro\" width=\"300\" height=\"169\" \/><p id=\"caption-attachment-3929\" class=\"wp-caption-text\">Vandregruppe i Porto Viewpoint over Douro<\/p><\/div>\n<p>Udover historie og kultur er Porto ogs\u00e5 fritid, sjov og natteliv. De ber\u00f8mte gader omkring Galeria de Paris Street, caf\u00e9erne og deres terrasser, Miguel Bombarda -omr\u00e5det eller den kommercielle Sta Catarina Street er referencepunkter i kunst, i kultur, men ogs\u00e5 i fritid og shopping.<\/p>\n<p>Det var i Porto og i de nordlige regioner, at Portugal blev grundlagt i det 12. \u00e5rhundrede. Det har v\u00e6ret beboet kontinuerligt siden mindst det 4. \u00e5rhundrede, da romerne omtalte det som Portus Calle.<\/p>\n<p>Det er en perfekt port til den frodige Minho-region fuld af historie og tradition samt Douro-dalen, et af de mest natursk\u00f8nne omr\u00e5der i Portugal eller endda verden.<\/p>","protected":false},"excerpt":{"rendered":"<p><em>Bedste europ\u00e6iske destination 2014, Porto er fuld af historie, arkitektur, kultur, gastronomi og er et mekka for vinelskere.<\/em><\/p>\n<p>Porto er us\u00e6dvanlig p\u00e5 flere m\u00e5der. Valgt som bedste europ\u00e6iske destination 2017, den kaldte \u201cuovervindede by\u201d (efter dens modstand mod den kejserlige Napoleons h\u00e6r) er fuld af historie, arkitektur, kultur, gastronomi og er selvf\u00f8lgelig et mekka for vinelskere.<\/p>\n<p>Porto er en af de \u00e6ldste byer i Portugal, og som s\u00e5dan er der tusind charme og hj\u00f8rner, der er v\u00e6rd at opdage i nordens hovedstad.<\/p>\n<p>Fra floden Douro til de fremragende strande, kirkerne og monumenterne og den ikke-konformistiske modernisme i de nye moderne bygninger af arkitekter som Siza Vieira eller Rem Koolhaas, er dette en by at huske.<\/p>","protected":false},"featured_media":5213,"comment_status":"closed","ping_status":"closed","template":"","meta":{"_acf_changed":false,"inline_featured_image":false},"product_brand":[],"product_cat":[340,355],"product_tag":[228,229,230,231,232,55,56,114,1094,189,233,682,144,757,914,915,58,918,87,234,59,60,61,100],"class_list":{"0":"post-3801","1":"product","2":"type-product","3":"status-publish","4":"has-post-thumbnail","6":"product_cat-guided-group-tours","7":"product_cat-guided-walking-holidays-in-portugal","8":"product_tag-a-port-wine-cellar","9":"product_tag-alto-douro-wine-region","10":"product_tag-colourful-houses","11":"product_tag-elected-best-european-destination","12":"product_tag-galeria-de-paris","13":"product_tag-guided-walking-holidays","14":"product_tag-guided-walking-tours","15":"product_tag-guimaraes","16":"product_tag-historic-monuments-in-porto","17":"product_tag-northern-portugal","18":"product_tag-port-wine-cellars","19":"product_tag-port-wine-lodges","20":"product_tag-porto","21":"product_tag-porto-bridges","22":"product_tag-porto-holidays","23":"product_tag-porto-world-heritage","24":"product_tag-portugal","25":"product_tag-sightseeing-porto","26":"product_tag-unesco-world-heritage-site","27":"product_tag-vintage-port-cellars","28":"product_tag-walking","29":"product_tag-walking-holidays","30":"product_tag-walking-tours","31":"product_tag-western-europe","33":"first","34":"instock","35":"virtual","36":"sold-individually","37":"product-type-booking"},"acf":[],"yoast_head":"<!-- This site is optimized with the Yoast SEO Premium plugin v26.8 (Yoast SEO v27.4) - https:\/\/yoast.com\/product\/yoast-seo-premium-wordpress\/ -->\n<title>Porto, City &amp; Nature<\/title>\n<meta name=\"description\" content=\"The ancient Port, steeped in history, and the world heritage listed riverfront, scattered with colourful houses and traditional sailing boats are stunning, and the city is well known for its monuments.\" \/>\n<meta name=\"robots\" content=\"index, follow, max-snippet:-1, max-image-preview:large, max-video-preview:-1\" \/>\n<link rel=\"canonical\" href=\"https:\/\/becooltravel.com\/da\/vare\/ga-taet-pa-naturen-i-vest-algarve-carvoeiro-1602s\/\" \/>\n<meta property=\"og:locale\" content=\"da_DK\" \/>\n<meta property=\"og:type\" content=\"article\" \/>\n<meta property=\"og:title\" content=\"Porto and in the North regions that Portugal was founded in the 12th century\" \/>\n<meta property=\"og:description\" content=\"The ancient Port, steeped in history, and the UNESCO world heritage listed riverfront, scattered with colourful houses and traditional sailing boats are stunning, and the city is well known for its monuments.\" \/>\n<meta property=\"og:url\" content=\"https:\/\/becooltravel.com\/da\/vare\/ga-taet-pa-naturen-i-vest-algarve-carvoeiro-1602s\/\" \/>\n<meta property=\"og:site_name\" content=\"BeCool Travel\" \/>\n<meta property=\"article:publisher\" content=\"https:\/\/www.facebook.com\/becooltravelagency\/\" \/>\n<meta property=\"article:modified_time\" content=\"2022-08-15T17:56:42+00:00\" \/>\n<meta property=\"og:image\" content=\"https:\/\/i0.wp.com\/becooltravel.com\/wp-content\/uploads\/sites\/5\/2020\/06\/Rabelo_boats_porto.jpg?fit=1200%2C800&ssl=1\" \/>\n\t<meta property=\"og:image:width\" content=\"1200\" \/>\n\t<meta property=\"og:image:height\" content=\"800\" \/>\n\t<meta property=\"og:image:type\" content=\"image\/jpeg\" \/>\n<meta name=\"twitter:card\" content=\"summary_large_image\" \/>\n<meta name=\"twitter:title\" content=\"Porto and in the North regions that Portugal was founded in the 12th century\" \/>\n<meta name=\"twitter:description\" content=\"The ancient Port, steeped in history, and the UNESCO world heritage listed riverfront, scattered with colourful houses and traditional sailing boats are stunning, and the city is well known for its monuments.\" \/>\n<meta name=\"twitter:site\" content=\"@becool_travel\" \/>\n<meta name=\"twitter:label1\" content=\"Estimeret l\u00e6setid\" \/>\n\t<meta name=\"twitter:data1\" content=\"2 minutter\" \/>\n<script type=\"application\/ld+json\" class=\"yoast-schema-graph\">{\"@context\":\"https:\\\/\\\/schema.org\",\"@graph\":[{\"@type\":[\"WebPage\",\"ItemPage\"],\"@id\":\"https:\\\/\\\/becooltravel.com\\\/product\\\/porto-city-nature-12900g\\\/\",\"url\":\"https:\\\/\\\/becooltravel.com\\\/product\\\/walking-close-to-nature-in-the-west-algarve-carvoeiro-1602s\\\/\",\"name\":\"Porto, City &amp; Nature\",\"isPartOf\":{\"@id\":\"https:\\\/\\\/becooltravel.com\\\/#website\"},\"primaryImageOfPage\":{\"@id\":\"https:\\\/\\\/becooltravel.com\\\/product\\\/walking-close-to-nature-in-the-west-algarve-carvoeiro-1602s\\\/#primaryimage\"},\"image\":{\"@id\":\"https:\\\/\\\/becooltravel.com\\\/product\\\/walking-close-to-nature-in-the-west-algarve-carvoeiro-1602s\\\/#primaryimage\"},\"thumbnailUrl\":\"https:\\\/\\\/i0.wp.com\\\/becooltravel.com\\\/wp-content\\\/uploads\\\/sites\\\/5\\\/2020\\\/06\\\/Rabelo_boats_porto.jpg?fit=1200%2C800&ssl=1\",\"datePublished\":\"2020-03-05T17:34:10+00:00\",\"dateModified\":\"2022-08-15T17:56:42+00:00\",\"description\":\"The ancient Port, steeped in history, and the world heritage listed riverfront, scattered with colourful houses and traditional sailing boats are stunning, and the city is well known for its monuments.\",\"breadcrumb\":{\"@id\":\"https:\\\/\\\/becooltravel.com\\\/product\\\/walking-close-to-nature-in-the-west-algarve-carvoeiro-1602s\\\/#breadcrumb\"},\"inLanguage\":\"da-DK\",\"potentialAction\":[{\"@type\":\"ReadAction\",\"target\":[\"https:\\\/\\\/becooltravel.com\\\/product\\\/walking-close-to-nature-in-the-west-algarve-carvoeiro-1602s\\\/\"]}]},{\"@type\":\"ImageObject\",\"inLanguage\":\"da-DK\",\"@id\":\"https:\\\/\\\/becooltravel.com\\\/product\\\/walking-close-to-nature-in-the-west-algarve-carvoeiro-1602s\\\/#primaryimage\",\"url\":\"https:\\\/\\\/i0.wp.com\\\/becooltravel.com\\\/wp-content\\\/uploads\\\/sites\\\/5\\\/2020\\\/06\\\/Rabelo_boats_porto.jpg?fit=1200%2C800&ssl=1\",\"contentUrl\":\"https:\\\/\\\/i0.wp.com\\\/becooltravel.com\\\/wp-content\\\/uploads\\\/sites\\\/5\\\/2020\\\/06\\\/Rabelo_boats_porto.jpg?fit=1200%2C800&ssl=1\",\"width\":1200,\"height\":800,\"caption\":\"Rabelo boats in Douro River\"},{\"@type\":\"BreadcrumbList\",\"@id\":\"https:\\\/\\\/becooltravel.com\\\/product\\\/walking-close-to-nature-in-the-west-algarve-carvoeiro-1602s\\\/#breadcrumb\",\"itemListElement\":[{\"@type\":\"ListItem\",\"position\":1,\"name\":\"Home\",\"item\":\"https:\\\/\\\/becooltravel.com\\\/\"},{\"@type\":\"ListItem\",\"position\":2,\"name\":\"Shop\",\"item\":\"https:\\\/\\\/becooltravel.com\\\/?page_id=5\"},{\"@type\":\"ListItem\",\"position\":3,\"name\":\"Tours and holidays that include a visit to a Port wine cellar.\",\"item\":\"https:\\\/\\\/becooltravel.com\\\/product-tag\\\/a-port-wine-cellar\\\/\"},{\"@type\":\"ListItem\",\"position\":4,\"name\":\"Porto, City & Nature Small Group Walking\"}]},{\"@type\":\"WebSite\",\"@id\":\"https:\\\/\\\/becooltravel.com\\\/#website\",\"url\":\"https:\\\/\\\/becooltravel.com\\\/\",\"name\":\"BeCool Travel\",\"description\":\"Sustainable holidays in Portugal for independent travelers\",\"publisher\":{\"@id\":\"https:\\\/\\\/becooltravel.com\\\/#organization\"},\"potentialAction\":[{\"@type\":\"SearchAction\",\"target\":{\"@type\":\"EntryPoint\",\"urlTemplate\":\"https:\\\/\\\/becooltravel.com\\\/?s={search_term_string}\"},\"query-input\":{\"@type\":\"PropertyValueSpecification\",\"valueRequired\":true,\"valueName\":\"search_term_string\"}}],\"inLanguage\":\"da-DK\"},{\"@type\":\"Organization\",\"@id\":\"https:\\\/\\\/becooltravel.com\\\/#organization\",\"name\":\"BecoolTravel. com- Portugal\",\"url\":\"https:\\\/\\\/becooltravel.com\\\/\",\"logo\":{\"@type\":\"ImageObject\",\"inLanguage\":\"da-DK\",\"@id\":\"https:\\\/\\\/becooltravel.com\\\/#\\\/schema\\\/logo\\\/image\\\/\",\"url\":\"https:\\\/\\\/becooltravel.com\\\/wp-content\\\/uploads\\\/sites\\\/5\\\/2020\\\/03\\\/Logo_BeCool.jpg\",\"contentUrl\":\"https:\\\/\\\/becooltravel.com\\\/wp-content\\\/uploads\\\/sites\\\/5\\\/2020\\\/03\\\/Logo_BeCool.jpg\",\"width\":534,\"height\":534,\"caption\":\"BecoolTravel. com- Portugal\"},\"image\":{\"@id\":\"https:\\\/\\\/becooltravel.com\\\/#\\\/schema\\\/logo\\\/image\\\/\"},\"sameAs\":[\"https:\\\/\\\/www.facebook.com\\\/becooltravelagency\\\/\",\"https:\\\/\\\/x.com\\\/becool_travel\",\"https:\\\/\\\/www.instagram.com\\\/becooltravel_com\\\/\",\"https:\\\/\\\/www.linkedin.com\\\/company\\\/becool-travel\\\/\",\"https:\\\/\\\/www.youtube.com\\\/channel\\\/UCE7zRU3EVG1PgfXwQo-5uJw\"]}]}<\/script>\n<!-- \/ Yoast SEO Premium plugin. -->","yoast_head_json":{"title":"Porto, by og natur","description":"Den gamle havn, gennemsyret af historie, og den verdensarvsliste flodbredden, spredt med farverige huse og traditionelle sejlb\u00e5de er forbl\u00f8ffende, og byen er kendt for sine monumenter.","robots":{"index":"index","follow":"follow","max-snippet":"max-snippet:-1","max-image-preview":"max-image-preview:large","max-video-preview":"max-video-preview:-1"},"canonical":"https:\/\/becooltravel.com\/da\/vare\/ga-taet-pa-naturen-i-vest-algarve-carvoeiro-1602s\/","og_locale":"da_DK","og_type":"article","og_title":"Porto and in the North regions that Portugal was founded in the 12th century","og_description":"The ancient Port, steeped in history, and the UNESCO world heritage listed riverfront, scattered with colourful houses and traditional sailing boats are stunning, and the city is well known for its monuments.","og_url":"https:\/\/becooltravel.com\/da\/vare\/ga-taet-pa-naturen-i-vest-algarve-carvoeiro-1602s\/","og_site_name":"BeCool Travel","article_publisher":"https:\/\/www.facebook.com\/becooltravelagency\/","article_modified_time":"2022-08-15T17:56:42+00:00","og_image":[{"width":1200,"height":800,"url":"https:\/\/i0.wp.com\/becooltravel.com\/wp-content\/uploads\/sites\/5\/2020\/06\/Rabelo_boats_porto.jpg?fit=1200%2C800&ssl=1","type":"image\/jpeg"}],"twitter_card":"summary_large_image","twitter_title":"Porto and in the North regions that Portugal was founded in the 12th century","twitter_description":"The ancient Port, steeped in history, and the UNESCO world heritage listed riverfront, scattered with colourful houses and traditional sailing boats are stunning, and the city is well known for its monuments.","twitter_site":"@becool_travel","twitter_misc":{"Estimeret l\u00e6setid":"2 minutter"},"schema":{"@context":"https:\/\/schema.org","@graph":[{"@type":["WebPage","ItemPage"],"@id":"https:\/\/becooltravel.com\/product\/porto-city-nature-12900g\/","url":"https:\/\/becooltravel.com\/product\/walking-close-to-nature-in-the-west-algarve-carvoeiro-1602s\/","name":"Porto, by og natur","isPartOf":{"@id":"https:\/\/becooltravel.com\/#website"},"primaryImageOfPage":{"@id":"https:\/\/becooltravel.com\/product\/walking-close-to-nature-in-the-west-algarve-carvoeiro-1602s\/#primaryimage"},"image":{"@id":"https:\/\/becooltravel.com\/product\/walking-close-to-nature-in-the-west-algarve-carvoeiro-1602s\/#primaryimage"},"thumbnailUrl":"https:\/\/i0.wp.com\/becooltravel.com\/wp-content\/uploads\/sites\/5\/2020\/06\/Rabelo_boats_porto.jpg?fit=1200%2C800&ssl=1","datePublished":"2020-03-05T17:34:10+00:00","dateModified":"2022-08-15T17:56:42+00:00","description":"Den gamle havn, gennemsyret af historie, og den verdensarvsliste flodbredden, spredt med farverige huse og traditionelle sejlb\u00e5de er forbl\u00f8ffende, og byen er kendt for sine monumenter.","breadcrumb":{"@id":"https:\/\/becooltravel.com\/product\/walking-close-to-nature-in-the-west-algarve-carvoeiro-1602s\/#breadcrumb"},"inLanguage":"da-DK","potentialAction":[{"@type":"ReadAction","target":["https:\/\/becooltravel.com\/product\/walking-close-to-nature-in-the-west-algarve-carvoeiro-1602s\/"]}]},{"@type":"ImageObject","inLanguage":"da-DK","@id":"https:\/\/becooltravel.com\/product\/walking-close-to-nature-in-the-west-algarve-carvoeiro-1602s\/#primaryimage","url":"https:\/\/i0.wp.com\/becooltravel.com\/wp-content\/uploads\/sites\/5\/2020\/06\/Rabelo_boats_porto.jpg?fit=1200%2C800&ssl=1","contentUrl":"https:\/\/i0.wp.com\/becooltravel.com\/wp-content\/uploads\/sites\/5\/2020\/06\/Rabelo_boats_porto.jpg?fit=1200%2C800&ssl=1","width":1200,"height":800,"caption":"Rabelo boats in Douro River"},{"@type":"BreadcrumbList","@id":"https:\/\/becooltravel.com\/product\/walking-close-to-nature-in-the-west-algarve-carvoeiro-1602s\/#breadcrumb","itemListElement":[{"@type":"ListItem","position":1,"name":"Home","item":"https:\/\/becooltravel.com\/"},{"@type":"ListItem","position":2,"name":"Shop","item":"https:\/\/becooltravel.com\/?page_id=5"},{"@type":"ListItem","position":3,"name":"Tours and holidays that include a visit to a Port wine cellar.","item":"https:\/\/becooltravel.com\/product-tag\/a-port-wine-cellar\/"},{"@type":"ListItem","position":4,"name":"Porto, City & Nature Small Group Walking"}]},{"@type":"WebSite","@id":"https:\/\/becooltravel.com\/#website","url":"https:\/\/becooltravel.com\/","name":"BeCool rejse","description":"B\u00e6redygtig ferie i Portugal for uafh\u00e6ngige rejsende","publisher":{"@id":"https:\/\/becooltravel.com\/#organization"},"potentialAction":[{"@type":"SearchAction","target":{"@type":"EntryPoint","urlTemplate":"https:\/\/becooltravel.com\/?s={search_term_string}"},"query-input":{"@type":"PropertyValueSpecification","valueRequired":true,"valueName":"search_term_string"}}],"inLanguage":"da-DK"},{"@type":"Organization","@id":"https:\/\/becooltravel.com\/#organization","name":"BecoolTravel. com- Portugal","url":"https:\/\/becooltravel.com\/","logo":{"@type":"ImageObject","inLanguage":"da-DK","@id":"https:\/\/becooltravel.com\/#\/schema\/logo\/image\/","url":"https:\/\/becooltravel.com\/wp-content\/uploads\/sites\/5\/2020\/03\/Logo_BeCool.jpg","contentUrl":"https:\/\/becooltravel.com\/wp-content\/uploads\/sites\/5\/2020\/03\/Logo_BeCool.jpg","width":534,"height":534,"caption":"BecoolTravel. com- Portugal"},"image":{"@id":"https:\/\/becooltravel.com\/#\/schema\/logo\/image\/"},"sameAs":["https:\/\/www.facebook.com\/becooltravelagency\/","https:\/\/x.com\/becool_travel","https:\/\/www.instagram.com\/becooltravel_com\/","https:\/\/www.linkedin.com\/company\/becool-travel\/","https:\/\/www.youtube.com\/channel\/UCE7zRU3EVG1PgfXwQo-5uJw"]}]}},"jetpack_sharing_enabled":true,"_links":{"self":[{"href":"https:\/\/becooltravel.com\/da\/wp-json\/wp\/v2\/product\/3801","targetHints":{"allow":["GET"]}}],"collection":[{"href":"https:\/\/becooltravel.com\/da\/wp-json\/wp\/v2\/product"}],"about":[{"href":"https:\/\/becooltravel.com\/da\/wp-json\/wp\/v2\/types\/product"}],"replies":[{"embeddable":true,"href":"https:\/\/becooltravel.com\/da\/wp-json\/wp\/v2\/comments?post=3801"}],"wp:featuredmedia":[{"embeddable":true,"href":"https:\/\/becooltravel.com\/da\/wp-json\/wp\/v2\/media\/5213"}],"wp:attachment":[{"href":"https:\/\/becooltravel.com\/da\/wp-json\/wp\/v2\/media?parent=3801"}],"wp:term":[{"taxonomy":"product_brand","embeddable":true,"href":"https:\/\/becooltravel.com\/da\/wp-json\/wp\/v2\/product_brand?post=3801"},{"taxonomy":"product_cat","embeddable":true,"href":"https:\/\/becooltravel.com\/da\/wp-json\/wp\/v2\/product_cat?post=3801"},{"taxonomy":"product_tag","embeddable":true,"href":"https:\/\/becooltravel.com\/da\/wp-json\/wp\/v2\/product_tag?post=3801"}],"curies":[{"name":"wp","href":"https:\/\/api.w.org\/{rel}","templated":true}]}}