{"id":4888,"date":"2020-05-21T10:17:45","date_gmt":"2020-05-21T10:17:45","guid":{"rendered":"https:\/\/becooltravel.com\/product\/relax-in-albufeira-8101pk\/"},"modified":"2026-03-18T13:54:37","modified_gmt":"2026-03-18T13:54:37","slug":"relax-in-albufeira-8101pk","status":"publish","type":"product","link":"https:\/\/becooltravel.com\/da\/vare\/relax-in-albufeira-8101pk\/","title":{"rendered":"Slap af i Albufeira"},"content":{"rendered":"<p>Albufeira er internationalt kendt for sine gyldne sandstrande og turkisbl\u00e5 vand, beskyttet af stenede okkerklipper.<\/p>\n<p>Landskabet tiltr\u00e6kker et v\u00e6ld af bes\u00f8gende, der elsker at solbade om dagen. N\u00e5r solen g\u00e5r ned, begynder festen med smukke mennesker, der str\u00f8mmer sammen for at nyde restauranterne, barerne, terrasserne og det episke Albufeira natteliv.<\/p>\n<p>Afrund dine dage med fritid og afslapning p\u00e5 en terrasse med udsigt over havet med en frisk drink p\u00e5 h\u00e5nden for at fejre det gode liv.<\/p>\n<div id=\"attachment_1992\" style=\"width: 1034px\" class=\"wp-caption alignnone\"><img data-recalc-dims=\"1\" decoding=\"async\" aria-describedby=\"caption-attachment-1992\" class=\"wp-image-1992 size-large\" src=\"https:\/\/i0.wp.com\/legendatours.net\/wp-content\/uploads\/2020\/03\/Albufeira_Night-1024x768.jpg?resize=1024%2C768&#038;ssl=1\" alt=\"Ferier i Albufeira\" width=\"1024\" height=\"768\" \/><p id=\"caption-attachment-1992\" class=\"wp-caption-text\">Ferier i Albufeira<\/p><\/div>\n<p>Strandstranden i Albufeira er meget indbydende til vandsport, lige fra windsurfing, dykning eller sejlads. En b\u00e5dtur rundt om hulerne er en vidunderlig mulighed for en anden dag med bes\u00f8g p\u00e5 afsides strande, der kun er tilg\u00e6ngelige ad s\u00f8vejen.<\/p>\n<p>Albufeira er ikke kun perfekt til folk, der l\u00e6nges efter sol og hvile. Mange golfbaner str\u00e6kker sig n\u00e6sten til havet, og alle mulige sjove aktiviteter er tilg\u00e6ngelige, som ridning i skyggen af fyrretr\u00e6er.<br \/>\nAt v\u00e6re et popul\u00e6rt feriested, Albufeira vrimler med bybutikker og kunst- og h\u00e5ndv\u00e6rksbutikker, hvor du stadig kan finde \u00e6gthed i lokale h\u00e5ndv\u00e6rkeres arbejde. Disse genstande lavet af ler, palme blade, kobber og blonder f\u00f8lger \u00e5rhundreder gamle traditioner.<\/p>\n<div id=\"attachment_1989\" style=\"width: 1034px\" class=\"wp-caption alignnone\"><img data-recalc-dims=\"1\" decoding=\"async\" aria-describedby=\"caption-attachment-1989\" class=\"wp-image-1989 size-large\" src=\"https:\/\/i0.wp.com\/legendatours.net\/wp-content\/uploads\/2020\/03\/Albufeira_downtown-1024x683.jpg?resize=1024%2C683&#038;ssl=1\" alt=\"Ferier i Albufeira\" width=\"1024\" height=\"683\" \/><p id=\"caption-attachment-1989\" class=\"wp-caption-text\">Ferier i Albufeira<\/p><\/div>\n<p>Albufeira charme slutter ikke her. I det frugtbare gr\u00f8nne landskab ligger et duftende landskab overs\u00e5et med mandel-, figen-, appelsin- og fyrretr\u00e6er.<\/p>\n<p>De blonderede typiske skorstene, en arv fra maurisk arkitektur, skiller sig ud mod det r\u00f8de af flisetage og den bl\u00e5 himmel.<\/p>\n<p>S\u00f8vnige hvidkalkede landsbyer inviterer dig til at opleve en livsstil forbundet med naturen og tilf\u00f8je en anden dimension til din ferie i Algarve.<\/p>\n<p>Sidst, men bestemt ikke mindst, overgiv dig selv til den fremragende portugisiske mad og vin. Fra frisk fisk og skaldyr til de s\u00f8de lokale delikatesser af mandler, honning og figner, vil du blive fork\u00e6let med valg!<\/p>","protected":false},"excerpt":{"rendered":"<p>Albufeira er internationalt kendt for sine gyldne sandstrande og turkisbl\u00e5 vand, beskyttet af stenede okkerklipper.<\/p>\n<p>Landskabet tiltr\u00e6kker et v\u00e6ld af bes\u00f8gende, der elsker at solbade om dagen. N\u00e5r solen g\u00e5r ned, begynder festen med smukke mennesker, der str\u00f8mmer sammen for at nyde restauranterne, barerne, terrasserne og det episke Albufeira natteliv.<\/p>\n<p>Afrund dine dage med fritid og afslapning p\u00e5 en terrasse med udsigt over havet med en frisk drink p\u00e5 h\u00e5nden for at fejre det gode liv!<\/p>","protected":false},"featured_media":4798,"comment_status":"closed","ping_status":"closed","template":"","meta":{"_acf_changed":false,"inline_featured_image":false},"product_brand":[],"product_cat":[329,331],"product_tag":[530,311,296,661,244,291,606,58,83,637,612,613,662,638,100],"class_list":{"0":"post-4888","1":"product","2":"type-product","3":"status-publish","4":"has-post-thumbnail","6":"product_cat-holiday-packs-tours-portugal","7":"product_cat-relax-8-days-holidays-portugal","8":"product_tag-albufeira","9":"product_tag-algarve","10":"product_tag-beaches","11":"product_tag-beautiful-beaches","12":"product_tag-coastal-algarve","13":"product_tag-flamingos","14":"product_tag-gastronomy","15":"product_tag-portugal","16":"product_tag-portugal-great-food-and-wine","17":"product_tag-self-catering-hotel-albufeira","18":"product_tag-sun-and-beach","19":"product_tag-sunny-days","20":"product_tag-tastes-of-algarve","21":"product_tag-victoria-sports-beach-hotel","22":"product_tag-western-europe","24":"first","25":"instock","26":"virtual","27":"product-type-simple"},"acf":[],"yoast_head":"<!-- This site is optimized with the Yoast SEO Premium plugin v26.8 (Yoast SEO v27.4) - https:\/\/yoast.com\/product\/yoast-seo-premium-wordpress\/ -->\n<title>Relax in Albufeira<\/title>\n<meta name=\"description\" content=\"Round up your days of leisure and relaxation on a terrace overlooking the ocean, with a fresh drink on your hand, to celebrate the good life!\" \/>\n<meta name=\"robots\" content=\"index, follow, max-snippet:-1, max-image-preview:large, max-video-preview:-1\" \/>\n<link rel=\"canonical\" href=\"https:\/\/becooltravel.com\/da\/vare\/relax-in-albufeira-8101pk\/\" \/>\n<meta property=\"og:locale\" content=\"da_DK\" \/>\n<meta property=\"og:type\" content=\"article\" \/>\n<meta property=\"og:title\" content=\"Gold sandy beaches with crystal clear waters (Blue flag)\" \/>\n<meta property=\"og:description\" content=\"Being a popular resort, Albufeira teems with urban boutiques and arts and crafts shops, where you can still find authenticity in the work of local artisans. Those objects made of clay, palm leaves, copper, and lace, follow centuries\u2019 old traditions.The charm of Albufeira doesn\u2019t end here. In the fertile green countryside lies a fragrant landscape dotted with almond, fig, orange, and pine trees.The lacey typical chimneys, a heritage of Moorish architecture, stand out against the red of tiled roofs and the blue skies.\" \/>\n<meta property=\"og:url\" content=\"https:\/\/becooltravel.com\/da\/vare\/relax-in-albufeira-8101pk\/\" \/>\n<meta property=\"og:site_name\" content=\"BeCool Travel\" \/>\n<meta property=\"article:publisher\" content=\"https:\/\/www.facebook.com\/becooltravelagency\/\" \/>\n<meta property=\"article:modified_time\" content=\"2026-03-18T13:54:37+00:00\" \/>\n<meta property=\"og:image\" content=\"https:\/\/becooltravel.com\/wp-content\/uploads\/sites\/5\/2020\/05\/praia-oura-albufeira.jpg\" \/>\n\t<meta property=\"og:image:width\" content=\"1200\" \/>\n\t<meta property=\"og:image:height\" content=\"793\" \/>\n\t<meta property=\"og:image:type\" content=\"image\/jpeg\" \/>\n<meta name=\"twitter:card\" content=\"summary_large_image\" \/>\n<meta name=\"twitter:title\" content=\"Epic Albufeira\u2019s nightlife with live music, themed bars and clubs\" \/>\n<meta name=\"twitter:description\" content=\"Sleepy whitewashed villages invite you to experience a way of life connected to nature, adding another dimension to your holidays in the Algarve.Last, but certainly not least, surrender yourself to the excellent Portuguese food and wines. From the fresh fish and shellfish to the sweet local delicacies of almonds, honey, and figs, you will be spoilt for choice!\" \/>\n<meta name=\"twitter:image\" content=\"https:\/\/i0.wp.com\/becooltravel.com\/wp-content\/uploads\/sites\/5\/2020\/05\/Albufeira_beaches.jpg?fit=800%2C1192&ssl=1\" \/>\n<meta name=\"twitter:site\" content=\"@becool_travel\" \/>\n<meta name=\"twitter:label1\" content=\"Estimeret l\u00e6setid\" \/>\n\t<meta name=\"twitter:data1\" content=\"2 minutter\" \/>\n<script type=\"application\/ld+json\" class=\"yoast-schema-graph\">{\"@context\":\"https:\\\/\\\/schema.org\",\"@graph\":[{\"@type\":[\"WebPage\",\"ItemPage\"],\"@id\":\"https:\\\/\\\/becooltravel.com\\\/product\\\/relax-in-albufeira-8101pk\\\/\",\"url\":\"https:\\\/\\\/becooltravel.com\\\/product\\\/relax-in-albufeira-8101pk\\\/\",\"name\":\"Relax in Albufeira\",\"isPartOf\":{\"@id\":\"https:\\\/\\\/becooltravel.com\\\/#website\"},\"primaryImageOfPage\":{\"@id\":\"https:\\\/\\\/becooltravel.com\\\/product\\\/relax-in-albufeira-8101pk\\\/#primaryimage\"},\"image\":{\"@id\":\"https:\\\/\\\/becooltravel.com\\\/product\\\/relax-in-albufeira-8101pk\\\/#primaryimage\"},\"thumbnailUrl\":\"https:\\\/\\\/i0.wp.com\\\/becooltravel.com\\\/wp-content\\\/uploads\\\/sites\\\/5\\\/2020\\\/05\\\/Albufeira_beaches.jpg?fit=800%2C1192&ssl=1\",\"datePublished\":\"2020-05-21T10:17:45+00:00\",\"dateModified\":\"2026-03-18T13:54:37+00:00\",\"description\":\"Round up your days of leisure and relaxation on a terrace overlooking the ocean, with a fresh drink on your hand, to celebrate the good life!\",\"breadcrumb\":{\"@id\":\"https:\\\/\\\/becooltravel.com\\\/product\\\/relax-in-albufeira-8101pk\\\/#breadcrumb\"},\"inLanguage\":\"da-DK\",\"potentialAction\":[{\"@type\":\"ReadAction\",\"target\":[\"https:\\\/\\\/becooltravel.com\\\/product\\\/relax-in-albufeira-8101pk\\\/\"]}]},{\"@type\":\"ImageObject\",\"inLanguage\":\"da-DK\",\"@id\":\"https:\\\/\\\/becooltravel.com\\\/product\\\/relax-in-albufeira-8101pk\\\/#primaryimage\",\"url\":\"https:\\\/\\\/i0.wp.com\\\/becooltravel.com\\\/wp-content\\\/uploads\\\/sites\\\/5\\\/2020\\\/05\\\/Albufeira_beaches.jpg?fit=800%2C1192&ssl=1\",\"contentUrl\":\"https:\\\/\\\/i0.wp.com\\\/becooltravel.com\\\/wp-content\\\/uploads\\\/sites\\\/5\\\/2020\\\/05\\\/Albufeira_beaches.jpg?fit=800%2C1192&ssl=1\",\"width\":800,\"height\":1192,\"caption\":\"Holidays in Albufeira\"},{\"@type\":\"BreadcrumbList\",\"@id\":\"https:\\\/\\\/becooltravel.com\\\/product\\\/relax-in-albufeira-8101pk\\\/#breadcrumb\",\"itemListElement\":[{\"@type\":\"ListItem\",\"position\":1,\"name\":\"Home\",\"item\":\"https:\\\/\\\/becooltravel.com\\\/\"},{\"@type\":\"ListItem\",\"position\":2,\"name\":\"Shop\",\"item\":\"https:\\\/\\\/becooltravel.com\\\/?page_id=5\"},{\"@type\":\"ListItem\",\"position\":3,\"name\":\"Albufeira Algarve Portugal\",\"item\":\"https:\\\/\\\/becooltravel.com\\\/da\\\/produkt-tag-6\\\/albufeira\\\/\"},{\"@type\":\"ListItem\",\"position\":4,\"name\":\"The beaches of Albufeira are the number one tourist destination in the Algarve. This is a developed city with a beautiful historic centre of narrow streets, surrounded by apartments and white houses, next to the beautiful local beaches. Nearby is the marina of Albufeira, heavily frequented by hundreds of recreational craft.\"}]},{\"@type\":\"WebSite\",\"@id\":\"https:\\\/\\\/becooltravel.com\\\/#website\",\"url\":\"https:\\\/\\\/becooltravel.com\\\/\",\"name\":\"BeCool Travel\",\"description\":\"Sustainable holidays in Portugal for independent travelers\",\"publisher\":{\"@id\":\"https:\\\/\\\/becooltravel.com\\\/#organization\"},\"potentialAction\":[{\"@type\":\"SearchAction\",\"target\":{\"@type\":\"EntryPoint\",\"urlTemplate\":\"https:\\\/\\\/becooltravel.com\\\/?s={search_term_string}\"},\"query-input\":{\"@type\":\"PropertyValueSpecification\",\"valueRequired\":true,\"valueName\":\"search_term_string\"}}],\"inLanguage\":\"da-DK\"},{\"@type\":\"Organization\",\"@id\":\"https:\\\/\\\/becooltravel.com\\\/#organization\",\"name\":\"BecoolTravel. com- Portugal\",\"url\":\"https:\\\/\\\/becooltravel.com\\\/\",\"logo\":{\"@type\":\"ImageObject\",\"inLanguage\":\"da-DK\",\"@id\":\"https:\\\/\\\/becooltravel.com\\\/#\\\/schema\\\/logo\\\/image\\\/\",\"url\":\"https:\\\/\\\/becooltravel.com\\\/wp-content\\\/uploads\\\/sites\\\/5\\\/2020\\\/03\\\/Logo_BeCool.jpg\",\"contentUrl\":\"https:\\\/\\\/becooltravel.com\\\/wp-content\\\/uploads\\\/sites\\\/5\\\/2020\\\/03\\\/Logo_BeCool.jpg\",\"width\":534,\"height\":534,\"caption\":\"BecoolTravel. com- Portugal\"},\"image\":{\"@id\":\"https:\\\/\\\/becooltravel.com\\\/#\\\/schema\\\/logo\\\/image\\\/\"},\"sameAs\":[\"https:\\\/\\\/www.facebook.com\\\/becooltravelagency\\\/\",\"https:\\\/\\\/x.com\\\/becool_travel\",\"https:\\\/\\\/www.instagram.com\\\/becooltravel_com\\\/\",\"https:\\\/\\\/www.linkedin.com\\\/company\\\/becool-travel\\\/\",\"https:\\\/\\\/www.youtube.com\\\/channel\\\/UCE7zRU3EVG1PgfXwQo-5uJw\"]}]}<\/script>\n<!-- \/ Yoast SEO Premium plugin. -->","yoast_head_json":{"title":"Slap af i Albufeira","description":"Afrund dine dage med fritid og afslapning p\u00e5 en terrasse med udsigt over havet med en frisk drink p\u00e5 h\u00e5nden for at fejre det gode liv!","robots":{"index":"index","follow":"follow","max-snippet":"max-snippet:-1","max-image-preview":"max-image-preview:large","max-video-preview":"max-video-preview:-1"},"canonical":"https:\/\/becooltravel.com\/da\/vare\/relax-in-albufeira-8101pk\/","og_locale":"da_DK","og_type":"article","og_title":"Gold sandy beaches with crystal clear waters (Blue flag)","og_description":"Being a popular resort, Albufeira teems with urban boutiques and arts and crafts shops, where you can still find authenticity in the work of local artisans. Those objects made of clay, palm leaves, copper, and lace, follow centuries\u2019 old traditions.The charm of Albufeira doesn\u2019t end here. In the fertile green countryside lies a fragrant landscape dotted with almond, fig, orange, and pine trees.The lacey typical chimneys, a heritage of Moorish architecture, stand out against the red of tiled roofs and the blue skies.","og_url":"https:\/\/becooltravel.com\/da\/vare\/relax-in-albufeira-8101pk\/","og_site_name":"BeCool Travel","article_publisher":"https:\/\/www.facebook.com\/becooltravelagency\/","article_modified_time":"2026-03-18T13:54:37+00:00","og_image":[{"width":1200,"height":793,"url":"https:\/\/becooltravel.com\/wp-content\/uploads\/sites\/5\/2020\/05\/praia-oura-albufeira.jpg","type":"image\/jpeg"}],"twitter_card":"summary_large_image","twitter_title":"Epic Albufeira\u2019s nightlife with live music, themed bars and clubs","twitter_description":"Sleepy whitewashed villages invite you to experience a way of life connected to nature, adding another dimension to your holidays in the Algarve.Last, but certainly not least, surrender yourself to the excellent Portuguese food and wines. From the fresh fish and shellfish to the sweet local delicacies of almonds, honey, and figs, you will be spoilt for choice!","twitter_image":"https:\/\/i0.wp.com\/becooltravel.com\/wp-content\/uploads\/sites\/5\/2020\/05\/Albufeira_beaches.jpg?fit=800%2C1192&ssl=1","twitter_site":"@becool_travel","twitter_misc":{"Estimeret l\u00e6setid":"2 minutter"},"schema":{"@context":"https:\/\/schema.org","@graph":[{"@type":["WebPage","ItemPage"],"@id":"https:\/\/becooltravel.com\/product\/relax-in-albufeira-8101pk\/","url":"https:\/\/becooltravel.com\/product\/relax-in-albufeira-8101pk\/","name":"Slap af i Albufeira","isPartOf":{"@id":"https:\/\/becooltravel.com\/#website"},"primaryImageOfPage":{"@id":"https:\/\/becooltravel.com\/product\/relax-in-albufeira-8101pk\/#primaryimage"},"image":{"@id":"https:\/\/becooltravel.com\/product\/relax-in-albufeira-8101pk\/#primaryimage"},"thumbnailUrl":"https:\/\/i0.wp.com\/becooltravel.com\/wp-content\/uploads\/sites\/5\/2020\/05\/Albufeira_beaches.jpg?fit=800%2C1192&ssl=1","datePublished":"2020-05-21T10:17:45+00:00","dateModified":"2026-03-18T13:54:37+00:00","description":"Afrund dine dage med fritid og afslapning p\u00e5 en terrasse med udsigt over havet med en frisk drink p\u00e5 h\u00e5nden for at fejre det gode liv!","breadcrumb":{"@id":"https:\/\/becooltravel.com\/product\/relax-in-albufeira-8101pk\/#breadcrumb"},"inLanguage":"da-DK","potentialAction":[{"@type":"ReadAction","target":["https:\/\/becooltravel.com\/product\/relax-in-albufeira-8101pk\/"]}]},{"@type":"ImageObject","inLanguage":"da-DK","@id":"https:\/\/becooltravel.com\/product\/relax-in-albufeira-8101pk\/#primaryimage","url":"https:\/\/i0.wp.com\/becooltravel.com\/wp-content\/uploads\/sites\/5\/2020\/05\/Albufeira_beaches.jpg?fit=800%2C1192&ssl=1","contentUrl":"https:\/\/i0.wp.com\/becooltravel.com\/wp-content\/uploads\/sites\/5\/2020\/05\/Albufeira_beaches.jpg?fit=800%2C1192&ssl=1","width":800,"height":1192,"caption":"Holidays in Albufeira"},{"@type":"BreadcrumbList","@id":"https:\/\/becooltravel.com\/product\/relax-in-albufeira-8101pk\/#breadcrumb","itemListElement":[{"@type":"ListItem","position":1,"name":"Home","item":"https:\/\/becooltravel.com\/"},{"@type":"ListItem","position":2,"name":"Shop","item":"https:\/\/becooltravel.com\/?page_id=5"},{"@type":"ListItem","position":3,"name":"Albufeira Algarve Portugal","item":"https:\/\/becooltravel.com\/da\/produkt-tag-6\/albufeira\/"},{"@type":"ListItem","position":4,"name":"The beaches of Albufeira are the number one tourist destination in the Algarve. This is a developed city with a beautiful historic centre of narrow streets, surrounded by apartments and white houses, next to the beautiful local beaches. Nearby is the marina of Albufeira, heavily frequented by hundreds of recreational craft."}]},{"@type":"WebSite","@id":"https:\/\/becooltravel.com\/#website","url":"https:\/\/becooltravel.com\/","name":"BeCool rejse","description":"B\u00e6redygtig ferie i Portugal for uafh\u00e6ngige rejsende","publisher":{"@id":"https:\/\/becooltravel.com\/#organization"},"potentialAction":[{"@type":"SearchAction","target":{"@type":"EntryPoint","urlTemplate":"https:\/\/becooltravel.com\/?s={search_term_string}"},"query-input":{"@type":"PropertyValueSpecification","valueRequired":true,"valueName":"search_term_string"}}],"inLanguage":"da-DK"},{"@type":"Organization","@id":"https:\/\/becooltravel.com\/#organization","name":"BecoolTravel. com- Portugal","url":"https:\/\/becooltravel.com\/","logo":{"@type":"ImageObject","inLanguage":"da-DK","@id":"https:\/\/becooltravel.com\/#\/schema\/logo\/image\/","url":"https:\/\/becooltravel.com\/wp-content\/uploads\/sites\/5\/2020\/03\/Logo_BeCool.jpg","contentUrl":"https:\/\/becooltravel.com\/wp-content\/uploads\/sites\/5\/2020\/03\/Logo_BeCool.jpg","width":534,"height":534,"caption":"BecoolTravel. com- Portugal"},"image":{"@id":"https:\/\/becooltravel.com\/#\/schema\/logo\/image\/"},"sameAs":["https:\/\/www.facebook.com\/becooltravelagency\/","https:\/\/x.com\/becool_travel","https:\/\/www.instagram.com\/becooltravel_com\/","https:\/\/www.linkedin.com\/company\/becool-travel\/","https:\/\/www.youtube.com\/channel\/UCE7zRU3EVG1PgfXwQo-5uJw"]}]}},"jetpack_sharing_enabled":true,"_links":{"self":[{"href":"https:\/\/becooltravel.com\/da\/wp-json\/wp\/v2\/product\/4888","targetHints":{"allow":["GET"]}}],"collection":[{"href":"https:\/\/becooltravel.com\/da\/wp-json\/wp\/v2\/product"}],"about":[{"href":"https:\/\/becooltravel.com\/da\/wp-json\/wp\/v2\/types\/product"}],"replies":[{"embeddable":true,"href":"https:\/\/becooltravel.com\/da\/wp-json\/wp\/v2\/comments?post=4888"}],"wp:featuredmedia":[{"embeddable":true,"href":"https:\/\/becooltravel.com\/da\/wp-json\/wp\/v2\/media\/4798"}],"wp:attachment":[{"href":"https:\/\/becooltravel.com\/da\/wp-json\/wp\/v2\/media?parent=4888"}],"wp:term":[{"taxonomy":"product_brand","embeddable":true,"href":"https:\/\/becooltravel.com\/da\/wp-json\/wp\/v2\/product_brand?post=4888"},{"taxonomy":"product_cat","embeddable":true,"href":"https:\/\/becooltravel.com\/da\/wp-json\/wp\/v2\/product_cat?post=4888"},{"taxonomy":"product_tag","embeddable":true,"href":"https:\/\/becooltravel.com\/da\/wp-json\/wp\/v2\/product_tag?post=4888"}],"curies":[{"name":"wp","href":"https:\/\/api.w.org\/{rel}","templated":true}]}}