{"id":4889,"date":"2020-05-21T10:28:33","date_gmt":"2020-05-21T10:28:33","guid":{"rendered":"https:\/\/becooltravel.com\/product\/relax-in-albufeira-8102pk\/"},"modified":"2026-03-18T13:54:57","modified_gmt":"2026-03-18T13:54:57","slug":"relax-in-albufeira-8102pk","status":"publish","type":"product","link":"https:\/\/becooltravel.com\/da\/vare\/slappe-af-i-albufeira-8102pk\/","title":{"rendered":"Slap af i Albufeira"},"content":{"rendered":"<p>Albufeira er internationalt kendt for sine gyldne sandstrande og turkisbl\u00e5 vand, beskyttet af stenede okkerklipper.<\/p>\n<p>Landskabet tiltr\u00e6kker et v\u00e6ld af bes\u00f8gende, der elsker at solbade om dagen. N\u00e5r solen g\u00e5r ned, begynder festen med smukke mennesker, der str\u00f8mmer sammen for at nyde restauranterne, barerne, terrasserne og det episke Albufeira natteliv.<\/p>\n<p>Afrund dine dage med fritid og afslapning p\u00e5 en terrasse med udsigt over havet med en frisk drink p\u00e5 h\u00e5nden for at fejre det gode liv.<\/p>\n<div id=\"attachment_1989\" style=\"width: 1034px\" class=\"wp-caption alignnone\"><img data-recalc-dims=\"1\" decoding=\"async\" aria-describedby=\"caption-attachment-1989\" class=\"wp-image-1989 size-large\" src=\"https:\/\/i0.wp.com\/legendatours.net\/wp-content\/uploads\/2020\/03\/Albufeira_downtown-1024x683.jpg?resize=1024%2C683&#038;ssl=1\" alt=\"Ferier i Albufeira\" width=\"1024\" height=\"683\" \/><p id=\"caption-attachment-1989\" class=\"wp-caption-text\">Ferier i Albufeira, sjovt at holde dig smilende hele ferien lang.<\/p><\/div>\n<p>Strandstranden i Albufeira er meget indbydende til vandsport, lige fra windsurfing, dykning eller sejlads. En b\u00e5dtur rundt om hulerne er en vidunderlig mulighed for en anden dag med bes\u00f8g p\u00e5 afsides strande, der kun er tilg\u00e6ngelige ad s\u00f8vejen.<\/p>\n<p>Albufeira er ikke kun perfekt til folk, der l\u00e6nges efter sol og hvile. Mange golfbaner str\u00e6kker sig n\u00e6sten til havet, og alle mulige sjove aktiviteter er tilg\u00e6ngelige, som ridning i skyggen af fyrretr\u00e6er.<br \/>\nAt v\u00e6re et popul\u00e6rt feriested, Albufeira vrimler med bybutikker og kunst- og h\u00e5ndv\u00e6rksbutikker, hvor du stadig kan finde \u00e6gthed i lokale h\u00e5ndv\u00e6rkeres arbejde. Disse genstande lavet af ler, palme blade, kobber og blonder f\u00f8lger \u00e5rhundreder gamle traditioner.<\/p>\n<p>Albufeira charme slutter ikke her. I det frugtbare gr\u00f8nne landskab ligger et duftende landskab overs\u00e5et med mandel-, figen-, appelsin- og fyrretr\u00e6er.<\/p>\n<p>De blonderede typiske skorstene, en arv fra maurisk arkitektur, skiller sig ud mod det r\u00f8de af flisetage og den bl\u00e5 himmel.<\/p>\n<div id=\"attachment_1991\" style=\"width: 1034px\" class=\"wp-caption alignnone\"><img data-recalc-dims=\"1\" decoding=\"async\" aria-describedby=\"caption-attachment-1991\" class=\"wp-image-1991 size-large\" src=\"https:\/\/i0.wp.com\/legendatours.net\/wp-content\/uploads\/2020\/03\/Albufeira_heritage-1024x686.jpg?resize=1024%2C686&#038;ssl=1\" alt=\"Ferier i Albufeira\" width=\"1024\" height=\"686\" \/><p id=\"caption-attachment-1991\" class=\"wp-caption-text\">Ferie i Albufeira, en tidligere fiskerby, nu et af de mest popul\u00e6re feriesteder i Algarve<\/p><\/div>\n<p>S\u00f8vnige hvidkalkede landsbyer inviterer dig til at opleve en livsstil forbundet med naturen og tilf\u00f8je en anden dimension til din ferie i Algarve.<\/p>\n<p>Sidst, men bestemt ikke mindst, overgiv dig selv til den fremragende portugisiske mad og vin. Fra frisk fisk og skaldyr til de s\u00f8de lokale delikatesser af mandler, honning og figner, vil du blive fork\u00e6let med valg!<\/p>","protected":false},"excerpt":{"rendered":"<p>Albufeira er internationalt kendt for sine gyldne sandstrande og turkisbl\u00e5 vand, beskyttet af stenede okkerklipper.<\/p>\n<p>Landskabet tiltr\u00e6kker et v\u00e6ld af bes\u00f8gende, der elsker at solbade om dagen. N\u00e5r solen g\u00e5r ned, begynder festen med smukke mennesker, der str\u00f8mmer sammen for at nyde restauranterne, barerne, terrasserne og det episke Albufeira natteliv.<\/p>\n<p>Afrund dine dage med fritid og afslapning p\u00e5 en terrasse med udsigt over havet med en frisk drink p\u00e5 h\u00e5nden for at fejre det gode liv!<\/p>","protected":false},"featured_media":4786,"comment_status":"closed","ping_status":"closed","template":"","meta":{"_acf_changed":false,"inline_featured_image":false},"product_brand":[],"product_cat":[329,331],"product_tag":[530,311,296,661,244,291,606,368,134,58,83,608,636,637,1048,612,613,723,662,638,100,615,141],"class_list":{"0":"post-4889","1":"product","2":"type-product","3":"status-publish","4":"has-post-thumbnail","6":"product_cat-holiday-packs-tours-portugal","7":"product_cat-relax-8-days-holidays-portugal","8":"product_tag-albufeira","9":"product_tag-algarve","10":"product_tag-beaches","11":"product_tag-beautiful-beaches","12":"product_tag-coastal-algarve","13":"product_tag-flamingos","14":"product_tag-gastronomy","15":"product_tag-orange","16":"product_tag-orange-groves","17":"product_tag-portugal","18":"product_tag-portugal-great-food-and-wine","19":"product_tag-relax","20":"product_tag-relaxation-albufeira","21":"product_tag-self-catering-hotel-albufeira","22":"product_tag-self-guide-tour","23":"product_tag-sun-and-beach","24":"product_tag-sunny-days","25":"product_tag-sunny-winters","26":"product_tag-tastes-of-algarve","27":"product_tag-victoria-sports-beach-hotel","28":"product_tag-western-europe","29":"product_tag-winter","30":"product_tag-winter-break","32":"first","33":"instock","34":"virtual","35":"product-type-simple"},"acf":[],"yoast_head":"<!-- This site is optimized with the Yoast SEO Premium plugin v26.8 (Yoast SEO v27.5) - https:\/\/yoast.com\/product\/yoast-seo-premium-wordpress\/ -->\n<title>Relax in Albufeira<\/title>\n<meta name=\"description\" content=\"The beaches of Albufeira are the number one tourist destination in the Algarve. This is a developed city with a beautiful historic centre of narrow streets, surrounded by apartments and white houses, next to the beautiful local beaches. Nearby is the marina of Albufeira, heavily frequented by hundreds of recreational craft.\" \/>\n<meta name=\"robots\" content=\"index, follow, max-snippet:-1, max-image-preview:large, max-video-preview:-1\" \/>\n<link rel=\"canonical\" href=\"https:\/\/becooltravel.com\/da\/vare\/slappe-af-i-albufeira-8102pk\/\" \/>\n<meta property=\"og:locale\" content=\"da_DK\" \/>\n<meta property=\"og:type\" content=\"article\" \/>\n<meta property=\"og:title\" content=\"Relax in Albufeira\" \/>\n<meta property=\"og:description\" content=\"The beaches of Albufeira are the number one tourist destination in the Algarve. This is a developed city with a beautiful historic centre of narrow streets, surrounded by apartments and white houses, next to the beautiful local beaches. Nearby is the marina of Albufeira, heavily frequented by hundreds of recreational craft.\" \/>\n<meta property=\"og:url\" content=\"https:\/\/becooltravel.com\/da\/vare\/slappe-af-i-albufeira-8102pk\/\" \/>\n<meta property=\"og:site_name\" content=\"BeCool Travel\" \/>\n<meta property=\"article:publisher\" content=\"https:\/\/www.facebook.com\/becooltravelagency\/\" \/>\n<meta property=\"article:modified_time\" content=\"2026-03-18T13:54:57+00:00\" \/>\n<meta property=\"og:image\" content=\"https:\/\/becooltravel.com\/wp-content\/uploads\/sites\/5\/2020\/05\/Olhos_Agua_Albufeira.jpg\" \/>\n\t<meta property=\"og:image:width\" content=\"1200\" \/>\n\t<meta property=\"og:image:height\" content=\"800\" \/>\n\t<meta property=\"og:image:type\" content=\"image\/jpeg\" \/>\n<meta name=\"twitter:card\" content=\"summary_large_image\" \/>\n<meta name=\"twitter:site\" content=\"@becool_travel\" \/>\n<meta name=\"twitter:label1\" content=\"Estimeret l\u00e6setid\" \/>\n\t<meta name=\"twitter:data1\" content=\"3 minutter\" \/>\n<script type=\"application\/ld+json\" class=\"yoast-schema-graph\">{\"@context\":\"https:\\\/\\\/schema.org\",\"@graph\":[{\"@type\":[\"WebPage\",\"ItemPage\"],\"@id\":\"https:\\\/\\\/becooltravel.com\\\/product\\\/relax-in-albufeira-8102pk\\\/\",\"url\":\"https:\\\/\\\/becooltravel.com\\\/product\\\/relax-in-albufeira-8102pk\\\/\",\"name\":\"Relax in Albufeira\",\"isPartOf\":{\"@id\":\"https:\\\/\\\/becooltravel.com\\\/#website\"},\"primaryImageOfPage\":{\"@id\":\"https:\\\/\\\/becooltravel.com\\\/product\\\/relax-in-albufeira-8102pk\\\/#primaryimage\"},\"image\":{\"@id\":\"https:\\\/\\\/becooltravel.com\\\/product\\\/relax-in-albufeira-8102pk\\\/#primaryimage\"},\"thumbnailUrl\":\"https:\\\/\\\/i0.wp.com\\\/becooltravel.com\\\/wp-content\\\/uploads\\\/sites\\\/5\\\/2020\\\/05\\\/Olhos_Agua_Albufeira.jpg?fit=1200%2C800&ssl=1\",\"datePublished\":\"2020-05-21T10:28:33+00:00\",\"dateModified\":\"2026-03-18T13:54:57+00:00\",\"description\":\"The beaches of Albufeira are the number one tourist destination in the Algarve. This is a developed city with a beautiful historic centre of narrow streets, surrounded by apartments and white houses, next to the beautiful local beaches. Nearby is the marina of Albufeira, heavily frequented by hundreds of recreational craft.\",\"breadcrumb\":{\"@id\":\"https:\\\/\\\/becooltravel.com\\\/product\\\/relax-in-albufeira-8102pk\\\/#breadcrumb\"},\"inLanguage\":\"da-DK\",\"potentialAction\":[{\"@type\":\"ReadAction\",\"target\":[\"https:\\\/\\\/becooltravel.com\\\/product\\\/relax-in-albufeira-8102pk\\\/\"]}]},{\"@type\":\"ImageObject\",\"inLanguage\":\"da-DK\",\"@id\":\"https:\\\/\\\/becooltravel.com\\\/product\\\/relax-in-albufeira-8102pk\\\/#primaryimage\",\"url\":\"https:\\\/\\\/i0.wp.com\\\/becooltravel.com\\\/wp-content\\\/uploads\\\/sites\\\/5\\\/2020\\\/05\\\/Olhos_Agua_Albufeira.jpg?fit=1200%2C800&ssl=1\",\"contentUrl\":\"https:\\\/\\\/i0.wp.com\\\/becooltravel.com\\\/wp-content\\\/uploads\\\/sites\\\/5\\\/2020\\\/05\\\/Olhos_Agua_Albufeira.jpg?fit=1200%2C800&ssl=1\",\"width\":1200,\"height\":800,\"caption\":\"Holidays in Albufeira\"},{\"@type\":\"BreadcrumbList\",\"@id\":\"https:\\\/\\\/becooltravel.com\\\/product\\\/relax-in-albufeira-8102pk\\\/#breadcrumb\",\"itemListElement\":[{\"@type\":\"ListItem\",\"position\":1,\"name\":\"Home\",\"item\":\"https:\\\/\\\/becooltravel.com\\\/\"},{\"@type\":\"ListItem\",\"position\":2,\"name\":\"Shop\",\"item\":\"https:\\\/\\\/becooltravel.com\\\/?page_id=5\"},{\"@type\":\"ListItem\",\"position\":3,\"name\":\"Albufeira Algarve Portugal\",\"item\":\"https:\\\/\\\/becooltravel.com\\\/da\\\/produkt-tag-6\\\/albufeira\\\/\"},{\"@type\":\"ListItem\",\"position\":4,\"name\":\"The beaches of Albufeira are the number one tourist destination in the Algarve. This is a developed city with a beautiful historic centre of narrow streets, surrounded by apartments and white houses, next to the beautiful local beaches. Nearby is the marina of Albufeira, heavily frequented by hundreds of recreational craft.\"}]},{\"@type\":\"WebSite\",\"@id\":\"https:\\\/\\\/becooltravel.com\\\/#website\",\"url\":\"https:\\\/\\\/becooltravel.com\\\/\",\"name\":\"BeCool Travel\",\"description\":\"Sustainable holidays in Portugal for independent travelers\",\"publisher\":{\"@id\":\"https:\\\/\\\/becooltravel.com\\\/#organization\"},\"potentialAction\":[{\"@type\":\"SearchAction\",\"target\":{\"@type\":\"EntryPoint\",\"urlTemplate\":\"https:\\\/\\\/becooltravel.com\\\/?s={search_term_string}\"},\"query-input\":{\"@type\":\"PropertyValueSpecification\",\"valueRequired\":true,\"valueName\":\"search_term_string\"}}],\"inLanguage\":\"da-DK\"},{\"@type\":\"Organization\",\"@id\":\"https:\\\/\\\/becooltravel.com\\\/#organization\",\"name\":\"BecoolTravel. com- Portugal\",\"url\":\"https:\\\/\\\/becooltravel.com\\\/\",\"logo\":{\"@type\":\"ImageObject\",\"inLanguage\":\"da-DK\",\"@id\":\"https:\\\/\\\/becooltravel.com\\\/#\\\/schema\\\/logo\\\/image\\\/\",\"url\":\"https:\\\/\\\/becooltravel.com\\\/wp-content\\\/uploads\\\/sites\\\/5\\\/2020\\\/03\\\/Logo_BeCool.jpg\",\"contentUrl\":\"https:\\\/\\\/becooltravel.com\\\/wp-content\\\/uploads\\\/sites\\\/5\\\/2020\\\/03\\\/Logo_BeCool.jpg\",\"width\":534,\"height\":534,\"caption\":\"BecoolTravel. com- Portugal\"},\"image\":{\"@id\":\"https:\\\/\\\/becooltravel.com\\\/#\\\/schema\\\/logo\\\/image\\\/\"},\"sameAs\":[\"https:\\\/\\\/www.facebook.com\\\/becooltravelagency\\\/\",\"https:\\\/\\\/x.com\\\/becool_travel\",\"https:\\\/\\\/www.instagram.com\\\/becooltravel_com\\\/\",\"https:\\\/\\\/www.linkedin.com\\\/company\\\/becool-travel\\\/\",\"https:\\\/\\\/www.youtube.com\\\/channel\\\/UCE7zRU3EVG1PgfXwQo-5uJw\"]}]}<\/script>\n<!-- \/ Yoast SEO Premium plugin. -->","yoast_head_json":{"title":"Slap af i Albufeira","description":"Strandene i Albufeira er det st\u00f8rste turistm\u00e5l i Algarve. Dette er en udviklet by med et smukt historisk centrum af smalle gader, omgivet af lejligheder og hvide huse ved siden af de smukke lokale strande. I n\u00e6rheden ligger marinaen Albufeira, der er st\u00e6rkt frekventeret af hundredvis af fritidsfart\u00f8jer.","robots":{"index":"index","follow":"follow","max-snippet":"max-snippet:-1","max-image-preview":"max-image-preview:large","max-video-preview":"max-video-preview:-1"},"canonical":"https:\/\/becooltravel.com\/da\/vare\/slappe-af-i-albufeira-8102pk\/","og_locale":"da_DK","og_type":"article","og_title":"Relax in Albufeira","og_description":"The beaches of Albufeira are the number one tourist destination in the Algarve. This is a developed city with a beautiful historic centre of narrow streets, surrounded by apartments and white houses, next to the beautiful local beaches. Nearby is the marina of Albufeira, heavily frequented by hundreds of recreational craft.","og_url":"https:\/\/becooltravel.com\/da\/vare\/slappe-af-i-albufeira-8102pk\/","og_site_name":"BeCool Travel","article_publisher":"https:\/\/www.facebook.com\/becooltravelagency\/","article_modified_time":"2026-03-18T13:54:57+00:00","og_image":[{"width":1200,"height":800,"url":"https:\/\/becooltravel.com\/wp-content\/uploads\/sites\/5\/2020\/05\/Olhos_Agua_Albufeira.jpg","type":"image\/jpeg"}],"twitter_card":"summary_large_image","twitter_site":"@becool_travel","twitter_misc":{"Estimeret l\u00e6setid":"3 minutter"},"schema":{"@context":"https:\/\/schema.org","@graph":[{"@type":["WebPage","ItemPage"],"@id":"https:\/\/becooltravel.com\/product\/relax-in-albufeira-8102pk\/","url":"https:\/\/becooltravel.com\/product\/relax-in-albufeira-8102pk\/","name":"Slap af i Albufeira","isPartOf":{"@id":"https:\/\/becooltravel.com\/#website"},"primaryImageOfPage":{"@id":"https:\/\/becooltravel.com\/product\/relax-in-albufeira-8102pk\/#primaryimage"},"image":{"@id":"https:\/\/becooltravel.com\/product\/relax-in-albufeira-8102pk\/#primaryimage"},"thumbnailUrl":"https:\/\/i0.wp.com\/becooltravel.com\/wp-content\/uploads\/sites\/5\/2020\/05\/Olhos_Agua_Albufeira.jpg?fit=1200%2C800&ssl=1","datePublished":"2020-05-21T10:28:33+00:00","dateModified":"2026-03-18T13:54:57+00:00","description":"Strandene i Albufeira er det st\u00f8rste turistm\u00e5l i Algarve. Dette er en udviklet by med et smukt historisk centrum af smalle gader, omgivet af lejligheder og hvide huse ved siden af de smukke lokale strande. I n\u00e6rheden ligger marinaen Albufeira, der er st\u00e6rkt frekventeret af hundredvis af fritidsfart\u00f8jer.","breadcrumb":{"@id":"https:\/\/becooltravel.com\/product\/relax-in-albufeira-8102pk\/#breadcrumb"},"inLanguage":"da-DK","potentialAction":[{"@type":"ReadAction","target":["https:\/\/becooltravel.com\/product\/relax-in-albufeira-8102pk\/"]}]},{"@type":"ImageObject","inLanguage":"da-DK","@id":"https:\/\/becooltravel.com\/product\/relax-in-albufeira-8102pk\/#primaryimage","url":"https:\/\/i0.wp.com\/becooltravel.com\/wp-content\/uploads\/sites\/5\/2020\/05\/Olhos_Agua_Albufeira.jpg?fit=1200%2C800&ssl=1","contentUrl":"https:\/\/i0.wp.com\/becooltravel.com\/wp-content\/uploads\/sites\/5\/2020\/05\/Olhos_Agua_Albufeira.jpg?fit=1200%2C800&ssl=1","width":1200,"height":800,"caption":"Holidays in Albufeira"},{"@type":"BreadcrumbList","@id":"https:\/\/becooltravel.com\/product\/relax-in-albufeira-8102pk\/#breadcrumb","itemListElement":[{"@type":"ListItem","position":1,"name":"Home","item":"https:\/\/becooltravel.com\/"},{"@type":"ListItem","position":2,"name":"Shop","item":"https:\/\/becooltravel.com\/?page_id=5"},{"@type":"ListItem","position":3,"name":"Albufeira Algarve Portugal","item":"https:\/\/becooltravel.com\/da\/produkt-tag-6\/albufeira\/"},{"@type":"ListItem","position":4,"name":"The beaches of Albufeira are the number one tourist destination in the Algarve. This is a developed city with a beautiful historic centre of narrow streets, surrounded by apartments and white houses, next to the beautiful local beaches. Nearby is the marina of Albufeira, heavily frequented by hundreds of recreational craft."}]},{"@type":"WebSite","@id":"https:\/\/becooltravel.com\/#website","url":"https:\/\/becooltravel.com\/","name":"BeCool rejse","description":"B\u00e6redygtig ferie i Portugal for uafh\u00e6ngige rejsende","publisher":{"@id":"https:\/\/becooltravel.com\/#organization"},"potentialAction":[{"@type":"SearchAction","target":{"@type":"EntryPoint","urlTemplate":"https:\/\/becooltravel.com\/?s={search_term_string}"},"query-input":{"@type":"PropertyValueSpecification","valueRequired":true,"valueName":"search_term_string"}}],"inLanguage":"da-DK"},{"@type":"Organization","@id":"https:\/\/becooltravel.com\/#organization","name":"BecoolTravel. com- Portugal","url":"https:\/\/becooltravel.com\/","logo":{"@type":"ImageObject","inLanguage":"da-DK","@id":"https:\/\/becooltravel.com\/#\/schema\/logo\/image\/","url":"https:\/\/becooltravel.com\/wp-content\/uploads\/sites\/5\/2020\/03\/Logo_BeCool.jpg","contentUrl":"https:\/\/becooltravel.com\/wp-content\/uploads\/sites\/5\/2020\/03\/Logo_BeCool.jpg","width":534,"height":534,"caption":"BecoolTravel. com- Portugal"},"image":{"@id":"https:\/\/becooltravel.com\/#\/schema\/logo\/image\/"},"sameAs":["https:\/\/www.facebook.com\/becooltravelagency\/","https:\/\/x.com\/becool_travel","https:\/\/www.instagram.com\/becooltravel_com\/","https:\/\/www.linkedin.com\/company\/becool-travel\/","https:\/\/www.youtube.com\/channel\/UCE7zRU3EVG1PgfXwQo-5uJw"]}]}},"jetpack_sharing_enabled":true,"_links":{"self":[{"href":"https:\/\/becooltravel.com\/da\/wp-json\/wp\/v2\/product\/4889","targetHints":{"allow":["GET"]}}],"collection":[{"href":"https:\/\/becooltravel.com\/da\/wp-json\/wp\/v2\/product"}],"about":[{"href":"https:\/\/becooltravel.com\/da\/wp-json\/wp\/v2\/types\/product"}],"replies":[{"embeddable":true,"href":"https:\/\/becooltravel.com\/da\/wp-json\/wp\/v2\/comments?post=4889"}],"wp:featuredmedia":[{"embeddable":true,"href":"https:\/\/becooltravel.com\/da\/wp-json\/wp\/v2\/media\/4786"}],"wp:attachment":[{"href":"https:\/\/becooltravel.com\/da\/wp-json\/wp\/v2\/media?parent=4889"}],"wp:term":[{"taxonomy":"product_brand","embeddable":true,"href":"https:\/\/becooltravel.com\/da\/wp-json\/wp\/v2\/product_brand?post=4889"},{"taxonomy":"product_cat","embeddable":true,"href":"https:\/\/becooltravel.com\/da\/wp-json\/wp\/v2\/product_cat?post=4889"},{"taxonomy":"product_tag","embeddable":true,"href":"https:\/\/becooltravel.com\/da\/wp-json\/wp\/v2\/product_tag?post=4889"}],"curies":[{"name":"wp","href":"https:\/\/api.w.org\/{rel}","templated":true}]}}