{"id":5010,"date":"2020-05-29T11:02:17","date_gmt":"2020-05-29T11:02:17","guid":{"rendered":"https:\/\/becooltravel.com\/?post_type=product&#038;p=5010"},"modified":"2026-03-18T12:22:57","modified_gmt":"2026-03-18T12:22:57","slug":"coimbra-hidden-gems-of-central-portugal-53000sc","status":"publish","type":"product","link":"https:\/\/becooltravel.com\/da\/vare\/coimbra-skjulte-perler-af-central-portugal-53000sc\/","title":{"rendered":"Coimbra uafh\u00e6ngige helligdage: Skjulte perler i det centrale Portugal"},"content":{"rendered":"<p>Dette er en uafh\u00e6ngig sightseeingferie baseret i Coimbra, hovedbyen i det centrale Portugal, der rejser gennem landets hjerteland.<\/p>\n<p>Det er en by fuld af historie og arv, der breder sig rundt i kanten af den rolige Mondego-flod, Coimbra, hjemsted for et af de \u00e6ldste universiteter i verden.<\/p>\n<div id=\"attachment_2862\" style=\"width: 1034px\" class=\"wp-caption alignnone\"><img data-recalc-dims=\"1\" decoding=\"async\" aria-describedby=\"caption-attachment-2862\" class=\"wp-image-2862 size-large\" src=\"https:\/\/i0.wp.com\/legendatours.net\/wp-content\/uploads\/2020\/07\/sightseeing_portugal-e1594044266315-1024x501.jpeg?resize=1024%2C501&#038;ssl=1\" alt=\"Kvinde, der rejser i Coimbra by, Portugal\" width=\"1024\" height=\"501\" \/><p id=\"caption-attachment-2862\" class=\"wp-caption-text\">Kvinder, der rejser i Coimbra by, Portugal<\/p><\/div>\n<p>Herfra starter du en rejse til Serra do Bussaco, b\u00e5de et bjerg og en botanisk have, til Lous\u00e3-bjergene, til de maleriske &quot;skiferlandsbyer&quot; og til de smukke strande og kystlinjen ved Figueira da Foz.<\/p>\n<p>I dag er Coimbra en blomstrende moderne by med et gammelt centrum med en levende og livlig atmosf\u00e6re takket v\u00e6re lokalbefolkningen, befolkningen af studerende fra hele landet og udlandet og til bes\u00f8gende.<\/p>\n<p>At bes\u00f8ge Coimbra er som at tage p\u00e5 en historisk rejse. Denne antikke by var i spidsen for det romerske imperium for over 2000 \u00e5r siden og var den f\u00f8rste hovedstad i det nye kongerige Portugal i det 12. \u00e5rhundrede.<\/p>\n<p>Brug lidt tid p\u00e5 at udforske universitetskvarteret og den botaniske have, der er blandt de \u00e6ldste i verden.<\/p>\n<div id=\"attachment_2608\" style=\"width: 1034px\" class=\"wp-caption alignnone\"><img data-recalc-dims=\"1\" decoding=\"async\" aria-describedby=\"caption-attachment-2608\" class=\"wp-image-2608 size-large\" src=\"https:\/\/i0.wp.com\/legendatours.net\/wp-content\/uploads\/2020\/05\/coimbra_river-1024x683.jpg?resize=1024%2C683&#038;ssl=1\" alt=\"Coimbra, hjemsted for et af de \u00e6ldste universiteter i verden\" width=\"1024\" height=\"683\" \/><p id=\"caption-attachment-2608\" class=\"wp-caption-text\">Coimbra, Mondego-floden, er den l\u00e6ngste\u00a0<em>flod<\/em> helt inden for portugisisk territorium. Sk\u00f8nheden ved dens banker har inspireret mange generationer af studerende og digtere.<\/p><\/div>\n<p>Beundre arkitekturen i byens store kirker, bes\u00f8g dens mange gallerier, eller bare vandre gennem gaderne, mens du nyder den unikke atmosf\u00e6re i dette magiske levende museum.<\/p>\n<p>Med Coimbra som centrum inkluderer denne k\u00f8r-selv-ferie et bes\u00f8g i Serra do Bussaco, som b\u00e5de er et bjerg og en botanisk have.<\/p>\n<p>Stedet har den mest forskelligartede samling af planter og tr\u00e6er i hullet i Portugal, med dets oprindelse tilbage til det 10. \u00e5rhundrede.<\/p>\n<p>Det er beskyttet af Vatikanet: et paveligt dekret fra det 16. \u00e5rhundrede truer med at ekskommunikere enhver, der skader skoven, og et andet dekret (siden oph\u00e6vet) forb\u00f8d kvinders tilgang.<\/p>\n<p>Det er ogs\u00e5 stedet for et afg\u00f8rende slag i halv\u00f8skrigene, hvor franskm\u00e6ndene blev besejret af en f\u00e6lles styrke af portugisiske og engelske tropper.<\/p>\n<div id=\"attachment_2591\" style=\"width: 1034px\" class=\"wp-caption alignnone\"><img data-recalc-dims=\"1\" decoding=\"async\" aria-describedby=\"caption-attachment-2591\" class=\"wp-image-2591 size-large\" src=\"https:\/\/i0.wp.com\/legendatours.net\/wp-content\/uploads\/2020\/05\/aldeias_xisto_01-1024x687.jpg?resize=1024%2C687&#038;ssl=1\" alt=\"Aldeias de Xito i det centrale Portugal\" width=\"1024\" height=\"687\" \/><p id=\"caption-attachment-2591\" class=\"wp-caption-text\">Aldeias de Xito i det centrale Portugal. 26 skiferlandsbyer er spredt over den centrale region mellem Coimbra og Castelo Branco<\/p><\/div>\n<p>I n\u00e6rheden af Coimbra f\u00f8rer labyrinten af spor i Serra da Lous\u00e3 til de traditionelle skiferlandsbyer, &quot;Aldeias do Xisto&quot;.<\/p>\n<p>Travelil kysten, opdag de smukke strande og kystlinjen ved Figueira da Foz, i den atlantiske s\u00f8lvkyst, hvor Mondego-floden ender sin rejse.<\/p>\n<p>Figueira da Foz, ogs\u00e5 kendt som strandenes dronning, er en unik kombination af en fiskerihavn med en smart badeby med falmet charme.<\/p>\n<p>Her finder du dejlig Belle \u00c9poque-arkitektur, det \u00e6ldste kasino p\u00e5 Den Iberiske Halv\u00f8, og fra de omkringliggende gr\u00f8nne bakker i Serra da Boa Viagem en fantastisk udsigt over havet og de dejlige strande.<\/p>\n<p>Regionens l\u00e6kre k\u00f8kken og v\u00e6rdsatte vine er virkelig nogle af de bedste dele, n\u00e5r man bes\u00f8ger det centrale Portugal. Smagen er frisk, levende og ofte uventet.<\/p>\n<div id=\"attachment_2596\" style=\"width: 1034px\" class=\"wp-caption alignnone\"><img data-recalc-dims=\"1\" decoding=\"async\" aria-describedby=\"caption-attachment-2596\" class=\"wp-image-2596 size-large\" src=\"https:\/\/i0.wp.com\/legendatours.net\/wp-content\/uploads\/2020\/05\/bussaco_mata-1024x682.jpg?resize=1024%2C682&#038;ssl=1\" alt=\"Bussaco\" width=\"1024\" height=\"682\" \/><p id=\"caption-attachment-2596\" class=\"wp-caption-text\">Bussaco er et dejligt tilflugtssted med cypreslunde, bregner, statuer, springvand og formelle haver.<\/p><\/div>\n<p>Fra fiskeretter til saftige og solide k\u00f8dretter til konventionelle slik, du vil ikke blive skuffet!<\/p>\n<p>Fra denne region kommer de fineste oste og delikatessek\u00f8d, perfekt til at blive parret med et glas r\u00f8dvin, produceret p\u00e5 Mondegos skr\u00e5ninger.<\/p>\n<p>Eleverne synger en traditionel fadosang, akkompagneret af den uds\u00f8gte portugisiske guitar, som siger, at &quot;Coimbra har mere charme i afskedens time&quot;. Du vil helt sikkert bringe gode minder fra denne ferie, og savne Coimbra og det centrale Portugal!<\/p>\n<div class=\"row\">\n<div class=\"column\" style=\"flex: 45%;\">\n<p><iframe title=\"I STEMNING TIL COIMBRA: DEL 1 | Historisk universitetsby, en af de \u00e6ldste i Europa | Portugal\" width=\"1080\" height=\"608\" src=\"https:\/\/www.youtube.com\/embed\/RbJja-xcFM0?feature=oembed\" frameborder=\"0\" allow=\"accelerometer; autoplay; clipboard-write; encrypted-media; gyroscope; picture-in-picture; web-share\" referrerpolicy=\"strict-origin-when-cross-origin\" allowfullscreen><\/iframe><\/p>\n<\/div>\n<div class=\"column\" style=\"flex: 10%;\"><\/div>\n<div class=\"column\" style=\"flex: 45%;\">\n<p><iframe title=\"Coimbra - Bes\u00f8g Coimbra! Bes\u00f8g Coimbra! (officielt video)\" width=\"1080\" height=\"608\" src=\"https:\/\/www.youtube.com\/embed\/TSIf-ngo0tA?feature=oembed\" frameborder=\"0\" allow=\"accelerometer; autoplay; clipboard-write; encrypted-media; gyroscope; picture-in-picture; web-share\" referrerpolicy=\"strict-origin-when-cross-origin\" allowfullscreen><\/iframe><\/p>\n<\/div>\n<\/div>","protected":false},"excerpt":{"rendered":"<p>Dette er en uafh\u00e6ngig sightseeingferie baseret i Coimbra, hovedbyen i det centrale Portugal, der rejser gennem landets hjerteland.<\/p>\n<p>Det er en by fuld af historie og arv, der breder sig rundt i kanten af den rolige Mondego-flod, Coimbra, hjemsted for et af de \u00e6ldste universiteter i verden.<\/p>\n<p>Herfra starter du en rejse til Serra do Bussaco, b\u00e5de et bjerg og en botanisk have, til Lous\u00e3-bjergene, til de maleriske &quot;skiferlandsbyer&quot; og til de smukke strande og kystlinjen ved Figueira da Foz.<\/p>","protected":false},"featured_media":5298,"comment_status":"closed","ping_status":"closed","template":"","meta":{"_acf_changed":false,"inline_featured_image":false},"product_brand":[],"product_cat":[673,336,327],"product_tag":[1053,121,847,848,849,850,273,798,557,204,784,785,851,852,714,827,800,1054,802,853,478,753,321,806,854,790,818,819,855,1055,872,1048,322,856,609,1056,1057,581,834,857,821,1058,1059,59,793],"class_list":{"0":"post-5010","1":"product","2":"type-product","3":"status-publish","4":"has-post-thumbnail","6":"product_cat-self-drive-holidays-portugal","7":"product_cat-self-guided-sightseeing-holidays-in-portugal","8":"product_cat-self-guided-tours-portugal","9":"product_tag-alleine-reisen","10":"product_tag-bird-watching","11":"product_tag-bucaco-hills","12":"product_tag-bussaco","13":"product_tag-central-portugal","14":"product_tag-coimbra","15":"product_tag-coimbra-fado","16":"product_tag-countryside","17":"product_tag-crafted-self-guided-tour","18":"product_tag-cultural-heritage","19":"product_tag-culture","20":"product_tag-delicious-food","21":"product_tag-fado","22":"product_tag-figueira-da-foz","23":"product_tag-fly-drive","24":"product_tag-historic-centre","25":"product_tag-history","26":"product_tag-individuelle-touren","27":"product_tag-lush-green-hills","28":"product_tag-luso","29":"product_tag-natural-park","30":"product_tag-nature-hikes","31":"product_tag-nature-walks","32":"product_tag-paths","33":"product_tag-penacova","34":"product_tag-picturesque-landscapes","35":"product_tag-protected-area","36":"product_tag-quartzite-elevations","37":"product_tag-schist-villages","38":"product_tag-sejour-en-liberte","39":"product_tag-self-drive-holiday","40":"product_tag-self-guide-tour","41":"product_tag-self-guided","42":"product_tag-self-guided-holiday","43":"product_tag-sightseeing","44":"product_tag-solo-reisen","45":"product_tag-tours-autoguidees","46":"product_tag-traditional-villages","47":"product_tag-undulating-plains","48":"product_tag-university","49":"product_tag-valleys","50":"product_tag-voyage-en-liberte","51":"product_tag-voyages-en-autonomie","52":"product_tag-walking","53":"product_tag-wines","55":"first","56":"instock","57":"virtual","58":"product-type-simple"},"acf":[],"yoast_head":"<!-- This site is optimized with the Yoast SEO Premium plugin v26.8 (Yoast SEO v27.4) - https:\/\/yoast.com\/product\/yoast-seo-premium-wordpress\/ -->\n<title>Coimbra Independent Holidays : Hidden Gems of Central Portugal<\/title>\n<meta name=\"description\" content=\"Sightseeing holiday based in Coimbra, the main city of central Portugal, travelling through the heartland of the country. full of history and heritage.\" \/>\n<meta name=\"robots\" content=\"index, follow, max-snippet:-1, max-image-preview:large, max-video-preview:-1\" \/>\n<link rel=\"canonical\" href=\"https:\/\/becooltravel.com\/da\/vare\/coimbra-skjulte-perler-af-central-portugal-53000sc\/\" \/>\n<meta property=\"og:locale\" content=\"da_DK\" \/>\n<meta property=\"og:type\" content=\"article\" \/>\n<meta property=\"og:title\" content=\"Coimbra, a city full of history and heritage\" \/>\n<meta property=\"og:description\" content=\"Spreading around the margins of the tranquil Mondego River, Coimbra, home to one of the oldest Universities in the world, it\u2019s a city full of history and heritage.From here, you\u2019ll start a journey to Serra do Bussaco, both a mountain and a botanical garden, to the Lous\u00e3 Mountains, to the quaint \u201cslate villages\u201d, and to the beautiful beaches and coastline of Figueira da Foz.Today, Coimbra is a thriving modern city cocooning an ancient centre with a vibrant and lively atmosphere thanks to the local people, the population of students from all over the country and abroad, and to visitors.Visiting Coimbra is like taking a historical journey. This ancient city was at the forefront of the Roman Empire over 2000 years ago, being the first capital of the new Kingdom of Portugal in the 12th century.\" \/>\n<meta property=\"og:url\" content=\"https:\/\/becooltravel.com\/da\/vare\/coimbra-skjulte-perler-af-central-portugal-53000sc\/\" \/>\n<meta property=\"og:site_name\" content=\"BeCool Travel\" \/>\n<meta property=\"article:publisher\" content=\"https:\/\/www.facebook.com\/becooltravelagency\/\" \/>\n<meta property=\"article:modified_time\" content=\"2026-03-18T12:22:57+00:00\" \/>\n<meta property=\"og:image\" content=\"https:\/\/becooltravel.com\/wp-content\/uploads\/sites\/5\/2020\/06\/bussaco_palace_04.jpg\" \/>\n\t<meta property=\"og:image:width\" content=\"1200\" \/>\n\t<meta property=\"og:image:height\" content=\"675\" \/>\n\t<meta property=\"og:image:type\" content=\"image\/jpeg\" \/>\n<meta name=\"twitter:card\" content=\"summary_large_image\" \/>\n<meta name=\"twitter:title\" content=\"Spend some time exploring the university quarter and the botanical gardens, amongst the oldest in the world.\" \/>\n<meta name=\"twitter:description\" content=\"Admire the architecture of the city\u2019s great churches, visit its many galleries, or simply wander through the streets, soaking in the unique atmosphere of this magical living museum.With Coimbra as a centre, this self-drive holiday includes a visit to the Serra do Bussaco, which is both a mountain and a botanical garden.The site has the most diverse collection of plants and trees in the hole of Portugal, with its origins going back to the 10th century.\" \/>\n<meta name=\"twitter:image\" content=\"https:\/\/i0.wp.com\/becooltravel.com\/wp-content\/uploads\/sites\/5\/2020\/06\/aldeias_xisto_01.jpg?fit=1193%2C800&ssl=1\" \/>\n<meta name=\"twitter:site\" content=\"@becool_travel\" \/>\n<meta name=\"twitter:label1\" content=\"Estimeret l\u00e6setid\" \/>\n\t<meta name=\"twitter:data1\" content=\"4 minutter\" \/>\n<script type=\"application\/ld+json\" class=\"yoast-schema-graph\">{\"@context\":\"https:\\\/\\\/schema.org\",\"@graph\":[{\"@type\":[\"WebPage\",\"ItemPage\"],\"@id\":\"https:\\\/\\\/becooltravel.com\\\/product\\\/coimbra-hidden-gems-of-central-portugal-53000sc\\\/\",\"url\":\"https:\\\/\\\/becooltravel.com\\\/product\\\/coimbra-hidden-gems-of-central-portugal-53000sc\\\/\",\"name\":\"Coimbra Independent Holidays : Hidden Gems of Central Portugal\",\"isPartOf\":{\"@id\":\"https:\\\/\\\/becooltravel.com\\\/#website\"},\"primaryImageOfPage\":{\"@id\":\"https:\\\/\\\/becooltravel.com\\\/product\\\/coimbra-hidden-gems-of-central-portugal-53000sc\\\/#primaryimage\"},\"image\":{\"@id\":\"https:\\\/\\\/becooltravel.com\\\/product\\\/coimbra-hidden-gems-of-central-portugal-53000sc\\\/#primaryimage\"},\"thumbnailUrl\":\"https:\\\/\\\/i0.wp.com\\\/becooltravel.com\\\/wp-content\\\/uploads\\\/sites\\\/5\\\/2020\\\/06\\\/aldeias_xisto04.jpg?fit=1200%2C771&ssl=1\",\"datePublished\":\"2020-05-29T11:02:17+00:00\",\"dateModified\":\"2026-03-18T12:22:57+00:00\",\"description\":\"Sightseeing holiday based in Coimbra, the main city of central Portugal, travelling through the heartland of the country. full of history and heritage.\",\"breadcrumb\":{\"@id\":\"https:\\\/\\\/becooltravel.com\\\/product\\\/coimbra-hidden-gems-of-central-portugal-53000sc\\\/#breadcrumb\"},\"inLanguage\":\"da-DK\",\"potentialAction\":[{\"@type\":\"ReadAction\",\"target\":[\"https:\\\/\\\/becooltravel.com\\\/product\\\/coimbra-hidden-gems-of-central-portugal-53000sc\\\/\"]}]},{\"@type\":\"ImageObject\",\"inLanguage\":\"da-DK\",\"@id\":\"https:\\\/\\\/becooltravel.com\\\/product\\\/coimbra-hidden-gems-of-central-portugal-53000sc\\\/#primaryimage\",\"url\":\"https:\\\/\\\/i0.wp.com\\\/becooltravel.com\\\/wp-content\\\/uploads\\\/sites\\\/5\\\/2020\\\/06\\\/aldeias_xisto04.jpg?fit=1200%2C771&ssl=1\",\"contentUrl\":\"https:\\\/\\\/i0.wp.com\\\/becooltravel.com\\\/wp-content\\\/uploads\\\/sites\\\/5\\\/2020\\\/06\\\/aldeias_xisto04.jpg?fit=1200%2C771&ssl=1\",\"width\":1200,\"height\":771,\"caption\":\"Schist villages in Central Portugal\"},{\"@type\":\"BreadcrumbList\",\"@id\":\"https:\\\/\\\/becooltravel.com\\\/product\\\/coimbra-hidden-gems-of-central-portugal-53000sc\\\/#breadcrumb\",\"itemListElement\":[{\"@type\":\"ListItem\",\"position\":1,\"name\":\"Home\",\"item\":\"https:\\\/\\\/becooltravel.com\\\/\"},{\"@type\":\"ListItem\",\"position\":2,\"name\":\"Shop\",\"item\":\"https:\\\/\\\/becooltravel.com\\\/?page_id=5\"},{\"@type\":\"ListItem\",\"position\":3,\"name\":\"alleine reisen\",\"item\":\"https:\\\/\\\/becooltravel.com\\\/product-tag\\\/alleine-reisen\\\/\"},{\"@type\":\"ListItem\",\"position\":4,\"name\":\"Coimbra, a city full of history and heritage\"}]},{\"@type\":\"WebSite\",\"@id\":\"https:\\\/\\\/becooltravel.com\\\/#website\",\"url\":\"https:\\\/\\\/becooltravel.com\\\/\",\"name\":\"BeCool Travel\",\"description\":\"Sustainable holidays in Portugal for independent travelers\",\"publisher\":{\"@id\":\"https:\\\/\\\/becooltravel.com\\\/#organization\"},\"potentialAction\":[{\"@type\":\"SearchAction\",\"target\":{\"@type\":\"EntryPoint\",\"urlTemplate\":\"https:\\\/\\\/becooltravel.com\\\/?s={search_term_string}\"},\"query-input\":{\"@type\":\"PropertyValueSpecification\",\"valueRequired\":true,\"valueName\":\"search_term_string\"}}],\"inLanguage\":\"da-DK\"},{\"@type\":\"Organization\",\"@id\":\"https:\\\/\\\/becooltravel.com\\\/#organization\",\"name\":\"BecoolTravel. com- Portugal\",\"url\":\"https:\\\/\\\/becooltravel.com\\\/\",\"logo\":{\"@type\":\"ImageObject\",\"inLanguage\":\"da-DK\",\"@id\":\"https:\\\/\\\/becooltravel.com\\\/#\\\/schema\\\/logo\\\/image\\\/\",\"url\":\"https:\\\/\\\/becooltravel.com\\\/wp-content\\\/uploads\\\/sites\\\/5\\\/2020\\\/03\\\/Logo_BeCool.jpg\",\"contentUrl\":\"https:\\\/\\\/becooltravel.com\\\/wp-content\\\/uploads\\\/sites\\\/5\\\/2020\\\/03\\\/Logo_BeCool.jpg\",\"width\":534,\"height\":534,\"caption\":\"BecoolTravel. com- Portugal\"},\"image\":{\"@id\":\"https:\\\/\\\/becooltravel.com\\\/#\\\/schema\\\/logo\\\/image\\\/\"},\"sameAs\":[\"https:\\\/\\\/www.facebook.com\\\/becooltravelagency\\\/\",\"https:\\\/\\\/x.com\\\/becool_travel\",\"https:\\\/\\\/www.instagram.com\\\/becooltravel_com\\\/\",\"https:\\\/\\\/www.linkedin.com\\\/company\\\/becool-travel\\\/\",\"https:\\\/\\\/www.youtube.com\\\/channel\\\/UCE7zRU3EVG1PgfXwQo-5uJw\"]}]}<\/script>\n<!-- \/ Yoast SEO Premium plugin. -->","yoast_head_json":{"title":"Coimbra uafh\u00e6ngige helligdage: Skjulte perler i det centrale Portugal","description":"Sightseeingferie baseret i Coimbra, hovedbyen i det centrale Portugal, p\u00e5 rejse gennem landets hjerteland. fuld af historie og arv.","robots":{"index":"index","follow":"follow","max-snippet":"max-snippet:-1","max-image-preview":"max-image-preview:large","max-video-preview":"max-video-preview:-1"},"canonical":"https:\/\/becooltravel.com\/da\/vare\/coimbra-skjulte-perler-af-central-portugal-53000sc\/","og_locale":"da_DK","og_type":"article","og_title":"Coimbra, a city full of history and heritage","og_description":"Spreading around the margins of the tranquil Mondego River, Coimbra, home to one of the oldest Universities in the world, it\u2019s a city full of history and heritage.From here, you\u2019ll start a journey to Serra do Bussaco, both a mountain and a botanical garden, to the Lous\u00e3 Mountains, to the quaint \u201cslate villages\u201d, and to the beautiful beaches and coastline of Figueira da Foz.Today, Coimbra is a thriving modern city cocooning an ancient centre with a vibrant and lively atmosphere thanks to the local people, the population of students from all over the country and abroad, and to visitors.Visiting Coimbra is like taking a historical journey. This ancient city was at the forefront of the Roman Empire over 2000 years ago, being the first capital of the new Kingdom of Portugal in the 12th century.","og_url":"https:\/\/becooltravel.com\/da\/vare\/coimbra-skjulte-perler-af-central-portugal-53000sc\/","og_site_name":"BeCool Travel","article_publisher":"https:\/\/www.facebook.com\/becooltravelagency\/","article_modified_time":"2026-03-18T12:22:57+00:00","og_image":[{"width":1200,"height":675,"url":"https:\/\/becooltravel.com\/wp-content\/uploads\/sites\/5\/2020\/06\/bussaco_palace_04.jpg","type":"image\/jpeg"}],"twitter_card":"summary_large_image","twitter_title":"Spend some time exploring the university quarter and the botanical gardens, amongst the oldest in the world.","twitter_description":"Admire the architecture of the city\u2019s great churches, visit its many galleries, or simply wander through the streets, soaking in the unique atmosphere of this magical living museum.With Coimbra as a centre, this self-drive holiday includes a visit to the Serra do Bussaco, which is both a mountain and a botanical garden.The site has the most diverse collection of plants and trees in the hole of Portugal, with its origins going back to the 10th century.","twitter_image":"https:\/\/i0.wp.com\/becooltravel.com\/wp-content\/uploads\/sites\/5\/2020\/06\/aldeias_xisto_01.jpg?fit=1193%2C800&ssl=1","twitter_site":"@becool_travel","twitter_misc":{"Estimeret l\u00e6setid":"4 minutter"},"schema":{"@context":"https:\/\/schema.org","@graph":[{"@type":["WebPage","ItemPage"],"@id":"https:\/\/becooltravel.com\/product\/coimbra-hidden-gems-of-central-portugal-53000sc\/","url":"https:\/\/becooltravel.com\/product\/coimbra-hidden-gems-of-central-portugal-53000sc\/","name":"Coimbra uafh\u00e6ngige helligdage: Skjulte perler i det centrale Portugal","isPartOf":{"@id":"https:\/\/becooltravel.com\/#website"},"primaryImageOfPage":{"@id":"https:\/\/becooltravel.com\/product\/coimbra-hidden-gems-of-central-portugal-53000sc\/#primaryimage"},"image":{"@id":"https:\/\/becooltravel.com\/product\/coimbra-hidden-gems-of-central-portugal-53000sc\/#primaryimage"},"thumbnailUrl":"https:\/\/i0.wp.com\/becooltravel.com\/wp-content\/uploads\/sites\/5\/2020\/06\/aldeias_xisto04.jpg?fit=1200%2C771&ssl=1","datePublished":"2020-05-29T11:02:17+00:00","dateModified":"2026-03-18T12:22:57+00:00","description":"Sightseeingferie baseret i Coimbra, hovedbyen i det centrale Portugal, p\u00e5 rejse gennem landets hjerteland. fuld af historie og arv.","breadcrumb":{"@id":"https:\/\/becooltravel.com\/product\/coimbra-hidden-gems-of-central-portugal-53000sc\/#breadcrumb"},"inLanguage":"da-DK","potentialAction":[{"@type":"ReadAction","target":["https:\/\/becooltravel.com\/product\/coimbra-hidden-gems-of-central-portugal-53000sc\/"]}]},{"@type":"ImageObject","inLanguage":"da-DK","@id":"https:\/\/becooltravel.com\/product\/coimbra-hidden-gems-of-central-portugal-53000sc\/#primaryimage","url":"https:\/\/i0.wp.com\/becooltravel.com\/wp-content\/uploads\/sites\/5\/2020\/06\/aldeias_xisto04.jpg?fit=1200%2C771&ssl=1","contentUrl":"https:\/\/i0.wp.com\/becooltravel.com\/wp-content\/uploads\/sites\/5\/2020\/06\/aldeias_xisto04.jpg?fit=1200%2C771&ssl=1","width":1200,"height":771,"caption":"Schist villages in Central Portugal"},{"@type":"BreadcrumbList","@id":"https:\/\/becooltravel.com\/product\/coimbra-hidden-gems-of-central-portugal-53000sc\/#breadcrumb","itemListElement":[{"@type":"ListItem","position":1,"name":"Home","item":"https:\/\/becooltravel.com\/"},{"@type":"ListItem","position":2,"name":"Shop","item":"https:\/\/becooltravel.com\/?page_id=5"},{"@type":"ListItem","position":3,"name":"alleine reisen","item":"https:\/\/becooltravel.com\/product-tag\/alleine-reisen\/"},{"@type":"ListItem","position":4,"name":"Coimbra, a city full of history and heritage"}]},{"@type":"WebSite","@id":"https:\/\/becooltravel.com\/#website","url":"https:\/\/becooltravel.com\/","name":"BeCool rejse","description":"B\u00e6redygtig ferie i Portugal for uafh\u00e6ngige rejsende","publisher":{"@id":"https:\/\/becooltravel.com\/#organization"},"potentialAction":[{"@type":"SearchAction","target":{"@type":"EntryPoint","urlTemplate":"https:\/\/becooltravel.com\/?s={search_term_string}"},"query-input":{"@type":"PropertyValueSpecification","valueRequired":true,"valueName":"search_term_string"}}],"inLanguage":"da-DK"},{"@type":"Organization","@id":"https:\/\/becooltravel.com\/#organization","name":"BecoolTravel. com- Portugal","url":"https:\/\/becooltravel.com\/","logo":{"@type":"ImageObject","inLanguage":"da-DK","@id":"https:\/\/becooltravel.com\/#\/schema\/logo\/image\/","url":"https:\/\/becooltravel.com\/wp-content\/uploads\/sites\/5\/2020\/03\/Logo_BeCool.jpg","contentUrl":"https:\/\/becooltravel.com\/wp-content\/uploads\/sites\/5\/2020\/03\/Logo_BeCool.jpg","width":534,"height":534,"caption":"BecoolTravel. com- Portugal"},"image":{"@id":"https:\/\/becooltravel.com\/#\/schema\/logo\/image\/"},"sameAs":["https:\/\/www.facebook.com\/becooltravelagency\/","https:\/\/x.com\/becool_travel","https:\/\/www.instagram.com\/becooltravel_com\/","https:\/\/www.linkedin.com\/company\/becool-travel\/","https:\/\/www.youtube.com\/channel\/UCE7zRU3EVG1PgfXwQo-5uJw"]}]}},"jetpack_sharing_enabled":true,"_links":{"self":[{"href":"https:\/\/becooltravel.com\/da\/wp-json\/wp\/v2\/product\/5010","targetHints":{"allow":["GET"]}}],"collection":[{"href":"https:\/\/becooltravel.com\/da\/wp-json\/wp\/v2\/product"}],"about":[{"href":"https:\/\/becooltravel.com\/da\/wp-json\/wp\/v2\/types\/product"}],"replies":[{"embeddable":true,"href":"https:\/\/becooltravel.com\/da\/wp-json\/wp\/v2\/comments?post=5010"}],"wp:featuredmedia":[{"embeddable":true,"href":"https:\/\/becooltravel.com\/da\/wp-json\/wp\/v2\/media\/5298"}],"wp:attachment":[{"href":"https:\/\/becooltravel.com\/da\/wp-json\/wp\/v2\/media?parent=5010"}],"wp:term":[{"taxonomy":"product_brand","embeddable":true,"href":"https:\/\/becooltravel.com\/da\/wp-json\/wp\/v2\/product_brand?post=5010"},{"taxonomy":"product_cat","embeddable":true,"href":"https:\/\/becooltravel.com\/da\/wp-json\/wp\/v2\/product_cat?post=5010"},{"taxonomy":"product_tag","embeddable":true,"href":"https:\/\/becooltravel.com\/da\/wp-json\/wp\/v2\/product_tag?post=5010"}],"curies":[{"name":"wp","href":"https:\/\/api.w.org\/{rel}","templated":true}]}}