{"id":5025,"date":"2020-06-01T12:00:18","date_gmt":"2020-06-01T12:00:18","guid":{"rendered":"https:\/\/becooltravel.com\/product\/long-stay-lagos-aqualuz-suite-hotel-apartments-ls400pk\/"},"modified":"2026-03-18T13:32:40","modified_gmt":"2026-03-18T13:32:40","slug":"long-stay-lagos-aqualuz-suite-hotel-apartments-ls400pk","status":"publish","type":"product","link":"https:\/\/becooltravel.com\/da\/vare\/langtidsophold-lagos-aqualuz-suite-hotellejligheder-ls400pk\/","title":{"rendered":"Lang ophold Portugal Lagos, Aqualuz Suite Hotel lejligheder"},"content":{"rendered":"<p>Lagos er en historisk og kosmopolitisk by p\u00e5 den spektakul\u00e6re vestlige Algarve-kyst.<\/p>\n<p>I denne l\u00e6ngerevarende ferie kan du i ro og mag udforske Vestalgarves dramatiske maritime landskab og bes\u00f8ge mange interessante steder i regionen.<\/p>\n<p>Over for en stor bugt og Meia Praia-strandens fine sand var Lagos et udgangspunkt for Discoveries&#039; galeoner og ogs\u00e5 et tilflugtssted for private som Sir Francis Drake.<\/p>\n<div id=\"attachment_1928\" style=\"width: 1034px\" class=\"wp-caption alignnone\"><img data-recalc-dims=\"1\" decoding=\"async\" aria-describedby=\"caption-attachment-1928\" class=\"wp-image-1928 size-large\" src=\"https:\/\/i0.wp.com\/legendatours.net\/wp-content\/uploads\/2020\/03\/Whitewashed_walls_west_Algarve_village-1024x683.jpg?resize=1024%2C683&#038;ssl=1\" alt=\"G\u00e5tur i hvidkalkede mure vest for Algarve landsby\" width=\"1024\" height=\"683\" \/><p id=\"caption-attachment-1928\" class=\"wp-caption-text\">Hvidkalkede v\u00e6gge vest for Algarve landsby<\/p><\/div>\n<p>En smuk mur gr\u00e6nser op til havnefronten, og den gamle bydel er fyldt med sm\u00e5 butikker, restauranter og et v\u00e6ld af kulturarv og kulturarv.<\/p>\n<p>Selv i vinterm\u00e5nederne er vejret mildt, hvilket g\u00f8r dette til en dejlig region til vandring og andre naturaktiviteter.<\/p>\n<p>Flugt fra regnen og de kolde dage! I Algarve er der over 300 soldage om \u00e5ret!<\/p>\n<p>Oppe i de frodige gr\u00f8nne bakker finder du en livsstil, der er forsvundet fra mange europ\u00e6iske lande, hvor dagene kredser om \u00e5rstiderne, blandt duftende citrusplantager.<\/p>\n<p>De s\u00f8de delikatesser, der er typiske for regionen, er lavet med johannesbr\u00f8d, honning og mandler, der er rigeligt her og let at finde sammen med andre friske r\u00e5varer p\u00e5 de livlige lokale markeder.<\/p>\n<div id=\"attachment_1858\" style=\"width: 1034px\" class=\"wp-caption alignnone\"><img data-recalc-dims=\"1\" decoding=\"async\" aria-describedby=\"caption-attachment-1858\" class=\"wp-image-1858 size-large\" src=\"https:\/\/i0.wp.com\/legendatours.net\/wp-content\/uploads\/2020\/03\/Lagos_pontaPiedade-1024x700.jpg?resize=1024%2C700&#038;ssl=1\" alt=\"Fantastisk udsigt fra toppen af klippen Lagos\" width=\"1024\" height=\"700\" \/><p id=\"caption-attachment-1858\" class=\"wp-caption-text\">Fantastisk udsigt fra toppen af klippen Lagos<\/p><\/div>\n<p>Lagos er en perfekt destination for en l\u00e6ngerevarende ferie - du kan leve som en lokal i et stykke tid og opleve den fantastiske mad, kultur, sev\u00e6rdigheder og mennesker uden at f\u00f8le dig forhastet.<br \/>\nUdnyt lavs\u00e6sonens priser \u2013 du f\u00e5r mere for f\u00e6rre penge!<\/p>\n<p><iframe title=\"Algarve Visto do Ar - Concelho de Lagos\" width=\"1080\" height=\"608\" src=\"https:\/\/www.youtube.com\/embed\/ZY-lBUmDab4?feature=oembed\" frameborder=\"0\" allow=\"accelerometer; autoplay; clipboard-write; encrypted-media; gyroscope; picture-in-picture\" allowfullscreen><\/iframe><\/p>","protected":false},"excerpt":{"rendered":"<p>Lagos er en historisk og kosmopolitisk by p\u00e5 den spektakul\u00e6re vestlige Algarve-kyst.<\/p>\n<p>I denne l\u00e6ngerevarende ferie kan du i ro og mag udforske Vestalgarves dramatiske maritime landskab og bes\u00f8ge mange interessante steder i regionen.<\/p>\n<p>Over for en stor bugt og Meia Praia-strandens fine sand var Lagos et udgangspunkt for Discoveries&#039; galeoner og ogs\u00e5 et tilflugtssted for private som Sir Francis Drake.<\/p>","protected":false},"featured_media":5024,"comment_status":"closed","ping_status":"closed","template":"","meta":{"_acf_changed":false,"inline_featured_image":false},"product_brand":[],"product_cat":[329,814],"product_tag":[296,634,428,797,204,839,508,827,260,607,1129,1130,475,1291,57,822,73,823,434,58,824,825,609,954,317,623,613,723,614,1058],"class_list":{"0":"post-5025","1":"product","2":"type-product","3":"status-publish","4":"has-post-thumbnail","6":"product_cat-holiday-packs-tours-portugal","7":"product_cat-long-stays-portugal","8":"product_tag-beaches","9":"product_tag-beautiful-beaches-algarve","10":"product_tag-cabo-de-sao-vicente","11":"product_tag-cliff-top","12":"product_tag-cultural-heritage","13":"product_tag-dramatic-cliffs","14":"product_tag-gastronomy-and-wines","15":"product_tag-historic-centre","16":"product_tag-history-and-heritage","17":"product_tag-holidays","18":"product_tag-holidays-in-portugal","19":"product_tag-holidays-in-the-algarve","20":"product_tag-impressive-cliffs","21":"product_tag-lago","22":"product_tag-lagos","23":"product_tag-longstay","24":"product_tag-natural-scenery","25":"product_tag-packages","26":"product_tag-ponta-da-piedade","27":"product_tag-portugal","28":"product_tag-retirement","29":"product_tag-seniors","30":"product_tag-sightseeing","31":"product_tag-slave-market-lagos","32":"product_tag-spectacular-cliffs","33":"product_tag-sun-beach","34":"product_tag-sunny-days","35":"product_tag-sunny-winters","36":"product_tag-vacations","37":"product_tag-voyage-en-liberte","39":"first","40":"instock","41":"virtual","42":"product-type-simple"},"acf":[],"yoast_head":"<!-- This site is optimized with the Yoast SEO Premium plugin v26.8 (Yoast SEO v27.5) - https:\/\/yoast.com\/product\/yoast-seo-premium-wordpress\/ -->\n<title>Long-Stay Portugal Lagos, Aqualuz Suite Hotel Apartments<\/title>\n<meta name=\"description\" content=\"In this long-stay holiday, you can explore at your leisure the West Algarve dramatic maritime scenery, and visit many interesting sites in the region.Facing a large bay and the Meia Praia Beach fine sands, Lagos was a point of departure for the Discoveries\u2019 galleons, and also a hideaway for privateers like Sir Francis Drake.\" \/>\n<meta name=\"robots\" content=\"index, follow, max-snippet:-1, max-image-preview:large, max-video-preview:-1\" \/>\n<link rel=\"canonical\" href=\"https:\/\/becooltravel.com\/da\/vare\/langtidsophold-lagos-aqualuz-suite-hotellejligheder-ls400pk\/\" \/>\n<meta property=\"og:locale\" content=\"da_DK\" \/>\n<meta property=\"og:type\" content=\"article\" \/>\n<meta property=\"og:title\" content=\"Facing a large bay and the Meia Praia Beach fine sands, Lagos was a point of departure for the Discoveries\u2019 galleons, and also a hideaway for privateers like Sir Francis Drake.\" \/>\n<meta property=\"og:description\" content=\"A beautiful wall borders the waterfront, and the old town is filled with small boutiques, restaurants, and a wealth of heritage and culture sites.Even during the winter months, the weather is mild, making of this a lovely region for walking and other nature activities.Escape from the rain and the cold days! In the Algarve there are over 300 days of sun per year!Up in the lush green hills, you\u2019ll find a way of life that has disappeared from many European countries, where the days revolve around the seasons, among fragrant citrus orchards.\" \/>\n<meta property=\"og:url\" content=\"https:\/\/becooltravel.com\/da\/vare\/langtidsophold-lagos-aqualuz-suite-hotellejligheder-ls400pk\/\" \/>\n<meta property=\"og:site_name\" content=\"BeCool Travel\" \/>\n<meta property=\"article:publisher\" content=\"https:\/\/www.facebook.com\/becooltravelagency\/\" \/>\n<meta property=\"article:modified_time\" content=\"2026-03-18T13:32:40+00:00\" \/>\n<meta property=\"og:image\" content=\"https:\/\/becooltravel.com\/wp-content\/uploads\/sites\/5\/2020\/06\/long-stay-holidays-tavira.jpg\" \/>\n\t<meta property=\"og:image:width\" content=\"1200\" \/>\n\t<meta property=\"og:image:height\" content=\"782\" \/>\n\t<meta property=\"og:image:type\" content=\"image\/jpeg\" \/>\n<meta name=\"twitter:card\" content=\"summary_large_image\" \/>\n<meta name=\"twitter:title\" content=\"Lagos is a historical and cosmopolitan city in the spectacular West Algarve coast\" \/>\n<meta name=\"twitter:description\" content=\"The sweet delicacies typical of the region are made with carobs, honey, and almonds, abundant here, and easily found with other fresh produce at the lively local markets.Lagos is a perfect destination for a long-stay holiday \u2013 you can live like a local for a while and experience the amazing food, culture, sights, and the people, without feeling rushed.Take advantage of the low season\u2019s rates \u2013 you get more for less money!\" \/>\n<meta name=\"twitter:image\" content=\"https:\/\/i0.wp.com\/becooltravel.com\/wp-content\/uploads\/sites\/5\/2020\/05\/Lagos_nautical_symbol.jpg?fit=1200%2C800&ssl=1\" \/>\n<meta name=\"twitter:site\" content=\"@becool_travel\" \/>\n<meta name=\"twitter:label1\" content=\"Estimeret l\u00e6setid\" \/>\n\t<meta name=\"twitter:data1\" content=\"2 minutter\" \/>\n<script type=\"application\/ld+json\" class=\"yoast-schema-graph\">{\"@context\":\"https:\\\/\\\/schema.org\",\"@graph\":[{\"@type\":[\"WebPage\",\"ItemPage\"],\"@id\":\"https:\\\/\\\/becooltravel.com\\\/product\\\/long-stay-lagos-aqualuz-suite-hotel-apartments-ls400pk\\\/\",\"url\":\"https:\\\/\\\/becooltravel.com\\\/product\\\/long-stay-lagos-aqualuz-suite-hotel-apartments-ls400pk\\\/\",\"name\":\"Long-Stay Portugal Lagos, Aqualuz Suite Hotel Apartments\",\"isPartOf\":{\"@id\":\"https:\\\/\\\/becooltravel.com\\\/#website\"},\"primaryImageOfPage\":{\"@id\":\"https:\\\/\\\/becooltravel.com\\\/product\\\/long-stay-lagos-aqualuz-suite-hotel-apartments-ls400pk\\\/#primaryimage\"},\"image\":{\"@id\":\"https:\\\/\\\/becooltravel.com\\\/product\\\/long-stay-lagos-aqualuz-suite-hotel-apartments-ls400pk\\\/#primaryimage\"},\"thumbnailUrl\":\"https:\\\/\\\/i0.wp.com\\\/becooltravel.com\\\/wp-content\\\/uploads\\\/sites\\\/5\\\/2020\\\/06\\\/long-stay-holidays-tavira.jpg?fit=1200%2C782&ssl=1\",\"datePublished\":\"2020-06-01T12:00:18+00:00\",\"dateModified\":\"2026-03-18T13:32:40+00:00\",\"description\":\"In this long-stay holiday, you can explore at your leisure the West Algarve dramatic maritime scenery, and visit many interesting sites in the region.Facing a large bay and the Meia Praia Beach fine sands, Lagos was a point of departure for the Discoveries\u2019 galleons, and also a hideaway for privateers like Sir Francis Drake.\",\"breadcrumb\":{\"@id\":\"https:\\\/\\\/becooltravel.com\\\/product\\\/long-stay-lagos-aqualuz-suite-hotel-apartments-ls400pk\\\/#breadcrumb\"},\"inLanguage\":\"da-DK\",\"potentialAction\":[{\"@type\":\"ReadAction\",\"target\":[\"https:\\\/\\\/becooltravel.com\\\/product\\\/long-stay-lagos-aqualuz-suite-hotel-apartments-ls400pk\\\/\"]}]},{\"@type\":\"ImageObject\",\"inLanguage\":\"da-DK\",\"@id\":\"https:\\\/\\\/becooltravel.com\\\/product\\\/long-stay-lagos-aqualuz-suite-hotel-apartments-ls400pk\\\/#primaryimage\",\"url\":\"https:\\\/\\\/i0.wp.com\\\/becooltravel.com\\\/wp-content\\\/uploads\\\/sites\\\/5\\\/2020\\\/06\\\/long-stay-holidays-tavira.jpg?fit=1200%2C782&ssl=1\",\"contentUrl\":\"https:\\\/\\\/i0.wp.com\\\/becooltravel.com\\\/wp-content\\\/uploads\\\/sites\\\/5\\\/2020\\\/06\\\/long-stay-holidays-tavira.jpg?fit=1200%2C782&ssl=1\",\"width\":1200,\"height\":782,\"caption\":\"Long-Stay Holidays algarve\"},{\"@type\":\"BreadcrumbList\",\"@id\":\"https:\\\/\\\/becooltravel.com\\\/product\\\/long-stay-lagos-aqualuz-suite-hotel-apartments-ls400pk\\\/#breadcrumb\",\"itemListElement\":[{\"@type\":\"ListItem\",\"position\":1,\"name\":\"Home\",\"item\":\"https:\\\/\\\/becooltravel.com\\\/\"},{\"@type\":\"ListItem\",\"position\":2,\"name\":\"Shop\",\"item\":\"https:\\\/\\\/becooltravel.com\\\/?page_id=5\"},{\"@type\":\"ListItem\",\"position\":3,\"name\":\"Beaches\",\"item\":\"https:\\\/\\\/becooltravel.com\\\/product-tag\\\/beaches\\\/\"},{\"@type\":\"ListItem\",\"position\":4,\"name\":\"In this long-stay holiday, you can explore at your leisure the West Algarve dramatic maritime scenery, and visit many interesting sites in the region. Facing a large bay and the Meia Praia Beach fine sands, Lagos was a point of departure for the Discoveries\u2019 galleons, and also a hideaway for privateers like Sir Francis Drake.\"}]},{\"@type\":\"WebSite\",\"@id\":\"https:\\\/\\\/becooltravel.com\\\/#website\",\"url\":\"https:\\\/\\\/becooltravel.com\\\/\",\"name\":\"BeCool Travel\",\"description\":\"Sustainable holidays in Portugal for independent travelers\",\"publisher\":{\"@id\":\"https:\\\/\\\/becooltravel.com\\\/#organization\"},\"potentialAction\":[{\"@type\":\"SearchAction\",\"target\":{\"@type\":\"EntryPoint\",\"urlTemplate\":\"https:\\\/\\\/becooltravel.com\\\/?s={search_term_string}\"},\"query-input\":{\"@type\":\"PropertyValueSpecification\",\"valueRequired\":true,\"valueName\":\"search_term_string\"}}],\"inLanguage\":\"da-DK\"},{\"@type\":\"Organization\",\"@id\":\"https:\\\/\\\/becooltravel.com\\\/#organization\",\"name\":\"BecoolTravel. com- Portugal\",\"url\":\"https:\\\/\\\/becooltravel.com\\\/\",\"logo\":{\"@type\":\"ImageObject\",\"inLanguage\":\"da-DK\",\"@id\":\"https:\\\/\\\/becooltravel.com\\\/#\\\/schema\\\/logo\\\/image\\\/\",\"url\":\"https:\\\/\\\/becooltravel.com\\\/wp-content\\\/uploads\\\/sites\\\/5\\\/2020\\\/03\\\/Logo_BeCool.jpg\",\"contentUrl\":\"https:\\\/\\\/becooltravel.com\\\/wp-content\\\/uploads\\\/sites\\\/5\\\/2020\\\/03\\\/Logo_BeCool.jpg\",\"width\":534,\"height\":534,\"caption\":\"BecoolTravel. com- Portugal\"},\"image\":{\"@id\":\"https:\\\/\\\/becooltravel.com\\\/#\\\/schema\\\/logo\\\/image\\\/\"},\"sameAs\":[\"https:\\\/\\\/www.facebook.com\\\/becooltravelagency\\\/\",\"https:\\\/\\\/x.com\\\/becool_travel\",\"https:\\\/\\\/www.instagram.com\\\/becooltravel_com\\\/\",\"https:\\\/\\\/www.linkedin.com\\\/company\\\/becool-travel\\\/\",\"https:\\\/\\\/www.youtube.com\\\/channel\\\/UCE7zRU3EVG1PgfXwQo-5uJw\"]}]}<\/script>\n<!-- \/ Yoast SEO Premium plugin. -->","yoast_head_json":{"title":"Lang ophold Portugal Lagos, Aqualuz Suite Hotel lejligheder","description":"I denne l\u00e6ngerevarende ferie kan du i ro og mag udforske den vestlige Algarves dramatiske maritime landskab og bes\u00f8ge mange interessante steder i regionen. Lagos, som vender ud mod en stor bugt og Meia Praia-strandens fine sand, var et udgangspunkt for opdagelserne. &#039; galeons, og ogs\u00e5 et gemmested for private som Sir Francis Drake.","robots":{"index":"index","follow":"follow","max-snippet":"max-snippet:-1","max-image-preview":"max-image-preview:large","max-video-preview":"max-video-preview:-1"},"canonical":"https:\/\/becooltravel.com\/da\/vare\/langtidsophold-lagos-aqualuz-suite-hotellejligheder-ls400pk\/","og_locale":"da_DK","og_type":"article","og_title":"Facing a large bay and the Meia Praia Beach fine sands, Lagos was a point of departure for the Discoveries\u2019 galleons, and also a hideaway for privateers like Sir Francis Drake.","og_description":"A beautiful wall borders the waterfront, and the old town is filled with small boutiques, restaurants, and a wealth of heritage and culture sites.Even during the winter months, the weather is mild, making of this a lovely region for walking and other nature activities.Escape from the rain and the cold days! In the Algarve there are over 300 days of sun per year!Up in the lush green hills, you\u2019ll find a way of life that has disappeared from many European countries, where the days revolve around the seasons, among fragrant citrus orchards.","og_url":"https:\/\/becooltravel.com\/da\/vare\/langtidsophold-lagos-aqualuz-suite-hotellejligheder-ls400pk\/","og_site_name":"BeCool Travel","article_publisher":"https:\/\/www.facebook.com\/becooltravelagency\/","article_modified_time":"2026-03-18T13:32:40+00:00","og_image":[{"width":1200,"height":782,"url":"https:\/\/becooltravel.com\/wp-content\/uploads\/sites\/5\/2020\/06\/long-stay-holidays-tavira.jpg","type":"image\/jpeg"}],"twitter_card":"summary_large_image","twitter_title":"Lagos is a historical and cosmopolitan city in the spectacular West Algarve coast","twitter_description":"The sweet delicacies typical of the region are made with carobs, honey, and almonds, abundant here, and easily found with other fresh produce at the lively local markets.Lagos is a perfect destination for a long-stay holiday \u2013 you can live like a local for a while and experience the amazing food, culture, sights, and the people, without feeling rushed.Take advantage of the low season\u2019s rates \u2013 you get more for less money!","twitter_image":"https:\/\/i0.wp.com\/becooltravel.com\/wp-content\/uploads\/sites\/5\/2020\/05\/Lagos_nautical_symbol.jpg?fit=1200%2C800&ssl=1","twitter_site":"@becool_travel","twitter_misc":{"Estimeret l\u00e6setid":"2 minutter"},"schema":{"@context":"https:\/\/schema.org","@graph":[{"@type":["WebPage","ItemPage"],"@id":"https:\/\/becooltravel.com\/product\/long-stay-lagos-aqualuz-suite-hotel-apartments-ls400pk\/","url":"https:\/\/becooltravel.com\/product\/long-stay-lagos-aqualuz-suite-hotel-apartments-ls400pk\/","name":"Lang ophold Portugal Lagos, Aqualuz Suite Hotel lejligheder","isPartOf":{"@id":"https:\/\/becooltravel.com\/#website"},"primaryImageOfPage":{"@id":"https:\/\/becooltravel.com\/product\/long-stay-lagos-aqualuz-suite-hotel-apartments-ls400pk\/#primaryimage"},"image":{"@id":"https:\/\/becooltravel.com\/product\/long-stay-lagos-aqualuz-suite-hotel-apartments-ls400pk\/#primaryimage"},"thumbnailUrl":"https:\/\/i0.wp.com\/becooltravel.com\/wp-content\/uploads\/sites\/5\/2020\/06\/long-stay-holidays-tavira.jpg?fit=1200%2C782&ssl=1","datePublished":"2020-06-01T12:00:18+00:00","dateModified":"2026-03-18T13:32:40+00:00","description":"I denne l\u00e6ngerevarende ferie kan du i ro og mag udforske den vestlige Algarves dramatiske maritime landskab og bes\u00f8ge mange interessante steder i regionen. Lagos, som vender ud mod en stor bugt og Meia Praia-strandens fine sand, var et udgangspunkt for opdagelserne. &#039; galeons, og ogs\u00e5 et gemmested for private som Sir Francis Drake.","breadcrumb":{"@id":"https:\/\/becooltravel.com\/product\/long-stay-lagos-aqualuz-suite-hotel-apartments-ls400pk\/#breadcrumb"},"inLanguage":"da-DK","potentialAction":[{"@type":"ReadAction","target":["https:\/\/becooltravel.com\/product\/long-stay-lagos-aqualuz-suite-hotel-apartments-ls400pk\/"]}]},{"@type":"ImageObject","inLanguage":"da-DK","@id":"https:\/\/becooltravel.com\/product\/long-stay-lagos-aqualuz-suite-hotel-apartments-ls400pk\/#primaryimage","url":"https:\/\/i0.wp.com\/becooltravel.com\/wp-content\/uploads\/sites\/5\/2020\/06\/long-stay-holidays-tavira.jpg?fit=1200%2C782&ssl=1","contentUrl":"https:\/\/i0.wp.com\/becooltravel.com\/wp-content\/uploads\/sites\/5\/2020\/06\/long-stay-holidays-tavira.jpg?fit=1200%2C782&ssl=1","width":1200,"height":782,"caption":"Long-Stay Holidays algarve"},{"@type":"BreadcrumbList","@id":"https:\/\/becooltravel.com\/product\/long-stay-lagos-aqualuz-suite-hotel-apartments-ls400pk\/#breadcrumb","itemListElement":[{"@type":"ListItem","position":1,"name":"Home","item":"https:\/\/becooltravel.com\/"},{"@type":"ListItem","position":2,"name":"Shop","item":"https:\/\/becooltravel.com\/?page_id=5"},{"@type":"ListItem","position":3,"name":"Beaches","item":"https:\/\/becooltravel.com\/product-tag\/beaches\/"},{"@type":"ListItem","position":4,"name":"In this long-stay holiday, you can explore at your leisure the West Algarve dramatic maritime scenery, and visit many interesting sites in the region. Facing a large bay and the Meia Praia Beach fine sands, Lagos was a point of departure for the Discoveries\u2019 galleons, and also a hideaway for privateers like Sir Francis Drake."}]},{"@type":"WebSite","@id":"https:\/\/becooltravel.com\/#website","url":"https:\/\/becooltravel.com\/","name":"BeCool rejse","description":"B\u00e6redygtig ferie i Portugal for uafh\u00e6ngige rejsende","publisher":{"@id":"https:\/\/becooltravel.com\/#organization"},"potentialAction":[{"@type":"SearchAction","target":{"@type":"EntryPoint","urlTemplate":"https:\/\/becooltravel.com\/?s={search_term_string}"},"query-input":{"@type":"PropertyValueSpecification","valueRequired":true,"valueName":"search_term_string"}}],"inLanguage":"da-DK"},{"@type":"Organization","@id":"https:\/\/becooltravel.com\/#organization","name":"BecoolTravel. com- Portugal","url":"https:\/\/becooltravel.com\/","logo":{"@type":"ImageObject","inLanguage":"da-DK","@id":"https:\/\/becooltravel.com\/#\/schema\/logo\/image\/","url":"https:\/\/becooltravel.com\/wp-content\/uploads\/sites\/5\/2020\/03\/Logo_BeCool.jpg","contentUrl":"https:\/\/becooltravel.com\/wp-content\/uploads\/sites\/5\/2020\/03\/Logo_BeCool.jpg","width":534,"height":534,"caption":"BecoolTravel. com- Portugal"},"image":{"@id":"https:\/\/becooltravel.com\/#\/schema\/logo\/image\/"},"sameAs":["https:\/\/www.facebook.com\/becooltravelagency\/","https:\/\/x.com\/becool_travel","https:\/\/www.instagram.com\/becooltravel_com\/","https:\/\/www.linkedin.com\/company\/becool-travel\/","https:\/\/www.youtube.com\/channel\/UCE7zRU3EVG1PgfXwQo-5uJw"]}]}},"jetpack_sharing_enabled":true,"_links":{"self":[{"href":"https:\/\/becooltravel.com\/da\/wp-json\/wp\/v2\/product\/5025","targetHints":{"allow":["GET"]}}],"collection":[{"href":"https:\/\/becooltravel.com\/da\/wp-json\/wp\/v2\/product"}],"about":[{"href":"https:\/\/becooltravel.com\/da\/wp-json\/wp\/v2\/types\/product"}],"replies":[{"embeddable":true,"href":"https:\/\/becooltravel.com\/da\/wp-json\/wp\/v2\/comments?post=5025"}],"wp:featuredmedia":[{"embeddable":true,"href":"https:\/\/becooltravel.com\/da\/wp-json\/wp\/v2\/media\/5024"}],"wp:attachment":[{"href":"https:\/\/becooltravel.com\/da\/wp-json\/wp\/v2\/media?parent=5025"}],"wp:term":[{"taxonomy":"product_brand","embeddable":true,"href":"https:\/\/becooltravel.com\/da\/wp-json\/wp\/v2\/product_brand?post=5025"},{"taxonomy":"product_cat","embeddable":true,"href":"https:\/\/becooltravel.com\/da\/wp-json\/wp\/v2\/product_cat?post=5025"},{"taxonomy":"product_tag","embeddable":true,"href":"https:\/\/becooltravel.com\/da\/wp-json\/wp\/v2\/product_tag?post=5025"}],"curies":[{"name":"wp","href":"https:\/\/api.w.org\/{rel}","templated":true}]}}