{"id":5091,"date":"2020-06-03T10:26:39","date_gmt":"2020-06-03T10:26:39","guid":{"rendered":"https:\/\/becooltravel.com\/product\/lagos-the-surprising-west-algarve-56000sc\/"},"modified":"2026-03-18T12:04:06","modified_gmt":"2026-03-18T12:04:06","slug":"lagos-the-surprising-west-algarve-56000sc","status":"publish","type":"product","link":"https:\/\/becooltravel.com\/da\/vare\/lagos-den-overraskende-vest-algarve-56000sc\/","title":{"rendered":"K\u00f8r selv ferie i Lagos West Algarve"},"content":{"rendered":"<p>Denne biltur er en sp\u00e6ndende m\u00e5de at opdage overraskelserne i West Algarve p\u00e5! En selvk\u00f8rende rejseplan designet af lokalbefolkningen til de specielle pletter, der efterlader varige minder om en lykkelig ferie.<\/p>\n<p>Fra den spektakul\u00e6re West Algarves kyst, med dramatiske klipper, der er sl\u00e5et af Atlanterhavets b\u00f8lger og afsondrede strande, til det bucolic indre og de historiske byer, er du klar til en rigtig godbid!<\/p>\n<div id=\"attachment_1856\" style=\"width: 1034px\" class=\"wp-caption alignnone\"><img data-recalc-dims=\"1\" decoding=\"async\" aria-describedby=\"caption-attachment-1856\" class=\"wp-image-1856 size-large\" src=\"https:\/\/i0.wp.com\/legendatours.net\/wp-content\/uploads\/2020\/03\/Lagos_city_centre-1024x776.jpg?resize=1024%2C776&#038;ssl=1\" alt=\"G\u00e5tur i Lagos centrum\" width=\"1024\" height=\"776\" \/><p id=\"caption-attachment-1856\" class=\"wp-caption-text\">Lagos centrum. Legos er en stolt portugisisk by med brostensbelagte gader, autentiske restauranter og en atmosf\u00e6re, der er afslappet og indbydende.<\/p><\/div>\n<p>Turen er baseret i Lagos, en historisk og kosmopolitisk by.<\/p>\n<p>Lagos, der vender ud mod en stor bugt og Meia Praia Beachs fine sand, var udgangspunktet for Discoveries &#039;galeoner og ogs\u00e5 et skjulested for private som Sir Francis Drake.<\/p>\n<p>En smuk mur gr\u00e6nser op til havnefronten, og den gamle bydel er fyldt med sm\u00e5 butikker, restauranter og et v\u00e6ld af kulturarv og kulturarv.<\/p>\n<p>Et h\u00f8jdepunkt for det unikke landskab i Ponta da Piedade, et \u00e6gte postkortbillede af din mindev\u00e6rdige ferie.<\/p>\n<p>Herfra kommer du til at bes\u00f8ge Vicentina-kysten, Sagres og klipperne p\u00e5 Cape S. Vicent, det mest sydvestlige punkt i Portugal og i Europa. Klipperne er svimlende 60 meter h\u00f8je og falder ned i den rasende spray af b\u00f8lgerne.<\/p>\n<div id=\"attachment_1861\" style=\"width: 1034px\" class=\"wp-caption alignnone\"><img data-recalc-dims=\"1\" decoding=\"async\" aria-describedby=\"caption-attachment-1861\" class=\"wp-image-1861 size-large\" src=\"https:\/\/i0.wp.com\/legendatours.net\/wp-content\/uploads\/2020\/03\/Sagres_dramatic_views_cliffs-1024x686.jpg?resize=1024%2C686&#038;ssl=1\" alt=\"Dramatisk udsigt fra West Algarve-klipper\" width=\"1024\" height=\"686\" \/><p id=\"caption-attachment-1861\" class=\"wp-caption-text\">Dramatisk udsigt fra West Algarve-klipperne i Sagres, der udforsker en Algarve langt v\u00e6k fra badebyer og golfbaner l\u00e6ngere mod \u00f8st.<\/p><\/div>\n<p>Strandene i Carrapateira og Odeceixe skjuler endel\u00f8se klitter omgivet af sm\u00e5 vildblomster, hvor de eneste lyde kommer fra b\u00f8lgerne, m\u00e5gerne og de salte vinde, der synger.<\/p>\n<p>Bes\u00f8g byer som Monchique, der ligger i foldene p\u00e5 bakkerne. I n\u00e6rheden er den h\u00f8jeste top i Algarve, F\u00f3ia, hvorfra du har udsigt op til Alentejo.<\/p>\n<p>Silves, den tidligere mauriske hovedstad i Algarve, rejser sig p\u00e5 en bakke omkring det velbevarede slots r\u00f8de stenmure. Det dominerer sletterne af appelsinlunde og bredden af floden Arade.<\/p>\n<p>I Portim\u00e3o og det tilst\u00f8dende Praia da Rocha f\u00e5r du en af de mest natursk\u00f8nne og ber\u00f8mte badebyer i Algarve.<\/p>\n<p>For at fuldf\u00f8re din oplevelse og vise kontrasterne i denne region har du rejseplaner til steder, hvor tiden g\u00e5r langsomt, og du glemmer n\u00e6sten, at du er i den travle Algarve.<\/p>\n<div id=\"attachment_1869\" style=\"width: 1034px\" class=\"wp-caption alignnone\"><img data-recalc-dims=\"1\" decoding=\"async\" aria-describedby=\"caption-attachment-1869\" class=\"wp-image-1869 size-large\" src=\"https:\/\/i0.wp.com\/legendatours.net\/wp-content\/uploads\/2020\/03\/alcoutim-1024x680.jpg?resize=1024%2C680&#038;ssl=1\" alt=\"Alcoutim og floden Guadiana\" width=\"1024\" height=\"680\" \/><p id=\"caption-attachment-1869\" class=\"wp-caption-text\">Alcoutim og <a href=\"..\/..\/?s=Guadiana\" target=\"_blank\" rel=\"noopener\">Floden Guadiana<\/a>, k\u00f8r langs Guadiana-floden, der slutter i slottet Alcoutim.<\/p><\/div>\n<p>N\u00e5r du k\u00f8rer mod \u00f8st gennem de indre veje, oplever du S\u00e3o Bartolomeu de Messines og Queren\u00e7a. P\u00e5 vej til floden Guadiana, ved gr\u00e6nsen til Spanien, finder du skjulte perler som Martim Longo, Alcoutim og Vila Real de Sto Ant\u00f3nio.<\/p>\n<p>Og s\u00f8rg for at du ikke g\u00e5r glip af de uds\u00f8gte regionale retter fra havet og fra landet ledsaget af fremragende portugisiske vine.<\/p>\n<p>Lad os vise dig de bedste dele af West Algarve, og tag hjem en anden side af denne indbydende region!<\/p>\n<div class=\"row\" style=\"display: flex;\">\n<div class=\"column\" style=\"flex: 45%;\"><\/div>\n<div class=\"column\" style=\"flex: 10%;\"><\/div>\n<div class=\"column\" style=\"flex: 45%;\"><\/div>\n<\/div>","protected":false},"excerpt":{"rendered":"<p>Denne biltur er en sp\u00e6ndende m\u00e5de at opdage overraskelserne i West Algarve p\u00e5! En selvk\u00f8rende rejseplan designet af lokalbefolkningen til de specielle pletter, der efterlader varige minder om en lykkelig ferie.<\/p>\n<p>Fra den spektakul\u00e6re West Algarves kyst, med dramatiske klipper, der er sl\u00e5et af Atlanterhavets b\u00f8lger og afsondrede strande, til det bucolic indre og de historiske byer, er du klar til en rigtig godbid!<\/p>\n<p>Turen er baseret i Lagos, en historisk og kosmopolitisk by.<\/p>","protected":false},"featured_media":5082,"comment_status":"closed","ping_status":"closed","template":"","meta":{"_acf_changed":false,"inline_featured_image":false},"product_brand":[],"product_cat":[673,336,327],"product_tag":[440,553,236,1053,895,428,896,897,875,876,798,557,784,785,508,877,827,800,1054,57,878,802,880,898,431,478,899,882,790,434,249,900,818,901,416,902,903,884,1055,872,322,856,909,609,417,954,1056,1057,886,834,821,887,1058,1059,904,888,793],"class_list":{"0":"post-5091","1":"product","2":"type-product","3":"status-publish","4":"has-post-thumbnail","6":"product_cat-self-drive-holidays-portugal","7":"product_cat-self-guided-sightseeing-holidays-in-portugal","8":"product_cat-self-guided-tours-portugal","9":"product_tag-algarve-coast","10":"product_tag-algarve-secluded-beaches","11":"product_tag-algarves-west-coast","12":"product_tag-alleine-reisen","13":"product_tag-atlantic-ocean","14":"product_tag-cabo-de-sao-vicente","15":"product_tag-carapateira","16":"product_tag-castle","17":"product_tag-coastal","18":"product_tag-colours","19":"product_tag-countryside","20":"product_tag-crafted-self-guided-tour","21":"product_tag-culture","22":"product_tag-delicious-food","23":"product_tag-gastronomy-and-wines","24":"product_tag-hills","25":"product_tag-historic-centre","26":"product_tag-history","27":"product_tag-individuelle-touren","28":"product_tag-lagos","29":"product_tag-landscape","30":"product_tag-lush-green-hills","31":"product_tag-market","32":"product_tag-martim-longo","33":"product_tag-monchique","34":"product_tag-natural-park","35":"product_tag-odeceixe","36":"product_tag-parapets","37":"product_tag-picturesque-landscapes","38":"product_tag-ponta-da-piedade","39":"product_tag-portimao","40":"product_tag-praia-da-luz","41":"product_tag-protected-area","42":"product_tag-querenca","43":"product_tag-sagres","44":"product_tag-salema","45":"product_tag-sao-bartolomeu-de-messines","46":"product_tag-secluded-beaches","47":"product_tag-sejour-en-liberte","48":"product_tag-self-drive-holiday","49":"product_tag-self-guided","50":"product_tag-self-guided-holiday","51":"product_tag-self-guided-sightseeing","52":"product_tag-sightseeing","53":"product_tag-silves","54":"product_tag-slave-market-lagos","55":"product_tag-solo-reisen","56":"product_tag-tours-autoguidees","57":"product_tag-traditions","58":"product_tag-undulating-plains","59":"product_tag-valleys","60":"product_tag-village","61":"product_tag-voyage-en-liberte","62":"product_tag-voyages-en-autonomie","63":"product_tag-western-algarve","64":"product_tag-white-washed-houses","65":"product_tag-wines","67":"first","68":"instock","69":"virtual","70":"product-type-simple"},"acf":[],"yoast_head":"<!-- This site is optimized with the Yoast SEO Premium plugin v26.8 (Yoast SEO v27.4) - https:\/\/yoast.com\/product\/yoast-seo-premium-wordpress\/ -->\n<title>Self-Drive Holidays in Lagos West Algarve<\/title>\n<meta name=\"description\" content=\"Discovering the surprises of the West Algarve! A self-drive itinerary, to those special spots that leave long-lasting memories of a happy holiday.\" \/>\n<meta name=\"robots\" content=\"index, follow, max-snippet:-1, max-image-preview:large, max-video-preview:-1\" \/>\n<link rel=\"canonical\" href=\"https:\/\/becooltravel.com\/da\/vare\/lagos-den-overraskende-vest-algarve-56000sc\/\" \/>\n<meta property=\"og:locale\" content=\"da_DK\" \/>\n<meta property=\"og:type\" content=\"article\" \/>\n<meta property=\"og:title\" content=\"A self-drive itinerary designed by locals, to those special spots that leave long-lasting memories of a happy holiday.\" \/>\n<meta property=\"og:description\" content=\"A beautiful wall borders the waterfront, and the old town is filled with small boutiques, restaurants, and a wealth of heritage and culture sites.A highlight for the unique scenery of Ponta da Piedade, a true postcard picture of your memorable holidays.From here you\u2019ll get to visit the Vicentina Coast, Sagres, and the cliffs of Cape S. Vicent, the most south-westerly point in Portugal and in Europe. The cliffs are a vertiginous 60 meters high, dropping down into the furious spray of the waves.The beaches of Carrapateira and Odeceixe hide endless dunes, surrounded by tiny wildflowers, where the only sounds come from the waves, the seagulls, and the salty winds singing.\" \/>\n<meta property=\"og:url\" content=\"https:\/\/becooltravel.com\/da\/vare\/lagos-den-overraskende-vest-algarve-56000sc\/\" \/>\n<meta property=\"og:site_name\" content=\"BeCool Travel\" \/>\n<meta property=\"article:publisher\" content=\"https:\/\/www.facebook.com\/becooltravelagency\/\" \/>\n<meta property=\"article:modified_time\" content=\"2026-03-18T12:04:06+00:00\" \/>\n<meta property=\"og:image\" content=\"https:\/\/becooltravel.com\/wp-content\/uploads\/sites\/5\/2020\/06\/West_Algarve_tour.jpg\" \/>\n\t<meta property=\"og:image:width\" content=\"1195\" \/>\n\t<meta property=\"og:image:height\" content=\"800\" \/>\n\t<meta property=\"og:image:type\" content=\"image\/jpeg\" \/>\n<meta name=\"twitter:card\" content=\"summary_large_image\" \/>\n<meta name=\"twitter:title\" content=\"A self-drive itinerary designed by locals, to those special spots that leave long-lasting memories of a happy holiday.\" \/>\n<meta name=\"twitter:description\" content=\"From the spectacular West Algarve\u2019s coast, with dramatic cliffs pounded by the Atlantic waves and secluded beaches, to the bucolic interior, and the historic cities, you\u2019ll be up for a real treat!The tour is based in Lagos, a historical and cosmopolitan city.Facing a large bay and the Meia Praia Beach\u2019s fine sands, Lagos was a point of departure for the Discoveries\u2019 galleons, and also a hideaway for privateers like Sir Francis Drake.\" \/>\n<meta name=\"twitter:image\" content=\"https:\/\/i0.wp.com\/becooltravel.com\/wp-content\/uploads\/sites\/5\/2020\/06\/West_Algarve_tour.jpg?fit=1195%2C800&ssl=1\" \/>\n<meta name=\"twitter:site\" content=\"@becool_travel\" \/>\n<meta name=\"twitter:label1\" content=\"Estimeret l\u00e6setid\" \/>\n\t<meta name=\"twitter:data1\" content=\"3 minutter\" \/>\n<script type=\"application\/ld+json\" class=\"yoast-schema-graph\">{\"@context\":\"https:\\\/\\\/schema.org\",\"@graph\":[{\"@type\":[\"WebPage\",\"ItemPage\"],\"@id\":\"https:\\\/\\\/becooltravel.com\\\/product\\\/lagos-the-surprising-west-algarve-56000sc\\\/\",\"url\":\"https:\\\/\\\/becooltravel.com\\\/product\\\/lagos-the-surprising-west-algarve-56000sc\\\/\",\"name\":\"Self-Drive Holidays in Lagos West Algarve\",\"isPartOf\":{\"@id\":\"https:\\\/\\\/becooltravel.com\\\/#website\"},\"primaryImageOfPage\":{\"@id\":\"https:\\\/\\\/becooltravel.com\\\/product\\\/lagos-the-surprising-west-algarve-56000sc\\\/#primaryimage\"},\"image\":{\"@id\":\"https:\\\/\\\/becooltravel.com\\\/product\\\/lagos-the-surprising-west-algarve-56000sc\\\/#primaryimage\"},\"thumbnailUrl\":\"https:\\\/\\\/i0.wp.com\\\/becooltravel.com\\\/wp-content\\\/uploads\\\/sites\\\/5\\\/2020\\\/06\\\/West_Algarve_tour.jpg?fit=1195%2C800&ssl=1\",\"datePublished\":\"2020-06-03T10:26:39+00:00\",\"dateModified\":\"2026-03-18T12:04:06+00:00\",\"description\":\"Discovering the surprises of the West Algarve! A self-drive itinerary, to those special spots that leave long-lasting memories of a happy holiday.\",\"breadcrumb\":{\"@id\":\"https:\\\/\\\/becooltravel.com\\\/product\\\/lagos-the-surprising-west-algarve-56000sc\\\/#breadcrumb\"},\"inLanguage\":\"da-DK\",\"potentialAction\":[{\"@type\":\"ReadAction\",\"target\":[\"https:\\\/\\\/becooltravel.com\\\/product\\\/lagos-the-surprising-west-algarve-56000sc\\\/\"]}]},{\"@type\":\"ImageObject\",\"inLanguage\":\"da-DK\",\"@id\":\"https:\\\/\\\/becooltravel.com\\\/product\\\/lagos-the-surprising-west-algarve-56000sc\\\/#primaryimage\",\"url\":\"https:\\\/\\\/i0.wp.com\\\/becooltravel.com\\\/wp-content\\\/uploads\\\/sites\\\/5\\\/2020\\\/06\\\/West_Algarve_tour.jpg?fit=1195%2C800&ssl=1\",\"contentUrl\":\"https:\\\/\\\/i0.wp.com\\\/becooltravel.com\\\/wp-content\\\/uploads\\\/sites\\\/5\\\/2020\\\/06\\\/West_Algarve_tour.jpg?fit=1195%2C800&ssl=1\",\"width\":1195,\"height\":800,\"caption\":\"West Algarve tour Lagos\"},{\"@type\":\"BreadcrumbList\",\"@id\":\"https:\\\/\\\/becooltravel.com\\\/product\\\/lagos-the-surprising-west-algarve-56000sc\\\/#breadcrumb\",\"itemListElement\":[{\"@type\":\"ListItem\",\"position\":1,\"name\":\"Home\",\"item\":\"https:\\\/\\\/becooltravel.com\\\/\"},{\"@type\":\"ListItem\",\"position\":2,\"name\":\"Shop\",\"item\":\"https:\\\/\\\/becooltravel.com\\\/?page_id=5\"},{\"@type\":\"ListItem\",\"position\":3,\"name\":\"The Algarve is the beautiful southern coastline of Portugal. It is a region blessed with stunning beaches, picturesque fishing towns and a glorious climate\",\"item\":\"https:\\\/\\\/becooltravel.com\\\/product-tag\\\/algarve-coast\\\/\"},{\"@type\":\"ListItem\",\"position\":4,\"name\":\"Self-Drive Holidays in Lagos: The Surprising West Algarve The Algarve is so much more than sun and sea. A self-drive itinerary designed by locals, to those special spots that leave long-lasting memories of a happy holiday.\"}]},{\"@type\":\"WebSite\",\"@id\":\"https:\\\/\\\/becooltravel.com\\\/#website\",\"url\":\"https:\\\/\\\/becooltravel.com\\\/\",\"name\":\"BeCool Travel\",\"description\":\"Sustainable holidays in Portugal for independent travelers\",\"publisher\":{\"@id\":\"https:\\\/\\\/becooltravel.com\\\/#organization\"},\"potentialAction\":[{\"@type\":\"SearchAction\",\"target\":{\"@type\":\"EntryPoint\",\"urlTemplate\":\"https:\\\/\\\/becooltravel.com\\\/?s={search_term_string}\"},\"query-input\":{\"@type\":\"PropertyValueSpecification\",\"valueRequired\":true,\"valueName\":\"search_term_string\"}}],\"inLanguage\":\"da-DK\"},{\"@type\":\"Organization\",\"@id\":\"https:\\\/\\\/becooltravel.com\\\/#organization\",\"name\":\"BecoolTravel. com- Portugal\",\"url\":\"https:\\\/\\\/becooltravel.com\\\/\",\"logo\":{\"@type\":\"ImageObject\",\"inLanguage\":\"da-DK\",\"@id\":\"https:\\\/\\\/becooltravel.com\\\/#\\\/schema\\\/logo\\\/image\\\/\",\"url\":\"https:\\\/\\\/becooltravel.com\\\/wp-content\\\/uploads\\\/sites\\\/5\\\/2020\\\/03\\\/Logo_BeCool.jpg\",\"contentUrl\":\"https:\\\/\\\/becooltravel.com\\\/wp-content\\\/uploads\\\/sites\\\/5\\\/2020\\\/03\\\/Logo_BeCool.jpg\",\"width\":534,\"height\":534,\"caption\":\"BecoolTravel. com- Portugal\"},\"image\":{\"@id\":\"https:\\\/\\\/becooltravel.com\\\/#\\\/schema\\\/logo\\\/image\\\/\"},\"sameAs\":[\"https:\\\/\\\/www.facebook.com\\\/becooltravelagency\\\/\",\"https:\\\/\\\/x.com\\\/becool_travel\",\"https:\\\/\\\/www.instagram.com\\\/becooltravel_com\\\/\",\"https:\\\/\\\/www.linkedin.com\\\/company\\\/becool-travel\\\/\",\"https:\\\/\\\/www.youtube.com\\\/channel\\\/UCE7zRU3EVG1PgfXwQo-5uJw\"]}]}<\/script>\n<!-- \/ Yoast SEO Premium plugin. -->","yoast_head_json":{"title":"K\u00f8r selv ferie i Lagos West Algarve","description":"Opdag overraskelserne i den vestlige Algarve! En k\u00f8r-selv rejseplan til de s\u00e6rlige steder, der efterlader langvarige minder om en glad ferie.","robots":{"index":"index","follow":"follow","max-snippet":"max-snippet:-1","max-image-preview":"max-image-preview:large","max-video-preview":"max-video-preview:-1"},"canonical":"https:\/\/becooltravel.com\/da\/vare\/lagos-den-overraskende-vest-algarve-56000sc\/","og_locale":"da_DK","og_type":"article","og_title":"A self-drive itinerary designed by locals, to those special spots that leave long-lasting memories of a happy holiday.","og_description":"A beautiful wall borders the waterfront, and the old town is filled with small boutiques, restaurants, and a wealth of heritage and culture sites.A highlight for the unique scenery of Ponta da Piedade, a true postcard picture of your memorable holidays.From here you\u2019ll get to visit the Vicentina Coast, Sagres, and the cliffs of Cape S. Vicent, the most south-westerly point in Portugal and in Europe. The cliffs are a vertiginous 60 meters high, dropping down into the furious spray of the waves.The beaches of Carrapateira and Odeceixe hide endless dunes, surrounded by tiny wildflowers, where the only sounds come from the waves, the seagulls, and the salty winds singing.","og_url":"https:\/\/becooltravel.com\/da\/vare\/lagos-den-overraskende-vest-algarve-56000sc\/","og_site_name":"BeCool Travel","article_publisher":"https:\/\/www.facebook.com\/becooltravelagency\/","article_modified_time":"2026-03-18T12:04:06+00:00","og_image":[{"width":1195,"height":800,"url":"https:\/\/becooltravel.com\/wp-content\/uploads\/sites\/5\/2020\/06\/West_Algarve_tour.jpg","type":"image\/jpeg"}],"twitter_card":"summary_large_image","twitter_title":"A self-drive itinerary designed by locals, to those special spots that leave long-lasting memories of a happy holiday.","twitter_description":"From the spectacular West Algarve\u2019s coast, with dramatic cliffs pounded by the Atlantic waves and secluded beaches, to the bucolic interior, and the historic cities, you\u2019ll be up for a real treat!The tour is based in Lagos, a historical and cosmopolitan city.Facing a large bay and the Meia Praia Beach\u2019s fine sands, Lagos was a point of departure for the Discoveries\u2019 galleons, and also a hideaway for privateers like Sir Francis Drake.","twitter_image":"https:\/\/i0.wp.com\/becooltravel.com\/wp-content\/uploads\/sites\/5\/2020\/06\/West_Algarve_tour.jpg?fit=1195%2C800&ssl=1","twitter_site":"@becool_travel","twitter_misc":{"Estimeret l\u00e6setid":"3 minutter"},"schema":{"@context":"https:\/\/schema.org","@graph":[{"@type":["WebPage","ItemPage"],"@id":"https:\/\/becooltravel.com\/product\/lagos-the-surprising-west-algarve-56000sc\/","url":"https:\/\/becooltravel.com\/product\/lagos-the-surprising-west-algarve-56000sc\/","name":"K\u00f8r selv ferie i Lagos West Algarve","isPartOf":{"@id":"https:\/\/becooltravel.com\/#website"},"primaryImageOfPage":{"@id":"https:\/\/becooltravel.com\/product\/lagos-the-surprising-west-algarve-56000sc\/#primaryimage"},"image":{"@id":"https:\/\/becooltravel.com\/product\/lagos-the-surprising-west-algarve-56000sc\/#primaryimage"},"thumbnailUrl":"https:\/\/i0.wp.com\/becooltravel.com\/wp-content\/uploads\/sites\/5\/2020\/06\/West_Algarve_tour.jpg?fit=1195%2C800&ssl=1","datePublished":"2020-06-03T10:26:39+00:00","dateModified":"2026-03-18T12:04:06+00:00","description":"Opdag overraskelserne i den vestlige Algarve! En k\u00f8r-selv rejseplan til de s\u00e6rlige steder, der efterlader langvarige minder om en glad ferie.","breadcrumb":{"@id":"https:\/\/becooltravel.com\/product\/lagos-the-surprising-west-algarve-56000sc\/#breadcrumb"},"inLanguage":"da-DK","potentialAction":[{"@type":"ReadAction","target":["https:\/\/becooltravel.com\/product\/lagos-the-surprising-west-algarve-56000sc\/"]}]},{"@type":"ImageObject","inLanguage":"da-DK","@id":"https:\/\/becooltravel.com\/product\/lagos-the-surprising-west-algarve-56000sc\/#primaryimage","url":"https:\/\/i0.wp.com\/becooltravel.com\/wp-content\/uploads\/sites\/5\/2020\/06\/West_Algarve_tour.jpg?fit=1195%2C800&ssl=1","contentUrl":"https:\/\/i0.wp.com\/becooltravel.com\/wp-content\/uploads\/sites\/5\/2020\/06\/West_Algarve_tour.jpg?fit=1195%2C800&ssl=1","width":1195,"height":800,"caption":"West Algarve tour Lagos"},{"@type":"BreadcrumbList","@id":"https:\/\/becooltravel.com\/product\/lagos-the-surprising-west-algarve-56000sc\/#breadcrumb","itemListElement":[{"@type":"ListItem","position":1,"name":"Home","item":"https:\/\/becooltravel.com\/"},{"@type":"ListItem","position":2,"name":"Shop","item":"https:\/\/becooltravel.com\/?page_id=5"},{"@type":"ListItem","position":3,"name":"The Algarve is the beautiful southern coastline of Portugal. It is a region blessed with stunning beaches, picturesque fishing towns and a glorious climate","item":"https:\/\/becooltravel.com\/product-tag\/algarve-coast\/"},{"@type":"ListItem","position":4,"name":"Self-Drive Holidays in Lagos: The Surprising West Algarve The Algarve is so much more than sun and sea. A self-drive itinerary designed by locals, to those special spots that leave long-lasting memories of a happy holiday."}]},{"@type":"WebSite","@id":"https:\/\/becooltravel.com\/#website","url":"https:\/\/becooltravel.com\/","name":"BeCool rejse","description":"B\u00e6redygtig ferie i Portugal for uafh\u00e6ngige rejsende","publisher":{"@id":"https:\/\/becooltravel.com\/#organization"},"potentialAction":[{"@type":"SearchAction","target":{"@type":"EntryPoint","urlTemplate":"https:\/\/becooltravel.com\/?s={search_term_string}"},"query-input":{"@type":"PropertyValueSpecification","valueRequired":true,"valueName":"search_term_string"}}],"inLanguage":"da-DK"},{"@type":"Organization","@id":"https:\/\/becooltravel.com\/#organization","name":"BecoolTravel. com- Portugal","url":"https:\/\/becooltravel.com\/","logo":{"@type":"ImageObject","inLanguage":"da-DK","@id":"https:\/\/becooltravel.com\/#\/schema\/logo\/image\/","url":"https:\/\/becooltravel.com\/wp-content\/uploads\/sites\/5\/2020\/03\/Logo_BeCool.jpg","contentUrl":"https:\/\/becooltravel.com\/wp-content\/uploads\/sites\/5\/2020\/03\/Logo_BeCool.jpg","width":534,"height":534,"caption":"BecoolTravel. com- Portugal"},"image":{"@id":"https:\/\/becooltravel.com\/#\/schema\/logo\/image\/"},"sameAs":["https:\/\/www.facebook.com\/becooltravelagency\/","https:\/\/x.com\/becool_travel","https:\/\/www.instagram.com\/becooltravel_com\/","https:\/\/www.linkedin.com\/company\/becool-travel\/","https:\/\/www.youtube.com\/channel\/UCE7zRU3EVG1PgfXwQo-5uJw"]}]}},"jetpack_sharing_enabled":true,"_links":{"self":[{"href":"https:\/\/becooltravel.com\/da\/wp-json\/wp\/v2\/product\/5091","targetHints":{"allow":["GET"]}}],"collection":[{"href":"https:\/\/becooltravel.com\/da\/wp-json\/wp\/v2\/product"}],"about":[{"href":"https:\/\/becooltravel.com\/da\/wp-json\/wp\/v2\/types\/product"}],"replies":[{"embeddable":true,"href":"https:\/\/becooltravel.com\/da\/wp-json\/wp\/v2\/comments?post=5091"}],"wp:featuredmedia":[{"embeddable":true,"href":"https:\/\/becooltravel.com\/da\/wp-json\/wp\/v2\/media\/5082"}],"wp:attachment":[{"href":"https:\/\/becooltravel.com\/da\/wp-json\/wp\/v2\/media?parent=5091"}],"wp:term":[{"taxonomy":"product_brand","embeddable":true,"href":"https:\/\/becooltravel.com\/da\/wp-json\/wp\/v2\/product_brand?post=5091"},{"taxonomy":"product_cat","embeddable":true,"href":"https:\/\/becooltravel.com\/da\/wp-json\/wp\/v2\/product_cat?post=5091"},{"taxonomy":"product_tag","embeddable":true,"href":"https:\/\/becooltravel.com\/da\/wp-json\/wp\/v2\/product_tag?post=5091"}],"curies":[{"name":"wp","href":"https:\/\/api.w.org\/{rel}","templated":true}]}}