{"id":5142,"date":"2020-06-09T15:19:56","date_gmt":"2020-06-09T15:19:56","guid":{"rendered":"https:\/\/becooltravel.com\/product\/enjoy-praia-da-rocha-6600pk\/"},"modified":"2026-03-18T13:29:19","modified_gmt":"2026-03-18T13:29:19","slug":"enjoy-praia-da-rocha-6600pk","status":"publish","type":"product","link":"https:\/\/becooltravel.com\/da\/vare\/nyd-praia-da-rocha-6600pk\/","title":{"rendered":"Nyd Praia Da Rocha"},"content":{"rendered":"<p>Praia da Rochas store sandstrimmel, omgivet af okker og br\u00e6ndte sienna -klipper, er en af Algarves mest ikoniske sev\u00e6rdigheder.<\/p>\n<p>Det er et ideelt sted at slappe af p\u00e5 stranden i l\u00f8bet af dagen, nyde god mad og vin og senere omfavne natten!<\/p>\n<p>Book dit ophold for at opleve en afslappende ferietid p\u00e5 denne dejlige stranddestination t\u00e6t p\u00e5 en lang r\u00e6kke interessante steder.<\/p>\n<div id=\"attachment_2436\" style=\"width: 1034px\" class=\"wp-caption alignnone\"><img data-recalc-dims=\"1\" decoding=\"async\" aria-describedby=\"caption-attachment-2436\" class=\"wp-image-2436 size-large\" src=\"https:\/\/i0.wp.com\/legendatours.net\/wp-content\/uploads\/2020\/06\/Praia_Rocha-1024x676.jpg?resize=1024%2C676&#038;ssl=1\" alt=\"Praia da Rocha\" width=\"1024\" height=\"676\" \/><p id=\"caption-attachment-2436\" class=\"wp-caption-text\">Praia da Rocha<\/p><\/div>\n<p>Praia da Rocha ligger i den vestlige Algarve, n\u00e6r Portim\u00e3o. Det er et klassisk feriested med en enest\u00e5ende strand og en livlig atmosf\u00e6re. Afh\u00e6ngigt af s\u00e6sonen tiltr\u00e6kker byen forskellige bes\u00f8gende.<\/p>\n<p>I l\u00f8bet af sommeren er Praia da Rocha i det v\u00e6sentlige en familieferiedestination, hvor b\u00f8rn er velkomne n\u00e6sten overalt og en generel sp\u00e6ndingsstemning, fantastisk ogs\u00e5 for unge par.<\/p>\n<p>Uden for turists\u00e6sonens h\u00f8jde finder du en roligere atmosf\u00e6re, som tiltr\u00e6kker mere modne g\u00e6ster, der leder efter en afslappende ferie.<\/p>\n<p>Alle former for underholdning er tilg\u00e6ngelige i Praia da Rocha, med noget for enhver smag, herunder sejlture, dagsture, vandland, forlystelsesparker og sport p\u00e5 stranden.<\/p>\n<p>Der er restauranter og barer for enhver smag, og nattelivet er varieret og interessant. Mens hovedgaden er fyldt med livlige tema -barer, terrasser og et kasino, finder du n\u00e6r marinaen en mere eksklusiv og fashionabel atmosf\u00e6re.<\/p>\n<p>Og selvom Praia da Rocha hovedsageligt er et sommerferiested, bygget med turistfaciliteter og attraktioner, er der arv og kultur i n\u00e6rheden!<\/p>\n<div id=\"attachment_2428\" style=\"width: 1034px\" class=\"wp-caption alignnone\"><img data-recalc-dims=\"1\" decoding=\"async\" aria-describedby=\"caption-attachment-2428\" class=\"wp-image-2428 size-large\" src=\"https:\/\/i0.wp.com\/legendatours.net\/wp-content\/uploads\/2020\/06\/Praia_rocha_low_season-1024x654.jpg?resize=1024%2C654&#038;ssl=1\" alt=\"Praia da Rocha\" width=\"1024\" height=\"654\" \/><p id=\"caption-attachment-2428\" class=\"wp-caption-text\">Praia da Rocha<\/p><\/div>\n<p>Du kan bes\u00f8ge charmerende historiske byer i den vestlige Algarve, som Lagos, byen hvorfra opdagelserne startede, eller Silves, den engang arabiske hovedstad i Algarve, p\u00e5 landet.<\/p>\n<p>Lidt l\u00e6ngere v\u00e6k, g\u00e5 ikke glip af Monchique -bjergene, for et roligere, gr\u00f8nnere landskab.<br \/>\nHvis du \u00f8nsker at udforske kysten, er et forslag det forbl\u00e6ste kapel i Senhora da Rocha, i et forbjerg med udsigt over en smuk strand, 30 minutters k\u00f8rsel derfra.<\/p>\n<p>Et andet h\u00f8jdepunkt er den smukke Ria de Alvor, ved flodmundingen ved floden Arade. Du kan f\u00e5 en stille dag, v\u00e6k fra balladen, i dette rige naturparadis!<\/p>\n<p><iframe title=\"Algarve Visto do Ar - Concelho de Portim\u00e3o\" width=\"1080\" height=\"608\" src=\"https:\/\/www.youtube.com\/embed\/3oQNarcw8qo?feature=oembed\" frameborder=\"0\" allow=\"accelerometer; autoplay; clipboard-write; encrypted-media; gyroscope; picture-in-picture\" allowfullscreen><\/iframe><\/p>","protected":false},"excerpt":{"rendered":"<p>Praia da Rochas store sandstrimmel, omgivet af okker og br\u00e6ndte sienna -klipper, er en af Algarves mest ikoniske sev\u00e6rdigheder.<\/p>\n<p>Det er et ideelt sted at slappe af p\u00e5 stranden i l\u00f8bet af dagen, nyde god mad og vin og senere omfavne natten!<\/p>\n<p>Book dit ophold for at opleve en afslappende ferietid p\u00e5 denne dejlige stranddestination t\u00e6t p\u00e5 en lang r\u00e6kke interessante steder.<\/p>","protected":false},"featured_media":5131,"comment_status":"closed","ping_status":"closed","template":"","meta":{"_acf_changed":false,"inline_featured_image":false},"product_brand":[],"product_cat":[332,329],"product_tag":[311,236,795,240,204,558,606,508,815,260,607,57,431,631,249,566,807,622,609,417,610,611,623,613,62,309,904],"class_list":{"0":"post-5142","1":"product","2":"type-product","3":"status-publish","4":"has-post-thumbnail","6":"product_cat-enjoy-6-days-tour-portugal","7":"product_cat-holiday-packs-tours-portugal","8":"product_tag-algarve","9":"product_tag-algarves-west-coast","10":"product_tag-alvor","11":"product_tag-alvor-estuary","12":"product_tag-cultural-heritage","13":"product_tag-discover-the-west-algarve","14":"product_tag-gastronomy","15":"product_tag-gastronomy-and-wines","16":"product_tag-historic","17":"product_tag-history-and-heritage","18":"product_tag-holidays","19":"product_tag-lagos","20":"product_tag-monchique","21":"product_tag-night","22":"product_tag-portimao","23":"product_tag-praia-da-rocha","24":"product_tag-ria-de-alvor","25":"product_tag-sandy-beach","26":"product_tag-sightseeing","27":"product_tag-silves","28":"product_tag-spring","29":"product_tag-summer","30":"product_tag-sun-beach","31":"product_tag-sunny-days","32":"product_tag-west-algarve","33":"product_tag-west-algarve-coast","34":"product_tag-western-algarve","36":"first","37":"instock","38":"virtual","39":"product-type-simple"},"acf":[],"yoast_head":"<!-- This site is optimized with the Yoast SEO Premium plugin v26.8 (Yoast SEO v27.5) - https:\/\/yoast.com\/product\/yoast-seo-premium-wordpress\/ -->\n<title>Enjoy Praia Da Rocha<\/title>\n<meta name=\"description\" content=\"During the summer, Praia da Rocha is essentially a family holiday destination, with children being welcome everywhere, and a general excitement vibe, great also for young couples.Outside the height of the tourist season, you\u2019ll find a calmer atmosphere, which is appealing to more mature guests, looking for a relaxing holiday.\" \/>\n<meta name=\"robots\" content=\"index, follow, max-snippet:-1, max-image-preview:large, max-video-preview:-1\" \/>\n<link rel=\"canonical\" href=\"https:\/\/becooltravel.com\/da\/vare\/nyd-praia-da-rocha-6600pk\/\" \/>\n<meta property=\"og:locale\" content=\"da_DK\" \/>\n<meta property=\"og:type\" content=\"article\" \/>\n<meta property=\"og:title\" content=\"Praia da rocha The dramatic coastline of the West Algarve, with high cliffs and secluded beaches\" \/>\n<meta property=\"og:description\" content=\"uring the summer, Praia da Rocha is essentially a family holiday destination, with children being welcome almost everywhere, and a general excitement vibe, great also for young couples.Outside the height of the tourist season, you\u2019ll find a calmer atmosphere, which is appealing to more mature guests, looking for a relaxing holiday.\" \/>\n<meta property=\"og:url\" content=\"https:\/\/becooltravel.com\/da\/vare\/nyd-praia-da-rocha-6600pk\/\" \/>\n<meta property=\"og:site_name\" content=\"BeCool Travel\" \/>\n<meta property=\"article:publisher\" content=\"https:\/\/www.facebook.com\/becooltravelagency\/\" \/>\n<meta property=\"article:modified_time\" content=\"2026-03-18T13:29:19+00:00\" \/>\n<meta property=\"og:image\" content=\"https:\/\/becooltravel.com\/wp-content\/uploads\/sites\/5\/2020\/06\/Praia_rocha_beach.jpg\" \/>\n\t<meta property=\"og:image:width\" content=\"1067\" \/>\n\t<meta property=\"og:image:height\" content=\"800\" \/>\n\t<meta property=\"og:image:type\" content=\"image\/jpeg\" \/>\n<meta name=\"twitter:card\" content=\"summary_large_image\" \/>\n<meta name=\"twitter:title\" content=\"Praia da rocha The dramatic coastline of the West Algarve, with high cliffs and secluded beaches\" \/>\n<meta name=\"twitter:description\" content=\"All sorts of entertainment are available in Praia da Rocha, with something for everyone, including boat tours, day excursions, water parks, theme parks, and sports on the beach.There are restaurants and bars for all tastes, and the nightlife is varied and interesting. While the main avenue is filled with buzzing themed bars, terraces, and a casino, near the marina you\u2019ll find a more exclusive and fashionable atmosphere.\" \/>\n<meta name=\"twitter:image\" content=\"https:\/\/i0.wp.com\/becooltravel.com\/wp-content\/uploads\/sites\/5\/2020\/06\/Praia_rocha_beach.jpg?fit=1067%2C800&ssl=1\" \/>\n<meta name=\"twitter:site\" content=\"@becool_travel\" \/>\n<meta name=\"twitter:label1\" content=\"Estimeret l\u00e6setid\" \/>\n\t<meta name=\"twitter:data1\" content=\"3 minutter\" \/>\n<script type=\"application\/ld+json\" class=\"yoast-schema-graph\">{\"@context\":\"https:\\\/\\\/schema.org\",\"@graph\":[{\"@type\":[\"WebPage\",\"ItemPage\"],\"@id\":\"https:\\\/\\\/becooltravel.com\\\/product\\\/enjoy-praia-da-rocha-6600pk\\\/\",\"url\":\"https:\\\/\\\/becooltravel.com\\\/product\\\/enjoy-praia-da-rocha-6600pk\\\/\",\"name\":\"Enjoy Praia Da Rocha\",\"isPartOf\":{\"@id\":\"https:\\\/\\\/becooltravel.com\\\/#website\"},\"primaryImageOfPage\":{\"@id\":\"https:\\\/\\\/becooltravel.com\\\/product\\\/enjoy-praia-da-rocha-6600pk\\\/#primaryimage\"},\"image\":{\"@id\":\"https:\\\/\\\/becooltravel.com\\\/product\\\/enjoy-praia-da-rocha-6600pk\\\/#primaryimage\"},\"thumbnailUrl\":\"https:\\\/\\\/i0.wp.com\\\/becooltravel.com\\\/wp-content\\\/uploads\\\/sites\\\/5\\\/2020\\\/06\\\/Praia_rocha_beach.jpg?fit=1067%2C800&ssl=1\",\"datePublished\":\"2020-06-09T15:19:56+00:00\",\"dateModified\":\"2026-03-18T13:29:19+00:00\",\"description\":\"During the summer, Praia da Rocha is essentially a family holiday destination, with children being welcome everywhere, and a general excitement vibe, great also for young couples.Outside the height of the tourist season, you\u2019ll find a calmer atmosphere, which is appealing to more mature guests, looking for a relaxing holiday.\",\"breadcrumb\":{\"@id\":\"https:\\\/\\\/becooltravel.com\\\/product\\\/enjoy-praia-da-rocha-6600pk\\\/#breadcrumb\"},\"inLanguage\":\"da-DK\",\"potentialAction\":[{\"@type\":\"ReadAction\",\"target\":[\"https:\\\/\\\/becooltravel.com\\\/product\\\/enjoy-praia-da-rocha-6600pk\\\/\"]}]},{\"@type\":\"ImageObject\",\"inLanguage\":\"da-DK\",\"@id\":\"https:\\\/\\\/becooltravel.com\\\/product\\\/enjoy-praia-da-rocha-6600pk\\\/#primaryimage\",\"url\":\"https:\\\/\\\/i0.wp.com\\\/becooltravel.com\\\/wp-content\\\/uploads\\\/sites\\\/5\\\/2020\\\/06\\\/Praia_rocha_beach.jpg?fit=1067%2C800&ssl=1\",\"contentUrl\":\"https:\\\/\\\/i0.wp.com\\\/becooltravel.com\\\/wp-content\\\/uploads\\\/sites\\\/5\\\/2020\\\/06\\\/Praia_rocha_beach.jpg?fit=1067%2C800&ssl=1\",\"width\":1067,\"height\":800,\"caption\":\"Praia da Rocha beach holidays\"},{\"@type\":\"BreadcrumbList\",\"@id\":\"https:\\\/\\\/becooltravel.com\\\/product\\\/enjoy-praia-da-rocha-6600pk\\\/#breadcrumb\",\"itemListElement\":[{\"@type\":\"ListItem\",\"position\":1,\"name\":\"Home\",\"item\":\"https:\\\/\\\/becooltravel.com\\\/\"},{\"@type\":\"ListItem\",\"position\":2,\"name\":\"Shop\",\"item\":\"https:\\\/\\\/becooltravel.com\\\/?page_id=5\"},{\"@type\":\"ListItem\",\"position\":3,\"name\":\"Algarve holidays . You can use\u00a0footpaths and walking\u00a0 trails\u00a0to get to know the region, such as the\u00a0Algarve Way\u00a0or the\u00a0Vicentine Route along one of the best preserved coastal stretches.\",\"item\":\"https:\\\/\\\/becooltravel.com\\\/product-tag\\\/algarve\\\/\"},{\"@type\":\"ListItem\",\"position\":4,\"name\":\"Praia da rocha The dramatic coastline of the West Algarve, with high cliffs and secluded beaches\"}]},{\"@type\":\"WebSite\",\"@id\":\"https:\\\/\\\/becooltravel.com\\\/#website\",\"url\":\"https:\\\/\\\/becooltravel.com\\\/\",\"name\":\"BeCool Travel\",\"description\":\"Sustainable holidays in Portugal for independent travelers\",\"publisher\":{\"@id\":\"https:\\\/\\\/becooltravel.com\\\/#organization\"},\"potentialAction\":[{\"@type\":\"SearchAction\",\"target\":{\"@type\":\"EntryPoint\",\"urlTemplate\":\"https:\\\/\\\/becooltravel.com\\\/?s={search_term_string}\"},\"query-input\":{\"@type\":\"PropertyValueSpecification\",\"valueRequired\":true,\"valueName\":\"search_term_string\"}}],\"inLanguage\":\"da-DK\"},{\"@type\":\"Organization\",\"@id\":\"https:\\\/\\\/becooltravel.com\\\/#organization\",\"name\":\"BecoolTravel. com- Portugal\",\"url\":\"https:\\\/\\\/becooltravel.com\\\/\",\"logo\":{\"@type\":\"ImageObject\",\"inLanguage\":\"da-DK\",\"@id\":\"https:\\\/\\\/becooltravel.com\\\/#\\\/schema\\\/logo\\\/image\\\/\",\"url\":\"https:\\\/\\\/becooltravel.com\\\/wp-content\\\/uploads\\\/sites\\\/5\\\/2020\\\/03\\\/Logo_BeCool.jpg\",\"contentUrl\":\"https:\\\/\\\/becooltravel.com\\\/wp-content\\\/uploads\\\/sites\\\/5\\\/2020\\\/03\\\/Logo_BeCool.jpg\",\"width\":534,\"height\":534,\"caption\":\"BecoolTravel. com- Portugal\"},\"image\":{\"@id\":\"https:\\\/\\\/becooltravel.com\\\/#\\\/schema\\\/logo\\\/image\\\/\"},\"sameAs\":[\"https:\\\/\\\/www.facebook.com\\\/becooltravelagency\\\/\",\"https:\\\/\\\/x.com\\\/becool_travel\",\"https:\\\/\\\/www.instagram.com\\\/becooltravel_com\\\/\",\"https:\\\/\\\/www.linkedin.com\\\/company\\\/becool-travel\\\/\",\"https:\\\/\\\/www.youtube.com\\\/channel\\\/UCE7zRU3EVG1PgfXwQo-5uJw\"]}]}<\/script>\n<!-- \/ Yoast SEO Premium plugin. -->","yoast_head_json":{"title":"Nyd Praia Da Rocha","description":"I l\u00f8bet af sommeren er Praia da Rocha i det v\u00e6sentlige en familieferiedestination, hvor b\u00f8rn er velkomne overalt og en generel sp\u00e6ndingsstemning, fantastisk ogs\u00e5 for unge par. Uden for turists\u00e6sonens h\u00f8jde finder du en roligere atmosf\u00e6re, som er appellerer til mere modne g\u00e6ster og leder efter en afslappende ferie.","robots":{"index":"index","follow":"follow","max-snippet":"max-snippet:-1","max-image-preview":"max-image-preview:large","max-video-preview":"max-video-preview:-1"},"canonical":"https:\/\/becooltravel.com\/da\/vare\/nyd-praia-da-rocha-6600pk\/","og_locale":"da_DK","og_type":"article","og_title":"Praia da rocha The dramatic coastline of the West Algarve, with high cliffs and secluded beaches","og_description":"uring the summer, Praia da Rocha is essentially a family holiday destination, with children being welcome almost everywhere, and a general excitement vibe, great also for young couples.Outside the height of the tourist season, you\u2019ll find a calmer atmosphere, which is appealing to more mature guests, looking for a relaxing holiday.","og_url":"https:\/\/becooltravel.com\/da\/vare\/nyd-praia-da-rocha-6600pk\/","og_site_name":"BeCool Travel","article_publisher":"https:\/\/www.facebook.com\/becooltravelagency\/","article_modified_time":"2026-03-18T13:29:19+00:00","og_image":[{"width":1067,"height":800,"url":"https:\/\/becooltravel.com\/wp-content\/uploads\/sites\/5\/2020\/06\/Praia_rocha_beach.jpg","type":"image\/jpeg"}],"twitter_card":"summary_large_image","twitter_title":"Praia da rocha The dramatic coastline of the West Algarve, with high cliffs and secluded beaches","twitter_description":"All sorts of entertainment are available in Praia da Rocha, with something for everyone, including boat tours, day excursions, water parks, theme parks, and sports on the beach.There are restaurants and bars for all tastes, and the nightlife is varied and interesting. While the main avenue is filled with buzzing themed bars, terraces, and a casino, near the marina you\u2019ll find a more exclusive and fashionable atmosphere.","twitter_image":"https:\/\/i0.wp.com\/becooltravel.com\/wp-content\/uploads\/sites\/5\/2020\/06\/Praia_rocha_beach.jpg?fit=1067%2C800&ssl=1","twitter_site":"@becool_travel","twitter_misc":{"Estimeret l\u00e6setid":"3 minutter"},"schema":{"@context":"https:\/\/schema.org","@graph":[{"@type":["WebPage","ItemPage"],"@id":"https:\/\/becooltravel.com\/product\/enjoy-praia-da-rocha-6600pk\/","url":"https:\/\/becooltravel.com\/product\/enjoy-praia-da-rocha-6600pk\/","name":"Nyd Praia Da Rocha","isPartOf":{"@id":"https:\/\/becooltravel.com\/#website"},"primaryImageOfPage":{"@id":"https:\/\/becooltravel.com\/product\/enjoy-praia-da-rocha-6600pk\/#primaryimage"},"image":{"@id":"https:\/\/becooltravel.com\/product\/enjoy-praia-da-rocha-6600pk\/#primaryimage"},"thumbnailUrl":"https:\/\/i0.wp.com\/becooltravel.com\/wp-content\/uploads\/sites\/5\/2020\/06\/Praia_rocha_beach.jpg?fit=1067%2C800&ssl=1","datePublished":"2020-06-09T15:19:56+00:00","dateModified":"2026-03-18T13:29:19+00:00","description":"I l\u00f8bet af sommeren er Praia da Rocha i det v\u00e6sentlige en familieferiedestination, hvor b\u00f8rn er velkomne overalt og en generel sp\u00e6ndingsstemning, fantastisk ogs\u00e5 for unge par. Uden for turists\u00e6sonens h\u00f8jde finder du en roligere atmosf\u00e6re, som er appellerer til mere modne g\u00e6ster og leder efter en afslappende ferie.","breadcrumb":{"@id":"https:\/\/becooltravel.com\/product\/enjoy-praia-da-rocha-6600pk\/#breadcrumb"},"inLanguage":"da-DK","potentialAction":[{"@type":"ReadAction","target":["https:\/\/becooltravel.com\/product\/enjoy-praia-da-rocha-6600pk\/"]}]},{"@type":"ImageObject","inLanguage":"da-DK","@id":"https:\/\/becooltravel.com\/product\/enjoy-praia-da-rocha-6600pk\/#primaryimage","url":"https:\/\/i0.wp.com\/becooltravel.com\/wp-content\/uploads\/sites\/5\/2020\/06\/Praia_rocha_beach.jpg?fit=1067%2C800&ssl=1","contentUrl":"https:\/\/i0.wp.com\/becooltravel.com\/wp-content\/uploads\/sites\/5\/2020\/06\/Praia_rocha_beach.jpg?fit=1067%2C800&ssl=1","width":1067,"height":800,"caption":"Praia da Rocha beach holidays"},{"@type":"BreadcrumbList","@id":"https:\/\/becooltravel.com\/product\/enjoy-praia-da-rocha-6600pk\/#breadcrumb","itemListElement":[{"@type":"ListItem","position":1,"name":"Home","item":"https:\/\/becooltravel.com\/"},{"@type":"ListItem","position":2,"name":"Shop","item":"https:\/\/becooltravel.com\/?page_id=5"},{"@type":"ListItem","position":3,"name":"Algarve holidays . You can use\u00a0footpaths and walking\u00a0 trails\u00a0to get to know the region, such as the\u00a0Algarve Way\u00a0or the\u00a0Vicentine Route along one of the best preserved coastal stretches.","item":"https:\/\/becooltravel.com\/product-tag\/algarve\/"},{"@type":"ListItem","position":4,"name":"Praia da rocha The dramatic coastline of the West Algarve, with high cliffs and secluded beaches"}]},{"@type":"WebSite","@id":"https:\/\/becooltravel.com\/#website","url":"https:\/\/becooltravel.com\/","name":"BeCool rejse","description":"B\u00e6redygtig ferie i Portugal for uafh\u00e6ngige rejsende","publisher":{"@id":"https:\/\/becooltravel.com\/#organization"},"potentialAction":[{"@type":"SearchAction","target":{"@type":"EntryPoint","urlTemplate":"https:\/\/becooltravel.com\/?s={search_term_string}"},"query-input":{"@type":"PropertyValueSpecification","valueRequired":true,"valueName":"search_term_string"}}],"inLanguage":"da-DK"},{"@type":"Organization","@id":"https:\/\/becooltravel.com\/#organization","name":"BecoolTravel. com- Portugal","url":"https:\/\/becooltravel.com\/","logo":{"@type":"ImageObject","inLanguage":"da-DK","@id":"https:\/\/becooltravel.com\/#\/schema\/logo\/image\/","url":"https:\/\/becooltravel.com\/wp-content\/uploads\/sites\/5\/2020\/03\/Logo_BeCool.jpg","contentUrl":"https:\/\/becooltravel.com\/wp-content\/uploads\/sites\/5\/2020\/03\/Logo_BeCool.jpg","width":534,"height":534,"caption":"BecoolTravel. com- Portugal"},"image":{"@id":"https:\/\/becooltravel.com\/#\/schema\/logo\/image\/"},"sameAs":["https:\/\/www.facebook.com\/becooltravelagency\/","https:\/\/x.com\/becool_travel","https:\/\/www.instagram.com\/becooltravel_com\/","https:\/\/www.linkedin.com\/company\/becool-travel\/","https:\/\/www.youtube.com\/channel\/UCE7zRU3EVG1PgfXwQo-5uJw"]}]}},"jetpack_sharing_enabled":true,"_links":{"self":[{"href":"https:\/\/becooltravel.com\/da\/wp-json\/wp\/v2\/product\/5142","targetHints":{"allow":["GET"]}}],"collection":[{"href":"https:\/\/becooltravel.com\/da\/wp-json\/wp\/v2\/product"}],"about":[{"href":"https:\/\/becooltravel.com\/da\/wp-json\/wp\/v2\/types\/product"}],"replies":[{"embeddable":true,"href":"https:\/\/becooltravel.com\/da\/wp-json\/wp\/v2\/comments?post=5142"}],"wp:featuredmedia":[{"embeddable":true,"href":"https:\/\/becooltravel.com\/da\/wp-json\/wp\/v2\/media\/5131"}],"wp:attachment":[{"href":"https:\/\/becooltravel.com\/da\/wp-json\/wp\/v2\/media?parent=5142"}],"wp:term":[{"taxonomy":"product_brand","embeddable":true,"href":"https:\/\/becooltravel.com\/da\/wp-json\/wp\/v2\/product_brand?post=5142"},{"taxonomy":"product_cat","embeddable":true,"href":"https:\/\/becooltravel.com\/da\/wp-json\/wp\/v2\/product_cat?post=5142"},{"taxonomy":"product_tag","embeddable":true,"href":"https:\/\/becooltravel.com\/da\/wp-json\/wp\/v2\/product_tag?post=5142"}],"curies":[{"name":"wp","href":"https:\/\/api.w.org\/{rel}","templated":true}]}}