{"id":5167,"date":"2020-06-12T14:18:42","date_gmt":"2020-06-12T14:18:42","guid":{"rendered":"https:\/\/becooltravel.com\/product\/explore-vilamoura-11700pk\/"},"modified":"2026-03-18T13:28:45","modified_gmt":"2026-03-18T13:28:45","slug":"explore-vilamoura-11700pk","status":"publish","type":"product","link":"https:\/\/becooltravel.com\/da\/vare\/explore-vilamoura-11700pk\/","title":{"rendered":"Udforsk Vilamoura"},"content":{"rendered":"<p>Vilamoura er en glamour\u00f8s badeby bygget fra bunden med en ting i tankerne: helligdage!<\/p>\n<p>Livet i Vilamoura drejer rundt om den eksklusive marina, foret med elegante lystb\u00e5de, og selvf\u00f8lgelig strandene, hvor du vil blive fork\u00e6let med flere fritids- og afslapningsfaciliteter, du kan bede om!<\/p>\n<p>I n\u00e6rheden er der kulturelle, historiske og naturlige attraktioner at opleve.<\/p>\n<div id=\"attachment_2461\" style=\"width: 1034px\" class=\"wp-caption alignnone\"><img data-recalc-dims=\"1\" decoding=\"async\" aria-describedby=\"caption-attachment-2461\" class=\"wp-image-2461 size-large\" title=\"Vilamoura marinab\u00e5de\" src=\"https:\/\/i0.wp.com\/legendatours.net\/wp-content\/uploads\/2020\/06\/vilamoura_marina_boats-1024x683.jpg?resize=1024%2C683&#038;ssl=1\" alt=\"Vilamoura marinab\u00e5de\" width=\"1024\" height=\"683\" \/><p id=\"caption-attachment-2461\" class=\"wp-caption-text\">Vilamoura marinab\u00e5de<\/p><\/div>\n<p>Fyldt med smarte barer, butikker og restauranter for enhver smag er Vilamoura Marina kernen i feriestedets optimistiske sociale liv.<\/p>\n<p>Med hensyn til strandene, i begge retninger, du drejer, er der enorme str\u00e6kninger af gyldent sand med varmt vand at v\u00e6lge imellem, der tilbyder masser af aktiviteter, ind og ud af vandet.<\/p>\n<p>Alle med nem adgang, hvilket betyder en god mulighed for dem med begr\u00e6nset mobilitet, strandene har de s\u00e6dvanlige barer med solnedgangsfester, caf\u00e9er til m\u00e5ltider og forfriskninger og solsenge og parasoller til leje.<\/p>\n<p>Som forventet bliver strandene inden for g\u00e5afstand meget travlt om sommeren. Men du skal bare g\u00e5 lidt mere for at finde et behageligt sted!<\/p>\n<p>Du bliver ikke skuffet over at l\u00e6gge dit h\u00e5ndkl\u00e6de i Quarteira, Vale do Lobo, Falesia eller en anden livlig strand i n\u00e6rheden, alt sammen med et bl\u00e5t flag.<\/p>\n<p>I bydelene har du de romerske ruiner af en fiskerby med v\u00e6gmalerier og et badekompleks.<\/p>\n<div id=\"attachment_2457\" style=\"width: 1034px\" class=\"wp-caption alignnone\"><img data-recalc-dims=\"1\" decoding=\"async\" aria-describedby=\"caption-attachment-2457\" class=\"wp-image-2457 size-large\" title=\"Vilamoura strand\" src=\"https:\/\/i0.wp.com\/legendatours.net\/wp-content\/uploads\/2020\/06\/vilamoura_beach-1024x592.jpg?resize=1024%2C592&#038;ssl=1\" alt=\"Vilamoura strand\" width=\"1024\" height=\"592\" \/><p id=\"caption-attachment-2457\" class=\"wp-caption-text\">Vilamoura strand<\/p><\/div>\n<p>Mod nord er der et beskyttet omr\u00e5de med v\u00e5domr\u00e5der, ideelt til naturaktiviteter og fuglekikkeri.<\/p>\n<p>Vilamoura er et veludstyret feriested med alle mulige sportsaktiviteter, fra ber\u00f8mte golfbaner til udend\u00f8rs tennisbaner.<\/p>\n<p>En halv times k\u00f8rsel f\u00f8rer dig til Faro, hovedstaden i Algarve, hvor du finder en lille, men smuk gammel by med storkeheste p\u00e5 de spidsede tage. Fra katedralens t\u00e5rn f\u00e5r du en fantastisk udsigt over byen og Ria Formosa.<\/p>\n<p>Omkring samme tid kommer du til Loul\u00e9, i bjergene, for et helt andet perspektiv p\u00e5 Algarve. Bes\u00f8g slottet fra det 13. \u00e5rhundrede og det livlige landm\u00e6ndsmarked.<\/p>\n<p>Uanset hvilken tid p\u00e5 \u00e5ret du valgte at bes\u00f8ge Vilamoura, finder du en behagelig og interessant oplevelse med strande i verdensklasse og masser af sjov!<\/p>","protected":false},"excerpt":{"rendered":"<p>Vilamoura er en glamour\u00f8s badeby bygget fra bunden med en ting i tankerne: helligdage!<\/p>\n<p>Livet i Vilamoura drejer rundt om den eksklusive marina, foret med elegante lystb\u00e5de, og selvf\u00f8lgelig strandene, hvor du vil blive fork\u00e6let med flere fritids- og afslapningsfaciliteter, du kan bede om!<\/p>\n<p>I n\u00e6rheden er der kulturelle, historiske og naturlige attraktioner at opleve.<\/p>","protected":false},"featured_media":5157,"comment_status":"closed","ping_status":"closed","template":"","meta":{"_acf_changed":false,"inline_featured_image":false},"product_brand":[],"product_cat":[330,329],"product_tag":[311,407,204,606,508,815,260,607,57,631,905,622,609,610,611,623,613,894,310,571],"class_list":{"0":"post-5167","1":"product","2":"type-product","3":"status-publish","4":"has-post-thumbnail","6":"product_cat-explore-11-days-tour-portugal","7":"product_cat-holiday-packs-tours-portugal","8":"product_tag-algarve","9":"product_tag-algarve-city","10":"product_tag-cultural-heritage","11":"product_tag-gastronomy","12":"product_tag-gastronomy-and-wines","13":"product_tag-historic","14":"product_tag-history-and-heritage","15":"product_tag-holidays","16":"product_tag-lagos","17":"product_tag-night","18":"product_tag-praia-da-falesia","19":"product_tag-sandy-beach","20":"product_tag-sightseeing","21":"product_tag-spring","22":"product_tag-summer","23":"product_tag-sun-beach","24":"product_tag-sunny-days","25":"product_tag-vilamoura","26":"product_tag-wildlife","27":"product_tag-wildlife-algarve","29":"first","30":"instock","31":"virtual","32":"product-type-simple"},"acf":[],"yoast_head":"<!-- This site is optimized with the Yoast SEO Premium plugin v26.8 (Yoast SEO v27.5) - https:\/\/yoast.com\/product\/yoast-seo-premium-wordpress\/ -->\n<title>Explore Vilamoura<\/title>\n<meta name=\"description\" content=\"Life in Vilamoura spins around the upscale marina, lined with elegant yachts, and, of course, the beaches, where you\u2019ll be spoilt with more leisure and relaxation facilities you could ask for!Nearby there are cultural, historic, and natural attractions to experience.Filled with chic bars, shops, and restaurants for all tastes, the Vilamoura Marina is the core of the resort\u2019s upbeat social life.Regarding the beaches, in either direction you turn, there are huge stretches of golden sand with warm waters to choose from, offering plenty of activities, in and out of the water.\" \/>\n<meta name=\"robots\" content=\"index, follow, max-snippet:-1, max-image-preview:large, max-video-preview:-1\" \/>\n<link rel=\"canonical\" href=\"https:\/\/becooltravel.com\/da\/vare\/explore-vilamoura-11700pk\/\" \/>\n<meta property=\"og:locale\" content=\"da_DK\" \/>\n<meta property=\"og:type\" content=\"article\" \/>\n<meta property=\"og:title\" content=\"Whatever the time of the year you chose to visit Vilamoura, you\u2019ll find a pleasant and interesting experience, with world-class beaches, and plenty of fun!\" \/>\n<meta property=\"og:description\" content=\"Nearby there are cultural, historic, and natural attractions to experience.Filled with chic bars, shops, and restaurants for all tastes, the Vilamoura Marina is the core of the resort\u2019s upbeat social life.Regarding the beaches, in either direction you turn, there are huge stretches of golden sand with warm waters to choose from, offering plenty of activities, in and out of the water.All with easy access, meaning a good option for those with limited mobility, the beaches have the usual bars with sunset parties, cafes for meals and refreshments, and sun-lounges and parasols for rent.\" \/>\n<meta property=\"og:url\" content=\"https:\/\/becooltravel.com\/da\/vare\/explore-vilamoura-11700pk\/\" \/>\n<meta property=\"og:site_name\" content=\"BeCool Travel\" \/>\n<meta property=\"article:publisher\" content=\"https:\/\/www.facebook.com\/becooltravelagency\/\" \/>\n<meta property=\"article:modified_time\" content=\"2026-03-18T13:28:45+00:00\" \/>\n<meta property=\"og:image\" content=\"https:\/\/becooltravel.com\/wp-content\/uploads\/sites\/5\/2020\/06\/vilamoura_marina_boats.jpg\" \/>\n\t<meta property=\"og:image:width\" content=\"1200\" \/>\n\t<meta property=\"og:image:height\" content=\"800\" \/>\n\t<meta property=\"og:image:type\" content=\"image\/jpeg\" \/>\n<meta name=\"twitter:card\" content=\"summary_large_image\" \/>\n<meta name=\"twitter:title\" content=\"Vilamoura is a well-equipped resort with all sorts of sports activities, from famed golf courses to outdoor tennis courts.\" \/>\n<meta name=\"twitter:description\" content=\"As expected, during summer the beaches within walking distance get very busy. But you just have to walk a bit more to find a comfortable spot!You won\u2019t be disappointed to lay your towel in Quarteira, Vale do Lobo, Falesia, or another lively beach nearby, all awarded with a blue flag.In the vicinities, you have the Roman ruins of a fishing village, with murals and a bathing complex.To the north, there\u2019s a protected area of wetlands, ideal for nature activities and birdwatching.\" \/>\n<meta name=\"twitter:image\" content=\"https:\/\/i0.wp.com\/becooltravel.com\/wp-content\/uploads\/sites\/5\/2020\/06\/vilamoura_marina_boats.jpg?fit=1200%2C800&ssl=1\" \/>\n<meta name=\"twitter:site\" content=\"@becool_travel\" \/>\n<meta name=\"twitter:label1\" content=\"Estimeret l\u00e6setid\" \/>\n\t<meta name=\"twitter:data1\" content=\"3 minutter\" \/>\n<script type=\"application\/ld+json\" class=\"yoast-schema-graph\">{\"@context\":\"https:\\\/\\\/schema.org\",\"@graph\":[{\"@type\":[\"WebPage\",\"ItemPage\"],\"@id\":\"https:\\\/\\\/becooltravel.com\\\/product\\\/explore-vilamoura-11700pk\\\/\",\"url\":\"https:\\\/\\\/becooltravel.com\\\/product\\\/explore-vilamoura-11700pk\\\/\",\"name\":\"Explore Vilamoura\",\"isPartOf\":{\"@id\":\"https:\\\/\\\/becooltravel.com\\\/#website\"},\"primaryImageOfPage\":{\"@id\":\"https:\\\/\\\/becooltravel.com\\\/product\\\/explore-vilamoura-11700pk\\\/#primaryimage\"},\"image\":{\"@id\":\"https:\\\/\\\/becooltravel.com\\\/product\\\/explore-vilamoura-11700pk\\\/#primaryimage\"},\"thumbnailUrl\":\"https:\\\/\\\/i0.wp.com\\\/becooltravel.com\\\/wp-content\\\/uploads\\\/sites\\\/5\\\/2020\\\/06\\\/vilamoura_marina_boats.jpg?fit=1200%2C800&ssl=1\",\"datePublished\":\"2020-06-12T14:18:42+00:00\",\"dateModified\":\"2026-03-18T13:28:45+00:00\",\"description\":\"Life in Vilamoura spins around the upscale marina, lined with elegant yachts, and, of course, the beaches, where you\u2019ll be spoilt with more leisure and relaxation facilities you could ask for!Nearby there are cultural, historic, and natural attractions to experience.Filled with chic bars, shops, and restaurants for all tastes, the Vilamoura Marina is the core of the resort\u2019s upbeat social life.Regarding the beaches, in either direction you turn, there are huge stretches of golden sand with warm waters to choose from, offering plenty of activities, in and out of the water.\",\"breadcrumb\":{\"@id\":\"https:\\\/\\\/becooltravel.com\\\/product\\\/explore-vilamoura-11700pk\\\/#breadcrumb\"},\"inLanguage\":\"da-DK\",\"potentialAction\":[{\"@type\":\"ReadAction\",\"target\":[\"https:\\\/\\\/becooltravel.com\\\/product\\\/explore-vilamoura-11700pk\\\/\"]}]},{\"@type\":\"ImageObject\",\"inLanguage\":\"da-DK\",\"@id\":\"https:\\\/\\\/becooltravel.com\\\/product\\\/explore-vilamoura-11700pk\\\/#primaryimage\",\"url\":\"https:\\\/\\\/i0.wp.com\\\/becooltravel.com\\\/wp-content\\\/uploads\\\/sites\\\/5\\\/2020\\\/06\\\/vilamoura_marina_boats.jpg?fit=1200%2C800&ssl=1\",\"contentUrl\":\"https:\\\/\\\/i0.wp.com\\\/becooltravel.com\\\/wp-content\\\/uploads\\\/sites\\\/5\\\/2020\\\/06\\\/vilamoura_marina_boats.jpg?fit=1200%2C800&ssl=1\",\"width\":1200,\"height\":800,\"caption\":\"Life in Vilamoura spins around the upscale marina, lined with elegant yachts,\"},{\"@type\":\"BreadcrumbList\",\"@id\":\"https:\\\/\\\/becooltravel.com\\\/product\\\/explore-vilamoura-11700pk\\\/#breadcrumb\",\"itemListElement\":[{\"@type\":\"ListItem\",\"position\":1,\"name\":\"Home\",\"item\":\"https:\\\/\\\/becooltravel.com\\\/\"},{\"@type\":\"ListItem\",\"position\":2,\"name\":\"Shop\",\"item\":\"https:\\\/\\\/becooltravel.com\\\/?page_id=5\"},{\"@type\":\"ListItem\",\"position\":3,\"name\":\"Algarve holidays . You can use\u00a0footpaths and walking\u00a0 trails\u00a0to get to know the region, such as the\u00a0Algarve Way\u00a0or the\u00a0Vicentine Route along one of the best preserved coastal stretches.\",\"item\":\"https:\\\/\\\/becooltravel.com\\\/product-tag\\\/algarve\\\/\"},{\"@type\":\"ListItem\",\"position\":4,\"name\":\"Vilamoura is a glamorous beach resort built from scratch with one thing in mind: holidays!\"}]},{\"@type\":\"WebSite\",\"@id\":\"https:\\\/\\\/becooltravel.com\\\/#website\",\"url\":\"https:\\\/\\\/becooltravel.com\\\/\",\"name\":\"BeCool Travel\",\"description\":\"Sustainable holidays in Portugal for independent travelers\",\"publisher\":{\"@id\":\"https:\\\/\\\/becooltravel.com\\\/#organization\"},\"potentialAction\":[{\"@type\":\"SearchAction\",\"target\":{\"@type\":\"EntryPoint\",\"urlTemplate\":\"https:\\\/\\\/becooltravel.com\\\/?s={search_term_string}\"},\"query-input\":{\"@type\":\"PropertyValueSpecification\",\"valueRequired\":true,\"valueName\":\"search_term_string\"}}],\"inLanguage\":\"da-DK\"},{\"@type\":\"Organization\",\"@id\":\"https:\\\/\\\/becooltravel.com\\\/#organization\",\"name\":\"BecoolTravel. com- Portugal\",\"url\":\"https:\\\/\\\/becooltravel.com\\\/\",\"logo\":{\"@type\":\"ImageObject\",\"inLanguage\":\"da-DK\",\"@id\":\"https:\\\/\\\/becooltravel.com\\\/#\\\/schema\\\/logo\\\/image\\\/\",\"url\":\"https:\\\/\\\/becooltravel.com\\\/wp-content\\\/uploads\\\/sites\\\/5\\\/2020\\\/03\\\/Logo_BeCool.jpg\",\"contentUrl\":\"https:\\\/\\\/becooltravel.com\\\/wp-content\\\/uploads\\\/sites\\\/5\\\/2020\\\/03\\\/Logo_BeCool.jpg\",\"width\":534,\"height\":534,\"caption\":\"BecoolTravel. com- Portugal\"},\"image\":{\"@id\":\"https:\\\/\\\/becooltravel.com\\\/#\\\/schema\\\/logo\\\/image\\\/\"},\"sameAs\":[\"https:\\\/\\\/www.facebook.com\\\/becooltravelagency\\\/\",\"https:\\\/\\\/x.com\\\/becool_travel\",\"https:\\\/\\\/www.instagram.com\\\/becooltravel_com\\\/\",\"https:\\\/\\\/www.linkedin.com\\\/company\\\/becool-travel\\\/\",\"https:\\\/\\\/www.youtube.com\\\/channel\\\/UCE7zRU3EVG1PgfXwQo-5uJw\"]}]}<\/script>\n<!-- \/ Yoast SEO Premium plugin. -->","yoast_head_json":{"title":"Udforsk Vilamoura","description":"Livet i Vilamoura drejer rundt om den eksklusive marina, foret med elegante lystb\u00e5de, og selvf\u00f8lgelig strandene, hvor du vil blive fork\u00e6let med flere fritids- og afslapningsfaciliteter, du kan bede om! I n\u00e6rheden er der kulturelle, historiske og naturlige attraktioner at oplevelse. Vilamoura Marina er fyldt med smarte barer, butikker og restauranter for enhver smag, og er kernen i feriestedets optimistiske sociale liv. Med hensyn til strandene, i begge retninger, du drejer, er der enorme str\u00e6kninger med gyldent sand med varmt vand at v\u00e6lge fra, der tilbyder masser af aktiviteter, ind og ud af vandet.","robots":{"index":"index","follow":"follow","max-snippet":"max-snippet:-1","max-image-preview":"max-image-preview:large","max-video-preview":"max-video-preview:-1"},"canonical":"https:\/\/becooltravel.com\/da\/vare\/explore-vilamoura-11700pk\/","og_locale":"da_DK","og_type":"article","og_title":"Whatever the time of the year you chose to visit Vilamoura, you\u2019ll find a pleasant and interesting experience, with world-class beaches, and plenty of fun!","og_description":"Nearby there are cultural, historic, and natural attractions to experience.Filled with chic bars, shops, and restaurants for all tastes, the Vilamoura Marina is the core of the resort\u2019s upbeat social life.Regarding the beaches, in either direction you turn, there are huge stretches of golden sand with warm waters to choose from, offering plenty of activities, in and out of the water.All with easy access, meaning a good option for those with limited mobility, the beaches have the usual bars with sunset parties, cafes for meals and refreshments, and sun-lounges and parasols for rent.","og_url":"https:\/\/becooltravel.com\/da\/vare\/explore-vilamoura-11700pk\/","og_site_name":"BeCool Travel","article_publisher":"https:\/\/www.facebook.com\/becooltravelagency\/","article_modified_time":"2026-03-18T13:28:45+00:00","og_image":[{"width":1200,"height":800,"url":"https:\/\/becooltravel.com\/wp-content\/uploads\/sites\/5\/2020\/06\/vilamoura_marina_boats.jpg","type":"image\/jpeg"}],"twitter_card":"summary_large_image","twitter_title":"Vilamoura is a well-equipped resort with all sorts of sports activities, from famed golf courses to outdoor tennis courts.","twitter_description":"As expected, during summer the beaches within walking distance get very busy. But you just have to walk a bit more to find a comfortable spot!You won\u2019t be disappointed to lay your towel in Quarteira, Vale do Lobo, Falesia, or another lively beach nearby, all awarded with a blue flag.In the vicinities, you have the Roman ruins of a fishing village, with murals and a bathing complex.To the north, there\u2019s a protected area of wetlands, ideal for nature activities and birdwatching.","twitter_image":"https:\/\/i0.wp.com\/becooltravel.com\/wp-content\/uploads\/sites\/5\/2020\/06\/vilamoura_marina_boats.jpg?fit=1200%2C800&ssl=1","twitter_site":"@becool_travel","twitter_misc":{"Estimeret l\u00e6setid":"3 minutter"},"schema":{"@context":"https:\/\/schema.org","@graph":[{"@type":["WebPage","ItemPage"],"@id":"https:\/\/becooltravel.com\/product\/explore-vilamoura-11700pk\/","url":"https:\/\/becooltravel.com\/product\/explore-vilamoura-11700pk\/","name":"Udforsk Vilamoura","isPartOf":{"@id":"https:\/\/becooltravel.com\/#website"},"primaryImageOfPage":{"@id":"https:\/\/becooltravel.com\/product\/explore-vilamoura-11700pk\/#primaryimage"},"image":{"@id":"https:\/\/becooltravel.com\/product\/explore-vilamoura-11700pk\/#primaryimage"},"thumbnailUrl":"https:\/\/i0.wp.com\/becooltravel.com\/wp-content\/uploads\/sites\/5\/2020\/06\/vilamoura_marina_boats.jpg?fit=1200%2C800&ssl=1","datePublished":"2020-06-12T14:18:42+00:00","dateModified":"2026-03-18T13:28:45+00:00","description":"Livet i Vilamoura drejer rundt om den eksklusive marina, foret med elegante lystb\u00e5de, og selvf\u00f8lgelig strandene, hvor du vil blive fork\u00e6let med flere fritids- og afslapningsfaciliteter, du kan bede om! I n\u00e6rheden er der kulturelle, historiske og naturlige attraktioner at oplevelse. Vilamoura Marina er fyldt med smarte barer, butikker og restauranter for enhver smag, og er kernen i feriestedets optimistiske sociale liv. Med hensyn til strandene, i begge retninger, du drejer, er der enorme str\u00e6kninger med gyldent sand med varmt vand at v\u00e6lge fra, der tilbyder masser af aktiviteter, ind og ud af vandet.","breadcrumb":{"@id":"https:\/\/becooltravel.com\/product\/explore-vilamoura-11700pk\/#breadcrumb"},"inLanguage":"da-DK","potentialAction":[{"@type":"ReadAction","target":["https:\/\/becooltravel.com\/product\/explore-vilamoura-11700pk\/"]}]},{"@type":"ImageObject","inLanguage":"da-DK","@id":"https:\/\/becooltravel.com\/product\/explore-vilamoura-11700pk\/#primaryimage","url":"https:\/\/i0.wp.com\/becooltravel.com\/wp-content\/uploads\/sites\/5\/2020\/06\/vilamoura_marina_boats.jpg?fit=1200%2C800&ssl=1","contentUrl":"https:\/\/i0.wp.com\/becooltravel.com\/wp-content\/uploads\/sites\/5\/2020\/06\/vilamoura_marina_boats.jpg?fit=1200%2C800&ssl=1","width":1200,"height":800,"caption":"Life in Vilamoura spins around the upscale marina, lined with elegant yachts,"},{"@type":"BreadcrumbList","@id":"https:\/\/becooltravel.com\/product\/explore-vilamoura-11700pk\/#breadcrumb","itemListElement":[{"@type":"ListItem","position":1,"name":"Home","item":"https:\/\/becooltravel.com\/"},{"@type":"ListItem","position":2,"name":"Shop","item":"https:\/\/becooltravel.com\/?page_id=5"},{"@type":"ListItem","position":3,"name":"Algarve holidays . You can use\u00a0footpaths and walking\u00a0 trails\u00a0to get to know the region, such as the\u00a0Algarve Way\u00a0or the\u00a0Vicentine Route along one of the best preserved coastal stretches.","item":"https:\/\/becooltravel.com\/product-tag\/algarve\/"},{"@type":"ListItem","position":4,"name":"Vilamoura is a glamorous beach resort built from scratch with one thing in mind: holidays!"}]},{"@type":"WebSite","@id":"https:\/\/becooltravel.com\/#website","url":"https:\/\/becooltravel.com\/","name":"BeCool rejse","description":"B\u00e6redygtig ferie i Portugal for uafh\u00e6ngige rejsende","publisher":{"@id":"https:\/\/becooltravel.com\/#organization"},"potentialAction":[{"@type":"SearchAction","target":{"@type":"EntryPoint","urlTemplate":"https:\/\/becooltravel.com\/?s={search_term_string}"},"query-input":{"@type":"PropertyValueSpecification","valueRequired":true,"valueName":"search_term_string"}}],"inLanguage":"da-DK"},{"@type":"Organization","@id":"https:\/\/becooltravel.com\/#organization","name":"BecoolTravel. com- Portugal","url":"https:\/\/becooltravel.com\/","logo":{"@type":"ImageObject","inLanguage":"da-DK","@id":"https:\/\/becooltravel.com\/#\/schema\/logo\/image\/","url":"https:\/\/becooltravel.com\/wp-content\/uploads\/sites\/5\/2020\/03\/Logo_BeCool.jpg","contentUrl":"https:\/\/becooltravel.com\/wp-content\/uploads\/sites\/5\/2020\/03\/Logo_BeCool.jpg","width":534,"height":534,"caption":"BecoolTravel. com- Portugal"},"image":{"@id":"https:\/\/becooltravel.com\/#\/schema\/logo\/image\/"},"sameAs":["https:\/\/www.facebook.com\/becooltravelagency\/","https:\/\/x.com\/becool_travel","https:\/\/www.instagram.com\/becooltravel_com\/","https:\/\/www.linkedin.com\/company\/becool-travel\/","https:\/\/www.youtube.com\/channel\/UCE7zRU3EVG1PgfXwQo-5uJw"]}]}},"jetpack_sharing_enabled":true,"_links":{"self":[{"href":"https:\/\/becooltravel.com\/da\/wp-json\/wp\/v2\/product\/5167","targetHints":{"allow":["GET"]}}],"collection":[{"href":"https:\/\/becooltravel.com\/da\/wp-json\/wp\/v2\/product"}],"about":[{"href":"https:\/\/becooltravel.com\/da\/wp-json\/wp\/v2\/types\/product"}],"replies":[{"embeddable":true,"href":"https:\/\/becooltravel.com\/da\/wp-json\/wp\/v2\/comments?post=5167"}],"wp:featuredmedia":[{"embeddable":true,"href":"https:\/\/becooltravel.com\/da\/wp-json\/wp\/v2\/media\/5157"}],"wp:attachment":[{"href":"https:\/\/becooltravel.com\/da\/wp-json\/wp\/v2\/media?parent=5167"}],"wp:term":[{"taxonomy":"product_brand","embeddable":true,"href":"https:\/\/becooltravel.com\/da\/wp-json\/wp\/v2\/product_brand?post=5167"},{"taxonomy":"product_cat","embeddable":true,"href":"https:\/\/becooltravel.com\/da\/wp-json\/wp\/v2\/product_cat?post=5167"},{"taxonomy":"product_tag","embeddable":true,"href":"https:\/\/becooltravel.com\/da\/wp-json\/wp\/v2\/product_tag?post=5167"}],"curies":[{"name":"wp","href":"https:\/\/api.w.org\/{rel}","templated":true}]}}