{"id":5178,"date":"2020-06-15T10:06:10","date_gmt":"2020-06-15T10:06:10","guid":{"rendered":"https:\/\/becooltravel.com\/product\/birding-in-coastal-west-algarve-3400s\/"},"modified":"2026-03-18T12:25:23","modified_gmt":"2026-03-18T12:25:23","slug":"birding-in-coastal-west-algarve-3400s","status":"publish","type":"product","link":"https:\/\/becooltravel.com\/da\/vare\/fugle-i-kyst-vest-algarve-3400-tallet\/","title":{"rendered":"Fugleferie i Coastal West Algarve"},"content":{"rendered":"<p>Selvom Algarve er ber\u00f8mt for at v\u00e6re en badeby med et vidunderligt klima \u00e5ret rundt, er Algarve ogs\u00e5 et tilflugtssted og et paradis for fugleliv.<\/p>\n<p>Den vestlige Algarve har meget forskellige levesteder - fra klipper til kystn\u00e6re v\u00e5domr\u00e5der og fra sm\u00e5 skovpletter til kratd\u00e6kkede bakker. P\u00e5 n\u00e6sten ethvert tidspunkt af \u00e5ret er der noget af interesse at se!<\/p>\n<p>I denne personlige k\u00f8r-selv fugletur pr\u00e6senterer vi en samling af rejseplaner til fuglehotspots, der sigter mod at hj\u00e6lpe dig med at f\u00e5 de bedste muligheder for fuglekiggeri! I Vilamoura vil du v\u00e6re indstillet p\u00e5 at udforske nok det mest omfattende omr\u00e5de af r\u00f8rbede og laguner i Algarve, ved Lagoa dos Salgados.<\/p>\n<div id=\"attachment_1823\" style=\"width: 1034px\" class=\"wp-caption alignnone\"><img data-recalc-dims=\"1\" decoding=\"async\" aria-describedby=\"caption-attachment-1823\" class=\"wp-image-1823 size-large\" src=\"https:\/\/i0.wp.com\/legendatours.net\/wp-content\/uploads\/2020\/03\/Spoonbills-1024x683.jpg?resize=1024%2C683&#038;ssl=1\" alt=\"Spoonbills Castro Marim\" width=\"1024\" height=\"683\" \/><p id=\"caption-attachment-1823\" class=\"wp-caption-text\"><a href=\"..\/..\/?s=Spoonbills\" target=\"_blank\" rel=\"noopener noreferrer\">Spoonbills Castro Marim<\/a>, Ved siden af floden Guadiana mellem Castro Marim og Vila Real de Santo Ant\u00f3nio, og d\u00e6kker et omr\u00e5de p\u00e5 mere end 2.000 hektar.<\/p><\/div>\n<p>Dette er et af de vigtigste steder i Algarve for migrerende spurvefugle, og ogs\u00e5 et jagtomr\u00e5de for forskellige rovfugle.<\/p>\n<p>I den fredfyldte Alvor-munding finder du et beskyttet naturligt tilflugtssted med en r\u00e6kke vandfugle, havfugle og landbrugsfugle. Turen tager dig til den smukke Rocha Delicada, et okker forbjerg dannet under mioc\u00e6n-perioden.<\/p>\n<p>I de v\u00e5de zoner af floden Arade, n\u00e6r den tidligere arabiske hovedstad i Algarve, Silves, vil du s\u00e6tte pris p\u00e5 et vigtigt \u00f8kosystem, der er repr\u00e6sentativt for middelhavslandskabet.<\/p>\n<div id=\"attachment_1761\" style=\"width: 1034px\" class=\"wp-caption alignnone\"><img data-recalc-dims=\"1\" decoding=\"async\" aria-describedby=\"caption-attachment-1761\" class=\"wp-image-1761 size-large\" title=\"Stor nakkedykker\" src=\"https:\/\/i0.wp.com\/legendatours.net\/wp-content\/uploads\/2020\/03\/Great-Crested-Grebe-1024x683.jpg?resize=1024%2C683&#038;ssl=1\" alt=\"Stor nakkedykker\" width=\"1024\" height=\"683\" \/><p id=\"caption-attachment-1761\" class=\"wp-caption-text\"><a href=\"..\/..\/?s=Great+Crested+Grebe\" target=\"_blank\" rel=\"noopener noreferrer\">Stor nakkedykker<\/a>, Toppeddykker, Podiceps cristatus, i Ria Formosa. foto Peter Dedicoat.<\/p><\/div>\n<p>Dette omr\u00e5de samler et stort antal vadefugle, s\u00e5som r\u00f8dben, gr\u00f8nben og almindelig sandpipe. Der er ogs\u00e5 et par spurvefugle, som gul vipstjert og nakkel\u00e6rke.<\/p>\n<p>Lagoa de S\u00e3o Louren\u00e7o er et andet interessant sted at spotte fugle, vi har planlagt for dig. Denne vandmasse er rig p\u00e5 akvatisk vegetation, omkranset af siv og buske, og er derfor rig p\u00e5 fugle.<\/p>\n<div id=\"attachment_2482\" style=\"width: 1034px\" class=\"wp-caption alignnone\"><img data-recalc-dims=\"1\" decoding=\"async\" aria-describedby=\"caption-attachment-2482\" class=\"wp-image-2482 size-large\" src=\"https:\/\/i0.wp.com\/legendatours.net\/wp-content\/uploads\/2020\/06\/Marsh_Harrier-1024x683.jpg?resize=1024%2C683&#038;ssl=1\" alt=\"Marsh Harrier, foto Peter Dedicoat\" width=\"1024\" height=\"683\" \/><p id=\"caption-attachment-2482\" class=\"wp-caption-text\">Marsh Harrier, foto Peter Dedicoat<\/p><\/div>\n<p>Om vinteren samles et stort antal \u00e6nder her, herunder nordskovler, krikand, almindelig pochard, eurasisk pike og tof.<\/p>\n<p>Hele \u00e5ret rundt kan du finde r\u00f8d-crested Pochard, Little Bittern, Purple Sump-h\u00f8ne, Black-headed Weaver, og Great Crested-dukker.<\/p>\n<p>I den sydlige ende af s\u00f8en ligger kanalerne, strandenge, laguner og sandede barriere\u00f8er i naturparken Ria Formosa, som afh\u00e6ngigt af tidevandet og \u00e5rstiden kan vrimle med vadefugle, m\u00e5ger, hejrer og hejrer.<\/p>\n<div id=\"attachment_1723\" style=\"width: 1034px\" class=\"wp-caption alignnone\"><img data-recalc-dims=\"1\" decoding=\"async\" aria-describedby=\"caption-attachment-1723\" class=\"wp-image-1723 size-large\" title=\"Blank Ibis\" src=\"https:\/\/i0.wp.com\/legendatours.net\/wp-content\/uploads\/2020\/03\/Glossy-Ibis-1024x683.jpg?resize=1024%2C683&#038;ssl=1\" alt=\"Blank Ibis\" width=\"1024\" height=\"683\" \/><p id=\"caption-attachment-1723\" class=\"wp-caption-text\"><a href=\"..\/..\/?s=Glossy+Ibis\" target=\"_blank\" rel=\"noopener noreferrer\">Blank Ibis<\/a>, For omkring 15 \u00e5r siden blev der kun set enkelte Glossy Ibis i Algarve og sp\u00e6ndende feltornitologer hver gang. Siden da den st\u00e6rkt beskyttede.<\/p><\/div>\n<p>I Ludo, i de travle saltproducerende g\u00e5rde, er det muligt at se storflamingo, skestork, st\u00f8vle\u00f8rne og mange rugende hvide storke.<\/p>\n<p>Du g\u00e5r derefter til det fjerntliggende sydvestlige hj\u00f8rne af Europa, til Sagres, i naturparken Sudoeste Alentejano e Costa Vicentina.<\/p>\n<div id=\"attachment_1760\" style=\"width: 1034px\" class=\"wp-caption alignnone\"><img data-recalc-dims=\"1\" decoding=\"async\" aria-describedby=\"caption-attachment-1760\" class=\"size-full wp-image-1760\" src=\"https:\/\/i0.wp.com\/legendatours.net\/wp-content\/uploads\/2020\/03\/Eurasian-Teal-e1611676784238.jpg?resize=1024%2C683&#038;ssl=1\" alt=\"Eurasian Teal-billede Peter Dedicoat\" width=\"1024\" height=\"683\" \/><p id=\"caption-attachment-1760\" class=\"wp-caption-text\">Eurasian Teal, (Anas crecca) foto Peter Dedicoat<\/p><\/div>\n<p>Dette er et omr\u00e5de af s\u00e6rlig betydning for tr\u00e6kfugle, og det er altid tilr\u00e5deligt at holde \u00f8je med sj\u00e6ldenheder.<\/p>\n<p>Fra din centrale og privilegerede beliggenhed i Albufeira, vil du v\u00e6re i stand til at nyde en r\u00e6kke fugle-hotspots inden for forskellige habitater i denne fabelagtige fuglekiggerioplevelse!<\/p>\n<p>Denne k\u00f8r-selv fugletur t\u00e6ller med en fri dag. Du kan i ro og mag udforske andre dele af Algarve og f\u00e5 lidt mere at vide om regionens kultur, arv og naturhistorie.<\/p>\n<div class=\"row\">\n<div class=\"column\" style=\"flex: 45%;\">\n<p><iframe title=\"Castro Marim\" width=\"1080\" height=\"608\" src=\"https:\/\/www.youtube.com\/embed\/sbJjXvbNWho?list=PL_6Umd8jb1qvBUfpmdNirAfZNGPDknjjw\" frameborder=\"0\" allow=\"accelerometer; autoplay; clipboard-write; encrypted-media; gyroscope; picture-in-picture; web-share\" referrerpolicy=\"strict-origin-when-cross-origin\" allowfullscreen><\/iframe><\/p>\n<\/div>\n<div class=\"column\" style=\"flex: 10%;\"><\/div>\n<div class=\"column\" style=\"flex: 45%;\">\n<p><iframe title=\"Fugle i det sydlige Portugal\" width=\"1080\" height=\"608\" src=\"https:\/\/www.youtube.com\/embed\/q4ezd_AIbYM?feature=oembed\" frameborder=\"0\" allow=\"accelerometer; autoplay; clipboard-write; encrypted-media; gyroscope; picture-in-picture; web-share\" referrerpolicy=\"strict-origin-when-cross-origin\" allowfullscreen><\/iframe><\/p>\n<\/div>\n<\/div>","protected":false},"excerpt":{"rendered":"<p>Selvom Algarve er ber\u00f8mt for at v\u00e6re en badeby med et vidunderligt klima \u00e5ret rundt, er Algarve ogs\u00e5 et tilflugtssted og et paradis for fugleliv.<\/p>\n<p>Den vestlige Algarve har meget forskellige levesteder - fra klipper til kystn\u00e6re v\u00e5domr\u00e5der og fra sm\u00e5 skovpletter til kratd\u00e6kkede bakker. P\u00e5 n\u00e6sten ethvert tidspunkt af \u00e5ret er der noget af interesse at se!<\/p>\n<p>I denne personlige k\u00f8r-selv fugletur pr\u00e6senterer vi en samling af rejseplaner til fuglehotspots, der sigter mod at hj\u00e6lpe dig med at f\u00e5 de bedste muligheder for fuglekiggeri!<\/p>","protected":false},"featured_media":5172,"comment_status":"closed","ping_status":"closed","template":"","meta":{"_acf_changed":false,"inline_featured_image":false},"product_brand":[],"product_cat":[673,339,327],"product_tag":[311,1053,500,453,735,121,710,454,663,1284,242,711,502,503,504,712,713,505,714,607,1054,510,511,715,512,513,485,514,321,1141,515,58,516,517,716,717,465,494,1285,181,718,1055,1048,322,719,720,721,1056,722,723,1057,724,614,1058,1059,571,725,518],"class_list":{"0":"post-5178","1":"product","2":"type-product","3":"status-publish","4":"has-post-thumbnail","6":"product_cat-self-drive-holidays-portugal","7":"product_cat-portugal-self-guided-birdwatching-holidays","8":"product_cat-self-guided-tours-portugal","9":"product_tag-algarve","10":"product_tag-alleine-reisen","11":"product_tag-best-birding-spots","12":"product_tag-best-of-the-algarvian-bird-life","13":"product_tag-bird-watching-holidays","14":"product_tag-bird-watching","15":"product_tag-birding","16":"product_tag-birding-algarve","17":"product_tag-birds","18":"product_tag-birdwatchers-paradise","19":"product_tag-birdwatching","20":"product_tag-black-tailed-godwits","21":"product_tag-black-winged-kite","22":"product_tag-blackheaded-weaver","23":"product_tag-booted-eagles","24":"product_tag-collared-pratincole","25":"product_tag-european-bee-eater","26":"product_tag-ferruginous-duck","27":"product_tag-fly-drive","28":"product_tag-holidays","29":"product_tag-individuelle-touren","30":"product_tag-kentish-plover","31":"product_tag-little-bittern","32":"product_tag-little-stints","33":"product_tag-little-tern","34":"product_tag-marsh-harriers","35":"product_tag-migratory-birds","36":"product_tag-nature-observation","37":"product_tag-nature-walks","38":"product_tag-observe-birds","39":"product_tag-penduline-tits","40":"product_tag-portugal","41":"product_tag-purple-heron","42":"product_tag-purple-swamp-hen","43":"product_tag-ramsar","44":"product_tag-red-crested-pochard","45":"product_tag-red-necked-nightjar","46":"product_tag-ria-formosa","47":"product_tag-ria-formosa-birdwatching","48":"product_tag-ria-formosa-natural-park","49":"product_tag-ringed-plovers","50":"product_tag-sejour-en-liberte","51":"product_tag-self-guide-tour","52":"product_tag-self-guided","53":"product_tag-self-guided-birdwatching","54":"product_tag-self-guided-holidays","55":"product_tag-self-guided-tours","56":"product_tag-solo-reisen","57":"product_tag-southern-grey-shrikes","58":"product_tag-sunny-winters","59":"product_tag-tours-autoguidees","60":"product_tag-tours-in-portugal","61":"product_tag-vacations","62":"product_tag-voyage-en-liberte","63":"product_tag-voyages-en-autonomie","64":"product_tag-wildlife-algarve","65":"product_tag-wintering-birds","66":"product_tag-woodchat","68":"first","69":"instock","70":"virtual","71":"product-type-simple"},"acf":[],"yoast_head":"<!-- This site is optimized with the Yoast SEO Premium plugin v26.8 (Yoast SEO v27.5) - https:\/\/yoast.com\/product\/yoast-seo-premium-wordpress\/ -->\n<title>Birding Holiday in Coastal West Algarve<\/title>\n<meta name=\"description\" content=\"An enjoyable Birdwatching Tour, no matter your level of birding ability and expertise. Focus on the Ria Formosa Park and in the Castro Marim Nature Reserve.\" \/>\n<meta name=\"robots\" content=\"index, follow, max-snippet:-1, max-image-preview:large, max-video-preview:-1\" \/>\n<link rel=\"canonical\" href=\"https:\/\/becooltravel.com\/da\/vare\/fugle-i-kyst-vest-algarve-3400-tallet\/\" \/>\n<meta property=\"og:locale\" content=\"da_DK\" \/>\n<meta property=\"og:type\" content=\"article\" \/>\n<meta property=\"og:title\" content=\"Personalized self-drive birding tour, a collection of itineraries to birding hotspots, aiming at helping you to get the best birding opportunities!\" \/>\n<meta property=\"og:description\" content=\"Although famous for being a beach resort with a wonderful year-round climate, the Algarve is also a refuge and a haven for birdlife.The West Algarve has very diverse habitats \u2013 from cliffs to coastal wetlands and from small forest patches to scrub-covered hills. At almost any time of the year, there is something of interest to see!\" \/>\n<meta property=\"og:url\" content=\"https:\/\/becooltravel.com\/da\/vare\/fugle-i-kyst-vest-algarve-3400-tallet\/\" \/>\n<meta property=\"og:site_name\" content=\"BeCool Travel\" \/>\n<meta property=\"article:publisher\" content=\"https:\/\/www.facebook.com\/becooltravelagency\/\" \/>\n<meta property=\"article:modified_time\" content=\"2026-03-18T12:25:23+00:00\" \/>\n<meta property=\"og:image\" content=\"https:\/\/becooltravel.com\/wp-content\/uploads\/sites\/5\/2020\/06\/LittleBustard.jpg\" \/>\n\t<meta property=\"og:image:width\" content=\"1200\" \/>\n\t<meta property=\"og:image:height\" content=\"800\" \/>\n\t<meta property=\"og:image:type\" content=\"image\/jpeg\" \/>\n<meta name=\"twitter:card\" content=\"summary_large_image\" \/>\n<meta name=\"twitter:title\" content=\"Spectacular birding and nature observation in hotspots identified by professional local birders\" \/>\n<meta name=\"twitter:description\" content=\"Excursions to Lagoa dos Salgados, Alvor Estuary, Arade River, Lagoa de S. Louren\u00e7o, Ria Formosa Natural Park, Sagres, and Vicentina CoastAbundance of species to observe, depending on the season: migrating passerines, especially warblers and hirundines, various raptors, including Black-winged Kite, Marsh Harrier, and Booted Eagle, gulls, herons, egrets, waders, such as Redshank, Greenshank, and Common Sandpiper, passerines, like Yellow Wagtail and Crested Lark, ducks like Northern Shoveler, and Red-crested Pochard, the endangered Red-Billed Chough and Purple Swamp-hen, the lovely Greater Flamingo, Eurasian Spoonbill, Little Bustard, Great Cormorant, and many nesting White Storks.\" \/>\n<meta name=\"twitter:image\" content=\"https:\/\/i0.wp.com\/becooltravel.com\/wp-content\/uploads\/sites\/5\/2020\/06\/LittleBustard.jpg?fit=1200%2C800&ssl=1\" \/>\n<meta name=\"twitter:site\" content=\"@becool_travel\" \/>\n<meta name=\"twitter:label1\" content=\"Estimeret l\u00e6setid\" \/>\n\t<meta name=\"twitter:data1\" content=\"4 minutter\" \/>\n<script type=\"application\/ld+json\" class=\"yoast-schema-graph\">{\"@context\":\"https:\\\/\\\/schema.org\",\"@graph\":[{\"@type\":\"WebPage\",\"@id\":\"https:\\\/\\\/becooltravel.com\\\/product\\\/birding-in-coastal-west-algarve-3400s\\\/\",\"url\":\"https:\\\/\\\/becooltravel.com\\\/product\\\/birding-in-coastal-west-algarve-3400s\\\/\",\"name\":\"Birding Holiday in Coastal West Algarve\",\"isPartOf\":{\"@id\":\"https:\\\/\\\/becooltravel.com\\\/#website\"},\"primaryImageOfPage\":{\"@id\":\"https:\\\/\\\/becooltravel.com\\\/product\\\/birding-in-coastal-west-algarve-3400s\\\/#primaryimage\"},\"image\":{\"@id\":\"https:\\\/\\\/becooltravel.com\\\/product\\\/birding-in-coastal-west-algarve-3400s\\\/#primaryimage\"},\"thumbnailUrl\":\"https:\\\/\\\/i0.wp.com\\\/becooltravel.com\\\/wp-content\\\/uploads\\\/sites\\\/5\\\/2020\\\/06\\\/LittleBustard.jpg?fit=1200%2C800&ssl=1\",\"datePublished\":\"2020-06-15T10:06:10+00:00\",\"dateModified\":\"2026-03-18T12:25:23+00:00\",\"description\":\"An enjoyable Birdwatching Tour, no matter your level of birding ability and expertise. Focus on the Ria Formosa Park and in the Castro Marim Nature Reserve.\",\"breadcrumb\":{\"@id\":\"https:\\\/\\\/becooltravel.com\\\/product\\\/birding-in-coastal-west-algarve-3400s\\\/#breadcrumb\"},\"inLanguage\":\"da-DK\",\"potentialAction\":[{\"@type\":\"ReadAction\",\"target\":[\"https:\\\/\\\/becooltravel.com\\\/product\\\/birding-in-coastal-west-algarve-3400s\\\/\"]}]},{\"@type\":\"ImageObject\",\"inLanguage\":\"da-DK\",\"@id\":\"https:\\\/\\\/becooltravel.com\\\/product\\\/birding-in-coastal-west-algarve-3400s\\\/#primaryimage\",\"url\":\"https:\\\/\\\/i0.wp.com\\\/becooltravel.com\\\/wp-content\\\/uploads\\\/sites\\\/5\\\/2020\\\/06\\\/LittleBustard.jpg?fit=1200%2C800&ssl=1\",\"contentUrl\":\"https:\\\/\\\/i0.wp.com\\\/becooltravel.com\\\/wp-content\\\/uploads\\\/sites\\\/5\\\/2020\\\/06\\\/LittleBustard.jpg?fit=1200%2C800&ssl=1\",\"width\":1200,\"height\":800,\"caption\":\"Little Bustard, photo Peter Dedicoat\"},{\"@type\":\"BreadcrumbList\",\"@id\":\"https:\\\/\\\/becooltravel.com\\\/product\\\/birding-in-coastal-west-algarve-3400s\\\/#breadcrumb\",\"itemListElement\":[{\"@type\":\"ListItem\",\"position\":1,\"name\":\"Home\",\"item\":\"https:\\\/\\\/becooltravel.com\\\/\"},{\"@type\":\"ListItem\",\"position\":2,\"name\":\"Shop\",\"item\":\"https:\\\/\\\/becooltravel.com\\\/?page_id=5\"},{\"@type\":\"ListItem\",\"position\":3,\"name\":\"Algarve holidays . You can use\u00a0footpaths and walking\u00a0 trails\u00a0to get to know the region, such as the\u00a0Algarve Way\u00a0or the\u00a0Vicentine Route along one of the best preserved coastal stretches.\",\"item\":\"https:\\\/\\\/becooltravel.com\\\/product-tag\\\/algarve\\\/\"},{\"@type\":\"ListItem\",\"position\":4,\"name\":\"Birdwatching and Wildlife Tour in the Ria Formosa is a Self-Guided Tour with Car designed by keen local birders. Rightly famed for its golden beaches, golf courses, and wonderful year-round climate, the Algarve is also a secret destination for great birding. At almost any time of the year, there is something of interest to see!\"}]},{\"@type\":\"WebSite\",\"@id\":\"https:\\\/\\\/becooltravel.com\\\/#website\",\"url\":\"https:\\\/\\\/becooltravel.com\\\/\",\"name\":\"BeCool Travel\",\"description\":\"Sustainable holidays in Portugal for independent travelers\",\"publisher\":{\"@id\":\"https:\\\/\\\/becooltravel.com\\\/#organization\"},\"potentialAction\":[{\"@type\":\"SearchAction\",\"target\":{\"@type\":\"EntryPoint\",\"urlTemplate\":\"https:\\\/\\\/becooltravel.com\\\/?s={search_term_string}\"},\"query-input\":{\"@type\":\"PropertyValueSpecification\",\"valueRequired\":true,\"valueName\":\"search_term_string\"}}],\"inLanguage\":\"da-DK\"},{\"@type\":\"Organization\",\"@id\":\"https:\\\/\\\/becooltravel.com\\\/#organization\",\"name\":\"BecoolTravel. com- Portugal\",\"url\":\"https:\\\/\\\/becooltravel.com\\\/\",\"logo\":{\"@type\":\"ImageObject\",\"inLanguage\":\"da-DK\",\"@id\":\"https:\\\/\\\/becooltravel.com\\\/#\\\/schema\\\/logo\\\/image\\\/\",\"url\":\"https:\\\/\\\/becooltravel.com\\\/wp-content\\\/uploads\\\/sites\\\/5\\\/2020\\\/03\\\/Logo_BeCool.jpg\",\"contentUrl\":\"https:\\\/\\\/becooltravel.com\\\/wp-content\\\/uploads\\\/sites\\\/5\\\/2020\\\/03\\\/Logo_BeCool.jpg\",\"width\":534,\"height\":534,\"caption\":\"BecoolTravel. com- Portugal\"},\"image\":{\"@id\":\"https:\\\/\\\/becooltravel.com\\\/#\\\/schema\\\/logo\\\/image\\\/\"},\"sameAs\":[\"https:\\\/\\\/www.facebook.com\\\/becooltravelagency\\\/\",\"https:\\\/\\\/x.com\\\/becool_travel\",\"https:\\\/\\\/www.instagram.com\\\/becooltravel_com\\\/\",\"https:\\\/\\\/www.linkedin.com\\\/company\\\/becool-travel\\\/\",\"https:\\\/\\\/www.youtube.com\\\/channel\\\/UCE7zRU3EVG1PgfXwQo-5uJw\"]}]}<\/script>\n<!-- \/ Yoast SEO Premium plugin. -->","yoast_head_json":{"title":"Fugleferie i Coastal West Algarve","description":"En forn\u00f8jelig Fuglekigningstur, uanset dit niveau af fuglef\u00e6rdigheder og ekspertise. Fokus p\u00e5 Ria Formosa Park og i Castro Marim Naturreservat.","robots":{"index":"index","follow":"follow","max-snippet":"max-snippet:-1","max-image-preview":"max-image-preview:large","max-video-preview":"max-video-preview:-1"},"canonical":"https:\/\/becooltravel.com\/da\/vare\/fugle-i-kyst-vest-algarve-3400-tallet\/","og_locale":"da_DK","og_type":"article","og_title":"Personalized self-drive birding tour, a collection of itineraries to birding hotspots, aiming at helping you to get the best birding opportunities!","og_description":"Although famous for being a beach resort with a wonderful year-round climate, the Algarve is also a refuge and a haven for birdlife.The West Algarve has very diverse habitats \u2013 from cliffs to coastal wetlands and from small forest patches to scrub-covered hills. At almost any time of the year, there is something of interest to see!","og_url":"https:\/\/becooltravel.com\/da\/vare\/fugle-i-kyst-vest-algarve-3400-tallet\/","og_site_name":"BeCool Travel","article_publisher":"https:\/\/www.facebook.com\/becooltravelagency\/","article_modified_time":"2026-03-18T12:25:23+00:00","og_image":[{"width":1200,"height":800,"url":"https:\/\/becooltravel.com\/wp-content\/uploads\/sites\/5\/2020\/06\/LittleBustard.jpg","type":"image\/jpeg"}],"twitter_card":"summary_large_image","twitter_title":"Spectacular birding and nature observation in hotspots identified by professional local birders","twitter_description":"Excursions to Lagoa dos Salgados, Alvor Estuary, Arade River, Lagoa de S. Louren\u00e7o, Ria Formosa Natural Park, Sagres, and Vicentina CoastAbundance of species to observe, depending on the season: migrating passerines, especially warblers and hirundines, various raptors, including Black-winged Kite, Marsh Harrier, and Booted Eagle, gulls, herons, egrets, waders, such as Redshank, Greenshank, and Common Sandpiper, passerines, like Yellow Wagtail and Crested Lark, ducks like Northern Shoveler, and Red-crested Pochard, the endangered Red-Billed Chough and Purple Swamp-hen, the lovely Greater Flamingo, Eurasian Spoonbill, Little Bustard, Great Cormorant, and many nesting White Storks.","twitter_image":"https:\/\/i0.wp.com\/becooltravel.com\/wp-content\/uploads\/sites\/5\/2020\/06\/LittleBustard.jpg?fit=1200%2C800&ssl=1","twitter_site":"@becool_travel","twitter_misc":{"Estimeret l\u00e6setid":"4 minutter"},"schema":{"@context":"https:\/\/schema.org","@graph":[{"@type":"WebPage","@id":"https:\/\/becooltravel.com\/product\/birding-in-coastal-west-algarve-3400s\/","url":"https:\/\/becooltravel.com\/product\/birding-in-coastal-west-algarve-3400s\/","name":"Fugleferie i Coastal West Algarve","isPartOf":{"@id":"https:\/\/becooltravel.com\/#website"},"primaryImageOfPage":{"@id":"https:\/\/becooltravel.com\/product\/birding-in-coastal-west-algarve-3400s\/#primaryimage"},"image":{"@id":"https:\/\/becooltravel.com\/product\/birding-in-coastal-west-algarve-3400s\/#primaryimage"},"thumbnailUrl":"https:\/\/i0.wp.com\/becooltravel.com\/wp-content\/uploads\/sites\/5\/2020\/06\/LittleBustard.jpg?fit=1200%2C800&ssl=1","datePublished":"2020-06-15T10:06:10+00:00","dateModified":"2026-03-18T12:25:23+00:00","description":"En forn\u00f8jelig Fuglekigningstur, uanset dit niveau af fuglef\u00e6rdigheder og ekspertise. Fokus p\u00e5 Ria Formosa Park og i Castro Marim Naturreservat.","breadcrumb":{"@id":"https:\/\/becooltravel.com\/product\/birding-in-coastal-west-algarve-3400s\/#breadcrumb"},"inLanguage":"da-DK","potentialAction":[{"@type":"ReadAction","target":["https:\/\/becooltravel.com\/product\/birding-in-coastal-west-algarve-3400s\/"]}]},{"@type":"ImageObject","inLanguage":"da-DK","@id":"https:\/\/becooltravel.com\/product\/birding-in-coastal-west-algarve-3400s\/#primaryimage","url":"https:\/\/i0.wp.com\/becooltravel.com\/wp-content\/uploads\/sites\/5\/2020\/06\/LittleBustard.jpg?fit=1200%2C800&ssl=1","contentUrl":"https:\/\/i0.wp.com\/becooltravel.com\/wp-content\/uploads\/sites\/5\/2020\/06\/LittleBustard.jpg?fit=1200%2C800&ssl=1","width":1200,"height":800,"caption":"Little Bustard, photo Peter Dedicoat"},{"@type":"BreadcrumbList","@id":"https:\/\/becooltravel.com\/product\/birding-in-coastal-west-algarve-3400s\/#breadcrumb","itemListElement":[{"@type":"ListItem","position":1,"name":"Home","item":"https:\/\/becooltravel.com\/"},{"@type":"ListItem","position":2,"name":"Shop","item":"https:\/\/becooltravel.com\/?page_id=5"},{"@type":"ListItem","position":3,"name":"Algarve holidays . You can use\u00a0footpaths and walking\u00a0 trails\u00a0to get to know the region, such as the\u00a0Algarve Way\u00a0or the\u00a0Vicentine Route along one of the best preserved coastal stretches.","item":"https:\/\/becooltravel.com\/product-tag\/algarve\/"},{"@type":"ListItem","position":4,"name":"Birdwatching and Wildlife Tour in the Ria Formosa is a Self-Guided Tour with Car designed by keen local birders. Rightly famed for its golden beaches, golf courses, and wonderful year-round climate, the Algarve is also a secret destination for great birding. At almost any time of the year, there is something of interest to see!"}]},{"@type":"WebSite","@id":"https:\/\/becooltravel.com\/#website","url":"https:\/\/becooltravel.com\/","name":"BeCool rejse","description":"B\u00e6redygtig ferie i Portugal for uafh\u00e6ngige rejsende","publisher":{"@id":"https:\/\/becooltravel.com\/#organization"},"potentialAction":[{"@type":"SearchAction","target":{"@type":"EntryPoint","urlTemplate":"https:\/\/becooltravel.com\/?s={search_term_string}"},"query-input":{"@type":"PropertyValueSpecification","valueRequired":true,"valueName":"search_term_string"}}],"inLanguage":"da-DK"},{"@type":"Organization","@id":"https:\/\/becooltravel.com\/#organization","name":"BecoolTravel. com- Portugal","url":"https:\/\/becooltravel.com\/","logo":{"@type":"ImageObject","inLanguage":"da-DK","@id":"https:\/\/becooltravel.com\/#\/schema\/logo\/image\/","url":"https:\/\/becooltravel.com\/wp-content\/uploads\/sites\/5\/2020\/03\/Logo_BeCool.jpg","contentUrl":"https:\/\/becooltravel.com\/wp-content\/uploads\/sites\/5\/2020\/03\/Logo_BeCool.jpg","width":534,"height":534,"caption":"BecoolTravel. com- Portugal"},"image":{"@id":"https:\/\/becooltravel.com\/#\/schema\/logo\/image\/"},"sameAs":["https:\/\/www.facebook.com\/becooltravelagency\/","https:\/\/x.com\/becool_travel","https:\/\/www.instagram.com\/becooltravel_com\/","https:\/\/www.linkedin.com\/company\/becool-travel\/","https:\/\/www.youtube.com\/channel\/UCE7zRU3EVG1PgfXwQo-5uJw"]}]}},"jetpack_sharing_enabled":true,"_links":{"self":[{"href":"https:\/\/becooltravel.com\/da\/wp-json\/wp\/v2\/product\/5178","targetHints":{"allow":["GET"]}}],"collection":[{"href":"https:\/\/becooltravel.com\/da\/wp-json\/wp\/v2\/product"}],"about":[{"href":"https:\/\/becooltravel.com\/da\/wp-json\/wp\/v2\/types\/product"}],"replies":[{"embeddable":true,"href":"https:\/\/becooltravel.com\/da\/wp-json\/wp\/v2\/comments?post=5178"}],"wp:featuredmedia":[{"embeddable":true,"href":"https:\/\/becooltravel.com\/da\/wp-json\/wp\/v2\/media\/5172"}],"wp:attachment":[{"href":"https:\/\/becooltravel.com\/da\/wp-json\/wp\/v2\/media?parent=5178"}],"wp:term":[{"taxonomy":"product_brand","embeddable":true,"href":"https:\/\/becooltravel.com\/da\/wp-json\/wp\/v2\/product_brand?post=5178"},{"taxonomy":"product_cat","embeddable":true,"href":"https:\/\/becooltravel.com\/da\/wp-json\/wp\/v2\/product_cat?post=5178"},{"taxonomy":"product_tag","embeddable":true,"href":"https:\/\/becooltravel.com\/da\/wp-json\/wp\/v2\/product_tag?post=5178"}],"curies":[{"name":"wp","href":"https:\/\/api.w.org\/{rel}","templated":true}]}}