{"id":5239,"date":"2020-06-18T14:34:18","date_gmt":"2020-06-18T14:34:18","guid":{"rendered":"https:\/\/becooltravel.com\/?post_type=product&#038;p=5239"},"modified":"2026-03-18T12:01:07","modified_gmt":"2026-03-18T12:01:07","slug":"lisbon-south-portugal-by-train-7100st","status":"publish","type":"product","link":"https:\/\/becooltravel.com\/da\/vare\/lissabon-syd-portugal-med-tog-7100st\/","title":{"rendered":"Lissabon og Sydportugal med tog - Uafh\u00e6ngig togferie"},"content":{"rendered":"<p>L\u00e6g din bagage p\u00e5 stativet, tag et s\u00e6de ved vinduet og lad Portugal komme til dig med denne uafh\u00e6ngige togtur fra Lissabon til Faro!<\/p>\n<p>Du bes\u00f8ger en lang r\u00e6kke natursk\u00f8nne destinationer, fra den charmerende hovedstad, Lissabon, til det fortryllede Sintra og Algarve, fra \u00f8st til vest.<\/p>\n<p>En kombination af oplevelser, b\u00e5de afslappende og sp\u00e6ndende!<\/p>\n<p>Din togtur starter i Lissabon, en by omgivet af tradition og velsignet med modernitet.<\/p>\n<div id=\"attachment_2506\" style=\"width: 1034px\" class=\"wp-caption alignnone\"><img data-recalc-dims=\"1\" decoding=\"async\" aria-describedby=\"caption-attachment-2506\" class=\"wp-image-2506 size-large\" title=\"Jeronimos Kloster Lisboa\" src=\"https:\/\/i0.wp.com\/legendatours.net\/wp-content\/uploads\/2020\/03\/jeronimos_monastery_lisbon-1024x640.jpg?resize=1024%2C640&#038;ssl=1\" alt=\"Jeronimos Kloster Lisboa\" width=\"1024\" height=\"640\" \/><p id=\"caption-attachment-2506\" class=\"wp-caption-text\">Jeronimos Kloster Lisboa er sammen med Belem -t\u00e5rnet den vigtigste turistattraktion i Lissabon.<\/p><\/div>\n<p>Byens syv bakker, d\u00e6kket af lag af historie og arv, er blevet en popul\u00e6r europ\u00e6isk destination for dens mangfoldighed, vintage sporvogne, brostensbelagte gader, Fado -sange, majest\u00e6tisk azulejo -prydet arkitektur og et misundelsesv\u00e6rdigt klima.<\/p>\n<p>Herfra afgang til Sintra, afgang fra den centrale Rossio station, en Neo-Manueline bygning fra slutningen af det 19. \u00e5rhundrede, p\u00e5faldende prydet. Du vil ride mod byens udkant gennem en 1,8-mile tunnel, et teknologisk vidunder, da det f\u00f8rst \u00e5bnede i 1890!<\/p>\n<p>Sintra er en natursk\u00f8n pragt, et rige af romantik, hvor majest\u00e6tiske eventyrlignende paladser, et storsl\u00e5et slot, kongelige godser og charmerende r\u00f8de flisehuse st\u00e5r midt i et landskab af frodige, semi-tropiske skove og bakketoppe.<\/p>\n<div id=\"attachment_2546\" style=\"width: 1034px\" class=\"wp-caption alignnone\"><img data-recalc-dims=\"1\" decoding=\"async\" aria-describedby=\"caption-attachment-2546\" class=\"wp-image-2546 size-large\" title=\"Sintra eventyrlandskab\" src=\"https:\/\/i0.wp.com\/legendatours.net\/wp-content\/uploads\/2020\/06\/sintra-1024x683.jpg?resize=1024%2C683&#038;ssl=1\" alt=\"Sintra eventyrlandskab\" width=\"1024\" height=\"683\" \/><p id=\"caption-attachment-2546\" class=\"wp-caption-text\">Sintra eventyrlandskab. Fantastisk Pena Palace i Sintra kun 30 minutter fra Lisboa. Betragtes som Europas bedste slot.<\/p><\/div>\n<p>Din rejse til det sydlige Portugal starter p\u00e5 den moderne Oriente togstation, designet af den spanske arkitekt Santiago Calatrava til Expo&#039;98 verdensmesse.<\/p>\n<p>Langs den tre timer lange rejse til Faro, hovedstaden i Algarve, vil du passere gennem de gr\u00f8nne-gule marker i Alentejo med en markant landskabs\u00e6ndring.<\/p>\n<p>Algarve er et verdenskendt sommerferiem\u00e5l med strande, der er fyldt med turister i h\u00f8js\u00e6sonen. Faro er imidlertid en stille by, der huser en enorm maurisk arv, der dv\u00e6ler i nogle af de mest hemmelighedsfulde hj\u00f8rner af byen.<\/p>\n<p>Du ankommer til en station ud mod den dejlige Ria Formosa, n\u00e6r den gamle bydel og den smukke lystb\u00e5dehavn.<\/p>\n<p>Dette vil v\u00e6re din base for at udforske begge ender af regionen med meget forskellige sev\u00e6rdigheder.<\/p>\n<p>Vila Real de Santo Ant\u00f3nio, i den \u00f8stlige Algarve, er en historisk vigtig by. Det blev bygget som en kopi af det centrale Lissabons gadeplan efter det \u00f8del\u00e6ggende jordsk\u00e6lv i 1755.<\/p>\n<div id=\"attachment_2511\" style=\"width: 1034px\" class=\"wp-caption alignnone\"><img data-recalc-dims=\"1\" decoding=\"async\" aria-describedby=\"caption-attachment-2511\" class=\"wp-image-2511 size-large\" title=\"Lissabon, monument til opdagelserne\" src=\"https:\/\/i0.wp.com\/legendatours.net\/wp-content\/uploads\/2020\/03\/lisbon_monument_discoveries-1024x768.jpg?resize=1024%2C768&#038;ssl=1\" alt=\"Lissabon, monument til opdagelserne\" width=\"1024\" height=\"768\" \/><p id=\"caption-attachment-2511\" class=\"wp-caption-text\">Lissabon, Monument over opdagelserne, fremkalder den portugisiske overs\u00f8iske ekspansion.<\/p><\/div>\n<p>Byens centrum er i dag et shoppers paradis med traditionelle sm\u00e5 butikker og terrasser. Regionen var altid forbundet med fiskeri og er meget stolt over sin rige gastronomi med ber\u00f8mte retter lavet af tun, en l\u00e6nge etableret tradition. F\u00e6rger krydser den rolige Guadiana -flod til Ayamonte, i Spanien, p\u00e5 den modsatte bred.<\/p>\n<p>P\u00e5 vej mod den vestlige Algarve tager du toget til den kosmopolitiske by Lagos, der engang var et vartegn for de portugisiske opdagelser og tilflugtssted for pirater.<\/p>\n<p>P\u00e5 grund af sin unikke bugt og havn, lige overfor Afrika, blev Lagos et vigtigt udgangspunkt og ankomst for de skibe, der sejlede i opdagelsen af nye verdener. Herfra dr\u00f8mte Henry the Navigator om ukendte lande og enorm rigdom.<\/p>\n<p>I dag er Lagos en kosmopolitisk by med en afslappet atmosf\u00e6re, hvilket g\u00f8r den til en af de mest tiltalende steder i Algarve. Det er v\u00e6rd at bes\u00f8ge byens kirker, museer, slottet og v\u00e6ggene.<\/p>\n<p>Denne jernbaneferie giver det bedste fra begge verdener - du kan rejse uafh\u00e6ngigt, mens du l\u00e6ner dig tilbage og nyder udsigten!<\/p>\n<div class=\"row\" style=\"display: flex;\">\n<div class=\"column\" style=\"flex: 45%;\">\n<p><iframe title=\"Kan ikke springe inspiration over\" width=\"1080\" height=\"608\" src=\"https:\/\/www.youtube.com\/embed\/Vbo9a9D2dlk?feature=oembed\" frameborder=\"0\" allow=\"accelerometer; autoplay; clipboard-write; encrypted-media; gyroscope; picture-in-picture; web-share\" referrerpolicy=\"strict-origin-when-cross-origin\" allowfullscreen><\/iframe><\/p>\n<\/div>\n<div class=\"column\" style=\"flex: 10%;\"><\/div>\n<div class=\"column\" style=\"flex: 45%;\">\n<p><iframe title=\"En smag af Portugal | Et land med beskyttede omr\u00e5der\" width=\"1080\" height=\"608\" src=\"https:\/\/www.youtube.com\/embed\/tKP9MFoLfTw?feature=oembed\" frameborder=\"0\" allow=\"accelerometer; autoplay; clipboard-write; encrypted-media; gyroscope; picture-in-picture; web-share\" referrerpolicy=\"strict-origin-when-cross-origin\" allowfullscreen><\/iframe><\/p>\n<\/div>\n<\/div>","protected":false},"excerpt":{"rendered":"<p>L\u00e6g din bagage p\u00e5 stativet, tag et s\u00e6de ved vinduet og lad Portugal komme til dig med denne uafh\u00e6ngige togtur fra Lissabon til Faro!<\/p>\n<p>Du bes\u00f8ger en lang r\u00e6kke natursk\u00f8nne destinationer, fra den charmerende hovedstad, Lissabon, til det fortryllede Sintra og Algarve, fra \u00f8st til vest.<\/p>\n<p>En kombination af oplevelser, b\u00e5de afslappende og sp\u00e6ndende!<\/p>","protected":false},"featured_media":5231,"comment_status":"closed","ping_status":"closed","template":"","meta":{"_acf_changed":false,"inline_featured_image":false},"product_brand":[],"product_cat":[336,327,948],"product_tag":[1053,587,1144,798,784,785,746,800,1129,1060,1054,702,919,223,802,920,1132,790,1122,921,1123,1010,1055,1048,322,856,720,909,910,934,304,791,728,912,922,1056,923,1057,924,925,926,778,1058,1059,793],"class_list":{"0":"post-5239","1":"product","2":"type-product","3":"status-publish","4":"has-post-thumbnail","6":"product_cat-self-guided-sightseeing-holidays-in-portugal","7":"product_cat-self-guided-tours-portugal","8":"product_cat-self-guided-train-holidays-portugal","9":"product_tag-alleine-reisen","10":"product_tag-amazing-walking","11":"product_tag-ancient-trails","12":"product_tag-countryside","13":"product_tag-culture","14":"product_tag-delicious-food","15":"product_tag-faro","16":"product_tag-history","17":"product_tag-holidays-in-portugal","18":"product_tag-individual-hiking","19":"product_tag-individuelle-touren","20":"product_tag-jeronimos-monastery","21":"product_tag-lisboa","22":"product_tag-lisbon","23":"product_tag-lush-green-hills","24":"product_tag-monument","25":"product_tag-perfect-holiday","26":"product_tag-picturesque-landscapes","27":"product_tag-rail-holiday","28":"product_tag-rail-holidays","29":"product_tag-rail-routes-in-portugal","30":"product_tag-railroad","31":"product_tag-sejour-en-liberte","32":"product_tag-self-guide-tour","33":"product_tag-self-guided","34":"product_tag-self-guided-holiday","35":"product_tag-self-guided-holidays","36":"product_tag-self-guided-sightseeing","37":"product_tag-self-guided-tour","38":"product_tag-self-guided-train","39":"product_tag-self-guided-walking","40":"product_tag-self-guided-walking-holidays","41":"product_tag-self-guided-walking-tour","42":"product_tag-sightseeing-lisbon","43":"product_tag-sightseeing-tour","44":"product_tag-solo-reisen","45":"product_tag-south-portugal","46":"product_tag-tours-autoguidees","47":"product_tag-train","48":"product_tag-train-holidays","49":"product_tag-train-tour","50":"product_tag-travel-train-tour-in-portugal","51":"product_tag-voyage-en-liberte","52":"product_tag-voyages-en-autonomie","53":"product_tag-wines","55":"first","56":"instock","57":"virtual","58":"product-type-simple"},"acf":[],"yoast_head":"<!-- This site is optimized with the Yoast SEO Premium plugin v26.8 (Yoast SEO v27.4) - https:\/\/yoast.com\/product\/yoast-seo-premium-wordpress\/ -->\n<title>Lisbon &amp; South Portugal by Train - Independent Rail Holidays<\/title>\n<meta name=\"description\" content=\"Put your luggage on the rack, grab a seat by the window and let Portugal come to you. Portugal by Train - Independent Rail Holidays.\" \/>\n<meta name=\"robots\" content=\"index, follow, max-snippet:-1, max-image-preview:large, max-video-preview:-1\" \/>\n<link rel=\"canonical\" href=\"https:\/\/becooltravel.com\/da\/vare\/lissabon-syd-portugal-med-tog-7100st\/\" \/>\n<meta property=\"og:locale\" content=\"da_DK\" \/>\n<meta property=\"og:type\" content=\"article\" \/>\n<meta property=\"og:title\" content=\"Portugal by Train - Independent Rail Holidays\" \/>\n<meta property=\"og:description\" content=\"Put your luggage on the rack, grab a seat by the window and let Portugal come to you with this independent rail tour from Lisbon to Faro!You\u2019ll visit a wide variety of scenic destinations, from the charming capital, Lisbon, to the enchanted Sintra, and the Algarve, from East to West.\" \/>\n<meta property=\"og:url\" content=\"https:\/\/becooltravel.com\/da\/vare\/lissabon-syd-portugal-med-tog-7100st\/\" \/>\n<meta property=\"og:site_name\" content=\"BeCool Travel\" \/>\n<meta property=\"article:publisher\" content=\"https:\/\/www.facebook.com\/becooltravelagency\/\" \/>\n<meta property=\"article:modified_time\" content=\"2026-03-18T12:01:07+00:00\" \/>\n<meta property=\"og:image\" content=\"https:\/\/becooltravel.com\/wp-content\/uploads\/sites\/5\/2020\/08\/faro_train-1.jpeg\" \/>\n\t<meta property=\"og:image:width\" content=\"1700\" \/>\n\t<meta property=\"og:image:height\" content=\"1080\" \/>\n\t<meta property=\"og:image:type\" content=\"image\/jpeg\" \/>\n<meta name=\"twitter:card\" content=\"summary_large_image\" \/>\n<meta name=\"twitter:title\" content=\"Portugal by Train - Independent Rail Holidays\" \/>\n<meta name=\"twitter:description\" content=\"Sintra is a scenic splendor, a realm of romance where majestic fairytale-like palaces, a grandiose castle, regal estates, and charming red-tiled houses stand amidst a landscape of luxuriant, semi-tropical forests and hilltops.Your journey to the south of Portugal starts on the modern Oriente train station, designed by the Spanish architect Santiago Calatrava for the Expo\u201998 world\u2019s fair.Along the three hour journey to Faro, the capital of the Algarve, you\u2019ll pass through the green-yellow fields of Alentejo with a distinctive landscape change.\" \/>\n<meta name=\"twitter:image\" content=\"https:\/\/i0.wp.com\/becooltravel.com\/wp-content\/uploads\/sites\/5\/2020\/08\/faro_train-1.jpeg?fit=1700%2C1080&ssl=1\" \/>\n<meta name=\"twitter:site\" content=\"@becool_travel\" \/>\n<meta name=\"twitter:label1\" content=\"Estimeret l\u00e6setid\" \/>\n\t<meta name=\"twitter:data1\" content=\"4 minutter\" \/>\n<script type=\"application\/ld+json\" class=\"yoast-schema-graph\">{\"@context\":\"https:\\\/\\\/schema.org\",\"@graph\":[{\"@type\":[\"WebPage\",\"ItemPage\"],\"@id\":\"https:\\\/\\\/becooltravel.com\\\/product\\\/lisbon-south-portugal-by-train-7100st\\\/\",\"url\":\"https:\\\/\\\/becooltravel.com\\\/product\\\/lisbon-south-portugal-by-train-7100st\\\/\",\"name\":\"Lisbon &amp; South Portugal by Train - Independent Rail Holidays\",\"isPartOf\":{\"@id\":\"https:\\\/\\\/becooltravel.com\\\/#website\"},\"primaryImageOfPage\":{\"@id\":\"https:\\\/\\\/becooltravel.com\\\/product\\\/lisbon-south-portugal-by-train-7100st\\\/#primaryimage\"},\"image\":{\"@id\":\"https:\\\/\\\/becooltravel.com\\\/product\\\/lisbon-south-portugal-by-train-7100st\\\/#primaryimage\"},\"thumbnailUrl\":\"https:\\\/\\\/i0.wp.com\\\/becooltravel.com\\\/wp-content\\\/uploads\\\/sites\\\/5\\\/2020\\\/06\\\/faro_train.jpeg?fit=1200%2C762&ssl=1\",\"datePublished\":\"2020-06-18T14:34:18+00:00\",\"dateModified\":\"2026-03-18T12:01:07+00:00\",\"description\":\"Put your luggage on the rack, grab a seat by the window and let Portugal come to you. Portugal by Train - Independent Rail Holidays.\",\"breadcrumb\":{\"@id\":\"https:\\\/\\\/becooltravel.com\\\/product\\\/lisbon-south-portugal-by-train-7100st\\\/#breadcrumb\"},\"inLanguage\":\"da-DK\",\"potentialAction\":[{\"@type\":\"ReadAction\",\"target\":[\"https:\\\/\\\/becooltravel.com\\\/product\\\/lisbon-south-portugal-by-train-7100st\\\/\"]}]},{\"@type\":\"ImageObject\",\"inLanguage\":\"da-DK\",\"@id\":\"https:\\\/\\\/becooltravel.com\\\/product\\\/lisbon-south-portugal-by-train-7100st\\\/#primaryimage\",\"url\":\"https:\\\/\\\/i0.wp.com\\\/becooltravel.com\\\/wp-content\\\/uploads\\\/sites\\\/5\\\/2020\\\/06\\\/faro_train.jpeg?fit=1200%2C762&ssl=1\",\"contentUrl\":\"https:\\\/\\\/i0.wp.com\\\/becooltravel.com\\\/wp-content\\\/uploads\\\/sites\\\/5\\\/2020\\\/06\\\/faro_train.jpeg?fit=1200%2C762&ssl=1\",\"width\":1200,\"height\":762,\"caption\":\"Faro train holidays\"},{\"@type\":\"BreadcrumbList\",\"@id\":\"https:\\\/\\\/becooltravel.com\\\/product\\\/lisbon-south-portugal-by-train-7100st\\\/#breadcrumb\",\"itemListElement\":[{\"@type\":\"ListItem\",\"position\":1,\"name\":\"Home\",\"item\":\"https:\\\/\\\/becooltravel.com\\\/\"},{\"@type\":\"ListItem\",\"position\":2,\"name\":\"Shop\",\"item\":\"https:\\\/\\\/becooltravel.com\\\/?page_id=5\"},{\"@type\":\"ListItem\",\"position\":3,\"name\":\"alleine reisen\",\"item\":\"https:\\\/\\\/becooltravel.com\\\/product-tag\\\/alleine-reisen\\\/\"},{\"@type\":\"ListItem\",\"position\":4,\"name\":\"Portugal by Train - Independent Rail Holidays let Portugal come to you with this independent rail tour from Lisbon to Faro!\"}]},{\"@type\":\"WebSite\",\"@id\":\"https:\\\/\\\/becooltravel.com\\\/#website\",\"url\":\"https:\\\/\\\/becooltravel.com\\\/\",\"name\":\"BeCool Travel\",\"description\":\"Sustainable holidays in Portugal for independent travelers\",\"publisher\":{\"@id\":\"https:\\\/\\\/becooltravel.com\\\/#organization\"},\"potentialAction\":[{\"@type\":\"SearchAction\",\"target\":{\"@type\":\"EntryPoint\",\"urlTemplate\":\"https:\\\/\\\/becooltravel.com\\\/?s={search_term_string}\"},\"query-input\":{\"@type\":\"PropertyValueSpecification\",\"valueRequired\":true,\"valueName\":\"search_term_string\"}}],\"inLanguage\":\"da-DK\"},{\"@type\":\"Organization\",\"@id\":\"https:\\\/\\\/becooltravel.com\\\/#organization\",\"name\":\"BecoolTravel. com- Portugal\",\"url\":\"https:\\\/\\\/becooltravel.com\\\/\",\"logo\":{\"@type\":\"ImageObject\",\"inLanguage\":\"da-DK\",\"@id\":\"https:\\\/\\\/becooltravel.com\\\/#\\\/schema\\\/logo\\\/image\\\/\",\"url\":\"https:\\\/\\\/becooltravel.com\\\/wp-content\\\/uploads\\\/sites\\\/5\\\/2020\\\/03\\\/Logo_BeCool.jpg\",\"contentUrl\":\"https:\\\/\\\/becooltravel.com\\\/wp-content\\\/uploads\\\/sites\\\/5\\\/2020\\\/03\\\/Logo_BeCool.jpg\",\"width\":534,\"height\":534,\"caption\":\"BecoolTravel. com- Portugal\"},\"image\":{\"@id\":\"https:\\\/\\\/becooltravel.com\\\/#\\\/schema\\\/logo\\\/image\\\/\"},\"sameAs\":[\"https:\\\/\\\/www.facebook.com\\\/becooltravelagency\\\/\",\"https:\\\/\\\/x.com\\\/becool_travel\",\"https:\\\/\\\/www.instagram.com\\\/becooltravel_com\\\/\",\"https:\\\/\\\/www.linkedin.com\\\/company\\\/becool-travel\\\/\",\"https:\\\/\\\/www.youtube.com\\\/channel\\\/UCE7zRU3EVG1PgfXwQo-5uJw\"]}]}<\/script>\n<!-- \/ Yoast SEO Premium plugin. -->","yoast_head_json":{"title":"Lissabon og Sydportugal med tog - Uafh\u00e6ngig togferie","description":"L\u00e6g din bagage p\u00e5 stativet, tag et s\u00e6de ved vinduet og lad Portugal komme til dig. Portugal med tog - Uafh\u00e6ngige jernbaneferier.","robots":{"index":"index","follow":"follow","max-snippet":"max-snippet:-1","max-image-preview":"max-image-preview:large","max-video-preview":"max-video-preview:-1"},"canonical":"https:\/\/becooltravel.com\/da\/vare\/lissabon-syd-portugal-med-tog-7100st\/","og_locale":"da_DK","og_type":"article","og_title":"Portugal by Train - Independent Rail Holidays","og_description":"Put your luggage on the rack, grab a seat by the window and let Portugal come to you with this independent rail tour from Lisbon to Faro!You\u2019ll visit a wide variety of scenic destinations, from the charming capital, Lisbon, to the enchanted Sintra, and the Algarve, from East to West.","og_url":"https:\/\/becooltravel.com\/da\/vare\/lissabon-syd-portugal-med-tog-7100st\/","og_site_name":"BeCool Travel","article_publisher":"https:\/\/www.facebook.com\/becooltravelagency\/","article_modified_time":"2026-03-18T12:01:07+00:00","og_image":[{"width":1700,"height":1080,"url":"https:\/\/becooltravel.com\/wp-content\/uploads\/sites\/5\/2020\/08\/faro_train-1.jpeg","type":"image\/jpeg"}],"twitter_card":"summary_large_image","twitter_title":"Portugal by Train - Independent Rail Holidays","twitter_description":"Sintra is a scenic splendor, a realm of romance where majestic fairytale-like palaces, a grandiose castle, regal estates, and charming red-tiled houses stand amidst a landscape of luxuriant, semi-tropical forests and hilltops.Your journey to the south of Portugal starts on the modern Oriente train station, designed by the Spanish architect Santiago Calatrava for the Expo\u201998 world\u2019s fair.Along the three hour journey to Faro, the capital of the Algarve, you\u2019ll pass through the green-yellow fields of Alentejo with a distinctive landscape change.","twitter_image":"https:\/\/i0.wp.com\/becooltravel.com\/wp-content\/uploads\/sites\/5\/2020\/08\/faro_train-1.jpeg?fit=1700%2C1080&ssl=1","twitter_site":"@becool_travel","twitter_misc":{"Estimeret l\u00e6setid":"4 minutter"},"schema":{"@context":"https:\/\/schema.org","@graph":[{"@type":["WebPage","ItemPage"],"@id":"https:\/\/becooltravel.com\/product\/lisbon-south-portugal-by-train-7100st\/","url":"https:\/\/becooltravel.com\/product\/lisbon-south-portugal-by-train-7100st\/","name":"Lissabon og Sydportugal med tog - Uafh\u00e6ngig togferie","isPartOf":{"@id":"https:\/\/becooltravel.com\/#website"},"primaryImageOfPage":{"@id":"https:\/\/becooltravel.com\/product\/lisbon-south-portugal-by-train-7100st\/#primaryimage"},"image":{"@id":"https:\/\/becooltravel.com\/product\/lisbon-south-portugal-by-train-7100st\/#primaryimage"},"thumbnailUrl":"https:\/\/i0.wp.com\/becooltravel.com\/wp-content\/uploads\/sites\/5\/2020\/06\/faro_train.jpeg?fit=1200%2C762&ssl=1","datePublished":"2020-06-18T14:34:18+00:00","dateModified":"2026-03-18T12:01:07+00:00","description":"L\u00e6g din bagage p\u00e5 stativet, tag et s\u00e6de ved vinduet og lad Portugal komme til dig. Portugal med tog - Uafh\u00e6ngige jernbaneferier.","breadcrumb":{"@id":"https:\/\/becooltravel.com\/product\/lisbon-south-portugal-by-train-7100st\/#breadcrumb"},"inLanguage":"da-DK","potentialAction":[{"@type":"ReadAction","target":["https:\/\/becooltravel.com\/product\/lisbon-south-portugal-by-train-7100st\/"]}]},{"@type":"ImageObject","inLanguage":"da-DK","@id":"https:\/\/becooltravel.com\/product\/lisbon-south-portugal-by-train-7100st\/#primaryimage","url":"https:\/\/i0.wp.com\/becooltravel.com\/wp-content\/uploads\/sites\/5\/2020\/06\/faro_train.jpeg?fit=1200%2C762&ssl=1","contentUrl":"https:\/\/i0.wp.com\/becooltravel.com\/wp-content\/uploads\/sites\/5\/2020\/06\/faro_train.jpeg?fit=1200%2C762&ssl=1","width":1200,"height":762,"caption":"Faro train holidays"},{"@type":"BreadcrumbList","@id":"https:\/\/becooltravel.com\/product\/lisbon-south-portugal-by-train-7100st\/#breadcrumb","itemListElement":[{"@type":"ListItem","position":1,"name":"Home","item":"https:\/\/becooltravel.com\/"},{"@type":"ListItem","position":2,"name":"Shop","item":"https:\/\/becooltravel.com\/?page_id=5"},{"@type":"ListItem","position":3,"name":"alleine reisen","item":"https:\/\/becooltravel.com\/product-tag\/alleine-reisen\/"},{"@type":"ListItem","position":4,"name":"Portugal by Train - Independent Rail Holidays let Portugal come to you with this independent rail tour from Lisbon to Faro!"}]},{"@type":"WebSite","@id":"https:\/\/becooltravel.com\/#website","url":"https:\/\/becooltravel.com\/","name":"BeCool rejse","description":"B\u00e6redygtig ferie i Portugal for uafh\u00e6ngige rejsende","publisher":{"@id":"https:\/\/becooltravel.com\/#organization"},"potentialAction":[{"@type":"SearchAction","target":{"@type":"EntryPoint","urlTemplate":"https:\/\/becooltravel.com\/?s={search_term_string}"},"query-input":{"@type":"PropertyValueSpecification","valueRequired":true,"valueName":"search_term_string"}}],"inLanguage":"da-DK"},{"@type":"Organization","@id":"https:\/\/becooltravel.com\/#organization","name":"BecoolTravel. com- Portugal","url":"https:\/\/becooltravel.com\/","logo":{"@type":"ImageObject","inLanguage":"da-DK","@id":"https:\/\/becooltravel.com\/#\/schema\/logo\/image\/","url":"https:\/\/becooltravel.com\/wp-content\/uploads\/sites\/5\/2020\/03\/Logo_BeCool.jpg","contentUrl":"https:\/\/becooltravel.com\/wp-content\/uploads\/sites\/5\/2020\/03\/Logo_BeCool.jpg","width":534,"height":534,"caption":"BecoolTravel. com- Portugal"},"image":{"@id":"https:\/\/becooltravel.com\/#\/schema\/logo\/image\/"},"sameAs":["https:\/\/www.facebook.com\/becooltravelagency\/","https:\/\/x.com\/becool_travel","https:\/\/www.instagram.com\/becooltravel_com\/","https:\/\/www.linkedin.com\/company\/becool-travel\/","https:\/\/www.youtube.com\/channel\/UCE7zRU3EVG1PgfXwQo-5uJw"]}]}},"jetpack_sharing_enabled":true,"_links":{"self":[{"href":"https:\/\/becooltravel.com\/da\/wp-json\/wp\/v2\/product\/5239","targetHints":{"allow":["GET"]}}],"collection":[{"href":"https:\/\/becooltravel.com\/da\/wp-json\/wp\/v2\/product"}],"about":[{"href":"https:\/\/becooltravel.com\/da\/wp-json\/wp\/v2\/types\/product"}],"replies":[{"embeddable":true,"href":"https:\/\/becooltravel.com\/da\/wp-json\/wp\/v2\/comments?post=5239"}],"wp:featuredmedia":[{"embeddable":true,"href":"https:\/\/becooltravel.com\/da\/wp-json\/wp\/v2\/media\/5231"}],"wp:attachment":[{"href":"https:\/\/becooltravel.com\/da\/wp-json\/wp\/v2\/media?parent=5239"}],"wp:term":[{"taxonomy":"product_brand","embeddable":true,"href":"https:\/\/becooltravel.com\/da\/wp-json\/wp\/v2\/product_brand?post=5239"},{"taxonomy":"product_cat","embeddable":true,"href":"https:\/\/becooltravel.com\/da\/wp-json\/wp\/v2\/product_cat?post=5239"},{"taxonomy":"product_tag","embeddable":true,"href":"https:\/\/becooltravel.com\/da\/wp-json\/wp\/v2\/product_tag?post=5239"}],"curies":[{"name":"wp","href":"https:\/\/api.w.org\/{rel}","templated":true}]}}