{"id":5297,"date":"2020-06-19T08:57:07","date_gmt":"2020-06-19T08:57:07","guid":{"rendered":"https:\/\/becooltravel.com\/?post_type=product&#038;p=5297"},"modified":"2022-12-20T14:09:24","modified_gmt":"2022-12-20T14:09:24","slug":"walk-around-in-central-portugal-7200st","status":"publish","type":"product","link":"https:\/\/becooltravel.com\/da\/vare\/ga-om-i-central-portugal-7200st\/","title":{"rendered":"G\u00e5 rundt i det centrale Portugal Independent Rail Holiday"},"content":{"rendered":"<p>Denne selvguidede vandretur i <a href=\"..\/..\/product-tag\/central-portugal\/\">Det centrale Portugal<\/a> er ogs\u00e5 selvst\u00e6ndig <a href=\"https:\/\/becooltravel.com\/product\/north-of-portugal-8100g\/\">togferie<\/a>!<\/p>\n<p>Du vil vandre gennem smukke landskaber n\u00e6r den antikke by Coimbra, der ligger p\u00e5 en bakke med udsigt over floden Mondego.<\/p>\n<p>Fra Aveiro, kendt for sine lyst malede typiske b\u00e5de, vil du strejfe til ut\u00e6mmede Atlanterhavsstrande og til den st\u00f8rste lagune p\u00e5 den iberiske halv\u00f8.<\/p>\n<div id=\"attachment_2575\" style=\"width: 1034px\" class=\"wp-caption alignnone\"><img data-recalc-dims=\"1\" decoding=\"async\" aria-describedby=\"caption-attachment-2575\" class=\"wp-image-2575 size-large\" title=\"Traditionelle moliceiro b\u00e5de i Aveiro\" src=\"https:\/\/i0.wp.com\/legendatours.net\/wp-content\/uploads\/2020\/06\/aveiro_moliceiros-1024x683.jpeg?resize=1024%2C683&#038;ssl=1\" alt=\"Traditionelle moliceiro b\u00e5de i Aveiro\" width=\"1024\" height=\"683\" \/><p id=\"caption-attachment-2575\" class=\"wp-caption-text\">Traditionelle moliceiro-b\u00e5de i Aveiro. En moliceiro-b\u00e5d er et traditionelt fart\u00f8j, der findes p\u00e5 Aveiro-floden, svarende til en venetiansk gondol.<\/p><\/div>\n<p>Du vil ikke kun f\u00e5 en vidunderlig vandreferie, men ogs\u00e5 en kulturel oplevelse, der holder i minde!<\/p>\n<p>Coimbra er hjemsted for <a href=\"https:\/\/becooltravel.com\/rambling-holidays\/\">Portugal<\/a>&#039;s \u00e6ldste og mest prestigefyldte universitet. Byen rejser sig natursk\u00f8nt fra Mondego, gennemsyret af historie, med romantiske brostensbelagte gyder og en monumental katedral.<\/p>\n<p>I n\u00e6rheden vil en g\u00e5tur til Bussaco National Forest afsl\u00f8re storsl\u00e5et udsigt, et eventyrpalads og et gammelt kloster. Her ligger Portugals fineste samling af nationale og importerede tr\u00e6er.<\/p>\n<p>Du kommer til det h\u00f8jeste punkt, Cruz Alta, hvor udsigten r\u00e6kker s\u00e5 langt \u00f8jnene r\u00e6kker.<\/p>\n<p>Efter floden Mondego n\u00e5r du Montemor-o-Velho, en middelalderby, der vokser midt i endel\u00f8se rismarker med rolige stier og stier.<\/p>\n<div id=\"attachment_2576\" style=\"width: 1034px\" class=\"wp-caption alignnone\"><img data-recalc-dims=\"1\" decoding=\"async\" aria-describedby=\"caption-attachment-2576\" class=\"wp-image-2576 size-large\" title=\"Aveiro togstation\" src=\"https:\/\/i0.wp.com\/legendatours.net\/wp-content\/uploads\/2020\/06\/aveiro_train_station-1024x707.jpg?resize=1024%2C707&#038;ssl=1\" alt=\"Aveiro togstation\" width=\"1024\" height=\"707\" \/><p id=\"caption-attachment-2576\" class=\"wp-caption-text\">Aveiro togstation. Aveiro-baneg\u00e5rden er udsmykket med mange &quot;azulejos&quot;-paneler fra Factory F\u00e1brica da Fonte Nova.<\/p><\/div>\n<p>Du tager derefter toget til Aveiro, der ender i en smuk flisebelagt station. Byen er ret charmerende med laguner, art deco-bygninger og de attraktive traditionelle b\u00e5de, der oprindeligt blev brugt til at transportere tang.<\/p>\n<p>Du vil have tid til at udforske byen, da vi vil bruge den som base for at n\u00e5 regionens naturreservater og strande.<\/p>\n<p>En g\u00e5tur ved vandet mod Esmoriz f\u00f8rer dig til Paramos-lagunen, en dam med brakvand blandt klitterne.<\/p>\n<p>Din vandreuge vil ende i sk\u00f8nhed ved den fantastiske Pateira de Fermentelos, den st\u00f8rste naturlige lagune p\u00e5 den iberiske halv\u00f8.<\/p>\n<p>Rig p\u00e5 dyreliv er den skinnende spejlede dam et tilflugtssted for dem, der higer efter fred.<\/p>\n<div id=\"attachment_2585\" style=\"width: 1034px\" class=\"wp-caption alignnone\"><img data-recalc-dims=\"1\" decoding=\"async\" aria-describedby=\"caption-attachment-2585\" class=\"wp-image-2585 size-large\" title=\"Paramos lagune bordwalk\" src=\"https:\/\/i0.wp.com\/legendatours.net\/wp-content\/uploads\/2020\/06\/paramos_boardwalk-1024x768.jpg?resize=1024%2C768&#038;ssl=1\" alt=\"Paramos lagune bordwalk\" width=\"1024\" height=\"768\" \/><p id=\"caption-attachment-2585\" class=\"wp-caption-text\">Paramos lagunepromenade. En del af milj\u00f8beskyttelseszonen i Paramos-lagunen<\/p><\/div>\n<p>Herfra f\u00f8lger du floden langs landskabet mod \u00c1gueda, der er ber\u00f8mt for at have en af de smukkeste gader i verden.<\/p>\n<p>Dette er en privilegeret region, n\u00e5r det kommer til naturlige attraktioner og smuk <a href=\"..\/..\/product-tag\/historic\/\">historiske byer og landsbyer<\/a>, og du vil f\u00f8le dig velkommen af de uendeligt dejlige mennesker.<\/p>\n<p>Maden er fantastisk, fra de indre jordiske retter til de friske og ganske overkommelige fisk og skaldyr i kystomr\u00e5derne. G\u00e5 ikke glip af de regionale s\u00f8de specialiteter, med et h\u00f8jdepunkt for ovos moler, en konventionel s\u00f8d.<\/p>\n<p><iframe title=\"I STEMNING TIL COIMBRA: DEL 1 | Historisk universitetsby, en af de \u00e6ldste i Europa | Portugal\" width=\"1080\" height=\"608\" src=\"https:\/\/www.youtube.com\/embed\/RbJja-xcFM0?feature=oembed\" frameborder=\"0\" allow=\"accelerometer; autoplay; clipboard-write; encrypted-media; gyroscope; picture-in-picture\" allowfullscreen><\/iframe><\/p>\n<div class=\"row\" style=\"display: flex;\">\n<div class=\"column\" style=\"flex: 45%;\">\n<p><iframe title=\"LOVE Portugal - Genopdagelse (smygkig)\" width=\"1080\" height=\"608\" src=\"https:\/\/www.youtube.com\/embed\/jW13PcSk6DU?feature=oembed\" frameborder=\"0\" allow=\"accelerometer; autoplay; clipboard-write; encrypted-media; gyroscope; picture-in-picture\" allowfullscreen><\/iframe><\/p>\n<\/div>\n<div class=\"column\" style=\"flex: 10%;\"><\/div>\n<div class=\"column\" style=\"flex: 45%;\">\n<p><iframe title=\"Portugisiske stier\" width=\"1080\" height=\"608\" src=\"https:\/\/www.youtube.com\/embed\/pPsnchCKXGc?feature=oembed\" frameborder=\"0\" allow=\"accelerometer; autoplay; clipboard-write; encrypted-media; gyroscope; picture-in-picture\" allowfullscreen><\/iframe><\/p>\n<\/div>\n<\/div>","protected":false},"excerpt":{"rendered":"<p>Denne selvguidede vandretur i det centrale Portugal er ogs\u00e5 en selvst\u00e6ndig togferie!<\/p>\n<p>Du vil vandre gennem smukke landskaber n\u00e6r den antikke by Coimbra, der ligger p\u00e5 en bakke med udsigt over floden Mondego.<\/p>\n<p>Fra Aveiro, kendt for sine lyst malede typiske b\u00e5de, vil du strejfe til ut\u00e6mmede Atlanterhavsstrande og til den st\u00f8rste lagune p\u00e5 den iberiske halv\u00f8.<\/p>\n<p>Du vil ikke kun f\u00e5 en vidunderlig vandreferie, men ogs\u00e5 en kulturel oplevelse, der holder i minde!<\/p>","protected":false},"featured_media":5277,"comment_status":"closed","ping_status":"closed","template":"","meta":{"_acf_changed":false,"inline_featured_image":false},"product_brand":[],"product_cat":[336,327,948],"product_tag":[935,1053,936,847,848,849,850,937,557,785,938,314,827,1060,1054,853,939,940,941,920,478,133,73,753,930,321,942,806,943,818,921,1123,1010,1215,945,279,1055,1048,322,720,934,323,728,609,1056,1057,924,925,926,778,857,946,1058,1059,59,545,88,308,811,793],"class_list":{"0":"post-5297","1":"product","2":"type-product","3":"status-publish","4":"has-post-thumbnail","6":"product_cat-self-guided-sightseeing-holidays-in-portugal","7":"product_cat-self-guided-tours-portugal","8":"product_cat-self-guided-train-holidays-portugal","9":"product_tag-agueda","10":"product_tag-alleine-reisen","11":"product_tag-aveiro","12":"product_tag-bucaco-hills","13":"product_tag-bussaco","14":"product_tag-central-portugal","15":"product_tag-coimbra","16":"product_tag-conventual-sweets","17":"product_tag-crafted-self-guided-tour","18":"product_tag-delicious-food","19":"product_tag-farmland","20":"product_tag-hiking","21":"product_tag-historic-centre","22":"product_tag-individual-hiking","23":"product_tag-individuelle-touren","24":"product_tag-luso","25":"product_tag-moliceiros","26":"product_tag-mondego","27":"product_tag-montemor-o-velho","28":"product_tag-monument","29":"product_tag-natural-park","30":"product_tag-natural-reserves","31":"product_tag-natural-scenery","32":"product_tag-nature-hikes","33":"product_tag-nature-trails","34":"product_tag-nature-walks","35":"product_tag-pateira-de-fermentelos","36":"product_tag-paths","37":"product_tag-plainfields","38":"product_tag-protected-area","39":"product_tag-rail-holidays","40":"product_tag-rail-routes-in-portugal","41":"product_tag-railroad","42":"product_tag-rio-mondego","43":"product_tag-river","44":"product_tag-river-mondego","45":"product_tag-sejour-en-liberte","46":"product_tag-self-guide-tour","47":"product_tag-self-guided","48":"product_tag-self-guided-holidays","49":"product_tag-self-guided-train","50":"product_tag-self-guided-walking-holiday","51":"product_tag-self-guided-walking-tour","52":"product_tag-sightseeing","53":"product_tag-solo-reisen","54":"product_tag-tours-autoguidees","55":"product_tag-train","56":"product_tag-train-holidays","57":"product_tag-train-tour","58":"product_tag-travel-train-tour-in-portugal","59":"product_tag-university","60":"product_tag-venice","61":"product_tag-voyage-en-liberte","62":"product_tag-voyages-en-autonomie","63":"product_tag-walking","64":"product_tag-walking-holiday","65":"product_tag-walking-tour","66":"product_tag-walking-trails","67":"product_tag-walks","68":"product_tag-wines","70":"first","71":"instock","72":"virtual","73":"sold-individually","74":"product-type-booking"},"acf":[],"yoast_head":"<!-- This site is optimized with the Yoast SEO Premium plugin v26.8 (Yoast SEO v27.6) - https:\/\/yoast.com\/product\/yoast-seo-premium-wordpress\/ -->\n<title>Walk Around Central Portugal Independent Rail Holiday<\/title>\n<meta name=\"description\" content=\"Self-guided Rail and walking Holiday in Central Portugal is an independent rail and walking holiday! Ramble through gorgeous landscapes in Portugal.\" \/>\n<meta name=\"robots\" content=\"index, follow, max-snippet:-1, max-image-preview:large, max-video-preview:-1\" \/>\n<link rel=\"canonical\" href=\"https:\/\/becooltravel.com\/da\/vare\/ga-om-i-central-portugal-7200st\/\" \/>\n<meta property=\"og:locale\" content=\"da_DK\" \/>\n<meta property=\"og:type\" content=\"article\" \/>\n<meta property=\"og:title\" content=\"Train and Walk Around In Central Portugal Independent Rail and walking Holiday\" \/>\n<meta property=\"og:description\" content=\"Self-guided walking and train holidays in Central Portugal is an independent rail and walking holiday! Ramble through gorgeous landscapes near Coimbra.\" \/>\n<meta property=\"og:url\" content=\"https:\/\/becooltravel.com\/da\/vare\/ga-om-i-central-portugal-7200st\/\" \/>\n<meta property=\"og:site_name\" content=\"BeCool Travel\" \/>\n<meta property=\"article:publisher\" content=\"https:\/\/www.facebook.com\/becooltravelagency\/\" \/>\n<meta property=\"article:modified_time\" content=\"2022-12-20T14:09:24+00:00\" \/>\n<meta property=\"og:image\" content=\"https:\/\/i0.wp.com\/becooltravel.com\/wp-content\/uploads\/sites\/5\/2020\/06\/pateira_fermentelos_lagoon.jpg?fit=1165%2C800&ssl=1\" \/>\n\t<meta property=\"og:image:width\" content=\"1165\" \/>\n\t<meta property=\"og:image:height\" content=\"800\" \/>\n\t<meta property=\"og:image:type\" content=\"image\/jpeg\" \/>\n<meta name=\"twitter:card\" content=\"summary_large_image\" \/>\n<meta name=\"twitter:title\" content=\"Train and Walk Around In Central Portugal Independent Rail and walking Holiday\" \/>\n<meta name=\"twitter:description\" content=\"Self-guided walking and train holidays in Central Portugal is an independent rail and walking holiday! Ramble through gorgeous landscapes near Coimbra.\" \/>\n<meta name=\"twitter:image\" content=\"https:\/\/i0.wp.com\/becooltravel.com\/wp-content\/uploads\/sites\/5\/2020\/06\/pateira_fermentelos_lagoon.jpg?fit=1165%2C800&ssl=1\" \/>\n<meta name=\"twitter:site\" content=\"@becool_travel\" \/>\n<meta name=\"twitter:label1\" content=\"Estimeret l\u00e6setid\" \/>\n\t<meta name=\"twitter:data1\" content=\"3 minutter\" \/>\n<script type=\"application\/ld+json\" class=\"yoast-schema-graph\">{\"@context\":\"https:\\\/\\\/schema.org\",\"@graph\":[{\"@type\":[\"WebPage\",\"ItemPage\"],\"@id\":\"https:\\\/\\\/becooltravel.com\\\/product\\\/walk-around-in-central-portugal-7200st\\\/\",\"url\":\"https:\\\/\\\/becooltravel.com\\\/product\\\/walk-around-in-central-portugal-7200st\\\/\",\"name\":\"Walk Around Central Portugal Independent Rail Holiday\",\"isPartOf\":{\"@id\":\"https:\\\/\\\/becooltravel.com\\\/#website\"},\"primaryImageOfPage\":{\"@id\":\"https:\\\/\\\/becooltravel.com\\\/product\\\/walk-around-in-central-portugal-7200st\\\/#primaryimage\"},\"image\":{\"@id\":\"https:\\\/\\\/becooltravel.com\\\/product\\\/walk-around-in-central-portugal-7200st\\\/#primaryimage\"},\"thumbnailUrl\":\"https:\\\/\\\/i0.wp.com\\\/becooltravel.com\\\/wp-content\\\/uploads\\\/sites\\\/5\\\/2020\\\/06\\\/pateira_fermentelos_lagoon.jpg?fit=1165%2C800&ssl=1\",\"datePublished\":\"2020-06-19T08:57:07+00:00\",\"dateModified\":\"2022-12-20T14:09:24+00:00\",\"description\":\"Self-guided Rail and walking Holiday in Central Portugal is an independent rail and walking holiday! Ramble through gorgeous landscapes in Portugal.\",\"breadcrumb\":{\"@id\":\"https:\\\/\\\/becooltravel.com\\\/product\\\/walk-around-in-central-portugal-7200st\\\/#breadcrumb\"},\"inLanguage\":\"da-DK\",\"potentialAction\":[{\"@type\":\"ReadAction\",\"target\":[\"https:\\\/\\\/becooltravel.com\\\/product\\\/walk-around-in-central-portugal-7200st\\\/\"]}]},{\"@type\":\"ImageObject\",\"inLanguage\":\"da-DK\",\"@id\":\"https:\\\/\\\/becooltravel.com\\\/product\\\/walk-around-in-central-portugal-7200st\\\/#primaryimage\",\"url\":\"https:\\\/\\\/i0.wp.com\\\/becooltravel.com\\\/wp-content\\\/uploads\\\/sites\\\/5\\\/2020\\\/06\\\/pateira_fermentelos_lagoon.jpg?fit=1165%2C800&ssl=1\",\"contentUrl\":\"https:\\\/\\\/i0.wp.com\\\/becooltravel.com\\\/wp-content\\\/uploads\\\/sites\\\/5\\\/2020\\\/06\\\/pateira_fermentelos_lagoon.jpg?fit=1165%2C800&ssl=1\",\"width\":1165,\"height\":800,\"caption\":\"Pateira de Fermentelos, largest lagoon in Europe\"},{\"@type\":\"BreadcrumbList\",\"@id\":\"https:\\\/\\\/becooltravel.com\\\/product\\\/walk-around-in-central-portugal-7200st\\\/#breadcrumb\",\"itemListElement\":[{\"@type\":\"ListItem\",\"position\":1,\"name\":\"Home\",\"item\":\"https:\\\/\\\/becooltravel.com\\\/\"},{\"@type\":\"ListItem\",\"position\":2,\"name\":\"Shop\",\"item\":\"https:\\\/\\\/becooltravel.com\\\/?page_id=5\"},{\"@type\":\"ListItem\",\"position\":3,\"name\":\"\u00e1gueda\",\"item\":\"https:\\\/\\\/becooltravel.com\\\/product-tag\\\/agueda\\\/\"},{\"@type\":\"ListItem\",\"position\":4,\"name\":\"Train and Walk Around In Central Portugal Independent Rail and walking Holiday\"}]},{\"@type\":\"WebSite\",\"@id\":\"https:\\\/\\\/becooltravel.com\\\/#website\",\"url\":\"https:\\\/\\\/becooltravel.com\\\/\",\"name\":\"BeCool Travel\",\"description\":\"Sustainable holidays in Portugal for independent travelers\",\"publisher\":{\"@id\":\"https:\\\/\\\/becooltravel.com\\\/#organization\"},\"potentialAction\":[{\"@type\":\"SearchAction\",\"target\":{\"@type\":\"EntryPoint\",\"urlTemplate\":\"https:\\\/\\\/becooltravel.com\\\/?s={search_term_string}\"},\"query-input\":{\"@type\":\"PropertyValueSpecification\",\"valueRequired\":true,\"valueName\":\"search_term_string\"}}],\"inLanguage\":\"da-DK\"},{\"@type\":\"Organization\",\"@id\":\"https:\\\/\\\/becooltravel.com\\\/#organization\",\"name\":\"BecoolTravel. com- Portugal\",\"url\":\"https:\\\/\\\/becooltravel.com\\\/\",\"logo\":{\"@type\":\"ImageObject\",\"inLanguage\":\"da-DK\",\"@id\":\"https:\\\/\\\/becooltravel.com\\\/#\\\/schema\\\/logo\\\/image\\\/\",\"url\":\"https:\\\/\\\/becooltravel.com\\\/wp-content\\\/uploads\\\/sites\\\/5\\\/2020\\\/03\\\/Logo_BeCool.jpg\",\"contentUrl\":\"https:\\\/\\\/becooltravel.com\\\/wp-content\\\/uploads\\\/sites\\\/5\\\/2020\\\/03\\\/Logo_BeCool.jpg\",\"width\":534,\"height\":534,\"caption\":\"BecoolTravel. com- Portugal\"},\"image\":{\"@id\":\"https:\\\/\\\/becooltravel.com\\\/#\\\/schema\\\/logo\\\/image\\\/\"},\"sameAs\":[\"https:\\\/\\\/www.facebook.com\\\/becooltravelagency\\\/\",\"https:\\\/\\\/x.com\\\/becool_travel\",\"https:\\\/\\\/www.instagram.com\\\/becooltravel_com\\\/\",\"https:\\\/\\\/www.linkedin.com\\\/company\\\/becool-travel\\\/\",\"https:\\\/\\\/www.youtube.com\\\/channel\\\/UCE7zRU3EVG1PgfXwQo-5uJw\"]}]}<\/script>\n<!-- \/ Yoast SEO Premium plugin. -->","yoast_head_json":{"title":"G\u00e5 rundt i det centrale Portugal Independent Rail Holiday","description":"Selvguidet tog- og vandreferie i det centrale Portugal er en uafh\u00e6ngig tog- og vandreferie! Vandre gennem smukke landskaber i Portugal.","robots":{"index":"index","follow":"follow","max-snippet":"max-snippet:-1","max-image-preview":"max-image-preview:large","max-video-preview":"max-video-preview:-1"},"canonical":"https:\/\/becooltravel.com\/da\/vare\/ga-om-i-central-portugal-7200st\/","og_locale":"da_DK","og_type":"article","og_title":"Train and Walk Around In Central Portugal Independent Rail and walking Holiday","og_description":"Self-guided walking and train holidays in Central Portugal is an independent rail and walking holiday! Ramble through gorgeous landscapes near Coimbra.","og_url":"https:\/\/becooltravel.com\/da\/vare\/ga-om-i-central-portugal-7200st\/","og_site_name":"BeCool Travel","article_publisher":"https:\/\/www.facebook.com\/becooltravelagency\/","article_modified_time":"2022-12-20T14:09:24+00:00","og_image":[{"width":1165,"height":800,"url":"https:\/\/i0.wp.com\/becooltravel.com\/wp-content\/uploads\/sites\/5\/2020\/06\/pateira_fermentelos_lagoon.jpg?fit=1165%2C800&ssl=1","type":"image\/jpeg"}],"twitter_card":"summary_large_image","twitter_title":"Train and Walk Around In Central Portugal Independent Rail and walking Holiday","twitter_description":"Self-guided walking and train holidays in Central Portugal is an independent rail and walking holiday! Ramble through gorgeous landscapes near Coimbra.","twitter_image":"https:\/\/i0.wp.com\/becooltravel.com\/wp-content\/uploads\/sites\/5\/2020\/06\/pateira_fermentelos_lagoon.jpg?fit=1165%2C800&ssl=1","twitter_site":"@becool_travel","twitter_misc":{"Estimeret l\u00e6setid":"3 minutter"},"schema":{"@context":"https:\/\/schema.org","@graph":[{"@type":["WebPage","ItemPage"],"@id":"https:\/\/becooltravel.com\/product\/walk-around-in-central-portugal-7200st\/","url":"https:\/\/becooltravel.com\/product\/walk-around-in-central-portugal-7200st\/","name":"G\u00e5 rundt i det centrale Portugal Independent Rail Holiday","isPartOf":{"@id":"https:\/\/becooltravel.com\/#website"},"primaryImageOfPage":{"@id":"https:\/\/becooltravel.com\/product\/walk-around-in-central-portugal-7200st\/#primaryimage"},"image":{"@id":"https:\/\/becooltravel.com\/product\/walk-around-in-central-portugal-7200st\/#primaryimage"},"thumbnailUrl":"https:\/\/i0.wp.com\/becooltravel.com\/wp-content\/uploads\/sites\/5\/2020\/06\/pateira_fermentelos_lagoon.jpg?fit=1165%2C800&ssl=1","datePublished":"2020-06-19T08:57:07+00:00","dateModified":"2022-12-20T14:09:24+00:00","description":"Selvguidet tog- og vandreferie i det centrale Portugal er en uafh\u00e6ngig tog- og vandreferie! Vandre gennem smukke landskaber i Portugal.","breadcrumb":{"@id":"https:\/\/becooltravel.com\/product\/walk-around-in-central-portugal-7200st\/#breadcrumb"},"inLanguage":"da-DK","potentialAction":[{"@type":"ReadAction","target":["https:\/\/becooltravel.com\/product\/walk-around-in-central-portugal-7200st\/"]}]},{"@type":"ImageObject","inLanguage":"da-DK","@id":"https:\/\/becooltravel.com\/product\/walk-around-in-central-portugal-7200st\/#primaryimage","url":"https:\/\/i0.wp.com\/becooltravel.com\/wp-content\/uploads\/sites\/5\/2020\/06\/pateira_fermentelos_lagoon.jpg?fit=1165%2C800&ssl=1","contentUrl":"https:\/\/i0.wp.com\/becooltravel.com\/wp-content\/uploads\/sites\/5\/2020\/06\/pateira_fermentelos_lagoon.jpg?fit=1165%2C800&ssl=1","width":1165,"height":800,"caption":"Pateira de Fermentelos, largest lagoon in Europe"},{"@type":"BreadcrumbList","@id":"https:\/\/becooltravel.com\/product\/walk-around-in-central-portugal-7200st\/#breadcrumb","itemListElement":[{"@type":"ListItem","position":1,"name":"Home","item":"https:\/\/becooltravel.com\/"},{"@type":"ListItem","position":2,"name":"Shop","item":"https:\/\/becooltravel.com\/?page_id=5"},{"@type":"ListItem","position":3,"name":"\u00e1gueda","item":"https:\/\/becooltravel.com\/product-tag\/agueda\/"},{"@type":"ListItem","position":4,"name":"Train and Walk Around In Central Portugal Independent Rail and walking Holiday"}]},{"@type":"WebSite","@id":"https:\/\/becooltravel.com\/#website","url":"https:\/\/becooltravel.com\/","name":"BeCool rejse","description":"B\u00e6redygtig ferie i Portugal for uafh\u00e6ngige rejsende","publisher":{"@id":"https:\/\/becooltravel.com\/#organization"},"potentialAction":[{"@type":"SearchAction","target":{"@type":"EntryPoint","urlTemplate":"https:\/\/becooltravel.com\/?s={search_term_string}"},"query-input":{"@type":"PropertyValueSpecification","valueRequired":true,"valueName":"search_term_string"}}],"inLanguage":"da-DK"},{"@type":"Organization","@id":"https:\/\/becooltravel.com\/#organization","name":"BecoolTravel. com- Portugal","url":"https:\/\/becooltravel.com\/","logo":{"@type":"ImageObject","inLanguage":"da-DK","@id":"https:\/\/becooltravel.com\/#\/schema\/logo\/image\/","url":"https:\/\/becooltravel.com\/wp-content\/uploads\/sites\/5\/2020\/03\/Logo_BeCool.jpg","contentUrl":"https:\/\/becooltravel.com\/wp-content\/uploads\/sites\/5\/2020\/03\/Logo_BeCool.jpg","width":534,"height":534,"caption":"BecoolTravel. com- Portugal"},"image":{"@id":"https:\/\/becooltravel.com\/#\/schema\/logo\/image\/"},"sameAs":["https:\/\/www.facebook.com\/becooltravelagency\/","https:\/\/x.com\/becool_travel","https:\/\/www.instagram.com\/becooltravel_com\/","https:\/\/www.linkedin.com\/company\/becool-travel\/","https:\/\/www.youtube.com\/channel\/UCE7zRU3EVG1PgfXwQo-5uJw"]}]}},"jetpack_sharing_enabled":true,"_links":{"self":[{"href":"https:\/\/becooltravel.com\/da\/wp-json\/wp\/v2\/product\/5297","targetHints":{"allow":["GET"]}}],"collection":[{"href":"https:\/\/becooltravel.com\/da\/wp-json\/wp\/v2\/product"}],"about":[{"href":"https:\/\/becooltravel.com\/da\/wp-json\/wp\/v2\/types\/product"}],"replies":[{"embeddable":true,"href":"https:\/\/becooltravel.com\/da\/wp-json\/wp\/v2\/comments?post=5297"}],"wp:featuredmedia":[{"embeddable":true,"href":"https:\/\/becooltravel.com\/da\/wp-json\/wp\/v2\/media\/5277"}],"wp:attachment":[{"href":"https:\/\/becooltravel.com\/da\/wp-json\/wp\/v2\/media?parent=5297"}],"wp:term":[{"taxonomy":"product_brand","embeddable":true,"href":"https:\/\/becooltravel.com\/da\/wp-json\/wp\/v2\/product_brand?post=5297"},{"taxonomy":"product_cat","embeddable":true,"href":"https:\/\/becooltravel.com\/da\/wp-json\/wp\/v2\/product_cat?post=5297"},{"taxonomy":"product_tag","embeddable":true,"href":"https:\/\/becooltravel.com\/da\/wp-json\/wp\/v2\/product_tag?post=5297"}],"curies":[{"name":"wp","href":"https:\/\/api.w.org\/{rel}","templated":true}]}}