{"id":5383,"date":"2020-06-29T14:11:43","date_gmt":"2020-06-29T14:11:43","guid":{"rendered":"https:\/\/becooltravel.com\/?post_type=product&#038;p=5383"},"modified":"2026-03-18T13:05:29","modified_gmt":"2026-03-18T13:05:29","slug":"relax-in-monte-gordo-8500pk","status":"publish","type":"product","link":"https:\/\/becooltravel.com\/da\/vare\/relax-in-monte-gordo-8500pk\/","title":{"rendered":"Slap af i Monte Gordo"},"content":{"rendered":"<p>Monte Gordo er et popul\u00e6rt feriested beliggende p\u00e5 en af de fineste strande i den \u00f8stlige Algarve.<\/p>\n<p>Den fantastiske kilometer lange strimmel med varmt og blidt turkisvand er en af de sikreste i Algarve uden st\u00e6rke str\u00f8mme og sm\u00e5 b\u00f8lger.<\/p>\n<p>Monte Gordo er et fremragende ferievalg for familier med b\u00f8rn, modne bes\u00f8gende p\u00e5 udkig efter afslappende dage og for dem der elsker fantastiske strandoplevelser!<\/p>\n<div id=\"attachment_2681\" style=\"width: 693px\" class=\"wp-caption alignnone\"><img data-recalc-dims=\"1\" decoding=\"async\" aria-describedby=\"caption-attachment-2681\" class=\"wp-image-2681 size-large\" title=\"Montegordo strandpromenade\" src=\"https:\/\/i0.wp.com\/legendatours.net\/wp-content\/uploads\/2020\/06\/Monte-Gordo-boardwalk-683x1024.jpg?resize=683%2C1024&#038;ssl=1\" alt=\"Montegordo strandpromenade\" width=\"683\" height=\"1024\" \/><p id=\"caption-attachment-2681\" class=\"wp-caption-text\">Monte Gordo strandpromenade l\u00f8ber langs stranden af\u00a0<em>Monte Gordo<\/em>\u00a0og er den l\u00e6ngste\u00a0<em>strandpromenade<\/em>\u00a0i Algarve.<br \/><span id=\"fld_72\" class=\"oUAcPd\"><\/span><\/p><\/div>\n<p>Den store promenade ud mod kysten er foret med restauranter for enhver smag, barer, kunstnere, gades\u00e6lgere og et kasino. Om natten str\u00f8mmer folk til en fritidsaften, og den velkendte stemning tiltr\u00e6kker bes\u00f8gende fra forskellige nationaliteter og aldre.<\/p>\n<p>Nattelivet er hovedsageligt afslappet og socialt uden den tunge drikkekultur fra andre popul\u00e6re resorts i Algarve.<\/p>\n<p>Du kan let bruge dine dage p\u00e5 at slappe af p\u00e5 Monte Gordos str\u00e5lende strand, men hvis du er interesseret i mere, er der meget at se og g\u00f8re i \u00d8st-Algarve.<\/p>\n<p>I n\u00e6rheden kan du bes\u00f8ge de historiske byer Tavira, Castro Marim og Vila Real de Santo Ant\u00f3nio.<\/p>\n<p>Fra Tavira kan du ogs\u00e5 nyde en sjov b\u00e5dtur i Ria Formosa Nature Park, et system af laguner med forbl\u00f8ffende naturlig sk\u00f8nhed.<\/p>\n<p>Spanien er kun en f\u00e6rgetur v\u00e6k p\u00e5 den anden bred af den dejlige Guadiana-flod.<br \/>\nEn ferie i denne vidunderlige region med stranden omgivet af fyrreskov er ogs\u00e5 en mulighed for sportsfritidsaktiviteter ved at bruge flystierne til at cykle, g\u00e5 eller nyde de mange aktiviteter p\u00e5 dit hotel.<\/p>\n<div id=\"attachment_2680\" style=\"width: 1034px\" class=\"wp-caption alignnone\"><img data-recalc-dims=\"1\" decoding=\"async\" aria-describedby=\"caption-attachment-2680\" class=\"wp-image-2680 size-large\" title=\"Montegordo fiskerb\u00e5de\" src=\"https:\/\/i0.wp.com\/legendatours.net\/wp-content\/uploads\/2020\/06\/montegordo_fishing_boats-1024x683.jpg?resize=1024%2C683&#038;ssl=1\" alt=\"Montegordo fiskerb\u00e5de\" width=\"1024\" height=\"683\" \/><p id=\"caption-attachment-2680\" class=\"wp-caption-text\">Monte Gordo fiskerb\u00e5de. Der er en del af Praia de Monte Gordo, hvor du kan se en masse fiskerb\u00e5de og lokale fiskere arbejde p\u00e5 deres net<\/p><\/div>\n<p>Monte Gordo er m\u00e5ske ikke det mest ber\u00f8mte feriested, men du vil k\u00e6mpe for at finde en bedre strand end dette i Vesteuropa, og du f\u00e5r fremragende v\u00e6rdi for pengene!<\/p>","protected":false},"excerpt":{"rendered":"<p>Monte Gordo er et popul\u00e6rt feriested beliggende p\u00e5 en af de fineste strande i den \u00f8stlige Algarve.<\/p>\n<p>Den fantastiske kilometer lange strimmel med varmt og blidt turkisvand er en af de sikreste i Algarve uden st\u00e6rke str\u00f8mme og sm\u00e5 b\u00f8lger.<\/p>\n<p>Monte Gordo er et fremragende ferievalg for familier med b\u00f8rn, modne bes\u00f8gende p\u00e5 udkig efter afslappende dage og for dem der elsker fantastiske strandoplevelser!<\/p>","protected":false},"featured_media":5031,"comment_status":"closed","ping_status":"closed","template":"","meta":{"_acf_changed":false,"inline_featured_image":false},"product_brand":[],"product_cat":[329,331],"product_tag":[311,288,490,456,204,131,606,508,815,607,1054,261,179,1233,478,180,621,58,181,487,622,1055,322,609,610,611,623,613,723,724,581,398,183],"class_list":{"0":"post-5383","1":"product","2":"type-product","3":"status-publish","4":"has-post-thumbnail","6":"product_cat-holiday-packs-tours-portugal","7":"product_cat-relax-8-days-holidays-portugal","8":"product_tag-algarve","9":"product_tag-ayamonte","10":"product_tag-castle-of-castro-marim","11":"product_tag-castro-marim-natural-reserve","12":"product_tag-cultural-heritage","13":"product_tag-east-algarve","14":"product_tag-gastronomy","15":"product_tag-gastronomy-and-wines","16":"product_tag-historic","17":"product_tag-holidays","18":"product_tag-individuelle-touren","19":"product_tag-local-gastronomy","20":"product_tag-monte-gordo","21":"product_tag-monte-gordos-glorious-beach","22":"product_tag-natural-park","23":"product_tag-nature-reserve-of-castro-marim","24":"product_tag-old-town","25":"product_tag-portugal","26":"product_tag-ria-formosa-natural-park","27":"product_tag-salt-marsh-of-castro-marim-and-vila-real-de-santo-antonio","28":"product_tag-sandy-beach","29":"product_tag-sejour-en-liberte","30":"product_tag-self-guided","31":"product_tag-sightseeing","32":"product_tag-spring","33":"product_tag-summer","34":"product_tag-sun-beach","35":"product_tag-sunny-days","36":"product_tag-sunny-winters","37":"product_tag-tours-in-portugal","38":"product_tag-traditional-villages","39":"product_tag-vila-real-de-santo-antonio","40":"product_tag-vila-real-sto-antonio","42":"first","43":"instock","44":"virtual","45":"product-type-simple"},"acf":[],"yoast_head":"<!-- This site is optimized with the Yoast SEO Premium plugin v26.8 (Yoast SEO v27.5) - https:\/\/yoast.com\/product\/yoast-seo-premium-wordpress\/ -->\n<title>Relax in Monte Gordo<\/title>\n<meta name=\"description\" content=\"Monte Gordo is a popular holiday resort located on one of the finest beaches of the Algarve. an excellent holiday choice for families, mature visitors looking for relaxing days\" \/>\n<meta name=\"robots\" content=\"index, follow, max-snippet:-1, max-image-preview:large, max-video-preview:-1\" \/>\n<link rel=\"canonical\" href=\"https:\/\/becooltravel.com\/da\/vare\/relax-in-monte-gordo-8500pk\/\" \/>\n<meta property=\"og:locale\" content=\"da_DK\" \/>\n<meta property=\"og:type\" content=\"article\" \/>\n<meta property=\"og:title\" content=\"Monte Gordo is a popular holiday resort located on one of the finest beaches of the Eastern Algarve.\" \/>\n<meta property=\"og:description\" content=\"Monte Gordo is an excellent holiday choice for families with kids, mature visitors looking for relaxing days, and for those who love amazing beach experiences!\" \/>\n<meta property=\"og:url\" content=\"https:\/\/becooltravel.com\/da\/vare\/relax-in-monte-gordo-8500pk\/\" \/>\n<meta property=\"og:site_name\" content=\"BeCool Travel\" \/>\n<meta property=\"article:publisher\" content=\"https:\/\/www.facebook.com\/becooltravelagency\/\" \/>\n<meta property=\"article:modified_time\" content=\"2026-03-18T13:05:29+00:00\" \/>\n<meta property=\"og:image\" content=\"https:\/\/becooltravel.com\/wp-content\/uploads\/sites\/5\/2020\/06\/montegordo_beach.jpg\" \/>\n\t<meta property=\"og:image:width\" content=\"1067\" \/>\n\t<meta property=\"og:image:height\" content=\"800\" \/>\n\t<meta property=\"og:image:type\" content=\"image\/jpeg\" \/>\n<meta name=\"twitter:card\" content=\"summary_large_image\" \/>\n<meta name=\"twitter:title\" content=\"Monte Gordo is a popular holiday resort located on one of the finest beaches of the Eastern Algarve.\" \/>\n<meta name=\"twitter:description\" content=\"You could easily spend your days lounging on the Monte Gordo\u2019s glorious beach, but if you\u2019re interested in more, there is a lot to see and do in the East Algarve.\" \/>\n<meta name=\"twitter:image\" content=\"https:\/\/i0.wp.com\/becooltravel.com\/wp-content\/uploads\/sites\/5\/2020\/06\/montegordo_beach.jpg?fit=1067%2C800&ssl=1\" \/>\n<meta name=\"twitter:site\" content=\"@becool_travel\" \/>\n<meta name=\"twitter:label1\" content=\"Estimeret l\u00e6setid\" \/>\n\t<meta name=\"twitter:data1\" content=\"3 minutter\" \/>\n<script type=\"application\/ld+json\" class=\"yoast-schema-graph\">{\"@context\":\"https:\\\/\\\/schema.org\",\"@graph\":[{\"@type\":[\"WebPage\",\"ItemPage\"],\"@id\":\"https:\\\/\\\/becooltravel.com\\\/product\\\/relax-in-monte-gordo-8500pk\\\/\",\"url\":\"https:\\\/\\\/becooltravel.com\\\/product\\\/relax-in-monte-gordo-8500pk\\\/\",\"name\":\"Relax in Monte Gordo\",\"isPartOf\":{\"@id\":\"https:\\\/\\\/becooltravel.com\\\/#website\"},\"primaryImageOfPage\":{\"@id\":\"https:\\\/\\\/becooltravel.com\\\/product\\\/relax-in-monte-gordo-8500pk\\\/#primaryimage\"},\"image\":{\"@id\":\"https:\\\/\\\/becooltravel.com\\\/product\\\/relax-in-monte-gordo-8500pk\\\/#primaryimage\"},\"thumbnailUrl\":\"https:\\\/\\\/i0.wp.com\\\/becooltravel.com\\\/wp-content\\\/uploads\\\/sites\\\/5\\\/2020\\\/06\\\/montegordo_beach.jpg?fit=1067%2C800&ssl=1\",\"datePublished\":\"2020-06-29T14:11:43+00:00\",\"dateModified\":\"2026-03-18T13:05:29+00:00\",\"description\":\"Monte Gordo is a popular holiday resort located on one of the finest beaches of the Algarve. an excellent holiday choice for families, mature visitors looking for relaxing days\",\"breadcrumb\":{\"@id\":\"https:\\\/\\\/becooltravel.com\\\/product\\\/relax-in-monte-gordo-8500pk\\\/#breadcrumb\"},\"inLanguage\":\"da-DK\",\"potentialAction\":[{\"@type\":\"ReadAction\",\"target\":[\"https:\\\/\\\/becooltravel.com\\\/product\\\/relax-in-monte-gordo-8500pk\\\/\"]}]},{\"@type\":\"ImageObject\",\"inLanguage\":\"da-DK\",\"@id\":\"https:\\\/\\\/becooltravel.com\\\/product\\\/relax-in-monte-gordo-8500pk\\\/#primaryimage\",\"url\":\"https:\\\/\\\/i0.wp.com\\\/becooltravel.com\\\/wp-content\\\/uploads\\\/sites\\\/5\\\/2020\\\/06\\\/montegordo_beach.jpg?fit=1067%2C800&ssl=1\",\"contentUrl\":\"https:\\\/\\\/i0.wp.com\\\/becooltravel.com\\\/wp-content\\\/uploads\\\/sites\\\/5\\\/2020\\\/06\\\/montegordo_beach.jpg?fit=1067%2C800&ssl=1\",\"width\":1067,\"height\":800,\"caption\":\"Beach Montegordo\"},{\"@type\":\"BreadcrumbList\",\"@id\":\"https:\\\/\\\/becooltravel.com\\\/product\\\/relax-in-monte-gordo-8500pk\\\/#breadcrumb\",\"itemListElement\":[{\"@type\":\"ListItem\",\"position\":1,\"name\":\"Home\",\"item\":\"https:\\\/\\\/becooltravel.com\\\/\"},{\"@type\":\"ListItem\",\"position\":2,\"name\":\"Shop\",\"item\":\"https:\\\/\\\/becooltravel.com\\\/?page_id=5\"},{\"@type\":\"ListItem\",\"position\":3,\"name\":\"Algarve holidays . You can use\u00a0footpaths and walking\u00a0 trails\u00a0to get to know the region, such as the\u00a0Algarve Way\u00a0or the\u00a0Vicentine Route along one of the best preserved coastal stretches.\",\"item\":\"https:\\\/\\\/becooltravel.com\\\/product-tag\\\/algarve\\\/\"},{\"@type\":\"ListItem\",\"position\":4,\"name\":\"Monte Gordo is a popular resort located on the finest beaches of the Eastern Algarve.\"}]},{\"@type\":\"WebSite\",\"@id\":\"https:\\\/\\\/becooltravel.com\\\/#website\",\"url\":\"https:\\\/\\\/becooltravel.com\\\/\",\"name\":\"BeCool Travel\",\"description\":\"Sustainable holidays in Portugal for independent travelers\",\"publisher\":{\"@id\":\"https:\\\/\\\/becooltravel.com\\\/#organization\"},\"potentialAction\":[{\"@type\":\"SearchAction\",\"target\":{\"@type\":\"EntryPoint\",\"urlTemplate\":\"https:\\\/\\\/becooltravel.com\\\/?s={search_term_string}\"},\"query-input\":{\"@type\":\"PropertyValueSpecification\",\"valueRequired\":true,\"valueName\":\"search_term_string\"}}],\"inLanguage\":\"da-DK\"},{\"@type\":\"Organization\",\"@id\":\"https:\\\/\\\/becooltravel.com\\\/#organization\",\"name\":\"BecoolTravel. com- Portugal\",\"url\":\"https:\\\/\\\/becooltravel.com\\\/\",\"logo\":{\"@type\":\"ImageObject\",\"inLanguage\":\"da-DK\",\"@id\":\"https:\\\/\\\/becooltravel.com\\\/#\\\/schema\\\/logo\\\/image\\\/\",\"url\":\"https:\\\/\\\/becooltravel.com\\\/wp-content\\\/uploads\\\/sites\\\/5\\\/2020\\\/03\\\/Logo_BeCool.jpg\",\"contentUrl\":\"https:\\\/\\\/becooltravel.com\\\/wp-content\\\/uploads\\\/sites\\\/5\\\/2020\\\/03\\\/Logo_BeCool.jpg\",\"width\":534,\"height\":534,\"caption\":\"BecoolTravel. com- Portugal\"},\"image\":{\"@id\":\"https:\\\/\\\/becooltravel.com\\\/#\\\/schema\\\/logo\\\/image\\\/\"},\"sameAs\":[\"https:\\\/\\\/www.facebook.com\\\/becooltravelagency\\\/\",\"https:\\\/\\\/x.com\\\/becool_travel\",\"https:\\\/\\\/www.instagram.com\\\/becooltravel_com\\\/\",\"https:\\\/\\\/www.linkedin.com\\\/company\\\/becool-travel\\\/\",\"https:\\\/\\\/www.youtube.com\\\/channel\\\/UCE7zRU3EVG1PgfXwQo-5uJw\"]}]}<\/script>\n<!-- \/ Yoast SEO Premium plugin. -->","yoast_head_json":{"title":"Slap af i Monte Gordo","description":"Monte Gordo er et popul\u00e6rt feriested beliggende p\u00e5 en af de fineste strande i Algarve. et fremragende ferievalg for familier, modne bes\u00f8gende p\u00e5 udkig efter afslappende dage","robots":{"index":"index","follow":"follow","max-snippet":"max-snippet:-1","max-image-preview":"max-image-preview:large","max-video-preview":"max-video-preview:-1"},"canonical":"https:\/\/becooltravel.com\/da\/vare\/relax-in-monte-gordo-8500pk\/","og_locale":"da_DK","og_type":"article","og_title":"Monte Gordo is a popular holiday resort located on one of the finest beaches of the Eastern Algarve.","og_description":"Monte Gordo is an excellent holiday choice for families with kids, mature visitors looking for relaxing days, and for those who love amazing beach experiences!","og_url":"https:\/\/becooltravel.com\/da\/vare\/relax-in-monte-gordo-8500pk\/","og_site_name":"BeCool Travel","article_publisher":"https:\/\/www.facebook.com\/becooltravelagency\/","article_modified_time":"2026-03-18T13:05:29+00:00","og_image":[{"width":1067,"height":800,"url":"https:\/\/becooltravel.com\/wp-content\/uploads\/sites\/5\/2020\/06\/montegordo_beach.jpg","type":"image\/jpeg"}],"twitter_card":"summary_large_image","twitter_title":"Monte Gordo is a popular holiday resort located on one of the finest beaches of the Eastern Algarve.","twitter_description":"You could easily spend your days lounging on the Monte Gordo\u2019s glorious beach, but if you\u2019re interested in more, there is a lot to see and do in the East Algarve.","twitter_image":"https:\/\/i0.wp.com\/becooltravel.com\/wp-content\/uploads\/sites\/5\/2020\/06\/montegordo_beach.jpg?fit=1067%2C800&ssl=1","twitter_site":"@becool_travel","twitter_misc":{"Estimeret l\u00e6setid":"3 minutter"},"schema":{"@context":"https:\/\/schema.org","@graph":[{"@type":["WebPage","ItemPage"],"@id":"https:\/\/becooltravel.com\/product\/relax-in-monte-gordo-8500pk\/","url":"https:\/\/becooltravel.com\/product\/relax-in-monte-gordo-8500pk\/","name":"Slap af i Monte Gordo","isPartOf":{"@id":"https:\/\/becooltravel.com\/#website"},"primaryImageOfPage":{"@id":"https:\/\/becooltravel.com\/product\/relax-in-monte-gordo-8500pk\/#primaryimage"},"image":{"@id":"https:\/\/becooltravel.com\/product\/relax-in-monte-gordo-8500pk\/#primaryimage"},"thumbnailUrl":"https:\/\/i0.wp.com\/becooltravel.com\/wp-content\/uploads\/sites\/5\/2020\/06\/montegordo_beach.jpg?fit=1067%2C800&ssl=1","datePublished":"2020-06-29T14:11:43+00:00","dateModified":"2026-03-18T13:05:29+00:00","description":"Monte Gordo er et popul\u00e6rt feriested beliggende p\u00e5 en af de fineste strande i Algarve. et fremragende ferievalg for familier, modne bes\u00f8gende p\u00e5 udkig efter afslappende dage","breadcrumb":{"@id":"https:\/\/becooltravel.com\/product\/relax-in-monte-gordo-8500pk\/#breadcrumb"},"inLanguage":"da-DK","potentialAction":[{"@type":"ReadAction","target":["https:\/\/becooltravel.com\/product\/relax-in-monte-gordo-8500pk\/"]}]},{"@type":"ImageObject","inLanguage":"da-DK","@id":"https:\/\/becooltravel.com\/product\/relax-in-monte-gordo-8500pk\/#primaryimage","url":"https:\/\/i0.wp.com\/becooltravel.com\/wp-content\/uploads\/sites\/5\/2020\/06\/montegordo_beach.jpg?fit=1067%2C800&ssl=1","contentUrl":"https:\/\/i0.wp.com\/becooltravel.com\/wp-content\/uploads\/sites\/5\/2020\/06\/montegordo_beach.jpg?fit=1067%2C800&ssl=1","width":1067,"height":800,"caption":"Beach Montegordo"},{"@type":"BreadcrumbList","@id":"https:\/\/becooltravel.com\/product\/relax-in-monte-gordo-8500pk\/#breadcrumb","itemListElement":[{"@type":"ListItem","position":1,"name":"Home","item":"https:\/\/becooltravel.com\/"},{"@type":"ListItem","position":2,"name":"Shop","item":"https:\/\/becooltravel.com\/?page_id=5"},{"@type":"ListItem","position":3,"name":"Algarve holidays . You can use\u00a0footpaths and walking\u00a0 trails\u00a0to get to know the region, such as the\u00a0Algarve Way\u00a0or the\u00a0Vicentine Route along one of the best preserved coastal stretches.","item":"https:\/\/becooltravel.com\/product-tag\/algarve\/"},{"@type":"ListItem","position":4,"name":"Monte Gordo is a popular resort located on the finest beaches of the Eastern Algarve."}]},{"@type":"WebSite","@id":"https:\/\/becooltravel.com\/#website","url":"https:\/\/becooltravel.com\/","name":"BeCool rejse","description":"B\u00e6redygtig ferie i Portugal for uafh\u00e6ngige rejsende","publisher":{"@id":"https:\/\/becooltravel.com\/#organization"},"potentialAction":[{"@type":"SearchAction","target":{"@type":"EntryPoint","urlTemplate":"https:\/\/becooltravel.com\/?s={search_term_string}"},"query-input":{"@type":"PropertyValueSpecification","valueRequired":true,"valueName":"search_term_string"}}],"inLanguage":"da-DK"},{"@type":"Organization","@id":"https:\/\/becooltravel.com\/#organization","name":"BecoolTravel. com- Portugal","url":"https:\/\/becooltravel.com\/","logo":{"@type":"ImageObject","inLanguage":"da-DK","@id":"https:\/\/becooltravel.com\/#\/schema\/logo\/image\/","url":"https:\/\/becooltravel.com\/wp-content\/uploads\/sites\/5\/2020\/03\/Logo_BeCool.jpg","contentUrl":"https:\/\/becooltravel.com\/wp-content\/uploads\/sites\/5\/2020\/03\/Logo_BeCool.jpg","width":534,"height":534,"caption":"BecoolTravel. com- Portugal"},"image":{"@id":"https:\/\/becooltravel.com\/#\/schema\/logo\/image\/"},"sameAs":["https:\/\/www.facebook.com\/becooltravelagency\/","https:\/\/x.com\/becool_travel","https:\/\/www.instagram.com\/becooltravel_com\/","https:\/\/www.linkedin.com\/company\/becool-travel\/","https:\/\/www.youtube.com\/channel\/UCE7zRU3EVG1PgfXwQo-5uJw"]}]}},"jetpack_sharing_enabled":true,"_links":{"self":[{"href":"https:\/\/becooltravel.com\/da\/wp-json\/wp\/v2\/product\/5383","targetHints":{"allow":["GET"]}}],"collection":[{"href":"https:\/\/becooltravel.com\/da\/wp-json\/wp\/v2\/product"}],"about":[{"href":"https:\/\/becooltravel.com\/da\/wp-json\/wp\/v2\/types\/product"}],"replies":[{"embeddable":true,"href":"https:\/\/becooltravel.com\/da\/wp-json\/wp\/v2\/comments?post=5383"}],"wp:featuredmedia":[{"embeddable":true,"href":"https:\/\/becooltravel.com\/da\/wp-json\/wp\/v2\/media\/5031"}],"wp:attachment":[{"href":"https:\/\/becooltravel.com\/da\/wp-json\/wp\/v2\/media?parent=5383"}],"wp:term":[{"taxonomy":"product_brand","embeddable":true,"href":"https:\/\/becooltravel.com\/da\/wp-json\/wp\/v2\/product_brand?post=5383"},{"taxonomy":"product_cat","embeddable":true,"href":"https:\/\/becooltravel.com\/da\/wp-json\/wp\/v2\/product_cat?post=5383"},{"taxonomy":"product_tag","embeddable":true,"href":"https:\/\/becooltravel.com\/da\/wp-json\/wp\/v2\/product_tag?post=5383"}],"curies":[{"name":"wp","href":"https:\/\/api.w.org\/{rel}","templated":true}]}}