{"id":5396,"date":"2020-07-02T13:54:13","date_gmt":"2020-07-02T13:54:13","guid":{"rendered":"https:\/\/becooltravel.com\/?post_type=product&#038;p=5396"},"modified":"2022-08-14T14:02:05","modified_gmt":"2022-08-14T14:02:05","slug":"aspects-of-the-alentejo-1100g","status":"publish","type":"product","link":"https:\/\/becooltravel.com\/da\/vare\/aspekter-af-alentejo-1100g\/","title":{"rendered":"Aspekter af Alentejo Walking Holiday"},"content":{"rendered":"<p><strong>Grupper accepteret med mindst 6 personer.<\/strong><\/p>\n<p>&nbsp;<\/p>\n<p>Alentejo (bogstaveligt talt &quot;land ud over Tagus&quot;) er en varm, t\u00f8r, for det meste sk\u00e5nsom region nord for Algarve, der er blevet ignoreret af alle p\u00e5 n\u00e6r nogle f\u00e5.<\/p>\n<p>Alentejo er en tyndt befolket region med \u00e5bne horisonter, hvor livets rytme f\u00f8lger tomgangslyden fra regionale sange.<\/p>\n<p>Det er perfekt til at g\u00e5 og opleve et uforglemmeligt eventyr: et land med tradition og arv.<\/p>\n<div id=\"attachment_2705\" style=\"width: 1034px\" class=\"wp-caption alignnone\"><img data-recalc-dims=\"1\" decoding=\"async\" aria-describedby=\"caption-attachment-2705\" class=\"wp-image-2705 size-large\" title=\"Alc\u00e1cer do Sal, slotudsigt\" src=\"https:\/\/i0.wp.com\/legendatours.net\/wp-content\/uploads\/2020\/07\/alcacer_sal_castle_view-1024x681.jpg?resize=1024%2C681&#038;ssl=1\" alt=\"Alc\u00e1cer do Sal, slotudsigt\" width=\"1024\" height=\"681\" \/><p id=\"caption-attachment-2705\" class=\"wp-caption-text\">Alc\u00e1cer do Sal, slot man kan\u00a0<em>udsigt<\/em>\u00a0Sado -floden og flyene i Alentejo -regionen. Ideel til at tage flotte fotografier.<\/p><\/div>\n<p>Denne tur vil f\u00f8re os langs de bem\u00e6rkelsesv\u00e6rdige spor af gamle kulturer: dolmens og cromlechs. Romerske og arabiske rester blander sig med de nyeste tegn p\u00e5 kristendom, som de mange middelalderborge kun er et eksempel p\u00e5.<\/p>\n<p>Vi vil g\u00e5 langs enorme hvedemarker og vinmarker, hvor intense gr\u00f8nne og gyldne farver pr\u00e6ger sletterne, og hvor markerne i for\u00e5ret er t\u00e6ppebelagt med millioner af vilde blomster for at gl\u00e6de \u00f8jnene.<\/p>\n<p>Vi ser store marker overs\u00e5et med kork- eller oliventr\u00e6er med flokke af gr\u00e6ssende dyr, k\u00f8er, f\u00e5r eller nogle gange grise, der normalt nyder skyggen af tr\u00e6erne.<\/p>\n<p>Landsbyerne med deres hvidkalkede huse bl\u00e6nder \u00f8jnene.<\/p>\n<p>Folk her er meget stolte af deres arv, og de bevarer de gamle bygninger og ogs\u00e5 den gamle praksis. Dette er en region, der har en meget rig h\u00e5ndv\u00e6rkstradition- keramik, broderier, h\u00e5ndmalede m\u00f8bler, smedejernsv\u00e6rker osv.<\/p>\n<p>Den lokale gastronomi er varieret og l\u00e6kker og matcher perfekt de ber\u00f8mte lokale vine.<\/p>\n<div id=\"attachment_2708\" style=\"width: 1034px\" class=\"wp-caption alignnone\"><img data-recalc-dims=\"1\" decoding=\"async\" aria-describedby=\"caption-attachment-2708\" class=\"wp-image-2708 size-large\" title=\"Marv\u00e3o er en lille middelalderby p\u00e5 toppen af bakken\" src=\"https:\/\/i0.wp.com\/legendatours.net\/wp-content\/uploads\/2020\/07\/marvao_village-1024x690.jpg?resize=1024%2C690&#038;ssl=1\" alt=\"Marv\u00e3o er en lille middelalderby p\u00e5 toppen af bakken\" width=\"1024\" height=\"690\" \/><p id=\"caption-attachment-2708\" class=\"wp-caption-text\">Marv\u00e3o er en lille middelalderby p\u00e5 toppen af bakken<\/p><\/div>\n<p>Dette er en tur, hvor stilheden og stilheden i de endel\u00f8se landskaber inviterer os til at dele naturen i et landligt milj\u00f8 og socialisere med de mennesker, der bor og arbejder der.<\/p>\n<p>Dette er en spektakul\u00e6r tur, der viser os tre meget forskellige facetter af denne bem\u00e6rkelsesv\u00e6rdige region, og det tager os til de \u00e6ldste rester af vores historie og arv.<\/p>\n<p>Vi starter vores opdagelse i Alc\u00e1cer do Sal. Alc\u00e1cer kombinerer en smuk ramme i udkanten af Rio Sado med sl\u00e5ende natur og et v\u00e6ld af historiske rester.<\/p>\n<p>Byens navn kommer fra det mauriske al qasr, der betyder &#039;slottet&#039;, og &quot;sal&quot; refererer til den \u00e6ldgamle saltproduktion i dette omr\u00e5de.<\/p>\n<p>En anden industri, der er typisk for den kystn\u00e6re Alentejo -region i Portugal, er produktionen af &quot;hvidt guld fra Alc\u00e1cer&quot;, pinjekerner, som det fremg\u00e5r af de store plantager af stenfyr.<\/p>\n<div id=\"attachment_2706\" style=\"width: 1034px\" class=\"wp-caption alignnone\"><img data-recalc-dims=\"1\" decoding=\"async\" aria-describedby=\"caption-attachment-2706\" class=\"wp-image-2706 size-large\" title=\"\u00c9vora er et af de bedste turistm\u00e5l i det centrale Portugal\" src=\"https:\/\/i0.wp.com\/legendatours.net\/wp-content\/uploads\/2020\/07\/evora-1024x576.jpg?resize=1024%2C576&#038;ssl=1\" alt=\"\u00c9vora er et af de bedste turistm\u00e5l i det centrale Portugal\" width=\"1024\" height=\"576\" \/><p id=\"caption-attachment-2706\" class=\"wp-caption-text\">\u00c9vora er et af de bedste turistm\u00e5l i det centrale Portugal<\/p><\/div>\n<p>N\u00e5r vi bev\u00e6ger os inde i landet, rejser vi til hjertet af Alentejo, til den maleriske bymur \u00c9vora, der st\u00e5r p\u00e5 UNESCOs verdensarvsliste.<\/p>\n<p>Her finder vi en sp\u00e6ndende blanding af arkitektur fra forskellige epoker, der g\u00e5r tilbage til f\u00f8r romertiden og charmerende gader fulde af mange caf\u00e9er og attraktive restauranter, der serverer lokalt Alentejan -k\u00f8kken.<\/p>\n<p>I det omkringliggende landskab er vilde for\u00e5rsblomster et godt tilbeh\u00f8r til vores fremragende g\u00e5ture.<\/p>\n<p>Vores sidste center er i Portalegre, porten til den \u00f8stlige Alentejo.<\/p>\n<p>En absolut herlig region med \u00e6gte sk\u00f8nhed, \u00e6gte bucolic liv, store landskaber og folk meget stolte af deres arv.<\/p>\n<p>Regionen ligger ved foden af S\u00e3o Mamede-bjergk\u00e6den og naturparken og indeholder et v\u00e6ld af historiske monumenter og \u00e6refrygtindgydende udsigt.<\/p>\n<p>Her finder vi fantastisk mad og vin, \u00e6ldgamle traditioner, smukt kunsth\u00e5ndv\u00e6rk samt fantastisk vandring blandt sl\u00e5ende natur.<\/p>","protected":false},"excerpt":{"rendered":"<p>Alentejo (bogstaveligt talt &quot;land ud over Tagus&quot;) er en varm, t\u00f8r, for det meste sk\u00e5nsom region nord for Algarve, der er blevet ignoreret af alle p\u00e5 n\u00e6r nogle f\u00e5.<\/p>\n<p>Alentejo er en tyndt befolket region med \u00e5bne horisonter, hvor livets rytme f\u00f8lger tomgangslyden fra regionale sange.<\/p>\n<p>Det er perfekt til at g\u00e5 og opleve et uforglemmeligt eventyr: et land med tradition og arv.<\/p>","protected":false},"featured_media":5401,"comment_status":"closed","ping_status":"closed","template":"","meta":{"_acf_changed":false,"inline_featured_image":false},"product_brand":[],"product_cat":[343,340,342,344,355],"product_tag":[966,1022,473,63,64,254,358,112,967,243,92,968,220,65,508,257,259,115,459,260,841,261,969,657,66,265,970,610,267,581,886,87,68],"class_list":{"0":"post-5396","1":"product","2":"type-product","3":"status-publish","4":"has-post-thumbnail","6":"product_cat-cultural-tours-and-holidays-in-portugal","7":"product_cat-guided-group-tours","8":"product_cat-portugal-guided-historical-holidays","9":"product_cat-guided-sightseeing-holidays-portugal","10":"product_cat-guided-walking-holidays-in-portugal","11":"product_tag-alcacer-do-sal","12":"product_tag-alenteho","13":"product_tag-alentejo","14":"product_tag-alentejo-landscape","15":"product_tag-alentejo-walking","16":"product_tag-ancient-buildings","17":"product_tag-ancient-churches","18":"product_tag-ancient-villages-and-castles","19":"product_tag-castelo-de-vide","20":"product_tag-charming-historical-towns","21":"product_tag-cork-woods","22":"product_tag-estremoz-walking","23":"product_tag-evora","24":"product_tag-evora-walking","25":"product_tag-gastronomy-and-wines","26":"product_tag-golden-wheat-fields","27":"product_tag-handicraft-tradition","28":"product_tag-historic-buildings","29":"product_tag-historic-town","30":"product_tag-history-and-heritage","31":"product_tag-inland-alentejo","32":"product_tag-local-gastronomy","33":"product_tag-marvao","34":"product_tag-medieval-castle","35":"product_tag-portalegre-walking","36":"product_tag-roman-and-arab-vestiges","37":"product_tag-sao-mamede-mountains","38":"product_tag-spring","39":"product_tag-the-alentejo","40":"product_tag-traditional-villages","41":"product_tag-traditions","42":"product_tag-unesco-world-heritage-site","43":"product_tag-wild-flowers-alentejo","45":"first","46":"instock","47":"virtual","48":"sold-individually","49":"product-type-booking"},"acf":[],"yoast_head":"<!-- This site is optimized with the Yoast SEO Premium plugin v26.8 (Yoast SEO v27.5) - https:\/\/yoast.com\/product\/yoast-seo-premium-wordpress\/ -->\n<title>Aspects of The Alentejo Walking Holiday<\/title>\n<meta name=\"description\" content=\"Alentejo is a sparsely populated region with open horizons, where the rhythm of life follows the idle sound of regional songs.It is perfect for walking and experiencing an unforgettable adventure: a land of tradition and heritage.This tour will take us along the remarkable traces of ancient cultures: dolmens and cromlechs. Roman and Arab vestiges mingling with the most recent signs of Christianity of which the numerous medieval castles are but one example.We will walk alongside vast wheat-fields and vineyards where intense green and golden colours characterise the plains and where, in the spring time, the fields are carpeted with millions of wild flowers to delight the eyes.\" \/>\n<meta name=\"robots\" content=\"index, follow, max-snippet:-1, max-image-preview:large, max-video-preview:-1\" \/>\n<link rel=\"canonical\" href=\"https:\/\/becooltravel.com\/da\/vare\/aspekter-af-alentejo-1100g\/\" \/>\n<meta property=\"og:locale\" content=\"da_DK\" \/>\n<meta property=\"og:type\" content=\"article\" \/>\n<meta property=\"og:title\" content=\"Walking holidays in The Alentejo (literally \u201cland beyond the Tagus\u201d)\" \/>\n<meta property=\"og:description\" content=\"Alentejo is a sparsely populated region with open horizons, where the rhythm of life follows the idle sound of regional songs.It is perfect for walking and experiencing an unforgettable adventure: a land of tradition and heritage.This tour will take us along the remarkable traces of ancient cultures: dolmens and cromlechs. Roman and Arab vestiges mingling with the most recent signs of Christianity of which the numerous medieval castles are but one example.We will walk alongside vast wheat-fields and vineyards where intense green and golden colours characterise the plains and where, in the spring time, the fields are carpeted with millions of wild flowers to delight the eyes.\" \/>\n<meta property=\"og:url\" content=\"https:\/\/becooltravel.com\/da\/vare\/aspekter-af-alentejo-1100g\/\" \/>\n<meta property=\"og:site_name\" content=\"BeCool Travel\" \/>\n<meta property=\"article:publisher\" content=\"https:\/\/www.facebook.com\/becooltravelagency\/\" \/>\n<meta property=\"article:modified_time\" content=\"2022-08-14T14:02:05+00:00\" \/>\n<meta property=\"og:image\" content=\"https:\/\/i0.wp.com\/becooltravel.com\/wp-content\/uploads\/sites\/5\/2020\/07\/alcacer_sal_castle_view.jpg?fit=1154%2C768&ssl=1\" \/>\n\t<meta property=\"og:image:width\" content=\"1154\" \/>\n\t<meta property=\"og:image:height\" content=\"768\" \/>\n\t<meta property=\"og:image:type\" content=\"image\/jpeg\" \/>\n<meta name=\"twitter:card\" content=\"summary_large_image\" \/>\n<meta name=\"twitter:title\" content=\"Walking holidays in Alentejo is a warm, dry, mostly gentle region north of the Algarve\" \/>\n<meta name=\"twitter:description\" content=\"We see vast fields dotted with cork or olive trees with herds of grazing animals, cows, sheep or sometimes pigs usually enjoying the shade of the trees.The villages with their whitewashed houses dazzle the eyes.The people here are very proud of their heritage and they preserve the ancient buildings and also the ancient practices. This is a region that has a very rich handicraft tradition \u2013 pottery, embroideries, hand-painted furniture, wrought- iron works, etc.The local gastronomy is varied and delicious and perfectly matches the famous local wines.This is a tour where the quietness and silence of the endless landscapes invite us to share nature in a rural environment and socialize with the people that live and work there.\" \/>\n<meta name=\"twitter:image\" content=\"https:\/\/i0.wp.com\/becooltravel.com\/wp-content\/uploads\/sites\/5\/2020\/07\/alcacer_sal_castle_view.jpg?fit=1154%2C768&ssl=1\" \/>\n<meta name=\"twitter:site\" content=\"@becool_travel\" \/>\n<meta name=\"twitter:label1\" content=\"Estimeret l\u00e6setid\" \/>\n\t<meta name=\"twitter:data1\" content=\"4 minutter\" \/>\n<script type=\"application\/ld+json\" class=\"yoast-schema-graph\">{\"@context\":\"https:\\\/\\\/schema.org\",\"@graph\":[{\"@type\":[\"WebPage\",\"ItemPage\"],\"@id\":\"https:\\\/\\\/becooltravel.com\\\/product\\\/aspects-of-the-alentejo-1100g\\\/\",\"url\":\"https:\\\/\\\/becooltravel.com\\\/product\\\/aspects-of-the-alentejo-1100g\\\/\",\"name\":\"Aspects of The Alentejo Walking Holiday\",\"isPartOf\":{\"@id\":\"https:\\\/\\\/becooltravel.com\\\/#website\"},\"primaryImageOfPage\":{\"@id\":\"https:\\\/\\\/becooltravel.com\\\/product\\\/aspects-of-the-alentejo-1100g\\\/#primaryimage\"},\"image\":{\"@id\":\"https:\\\/\\\/becooltravel.com\\\/product\\\/aspects-of-the-alentejo-1100g\\\/#primaryimage\"},\"thumbnailUrl\":\"https:\\\/\\\/i0.wp.com\\\/becooltravel.com\\\/wp-content\\\/uploads\\\/sites\\\/5\\\/2020\\\/07\\\/marvao.jpg?fit=1023%2C768&ssl=1\",\"datePublished\":\"2020-07-02T13:54:13+00:00\",\"dateModified\":\"2022-08-14T14:02:05+00:00\",\"description\":\"Alentejo is a sparsely populated region with open horizons, where the rhythm of life follows the idle sound of regional songs.It is perfect for walking and experiencing an unforgettable adventure: a land of tradition and heritage.This tour will take us along the remarkable traces of ancient cultures: dolmens and cromlechs. Roman and Arab vestiges mingling with the most recent signs of Christianity of which the numerous medieval castles are but one example.We will walk alongside vast wheat-fields and vineyards where intense green and golden colours characterise the plains and where, in the spring time, the fields are carpeted with millions of wild flowers to delight the eyes.\",\"breadcrumb\":{\"@id\":\"https:\\\/\\\/becooltravel.com\\\/product\\\/aspects-of-the-alentejo-1100g\\\/#breadcrumb\"},\"inLanguage\":\"da-DK\",\"potentialAction\":[{\"@type\":\"ReadAction\",\"target\":[\"https:\\\/\\\/becooltravel.com\\\/product\\\/aspects-of-the-alentejo-1100g\\\/\"]}]},{\"@type\":\"ImageObject\",\"inLanguage\":\"da-DK\",\"@id\":\"https:\\\/\\\/becooltravel.com\\\/product\\\/aspects-of-the-alentejo-1100g\\\/#primaryimage\",\"url\":\"https:\\\/\\\/i0.wp.com\\\/becooltravel.com\\\/wp-content\\\/uploads\\\/sites\\\/5\\\/2020\\\/07\\\/marvao.jpg?fit=1023%2C768&ssl=1\",\"contentUrl\":\"https:\\\/\\\/i0.wp.com\\\/becooltravel.com\\\/wp-content\\\/uploads\\\/sites\\\/5\\\/2020\\\/07\\\/marvao.jpg?fit=1023%2C768&ssl=1\",\"width\":1023,\"height\":768,\"caption\":\"Marvao\"},{\"@type\":\"BreadcrumbList\",\"@id\":\"https:\\\/\\\/becooltravel.com\\\/product\\\/aspects-of-the-alentejo-1100g\\\/#breadcrumb\",\"itemListElement\":[{\"@type\":\"ListItem\",\"position\":1,\"name\":\"Home\",\"item\":\"https:\\\/\\\/becooltravel.com\\\/\"},{\"@type\":\"ListItem\",\"position\":2,\"name\":\"Shop\",\"item\":\"https:\\\/\\\/becooltravel.com\\\/?page_id=5\"},{\"@type\":\"ListItem\",\"position\":3,\"name\":\"The Alentejo (literally \u201cland beyond the Tagus\u201d) is a warm, dry, mostly gentle region north of the Algarve that has been ignored by all but a few. Alentejo is a sparsely populated region with open horizons, where the rhythm of life follows the idle sound of regional songs. It is perfect for walking and experiencing an unforgettable adventure: a land of tradition and heritage.\",\"item\":\"https:\\\/\\\/becooltravel.com\\\/product-tag\\\/alcacer-do-sal\\\/\"},{\"@type\":\"ListItem\",\"position\":4,\"name\":\"Walking holidays in The Alentejo (literally \u201cland beyond the Tagus\u201d) is a warm, dry, mostly gentle region north of the Algarve\"}]},{\"@type\":\"WebSite\",\"@id\":\"https:\\\/\\\/becooltravel.com\\\/#website\",\"url\":\"https:\\\/\\\/becooltravel.com\\\/\",\"name\":\"BeCool Travel\",\"description\":\"Sustainable holidays in Portugal for independent travelers\",\"publisher\":{\"@id\":\"https:\\\/\\\/becooltravel.com\\\/#organization\"},\"potentialAction\":[{\"@type\":\"SearchAction\",\"target\":{\"@type\":\"EntryPoint\",\"urlTemplate\":\"https:\\\/\\\/becooltravel.com\\\/?s={search_term_string}\"},\"query-input\":{\"@type\":\"PropertyValueSpecification\",\"valueRequired\":true,\"valueName\":\"search_term_string\"}}],\"inLanguage\":\"da-DK\"},{\"@type\":\"Organization\",\"@id\":\"https:\\\/\\\/becooltravel.com\\\/#organization\",\"name\":\"BecoolTravel. com- Portugal\",\"url\":\"https:\\\/\\\/becooltravel.com\\\/\",\"logo\":{\"@type\":\"ImageObject\",\"inLanguage\":\"da-DK\",\"@id\":\"https:\\\/\\\/becooltravel.com\\\/#\\\/schema\\\/logo\\\/image\\\/\",\"url\":\"https:\\\/\\\/becooltravel.com\\\/wp-content\\\/uploads\\\/sites\\\/5\\\/2020\\\/03\\\/Logo_BeCool.jpg\",\"contentUrl\":\"https:\\\/\\\/becooltravel.com\\\/wp-content\\\/uploads\\\/sites\\\/5\\\/2020\\\/03\\\/Logo_BeCool.jpg\",\"width\":534,\"height\":534,\"caption\":\"BecoolTravel. com- Portugal\"},\"image\":{\"@id\":\"https:\\\/\\\/becooltravel.com\\\/#\\\/schema\\\/logo\\\/image\\\/\"},\"sameAs\":[\"https:\\\/\\\/www.facebook.com\\\/becooltravelagency\\\/\",\"https:\\\/\\\/x.com\\\/becool_travel\",\"https:\\\/\\\/www.instagram.com\\\/becooltravel_com\\\/\",\"https:\\\/\\\/www.linkedin.com\\\/company\\\/becool-travel\\\/\",\"https:\\\/\\\/www.youtube.com\\\/channel\\\/UCE7zRU3EVG1PgfXwQo-5uJw\"]}]}<\/script>\n<!-- \/ Yoast SEO Premium plugin. -->","yoast_head_json":{"title":"Aspekter af Alentejo Walking Holiday","description":"Alentejo er en tyndt befolket region med \u00e5bne horisonter, hvor livets rytme f\u00f8lger den regionale tomtes sange, og den er perfekt til at g\u00e5 og opleve et uforglemmeligt eventyr: et land med tradition og arv. Denne tur f\u00f8rer os langs de bem\u00e6rkelsesv\u00e6rdige spor af gamle kulturer: dolmens og cromlechs. Romerske og arabiske rester blander sig med de nyeste tegn p\u00e5 kristendom, som de mange middelalderborge kun er et eksempel p\u00e5. Vi g\u00e5r langs store hvedemarker og vinmarker, hvor intense gr\u00f8nne og gyldne farver pr\u00e6ger sletterne, og hvor der i for\u00e5rstiden markerne er t\u00e6ppebelagt med millioner af vilde blomster for at gl\u00e6de \u00f8jnene.","robots":{"index":"index","follow":"follow","max-snippet":"max-snippet:-1","max-image-preview":"max-image-preview:large","max-video-preview":"max-video-preview:-1"},"canonical":"https:\/\/becooltravel.com\/da\/vare\/aspekter-af-alentejo-1100g\/","og_locale":"da_DK","og_type":"article","og_title":"Walking holidays in The Alentejo (literally \u201cland beyond the Tagus\u201d)","og_description":"Alentejo is a sparsely populated region with open horizons, where the rhythm of life follows the idle sound of regional songs.It is perfect for walking and experiencing an unforgettable adventure: a land of tradition and heritage.This tour will take us along the remarkable traces of ancient cultures: dolmens and cromlechs. Roman and Arab vestiges mingling with the most recent signs of Christianity of which the numerous medieval castles are but one example.We will walk alongside vast wheat-fields and vineyards where intense green and golden colours characterise the plains and where, in the spring time, the fields are carpeted with millions of wild flowers to delight the eyes.","og_url":"https:\/\/becooltravel.com\/da\/vare\/aspekter-af-alentejo-1100g\/","og_site_name":"BeCool Travel","article_publisher":"https:\/\/www.facebook.com\/becooltravelagency\/","article_modified_time":"2022-08-14T14:02:05+00:00","og_image":[{"width":1154,"height":768,"url":"https:\/\/i0.wp.com\/becooltravel.com\/wp-content\/uploads\/sites\/5\/2020\/07\/alcacer_sal_castle_view.jpg?fit=1154%2C768&ssl=1","type":"image\/jpeg"}],"twitter_card":"summary_large_image","twitter_title":"Walking holidays in Alentejo is a warm, dry, mostly gentle region north of the Algarve","twitter_description":"We see vast fields dotted with cork or olive trees with herds of grazing animals, cows, sheep or sometimes pigs usually enjoying the shade of the trees.The villages with their whitewashed houses dazzle the eyes.The people here are very proud of their heritage and they preserve the ancient buildings and also the ancient practices. This is a region that has a very rich handicraft tradition \u2013 pottery, embroideries, hand-painted furniture, wrought- iron works, etc.The local gastronomy is varied and delicious and perfectly matches the famous local wines.This is a tour where the quietness and silence of the endless landscapes invite us to share nature in a rural environment and socialize with the people that live and work there.","twitter_image":"https:\/\/i0.wp.com\/becooltravel.com\/wp-content\/uploads\/sites\/5\/2020\/07\/alcacer_sal_castle_view.jpg?fit=1154%2C768&ssl=1","twitter_site":"@becool_travel","twitter_misc":{"Estimeret l\u00e6setid":"4 minutter"},"schema":{"@context":"https:\/\/schema.org","@graph":[{"@type":["WebPage","ItemPage"],"@id":"https:\/\/becooltravel.com\/product\/aspects-of-the-alentejo-1100g\/","url":"https:\/\/becooltravel.com\/product\/aspects-of-the-alentejo-1100g\/","name":"Aspekter af Alentejo Walking Holiday","isPartOf":{"@id":"https:\/\/becooltravel.com\/#website"},"primaryImageOfPage":{"@id":"https:\/\/becooltravel.com\/product\/aspects-of-the-alentejo-1100g\/#primaryimage"},"image":{"@id":"https:\/\/becooltravel.com\/product\/aspects-of-the-alentejo-1100g\/#primaryimage"},"thumbnailUrl":"https:\/\/i0.wp.com\/becooltravel.com\/wp-content\/uploads\/sites\/5\/2020\/07\/marvao.jpg?fit=1023%2C768&ssl=1","datePublished":"2020-07-02T13:54:13+00:00","dateModified":"2022-08-14T14:02:05+00:00","description":"Alentejo er en tyndt befolket region med \u00e5bne horisonter, hvor livets rytme f\u00f8lger den regionale tomtes sange, og den er perfekt til at g\u00e5 og opleve et uforglemmeligt eventyr: et land med tradition og arv. Denne tur f\u00f8rer os langs de bem\u00e6rkelsesv\u00e6rdige spor af gamle kulturer: dolmens og cromlechs. Romerske og arabiske rester blander sig med de nyeste tegn p\u00e5 kristendom, som de mange middelalderborge kun er et eksempel p\u00e5. Vi g\u00e5r langs store hvedemarker og vinmarker, hvor intense gr\u00f8nne og gyldne farver pr\u00e6ger sletterne, og hvor der i for\u00e5rstiden markerne er t\u00e6ppebelagt med millioner af vilde blomster for at gl\u00e6de \u00f8jnene.","breadcrumb":{"@id":"https:\/\/becooltravel.com\/product\/aspects-of-the-alentejo-1100g\/#breadcrumb"},"inLanguage":"da-DK","potentialAction":[{"@type":"ReadAction","target":["https:\/\/becooltravel.com\/product\/aspects-of-the-alentejo-1100g\/"]}]},{"@type":"ImageObject","inLanguage":"da-DK","@id":"https:\/\/becooltravel.com\/product\/aspects-of-the-alentejo-1100g\/#primaryimage","url":"https:\/\/i0.wp.com\/becooltravel.com\/wp-content\/uploads\/sites\/5\/2020\/07\/marvao.jpg?fit=1023%2C768&ssl=1","contentUrl":"https:\/\/i0.wp.com\/becooltravel.com\/wp-content\/uploads\/sites\/5\/2020\/07\/marvao.jpg?fit=1023%2C768&ssl=1","width":1023,"height":768,"caption":"Marvao"},{"@type":"BreadcrumbList","@id":"https:\/\/becooltravel.com\/product\/aspects-of-the-alentejo-1100g\/#breadcrumb","itemListElement":[{"@type":"ListItem","position":1,"name":"Home","item":"https:\/\/becooltravel.com\/"},{"@type":"ListItem","position":2,"name":"Shop","item":"https:\/\/becooltravel.com\/?page_id=5"},{"@type":"ListItem","position":3,"name":"The Alentejo (literally \u201cland beyond the Tagus\u201d) is a warm, dry, mostly gentle region north of the Algarve that has been ignored by all but a few. Alentejo is a sparsely populated region with open horizons, where the rhythm of life follows the idle sound of regional songs. It is perfect for walking and experiencing an unforgettable adventure: a land of tradition and heritage.","item":"https:\/\/becooltravel.com\/product-tag\/alcacer-do-sal\/"},{"@type":"ListItem","position":4,"name":"Walking holidays in The Alentejo (literally \u201cland beyond the Tagus\u201d) is a warm, dry, mostly gentle region north of the Algarve"}]},{"@type":"WebSite","@id":"https:\/\/becooltravel.com\/#website","url":"https:\/\/becooltravel.com\/","name":"BeCool rejse","description":"B\u00e6redygtig ferie i Portugal for uafh\u00e6ngige rejsende","publisher":{"@id":"https:\/\/becooltravel.com\/#organization"},"potentialAction":[{"@type":"SearchAction","target":{"@type":"EntryPoint","urlTemplate":"https:\/\/becooltravel.com\/?s={search_term_string}"},"query-input":{"@type":"PropertyValueSpecification","valueRequired":true,"valueName":"search_term_string"}}],"inLanguage":"da-DK"},{"@type":"Organization","@id":"https:\/\/becooltravel.com\/#organization","name":"BecoolTravel. com- Portugal","url":"https:\/\/becooltravel.com\/","logo":{"@type":"ImageObject","inLanguage":"da-DK","@id":"https:\/\/becooltravel.com\/#\/schema\/logo\/image\/","url":"https:\/\/becooltravel.com\/wp-content\/uploads\/sites\/5\/2020\/03\/Logo_BeCool.jpg","contentUrl":"https:\/\/becooltravel.com\/wp-content\/uploads\/sites\/5\/2020\/03\/Logo_BeCool.jpg","width":534,"height":534,"caption":"BecoolTravel. com- Portugal"},"image":{"@id":"https:\/\/becooltravel.com\/#\/schema\/logo\/image\/"},"sameAs":["https:\/\/www.facebook.com\/becooltravelagency\/","https:\/\/x.com\/becool_travel","https:\/\/www.instagram.com\/becooltravel_com\/","https:\/\/www.linkedin.com\/company\/becool-travel\/","https:\/\/www.youtube.com\/channel\/UCE7zRU3EVG1PgfXwQo-5uJw"]}]}},"jetpack_sharing_enabled":true,"_links":{"self":[{"href":"https:\/\/becooltravel.com\/da\/wp-json\/wp\/v2\/product\/5396","targetHints":{"allow":["GET"]}}],"collection":[{"href":"https:\/\/becooltravel.com\/da\/wp-json\/wp\/v2\/product"}],"about":[{"href":"https:\/\/becooltravel.com\/da\/wp-json\/wp\/v2\/types\/product"}],"replies":[{"embeddable":true,"href":"https:\/\/becooltravel.com\/da\/wp-json\/wp\/v2\/comments?post=5396"}],"wp:featuredmedia":[{"embeddable":true,"href":"https:\/\/becooltravel.com\/da\/wp-json\/wp\/v2\/media\/5401"}],"wp:attachment":[{"href":"https:\/\/becooltravel.com\/da\/wp-json\/wp\/v2\/media?parent=5396"}],"wp:term":[{"taxonomy":"product_brand","embeddable":true,"href":"https:\/\/becooltravel.com\/da\/wp-json\/wp\/v2\/product_brand?post=5396"},{"taxonomy":"product_cat","embeddable":true,"href":"https:\/\/becooltravel.com\/da\/wp-json\/wp\/v2\/product_cat?post=5396"},{"taxonomy":"product_tag","embeddable":true,"href":"https:\/\/becooltravel.com\/da\/wp-json\/wp\/v2\/product_tag?post=5396"}],"curies":[{"name":"wp","href":"https:\/\/api.w.org\/{rel}","templated":true}]}}