{"id":5427,"date":"2020-07-06T11:02:59","date_gmt":"2020-07-06T11:02:59","guid":{"rendered":"https:\/\/becooltravel.com\/?post_type=product&#038;p=5427"},"modified":"2025-03-07T15:53:02","modified_gmt":"2025-03-07T15:53:02","slug":"santiagos-way-in-the-atlantic-coast-1900g","status":"publish","type":"product","link":"https:\/\/becooltravel.com\/da\/vare\/santiagos-vejen-i-atlanterhavskysten-1900g\/","title":{"rendered":"Santiago&#039;s Way Walking in the Atlantic Coast fra Portugal"},"content":{"rendered":"<p><strong>Grupper accepteret med mindst 6 personer.<\/strong><\/p>\n<p>&nbsp;<\/p>\n<p>Der er en r\u00e6kke ruter til Santiago de Compostela, som pilgrimme har fulgt i \u00e5rhundreder. Nogle er mindre ber\u00f8mte end andre, og den portugisiske Atlanterhavsvej, selvom den ikke er den bedst kendte, er kendt for sin sk\u00f8nhed og ro og bliver stadig mere popul\u00e6r.<\/p>\n<p>Den portugisiske kystvej eller Caminho da Costa er en fantastisk, let til moderat, alternativ rute til Santiago de Compostela.<\/p>\n<div id=\"attachment_2764\" style=\"width: 1034px\" class=\"wp-caption alignnone\"><img data-recalc-dims=\"1\" decoding=\"async\" aria-describedby=\"caption-attachment-2764\" class=\"wp-image-2764 size-large\" title=\"Santiago_Compostela - legenden om St. James og v\u00e6rdien af &quot;pilgrimsf\u00e6rden&quot;\" src=\"https:\/\/i0.wp.com\/legendatours.net\/wp-content\/uploads\/2020\/07\/Santiago_Compostela-1024x683.jpg?resize=1024%2C683&#038;ssl=1\" alt=\"Santiago_Compostela - legenden om St. James og v\u00e6rdien af &quot;pilgrimsf\u00e6rden&quot;\" width=\"1024\" height=\"683\" \/><p id=\"caption-attachment-2764\" class=\"wp-caption-text\">Santiago_Compostela - legenden om St. James og v\u00e6rdien af &quot;pilgrimsf\u00e6rden&quot;<\/p><\/div>\n<p>Nogle af byerne og landsbyerne er hjemsted for storsl\u00e5ede barokke og romanske kirker, og disse, sammen med monumenterne og korsene langs vejen, er med til at fort\u00e6lle historien om denne mindre trampede rute, alt imens de forbereder os til vores endelige destination Santiago de Compostela \u2013 hvor vi ved ankomsten vil forst\u00e5, hvorfor s\u00e5 mange har fulgt disse ruter gennem de mange \u00e5rhundreder f\u00f8r os.<\/p>\n<p>Legenden siger, at St. James rejste til Spanien for at sprede den gode nyhed og derefter vendte tilbage til Jerusalem, hvor han blev martyrd\u00f8d. Hans tilh\u00e6ngere bar derefter hans lig til kysten, hvor et skib mirakul\u00f8st ventede p\u00e5 at transportere resterne til det nordvestlige Spanien. Den n\u00f8jagtige placering af graven gik tabt i historien. Gennem en vision, hundreder af \u00e5r senere, var en spansk eremit i stand til at vise vej til romertidens grav, og en kirke blev bygget p\u00e5 stedet. Selve byen voksede op omkring kirken.<\/p>\n<div id=\"attachment_2767\" style=\"width: 1034px\" class=\"wp-caption alignnone\"><img data-recalc-dims=\"1\" decoding=\"async\" aria-describedby=\"caption-attachment-2767\" class=\"wp-image-2767 size-large\" title=\"Kort Coastal Santiago&#039;s Way\" src=\"https:\/\/i0.wp.com\/legendatours.net\/wp-content\/uploads\/2020\/07\/caminho_costa-1024x574.jpg?resize=1024%2C574&#038;ssl=1\" alt=\"Kort Coastal Santiago&#039;s Way\" width=\"1024\" height=\"574\" \/><p id=\"caption-attachment-2767\" class=\"wp-caption-text\">Kort Coastal Santiago&#039;s Way<\/p><\/div>\n<p>Vores vandretur starter i den farverige by Porto i Portugal og vil tage os til charmerende kystbyer og landsbyer i det nordlige Portugal og Galicien. Ruten g\u00e5r gennem Viana do Castelo, Caminha, Baiona, Pontevedra, Caldas Dos Reis og Padron, for at slutte p\u00e5 Obradoiro-pladsen og den kolossale barokke katedral, hvor resterne af apostlen Santiago ligger.<\/p>\n<p>Den portugisiske Atlanterhavsvej er cirka 241 km. Vi udv\u00e6lger de bedste sektioner til din nydelse.<\/p>\n<p>Nogle mennesker bruger denne uge som en introduktion til Caminho. Hvis du er inspireret af din ferie og \u00f8nsker at komme tilbage p\u00e5 et senere tidspunkt for at foretage hele pilgrimsrejsen, vil disse vandreture v\u00e6re en forn\u00f8jelse at gentage.<\/p>\n<p>De fleste g\u00e5ture vil have et fravalg tilg\u00e6ngeligt for dem, der ikke \u00f8nsker at k\u00f8re hele distancen eller foretr\u00e6kker at bruge mere tid p\u00e5 sightseeing.<\/p>\n<div class=\"row\" style=\"display: flex;\">\n<div class=\"column\" style=\"flex: 45%;\">\n<p><iframe title=\"Caminhos de Santiago - Caminho Portugu\u00eas da Costa\" width=\"1080\" height=\"608\" src=\"https:\/\/www.youtube.com\/embed\/2xszS0FYP00?feature=oembed\" frameborder=\"0\" allow=\"accelerometer; autoplay; clipboard-write; encrypted-media; gyroscope; picture-in-picture; web-share\" referrerpolicy=\"strict-origin-when-cross-origin\" allowfullscreen><\/iframe><\/p>\n<\/div>\n<div class=\"column\" style=\"flex: 10%;\"><\/div>\n<div class=\"column\" style=\"flex: 45%;\">\n<p><iframe title=\"Caminhos de Santiago - Caminho Portugu\u00eas da Costa\" width=\"1080\" height=\"608\" src=\"https:\/\/www.youtube.com\/embed\/2xszS0FYP00?feature=oembed\" frameborder=\"0\" allow=\"accelerometer; autoplay; clipboard-write; encrypted-media; gyroscope; picture-in-picture; web-share\" referrerpolicy=\"strict-origin-when-cross-origin\" allowfullscreen><\/iframe><\/p>\n<\/div>\n<\/div>","protected":false},"excerpt":{"rendered":"<p>Der er en r\u00e6kke ruter til Santiago de Compostela, som pilgrimme har fulgt i \u00e5rhundreder. Nogle er mindre ber\u00f8mte end andre, og den portugisiske Atlanterhavsvej, selvom den ikke er den bedst kendte, er kendt for sin sk\u00f8nhed og ro og bliver stadig mere popul\u00e6r.<\/p>\n<p>Den portugisiske Atlanterhavsvej er cirka 241 km, men vi har udvalgt de bedste sektioner til din nydelse!<\/p>","protected":false},"featured_media":5473,"comment_status":"closed","ping_status":"closed","template":"","meta":{"_acf_changed":false,"inline_featured_image":false},"product_brand":[],"product_cat":[343,340,342,344,355],"product_tag":[358,585,895,159,161,163,1239,221,508,958,959,314,956,315,750,459,260,189,165,755,565,166,144,191,192,1114,984,170,171,581,1227,172,324,549,363],"class_list":{"0":"post-5427","1":"product","2":"type-product","3":"status-publish","4":"has-post-thumbnail","6":"product_cat-cultural-tours-and-holidays-in-portugal","7":"product_cat-guided-group-tours","8":"product_cat-portugal-guided-historical-holidays","9":"product_cat-guided-sightseeing-holidays-portugal","10":"product_cat-guided-walking-holidays-in-portugal","11":"product_tag-ancient-churches","12":"product_tag-architectonic-heritage","13":"product_tag-atlantic-ocean","14":"product_tag-atlantic-way","15":"product_tag-caldas-dos-reis","16":"product_tag-caminho-da-costa","17":"product_tag-cherry-picked-walks","18":"product_tag-fantastic-itinerary-of-walks","19":"product_tag-gastronomy-and-wines","20":"product_tag-guided-holidays","21":"product_tag-guided-tours","22":"product_tag-hiking","23":"product_tag-hiking-holidays","24":"product_tag-hiking-routes","25":"product_tag-hiking-trails","26":"product_tag-historic-town","27":"product_tag-history-and-heritage","28":"product_tag-northern-portugal","29":"product_tag-northern-portugal-and-galicia","30":"product_tag-oporto","31":"product_tag-perfect-for-hiking","32":"product_tag-pilgrimage","33":"product_tag-porto","34":"product_tag-portuguese-atlantic-way","35":"product_tag-queen-isabel-of-portugal","36":"product_tag-santa-tecla","37":"product_tag-santiago-compostela-walks","38":"product_tag-santiago-de-compostela","39":"product_tag-the-way-of-st-james","40":"product_tag-traditional-villages","41":"product_tag-trekking","42":"product_tag-viana-do-castelo","43":"product_tag-walking-experiences","44":"product_tag-walking-program","45":"product_tag-walks-porto","47":"first","48":"instock","49":"virtual","50":"sold-individually","51":"product-type-booking"},"acf":[],"yoast_head":"<!-- This site is optimized with the Yoast SEO Premium plugin v26.8 (Yoast SEO v27.5) - https:\/\/yoast.com\/product\/yoast-seo-premium-wordpress\/ -->\n<title>Santiago&#039;s Way Walking in the Atlantic Coast from Portugal<\/title>\n<meta name=\"description\" content=\"The Portuguese Coastal Way or Caminho da Costa is a stunning, easy to moderate, alternative route to Santiago de Compostela. Atlantic Way.\" \/>\n<meta name=\"robots\" content=\"index, follow, max-snippet:-1, max-image-preview:large, max-video-preview:-1\" \/>\n<link rel=\"canonical\" href=\"https:\/\/becooltravel.com\/da\/vare\/santiagos-vejen-i-atlanterhavskysten-1900g\/\" \/>\n<meta property=\"og:locale\" content=\"da_DK\" \/>\n<meta property=\"og:type\" content=\"article\" \/>\n<meta property=\"og:title\" content=\"Walking holidays in the Portuguese Coastal Way or Caminho da Costa to Santiago\" \/>\n<meta property=\"og:description\" content=\"The ancient paths of The Way of St. James we will follow are centuries old and Queen Isabel of Portugal herself is said to have travelled the same route in the 13th century. Some of the towns and villages are home to magnificent Baroque and Romanesque churches and these, together with the monuments and crosses along the way, help to tell the story of this less-trodden route, all the while preparing us for our final destination of Santiago de Compostela \u2013 where, on arrival, we will appreciate why so many have followed these routes over the many centuries before us.Legend has it that St. James travelled to Spain to spread the Good News and then returned to Jerusalem where he was martyred. His followers then carried his body to the coast, where a ship was miraculously waiting to carry the remains to northwestern Spain. The exact location of the tomb was lost in history. Through a vision, hundreds of years later, a Spanish hermit was able to point the way to the Roman era tomb and a church was built on the spot. The town itself grew up around the church.\" \/>\n<meta property=\"og:url\" content=\"https:\/\/becooltravel.com\/da\/vare\/santiagos-vejen-i-atlanterhavskysten-1900g\/\" \/>\n<meta property=\"og:site_name\" content=\"BeCool Travel\" \/>\n<meta property=\"article:publisher\" content=\"https:\/\/www.facebook.com\/becooltravelagency\/\" \/>\n<meta property=\"article:modified_time\" content=\"2025-03-07T15:53:02+00:00\" \/>\n<meta property=\"og:image\" content=\"https:\/\/i0.wp.com\/becooltravel.com\/wp-content\/uploads\/sites\/5\/2020\/07\/santiago_costal_way.jpg?fit=1200%2C800&ssl=1\" \/>\n\t<meta property=\"og:image:width\" content=\"1200\" \/>\n\t<meta property=\"og:image:height\" content=\"800\" \/>\n\t<meta property=\"og:image:type\" content=\"image\/jpeg\" \/>\n<meta name=\"twitter:card\" content=\"summary_large_image\" \/>\n<meta name=\"twitter:title\" content=\"Walking tours in the Portuguese Coastal Way or Caminho da Costa to Santiago\" \/>\n<meta name=\"twitter:description\" content=\"There are a number of routes to Santiago de Compostela that pilgrims have followed for centuries. Some are less famous than others and the Portuguese Atlantic Way, while not the best known, is renowned for its beauty and tranquillity and becoming increasingly popular.The Portuguese Coastal Way or Caminho da Costa is a stunning, easy to moderate, alternative route to Santiago de Compostela.Walking the Camino can be an incredibly rewarding and fun time while also providing great exercise. Doing the pilgrimage on foot also allows us to be much more intimately connected with the land and its people.\" \/>\n<meta name=\"twitter:image\" content=\"https:\/\/i0.wp.com\/becooltravel.com\/wp-content\/uploads\/sites\/5\/2020\/07\/santiago_costal_way.jpg?fit=1200%2C800&ssl=1\" \/>\n<meta name=\"twitter:site\" content=\"@becool_travel\" \/>\n<meta name=\"twitter:label1\" content=\"Estimeret l\u00e6setid\" \/>\n\t<meta name=\"twitter:data1\" content=\"3 minutter\" \/>\n<script type=\"application\/ld+json\" class=\"yoast-schema-graph\">{\"@context\":\"https:\\\/\\\/schema.org\",\"@graph\":[{\"@type\":\"WebPage\",\"@id\":\"https:\\\/\\\/becooltravel.com\\\/product\\\/santiagos-way-in-the-atlantic-coast-1900g\\\/\",\"url\":\"https:\\\/\\\/becooltravel.com\\\/product\\\/santiagos-way-in-the-atlantic-coast-1900g\\\/\",\"name\":\"Santiago's Way Walking in the Atlantic Coast from Portugal\",\"isPartOf\":{\"@id\":\"https:\\\/\\\/becooltravel.com\\\/#website\"},\"primaryImageOfPage\":{\"@id\":\"https:\\\/\\\/becooltravel.com\\\/product\\\/santiagos-way-in-the-atlantic-coast-1900g\\\/#primaryimage\"},\"image\":{\"@id\":\"https:\\\/\\\/becooltravel.com\\\/product\\\/santiagos-way-in-the-atlantic-coast-1900g\\\/#primaryimage\"},\"thumbnailUrl\":\"https:\\\/\\\/i0.wp.com\\\/becooltravel.com\\\/wp-content\\\/uploads\\\/sites\\\/5\\\/2020\\\/07\\\/santiago_costal_way.jpg?fit=1200%2C800&ssl=1\",\"datePublished\":\"2020-07-06T11:02:59+00:00\",\"dateModified\":\"2025-03-07T15:53:02+00:00\",\"description\":\"The Portuguese Coastal Way or Caminho da Costa is a stunning, easy to moderate, alternative route to Santiago de Compostela. Atlantic Way.\",\"breadcrumb\":{\"@id\":\"https:\\\/\\\/becooltravel.com\\\/product\\\/santiagos-way-in-the-atlantic-coast-1900g\\\/#breadcrumb\"},\"inLanguage\":\"da-DK\",\"potentialAction\":[{\"@type\":\"ReadAction\",\"target\":[\"https:\\\/\\\/becooltravel.com\\\/product\\\/santiagos-way-in-the-atlantic-coast-1900g\\\/\"]}]},{\"@type\":\"ImageObject\",\"inLanguage\":\"da-DK\",\"@id\":\"https:\\\/\\\/becooltravel.com\\\/product\\\/santiagos-way-in-the-atlantic-coast-1900g\\\/#primaryimage\",\"url\":\"https:\\\/\\\/i0.wp.com\\\/becooltravel.com\\\/wp-content\\\/uploads\\\/sites\\\/5\\\/2020\\\/07\\\/santiago_costal_way.jpg?fit=1200%2C800&ssl=1\",\"contentUrl\":\"https:\\\/\\\/i0.wp.com\\\/becooltravel.com\\\/wp-content\\\/uploads\\\/sites\\\/5\\\/2020\\\/07\\\/santiago_costal_way.jpg?fit=1200%2C800&ssl=1\",\"width\":1200,\"height\":800,\"caption\":\"Coastal Santiago Way\"},{\"@type\":\"BreadcrumbList\",\"@id\":\"https:\\\/\\\/becooltravel.com\\\/product\\\/santiagos-way-in-the-atlantic-coast-1900g\\\/#breadcrumb\",\"itemListElement\":[{\"@type\":\"ListItem\",\"position\":1,\"name\":\"Home\",\"item\":\"https:\\\/\\\/becooltravel.com\\\/\"},{\"@type\":\"ListItem\",\"position\":2,\"name\":\"Shop\",\"item\":\"https:\\\/\\\/becooltravel.com\\\/?page_id=5\"},{\"@type\":\"ListItem\",\"position\":3,\"name\":\"Walk and visit ancient churches in Portugal in your holiday\",\"item\":\"https:\\\/\\\/becooltravel.com\\\/product-tag\\\/ancient-churches\\\/\"},{\"@type\":\"ListItem\",\"position\":4,\"name\":\"Walking the Portuguese Coastal Way or Caminho da Costa to Santiago\"}]},{\"@type\":\"WebSite\",\"@id\":\"https:\\\/\\\/becooltravel.com\\\/#website\",\"url\":\"https:\\\/\\\/becooltravel.com\\\/\",\"name\":\"BeCool Travel\",\"description\":\"Sustainable holidays in Portugal for independent travelers\",\"publisher\":{\"@id\":\"https:\\\/\\\/becooltravel.com\\\/#organization\"},\"potentialAction\":[{\"@type\":\"SearchAction\",\"target\":{\"@type\":\"EntryPoint\",\"urlTemplate\":\"https:\\\/\\\/becooltravel.com\\\/?s={search_term_string}\"},\"query-input\":{\"@type\":\"PropertyValueSpecification\",\"valueRequired\":true,\"valueName\":\"search_term_string\"}}],\"inLanguage\":\"da-DK\"},{\"@type\":\"Organization\",\"@id\":\"https:\\\/\\\/becooltravel.com\\\/#organization\",\"name\":\"BecoolTravel. com- Portugal\",\"url\":\"https:\\\/\\\/becooltravel.com\\\/\",\"logo\":{\"@type\":\"ImageObject\",\"inLanguage\":\"da-DK\",\"@id\":\"https:\\\/\\\/becooltravel.com\\\/#\\\/schema\\\/logo\\\/image\\\/\",\"url\":\"https:\\\/\\\/becooltravel.com\\\/wp-content\\\/uploads\\\/sites\\\/5\\\/2020\\\/03\\\/Logo_BeCool.jpg\",\"contentUrl\":\"https:\\\/\\\/becooltravel.com\\\/wp-content\\\/uploads\\\/sites\\\/5\\\/2020\\\/03\\\/Logo_BeCool.jpg\",\"width\":534,\"height\":534,\"caption\":\"BecoolTravel. com- Portugal\"},\"image\":{\"@id\":\"https:\\\/\\\/becooltravel.com\\\/#\\\/schema\\\/logo\\\/image\\\/\"},\"sameAs\":[\"https:\\\/\\\/www.facebook.com\\\/becooltravelagency\\\/\",\"https:\\\/\\\/x.com\\\/becool_travel\",\"https:\\\/\\\/www.instagram.com\\\/becooltravel_com\\\/\",\"https:\\\/\\\/www.linkedin.com\\\/company\\\/becool-travel\\\/\",\"https:\\\/\\\/www.youtube.com\\\/channel\\\/UCE7zRU3EVG1PgfXwQo-5uJw\"]}]}<\/script>\n<!-- \/ Yoast SEO Premium plugin. -->","yoast_head_json":{"title":"Santiago&#039;s Way Walking in the Atlantic Coast fra Portugal","description":"Den portugisiske kystvej eller Caminho da Costa er en fantastisk, let til moderat, alternativ rute til Santiago de Compostela. Atlanterhavsvejen.","robots":{"index":"index","follow":"follow","max-snippet":"max-snippet:-1","max-image-preview":"max-image-preview:large","max-video-preview":"max-video-preview:-1"},"canonical":"https:\/\/becooltravel.com\/da\/vare\/santiagos-vejen-i-atlanterhavskysten-1900g\/","og_locale":"da_DK","og_type":"article","og_title":"Walking holidays in the Portuguese Coastal Way or Caminho da Costa to Santiago","og_description":"The ancient paths of The Way of St. James we will follow are centuries old and Queen Isabel of Portugal herself is said to have travelled the same route in the 13th century. Some of the towns and villages are home to magnificent Baroque and Romanesque churches and these, together with the monuments and crosses along the way, help to tell the story of this less-trodden route, all the while preparing us for our final destination of Santiago de Compostela \u2013 where, on arrival, we will appreciate why so many have followed these routes over the many centuries before us.Legend has it that St. James travelled to Spain to spread the Good News and then returned to Jerusalem where he was martyred. His followers then carried his body to the coast, where a ship was miraculously waiting to carry the remains to northwestern Spain. The exact location of the tomb was lost in history. Through a vision, hundreds of years later, a Spanish hermit was able to point the way to the Roman era tomb and a church was built on the spot. The town itself grew up around the church.","og_url":"https:\/\/becooltravel.com\/da\/vare\/santiagos-vejen-i-atlanterhavskysten-1900g\/","og_site_name":"BeCool Travel","article_publisher":"https:\/\/www.facebook.com\/becooltravelagency\/","article_modified_time":"2025-03-07T15:53:02+00:00","og_image":[{"width":1200,"height":800,"url":"https:\/\/i0.wp.com\/becooltravel.com\/wp-content\/uploads\/sites\/5\/2020\/07\/santiago_costal_way.jpg?fit=1200%2C800&ssl=1","type":"image\/jpeg"}],"twitter_card":"summary_large_image","twitter_title":"Walking tours in the Portuguese Coastal Way or Caminho da Costa to Santiago","twitter_description":"There are a number of routes to Santiago de Compostela that pilgrims have followed for centuries. Some are less famous than others and the Portuguese Atlantic Way, while not the best known, is renowned for its beauty and tranquillity and becoming increasingly popular.The Portuguese Coastal Way or Caminho da Costa is a stunning, easy to moderate, alternative route to Santiago de Compostela.Walking the Camino can be an incredibly rewarding and fun time while also providing great exercise. Doing the pilgrimage on foot also allows us to be much more intimately connected with the land and its people.","twitter_image":"https:\/\/i0.wp.com\/becooltravel.com\/wp-content\/uploads\/sites\/5\/2020\/07\/santiago_costal_way.jpg?fit=1200%2C800&ssl=1","twitter_site":"@becool_travel","twitter_misc":{"Estimeret l\u00e6setid":"3 minutter"},"schema":{"@context":"https:\/\/schema.org","@graph":[{"@type":"WebPage","@id":"https:\/\/becooltravel.com\/product\/santiagos-way-in-the-atlantic-coast-1900g\/","url":"https:\/\/becooltravel.com\/product\/santiagos-way-in-the-atlantic-coast-1900g\/","name":"Santiago&#039;s Way Walking in the Atlantic Coast fra Portugal","isPartOf":{"@id":"https:\/\/becooltravel.com\/#website"},"primaryImageOfPage":{"@id":"https:\/\/becooltravel.com\/product\/santiagos-way-in-the-atlantic-coast-1900g\/#primaryimage"},"image":{"@id":"https:\/\/becooltravel.com\/product\/santiagos-way-in-the-atlantic-coast-1900g\/#primaryimage"},"thumbnailUrl":"https:\/\/i0.wp.com\/becooltravel.com\/wp-content\/uploads\/sites\/5\/2020\/07\/santiago_costal_way.jpg?fit=1200%2C800&ssl=1","datePublished":"2020-07-06T11:02:59+00:00","dateModified":"2025-03-07T15:53:02+00:00","description":"Den portugisiske kystvej eller Caminho da Costa er en fantastisk, let til moderat, alternativ rute til Santiago de Compostela. Atlanterhavsvejen.","breadcrumb":{"@id":"https:\/\/becooltravel.com\/product\/santiagos-way-in-the-atlantic-coast-1900g\/#breadcrumb"},"inLanguage":"da-DK","potentialAction":[{"@type":"ReadAction","target":["https:\/\/becooltravel.com\/product\/santiagos-way-in-the-atlantic-coast-1900g\/"]}]},{"@type":"ImageObject","inLanguage":"da-DK","@id":"https:\/\/becooltravel.com\/product\/santiagos-way-in-the-atlantic-coast-1900g\/#primaryimage","url":"https:\/\/i0.wp.com\/becooltravel.com\/wp-content\/uploads\/sites\/5\/2020\/07\/santiago_costal_way.jpg?fit=1200%2C800&ssl=1","contentUrl":"https:\/\/i0.wp.com\/becooltravel.com\/wp-content\/uploads\/sites\/5\/2020\/07\/santiago_costal_way.jpg?fit=1200%2C800&ssl=1","width":1200,"height":800,"caption":"Coastal Santiago Way"},{"@type":"BreadcrumbList","@id":"https:\/\/becooltravel.com\/product\/santiagos-way-in-the-atlantic-coast-1900g\/#breadcrumb","itemListElement":[{"@type":"ListItem","position":1,"name":"Home","item":"https:\/\/becooltravel.com\/"},{"@type":"ListItem","position":2,"name":"Shop","item":"https:\/\/becooltravel.com\/?page_id=5"},{"@type":"ListItem","position":3,"name":"Walk and visit ancient churches in Portugal in your holiday","item":"https:\/\/becooltravel.com\/product-tag\/ancient-churches\/"},{"@type":"ListItem","position":4,"name":"Walking the Portuguese Coastal Way or Caminho da Costa to Santiago"}]},{"@type":"WebSite","@id":"https:\/\/becooltravel.com\/#website","url":"https:\/\/becooltravel.com\/","name":"BeCool rejse","description":"B\u00e6redygtig ferie i Portugal for uafh\u00e6ngige rejsende","publisher":{"@id":"https:\/\/becooltravel.com\/#organization"},"potentialAction":[{"@type":"SearchAction","target":{"@type":"EntryPoint","urlTemplate":"https:\/\/becooltravel.com\/?s={search_term_string}"},"query-input":{"@type":"PropertyValueSpecification","valueRequired":true,"valueName":"search_term_string"}}],"inLanguage":"da-DK"},{"@type":"Organization","@id":"https:\/\/becooltravel.com\/#organization","name":"BecoolTravel. com- Portugal","url":"https:\/\/becooltravel.com\/","logo":{"@type":"ImageObject","inLanguage":"da-DK","@id":"https:\/\/becooltravel.com\/#\/schema\/logo\/image\/","url":"https:\/\/becooltravel.com\/wp-content\/uploads\/sites\/5\/2020\/03\/Logo_BeCool.jpg","contentUrl":"https:\/\/becooltravel.com\/wp-content\/uploads\/sites\/5\/2020\/03\/Logo_BeCool.jpg","width":534,"height":534,"caption":"BecoolTravel. com- Portugal"},"image":{"@id":"https:\/\/becooltravel.com\/#\/schema\/logo\/image\/"},"sameAs":["https:\/\/www.facebook.com\/becooltravelagency\/","https:\/\/x.com\/becool_travel","https:\/\/www.instagram.com\/becooltravel_com\/","https:\/\/www.linkedin.com\/company\/becool-travel\/","https:\/\/www.youtube.com\/channel\/UCE7zRU3EVG1PgfXwQo-5uJw"]}]}},"jetpack_sharing_enabled":true,"_links":{"self":[{"href":"https:\/\/becooltravel.com\/da\/wp-json\/wp\/v2\/product\/5427","targetHints":{"allow":["GET"]}}],"collection":[{"href":"https:\/\/becooltravel.com\/da\/wp-json\/wp\/v2\/product"}],"about":[{"href":"https:\/\/becooltravel.com\/da\/wp-json\/wp\/v2\/types\/product"}],"replies":[{"embeddable":true,"href":"https:\/\/becooltravel.com\/da\/wp-json\/wp\/v2\/comments?post=5427"}],"wp:featuredmedia":[{"embeddable":true,"href":"https:\/\/becooltravel.com\/da\/wp-json\/wp\/v2\/media\/5473"}],"wp:attachment":[{"href":"https:\/\/becooltravel.com\/da\/wp-json\/wp\/v2\/media?parent=5427"}],"wp:term":[{"taxonomy":"product_brand","embeddable":true,"href":"https:\/\/becooltravel.com\/da\/wp-json\/wp\/v2\/product_brand?post=5427"},{"taxonomy":"product_cat","embeddable":true,"href":"https:\/\/becooltravel.com\/da\/wp-json\/wp\/v2\/product_cat?post=5427"},{"taxonomy":"product_tag","embeddable":true,"href":"https:\/\/becooltravel.com\/da\/wp-json\/wp\/v2\/product_tag?post=5427"}],"curies":[{"name":"wp","href":"https:\/\/api.w.org\/{rel}","templated":true}]}}