{"id":5428,"date":"2020-07-06T14:40:01","date_gmt":"2020-07-06T14:40:01","guid":{"rendered":"https:\/\/becooltravel.com\/?post_type=product&#038;p=5428"},"modified":"2022-08-13T15:32:44","modified_gmt":"2022-08-13T15:32:44","slug":"portimao-and-lagos-enchanted-west-algarve-11001g","status":"publish","type":"product","link":"https:\/\/becooltravel.com\/da\/vare\/portimao-og-lagos-fortryllet-vest-algarve-11001g\/","title":{"rendered":"G\u00e5tur i Portim\u00e3o &amp; Lagos: Enchanted West Algarve"},"content":{"rendered":"<p><strong>Grupper accepteret med mindst 6 personer.<\/strong><\/p>\n<p>&nbsp;<\/p>\n<p>Den vestlige Algarve er en komplet kontrast til den \u00f8stlige Algarve, og vores vandreture gennem denne tur tilbyder en herlig blanding af kyst-, bjerg- og indre landskaber.<\/p>\n<p>Den varierede geologi i den vestlige Algarve producerer en rig mangfoldighed af landskaber fra granitbjerge til dramatiske kalkstenshuller og havklipper. Denne mangfoldighed suppleres med den lokale flora og fauna, der blomstrer i det lige klima af milde, solrige vintre og lange, varme somre. Alt dette g\u00f8r turen her fascinerende kombineret.<\/p>\n<div id=\"attachment_1855\" style=\"width: 1034px\" class=\"wp-caption alignnone\"><img data-recalc-dims=\"1\" decoding=\"async\" aria-describedby=\"caption-attachment-1855\" class=\"wp-image-1855 size-large\" title=\"Lagos havnefronten attraktiv by, der var en vigtig romersk bos\u00e6ttelse\" src=\"https:\/\/i0.wp.com\/legendatours.net\/wp-content\/uploads\/2020\/03\/Lagos-waterfront-2-1024x686.jpg?resize=1024%2C686&#038;ssl=1\" alt=\"Lagos havnefronten attraktiv by, der var en vigtig romersk bos\u00e6ttelse\" width=\"1024\" height=\"686\" \/><p id=\"caption-attachment-1855\" class=\"wp-caption-text\">Lagos havnefronten attraktiv by, der var en vigtig romersk bos\u00e6ttelse<\/p><\/div>\n<p>Ture i denne tur tager os til alle de rigtige steder, s\u00e5 vi kan opdage Algarves enorme indbydende hjerte.<\/p>\n<p>Fra de &quot;klassiske&quot; sektioner af Algarve-kysten tager vi de perfekte sandstrande og forrevne forager med klippestabler og buer inklusive den spektakul\u00e6re Ponta da Piedade, lige uden for Lagos.<\/p>\n<p>Vi har muligheden for at udforske vandreture i indlandet, der f\u00f8rer til skjulte hemmeligheder som Silves, en af de \u00e6ldste byer i Portugal, bygget i en r\u00e6kke terrasser mellem floden og slottet.<\/p>\n<div id=\"attachment_1917\" style=\"width: 1034px\" class=\"wp-caption alignnone\"><img data-recalc-dims=\"1\" decoding=\"async\" aria-describedby=\"caption-attachment-1917\" class=\"wp-image-1917 size-large\" title=\"Ponta da Piedade, hvor de ber\u00f8mte havgrotter findes\" src=\"https:\/\/i0.wp.com\/legendatours.net\/wp-content\/uploads\/2020\/03\/Views_cliffs_WestAlgarve_Walk-1024x701.jpg?resize=1024%2C701&#038;ssl=1\" alt=\"Ponta da Piedade, hvor de ber\u00f8mte havgrotter findes\" width=\"1024\" height=\"701\" \/><p id=\"caption-attachment-1917\" class=\"wp-caption-text\">Ponta da Piedade, hvor de ber\u00f8mte havgrotter findes<\/p><\/div>\n<p>Vi forts\u00e6tter vores s\u00f8gen efter de skjulte perler i den vestlige Algarve med en kystvandring, der starter p\u00e5 udvej Luz mod Lagos, med tid til at bes\u00f8ge denne smukke historiske by. P\u00e5 vej tilbage ind i landet vil vi tage en dejlig tur gennem nogle typiske Algarvian landsbyer, s\u00e5 vi kan se Algarve i sin mest landlige form.<\/p>\n<p>Endelig vil vi tage til kanten af Europa i Sagres. En tur i Parque Natural da Costa Vicentina, det mest sydvestlige punkt i Europa, hvor der er mulighed for at s\u00e6tte pris p\u00e5 det rigelige fugleliv p\u00e5 en af de vigtigste vandreruter i Europa. Denne eskorterede vandretur ledes af en professionel lokal guide.<\/p>\n<p><iframe title=\"Algarve Visto do Ar - Concelho de Portim\u00e3o\" width=\"1080\" height=\"608\" src=\"https:\/\/www.youtube.com\/embed\/3oQNarcw8qo?feature=oembed\" frameborder=\"0\" allow=\"accelerometer; autoplay; clipboard-write; encrypted-media; gyroscope; picture-in-picture\" allowfullscreen><\/iframe><\/p>\n<p><iframe title=\"Algarve Visto do Ar - Concelho de Lagos\" width=\"1080\" height=\"608\" src=\"https:\/\/www.youtube.com\/embed\/ZY-lBUmDab4?feature=oembed\" frameborder=\"0\" allow=\"accelerometer; autoplay; clipboard-write; encrypted-media; gyroscope; picture-in-picture\" allowfullscreen><\/iframe><\/p>","protected":false},"excerpt":{"rendered":"<p>Den vestlige Algarve er en komplet kontrast til den \u00f8stlige Algarve, og vores vandreture gennem denne tur tilbyder en herlig blanding af kyst-, bjerg- og indre landskaber.<\/p>","protected":false},"featured_media":5332,"comment_status":"closed","ping_status":"closed","template":"","meta":{"_acf_changed":false,"inline_featured_image":false},"product_brand":[],"product_cat":[343,340,342,344,355],"product_tag":[732,236,795,587,410,838,558,839,559,606,55,56,475,57,431,248,434,249,58,548,566,416,957,417,954,436,317,724,949,59,213,60,1226,61,62,309,904,793],"class_list":{"0":"post-5428","1":"product","2":"type-product","3":"status-publish","4":"has-post-thumbnail","6":"product_cat-cultural-tours-and-holidays-in-portugal","7":"product_cat-guided-group-tours","8":"product_cat-portugal-guided-historical-holidays","9":"product_cat-guided-sightseeing-holidays-portugal","10":"product_cat-guided-walking-holidays-in-portugal","11":"product_tag-algarve-way","12":"product_tag-algarves-west-coast","13":"product_tag-alvor","14":"product_tag-amazing-walking","15":"product_tag-cabo-de-s-vicente","16":"product_tag-costa-vicentina","17":"product_tag-discover-the-west-algarve","18":"product_tag-dramatic-cliffs","19":"product_tag-fabulous-walks-along-the-coast","20":"product_tag-gastronomy","21":"product_tag-guided-walking-holidays","22":"product_tag-guided-walking-tours","23":"product_tag-impressive-cliffs","24":"product_tag-lagos","25":"product_tag-monchique","26":"product_tag-ocean-trails-in-the-west-algarve","27":"product_tag-ponta-da-piedade","28":"product_tag-portimao","29":"product_tag-portugal","30":"product_tag-portugal-perfect-walking-holiday","31":"product_tag-praia-da-rocha","32":"product_tag-sagres","33":"product_tag-seven-hanging-valleys-trail","34":"product_tag-silves","35":"product_tag-slave-market-lagos","36":"product_tag-south-westernmost-point-of-continental-europe","37":"product_tag-spectacular-cliffs","38":"product_tag-tours-in-portugal","39":"product_tag-vicentina-route","40":"product_tag-walking","41":"product_tag-walking-and-exploring","42":"product_tag-walking-holidays","43":"product_tag-walking-route","44":"product_tag-walking-tours","45":"product_tag-west-algarve","46":"product_tag-west-algarve-coast","47":"product_tag-western-algarve","48":"product_tag-wines","50":"first","51":"instock","52":"virtual","53":"sold-individually","54":"product-type-booking"},"acf":[],"yoast_head":"<!-- This site is optimized with the Yoast SEO Premium plugin v26.8 (Yoast SEO v27.4) - https:\/\/yoast.com\/product\/yoast-seo-premium-wordpress\/ -->\n<title>Walking in Portim\u00e3o &amp; Lagos: Enchanted West Algarve<\/title>\n<meta name=\"description\" content=\"Walking The western Algarve walks show the different facets of this beautiful area and its diverse landscapes.Western Algarve has varied geology\" \/>\n<meta name=\"robots\" content=\"index, follow, max-snippet:-1, max-image-preview:large, max-video-preview:-1\" \/>\n<link rel=\"canonical\" href=\"https:\/\/becooltravel.com\/da\/vare\/portimao-og-lagos-fortryllet-vest-algarve-11001g\/\" \/>\n<meta property=\"og:locale\" content=\"da_DK\" \/>\n<meta property=\"og:type\" content=\"article\" \/>\n<meta property=\"og:title\" content=\"Walking Holidays Portim\u00e3o and Lagos Algarve Portugal\" \/>\n<meta property=\"og:description\" content=\"The walks in this tour take us to all the right places so that we may discover the huge welcoming heart of the Algarve.\" \/>\n<meta property=\"og:url\" content=\"https:\/\/becooltravel.com\/da\/vare\/portimao-og-lagos-fortryllet-vest-algarve-11001g\/\" \/>\n<meta property=\"og:site_name\" content=\"BeCool Travel\" \/>\n<meta property=\"article:publisher\" content=\"https:\/\/www.facebook.com\/becooltravelagency\/\" \/>\n<meta property=\"article:modified_time\" content=\"2022-08-13T15:32:44+00:00\" \/>\n<meta property=\"og:image\" content=\"https:\/\/i0.wp.com\/becooltravel.com\/wp-content\/uploads\/sites\/5\/2020\/06\/seven_hanging_valleys.jpg?fit=1071%2C800&ssl=1\" \/>\n\t<meta property=\"og:image:width\" content=\"1071\" \/>\n\t<meta property=\"og:image:height\" content=\"800\" \/>\n\t<meta property=\"og:image:type\" content=\"image\/jpeg\" \/>\n<meta name=\"twitter:card\" content=\"summary_large_image\" \/>\n<meta name=\"twitter:title\" content=\"Walking Tour Portim\u00e3o and Lagos Algarve Portugal\" \/>\n<meta name=\"twitter:description\" content=\"we will head to the edge of Europe; we will walk in the Parque Natural da Costa Vicentina, the most south-westerly point of Europe where there is a chance to appreciate and most certainly view the abundant bird life on one of the most important migratory routes of spring and autumn.\" \/>\n<meta name=\"twitter:image\" content=\"https:\/\/i0.wp.com\/becooltravel.com\/wp-content\/uploads\/sites\/5\/2020\/06\/seven_hanging_valleys.jpg?fit=1071%2C800&ssl=1\" \/>\n<meta name=\"twitter:site\" content=\"@becool_travel\" \/>\n<meta name=\"twitter:label1\" content=\"Estimeret l\u00e6setid\" \/>\n\t<meta name=\"twitter:data1\" content=\"2 minutter\" \/>\n<script type=\"application\/ld+json\" class=\"yoast-schema-graph\">{\"@context\":\"https:\\\/\\\/schema.org\",\"@graph\":[{\"@type\":[\"WebPage\",\"ItemPage\"],\"@id\":\"https:\\\/\\\/becooltravel.com\\\/product\\\/portimao-and-lagos-enchanted-west-algarve-11001g\\\/\",\"url\":\"https:\\\/\\\/becooltravel.com\\\/product\\\/portimao-and-lagos-enchanted-west-algarve-11001g\\\/\",\"name\":\"Walking in Portim\u00e3o &amp; Lagos: Enchanted West Algarve\",\"isPartOf\":{\"@id\":\"https:\\\/\\\/becooltravel.com\\\/#website\"},\"primaryImageOfPage\":{\"@id\":\"https:\\\/\\\/becooltravel.com\\\/product\\\/portimao-and-lagos-enchanted-west-algarve-11001g\\\/#primaryimage\"},\"image\":{\"@id\":\"https:\\\/\\\/becooltravel.com\\\/product\\\/portimao-and-lagos-enchanted-west-algarve-11001g\\\/#primaryimage\"},\"thumbnailUrl\":\"https:\\\/\\\/i0.wp.com\\\/becooltravel.com\\\/wp-content\\\/uploads\\\/sites\\\/5\\\/2020\\\/06\\\/seven_hanging_valleys.jpg?fit=1071%2C800&ssl=1\",\"datePublished\":\"2020-07-06T14:40:01+00:00\",\"dateModified\":\"2022-08-13T15:32:44+00:00\",\"description\":\"Walking The western Algarve walks show the different facets of this beautiful area and its diverse landscapes.Western Algarve has varied geology\",\"breadcrumb\":{\"@id\":\"https:\\\/\\\/becooltravel.com\\\/product\\\/portimao-and-lagos-enchanted-west-algarve-11001g\\\/#breadcrumb\"},\"inLanguage\":\"da-DK\",\"potentialAction\":[{\"@type\":\"ReadAction\",\"target\":[\"https:\\\/\\\/becooltravel.com\\\/product\\\/portimao-and-lagos-enchanted-west-algarve-11001g\\\/\"]}]},{\"@type\":\"ImageObject\",\"inLanguage\":\"da-DK\",\"@id\":\"https:\\\/\\\/becooltravel.com\\\/product\\\/portimao-and-lagos-enchanted-west-algarve-11001g\\\/#primaryimage\",\"url\":\"https:\\\/\\\/i0.wp.com\\\/becooltravel.com\\\/wp-content\\\/uploads\\\/sites\\\/5\\\/2020\\\/06\\\/seven_hanging_valleys.jpg?fit=1071%2C800&ssl=1\",\"contentUrl\":\"https:\\\/\\\/i0.wp.com\\\/becooltravel.com\\\/wp-content\\\/uploads\\\/sites\\\/5\\\/2020\\\/06\\\/seven_hanging_valleys.jpg?fit=1071%2C800&ssl=1\",\"width\":1071,\"height\":800,\"caption\":\"Seven Hanging Valleys Walk\"},{\"@type\":\"BreadcrumbList\",\"@id\":\"https:\\\/\\\/becooltravel.com\\\/product\\\/portimao-and-lagos-enchanted-west-algarve-11001g\\\/#breadcrumb\",\"itemListElement\":[{\"@type\":\"ListItem\",\"position\":1,\"name\":\"Home\",\"item\":\"https:\\\/\\\/becooltravel.com\\\/\"},{\"@type\":\"ListItem\",\"position\":2,\"name\":\"Shop\",\"item\":\"https:\\\/\\\/becooltravel.com\\\/?page_id=5\"},{\"@type\":\"ListItem\",\"position\":3,\"name\":\"The Algarve Way (or Via Algarviana) is a 300 km walk that starts in Alcoutim beside the River Guadiana near the Spanish border and continues until Cabo de S\u00e3o Vicente\",\"item\":\"https:\\\/\\\/becooltravel.com\\\/product-tag\\\/algarve-way\\\/\"},{\"@type\":\"ListItem\",\"position\":4,\"name\":\"Walking Portim\u00e3o and Lagos Algarve Portugal\"}]},{\"@type\":\"WebSite\",\"@id\":\"https:\\\/\\\/becooltravel.com\\\/#website\",\"url\":\"https:\\\/\\\/becooltravel.com\\\/\",\"name\":\"BeCool Travel\",\"description\":\"Sustainable holidays in Portugal for independent travelers\",\"publisher\":{\"@id\":\"https:\\\/\\\/becooltravel.com\\\/#organization\"},\"potentialAction\":[{\"@type\":\"SearchAction\",\"target\":{\"@type\":\"EntryPoint\",\"urlTemplate\":\"https:\\\/\\\/becooltravel.com\\\/?s={search_term_string}\"},\"query-input\":{\"@type\":\"PropertyValueSpecification\",\"valueRequired\":true,\"valueName\":\"search_term_string\"}}],\"inLanguage\":\"da-DK\"},{\"@type\":\"Organization\",\"@id\":\"https:\\\/\\\/becooltravel.com\\\/#organization\",\"name\":\"BecoolTravel. com- Portugal\",\"url\":\"https:\\\/\\\/becooltravel.com\\\/\",\"logo\":{\"@type\":\"ImageObject\",\"inLanguage\":\"da-DK\",\"@id\":\"https:\\\/\\\/becooltravel.com\\\/#\\\/schema\\\/logo\\\/image\\\/\",\"url\":\"https:\\\/\\\/becooltravel.com\\\/wp-content\\\/uploads\\\/sites\\\/5\\\/2020\\\/03\\\/Logo_BeCool.jpg\",\"contentUrl\":\"https:\\\/\\\/becooltravel.com\\\/wp-content\\\/uploads\\\/sites\\\/5\\\/2020\\\/03\\\/Logo_BeCool.jpg\",\"width\":534,\"height\":534,\"caption\":\"BecoolTravel. com- Portugal\"},\"image\":{\"@id\":\"https:\\\/\\\/becooltravel.com\\\/#\\\/schema\\\/logo\\\/image\\\/\"},\"sameAs\":[\"https:\\\/\\\/www.facebook.com\\\/becooltravelagency\\\/\",\"https:\\\/\\\/x.com\\\/becool_travel\",\"https:\\\/\\\/www.instagram.com\\\/becooltravel_com\\\/\",\"https:\\\/\\\/www.linkedin.com\\\/company\\\/becool-travel\\\/\",\"https:\\\/\\\/www.youtube.com\\\/channel\\\/UCE7zRU3EVG1PgfXwQo-5uJw\"]}]}<\/script>\n<!-- \/ Yoast SEO Premium plugin. -->","yoast_head_json":{"title":"G\u00e5tur i Portim\u00e3o &amp; Lagos: Enchanted West Algarve","description":"G\u00e5ture De vestlige Algarve-vandringer viser de forskellige facetter af dette smukke omr\u00e5de og dets forskelligartede landskaber. Det vestlige Algarve har varieret geologi","robots":{"index":"index","follow":"follow","max-snippet":"max-snippet:-1","max-image-preview":"max-image-preview:large","max-video-preview":"max-video-preview:-1"},"canonical":"https:\/\/becooltravel.com\/da\/vare\/portimao-og-lagos-fortryllet-vest-algarve-11001g\/","og_locale":"da_DK","og_type":"article","og_title":"Walking Holidays Portim\u00e3o and Lagos Algarve Portugal","og_description":"The walks in this tour take us to all the right places so that we may discover the huge welcoming heart of the Algarve.","og_url":"https:\/\/becooltravel.com\/da\/vare\/portimao-og-lagos-fortryllet-vest-algarve-11001g\/","og_site_name":"BeCool Travel","article_publisher":"https:\/\/www.facebook.com\/becooltravelagency\/","article_modified_time":"2022-08-13T15:32:44+00:00","og_image":[{"width":1071,"height":800,"url":"https:\/\/i0.wp.com\/becooltravel.com\/wp-content\/uploads\/sites\/5\/2020\/06\/seven_hanging_valleys.jpg?fit=1071%2C800&ssl=1","type":"image\/jpeg"}],"twitter_card":"summary_large_image","twitter_title":"Walking Tour Portim\u00e3o and Lagos Algarve Portugal","twitter_description":"we will head to the edge of Europe; we will walk in the Parque Natural da Costa Vicentina, the most south-westerly point of Europe where there is a chance to appreciate and most certainly view the abundant bird life on one of the most important migratory routes of spring and autumn.","twitter_image":"https:\/\/i0.wp.com\/becooltravel.com\/wp-content\/uploads\/sites\/5\/2020\/06\/seven_hanging_valleys.jpg?fit=1071%2C800&ssl=1","twitter_site":"@becool_travel","twitter_misc":{"Estimeret l\u00e6setid":"2 minutter"},"schema":{"@context":"https:\/\/schema.org","@graph":[{"@type":["WebPage","ItemPage"],"@id":"https:\/\/becooltravel.com\/product\/portimao-and-lagos-enchanted-west-algarve-11001g\/","url":"https:\/\/becooltravel.com\/product\/portimao-and-lagos-enchanted-west-algarve-11001g\/","name":"G\u00e5tur i Portim\u00e3o &amp; Lagos: Enchanted West Algarve","isPartOf":{"@id":"https:\/\/becooltravel.com\/#website"},"primaryImageOfPage":{"@id":"https:\/\/becooltravel.com\/product\/portimao-and-lagos-enchanted-west-algarve-11001g\/#primaryimage"},"image":{"@id":"https:\/\/becooltravel.com\/product\/portimao-and-lagos-enchanted-west-algarve-11001g\/#primaryimage"},"thumbnailUrl":"https:\/\/i0.wp.com\/becooltravel.com\/wp-content\/uploads\/sites\/5\/2020\/06\/seven_hanging_valleys.jpg?fit=1071%2C800&ssl=1","datePublished":"2020-07-06T14:40:01+00:00","dateModified":"2022-08-13T15:32:44+00:00","description":"G\u00e5ture De vestlige Algarve-vandringer viser de forskellige facetter af dette smukke omr\u00e5de og dets forskelligartede landskaber. Det vestlige Algarve har varieret geologi","breadcrumb":{"@id":"https:\/\/becooltravel.com\/product\/portimao-and-lagos-enchanted-west-algarve-11001g\/#breadcrumb"},"inLanguage":"da-DK","potentialAction":[{"@type":"ReadAction","target":["https:\/\/becooltravel.com\/product\/portimao-and-lagos-enchanted-west-algarve-11001g\/"]}]},{"@type":"ImageObject","inLanguage":"da-DK","@id":"https:\/\/becooltravel.com\/product\/portimao-and-lagos-enchanted-west-algarve-11001g\/#primaryimage","url":"https:\/\/i0.wp.com\/becooltravel.com\/wp-content\/uploads\/sites\/5\/2020\/06\/seven_hanging_valleys.jpg?fit=1071%2C800&ssl=1","contentUrl":"https:\/\/i0.wp.com\/becooltravel.com\/wp-content\/uploads\/sites\/5\/2020\/06\/seven_hanging_valleys.jpg?fit=1071%2C800&ssl=1","width":1071,"height":800,"caption":"Seven Hanging Valleys Walk"},{"@type":"BreadcrumbList","@id":"https:\/\/becooltravel.com\/product\/portimao-and-lagos-enchanted-west-algarve-11001g\/#breadcrumb","itemListElement":[{"@type":"ListItem","position":1,"name":"Home","item":"https:\/\/becooltravel.com\/"},{"@type":"ListItem","position":2,"name":"Shop","item":"https:\/\/becooltravel.com\/?page_id=5"},{"@type":"ListItem","position":3,"name":"The Algarve Way (or Via Algarviana) is a 300 km walk that starts in Alcoutim beside the River Guadiana near the Spanish border and continues until Cabo de S\u00e3o Vicente","item":"https:\/\/becooltravel.com\/product-tag\/algarve-way\/"},{"@type":"ListItem","position":4,"name":"Walking Portim\u00e3o and Lagos Algarve Portugal"}]},{"@type":"WebSite","@id":"https:\/\/becooltravel.com\/#website","url":"https:\/\/becooltravel.com\/","name":"BeCool rejse","description":"B\u00e6redygtig ferie i Portugal for uafh\u00e6ngige rejsende","publisher":{"@id":"https:\/\/becooltravel.com\/#organization"},"potentialAction":[{"@type":"SearchAction","target":{"@type":"EntryPoint","urlTemplate":"https:\/\/becooltravel.com\/?s={search_term_string}"},"query-input":{"@type":"PropertyValueSpecification","valueRequired":true,"valueName":"search_term_string"}}],"inLanguage":"da-DK"},{"@type":"Organization","@id":"https:\/\/becooltravel.com\/#organization","name":"BecoolTravel. com- Portugal","url":"https:\/\/becooltravel.com\/","logo":{"@type":"ImageObject","inLanguage":"da-DK","@id":"https:\/\/becooltravel.com\/#\/schema\/logo\/image\/","url":"https:\/\/becooltravel.com\/wp-content\/uploads\/sites\/5\/2020\/03\/Logo_BeCool.jpg","contentUrl":"https:\/\/becooltravel.com\/wp-content\/uploads\/sites\/5\/2020\/03\/Logo_BeCool.jpg","width":534,"height":534,"caption":"BecoolTravel. com- Portugal"},"image":{"@id":"https:\/\/becooltravel.com\/#\/schema\/logo\/image\/"},"sameAs":["https:\/\/www.facebook.com\/becooltravelagency\/","https:\/\/x.com\/becool_travel","https:\/\/www.instagram.com\/becooltravel_com\/","https:\/\/www.linkedin.com\/company\/becool-travel\/","https:\/\/www.youtube.com\/channel\/UCE7zRU3EVG1PgfXwQo-5uJw"]}]}},"jetpack_sharing_enabled":true,"_links":{"self":[{"href":"https:\/\/becooltravel.com\/da\/wp-json\/wp\/v2\/product\/5428","targetHints":{"allow":["GET"]}}],"collection":[{"href":"https:\/\/becooltravel.com\/da\/wp-json\/wp\/v2\/product"}],"about":[{"href":"https:\/\/becooltravel.com\/da\/wp-json\/wp\/v2\/types\/product"}],"replies":[{"embeddable":true,"href":"https:\/\/becooltravel.com\/da\/wp-json\/wp\/v2\/comments?post=5428"}],"wp:featuredmedia":[{"embeddable":true,"href":"https:\/\/becooltravel.com\/da\/wp-json\/wp\/v2\/media\/5332"}],"wp:attachment":[{"href":"https:\/\/becooltravel.com\/da\/wp-json\/wp\/v2\/media?parent=5428"}],"wp:term":[{"taxonomy":"product_brand","embeddable":true,"href":"https:\/\/becooltravel.com\/da\/wp-json\/wp\/v2\/product_brand?post=5428"},{"taxonomy":"product_cat","embeddable":true,"href":"https:\/\/becooltravel.com\/da\/wp-json\/wp\/v2\/product_cat?post=5428"},{"taxonomy":"product_tag","embeddable":true,"href":"https:\/\/becooltravel.com\/da\/wp-json\/wp\/v2\/product_tag?post=5428"}],"curies":[{"name":"wp","href":"https:\/\/api.w.org\/{rel}","templated":true}]}}