{"id":5429,"date":"2020-07-06T15:13:00","date_gmt":"2020-07-06T15:13:00","guid":{"rendered":"https:\/\/becooltravel.com\/?post_type=product&#038;p=5429"},"modified":"2026-03-18T12:40:34","modified_gmt":"2026-03-18T12:40:34","slug":"carvoeiro-enchanted-algarve-coast-11002g","status":"publish","type":"product","link":"https:\/\/becooltravel.com\/da\/vare\/carvoeiro-fortryllet-algarve-kysten-11002g\/","title":{"rendered":"Ferie i Carvoeiro: Oplev vandrestierne i West Algarve"},"content":{"rendered":"<p><strong>Grupper accepteret med mindst 6 personer.<\/strong><\/p>\n<p>&nbsp;<\/p>\n<p>Dette er en vandretur for dem, der elsker at udforske og blive overrasket! Vi g\u00e5r blandt de vestlige Algarves frodige skove, p\u00e5 toppen af storsl\u00e5ede klipper mod en baggrund af havbl\u00e5t og altid p\u00e5 fantastiske steder fuld af dyreliv!<\/p>\n<p>Carvoeiro, vores center i denne uge, var tidligere en lille fiskerby. I dag trives den med bes\u00f8gende p\u00e5 udkig efter god fisk og skaldyr, bl\u00e5t varmt vand og fantastiske fotografier af dets storsl\u00e5ede landskab!<\/p>\n<div id=\"attachment_2623\" style=\"width: 1034px\" class=\"wp-caption alignnone\"><img data-recalc-dims=\"1\" decoding=\"async\" aria-describedby=\"caption-attachment-2623\" class=\"wp-image-2623 size-large\" title=\"Syv h\u00e6ngende dale g\u00e5r\" src=\"https:\/\/i0.wp.com\/legendatours.net\/wp-content\/uploads\/2020\/06\/seven_hanging_valleys-1024x765.jpg?resize=1024%2C765&#038;ssl=1\" alt=\"Syv h\u00e6ngende dale g\u00e5r\" width=\"1024\" height=\"765\" \/><p id=\"caption-attachment-2623\" class=\"wp-caption-text\">Seven Hanging Valleys Walk, er en natursk\u00f8n kyststi i Algarve, Portugal<\/p><\/div>\n<p>Til denne vandreuge har vi udvalgt en blanding af vandreture gennem kyst-, bjerg- og indre landskaber, der vil pr\u00e6sentere os for forskellige facetter af dette smukke omr\u00e5de og dets mangfoldige landskab.<\/p>\n<p>Fra de &quot;klassiske&quot; sektioner af Algarve-kysten med dens perfekte sandstrande og forrevne forager i Portim\u00e3o til de pragtfulde gamle byer som Silves og Lagos, g\u00e5r ture i denne tur os til alle de rigtige steder, s\u00e5 vi kan opdage den enorme indbydende hjertet af Algarve.<\/p>\n<p>Vores varierede tilbud sp\u00e6nder fra de gr\u00f8nne bakker omkring den lille by Monchique, hvor vi har en fin udsigt over de omkringliggende bjergskr\u00e5ninger til de sm\u00e5 lokale landsbyer, hvor arbejdslivet forts\u00e6tter, som det har v\u00e6ret i \u00e5rhundreder. Rundt her dyrkes johannesbr\u00f8d og oliven p\u00e5 g\u00e5rde og sm\u00e5bedrifter sammen med appelsiner og andre citrusfrugter, granat\u00e6bler, mandler og en overflod af andre produkter.<\/p>\n<div id=\"attachment_1861\" style=\"width: 1034px\" class=\"wp-caption alignnone\"><img data-recalc-dims=\"1\" decoding=\"async\" aria-describedby=\"caption-attachment-1861\" class=\"wp-image-1861 size-large\" title=\"Dramatisk udsigt fra West Algarve-klipper\" src=\"https:\/\/i0.wp.com\/legendatours.net\/wp-content\/uploads\/2020\/03\/Sagres_dramatic_views_cliffs-1024x686.jpg?resize=1024%2C686&#038;ssl=1\" alt=\"Dramatisk udsigt fra West Algarve-klipper\" width=\"1024\" height=\"686\" \/><p id=\"caption-attachment-1861\" class=\"wp-caption-text\">Dramatisk udsigt fra West Algarve-klipper<\/p><\/div>\n<p>Vores s\u00f8gen efter de skjulte perler i den vestlige Algarve forts\u00e6tter, n\u00e5r vi n\u00e5r Sagres i udkanten af Parque Natural da Costa Vicentina, det mest sydvestlige punkt i Europa, hvor der er en chance for at s\u00e6tte pris p\u00e5 og helt sikkert se det rigelige fugleliv p\u00e5 en af de vigtigste vandreruter i for\u00e5ret og efter\u00e5ret.<\/p>\n<p>&nbsp;<\/p>\n<div class=\"row\" style=\"display: flex;\">\n<div class=\"column\" style=\"flex: 45%;\">\n<p><iframe title=\"Carvoeiro strand - Algar seco antenne - Lagoa - Algarve - 4K Ultra HD\" width=\"1080\" height=\"608\" src=\"https:\/\/www.youtube.com\/embed\/0DDYlUwcxbM?feature=oembed\" frameborder=\"0\" allow=\"accelerometer; autoplay; clipboard-write; encrypted-media; gyroscope; picture-in-picture; web-share\" referrerpolicy=\"strict-origin-when-cross-origin\" allowfullscreen><\/iframe><\/p>\n<\/div>\n<div class=\"column\" style=\"flex: 10%;\"><\/div>\n<div class=\"column\" style=\"flex: 45%;\">\n<p><iframe title=\"Carvoeiro, Algarve Portugal HD\" width=\"1080\" height=\"608\" src=\"https:\/\/www.youtube.com\/embed\/hW0ngdLXx54?feature=oembed\" frameborder=\"0\" allow=\"accelerometer; autoplay; clipboard-write; encrypted-media; gyroscope; picture-in-picture; web-share\" referrerpolicy=\"strict-origin-when-cross-origin\" allowfullscreen><\/iframe><\/p>\n<\/div>\n<\/div>","protected":false},"excerpt":{"rendered":"<p>&#039;Opdag de vestlige Algarve-stier&#039; er en 8-dages guidet vandretur, baseret i Carvoeiro.<\/p>\n<p>Dette er en vandretur for dem, der elsker at udforske og blive overrasket! Vi g\u00e5r rundt blandt den vestlige Algarves frodige skove, p\u00e5 toppen af storsl\u00e5ede klipper mod en baggrund af havbl\u00e5t og altid p\u00e5 fantastiske steder fuld af dyreliv!<\/p>","protected":false},"featured_media":5939,"comment_status":"closed","ping_status":"closed","template":"","meta":{"_acf_changed":false,"inline_featured_image":false},"product_brand":[],"product_cat":[343,340,342,344,355],"product_tag":[311,440,552,553,539,732,795,587,410,313,838,839,606,55,56,475,57,431,301,681,434,1287,249,58,566,211,416,885,957,417,317,724,949,59,213,60,61,62,793],"class_list":{"0":"post-5429","1":"product","2":"type-product","3":"status-publish","4":"has-post-thumbnail","6":"product_cat-cultural-tours-and-holidays-in-portugal","7":"product_cat-guided-group-tours","8":"product_cat-portugal-guided-historical-holidays","9":"product_cat-guided-sightseeing-holidays-portugal","10":"product_cat-guided-walking-holidays-in-portugal","11":"product_tag-algarve","12":"product_tag-algarve-coast","13":"product_tag-algarve-rock-formations","14":"product_tag-algarve-secluded-beaches","15":"product_tag-algarve-spectacular-coastline","16":"product_tag-algarve-way","17":"product_tag-alvor","18":"product_tag-amazing-walking","19":"product_tag-cabo-de-s-vicente","20":"product_tag-carvoeiro","21":"product_tag-costa-vicentina","22":"product_tag-dramatic-cliffs","23":"product_tag-gastronomy","24":"product_tag-guided-walking-holidays","25":"product_tag-guided-walking-tours","26":"product_tag-impressive-cliffs","27":"product_tag-lagos","28":"product_tag-monchique","29":"product_tag-perfect-walking-holiday","30":"product_tag-picture-card","31":"product_tag-ponta-da-piedade","32":"product_tag-porti","33":"product_tag-portimao","34":"product_tag-portugal","35":"product_tag-praia-da-rocha","36":"product_tag-rocky-coastlines","37":"product_tag-sagres","38":"product_tag-senhora-da-rocha","39":"product_tag-seven-hanging-valleys-trail","40":"product_tag-silves","41":"product_tag-spectacular-cliffs","42":"product_tag-tours-in-portugal","43":"product_tag-vicentina-route","44":"product_tag-walking","45":"product_tag-walking-and-exploring","46":"product_tag-walking-holidays","47":"product_tag-walking-tours","48":"product_tag-west-algarve","49":"product_tag-wines","51":"first","52":"instock","53":"virtual","54":"product-type-simple"},"acf":[],"yoast_head":"<!-- This site is optimized with the Yoast SEO Premium plugin v26.8 (Yoast SEO v27.5) - https:\/\/yoast.com\/product\/yoast-seo-premium-wordpress\/ -->\n<title>Holidays in Carvoeiro: Discover the West Algarve Walking Trails<\/title>\n<meta name=\"description\" content=\"Walking The western Algarve a complete contrast to the eastern Algarve, and our walks throughout this tour offer a glorious mix of scenery.\" \/>\n<meta name=\"robots\" content=\"index, follow, max-snippet:-1, max-image-preview:large, max-video-preview:-1\" \/>\n<link rel=\"canonical\" href=\"https:\/\/becooltravel.com\/da\/vare\/carvoeiro-fortryllet-algarve-kysten-11002g\/\" \/>\n<meta property=\"og:locale\" content=\"da_DK\" \/>\n<meta property=\"og:type\" content=\"article\" \/>\n<meta property=\"og:title\" content=\"Carvoeiro walking holidays in the Enchanted Algarve Portugal\" \/>\n<meta property=\"og:description\" content=\"The Western Algarve has a varied geology that helps produce a rich diversity of scenery from granitic mountains to dramatic limestone escarpments and sea cliffs. This diversity is complemented by the local flora and fauna that flourish in the equable climate of mild, sunny winters and long, hot summers. All this, combined, makes walking here fascinating.\" \/>\n<meta property=\"og:url\" content=\"https:\/\/becooltravel.com\/da\/vare\/carvoeiro-fortryllet-algarve-kysten-11002g\/\" \/>\n<meta property=\"og:site_name\" content=\"BeCool Travel\" \/>\n<meta property=\"article:publisher\" content=\"https:\/\/www.facebook.com\/becooltravelagency\/\" \/>\n<meta property=\"article:modified_time\" content=\"2026-03-18T12:40:34+00:00\" \/>\n<meta property=\"og:image\" content=\"https:\/\/becooltravel.com\/wp-content\/uploads\/sites\/5\/2020\/06\/silves.jpg\" \/>\n\t<meta property=\"og:image:width\" content=\"1067\" \/>\n\t<meta property=\"og:image:height\" content=\"800\" \/>\n\t<meta property=\"og:image:type\" content=\"image\/jpeg\" \/>\n<meta name=\"twitter:card\" content=\"summary_large_image\" \/>\n<meta name=\"twitter:title\" content=\"Carvoeiro Portugal walking holidays in the Enchanted Algarve\" \/>\n<meta name=\"twitter:description\" content=\"Our walks show the different facets of this beautiful area and its diverse landscapes.The Western Algarve has a varied geology that helps produce a rich diversity of scenery from granitic mountains to dramatic limestone escarpments and sea cliffs.This diversity is complemented by the local flora and fauna that flourish in the equable climate of mild, sunny winters and long, hot summers. All this, combined, makes walking here fascinating.The walks in this tour take us to all the right places so that we may discover the huge welcoming heart of the Algarve.\" \/>\n<meta name=\"twitter:image\" content=\"https:\/\/i0.wp.com\/becooltravel.com\/wp-content\/uploads\/sites\/5\/2020\/06\/silves.jpg?fit=1067%2C800&ssl=1\" \/>\n<meta name=\"twitter:site\" content=\"@becool_travel\" \/>\n<meta name=\"twitter:label1\" content=\"Estimeret l\u00e6setid\" \/>\n\t<meta name=\"twitter:data1\" content=\"2 minutter\" \/>\n<script type=\"application\/ld+json\" class=\"yoast-schema-graph\">{\"@context\":\"https:\\\/\\\/schema.org\",\"@graph\":[{\"@type\":[\"WebPage\",\"ItemPage\"],\"@id\":\"https:\\\/\\\/becooltravel.com\\\/product\\\/carvoeiro-enchanted-algarve-coast-11002g\\\/\",\"url\":\"https:\\\/\\\/becooltravel.com\\\/product\\\/carvoeiro-enchanted-algarve-coast-11002g\\\/\",\"name\":\"Holidays in Carvoeiro: Discover the West Algarve Walking Trails\",\"isPartOf\":{\"@id\":\"https:\\\/\\\/becooltravel.com\\\/#website\"},\"primaryImageOfPage\":{\"@id\":\"https:\\\/\\\/becooltravel.com\\\/product\\\/carvoeiro-enchanted-algarve-coast-11002g\\\/#primaryimage\"},\"image\":{\"@id\":\"https:\\\/\\\/becooltravel.com\\\/product\\\/carvoeiro-enchanted-algarve-coast-11002g\\\/#primaryimage\"},\"thumbnailUrl\":\"https:\\\/\\\/i0.wp.com\\\/becooltravel.com\\\/wp-content\\\/uploads\\\/sites\\\/5\\\/2020\\\/12\\\/Walking-Carvoeiro.jpg?fit=1365%2C768&ssl=1\",\"datePublished\":\"2020-07-06T15:13:00+00:00\",\"dateModified\":\"2026-03-18T12:40:34+00:00\",\"description\":\"Walking The western Algarve a complete contrast to the eastern Algarve, and our walks throughout this tour offer a glorious mix of scenery.\",\"breadcrumb\":{\"@id\":\"https:\\\/\\\/becooltravel.com\\\/product\\\/carvoeiro-enchanted-algarve-coast-11002g\\\/#breadcrumb\"},\"inLanguage\":\"da-DK\",\"potentialAction\":[{\"@type\":\"ReadAction\",\"target\":[\"https:\\\/\\\/becooltravel.com\\\/product\\\/carvoeiro-enchanted-algarve-coast-11002g\\\/\"]}]},{\"@type\":\"ImageObject\",\"inLanguage\":\"da-DK\",\"@id\":\"https:\\\/\\\/becooltravel.com\\\/product\\\/carvoeiro-enchanted-algarve-coast-11002g\\\/#primaryimage\",\"url\":\"https:\\\/\\\/i0.wp.com\\\/becooltravel.com\\\/wp-content\\\/uploads\\\/sites\\\/5\\\/2020\\\/12\\\/Walking-Carvoeiro.jpg?fit=1365%2C768&ssl=1\",\"contentUrl\":\"https:\\\/\\\/i0.wp.com\\\/becooltravel.com\\\/wp-content\\\/uploads\\\/sites\\\/5\\\/2020\\\/12\\\/Walking-Carvoeiro.jpg?fit=1365%2C768&ssl=1\",\"width\":1365,\"height\":768,\"caption\":\"Walking Carvoeiro western Algarve\"},{\"@type\":\"BreadcrumbList\",\"@id\":\"https:\\\/\\\/becooltravel.com\\\/product\\\/carvoeiro-enchanted-algarve-coast-11002g\\\/#breadcrumb\",\"itemListElement\":[{\"@type\":\"ListItem\",\"position\":1,\"name\":\"Home\",\"item\":\"https:\\\/\\\/becooltravel.com\\\/\"},{\"@type\":\"ListItem\",\"position\":2,\"name\":\"Shop\",\"item\":\"https:\\\/\\\/becooltravel.com\\\/?page_id=5\"},{\"@type\":\"ListItem\",\"position\":3,\"name\":\"Algarve holidays . You can use\u00a0footpaths and walking\u00a0 trails\u00a0to get to know the region, such as the\u00a0Algarve Way\u00a0or the\u00a0Vicentine Route along one of the best preserved coastal stretches.\",\"item\":\"https:\\\/\\\/becooltravel.com\\\/product-tag\\\/algarve\\\/\"},{\"@type\":\"ListItem\",\"position\":4,\"name\":\"Carvoeiro walking in the Enchanted Algarve Coast\"}]},{\"@type\":\"WebSite\",\"@id\":\"https:\\\/\\\/becooltravel.com\\\/#website\",\"url\":\"https:\\\/\\\/becooltravel.com\\\/\",\"name\":\"BeCool Travel\",\"description\":\"Sustainable holidays in Portugal for independent travelers\",\"publisher\":{\"@id\":\"https:\\\/\\\/becooltravel.com\\\/#organization\"},\"potentialAction\":[{\"@type\":\"SearchAction\",\"target\":{\"@type\":\"EntryPoint\",\"urlTemplate\":\"https:\\\/\\\/becooltravel.com\\\/?s={search_term_string}\"},\"query-input\":{\"@type\":\"PropertyValueSpecification\",\"valueRequired\":true,\"valueName\":\"search_term_string\"}}],\"inLanguage\":\"da-DK\"},{\"@type\":\"Organization\",\"@id\":\"https:\\\/\\\/becooltravel.com\\\/#organization\",\"name\":\"BecoolTravel. com- Portugal\",\"url\":\"https:\\\/\\\/becooltravel.com\\\/\",\"logo\":{\"@type\":\"ImageObject\",\"inLanguage\":\"da-DK\",\"@id\":\"https:\\\/\\\/becooltravel.com\\\/#\\\/schema\\\/logo\\\/image\\\/\",\"url\":\"https:\\\/\\\/becooltravel.com\\\/wp-content\\\/uploads\\\/sites\\\/5\\\/2020\\\/03\\\/Logo_BeCool.jpg\",\"contentUrl\":\"https:\\\/\\\/becooltravel.com\\\/wp-content\\\/uploads\\\/sites\\\/5\\\/2020\\\/03\\\/Logo_BeCool.jpg\",\"width\":534,\"height\":534,\"caption\":\"BecoolTravel. com- Portugal\"},\"image\":{\"@id\":\"https:\\\/\\\/becooltravel.com\\\/#\\\/schema\\\/logo\\\/image\\\/\"},\"sameAs\":[\"https:\\\/\\\/www.facebook.com\\\/becooltravelagency\\\/\",\"https:\\\/\\\/x.com\\\/becool_travel\",\"https:\\\/\\\/www.instagram.com\\\/becooltravel_com\\\/\",\"https:\\\/\\\/www.linkedin.com\\\/company\\\/becool-travel\\\/\",\"https:\\\/\\\/www.youtube.com\\\/channel\\\/UCE7zRU3EVG1PgfXwQo-5uJw\"]}]}<\/script>\n<!-- \/ Yoast SEO Premium plugin. -->","yoast_head_json":{"title":"Ferie i Carvoeiro: Oplev vandrestierne i West Algarve","description":"G\u00e5ture Den vestlige Algarve er en komplet kontrast til den \u00f8stlige Algarve, og vores vandreture gennem hele denne tur byder p\u00e5 en herlig blanding af natur.","robots":{"index":"index","follow":"follow","max-snippet":"max-snippet:-1","max-image-preview":"max-image-preview:large","max-video-preview":"max-video-preview:-1"},"canonical":"https:\/\/becooltravel.com\/da\/vare\/carvoeiro-fortryllet-algarve-kysten-11002g\/","og_locale":"da_DK","og_type":"article","og_title":"Carvoeiro walking holidays in the Enchanted Algarve Portugal","og_description":"The Western Algarve has a varied geology that helps produce a rich diversity of scenery from granitic mountains to dramatic limestone escarpments and sea cliffs. This diversity is complemented by the local flora and fauna that flourish in the equable climate of mild, sunny winters and long, hot summers. All this, combined, makes walking here fascinating.","og_url":"https:\/\/becooltravel.com\/da\/vare\/carvoeiro-fortryllet-algarve-kysten-11002g\/","og_site_name":"BeCool Travel","article_publisher":"https:\/\/www.facebook.com\/becooltravelagency\/","article_modified_time":"2026-03-18T12:40:34+00:00","og_image":[{"width":1067,"height":800,"url":"https:\/\/becooltravel.com\/wp-content\/uploads\/sites\/5\/2020\/06\/silves.jpg","type":"image\/jpeg"}],"twitter_card":"summary_large_image","twitter_title":"Carvoeiro Portugal walking holidays in the Enchanted Algarve","twitter_description":"Our walks show the different facets of this beautiful area and its diverse landscapes.The Western Algarve has a varied geology that helps produce a rich diversity of scenery from granitic mountains to dramatic limestone escarpments and sea cliffs.This diversity is complemented by the local flora and fauna that flourish in the equable climate of mild, sunny winters and long, hot summers. All this, combined, makes walking here fascinating.The walks in this tour take us to all the right places so that we may discover the huge welcoming heart of the Algarve.","twitter_image":"https:\/\/i0.wp.com\/becooltravel.com\/wp-content\/uploads\/sites\/5\/2020\/06\/silves.jpg?fit=1067%2C800&ssl=1","twitter_site":"@becool_travel","twitter_misc":{"Estimeret l\u00e6setid":"2 minutter"},"schema":{"@context":"https:\/\/schema.org","@graph":[{"@type":["WebPage","ItemPage"],"@id":"https:\/\/becooltravel.com\/product\/carvoeiro-enchanted-algarve-coast-11002g\/","url":"https:\/\/becooltravel.com\/product\/carvoeiro-enchanted-algarve-coast-11002g\/","name":"Ferie i Carvoeiro: Oplev vandrestierne i West Algarve","isPartOf":{"@id":"https:\/\/becooltravel.com\/#website"},"primaryImageOfPage":{"@id":"https:\/\/becooltravel.com\/product\/carvoeiro-enchanted-algarve-coast-11002g\/#primaryimage"},"image":{"@id":"https:\/\/becooltravel.com\/product\/carvoeiro-enchanted-algarve-coast-11002g\/#primaryimage"},"thumbnailUrl":"https:\/\/i0.wp.com\/becooltravel.com\/wp-content\/uploads\/sites\/5\/2020\/12\/Walking-Carvoeiro.jpg?fit=1365%2C768&ssl=1","datePublished":"2020-07-06T15:13:00+00:00","dateModified":"2026-03-18T12:40:34+00:00","description":"G\u00e5ture Den vestlige Algarve er en komplet kontrast til den \u00f8stlige Algarve, og vores vandreture gennem hele denne tur byder p\u00e5 en herlig blanding af natur.","breadcrumb":{"@id":"https:\/\/becooltravel.com\/product\/carvoeiro-enchanted-algarve-coast-11002g\/#breadcrumb"},"inLanguage":"da-DK","potentialAction":[{"@type":"ReadAction","target":["https:\/\/becooltravel.com\/product\/carvoeiro-enchanted-algarve-coast-11002g\/"]}]},{"@type":"ImageObject","inLanguage":"da-DK","@id":"https:\/\/becooltravel.com\/product\/carvoeiro-enchanted-algarve-coast-11002g\/#primaryimage","url":"https:\/\/i0.wp.com\/becooltravel.com\/wp-content\/uploads\/sites\/5\/2020\/12\/Walking-Carvoeiro.jpg?fit=1365%2C768&ssl=1","contentUrl":"https:\/\/i0.wp.com\/becooltravel.com\/wp-content\/uploads\/sites\/5\/2020\/12\/Walking-Carvoeiro.jpg?fit=1365%2C768&ssl=1","width":1365,"height":768,"caption":"Walking Carvoeiro western Algarve"},{"@type":"BreadcrumbList","@id":"https:\/\/becooltravel.com\/product\/carvoeiro-enchanted-algarve-coast-11002g\/#breadcrumb","itemListElement":[{"@type":"ListItem","position":1,"name":"Home","item":"https:\/\/becooltravel.com\/"},{"@type":"ListItem","position":2,"name":"Shop","item":"https:\/\/becooltravel.com\/?page_id=5"},{"@type":"ListItem","position":3,"name":"Algarve holidays . You can use\u00a0footpaths and walking\u00a0 trails\u00a0to get to know the region, such as the\u00a0Algarve Way\u00a0or the\u00a0Vicentine Route along one of the best preserved coastal stretches.","item":"https:\/\/becooltravel.com\/product-tag\/algarve\/"},{"@type":"ListItem","position":4,"name":"Carvoeiro walking in the Enchanted Algarve Coast"}]},{"@type":"WebSite","@id":"https:\/\/becooltravel.com\/#website","url":"https:\/\/becooltravel.com\/","name":"BeCool rejse","description":"B\u00e6redygtig ferie i Portugal for uafh\u00e6ngige rejsende","publisher":{"@id":"https:\/\/becooltravel.com\/#organization"},"potentialAction":[{"@type":"SearchAction","target":{"@type":"EntryPoint","urlTemplate":"https:\/\/becooltravel.com\/?s={search_term_string}"},"query-input":{"@type":"PropertyValueSpecification","valueRequired":true,"valueName":"search_term_string"}}],"inLanguage":"da-DK"},{"@type":"Organization","@id":"https:\/\/becooltravel.com\/#organization","name":"BecoolTravel. com- Portugal","url":"https:\/\/becooltravel.com\/","logo":{"@type":"ImageObject","inLanguage":"da-DK","@id":"https:\/\/becooltravel.com\/#\/schema\/logo\/image\/","url":"https:\/\/becooltravel.com\/wp-content\/uploads\/sites\/5\/2020\/03\/Logo_BeCool.jpg","contentUrl":"https:\/\/becooltravel.com\/wp-content\/uploads\/sites\/5\/2020\/03\/Logo_BeCool.jpg","width":534,"height":534,"caption":"BecoolTravel. com- Portugal"},"image":{"@id":"https:\/\/becooltravel.com\/#\/schema\/logo\/image\/"},"sameAs":["https:\/\/www.facebook.com\/becooltravelagency\/","https:\/\/x.com\/becool_travel","https:\/\/www.instagram.com\/becooltravel_com\/","https:\/\/www.linkedin.com\/company\/becool-travel\/","https:\/\/www.youtube.com\/channel\/UCE7zRU3EVG1PgfXwQo-5uJw"]}]}},"jetpack_sharing_enabled":true,"_links":{"self":[{"href":"https:\/\/becooltravel.com\/da\/wp-json\/wp\/v2\/product\/5429","targetHints":{"allow":["GET"]}}],"collection":[{"href":"https:\/\/becooltravel.com\/da\/wp-json\/wp\/v2\/product"}],"about":[{"href":"https:\/\/becooltravel.com\/da\/wp-json\/wp\/v2\/types\/product"}],"replies":[{"embeddable":true,"href":"https:\/\/becooltravel.com\/da\/wp-json\/wp\/v2\/comments?post=5429"}],"wp:featuredmedia":[{"embeddable":true,"href":"https:\/\/becooltravel.com\/da\/wp-json\/wp\/v2\/media\/5939"}],"wp:attachment":[{"href":"https:\/\/becooltravel.com\/da\/wp-json\/wp\/v2\/media?parent=5429"}],"wp:term":[{"taxonomy":"product_brand","embeddable":true,"href":"https:\/\/becooltravel.com\/da\/wp-json\/wp\/v2\/product_brand?post=5429"},{"taxonomy":"product_cat","embeddable":true,"href":"https:\/\/becooltravel.com\/da\/wp-json\/wp\/v2\/product_cat?post=5429"},{"taxonomy":"product_tag","embeddable":true,"href":"https:\/\/becooltravel.com\/da\/wp-json\/wp\/v2\/product_tag?post=5429"}],"curies":[{"name":"wp","href":"https:\/\/api.w.org\/{rel}","templated":true}]}}