{"id":5430,"date":"2020-07-06T15:27:59","date_gmt":"2020-07-06T15:27:59","guid":{"rendered":"https:\/\/becooltravel.com\/?post_type=product&#038;p=5430"},"modified":"2022-08-14T13:11:03","modified_gmt":"2022-08-14T13:11:03","slug":"lagoa-the-west-algarve-11003g","status":"publish","type":"product","link":"https:\/\/becooltravel.com\/da\/vare\/lagoa-the-west-algarve-11003g\/","title":{"rendered":"Vandreferie i Lagoa: West Algarve"},"content":{"rendered":"<p><strong>Grupper accepteret med mindst 6 personer.<\/strong><\/p>\n<p>&nbsp;<\/p>\n<p>Vi har valgt en blanding af vandreture gennem kyst-, bjerg- og indre landskaber, der vil pr\u00e6sentere os for forskellige facetter af dette smukke omr\u00e5de og dets mangfoldige landskab.<\/p>\n<p>Omr\u00e5dets varierede geologi hj\u00e6lper med at producere en rig mangfoldighed af landskaber fra granitiske bjerge til dramatiske kalkstenshuller og havklipper; denne mangfoldighed suppleres af den lokale flora og fauna, der blomstrer i det lige klima af milde, solrige vintre og lange, varme somre. Alt dette kombineret g\u00f8r det at g\u00e5 her fascinerende.<\/p>\n<div id=\"attachment_1866\" style=\"width: 1034px\" class=\"wp-caption alignnone\"><img data-recalc-dims=\"1\" decoding=\"async\" aria-describedby=\"caption-attachment-1866\" class=\"wp-image-1866 size-large\" title=\"Silves, udsigt fra slottet\" src=\"https:\/\/i0.wp.com\/legendatours.net\/wp-content\/uploads\/2020\/03\/Silves_view_castle-1024x697.jpg?resize=1024%2C697&#038;ssl=1\" alt=\"Silves, udsigt fra slottet\" width=\"1024\" height=\"697\" \/><p id=\"caption-attachment-1866\" class=\"wp-caption-text\">Silves, udsigt fra slottet<\/p><\/div>\n<p>Fra de &quot;klassiske&quot; sektioner af Algarve-kysten med dens perfekte sandstrande og forrevne forager i Portim\u00e3o til de pragtfulde gamle byer som Silves og Lagos, g\u00e5r ture i denne tur os til alle de rigtige steder, s\u00e5 vi kan opdage den enorme indbydende hjertet af Algarve.<\/p>\n<p>Vores varierede tilbud sp\u00e6nder fra de gr\u00f8nne bakker omkring den lille by Monchique, hvor vi har en fin udsigt over de omkringliggende bjergskr\u00e5ninger til de sm\u00e5 lokale landsbyer, hvor arbejdslivet forts\u00e6tter, som det har v\u00e6ret i \u00e5rhundreder. Rundt her dyrkes johannesbr\u00f8d og oliven p\u00e5 g\u00e5rde og sm\u00e5bedrifter sammen med appelsiner og andre citrusfrugter, granat\u00e6bler, mandler og en overflod af andre produkter.<\/p>\n<div id=\"attachment_2664\" style=\"width: 586px\" class=\"wp-caption alignnone\"><img data-recalc-dims=\"1\" decoding=\"async\" aria-describedby=\"caption-attachment-2664\" class=\"wp-image-2664 size-large\" title=\"West Algarve, Silves g\u00e5r\" src=\"https:\/\/i0.wp.com\/legendatours.net\/wp-content\/uploads\/2020\/06\/algarve_way_west_houses-576x1024.jpg?resize=576%2C1024&#038;ssl=1\" alt=\"West Algarve, Silves g\u00e5r\" width=\"576\" height=\"1024\" \/><p id=\"caption-attachment-2664\" class=\"wp-caption-text\">West Algarve, Silves g\u00e5r<\/p><\/div>\n<p>Vores s\u00f8gen efter de skjulte perler i den vestlige Algarve forts\u00e6tter, n\u00e5r vi n\u00e5r Sagres i udkanten af Parque Natural da Costa Vicentina, det mest sydvestlige punkt i Europa, hvor der er en chance for at s\u00e6tte pris p\u00e5 og helt sikkert se det rigelige fugleliv p\u00e5 en af de vigtigste vandreruter i for\u00e5ret og efter\u00e5ret.<\/p>\n<div id=\"attachment_1860\" style=\"width: 1034px\" class=\"wp-caption alignnone\"><img data-recalc-dims=\"1\" decoding=\"async\" aria-describedby=\"caption-attachment-1860\" class=\"wp-image-1860 size-large\" title=\"Sagres, kappe St. Vincent\" src=\"https:\/\/i0.wp.com\/legendatours.net\/wp-content\/uploads\/2020\/03\/sagres-1024x640.jpg?resize=1024%2C640&#038;ssl=1\" alt=\"Sagres, kappe St. Vincent\" width=\"1024\" height=\"640\" \/><p id=\"caption-attachment-1860\" class=\"wp-caption-text\">Sagres, Cape St. Vincent<\/p><\/div>\n<p>Vores center for denne uge er Lagoa. Historiske optegnelser viser, at omr\u00e5det tidligere var besat af araberne, der bosatte sig omkring en lille lagune, hvis sump blev t\u00f8rret for at skabe frugtbare lande og boliger. Regionen Lagoas potentiale bidrog afg\u00f8rende til den \u00f8konomiske udvikling i omr\u00e5det, i dag baseret p\u00e5 landbrug, fiskeri, lille industri og turisme. Det er ogs\u00e5 ber\u00f8mt for vinproduktion med sine bl\u00f8de og frugtede vine, der samler fans over hele verden.<\/p>","protected":false},"excerpt":{"rendered":"<p>&#039;Explore the West Algarve&#039; er en 8-dages guidet vandretur med base i Lagoa.<\/p>\n<p>Vi har valgt en blanding af vandreture gennem kyst-, bjerg- og indre landskaber, der vil pr\u00e6sentere os for forskellige facetter af dette smukke omr\u00e5de og dets mangfoldige landskab.<\/p>","protected":false},"featured_media":5330,"comment_status":"closed","ping_status":"closed","template":"","meta":{"_acf_changed":false,"inline_featured_image":false},"product_brand":[],"product_cat":[343,340,342,344,355],"product_tag":[311,283,427,551,552,732,795,587,410,313,1239,245,838,839,559,606,55,56,1129,475,430,57,431,434,249,58,566,416,957,417,317,724,949,59,60,61,62,793],"class_list":{"0":"post-5430","1":"product","2":"type-product","3":"status-publish","4":"has-post-thumbnail","6":"product_cat-cultural-tours-and-holidays-in-portugal","7":"product_cat-guided-group-tours","8":"product_cat-portugal-guided-historical-holidays","9":"product_cat-guided-sightseeing-holidays-portugal","10":"product_cat-guided-walking-holidays-in-portugal","11":"product_tag-algarve","12":"product_tag-algarve-coastal-strip","13":"product_tag-algarve-coastline","14":"product_tag-algarve-flowers","15":"product_tag-algarve-rock-formations","16":"product_tag-algarve-way","17":"product_tag-alvor","18":"product_tag-amazing-walking","19":"product_tag-cabo-de-s-vicente","20":"product_tag-carvoeiro","21":"product_tag-cherry-picked-walks","22":"product_tag-coastal-algarve-walk","23":"product_tag-costa-vicentina","24":"product_tag-dramatic-cliffs","25":"product_tag-fabulous-walks-along-the-coast","26":"product_tag-gastronomy","27":"product_tag-guided-walking-holidays","28":"product_tag-guided-walking-tours","29":"product_tag-holidays-in-portugal","30":"product_tag-impressive-cliffs","31":"product_tag-lagoa","32":"product_tag-lagos","33":"product_tag-monchique","34":"product_tag-ponta-da-piedade","35":"product_tag-portimao","36":"product_tag-portugal","37":"product_tag-praia-da-rocha","38":"product_tag-sagres","39":"product_tag-seven-hanging-valleys-trail","40":"product_tag-silves","41":"product_tag-spectacular-cliffs","42":"product_tag-tours-in-portugal","43":"product_tag-vicentina-route","44":"product_tag-walking","45":"product_tag-walking-holidays","46":"product_tag-walking-tours","47":"product_tag-west-algarve","48":"product_tag-wines","50":"first","51":"instock","52":"virtual","53":"sold-individually","54":"product-type-booking"},"acf":[],"yoast_head":"<!-- This site is optimized with the Yoast SEO Premium plugin v26.8 (Yoast SEO v27.5) - https:\/\/yoast.com\/product\/yoast-seo-premium-wordpress\/ -->\n<title>Walking Holidays in Lagoa: The West Algarve<\/title>\n<meta name=\"description\" content=\"Walking in Western Algarve a rich diversity of scenery from granitic mountains to dramatic limestone escarpments and sea cliffs. All this, combined, makes walking here fascinating.The walks in this tour take us to all the right places so that we may discover the huge welcoming heart of the Algarve.\" \/>\n<meta name=\"robots\" content=\"index, follow, max-snippet:-1, max-image-preview:large, max-video-preview:-1\" \/>\n<link rel=\"canonical\" href=\"https:\/\/becooltravel.com\/da\/vare\/lagoa-the-west-algarve-11003g\/\" \/>\n<meta property=\"og:locale\" content=\"da_DK\" \/>\n<meta property=\"og:type\" content=\"article\" \/>\n<meta property=\"og:title\" content=\"West Algarve walking holidays Lagoa Portugal\" \/>\n<meta property=\"og:description\" content=\"We will walk along \u201cclassic\u201d sections of the Algarve coast, perfect sandy beaches and rugged headlands with rock stacks and arches including the spectacular Ponta da Piedade, just outside Lagos.We will visit Silves, one of the oldest towns in Portugal, built in a series of terraces between the river and the castle. First settled by Phoenician traders, their riverside colony grew to become a major Roman city, and then, from the 8th century it became the Moorish capital of the Algarve. Much of this magnificent town was badly damaged by the 1755 earthquake, but reminders of its powerful past can be seen in the sandstone walls of the impressive castle, which provides fantastic views from its battlements over the surrounding countryside.\" \/>\n<meta property=\"og:url\" content=\"https:\/\/becooltravel.com\/da\/vare\/lagoa-the-west-algarve-11003g\/\" \/>\n<meta property=\"og:site_name\" content=\"BeCool Travel\" \/>\n<meta property=\"article:publisher\" content=\"https:\/\/www.facebook.com\/becooltravelagency\/\" \/>\n<meta property=\"article:modified_time\" content=\"2022-08-14T13:11:03+00:00\" \/>\n<meta property=\"og:image\" content=\"https:\/\/i0.wp.com\/becooltravel.com\/wp-content\/uploads\/sites\/5\/2020\/06\/algarve_way_group.jpg?fit=1200%2C675&ssl=1\" \/>\n\t<meta property=\"og:image:width\" content=\"1200\" \/>\n\t<meta property=\"og:image:height\" content=\"675\" \/>\n\t<meta property=\"og:image:type\" content=\"image\/jpeg\" \/>\n<meta name=\"twitter:card\" content=\"summary_large_image\" \/>\n<meta name=\"twitter:title\" content=\"West Algarve walking holidays Lagoa Portugal\" \/>\n<meta name=\"twitter:description\" content=\"From Silves we will enjoy a walk in the soft hills to the north of the town. Another day will be spent in the verdant hills around the small town of Monchique where we will have fine views over the surrounding hillsides. Carob and olives are cultivated on farms and small holdings, along with oranges and other citrus fruit, pomegranates, almonds and an abundance of other produce. We visit local villages where working life continues as it has for centuries.We will continue our search for the hidden gems of the Western Algarve; a coastal walk will take us from the resort of Luz to Lagos with time to visit this pretty fishing town.Heading back inland we will have a delightful walk through some typical Algarvian villages, allowing us to see the Algarve in its most rural form.Finally we will head to the edge of Europe; we will walk in the Parque Natural da Costa Vicentina, the most south-westerly point of Europe where there is a chance to appreciate and most certainly view the abundant bird life on one of the most important migratory routes of spring and autumn.\" \/>\n<meta name=\"twitter:image\" content=\"https:\/\/i0.wp.com\/becooltravel.com\/wp-content\/uploads\/sites\/5\/2020\/06\/algarve_way_group.jpg?fit=1200%2C675&ssl=1\" \/>\n<meta name=\"twitter:site\" content=\"@becool_travel\" \/>\n<meta name=\"twitter:label1\" content=\"Estimeret l\u00e6setid\" \/>\n\t<meta name=\"twitter:data1\" content=\"3 minutter\" \/>\n<script type=\"application\/ld+json\" class=\"yoast-schema-graph\">{\"@context\":\"https:\\\/\\\/schema.org\",\"@graph\":[{\"@type\":[\"WebPage\",\"ItemPage\"],\"@id\":\"https:\\\/\\\/becooltravel.com\\\/product\\\/lagoa-the-west-algarve-11003g\\\/\",\"url\":\"https:\\\/\\\/becooltravel.com\\\/product\\\/lagoa-the-west-algarve-11003g\\\/\",\"name\":\"Walking Holidays in Lagoa: The West Algarve\",\"isPartOf\":{\"@id\":\"https:\\\/\\\/becooltravel.com\\\/#website\"},\"primaryImageOfPage\":{\"@id\":\"https:\\\/\\\/becooltravel.com\\\/product\\\/lagoa-the-west-algarve-11003g\\\/#primaryimage\"},\"image\":{\"@id\":\"https:\\\/\\\/becooltravel.com\\\/product\\\/lagoa-the-west-algarve-11003g\\\/#primaryimage\"},\"thumbnailUrl\":\"https:\\\/\\\/i0.wp.com\\\/becooltravel.com\\\/wp-content\\\/uploads\\\/sites\\\/5\\\/2020\\\/06\\\/algarve_way_group.jpg?fit=1200%2C675&ssl=1\",\"datePublished\":\"2020-07-06T15:27:59+00:00\",\"dateModified\":\"2022-08-14T13:11:03+00:00\",\"description\":\"Walking in Western Algarve a rich diversity of scenery from granitic mountains to dramatic limestone escarpments and sea cliffs. All this, combined, makes walking here fascinating.The walks in this tour take us to all the right places so that we may discover the huge welcoming heart of the Algarve.\",\"breadcrumb\":{\"@id\":\"https:\\\/\\\/becooltravel.com\\\/product\\\/lagoa-the-west-algarve-11003g\\\/#breadcrumb\"},\"inLanguage\":\"da-DK\",\"potentialAction\":[{\"@type\":\"ReadAction\",\"target\":[\"https:\\\/\\\/becooltravel.com\\\/product\\\/lagoa-the-west-algarve-11003g\\\/\"]}]},{\"@type\":\"ImageObject\",\"inLanguage\":\"da-DK\",\"@id\":\"https:\\\/\\\/becooltravel.com\\\/product\\\/lagoa-the-west-algarve-11003g\\\/#primaryimage\",\"url\":\"https:\\\/\\\/i0.wp.com\\\/becooltravel.com\\\/wp-content\\\/uploads\\\/sites\\\/5\\\/2020\\\/06\\\/algarve_way_group.jpg?fit=1200%2C675&ssl=1\",\"contentUrl\":\"https:\\\/\\\/i0.wp.com\\\/becooltravel.com\\\/wp-content\\\/uploads\\\/sites\\\/5\\\/2020\\\/06\\\/algarve_way_group.jpg?fit=1200%2C675&ssl=1\",\"width\":1200,\"height\":675,\"caption\":\"West Algarve Lagoa walking holidays\"},{\"@type\":\"BreadcrumbList\",\"@id\":\"https:\\\/\\\/becooltravel.com\\\/product\\\/lagoa-the-west-algarve-11003g\\\/#breadcrumb\",\"itemListElement\":[{\"@type\":\"ListItem\",\"position\":1,\"name\":\"Home\",\"item\":\"https:\\\/\\\/becooltravel.com\\\/\"},{\"@type\":\"ListItem\",\"position\":2,\"name\":\"Shop\",\"item\":\"https:\\\/\\\/becooltravel.com\\\/?page_id=5\"},{\"@type\":\"ListItem\",\"position\":3,\"name\":\"Algarve holidays . You can use\u00a0footpaths and walking\u00a0 trails\u00a0to get to know the region, such as the\u00a0Algarve Way\u00a0or the\u00a0Vicentine Route along one of the best preserved coastal stretches.\",\"item\":\"https:\\\/\\\/becooltravel.com\\\/product-tag\\\/algarve\\\/\"},{\"@type\":\"ListItem\",\"position\":4,\"name\":\"West Algarve walking holidays Lagoa Portugal\"}]},{\"@type\":\"WebSite\",\"@id\":\"https:\\\/\\\/becooltravel.com\\\/#website\",\"url\":\"https:\\\/\\\/becooltravel.com\\\/\",\"name\":\"BeCool Travel\",\"description\":\"Sustainable holidays in Portugal for independent travelers\",\"publisher\":{\"@id\":\"https:\\\/\\\/becooltravel.com\\\/#organization\"},\"potentialAction\":[{\"@type\":\"SearchAction\",\"target\":{\"@type\":\"EntryPoint\",\"urlTemplate\":\"https:\\\/\\\/becooltravel.com\\\/?s={search_term_string}\"},\"query-input\":{\"@type\":\"PropertyValueSpecification\",\"valueRequired\":true,\"valueName\":\"search_term_string\"}}],\"inLanguage\":\"da-DK\"},{\"@type\":\"Organization\",\"@id\":\"https:\\\/\\\/becooltravel.com\\\/#organization\",\"name\":\"BecoolTravel. com- Portugal\",\"url\":\"https:\\\/\\\/becooltravel.com\\\/\",\"logo\":{\"@type\":\"ImageObject\",\"inLanguage\":\"da-DK\",\"@id\":\"https:\\\/\\\/becooltravel.com\\\/#\\\/schema\\\/logo\\\/image\\\/\",\"url\":\"https:\\\/\\\/becooltravel.com\\\/wp-content\\\/uploads\\\/sites\\\/5\\\/2020\\\/03\\\/Logo_BeCool.jpg\",\"contentUrl\":\"https:\\\/\\\/becooltravel.com\\\/wp-content\\\/uploads\\\/sites\\\/5\\\/2020\\\/03\\\/Logo_BeCool.jpg\",\"width\":534,\"height\":534,\"caption\":\"BecoolTravel. com- Portugal\"},\"image\":{\"@id\":\"https:\\\/\\\/becooltravel.com\\\/#\\\/schema\\\/logo\\\/image\\\/\"},\"sameAs\":[\"https:\\\/\\\/www.facebook.com\\\/becooltravelagency\\\/\",\"https:\\\/\\\/x.com\\\/becool_travel\",\"https:\\\/\\\/www.instagram.com\\\/becooltravel_com\\\/\",\"https:\\\/\\\/www.linkedin.com\\\/company\\\/becool-travel\\\/\",\"https:\\\/\\\/www.youtube.com\\\/channel\\\/UCE7zRU3EVG1PgfXwQo-5uJw\"]}]}<\/script>\n<!-- \/ Yoast SEO Premium plugin. -->","yoast_head_json":{"title":"Vandreferie i Lagoa: West Algarve","description":"G\u00e5 i det vestlige Algarve en rig mangfoldighed af landskaber fra granitiske bjerge til dramatiske kalkstenhuller og havklipper. Alt dette kombineret g\u00f8r det at g\u00e5 her fascinerende. Ture i denne tur f\u00f8rer os til alle de rigtige steder, s\u00e5 vi kan opdage det enorme indbydende hjerte i Algarve.","robots":{"index":"index","follow":"follow","max-snippet":"max-snippet:-1","max-image-preview":"max-image-preview:large","max-video-preview":"max-video-preview:-1"},"canonical":"https:\/\/becooltravel.com\/da\/vare\/lagoa-the-west-algarve-11003g\/","og_locale":"da_DK","og_type":"article","og_title":"West Algarve walking holidays Lagoa Portugal","og_description":"We will walk along \u201cclassic\u201d sections of the Algarve coast, perfect sandy beaches and rugged headlands with rock stacks and arches including the spectacular Ponta da Piedade, just outside Lagos.We will visit Silves, one of the oldest towns in Portugal, built in a series of terraces between the river and the castle. First settled by Phoenician traders, their riverside colony grew to become a major Roman city, and then, from the 8th century it became the Moorish capital of the Algarve. Much of this magnificent town was badly damaged by the 1755 earthquake, but reminders of its powerful past can be seen in the sandstone walls of the impressive castle, which provides fantastic views from its battlements over the surrounding countryside.","og_url":"https:\/\/becooltravel.com\/da\/vare\/lagoa-the-west-algarve-11003g\/","og_site_name":"BeCool Travel","article_publisher":"https:\/\/www.facebook.com\/becooltravelagency\/","article_modified_time":"2022-08-14T13:11:03+00:00","og_image":[{"width":1200,"height":675,"url":"https:\/\/i0.wp.com\/becooltravel.com\/wp-content\/uploads\/sites\/5\/2020\/06\/algarve_way_group.jpg?fit=1200%2C675&ssl=1","type":"image\/jpeg"}],"twitter_card":"summary_large_image","twitter_title":"West Algarve walking holidays Lagoa Portugal","twitter_description":"From Silves we will enjoy a walk in the soft hills to the north of the town. Another day will be spent in the verdant hills around the small town of Monchique where we will have fine views over the surrounding hillsides. Carob and olives are cultivated on farms and small holdings, along with oranges and other citrus fruit, pomegranates, almonds and an abundance of other produce. We visit local villages where working life continues as it has for centuries.We will continue our search for the hidden gems of the Western Algarve; a coastal walk will take us from the resort of Luz to Lagos with time to visit this pretty fishing town.Heading back inland we will have a delightful walk through some typical Algarvian villages, allowing us to see the Algarve in its most rural form.Finally we will head to the edge of Europe; we will walk in the Parque Natural da Costa Vicentina, the most south-westerly point of Europe where there is a chance to appreciate and most certainly view the abundant bird life on one of the most important migratory routes of spring and autumn.","twitter_image":"https:\/\/i0.wp.com\/becooltravel.com\/wp-content\/uploads\/sites\/5\/2020\/06\/algarve_way_group.jpg?fit=1200%2C675&ssl=1","twitter_site":"@becool_travel","twitter_misc":{"Estimeret l\u00e6setid":"3 minutter"},"schema":{"@context":"https:\/\/schema.org","@graph":[{"@type":["WebPage","ItemPage"],"@id":"https:\/\/becooltravel.com\/product\/lagoa-the-west-algarve-11003g\/","url":"https:\/\/becooltravel.com\/product\/lagoa-the-west-algarve-11003g\/","name":"Vandreferie i Lagoa: West Algarve","isPartOf":{"@id":"https:\/\/becooltravel.com\/#website"},"primaryImageOfPage":{"@id":"https:\/\/becooltravel.com\/product\/lagoa-the-west-algarve-11003g\/#primaryimage"},"image":{"@id":"https:\/\/becooltravel.com\/product\/lagoa-the-west-algarve-11003g\/#primaryimage"},"thumbnailUrl":"https:\/\/i0.wp.com\/becooltravel.com\/wp-content\/uploads\/sites\/5\/2020\/06\/algarve_way_group.jpg?fit=1200%2C675&ssl=1","datePublished":"2020-07-06T15:27:59+00:00","dateModified":"2022-08-14T13:11:03+00:00","description":"G\u00e5 i det vestlige Algarve en rig mangfoldighed af landskaber fra granitiske bjerge til dramatiske kalkstenhuller og havklipper. Alt dette kombineret g\u00f8r det at g\u00e5 her fascinerende. Ture i denne tur f\u00f8rer os til alle de rigtige steder, s\u00e5 vi kan opdage det enorme indbydende hjerte i Algarve.","breadcrumb":{"@id":"https:\/\/becooltravel.com\/product\/lagoa-the-west-algarve-11003g\/#breadcrumb"},"inLanguage":"da-DK","potentialAction":[{"@type":"ReadAction","target":["https:\/\/becooltravel.com\/product\/lagoa-the-west-algarve-11003g\/"]}]},{"@type":"ImageObject","inLanguage":"da-DK","@id":"https:\/\/becooltravel.com\/product\/lagoa-the-west-algarve-11003g\/#primaryimage","url":"https:\/\/i0.wp.com\/becooltravel.com\/wp-content\/uploads\/sites\/5\/2020\/06\/algarve_way_group.jpg?fit=1200%2C675&ssl=1","contentUrl":"https:\/\/i0.wp.com\/becooltravel.com\/wp-content\/uploads\/sites\/5\/2020\/06\/algarve_way_group.jpg?fit=1200%2C675&ssl=1","width":1200,"height":675,"caption":"West Algarve Lagoa walking holidays"},{"@type":"BreadcrumbList","@id":"https:\/\/becooltravel.com\/product\/lagoa-the-west-algarve-11003g\/#breadcrumb","itemListElement":[{"@type":"ListItem","position":1,"name":"Home","item":"https:\/\/becooltravel.com\/"},{"@type":"ListItem","position":2,"name":"Shop","item":"https:\/\/becooltravel.com\/?page_id=5"},{"@type":"ListItem","position":3,"name":"Algarve holidays . You can use\u00a0footpaths and walking\u00a0 trails\u00a0to get to know the region, such as the\u00a0Algarve Way\u00a0or the\u00a0Vicentine Route along one of the best preserved coastal stretches.","item":"https:\/\/becooltravel.com\/product-tag\/algarve\/"},{"@type":"ListItem","position":4,"name":"West Algarve walking holidays Lagoa Portugal"}]},{"@type":"WebSite","@id":"https:\/\/becooltravel.com\/#website","url":"https:\/\/becooltravel.com\/","name":"BeCool rejse","description":"B\u00e6redygtig ferie i Portugal for uafh\u00e6ngige rejsende","publisher":{"@id":"https:\/\/becooltravel.com\/#organization"},"potentialAction":[{"@type":"SearchAction","target":{"@type":"EntryPoint","urlTemplate":"https:\/\/becooltravel.com\/?s={search_term_string}"},"query-input":{"@type":"PropertyValueSpecification","valueRequired":true,"valueName":"search_term_string"}}],"inLanguage":"da-DK"},{"@type":"Organization","@id":"https:\/\/becooltravel.com\/#organization","name":"BecoolTravel. com- Portugal","url":"https:\/\/becooltravel.com\/","logo":{"@type":"ImageObject","inLanguage":"da-DK","@id":"https:\/\/becooltravel.com\/#\/schema\/logo\/image\/","url":"https:\/\/becooltravel.com\/wp-content\/uploads\/sites\/5\/2020\/03\/Logo_BeCool.jpg","contentUrl":"https:\/\/becooltravel.com\/wp-content\/uploads\/sites\/5\/2020\/03\/Logo_BeCool.jpg","width":534,"height":534,"caption":"BecoolTravel. com- Portugal"},"image":{"@id":"https:\/\/becooltravel.com\/#\/schema\/logo\/image\/"},"sameAs":["https:\/\/www.facebook.com\/becooltravelagency\/","https:\/\/x.com\/becool_travel","https:\/\/www.instagram.com\/becooltravel_com\/","https:\/\/www.linkedin.com\/company\/becool-travel\/","https:\/\/www.youtube.com\/channel\/UCE7zRU3EVG1PgfXwQo-5uJw"]}]}},"jetpack_sharing_enabled":true,"_links":{"self":[{"href":"https:\/\/becooltravel.com\/da\/wp-json\/wp\/v2\/product\/5430","targetHints":{"allow":["GET"]}}],"collection":[{"href":"https:\/\/becooltravel.com\/da\/wp-json\/wp\/v2\/product"}],"about":[{"href":"https:\/\/becooltravel.com\/da\/wp-json\/wp\/v2\/types\/product"}],"replies":[{"embeddable":true,"href":"https:\/\/becooltravel.com\/da\/wp-json\/wp\/v2\/comments?post=5430"}],"wp:featuredmedia":[{"embeddable":true,"href":"https:\/\/becooltravel.com\/da\/wp-json\/wp\/v2\/media\/5330"}],"wp:attachment":[{"href":"https:\/\/becooltravel.com\/da\/wp-json\/wp\/v2\/media?parent=5430"}],"wp:term":[{"taxonomy":"product_brand","embeddable":true,"href":"https:\/\/becooltravel.com\/da\/wp-json\/wp\/v2\/product_brand?post=5430"},{"taxonomy":"product_cat","embeddable":true,"href":"https:\/\/becooltravel.com\/da\/wp-json\/wp\/v2\/product_cat?post=5430"},{"taxonomy":"product_tag","embeddable":true,"href":"https:\/\/becooltravel.com\/da\/wp-json\/wp\/v2\/product_tag?post=5430"}],"curies":[{"name":"wp","href":"https:\/\/api.w.org\/{rel}","templated":true}]}}