{"id":5435,"date":"2020-07-08T10:12:48","date_gmt":"2020-07-08T10:12:48","guid":{"rendered":"https:\/\/becooltravel.com\/?post_type=product&#038;p=5435"},"modified":"2022-08-14T13:21:03","modified_gmt":"2022-08-14T13:21:03","slug":"gastronomy-cultural-tour-in-alentejo-11700g","status":"publish","type":"product","link":"https:\/\/becooltravel.com\/da\/vare\/gastronomi-kulturel-tur-i-alentejo-11700g\/","title":{"rendered":"Gastronomi og kulturel vandretur i Alentejo Portugal"},"content":{"rendered":"<p><strong>Grupper accepteret med mindst 6 personer.<\/strong><\/p>\n<p>&nbsp;<\/p>\n<p>Denne ferie er baseret i den vidunderlige region Alentejo, hvor god mad og vine er konger. En ferie med gastronomi og smagning med en forskel.<\/p>\n<p>Alentejo har l\u00e6nge v\u00e6ret betragtet som Portugals kulinariske hjerte, hvor nogle af de traditionelle retter har udviklet sig til h\u00f8j kulinarisk kunst med brug af friske lokale r\u00e5varer og de duftende urter, der vokser i omr\u00e5det. Regionen er ogs\u00e5 kendt for nogle af de fineste vine.<\/p>\n<p>Forestil dig at blande din egen vin med nogle af de fineste varianter i landet og derefter nyde din helt egen blanding med nogle af de fineste lokale oste.<\/p>\n<div id=\"attachment_2814\" style=\"width: 1034px\" class=\"wp-caption alignnone\"><img data-recalc-dims=\"1\" decoding=\"async\" aria-describedby=\"caption-attachment-2814\" class=\"wp-image-2814 size-large\" src=\"https:\/\/i0.wp.com\/legendatours.net\/wp-content\/uploads\/2020\/07\/alentejo-1024x683.jpg?resize=1024%2C683&#038;ssl=1\" alt=\"Alentejo landskab\" width=\"1024\" height=\"683\" \/><p id=\"caption-attachment-2814\" class=\"wp-caption-text\">Portugal Alentejo landskab<\/p><\/div>\n<p>Senere p\u00e5 ugen har vi chancen for at l\u00e6re og v\u00e6re involveret i skabelsen af vores egne m\u00e5ltider ved hj\u00e6lp af regionale specialiteter under vejledning af gode kokke.<\/p>\n<p>Vores to centre, Estremoz og \u00c9vora er gennemsyret af historie, de er begge bef\u00e6stede byer, gennem hvilke karakterfulde smalle gader bugter sig, og f\u00f8rer os til fantastiske monumenter, s\u00e5 meget at \u00c9vora selv er blevet anerkendt som et verdensarvssted.<\/p>\n<p>Vores ophold vil tage os til ikoniske gamle landsbyer, bes\u00f8ge regionens traditionelle kunst og kunsth\u00e5ndv\u00e6rk, nyde det skyggefulde landskab, der er beboet og plejet siden forhistorisk tid.<\/p>\n<div id=\"attachment_2821\" style=\"width: 1034px\" class=\"wp-caption alignnone\"><img data-recalc-dims=\"1\" decoding=\"async\" aria-describedby=\"caption-attachment-2821\" class=\"wp-image-2821 size-large\" title=\"Bas\u00edlica S\u00e9 de Nossa Senhora da Assun\u00e7\u00e3o Evora\" src=\"https:\/\/i0.wp.com\/legendatours.net\/wp-content\/uploads\/2020\/07\/evora_cathedral-1024x598.jpg?resize=1024%2C598&#038;ssl=1\" alt=\"Evora Cathedral, den st\u00f8rste middelalderkatedral i Portugal\" width=\"1024\" height=\"598\" \/><p id=\"caption-attachment-2821\" class=\"wp-caption-text\">Bas\u00edlica S\u00e9 de Nossa Senhora da Assun\u00e7\u00e3o Evora<\/p><\/div>\n<p>Vi begynder vores tur i Estremoz, en historisk by domineret af dets middelalderlige 13. \u00e5rhundredes slot inden for dets gamle f\u00e6stningsv\u00e6rker.<\/p>\n<p>Vi rejser derefter til den bef\u00e6stede by \u00c9vora, en af Portugals smukkest bevarede middelalderbyer, klassificeret som verdensarv af UNESCO. \u00c9vora er en by med en glorv\u00e6rdig fortid og en ung og levende nutid hjulpet af en stor studerende befolkning, der g\u00e5r p\u00e5 et af verdens \u00e6ldste universiteter.<\/p>\n<p>Befolkningen i Alentejo er meget stolte af deres arv, og de bevarer de gamle bygninger og ogs\u00e5 den gamle praksis.<\/p>\n<p>Kom og nyd denne unikke gastronomiske oplevelse med os.<\/p>","protected":false},"excerpt":{"rendered":"<p>Denne ferie er baseret i den vidunderlige region Alentejo, hvor god mad og vine er konger. En ferie med gastronomi og smagning med en forskel.<\/p>\n<p>Alentejo har l\u00e6nge v\u00e6ret betragtet som Portugals kulinariske hjerte, hvor nogle af de traditionelle retter har udviklet sig til h\u00f8j kulinarisk kunst med brug af friske lokale r\u00e5varer og de duftende urter, der vokser i omr\u00e5det. Regionen er ogs\u00e5 kendt for nogle af de fineste vine.<\/p>","protected":false},"featured_media":5525,"comment_status":"closed","ping_status":"closed","template":"","meta":{"_acf_changed":false,"inline_featured_image":false},"product_brand":[],"product_cat":[343,356,340,342,344,355],"product_tag":[473,63,64,986,587,203,204,784,1108,968,220,65,590,747,606,508,748,1248,841,261,625,983,987,835,548,1099,581,425,887,362,364,1017,366],"class_list":{"0":"post-5435","1":"product","2":"type-product","3":"status-publish","4":"has-post-thumbnail","6":"product_cat-cultural-tours-and-holidays-in-portugal","7":"product_cat-portugal-gastronomy-and-wines-guided-holidays","8":"product_cat-guided-group-tours","9":"product_cat-portugal-guided-historical-holidays","10":"product_cat-guided-sightseeing-holidays-portugal","11":"product_cat-guided-walking-holidays-in-portugal","12":"product_tag-alentejo","13":"product_tag-alentejo-landscape","14":"product_tag-alentejo-walking","15":"product_tag-alqueva","16":"product_tag-amazing-walking","17":"product_tag-beautiful-landscapes","18":"product_tag-cultural-heritage","19":"product_tag-culture","20":"product_tag-escorted-tour","21":"product_tag-estremoz-walking","22":"product_tag-evora","23":"product_tag-evora-walking","24":"product_tag-food-and-wines-are-tasty","25":"product_tag-food-wine-tours","26":"product_tag-gastronomy","27":"product_tag-gastronomy-and-wines","28":"product_tag-gastronomy-holidays","29":"product_tag-guided-group-tour","30":"product_tag-inland-alentejo","31":"product_tag-local-gastronomy","32":"product_tag-local-wines","33":"product_tag-medieval-villages","34":"product_tag-monsaraz","35":"product_tag-pinturesque-landscape","36":"product_tag-portugal-perfect-walking-holiday","37":"product_tag-portuguese-gastronomy","38":"product_tag-traditional-villages","39":"product_tag-typical-villages","40":"product_tag-village","41":"product_tag-vineyards-and-terraces","42":"product_tag-wine-lovers","43":"product_tag-wine-tasting","44":"product_tag-worlds-best-wines","46":"first","47":"instock","48":"virtual","49":"sold-individually","50":"product-type-booking"},"acf":[],"yoast_head":"<!-- This site is optimized with the Yoast SEO Premium plugin v26.8 (Yoast SEO v27.5) - https:\/\/yoast.com\/product\/yoast-seo-premium-wordpress\/ -->\n<title>Gastronomy &amp; Cultural Walking Tour in Alentejo Portugal<\/title>\n<meta name=\"description\" content=\"Gastronomy &amp; Cultural Tour walking In Alentejo, based in the wonderful region of the Alentejo where great food and wines are kings\" \/>\n<meta name=\"robots\" content=\"index, follow, max-snippet:-1, max-image-preview:large, max-video-preview:-1\" \/>\n<link rel=\"canonical\" href=\"https:\/\/becooltravel.com\/da\/vare\/gastronomi-kulturel-tur-i-alentejo-11700g\/\" \/>\n<meta property=\"og:locale\" content=\"da_DK\" \/>\n<meta property=\"og:type\" content=\"article\" \/>\n<meta property=\"og:title\" content=\"Gastronomy &amp; Cultural Tour walking In Alentejo\" \/>\n<meta property=\"og:description\" content=\"based in the wonderful region of the Alentejo where great food and wines are kings\" \/>\n<meta property=\"og:url\" content=\"https:\/\/becooltravel.com\/da\/vare\/gastronomi-kulturel-tur-i-alentejo-11700g\/\" \/>\n<meta property=\"og:site_name\" content=\"BeCool Travel\" \/>\n<meta property=\"article:publisher\" content=\"https:\/\/www.facebook.com\/becooltravelagency\/\" \/>\n<meta property=\"article:modified_time\" content=\"2022-08-14T13:21:03+00:00\" \/>\n<meta property=\"og:image\" content=\"https:\/\/i0.wp.com\/becooltravel.com\/wp-content\/uploads\/sites\/5\/2020\/07\/gastronomy_wines.jpg?fit=1156%2C800&ssl=1\" \/>\n\t<meta property=\"og:image:width\" content=\"1156\" \/>\n\t<meta property=\"og:image:height\" content=\"800\" \/>\n\t<meta property=\"og:image:type\" content=\"image\/jpeg\" \/>\n<meta name=\"twitter:card\" content=\"summary_large_image\" \/>\n<meta name=\"twitter:title\" content=\"Gastronomy &amp; Cultural Tour walking In Alentejo\" \/>\n<meta name=\"twitter:description\" content=\"Gastronomy &amp; Cultural Tour walking In Alentejo based in the wonderful region of the Alentejo where great food and wines are kings\" \/>\n<meta name=\"twitter:image\" content=\"https:\/\/i0.wp.com\/becooltravel.com\/wp-content\/uploads\/sites\/5\/2020\/07\/gastronomy_wines.jpg?fit=1156%2C800&ssl=1\" \/>\n<meta name=\"twitter:site\" content=\"@becool_travel\" \/>\n<meta name=\"twitter:label1\" content=\"Estimeret l\u00e6setid\" \/>\n\t<meta name=\"twitter:data1\" content=\"2 minutter\" \/>\n<script type=\"application\/ld+json\" class=\"yoast-schema-graph\">{\"@context\":\"https:\\\/\\\/schema.org\",\"@graph\":[{\"@type\":[\"WebPage\",\"ItemPage\"],\"@id\":\"https:\\\/\\\/becooltravel.com\\\/product\\\/gastronomy-cultural-tour-in-alentejo-11700g\\\/\",\"url\":\"https:\\\/\\\/becooltravel.com\\\/product\\\/gastronomy-cultural-tour-in-alentejo-11700g\\\/\",\"name\":\"Gastronomy &amp; Cultural Walking Tour in Alentejo Portugal\",\"isPartOf\":{\"@id\":\"https:\\\/\\\/becooltravel.com\\\/#website\"},\"primaryImageOfPage\":{\"@id\":\"https:\\\/\\\/becooltravel.com\\\/product\\\/gastronomy-cultural-tour-in-alentejo-11700g\\\/#primaryimage\"},\"image\":{\"@id\":\"https:\\\/\\\/becooltravel.com\\\/product\\\/gastronomy-cultural-tour-in-alentejo-11700g\\\/#primaryimage\"},\"thumbnailUrl\":\"https:\\\/\\\/i0.wp.com\\\/becooltravel.com\\\/wp-content\\\/uploads\\\/sites\\\/5\\\/2020\\\/07\\\/gastronomy_wines.jpg?fit=1156%2C800&ssl=1\",\"datePublished\":\"2020-07-08T10:12:48+00:00\",\"dateModified\":\"2022-08-14T13:21:03+00:00\",\"description\":\"Gastronomy & Cultural Tour walking In Alentejo, based in the wonderful region of the Alentejo where great food and wines are kings\",\"breadcrumb\":{\"@id\":\"https:\\\/\\\/becooltravel.com\\\/product\\\/gastronomy-cultural-tour-in-alentejo-11700g\\\/#breadcrumb\"},\"inLanguage\":\"da-DK\",\"potentialAction\":[{\"@type\":\"ReadAction\",\"target\":[\"https:\\\/\\\/becooltravel.com\\\/product\\\/gastronomy-cultural-tour-in-alentejo-11700g\\\/\"]}]},{\"@type\":\"ImageObject\",\"inLanguage\":\"da-DK\",\"@id\":\"https:\\\/\\\/becooltravel.com\\\/product\\\/gastronomy-cultural-tour-in-alentejo-11700g\\\/#primaryimage\",\"url\":\"https:\\\/\\\/i0.wp.com\\\/becooltravel.com\\\/wp-content\\\/uploads\\\/sites\\\/5\\\/2020\\\/07\\\/gastronomy_wines.jpg?fit=1156%2C800&ssl=1\",\"contentUrl\":\"https:\\\/\\\/i0.wp.com\\\/becooltravel.com\\\/wp-content\\\/uploads\\\/sites\\\/5\\\/2020\\\/07\\\/gastronomy_wines.jpg?fit=1156%2C800&ssl=1\",\"width\":1156,\"height\":800,\"caption\":\"Alentejo gastronomy\"},{\"@type\":\"BreadcrumbList\",\"@id\":\"https:\\\/\\\/becooltravel.com\\\/product\\\/gastronomy-cultural-tour-in-alentejo-11700g\\\/#breadcrumb\",\"itemListElement\":[{\"@type\":\"ListItem\",\"position\":1,\"name\":\"Home\",\"item\":\"https:\\\/\\\/becooltravel.com\\\/\"},{\"@type\":\"ListItem\",\"position\":2,\"name\":\"Shop\",\"item\":\"https:\\\/\\\/becooltravel.com\\\/?page_id=5\"},{\"@type\":\"ListItem\",\"position\":3,\"name\":\"The plains that extend as far as the eye can see start close to the Tagus. While to the north, the pace is set by the green of the flatlands, further south the landscape combines with the sun, the heat and a slower pace of life. This is the Alentejo.\",\"item\":\"https:\\\/\\\/becooltravel.com\\\/nl\\\/product-tag\\\/alentejo-2\\\/\"},{\"@type\":\"ListItem\",\"position\":4,\"name\":\"Gastronomy & Cultural Tour walking In Alentejo\"}]},{\"@type\":\"WebSite\",\"@id\":\"https:\\\/\\\/becooltravel.com\\\/#website\",\"url\":\"https:\\\/\\\/becooltravel.com\\\/\",\"name\":\"BeCool Travel\",\"description\":\"Sustainable holidays in Portugal for independent travelers\",\"publisher\":{\"@id\":\"https:\\\/\\\/becooltravel.com\\\/#organization\"},\"potentialAction\":[{\"@type\":\"SearchAction\",\"target\":{\"@type\":\"EntryPoint\",\"urlTemplate\":\"https:\\\/\\\/becooltravel.com\\\/?s={search_term_string}\"},\"query-input\":{\"@type\":\"PropertyValueSpecification\",\"valueRequired\":true,\"valueName\":\"search_term_string\"}}],\"inLanguage\":\"da-DK\"},{\"@type\":\"Organization\",\"@id\":\"https:\\\/\\\/becooltravel.com\\\/#organization\",\"name\":\"BecoolTravel. com- Portugal\",\"url\":\"https:\\\/\\\/becooltravel.com\\\/\",\"logo\":{\"@type\":\"ImageObject\",\"inLanguage\":\"da-DK\",\"@id\":\"https:\\\/\\\/becooltravel.com\\\/#\\\/schema\\\/logo\\\/image\\\/\",\"url\":\"https:\\\/\\\/becooltravel.com\\\/wp-content\\\/uploads\\\/sites\\\/5\\\/2020\\\/03\\\/Logo_BeCool.jpg\",\"contentUrl\":\"https:\\\/\\\/becooltravel.com\\\/wp-content\\\/uploads\\\/sites\\\/5\\\/2020\\\/03\\\/Logo_BeCool.jpg\",\"width\":534,\"height\":534,\"caption\":\"BecoolTravel. com- Portugal\"},\"image\":{\"@id\":\"https:\\\/\\\/becooltravel.com\\\/#\\\/schema\\\/logo\\\/image\\\/\"},\"sameAs\":[\"https:\\\/\\\/www.facebook.com\\\/becooltravelagency\\\/\",\"https:\\\/\\\/x.com\\\/becool_travel\",\"https:\\\/\\\/www.instagram.com\\\/becooltravel_com\\\/\",\"https:\\\/\\\/www.linkedin.com\\\/company\\\/becool-travel\\\/\",\"https:\\\/\\\/www.youtube.com\\\/channel\\\/UCE7zRU3EVG1PgfXwQo-5uJw\"]}]}<\/script>\n<!-- \/ Yoast SEO Premium plugin. -->","yoast_head_json":{"title":"Gastronomi og kulturel vandretur i Alentejo Portugal","description":"Gastronomi og kulturtur til fods i Alentejo, baseret i den vidunderlige region Alentejo, hvor god mad og vine er konger","robots":{"index":"index","follow":"follow","max-snippet":"max-snippet:-1","max-image-preview":"max-image-preview:large","max-video-preview":"max-video-preview:-1"},"canonical":"https:\/\/becooltravel.com\/da\/vare\/gastronomi-kulturel-tur-i-alentejo-11700g\/","og_locale":"da_DK","og_type":"article","og_title":"Gastronomy & Cultural Tour walking In Alentejo","og_description":"based in the wonderful region of the Alentejo where great food and wines are kings","og_url":"https:\/\/becooltravel.com\/da\/vare\/gastronomi-kulturel-tur-i-alentejo-11700g\/","og_site_name":"BeCool Travel","article_publisher":"https:\/\/www.facebook.com\/becooltravelagency\/","article_modified_time":"2022-08-14T13:21:03+00:00","og_image":[{"width":1156,"height":800,"url":"https:\/\/i0.wp.com\/becooltravel.com\/wp-content\/uploads\/sites\/5\/2020\/07\/gastronomy_wines.jpg?fit=1156%2C800&ssl=1","type":"image\/jpeg"}],"twitter_card":"summary_large_image","twitter_title":"Gastronomy & Cultural Tour walking In Alentejo","twitter_description":"Gastronomy & Cultural Tour walking In Alentejo based in the wonderful region of the Alentejo where great food and wines are kings","twitter_image":"https:\/\/i0.wp.com\/becooltravel.com\/wp-content\/uploads\/sites\/5\/2020\/07\/gastronomy_wines.jpg?fit=1156%2C800&ssl=1","twitter_site":"@becool_travel","twitter_misc":{"Estimeret l\u00e6setid":"2 minutter"},"schema":{"@context":"https:\/\/schema.org","@graph":[{"@type":["WebPage","ItemPage"],"@id":"https:\/\/becooltravel.com\/product\/gastronomy-cultural-tour-in-alentejo-11700g\/","url":"https:\/\/becooltravel.com\/product\/gastronomy-cultural-tour-in-alentejo-11700g\/","name":"Gastronomi og kulturel vandretur i Alentejo Portugal","isPartOf":{"@id":"https:\/\/becooltravel.com\/#website"},"primaryImageOfPage":{"@id":"https:\/\/becooltravel.com\/product\/gastronomy-cultural-tour-in-alentejo-11700g\/#primaryimage"},"image":{"@id":"https:\/\/becooltravel.com\/product\/gastronomy-cultural-tour-in-alentejo-11700g\/#primaryimage"},"thumbnailUrl":"https:\/\/i0.wp.com\/becooltravel.com\/wp-content\/uploads\/sites\/5\/2020\/07\/gastronomy_wines.jpg?fit=1156%2C800&ssl=1","datePublished":"2020-07-08T10:12:48+00:00","dateModified":"2022-08-14T13:21:03+00:00","description":"Gastronomi og kulturtur til fods i Alentejo, baseret i den vidunderlige region Alentejo, hvor god mad og vine er konger","breadcrumb":{"@id":"https:\/\/becooltravel.com\/product\/gastronomy-cultural-tour-in-alentejo-11700g\/#breadcrumb"},"inLanguage":"da-DK","potentialAction":[{"@type":"ReadAction","target":["https:\/\/becooltravel.com\/product\/gastronomy-cultural-tour-in-alentejo-11700g\/"]}]},{"@type":"ImageObject","inLanguage":"da-DK","@id":"https:\/\/becooltravel.com\/product\/gastronomy-cultural-tour-in-alentejo-11700g\/#primaryimage","url":"https:\/\/i0.wp.com\/becooltravel.com\/wp-content\/uploads\/sites\/5\/2020\/07\/gastronomy_wines.jpg?fit=1156%2C800&ssl=1","contentUrl":"https:\/\/i0.wp.com\/becooltravel.com\/wp-content\/uploads\/sites\/5\/2020\/07\/gastronomy_wines.jpg?fit=1156%2C800&ssl=1","width":1156,"height":800,"caption":"Alentejo gastronomy"},{"@type":"BreadcrumbList","@id":"https:\/\/becooltravel.com\/product\/gastronomy-cultural-tour-in-alentejo-11700g\/#breadcrumb","itemListElement":[{"@type":"ListItem","position":1,"name":"Home","item":"https:\/\/becooltravel.com\/"},{"@type":"ListItem","position":2,"name":"Shop","item":"https:\/\/becooltravel.com\/?page_id=5"},{"@type":"ListItem","position":3,"name":"The plains that extend as far as the eye can see start close to the Tagus. While to the north, the pace is set by the green of the flatlands, further south the landscape combines with the sun, the heat and a slower pace of life. This is the Alentejo.","item":"https:\/\/becooltravel.com\/nl\/product-tag\/alentejo-2\/"},{"@type":"ListItem","position":4,"name":"Gastronomy & Cultural Tour walking In Alentejo"}]},{"@type":"WebSite","@id":"https:\/\/becooltravel.com\/#website","url":"https:\/\/becooltravel.com\/","name":"BeCool rejse","description":"B\u00e6redygtig ferie i Portugal for uafh\u00e6ngige rejsende","publisher":{"@id":"https:\/\/becooltravel.com\/#organization"},"potentialAction":[{"@type":"SearchAction","target":{"@type":"EntryPoint","urlTemplate":"https:\/\/becooltravel.com\/?s={search_term_string}"},"query-input":{"@type":"PropertyValueSpecification","valueRequired":true,"valueName":"search_term_string"}}],"inLanguage":"da-DK"},{"@type":"Organization","@id":"https:\/\/becooltravel.com\/#organization","name":"BecoolTravel. com- Portugal","url":"https:\/\/becooltravel.com\/","logo":{"@type":"ImageObject","inLanguage":"da-DK","@id":"https:\/\/becooltravel.com\/#\/schema\/logo\/image\/","url":"https:\/\/becooltravel.com\/wp-content\/uploads\/sites\/5\/2020\/03\/Logo_BeCool.jpg","contentUrl":"https:\/\/becooltravel.com\/wp-content\/uploads\/sites\/5\/2020\/03\/Logo_BeCool.jpg","width":534,"height":534,"caption":"BecoolTravel. com- Portugal"},"image":{"@id":"https:\/\/becooltravel.com\/#\/schema\/logo\/image\/"},"sameAs":["https:\/\/www.facebook.com\/becooltravelagency\/","https:\/\/x.com\/becool_travel","https:\/\/www.instagram.com\/becooltravel_com\/","https:\/\/www.linkedin.com\/company\/becool-travel\/","https:\/\/www.youtube.com\/channel\/UCE7zRU3EVG1PgfXwQo-5uJw"]}]}},"jetpack_sharing_enabled":true,"_links":{"self":[{"href":"https:\/\/becooltravel.com\/da\/wp-json\/wp\/v2\/product\/5435","targetHints":{"allow":["GET"]}}],"collection":[{"href":"https:\/\/becooltravel.com\/da\/wp-json\/wp\/v2\/product"}],"about":[{"href":"https:\/\/becooltravel.com\/da\/wp-json\/wp\/v2\/types\/product"}],"replies":[{"embeddable":true,"href":"https:\/\/becooltravel.com\/da\/wp-json\/wp\/v2\/comments?post=5435"}],"wp:featuredmedia":[{"embeddable":true,"href":"https:\/\/becooltravel.com\/da\/wp-json\/wp\/v2\/media\/5525"}],"wp:attachment":[{"href":"https:\/\/becooltravel.com\/da\/wp-json\/wp\/v2\/media?parent=5435"}],"wp:term":[{"taxonomy":"product_brand","embeddable":true,"href":"https:\/\/becooltravel.com\/da\/wp-json\/wp\/v2\/product_brand?post=5435"},{"taxonomy":"product_cat","embeddable":true,"href":"https:\/\/becooltravel.com\/da\/wp-json\/wp\/v2\/product_cat?post=5435"},{"taxonomy":"product_tag","embeddable":true,"href":"https:\/\/becooltravel.com\/da\/wp-json\/wp\/v2\/product_tag?post=5435"}],"curies":[{"name":"wp","href":"https:\/\/api.w.org\/{rel}","templated":true}]}}