{"id":5438,"date":"2020-07-08T14:28:17","date_gmt":"2020-07-08T14:28:17","guid":{"rendered":"https:\/\/becooltravel.com\/?post_type=product&#038;p=5438"},"modified":"2022-08-14T12:49:38","modified_gmt":"2022-08-14T12:49:38","slug":"madeira-the-atlantic-emerald-11900g","status":"publish","type":"product","link":"https:\/\/becooltravel.com\/da\/vare\/madeira-atlantic-smaragd-11900g\/","title":{"rendered":"G\u00e5 p\u00e5 Madeira, The Atlantic Emerald"},"content":{"rendered":"<p><strong>Grupper accepteret med mindst 6 personer.<\/strong><\/p>\n<p>&nbsp;<\/p>\n<p>Madeira-\u00f8en har et v\u00e6ld af g\u00e5ture at byde p\u00e5 i sine mere fjerntliggende dele, s\u00e5vel som de ekstraordin\u00e6re vandreture, der er tilg\u00e6ngelige fra \u00f8ens hovedstad Funchal. Blandt andre vandreture er vi i stand til at udforske de mindre kendte levadaer, de smalle bjergvandingskanaler, der f\u00f8rer vandet fra de nordlige bakker til de sydlige terrasser.<\/p>\n<div id=\"attachment_2838\" style=\"width: 1034px\" class=\"wp-caption alignnone\"><img data-recalc-dims=\"1\" decoding=\"async\" aria-describedby=\"caption-attachment-2838\" class=\"wp-image-2838 size-large\" title=\"Madeira strandpromenade\" src=\"https:\/\/i0.wp.com\/legendatours.net\/wp-content\/uploads\/2020\/07\/madeira_walking_seaside-1024x768.jpg?resize=1024%2C768&#038;ssl=1\" alt=\"Gruppegang Madeira\" width=\"1024\" height=\"768\" \/><p id=\"caption-attachment-2838\" class=\"wp-caption-text\">Madeira strandpromenade<\/p><\/div>\n<p>Vi starter i Porto Moniz i det yderste nordvestlige hj\u00f8rne af \u00f8en. Det er en beskyttet havn, hvor en masse spidse rev i lavaklipperne giver naturlige badebassiner. Afsides beliggenhed er den eneste grund til, at omr\u00e5det ser f\u00e5 bes\u00f8gende.<\/p>\n<p>Vandringen f\u00f8rer os over stejle terrasserede bjergskr\u00e5ninger, ofte med udsigt over kysten, hvor Atlanterhavsruller styrter ind. Vi g\u00e5r ogs\u00e5 den fredelige Levada do Moinho med flere vandm\u00f8ller i l\u00f8bet.<\/p>\n<p>P\u00e5 vej til vores n\u00e6ste center, Ponta do Sol, p\u00e5 sydkysten, g\u00e5r vi langs Levada de Lombo de Mouro, en attraktiv og lidt g\u00e5et Levada, der starter h\u00f8jt oppe n\u00e6r \u00f8ens centrale pas ved Encumeada.<\/p>\n<p>Ponta do Sol er en lille landsby, der ligger mellem terrasser p\u00e5 bjergskr\u00e5ninger, hvor vores hotel ligger sekunder fra havet.<\/p>\n<div id=\"attachment_2836\" style=\"width: 1034px\" class=\"wp-caption alignnone\"><img data-recalc-dims=\"1\" decoding=\"async\" aria-describedby=\"caption-attachment-2836\" class=\"wp-image-2836 size-large\" title=\"Madeira strandpromenade - Ribeira Brava\" src=\"https:\/\/i0.wp.com\/legendatours.net\/wp-content\/uploads\/2020\/07\/madeira_ribeira_brava-1024x659.jpg?resize=1024%2C659&#038;ssl=1\" alt=\"Madeira strandpromenade - Ribeira Brava\" width=\"1024\" height=\"659\" \/><p id=\"caption-attachment-2836\" class=\"wp-caption-text\">Madeira strandpromenade - Ribeira Brava<\/p><\/div>\n<p>I vores tid her f\u00f8lger vi den klart str\u00f8mmende Levada do Paul over \u00e5bent hedelandskab og gennem k\u00e6mpe lyng- og laurb\u00e6rskove. Vi bes\u00f8ger verdens n\u00e6sth\u00f8jeste havklipper ved Cabo Gir\u00e3o og begiver os ind i de centrale bjerge p\u00e5 vores g\u00e5tur mellem Boca da Corrida og Encumeada.<\/p>\n<p>N\u00e5r vi bev\u00e6ger os \u00f8st til Funchal, har vi adgang til en bred vifte af storsl\u00e5ede og spektakul\u00e6re g\u00e5ture. Disse inkluderer en g\u00e5tur til den \u00f8stlige ende af \u00f8en, hvor udkanten af Ponta S\u00e3o Louren\u00e7o giver en vild og luftig g\u00e5tur, der adskiller sig meget fra andre steder p\u00e5 \u00f8en.<\/p>","protected":false},"excerpt":{"rendered":"<p>Madeira-\u00f8en har et v\u00e6ld af g\u00e5ture at byde p\u00e5 i sine mere fjerntliggende dele, s\u00e5vel som de ekstraordin\u00e6re vandreture, der er tilg\u00e6ngelige fra \u00f8ens hovedstad Funchal. Blandt andre vandreture er vi i stand til at udforske de mindre kendte levadaer, de smalle bjergvandingskanaler, der f\u00f8rer vandet fra de nordlige bakker til de sydlige terrasser.<\/p>","protected":false},"featured_media":5548,"comment_status":"closed","ping_status":"closed","template":"","meta":{"_acf_changed":false,"inline_featured_image":false},"product_brand":[],"product_cat":[343,340,342,344,355],"product_tag":[587,203,988,989,990,221,991,1150,579,104,992,1154,752,993,994,995,133,73,321,790,1005,996,152,997,972],"class_list":{"0":"post-5438","1":"product","2":"type-product","3":"status-publish","4":"has-post-thumbnail","6":"product_cat-cultural-tours-and-holidays-in-portugal","7":"product_cat-guided-group-tours","8":"product_cat-portugal-guided-historical-holidays","9":"product_cat-guided-sightseeing-holidays-portugal","10":"product_cat-guided-walking-holidays-in-portugal","11":"product_tag-amazing-walking","12":"product_tag-beautiful-landscapes","13":"product_tag-boca-da-corrida","14":"product_tag-cabo-girao","15":"product_tag-encumeada","16":"product_tag-fantastic-itinerary-of-walks","17":"product_tag-funchal","18":"product_tag-great-madeira-walks","19":"product_tag-green-landscape","20":"product_tag-hidden-landscapes","21":"product_tag-levada-do-paul","22":"product_tag-levadas-walking","23":"product_tag-madeira","24":"product_tag-madeira-island","25":"product_tag-madeira-walks","26":"product_tag-natural-bathing-pools","27":"product_tag-natural-reserves","28":"product_tag-natural-scenery","29":"product_tag-nature-walks","30":"product_tag-picturesque-landscapes","31":"product_tag-porto-moniz","32":"product_tag-porto-mozi","33":"product_tag-sea-breezes","34":"product_tag-sea-cliffs","35":"product_tag-waterfalls","37":"first","38":"instock","39":"virtual","40":"sold-individually","41":"product-type-booking"},"acf":[],"yoast_head":"<!-- This site is optimized with the Yoast SEO Premium plugin v26.8 (Yoast SEO v27.4) - https:\/\/yoast.com\/product\/yoast-seo-premium-wordpress\/ -->\n<title>Walking in Madeira, The Atlantic Emerald<\/title>\n<meta name=\"description\" content=\"Madeira Island has a wealth of walking to offer in its more remote parts, as well as the exceptional walks accessible from the island\u2019s capital Funchal. Amongst other walks we are able to explore the less well-known levadas, the narrow mountain irrigation channels which take water from the northern hills to the southern terraces.\" \/>\n<meta name=\"robots\" content=\"index, follow, max-snippet:-1, max-image-preview:large, max-video-preview:-1\" \/>\n<link rel=\"canonical\" href=\"https:\/\/becooltravel.com\/da\/vare\/madeira-atlantic-smaragd-11900g\/\" \/>\n<meta property=\"og:locale\" content=\"da_DK\" \/>\n<meta property=\"og:type\" content=\"article\" \/>\n<meta property=\"og:title\" content=\"Madeira, The Atlantic Emerald island walking holidays\" \/>\n<meta property=\"og:description\" content=\"The walking takes us across steep terraced hillsides, often with views of the coast where Atlantic rollers crash in. We also walk the peaceful Levada do Moinho with several watermills along its course.\" \/>\n<meta property=\"og:url\" content=\"https:\/\/becooltravel.com\/da\/vare\/madeira-atlantic-smaragd-11900g\/\" \/>\n<meta property=\"og:site_name\" content=\"BeCool Travel\" \/>\n<meta property=\"article:publisher\" content=\"https:\/\/www.facebook.com\/becooltravelagency\/\" \/>\n<meta property=\"article:modified_time\" content=\"2022-08-14T12:49:38+00:00\" \/>\n<meta property=\"og:image\" content=\"https:\/\/i0.wp.com\/becooltravel.com\/wp-content\/uploads\/sites\/5\/2020\/07\/walk_levada_madeira-1.jpg?fit=1152%2C768&ssl=1\" \/>\n\t<meta property=\"og:image:width\" content=\"1152\" \/>\n\t<meta property=\"og:image:height\" content=\"768\" \/>\n\t<meta property=\"og:image:type\" content=\"image\/jpeg\" \/>\n<meta name=\"twitter:card\" content=\"summary_large_image\" \/>\n<meta name=\"twitter:title\" content=\"Madeira, The Atlantic Emerald island walking holidays\" \/>\n<meta name=\"twitter:description\" content=\"Madeira Island has a wealth of walking to offer in its more remote parts, as well as the exceptional walks accessible from the island\u2019s capital Funchal. Amongst other walks we are able to explore the less well-known levadas, the narrow mountain irrigation channels which take water from the northern hills to the southern terraces.\" \/>\n<meta name=\"twitter:image\" content=\"https:\/\/i0.wp.com\/becooltravel.com\/wp-content\/uploads\/sites\/5\/2020\/07\/walk_levada_madeira-1.jpg?fit=1152%2C768&ssl=1\" \/>\n<meta name=\"twitter:site\" content=\"@becool_travel\" \/>\n<meta name=\"twitter:label1\" content=\"Estimeret l\u00e6setid\" \/>\n\t<meta name=\"twitter:data1\" content=\"2 minutter\" \/>\n<script type=\"application\/ld+json\" class=\"yoast-schema-graph\">{\"@context\":\"https:\\\/\\\/schema.org\",\"@graph\":[{\"@type\":[\"WebPage\",\"ItemPage\"],\"@id\":\"https:\\\/\\\/becooltravel.com\\\/product\\\/madeira-the-atlantic-emerald-11900g\\\/\",\"url\":\"https:\\\/\\\/becooltravel.com\\\/product\\\/madeira-the-atlantic-emerald-11900g\\\/\",\"name\":\"Walking in Madeira, The Atlantic Emerald\",\"isPartOf\":{\"@id\":\"https:\\\/\\\/becooltravel.com\\\/#website\"},\"primaryImageOfPage\":{\"@id\":\"https:\\\/\\\/becooltravel.com\\\/product\\\/madeira-the-atlantic-emerald-11900g\\\/#primaryimage\"},\"image\":{\"@id\":\"https:\\\/\\\/becooltravel.com\\\/product\\\/madeira-the-atlantic-emerald-11900g\\\/#primaryimage\"},\"thumbnailUrl\":\"https:\\\/\\\/i0.wp.com\\\/becooltravel.com\\\/wp-content\\\/uploads\\\/sites\\\/5\\\/2020\\\/07\\\/walk_levada_madeira-1.jpg?fit=1152%2C768&ssl=1\",\"datePublished\":\"2020-07-08T14:28:17+00:00\",\"dateModified\":\"2022-08-14T12:49:38+00:00\",\"description\":\"Madeira Island has a wealth of walking to offer in its more remote parts, as well as the exceptional walks accessible from the island\u2019s capital Funchal. Amongst other walks we are able to explore the less well-known levadas, the narrow mountain irrigation channels which take water from the northern hills to the southern terraces.\",\"breadcrumb\":{\"@id\":\"https:\\\/\\\/becooltravel.com\\\/product\\\/madeira-the-atlantic-emerald-11900g\\\/#breadcrumb\"},\"inLanguage\":\"da-DK\",\"potentialAction\":[{\"@type\":\"ReadAction\",\"target\":[\"https:\\\/\\\/becooltravel.com\\\/product\\\/madeira-the-atlantic-emerald-11900g\\\/\"]}]},{\"@type\":\"ImageObject\",\"inLanguage\":\"da-DK\",\"@id\":\"https:\\\/\\\/becooltravel.com\\\/product\\\/madeira-the-atlantic-emerald-11900g\\\/#primaryimage\",\"url\":\"https:\\\/\\\/i0.wp.com\\\/becooltravel.com\\\/wp-content\\\/uploads\\\/sites\\\/5\\\/2020\\\/07\\\/walk_levada_madeira-1.jpg?fit=1152%2C768&ssl=1\",\"contentUrl\":\"https:\\\/\\\/i0.wp.com\\\/becooltravel.com\\\/wp-content\\\/uploads\\\/sites\\\/5\\\/2020\\\/07\\\/walk_levada_madeira-1.jpg?fit=1152%2C768&ssl=1\",\"width\":1152,\"height\":768,\"caption\":\"Guided walking Madeira\"},{\"@type\":\"BreadcrumbList\",\"@id\":\"https:\\\/\\\/becooltravel.com\\\/product\\\/madeira-the-atlantic-emerald-11900g\\\/#breadcrumb\",\"itemListElement\":[{\"@type\":\"ListItem\",\"position\":1,\"name\":\"Home\",\"item\":\"https:\\\/\\\/becooltravel.com\\\/\"},{\"@type\":\"ListItem\",\"position\":2,\"name\":\"Shop\",\"item\":\"https:\\\/\\\/becooltravel.com\\\/?page_id=5\"},{\"@type\":\"ListItem\",\"position\":3,\"name\":\"Amazing Walking Holidays in Portugal. Incredible walking routes around Portugal, discover where to go for beautiful coastal, mountain and rural scenery. In Portugal you can find fantastic routes.\u00a0\",\"item\":\"https:\\\/\\\/becooltravel.com\\\/product-tag\\\/amazing-walking\\\/\"},{\"@type\":\"ListItem\",\"position\":4,\"name\":\"Madeira, The Atlantic Emerald island walking holidays\"}]},{\"@type\":\"WebSite\",\"@id\":\"https:\\\/\\\/becooltravel.com\\\/#website\",\"url\":\"https:\\\/\\\/becooltravel.com\\\/\",\"name\":\"BeCool Travel\",\"description\":\"Sustainable holidays in Portugal for independent travelers\",\"publisher\":{\"@id\":\"https:\\\/\\\/becooltravel.com\\\/#organization\"},\"potentialAction\":[{\"@type\":\"SearchAction\",\"target\":{\"@type\":\"EntryPoint\",\"urlTemplate\":\"https:\\\/\\\/becooltravel.com\\\/?s={search_term_string}\"},\"query-input\":{\"@type\":\"PropertyValueSpecification\",\"valueRequired\":true,\"valueName\":\"search_term_string\"}}],\"inLanguage\":\"da-DK\"},{\"@type\":\"Organization\",\"@id\":\"https:\\\/\\\/becooltravel.com\\\/#organization\",\"name\":\"BecoolTravel. com- Portugal\",\"url\":\"https:\\\/\\\/becooltravel.com\\\/\",\"logo\":{\"@type\":\"ImageObject\",\"inLanguage\":\"da-DK\",\"@id\":\"https:\\\/\\\/becooltravel.com\\\/#\\\/schema\\\/logo\\\/image\\\/\",\"url\":\"https:\\\/\\\/becooltravel.com\\\/wp-content\\\/uploads\\\/sites\\\/5\\\/2020\\\/03\\\/Logo_BeCool.jpg\",\"contentUrl\":\"https:\\\/\\\/becooltravel.com\\\/wp-content\\\/uploads\\\/sites\\\/5\\\/2020\\\/03\\\/Logo_BeCool.jpg\",\"width\":534,\"height\":534,\"caption\":\"BecoolTravel. com- Portugal\"},\"image\":{\"@id\":\"https:\\\/\\\/becooltravel.com\\\/#\\\/schema\\\/logo\\\/image\\\/\"},\"sameAs\":[\"https:\\\/\\\/www.facebook.com\\\/becooltravelagency\\\/\",\"https:\\\/\\\/x.com\\\/becool_travel\",\"https:\\\/\\\/www.instagram.com\\\/becooltravel_com\\\/\",\"https:\\\/\\\/www.linkedin.com\\\/company\\\/becool-travel\\\/\",\"https:\\\/\\\/www.youtube.com\\\/channel\\\/UCE7zRU3EVG1PgfXwQo-5uJw\"]}]}<\/script>\n<!-- \/ Yoast SEO Premium plugin. -->","yoast_head_json":{"title":"G\u00e5 p\u00e5 Madeira, The Atlantic Emerald","description":"Madeira Island har et v\u00e6ld af g\u00e5ture at tilbyde i sine mere afsidesliggende dele samt de ekstraordin\u00e6re vandreture, der er tilg\u00e6ngelige fra \u00f8ens hovedstad Funchal. Blandt andre ture er vi i stand til at udforske de mindre kendte levadas, de smalle bjergvandingskanaler, der f\u00f8rer vand fra de nordlige bakker til de sydlige terrasser.","robots":{"index":"index","follow":"follow","max-snippet":"max-snippet:-1","max-image-preview":"max-image-preview:large","max-video-preview":"max-video-preview:-1"},"canonical":"https:\/\/becooltravel.com\/da\/vare\/madeira-atlantic-smaragd-11900g\/","og_locale":"da_DK","og_type":"article","og_title":"Madeira, The Atlantic Emerald island walking holidays","og_description":"The walking takes us across steep terraced hillsides, often with views of the coast where Atlantic rollers crash in. We also walk the peaceful Levada do Moinho with several watermills along its course.","og_url":"https:\/\/becooltravel.com\/da\/vare\/madeira-atlantic-smaragd-11900g\/","og_site_name":"BeCool Travel","article_publisher":"https:\/\/www.facebook.com\/becooltravelagency\/","article_modified_time":"2022-08-14T12:49:38+00:00","og_image":[{"width":1152,"height":768,"url":"https:\/\/i0.wp.com\/becooltravel.com\/wp-content\/uploads\/sites\/5\/2020\/07\/walk_levada_madeira-1.jpg?fit=1152%2C768&ssl=1","type":"image\/jpeg"}],"twitter_card":"summary_large_image","twitter_title":"Madeira, The Atlantic Emerald island walking holidays","twitter_description":"Madeira Island has a wealth of walking to offer in its more remote parts, as well as the exceptional walks accessible from the island\u2019s capital Funchal. Amongst other walks we are able to explore the less well-known levadas, the narrow mountain irrigation channels which take water from the northern hills to the southern terraces.","twitter_image":"https:\/\/i0.wp.com\/becooltravel.com\/wp-content\/uploads\/sites\/5\/2020\/07\/walk_levada_madeira-1.jpg?fit=1152%2C768&ssl=1","twitter_site":"@becool_travel","twitter_misc":{"Estimeret l\u00e6setid":"2 minutter"},"schema":{"@context":"https:\/\/schema.org","@graph":[{"@type":["WebPage","ItemPage"],"@id":"https:\/\/becooltravel.com\/product\/madeira-the-atlantic-emerald-11900g\/","url":"https:\/\/becooltravel.com\/product\/madeira-the-atlantic-emerald-11900g\/","name":"G\u00e5 p\u00e5 Madeira, The Atlantic Emerald","isPartOf":{"@id":"https:\/\/becooltravel.com\/#website"},"primaryImageOfPage":{"@id":"https:\/\/becooltravel.com\/product\/madeira-the-atlantic-emerald-11900g\/#primaryimage"},"image":{"@id":"https:\/\/becooltravel.com\/product\/madeira-the-atlantic-emerald-11900g\/#primaryimage"},"thumbnailUrl":"https:\/\/i0.wp.com\/becooltravel.com\/wp-content\/uploads\/sites\/5\/2020\/07\/walk_levada_madeira-1.jpg?fit=1152%2C768&ssl=1","datePublished":"2020-07-08T14:28:17+00:00","dateModified":"2022-08-14T12:49:38+00:00","description":"Madeira Island har et v\u00e6ld af g\u00e5ture at tilbyde i sine mere afsidesliggende dele samt de ekstraordin\u00e6re vandreture, der er tilg\u00e6ngelige fra \u00f8ens hovedstad Funchal. Blandt andre ture er vi i stand til at udforske de mindre kendte levadas, de smalle bjergvandingskanaler, der f\u00f8rer vand fra de nordlige bakker til de sydlige terrasser.","breadcrumb":{"@id":"https:\/\/becooltravel.com\/product\/madeira-the-atlantic-emerald-11900g\/#breadcrumb"},"inLanguage":"da-DK","potentialAction":[{"@type":"ReadAction","target":["https:\/\/becooltravel.com\/product\/madeira-the-atlantic-emerald-11900g\/"]}]},{"@type":"ImageObject","inLanguage":"da-DK","@id":"https:\/\/becooltravel.com\/product\/madeira-the-atlantic-emerald-11900g\/#primaryimage","url":"https:\/\/i0.wp.com\/becooltravel.com\/wp-content\/uploads\/sites\/5\/2020\/07\/walk_levada_madeira-1.jpg?fit=1152%2C768&ssl=1","contentUrl":"https:\/\/i0.wp.com\/becooltravel.com\/wp-content\/uploads\/sites\/5\/2020\/07\/walk_levada_madeira-1.jpg?fit=1152%2C768&ssl=1","width":1152,"height":768,"caption":"Guided walking Madeira"},{"@type":"BreadcrumbList","@id":"https:\/\/becooltravel.com\/product\/madeira-the-atlantic-emerald-11900g\/#breadcrumb","itemListElement":[{"@type":"ListItem","position":1,"name":"Home","item":"https:\/\/becooltravel.com\/"},{"@type":"ListItem","position":2,"name":"Shop","item":"https:\/\/becooltravel.com\/?page_id=5"},{"@type":"ListItem","position":3,"name":"Amazing Walking Holidays in Portugal. Incredible walking routes around Portugal, discover where to go for beautiful coastal, mountain and rural scenery. In Portugal you can find fantastic routes.\u00a0","item":"https:\/\/becooltravel.com\/product-tag\/amazing-walking\/"},{"@type":"ListItem","position":4,"name":"Madeira, The Atlantic Emerald island walking holidays"}]},{"@type":"WebSite","@id":"https:\/\/becooltravel.com\/#website","url":"https:\/\/becooltravel.com\/","name":"BeCool rejse","description":"B\u00e6redygtig ferie i Portugal for uafh\u00e6ngige rejsende","publisher":{"@id":"https:\/\/becooltravel.com\/#organization"},"potentialAction":[{"@type":"SearchAction","target":{"@type":"EntryPoint","urlTemplate":"https:\/\/becooltravel.com\/?s={search_term_string}"},"query-input":{"@type":"PropertyValueSpecification","valueRequired":true,"valueName":"search_term_string"}}],"inLanguage":"da-DK"},{"@type":"Organization","@id":"https:\/\/becooltravel.com\/#organization","name":"BecoolTravel. com- Portugal","url":"https:\/\/becooltravel.com\/","logo":{"@type":"ImageObject","inLanguage":"da-DK","@id":"https:\/\/becooltravel.com\/#\/schema\/logo\/image\/","url":"https:\/\/becooltravel.com\/wp-content\/uploads\/sites\/5\/2020\/03\/Logo_BeCool.jpg","contentUrl":"https:\/\/becooltravel.com\/wp-content\/uploads\/sites\/5\/2020\/03\/Logo_BeCool.jpg","width":534,"height":534,"caption":"BecoolTravel. com- Portugal"},"image":{"@id":"https:\/\/becooltravel.com\/#\/schema\/logo\/image\/"},"sameAs":["https:\/\/www.facebook.com\/becooltravelagency\/","https:\/\/x.com\/becool_travel","https:\/\/www.instagram.com\/becooltravel_com\/","https:\/\/www.linkedin.com\/company\/becool-travel\/","https:\/\/www.youtube.com\/channel\/UCE7zRU3EVG1PgfXwQo-5uJw"]}]}},"jetpack_sharing_enabled":true,"_links":{"self":[{"href":"https:\/\/becooltravel.com\/da\/wp-json\/wp\/v2\/product\/5438","targetHints":{"allow":["GET"]}}],"collection":[{"href":"https:\/\/becooltravel.com\/da\/wp-json\/wp\/v2\/product"}],"about":[{"href":"https:\/\/becooltravel.com\/da\/wp-json\/wp\/v2\/types\/product"}],"replies":[{"embeddable":true,"href":"https:\/\/becooltravel.com\/da\/wp-json\/wp\/v2\/comments?post=5438"}],"wp:featuredmedia":[{"embeddable":true,"href":"https:\/\/becooltravel.com\/da\/wp-json\/wp\/v2\/media\/5548"}],"wp:attachment":[{"href":"https:\/\/becooltravel.com\/da\/wp-json\/wp\/v2\/media?parent=5438"}],"wp:term":[{"taxonomy":"product_brand","embeddable":true,"href":"https:\/\/becooltravel.com\/da\/wp-json\/wp\/v2\/product_brand?post=5438"},{"taxonomy":"product_cat","embeddable":true,"href":"https:\/\/becooltravel.com\/da\/wp-json\/wp\/v2\/product_cat?post=5438"},{"taxonomy":"product_tag","embeddable":true,"href":"https:\/\/becooltravel.com\/da\/wp-json\/wp\/v2\/product_tag?post=5438"}],"curies":[{"name":"wp","href":"https:\/\/api.w.org\/{rel}","templated":true}]}}