{"id":5442,"date":"2020-07-09T10:34:37","date_gmt":"2020-07-09T10:34:37","guid":{"rendered":"https:\/\/becooltravel.com\/?post_type=product&#038;p=5442"},"modified":"2022-08-14T12:56:00","modified_gmt":"2022-08-14T12:56:00","slug":"the-vicentina-coast-12300g","status":"publish","type":"product","link":"https:\/\/becooltravel.com\/da\/vare\/vicentina-kyst-12300g\/","title":{"rendered":"G\u00e5 p\u00e5 Vicentina-kysten"},"content":{"rendered":"<p><strong>Grupper accepteret med mindst 6 personer.<\/strong><\/p>\n<p>&nbsp;<\/p>\n<p>Rota Vicentina er en langdistancesti i SW Portugal, mellem byen Santiago, do Cac\u00e9m og Kap St. Vincent. Den 340 km lange rute er en del af det europ\u00e6iske stinetv\u00e6rk og blander indlands- og kystvandring sammen med en af Sydeuropas smukkeste og bedst bevarede kyststr\u00e6kninger. Det er en givende m\u00e5de at se de rigtige Alentejo- og Algarve-regioner i Portugal og g\u00e5 p\u00e5 uforglemmelige ruter fuld af tradition.<\/p>\n<p>Omr\u00e5det har et vildt og kraftigt landskab fra den dramatiske kyst og landskaber til den mere intime og beskyttede fornemmelse af det skovkl\u00e6dte interi\u00f8r.<\/p>\n<div id=\"attachment_2860\" style=\"width: 1034px\" class=\"wp-caption alignnone\"><img data-recalc-dims=\"1\" decoding=\"async\" aria-describedby=\"caption-attachment-2860\" class=\"wp-image-2860 size-large\" title=\"Rota Vicentina kraftfuldt landskab fra den dramatiske kyst \" src=\"https:\/\/i0.wp.com\/legendatours.net\/wp-content\/uploads\/2020\/07\/vicentina-1024x683.jpeg?resize=1024%2C683&#038;ssl=1\" alt=\"Rota Vicentina g\u00e5r\" width=\"1024\" height=\"683\" \/><p id=\"caption-attachment-2860\" class=\"wp-caption-text\">Rota Vicentina kraftfuldt landskab fra den dramatiske kyst<\/p><\/div>\n<p>Vi baserer os i \u00e9t center. Det komfortable Hotel Enigma med dets mange faciliteter er vores hjem for en uge. Dette minimerer omv\u00e6ltningen ved l\u00f8bende at pakke og pakke ud, hvilket giver mere tid til at nyde turen. Centret giver god og nem adgang til nogle af de fineste str\u00e6kninger af denne rute.<\/p>\n<p>Denne tur tager ikke sigte p\u00e5 at d\u00e6kke hvert trin af Rota Vicentinas vej, men f\u00f8lger snarere nogle af de mest varierede og attraktive dele af stierne, der giver den fulde smag af denne fascinerende region.<\/p>\n<p>Vi udforsker den kontrastfulde sk\u00f8nhed ved kyst- og landlandskaber, oplever vild og uber\u00f8rt natur, betagende udsigter, \u00f8de strande, regionens autenticitet og rige identitet. Det milde vejr \u00e5ret rundt og sk\u00f8n mad.<\/p>\n<p>Feast vores \u00f8jne p\u00e5 smukke landskaber d\u00e6kket af vilde blomster og nyd de traditionelle m\u00e5der at leve p\u00e5.<\/p>\n<p>Vi g\u00e5r i str\u00e6kninger af korktr\u00e6skove, bl\u00f8de bjergskr\u00e5ninger, gr\u00f8nne dale, langs bugtende floder og \u00e5er, p\u00e5 en sand rejse gennem tid, lokal kultur og naturstier. Ruten g\u00e5r gennem en naturpark, blandt de smukkeste og bedst bevarede kystomr\u00e5der i Sydeuropa, med vilde strande og fascinerende landlig kultur.<\/p>\n<p>Vi bes\u00f8ger lokale landsbyer, hvor arbejdslivet forts\u00e6tter, som det har v\u00e6ret i \u00e5rhundreder.<\/p>\n<div id=\"attachment_2200\" style=\"width: 1034px\" class=\"wp-caption alignnone\"><img data-recalc-dims=\"1\" decoding=\"async\" aria-describedby=\"caption-attachment-2200\" class=\"wp-image-2200 size-large\" title=\"Vicentina-rute - Historisk vej\" src=\"https:\/\/i0.wp.com\/legendatours.net\/wp-content\/uploads\/2020\/05\/Hike_countryside-1024x768.jpg?resize=1024%2C768&#038;ssl=1\" alt=\"Vicentina-rute - Historisk vej\" width=\"1024\" height=\"768\" \/><p id=\"caption-attachment-2200\" class=\"wp-caption-text\">Vicentina-rute - Historisk vej<\/p><\/div>\n<p>Den karakteristiske vegetation i bakkerne inkluderer korkeg (Quercus suber) og jordb\u00e6rtr\u00e6 (Arbutus unedo).<\/p>\n<p>Fordi vi har dedikeret transport, vil der v\u00e6re stor fleksibilitet i koncernens aktiviteter. Vores fantasifulde &quot;opt-out eller opt-in system&quot; betyder, at g\u00e5turene kan v\u00e6re s\u00e5 udfordrende eller s\u00e5 afslappende og nemme, som du \u00f8nsker, de skal v\u00e6re.<\/p>\n<p>Landsbyerne og naturreservaterne langs ruten er en v\u00e6sentlig del af dens karakter, og der vil v\u00e6re tid til at v\u00e6rds\u00e6tte dem.<\/p>\n<p>I l\u00f8bet af ugen vil vi opdage en kystlinje af imponerende klipper toppet med sandklitter d\u00e6kket af aromatisk middelhavsflora; klippe\u00f8er overs\u00e5et med hvide storkereder, den eneste havkoloni i Europa, og sm\u00e5 fiskerihavne, hvorfra fiskerne dagligt m\u00f8der Atlanterhavets b\u00f8lger.<\/p>\n<p>Vi vil omfavne et paradis med fred og natur, mens vi g\u00e5r langs skyggefulde flodbredder i kontrast til \u00e5bne bakker, hvor korkeg er konge. P\u00e5 de stejlere skr\u00e5ninger er resterne af indf\u00f8dte middelhavsskove, mens Mira-dalen er fyldt med fugle.<\/p>\n<p>For at udforske et virkelig vildt kystlandskab skal du v\u00e6lge denne blide, men alligevel spektakul\u00e6re tur, der afsl\u00f8rer den sp\u00f8gende sk\u00f8nhed ved Portugals sydvestlige kystlinje.<\/p>\n<div class=\"row\" style=\"display: flex;\">\n<div class=\"column\" style=\"flex: 45%;\">\n<div class=\"row\" style=\"display: flex;\">\n<div class=\"column\" style=\"flex: 45%;\">\n<p><iframe title=\"To trin til frihed - Rota Vicentina - engelsk version\" width=\"1080\" height=\"608\" src=\"https:\/\/www.youtube.com\/embed\/378VE1BxOrs?list=PLXuQK_E-D9ms4xzwNQLaux8GjS_169PbF\" frameborder=\"0\" allow=\"accelerometer; autoplay; clipboard-write; encrypted-media; gyroscope; picture-in-picture\" allowfullscreen><\/iframe><\/p>\n<\/div>\n<div class=\"column\" style=\"flex: 10%;\"><\/div>\n<div class=\"column\" style=\"flex: 45%;\"><\/div>\n<\/div>\n<\/div>\n<\/div>","protected":false},"excerpt":{"rendered":"<p>Rota Vicentina er en langdistancesti i SW Portugal, mellem byen Santiago, do Cac\u00e9m og Kap St. Vincent. Den 340 km lange rute er en del af det europ\u00e6iske stinetv\u00e6rk og blander indlands- og kystvandring sammen med en af Sydeuropas smukkeste og bedst bevarede kyststr\u00e6kninger. Det er en givende m\u00e5de at se de rigtige Alentejo- og Algarve-regioner i Portugal og g\u00e5 p\u00e5 uforglemmelige ruter fuld af tradition.<\/p>\n<p>Omr\u00e5det har et vildt og kraftigt landskab fra den dramatiske kyst og landskaber til den mere intime og beskyttede fornemmelse af det skovkl\u00e6dte interi\u00f8r.<\/p>","protected":false},"featured_media":5575,"comment_status":"closed","ping_status":"closed","template":"","meta":{"_acf_changed":false,"inline_featured_image":false},"product_brand":[],"product_cat":[343,340,342,344,355],"product_tag":[63,64,90,203,474,950,164,741,187,255,204,149,839,579,929,476,562,878,261,384,478,133,73,788,789,930,433,790,629,479,480,482,949,68],"class_list":{"0":"post-5442","1":"product","2":"type-product","3":"status-publish","4":"has-post-thumbnail","6":"product_cat-cultural-tours-and-holidays-in-portugal","7":"product_cat-guided-group-tours","8":"product_cat-portugal-guided-historical-holidays","9":"product_cat-guided-sightseeing-holidays-portugal","10":"product_cat-guided-walking-holidays-in-portugal","11":"product_tag-alentejo-landscape","12":"product_tag-alentejo-walking","13":"product_tag-algarve-gr13","14":"product_tag-beautiful-landscapes","15":"product_tag-cape-of-st-vincent","16":"product_tag-cape-st-vincent","17":"product_tag-coastal-scenery","18":"product_tag-coastal-walks","19":"product_tag-coastal-way","20":"product_tag-cork-trees","21":"product_tag-cultural-heritage","22":"product_tag-dramatic-beauty-of-the-atlantic-coast","23":"product_tag-dramatic-cliffs","24":"product_tag-green-landscape","25":"product_tag-green-valleys","26":"product_tag-inland-sceneries","27":"product_tag-inland-walks","28":"product_tag-landscape","29":"product_tag-local-gastronomy","30":"product_tag-magnificent-landscape","31":"product_tag-natural-park","32":"product_tag-natural-reserves","33":"product_tag-natural-scenery","34":"product_tag-nature-holidays","35":"product_tag-nature-tour","36":"product_tag-nature-trails","37":"product_tag-parque-natural-de-costa-vicentina","38":"product_tag-picturesque-landscapes","39":"product_tag-portugals-biggest-natural-reserve","40":"product_tag-rota-vicentina","41":"product_tag-santiago-do-cacem","42":"product_tag-vicentina-coast","43":"product_tag-vicentina-route","44":"product_tag-wild-flowers-alentejo","46":"first","47":"instock","48":"virtual","49":"sold-individually","50":"product-type-booking"},"acf":[],"yoast_head":"<!-- This site is optimized with the Yoast SEO Premium plugin v26.8 (Yoast SEO v27.5) - https:\/\/yoast.com\/product\/yoast-seo-premium-wordpress\/ -->\n<title>Walking The Vicentina Coast<\/title>\n<meta name=\"description\" content=\"The Rota Vicentina is a long-distance path in SW Portugal, between the city of Santiago do Cac\u00e9m and the Cape of St. Vincent. The 340 km route forms part of the European footpath network and mixes inland and coastal walking along one of the most beautiful and best-preserved coast lines of southern Europe. It is a rewarding way of seeing the real Alentejo and Algarve regions of Portugal and walk on unforgettable routes full of tradition.The area has a wild and powerful landscape from the dramatic coast and seascapes to the more intimate and protected feel of the wooded interior.\" \/>\n<meta name=\"robots\" content=\"index, follow, max-snippet:-1, max-image-preview:large, max-video-preview:-1\" \/>\n<link rel=\"canonical\" href=\"https:\/\/becooltravel.com\/da\/vare\/vicentina-kyst-12300g\/\" \/>\n<meta property=\"og:locale\" content=\"da_DK\" \/>\n<meta property=\"og:type\" content=\"article\" \/>\n<meta property=\"og:title\" content=\"Walking Rota Vicentina is a long-distance path in SW Portugal\" \/>\n<meta property=\"og:description\" content=\"The Rota Vicentina is a long-distance path in SW Portugal, between the city of Santiago do Cac\u00e9m and the Cape of St. Vincent. The 340 km route forms part of the European footpath network and mixes inland and coastal walking along one of the most beautiful and best-preserved coast lines of southern Europe. It is a rewarding way of seeing the real Alentejo and Algarve regions of Portugal and walk on unforgettable routes full of tradition.The area has a wild and powerful landscape from the dramatic coast and seascapes to the more intimate and protected feel of the wooded interior.\" \/>\n<meta property=\"og:url\" content=\"https:\/\/becooltravel.com\/da\/vare\/vicentina-kyst-12300g\/\" \/>\n<meta property=\"og:site_name\" content=\"BeCool Travel\" \/>\n<meta property=\"article:publisher\" content=\"https:\/\/www.facebook.com\/becooltravelagency\/\" \/>\n<meta property=\"article:modified_time\" content=\"2022-08-14T12:56:00+00:00\" \/>\n<meta property=\"og:image\" content=\"https:\/\/i0.wp.com\/becooltravel.com\/wp-content\/uploads\/sites\/5\/2020\/07\/fisherman_trail_vicentina.jpg?fit=1039%2C768&ssl=1\" \/>\n\t<meta property=\"og:image:width\" content=\"1039\" \/>\n\t<meta property=\"og:image:height\" content=\"768\" \/>\n\t<meta property=\"og:image:type\" content=\"image\/jpeg\" \/>\n<meta name=\"twitter:card\" content=\"summary_large_image\" \/>\n<meta name=\"twitter:title\" content=\"Walking holiday Rota Vicentina is a long-distance path in SW Portugal\" \/>\n<meta name=\"twitter:description\" content=\"The Rota Vicentina is a long-distance path in SW Portugal, between the city of Santiago do Cac\u00e9m and the Cape of St. Vincent. The 340 km route forms part of the European footpath network and mixes inland and coastal walking along one of the most beautiful and best-preserved coast lines of southern Europe. It is a rewarding way of seeing the real Alentejo and Algarve regions of Portugal and walk on unforgettable routes full of tradition.The area has a wild and powerful landscape from the dramatic coast and seascapes to the more intimate and protected feel of the wooded interior.\" \/>\n<meta name=\"twitter:image\" content=\"https:\/\/i0.wp.com\/becooltravel.com\/wp-content\/uploads\/sites\/5\/2020\/07\/fisherman_trail_vicentina.jpg?fit=1039%2C768&ssl=1\" \/>\n<meta name=\"twitter:site\" content=\"@becool_travel\" \/>\n<meta name=\"twitter:label1\" content=\"Estimeret l\u00e6setid\" \/>\n\t<meta name=\"twitter:data1\" content=\"3 minutter\" \/>\n<script type=\"application\/ld+json\" class=\"yoast-schema-graph\">{\"@context\":\"https:\\\/\\\/schema.org\",\"@graph\":[{\"@type\":[\"WebPage\",\"ItemPage\"],\"@id\":\"https:\\\/\\\/becooltravel.com\\\/product\\\/the-vicentina-coast-12300g\\\/\",\"url\":\"https:\\\/\\\/becooltravel.com\\\/product\\\/the-vicentina-coast-12300g\\\/\",\"name\":\"Walking The Vicentina Coast\",\"isPartOf\":{\"@id\":\"https:\\\/\\\/becooltravel.com\\\/#website\"},\"primaryImageOfPage\":{\"@id\":\"https:\\\/\\\/becooltravel.com\\\/product\\\/the-vicentina-coast-12300g\\\/#primaryimage\"},\"image\":{\"@id\":\"https:\\\/\\\/becooltravel.com\\\/product\\\/the-vicentina-coast-12300g\\\/#primaryimage\"},\"thumbnailUrl\":\"https:\\\/\\\/i0.wp.com\\\/becooltravel.com\\\/wp-content\\\/uploads\\\/sites\\\/5\\\/2020\\\/07\\\/fisherman_trail_vicentina.jpg?fit=1039%2C768&ssl=1\",\"datePublished\":\"2020-07-09T10:34:37+00:00\",\"dateModified\":\"2022-08-14T12:56:00+00:00\",\"description\":\"The Rota Vicentina is a long-distance path in SW Portugal, between the city of Santiago do Cac\u00e9m and the Cape of St. Vincent. The 340 km route forms part of the European footpath network and mixes inland and coastal walking along one of the most beautiful and best-preserved coast lines of southern Europe. It is a rewarding way of seeing the real Alentejo and Algarve regions of Portugal and walk on unforgettable routes full of tradition.The area has a wild and powerful landscape from the dramatic coast and seascapes to the more intimate and protected feel of the wooded interior.\",\"breadcrumb\":{\"@id\":\"https:\\\/\\\/becooltravel.com\\\/product\\\/the-vicentina-coast-12300g\\\/#breadcrumb\"},\"inLanguage\":\"da-DK\",\"potentialAction\":[{\"@type\":\"ReadAction\",\"target\":[\"https:\\\/\\\/becooltravel.com\\\/product\\\/the-vicentina-coast-12300g\\\/\"]}]},{\"@type\":\"ImageObject\",\"inLanguage\":\"da-DK\",\"@id\":\"https:\\\/\\\/becooltravel.com\\\/product\\\/the-vicentina-coast-12300g\\\/#primaryimage\",\"url\":\"https:\\\/\\\/i0.wp.com\\\/becooltravel.com\\\/wp-content\\\/uploads\\\/sites\\\/5\\\/2020\\\/07\\\/fisherman_trail_vicentina.jpg?fit=1039%2C768&ssl=1\",\"contentUrl\":\"https:\\\/\\\/i0.wp.com\\\/becooltravel.com\\\/wp-content\\\/uploads\\\/sites\\\/5\\\/2020\\\/07\\\/fisherman_trail_vicentina.jpg?fit=1039%2C768&ssl=1\",\"width\":1039,\"height\":768,\"caption\":\"Fisherman's trail Rota Vicentina\"},{\"@type\":\"BreadcrumbList\",\"@id\":\"https:\\\/\\\/becooltravel.com\\\/product\\\/the-vicentina-coast-12300g\\\/#breadcrumb\",\"itemListElement\":[{\"@type\":\"ListItem\",\"position\":1,\"name\":\"Home\",\"item\":\"https:\\\/\\\/becooltravel.com\\\/\"},{\"@type\":\"ListItem\",\"position\":2,\"name\":\"Shop\",\"item\":\"https:\\\/\\\/becooltravel.com\\\/?page_id=5\"},{\"@type\":\"ListItem\",\"position\":3,\"name\":\"Best Alentejo landscape walking holiday\",\"item\":\"https:\\\/\\\/becooltravel.com\\\/product-tag\\\/alentejo-landscape\\\/\"},{\"@type\":\"ListItem\",\"position\":4,\"name\":\"Walking The Vicentina Coast\"}]},{\"@type\":\"WebSite\",\"@id\":\"https:\\\/\\\/becooltravel.com\\\/#website\",\"url\":\"https:\\\/\\\/becooltravel.com\\\/\",\"name\":\"BeCool Travel\",\"description\":\"Sustainable holidays in Portugal for independent travelers\",\"publisher\":{\"@id\":\"https:\\\/\\\/becooltravel.com\\\/#organization\"},\"potentialAction\":[{\"@type\":\"SearchAction\",\"target\":{\"@type\":\"EntryPoint\",\"urlTemplate\":\"https:\\\/\\\/becooltravel.com\\\/?s={search_term_string}\"},\"query-input\":{\"@type\":\"PropertyValueSpecification\",\"valueRequired\":true,\"valueName\":\"search_term_string\"}}],\"inLanguage\":\"da-DK\"},{\"@type\":\"Organization\",\"@id\":\"https:\\\/\\\/becooltravel.com\\\/#organization\",\"name\":\"BecoolTravel. com- Portugal\",\"url\":\"https:\\\/\\\/becooltravel.com\\\/\",\"logo\":{\"@type\":\"ImageObject\",\"inLanguage\":\"da-DK\",\"@id\":\"https:\\\/\\\/becooltravel.com\\\/#\\\/schema\\\/logo\\\/image\\\/\",\"url\":\"https:\\\/\\\/becooltravel.com\\\/wp-content\\\/uploads\\\/sites\\\/5\\\/2020\\\/03\\\/Logo_BeCool.jpg\",\"contentUrl\":\"https:\\\/\\\/becooltravel.com\\\/wp-content\\\/uploads\\\/sites\\\/5\\\/2020\\\/03\\\/Logo_BeCool.jpg\",\"width\":534,\"height\":534,\"caption\":\"BecoolTravel. com- Portugal\"},\"image\":{\"@id\":\"https:\\\/\\\/becooltravel.com\\\/#\\\/schema\\\/logo\\\/image\\\/\"},\"sameAs\":[\"https:\\\/\\\/www.facebook.com\\\/becooltravelagency\\\/\",\"https:\\\/\\\/x.com\\\/becool_travel\",\"https:\\\/\\\/www.instagram.com\\\/becooltravel_com\\\/\",\"https:\\\/\\\/www.linkedin.com\\\/company\\\/becool-travel\\\/\",\"https:\\\/\\\/www.youtube.com\\\/channel\\\/UCE7zRU3EVG1PgfXwQo-5uJw\"]}]}<\/script>\n<!-- \/ Yoast SEO Premium plugin. -->","yoast_head_json":{"title":"G\u00e5 p\u00e5 Vicentina-kysten","description":"Rota Vicentina er en langdistance sti i SW Portugal mellem byen Santiago do Cac\u00e9m og Kap St. Vincent. Ruten p\u00e5 340 km er en del af det europ\u00e6iske sti-netv\u00e6rk og blander indlands- og kystvandring langs en af de smukkeste og bedst bevarede kystlinjer i Sydeuropa. Det er en givende m\u00e5de at se de virkelige Alentejo- og Algarve-regioner i Portugal og g\u00e5 p\u00e5 uforglemmelige ruter fulde af tradition. Omr\u00e5det har et vildt og magtfuldt landskab fra den dramatiske kyst og landskaber til den mere intime og beskyttede fornemmelse af det skovkl\u00e6dte interi\u00f8r.","robots":{"index":"index","follow":"follow","max-snippet":"max-snippet:-1","max-image-preview":"max-image-preview:large","max-video-preview":"max-video-preview:-1"},"canonical":"https:\/\/becooltravel.com\/da\/vare\/vicentina-kyst-12300g\/","og_locale":"da_DK","og_type":"article","og_title":"Walking Rota Vicentina is a long-distance path in SW Portugal","og_description":"The Rota Vicentina is a long-distance path in SW Portugal, between the city of Santiago do Cac\u00e9m and the Cape of St. Vincent. The 340 km route forms part of the European footpath network and mixes inland and coastal walking along one of the most beautiful and best-preserved coast lines of southern Europe. It is a rewarding way of seeing the real Alentejo and Algarve regions of Portugal and walk on unforgettable routes full of tradition.The area has a wild and powerful landscape from the dramatic coast and seascapes to the more intimate and protected feel of the wooded interior.","og_url":"https:\/\/becooltravel.com\/da\/vare\/vicentina-kyst-12300g\/","og_site_name":"BeCool Travel","article_publisher":"https:\/\/www.facebook.com\/becooltravelagency\/","article_modified_time":"2022-08-14T12:56:00+00:00","og_image":[{"width":1039,"height":768,"url":"https:\/\/i0.wp.com\/becooltravel.com\/wp-content\/uploads\/sites\/5\/2020\/07\/fisherman_trail_vicentina.jpg?fit=1039%2C768&ssl=1","type":"image\/jpeg"}],"twitter_card":"summary_large_image","twitter_title":"Walking holiday Rota Vicentina is a long-distance path in SW Portugal","twitter_description":"The Rota Vicentina is a long-distance path in SW Portugal, between the city of Santiago do Cac\u00e9m and the Cape of St. Vincent. The 340 km route forms part of the European footpath network and mixes inland and coastal walking along one of the most beautiful and best-preserved coast lines of southern Europe. It is a rewarding way of seeing the real Alentejo and Algarve regions of Portugal and walk on unforgettable routes full of tradition.The area has a wild and powerful landscape from the dramatic coast and seascapes to the more intimate and protected feel of the wooded interior.","twitter_image":"https:\/\/i0.wp.com\/becooltravel.com\/wp-content\/uploads\/sites\/5\/2020\/07\/fisherman_trail_vicentina.jpg?fit=1039%2C768&ssl=1","twitter_site":"@becool_travel","twitter_misc":{"Estimeret l\u00e6setid":"3 minutter"},"schema":{"@context":"https:\/\/schema.org","@graph":[{"@type":["WebPage","ItemPage"],"@id":"https:\/\/becooltravel.com\/product\/the-vicentina-coast-12300g\/","url":"https:\/\/becooltravel.com\/product\/the-vicentina-coast-12300g\/","name":"G\u00e5 p\u00e5 Vicentina-kysten","isPartOf":{"@id":"https:\/\/becooltravel.com\/#website"},"primaryImageOfPage":{"@id":"https:\/\/becooltravel.com\/product\/the-vicentina-coast-12300g\/#primaryimage"},"image":{"@id":"https:\/\/becooltravel.com\/product\/the-vicentina-coast-12300g\/#primaryimage"},"thumbnailUrl":"https:\/\/i0.wp.com\/becooltravel.com\/wp-content\/uploads\/sites\/5\/2020\/07\/fisherman_trail_vicentina.jpg?fit=1039%2C768&ssl=1","datePublished":"2020-07-09T10:34:37+00:00","dateModified":"2022-08-14T12:56:00+00:00","description":"Rota Vicentina er en langdistance sti i SW Portugal mellem byen Santiago do Cac\u00e9m og Kap St. Vincent. Ruten p\u00e5 340 km er en del af det europ\u00e6iske sti-netv\u00e6rk og blander indlands- og kystvandring langs en af de smukkeste og bedst bevarede kystlinjer i Sydeuropa. Det er en givende m\u00e5de at se de virkelige Alentejo- og Algarve-regioner i Portugal og g\u00e5 p\u00e5 uforglemmelige ruter fulde af tradition. Omr\u00e5det har et vildt og magtfuldt landskab fra den dramatiske kyst og landskaber til den mere intime og beskyttede fornemmelse af det skovkl\u00e6dte interi\u00f8r.","breadcrumb":{"@id":"https:\/\/becooltravel.com\/product\/the-vicentina-coast-12300g\/#breadcrumb"},"inLanguage":"da-DK","potentialAction":[{"@type":"ReadAction","target":["https:\/\/becooltravel.com\/product\/the-vicentina-coast-12300g\/"]}]},{"@type":"ImageObject","inLanguage":"da-DK","@id":"https:\/\/becooltravel.com\/product\/the-vicentina-coast-12300g\/#primaryimage","url":"https:\/\/i0.wp.com\/becooltravel.com\/wp-content\/uploads\/sites\/5\/2020\/07\/fisherman_trail_vicentina.jpg?fit=1039%2C768&ssl=1","contentUrl":"https:\/\/i0.wp.com\/becooltravel.com\/wp-content\/uploads\/sites\/5\/2020\/07\/fisherman_trail_vicentina.jpg?fit=1039%2C768&ssl=1","width":1039,"height":768,"caption":"Fisherman's trail Rota Vicentina"},{"@type":"BreadcrumbList","@id":"https:\/\/becooltravel.com\/product\/the-vicentina-coast-12300g\/#breadcrumb","itemListElement":[{"@type":"ListItem","position":1,"name":"Home","item":"https:\/\/becooltravel.com\/"},{"@type":"ListItem","position":2,"name":"Shop","item":"https:\/\/becooltravel.com\/?page_id=5"},{"@type":"ListItem","position":3,"name":"Best Alentejo landscape walking holiday","item":"https:\/\/becooltravel.com\/product-tag\/alentejo-landscape\/"},{"@type":"ListItem","position":4,"name":"Walking The Vicentina Coast"}]},{"@type":"WebSite","@id":"https:\/\/becooltravel.com\/#website","url":"https:\/\/becooltravel.com\/","name":"BeCool rejse","description":"B\u00e6redygtig ferie i Portugal for uafh\u00e6ngige rejsende","publisher":{"@id":"https:\/\/becooltravel.com\/#organization"},"potentialAction":[{"@type":"SearchAction","target":{"@type":"EntryPoint","urlTemplate":"https:\/\/becooltravel.com\/?s={search_term_string}"},"query-input":{"@type":"PropertyValueSpecification","valueRequired":true,"valueName":"search_term_string"}}],"inLanguage":"da-DK"},{"@type":"Organization","@id":"https:\/\/becooltravel.com\/#organization","name":"BecoolTravel. com- Portugal","url":"https:\/\/becooltravel.com\/","logo":{"@type":"ImageObject","inLanguage":"da-DK","@id":"https:\/\/becooltravel.com\/#\/schema\/logo\/image\/","url":"https:\/\/becooltravel.com\/wp-content\/uploads\/sites\/5\/2020\/03\/Logo_BeCool.jpg","contentUrl":"https:\/\/becooltravel.com\/wp-content\/uploads\/sites\/5\/2020\/03\/Logo_BeCool.jpg","width":534,"height":534,"caption":"BecoolTravel. com- Portugal"},"image":{"@id":"https:\/\/becooltravel.com\/#\/schema\/logo\/image\/"},"sameAs":["https:\/\/www.facebook.com\/becooltravelagency\/","https:\/\/x.com\/becool_travel","https:\/\/www.instagram.com\/becooltravel_com\/","https:\/\/www.linkedin.com\/company\/becool-travel\/","https:\/\/www.youtube.com\/channel\/UCE7zRU3EVG1PgfXwQo-5uJw"]}]}},"jetpack_sharing_enabled":true,"_links":{"self":[{"href":"https:\/\/becooltravel.com\/da\/wp-json\/wp\/v2\/product\/5442","targetHints":{"allow":["GET"]}}],"collection":[{"href":"https:\/\/becooltravel.com\/da\/wp-json\/wp\/v2\/product"}],"about":[{"href":"https:\/\/becooltravel.com\/da\/wp-json\/wp\/v2\/types\/product"}],"replies":[{"embeddable":true,"href":"https:\/\/becooltravel.com\/da\/wp-json\/wp\/v2\/comments?post=5442"}],"wp:featuredmedia":[{"embeddable":true,"href":"https:\/\/becooltravel.com\/da\/wp-json\/wp\/v2\/media\/5575"}],"wp:attachment":[{"href":"https:\/\/becooltravel.com\/da\/wp-json\/wp\/v2\/media?parent=5442"}],"wp:term":[{"taxonomy":"product_brand","embeddable":true,"href":"https:\/\/becooltravel.com\/da\/wp-json\/wp\/v2\/product_brand?post=5442"},{"taxonomy":"product_cat","embeddable":true,"href":"https:\/\/becooltravel.com\/da\/wp-json\/wp\/v2\/product_cat?post=5442"},{"taxonomy":"product_tag","embeddable":true,"href":"https:\/\/becooltravel.com\/da\/wp-json\/wp\/v2\/product_tag?post=5442"}],"curies":[{"name":"wp","href":"https:\/\/api.w.org\/{rel}","templated":true}]}}