{"id":5452,"date":"2020-07-10T16:07:30","date_gmt":"2020-07-10T16:07:30","guid":{"rendered":"https:\/\/becooltravel.com\/?post_type=product&#038;p=5452"},"modified":"2026-03-18T14:21:36","modified_gmt":"2026-03-18T14:21:36","slug":"geres-national-park-adventures-in-the-wild-5100g","status":"publish","type":"product","link":"https:\/\/becooltravel.com\/da\/vare\/geres-nationalpark-eventyr-i-det-vilde-5100g\/","title":{"rendered":"Ger\u00eas National Park: Adventures in the Wild"},"content":{"rendered":"<p><strong>Grupper accepteret med mindst 6 personer.<\/strong><\/p>\n<p>&nbsp;<\/p>\n<p>Nationalparken Peneda Ger\u00eas er en af de st\u00f8rste naturattraktioner i Portugal med sj\u00e6lden og imponerende sk\u00f8nhed, naturlige landskaber og stor \u00f8kologisk v\u00e6rdi. Det omfatter halvdelen af Portugals st\u00f8rste naturreservat og varierer fra frodige lavlandss\u00f8er og floder til dramatiske h\u00f8jbjerggranitkanter, der adskiller Portugal fra Spanien.<\/p>\n<p>Denne tur er dedikeret til eventyrlystne aktiviteter, der giver os endnu et synspunkt p\u00e5 denne fantastiske vilde reserve, s\u00e5 det bliver en oplevelse at huske!<\/p>\n<div id=\"attachment_2803\" style=\"width: 1034px\" class=\"wp-caption alignnone\"><img data-recalc-dims=\"1\" decoding=\"async\" aria-describedby=\"caption-attachment-2803\" class=\"wp-image-2803 size-large\" title=\"GER\u00caS NATIONAL PARK krystalklart vand\" src=\"https:\/\/i0.wp.com\/legendatours.net\/wp-content\/uploads\/2020\/07\/geres-2-1024x671.jpg?resize=1024%2C671&#038;ssl=1\" alt=\"GER\u00caS NATIONAL PARK krystalklart vand\" width=\"1024\" height=\"671\" \/><p id=\"caption-attachment-2803\" class=\"wp-caption-text\">GER\u00caS NATIONAL PARK krystalklart vand<\/p><\/div>\n<p>Fra kanosejlads i det krystalklare vand til at ride p\u00e5 en hest gennem de gamle stier, se vilde blomster, vinstokke og oliventr\u00e6er; passerer et eventyr i en jeeptur ved de gamle granitstier, der f\u00f8rer os over bjergene til h\u00f8je skjulte dale, hvor man stadig vil st\u00f8de p\u00e5 flokke af geder i deres daglige kredsl\u00f8b og kohyrder, der beskytter deres kv\u00e6g, mens de langsomt bev\u00e6ger sig fra den ene gr\u00e6s til den n\u00e6ste , dybt inde i bjergene, indtil de er klar til at komme ned om efter\u00e5ret. Her vandrer vilde Garrano -heste, hvis forf\u00e6dre beboede disse bakker, selv f\u00f8r kelterne ankom, stadig frit.<\/p>\n<div id=\"attachment_2785\" style=\"width: 1034px\" class=\"wp-caption alignnone\"><img data-recalc-dims=\"1\" decoding=\"async\" aria-describedby=\"caption-attachment-2785\" class=\"wp-image-2785 size-full\" src=\"https:\/\/i0.wp.com\/legendatours.net\/wp-content\/uploads\/2020\/07\/Peneda_valley-e1611683120364.jpg?resize=1024%2C717&#038;ssl=1\" alt=\"Peneda-Ger\u00eas National Park smuk og varieret natur\" width=\"1024\" height=\"717\" \/><p id=\"caption-attachment-2785\" class=\"wp-caption-text\">Peneda_valley. Oplev dette enorme amfiteater skulptureret af geologiske formationer, vinde og vand.<\/p><\/div>\n<p>I de nedre bakker udforsker vi gamle landsbyer, der tilsyneladende stadig eksisterer i en tid for l\u00e6nge siden, og hvis mennesker stadig lever i t\u00e6t harmoni med naturen og deres omgivelser.<\/p>\n<p>En gratis dag er inkluderet for dem, der \u00f8nsker det til uafh\u00e6ngige bes\u00f8g <a href=\"..\/..\/product-tag\/peneda-geres\/\" target=\"_blank\" rel=\"noopener noreferrer\">Ger\u00eas<\/a> by eller m\u00e5ske Braga.<\/p>\n<div class=\"row\" style=\"display: flex;\">\n<div class=\"column\" style=\"flex: 45%;\">\n<p><iframe title=\"National- og naturparker i Porto og det nordlige Portugal\" src=\"https:\/\/player.vimeo.com\/video\/66069073?h=aa7c5480e8&amp;dnt=1&amp;app_id=122963\" width=\"1080\" height=\"608\" frameborder=\"0\" allow=\"autoplay; fullscreen; picture-in-picture\" allowfullscreen><\/iframe><\/p>\n<\/div>\n<div class=\"column\" style=\"flex: 10%;\"><\/div>\n<div class=\"column\" style=\"flex: 45%;\">\n<p><iframe title=\"National- og naturparker i Porto og det nordlige Portugal\" width=\"1080\" height=\"608\" src=\"https:\/\/www.youtube.com\/embed\/02JRGoDwt80?feature=oembed\" frameborder=\"0\" allow=\"accelerometer; autoplay; clipboard-write; encrypted-media; gyroscope; picture-in-picture\" allowfullscreen><\/iframe><\/p>\n<\/div>\n<\/div>","protected":false},"excerpt":{"rendered":"<p>Fra kanosejlads i det krystalklare vand til at ride p\u00e5 en hest gennem de gamle stier, se vilde blomster, vinstokke og oliventr\u00e6er; passerer et eventyr i en jeeptur ved de gamle granitstier, der f\u00f8rer os over bjergene til h\u00f8je skjulte dale, hvor man stadig vil st\u00f8de p\u00e5 flokke af geder i deres daglige kredsl\u00f8b og kohyrder, der beskytter deres kv\u00e6g, mens de langsomt bev\u00e6ger sig fra den ene gr\u00e6s til den n\u00e6ste , dybt inde i bjergene, indtil de er klar til at komme ned om efter\u00e5ret. Her vandrer vilde Garrano -heste, hvis forf\u00e6dre beboede disse bakker, selv f\u00f8r kelterne ankom, stadig frit.<\/p>","protected":false},"featured_media":5405,"comment_status":"closed","ping_status":"closed","template":"","meta":{"_acf_changed":false,"inline_featured_image":false},"product_brand":[],"product_cat":[343,340,342,351,344],"product_tag":[587,1143,1144,126,985,1145,579,55,1146,1129,878,261,1112,628,478,133,73,754,189,727,1278,74,70,548,581,425,308,271],"class_list":{"0":"post-5452","1":"product","2":"type-product","3":"status-publish","4":"has-post-thumbnail","6":"product_cat-cultural-tours-and-holidays-in-portugal","7":"product_cat-guided-group-tours","8":"product_cat-portugal-guided-historical-holidays","9":"product_cat-guided-multi-activity-holidays-portugal","10":"product_cat-guided-sightseeing-holidays-portugal","11":"product_tag-amazing-walking","12":"product_tag-ancient-granite-trails","13":"product_tag-ancient-trails","14":"product_tag-beautiful-flowers","15":"product_tag-braga","16":"product_tag-garrano-horses","17":"product_tag-green-landscape","18":"product_tag-guided-walking-holidays","19":"product_tag-hidden-valleys","20":"product_tag-holidays-in-portugal","21":"product_tag-landscape","22":"product_tag-local-gastronomy","23":"product_tag-minho","24":"product_tag-natural-attractions-in-portugal","25":"product_tag-natural-park","26":"product_tag-natural-reserves","27":"product_tag-natural-scenery","28":"product_tag-north-of-portugal","29":"product_tag-northern-portugal","30":"product_tag-peneda","31":"product_tag-peneda-geres","32":"product_tag-peneda-geres-national-park","33":"product_tag-peneda-geres-walking","34":"product_tag-portugal-perfect-walking-holiday","35":"product_tag-traditional-villages","36":"product_tag-typical-villages","37":"product_tag-walking-trails","38":"product_tag-wild-flowers","40":"first","41":"instock","42":"virtual","43":"sold-individually","44":"product-type-booking"},"acf":[],"yoast_head":"<!-- This site is optimized with the Yoast SEO Premium plugin v26.8 (Yoast SEO v27.4) - https:\/\/yoast.com\/product\/yoast-seo-premium-wordpress\/ -->\n<title>Ger\u00eas National Park: Adventures in the Wild<\/title>\n<meta name=\"description\" content=\"Walking Peneda Ger\u00eas National Park is one of the greatest natural attractions in Portugal, with rare and impressive beauty, natural landscapes.\" \/>\n<meta name=\"robots\" content=\"index, follow, max-snippet:-1, max-image-preview:large, max-video-preview:-1\" \/>\n<link rel=\"canonical\" href=\"https:\/\/becooltravel.com\/da\/vare\/geres-nationalpark-eventyr-i-det-vilde-5100g\/\" \/>\n<meta property=\"og:locale\" content=\"da_DK\" \/>\n<meta property=\"og:type\" content=\"article\" \/>\n<meta property=\"og:title\" content=\"Peneda Ger\u00eas National Park\" \/>\n<meta property=\"og:description\" content=\"The Peneda Ger\u00eas National Park is one of the greatest natural attractions in Portugal with rare and impressive beauty, natural landscapes and its great ecological value. It comprises half of Portugal\u2019s biggest Natural Reserve and varies from lush lowland lakes and rivers to dramatic high mountain granite ridges separating Portugal from Spain.\" \/>\n<meta property=\"og:url\" content=\"https:\/\/becooltravel.com\/da\/vare\/geres-nationalpark-eventyr-i-det-vilde-5100g\/\" \/>\n<meta property=\"og:site_name\" content=\"BeCool Travel\" \/>\n<meta property=\"article:publisher\" content=\"https:\/\/www.facebook.com\/becooltravelagency\/\" \/>\n<meta property=\"article:modified_time\" content=\"2026-03-18T14:21:36+00:00\" \/>\n<meta property=\"og:image\" content=\"https:\/\/becooltravel.com\/wp-content\/uploads\/sites\/5\/2020\/07\/geres-lindoso.jpg\" \/>\n\t<meta property=\"og:image:width\" content=\"1075\" \/>\n\t<meta property=\"og:image:height\" content=\"768\" \/>\n\t<meta property=\"og:image:type\" content=\"image\/jpeg\" \/>\n<meta name=\"twitter:card\" content=\"summary_large_image\" \/>\n<meta name=\"twitter:title\" content=\"Peneda Ger\u00eas National Park\" \/>\n<meta name=\"twitter:description\" content=\"From canoeing in the crystal clear waters to riding a horse in through the ancient trails, seeing wild flowers, vines and olive trees; passing by an adventure in a Jeep trip by the ancient granite trails that take us over the mountains into high hidden valleys where one will still encounter herds of goats on their daily circuit and cowherds protecting their cattle as they slowly move from one pasture to the next, deep within the mountains until they are ready to come down in the autumn. Here, wild Garrano hor\" \/>\n<meta name=\"twitter:image\" content=\"https:\/\/i0.wp.com\/becooltravel.com\/wp-content\/uploads\/sites\/5\/2020\/07\/geres-lindoso.jpg?fit=1075%2C768&ssl=1\" \/>\n<meta name=\"twitter:site\" content=\"@becool_travel\" \/>\n<meta name=\"twitter:label1\" content=\"Estimeret l\u00e6setid\" \/>\n\t<meta name=\"twitter:data1\" content=\"2 minutter\" \/>\n<script type=\"application\/ld+json\" class=\"yoast-schema-graph\">{\"@context\":\"https:\\\/\\\/schema.org\",\"@graph\":[{\"@type\":[\"WebPage\",\"ItemPage\"],\"@id\":\"https:\\\/\\\/becooltravel.com\\\/product\\\/geres-national-park-adventures-in-the-wild-5100g\\\/\",\"url\":\"https:\\\/\\\/becooltravel.com\\\/product\\\/geres-national-park-adventures-in-the-wild-5100g\\\/\",\"name\":\"Ger\u00eas National Park: Adventures in the Wild\",\"isPartOf\":{\"@id\":\"https:\\\/\\\/becooltravel.com\\\/#website\"},\"primaryImageOfPage\":{\"@id\":\"https:\\\/\\\/becooltravel.com\\\/product\\\/geres-national-park-adventures-in-the-wild-5100g\\\/#primaryimage\"},\"image\":{\"@id\":\"https:\\\/\\\/becooltravel.com\\\/product\\\/geres-national-park-adventures-in-the-wild-5100g\\\/#primaryimage\"},\"thumbnailUrl\":\"https:\\\/\\\/i0.wp.com\\\/becooltravel.com\\\/wp-content\\\/uploads\\\/sites\\\/5\\\/2020\\\/07\\\/geres-lindoso.jpg?fit=1075%2C768&ssl=1\",\"datePublished\":\"2020-07-10T16:07:30+00:00\",\"dateModified\":\"2026-03-18T14:21:36+00:00\",\"description\":\"Walking Peneda Ger\u00eas National Park is one of the greatest natural attractions in Portugal, with rare and impressive beauty, natural landscapes.\",\"breadcrumb\":{\"@id\":\"https:\\\/\\\/becooltravel.com\\\/product\\\/geres-national-park-adventures-in-the-wild-5100g\\\/#breadcrumb\"},\"inLanguage\":\"da-DK\",\"potentialAction\":[{\"@type\":\"ReadAction\",\"target\":[\"https:\\\/\\\/becooltravel.com\\\/product\\\/geres-national-park-adventures-in-the-wild-5100g\\\/\"]}]},{\"@type\":\"ImageObject\",\"inLanguage\":\"da-DK\",\"@id\":\"https:\\\/\\\/becooltravel.com\\\/product\\\/geres-national-park-adventures-in-the-wild-5100g\\\/#primaryimage\",\"url\":\"https:\\\/\\\/i0.wp.com\\\/becooltravel.com\\\/wp-content\\\/uploads\\\/sites\\\/5\\\/2020\\\/07\\\/geres-lindoso.jpg?fit=1075%2C768&ssl=1\",\"contentUrl\":\"https:\\\/\\\/i0.wp.com\\\/becooltravel.com\\\/wp-content\\\/uploads\\\/sites\\\/5\\\/2020\\\/07\\\/geres-lindoso.jpg?fit=1075%2C768&ssl=1\",\"width\":1075,\"height\":768,\"caption\":\"Geres Lindoso\"},{\"@type\":\"BreadcrumbList\",\"@id\":\"https:\\\/\\\/becooltravel.com\\\/product\\\/geres-national-park-adventures-in-the-wild-5100g\\\/#breadcrumb\",\"itemListElement\":[{\"@type\":\"ListItem\",\"position\":1,\"name\":\"Home\",\"item\":\"https:\\\/\\\/becooltravel.com\\\/\"},{\"@type\":\"ListItem\",\"position\":2,\"name\":\"Shop\",\"item\":\"https:\\\/\\\/becooltravel.com\\\/?page_id=5\"},{\"@type\":\"ListItem\",\"position\":3,\"name\":\"Amazing Walking Holidays in Portugal. Incredible walking routes around Portugal, discover where to go for beautiful coastal, mountain and rural scenery. In Portugal you can find fantastic routes.\u00a0\",\"item\":\"https:\\\/\\\/becooltravel.com\\\/product-tag\\\/amazing-walking\\\/\"},{\"@type\":\"ListItem\",\"position\":4,\"name\":\"Ger\u00eas National Park: Adventures in the Wild\"}]},{\"@type\":\"WebSite\",\"@id\":\"https:\\\/\\\/becooltravel.com\\\/#website\",\"url\":\"https:\\\/\\\/becooltravel.com\\\/\",\"name\":\"BeCool Travel\",\"description\":\"Sustainable holidays in Portugal for independent travelers\",\"publisher\":{\"@id\":\"https:\\\/\\\/becooltravel.com\\\/#organization\"},\"potentialAction\":[{\"@type\":\"SearchAction\",\"target\":{\"@type\":\"EntryPoint\",\"urlTemplate\":\"https:\\\/\\\/becooltravel.com\\\/?s={search_term_string}\"},\"query-input\":{\"@type\":\"PropertyValueSpecification\",\"valueRequired\":true,\"valueName\":\"search_term_string\"}}],\"inLanguage\":\"da-DK\"},{\"@type\":\"Organization\",\"@id\":\"https:\\\/\\\/becooltravel.com\\\/#organization\",\"name\":\"BecoolTravel. com- Portugal\",\"url\":\"https:\\\/\\\/becooltravel.com\\\/\",\"logo\":{\"@type\":\"ImageObject\",\"inLanguage\":\"da-DK\",\"@id\":\"https:\\\/\\\/becooltravel.com\\\/#\\\/schema\\\/logo\\\/image\\\/\",\"url\":\"https:\\\/\\\/becooltravel.com\\\/wp-content\\\/uploads\\\/sites\\\/5\\\/2020\\\/03\\\/Logo_BeCool.jpg\",\"contentUrl\":\"https:\\\/\\\/becooltravel.com\\\/wp-content\\\/uploads\\\/sites\\\/5\\\/2020\\\/03\\\/Logo_BeCool.jpg\",\"width\":534,\"height\":534,\"caption\":\"BecoolTravel. com- Portugal\"},\"image\":{\"@id\":\"https:\\\/\\\/becooltravel.com\\\/#\\\/schema\\\/logo\\\/image\\\/\"},\"sameAs\":[\"https:\\\/\\\/www.facebook.com\\\/becooltravelagency\\\/\",\"https:\\\/\\\/x.com\\\/becool_travel\",\"https:\\\/\\\/www.instagram.com\\\/becooltravel_com\\\/\",\"https:\\\/\\\/www.linkedin.com\\\/company\\\/becool-travel\\\/\",\"https:\\\/\\\/www.youtube.com\\\/channel\\\/UCE7zRU3EVG1PgfXwQo-5uJw\"]}]}<\/script>\n<!-- \/ Yoast SEO Premium plugin. -->","yoast_head_json":{"title":"Ger\u00eas National Park: Adventures in the Wild","description":"Vandrende Peneda Ger\u00eas National Park er en af de st\u00f8rste naturlige attraktioner i Portugal, med sj\u00e6lden og imponerende sk\u00f8nhed, naturlige landskaber.","robots":{"index":"index","follow":"follow","max-snippet":"max-snippet:-1","max-image-preview":"max-image-preview:large","max-video-preview":"max-video-preview:-1"},"canonical":"https:\/\/becooltravel.com\/da\/vare\/geres-nationalpark-eventyr-i-det-vilde-5100g\/","og_locale":"da_DK","og_type":"article","og_title":"Peneda Ger\u00eas National Park","og_description":"The Peneda Ger\u00eas National Park is one of the greatest natural attractions in Portugal with rare and impressive beauty, natural landscapes and its great ecological value. It comprises half of Portugal\u2019s biggest Natural Reserve and varies from lush lowland lakes and rivers to dramatic high mountain granite ridges separating Portugal from Spain.","og_url":"https:\/\/becooltravel.com\/da\/vare\/geres-nationalpark-eventyr-i-det-vilde-5100g\/","og_site_name":"BeCool Travel","article_publisher":"https:\/\/www.facebook.com\/becooltravelagency\/","article_modified_time":"2026-03-18T14:21:36+00:00","og_image":[{"width":1075,"height":768,"url":"https:\/\/becooltravel.com\/wp-content\/uploads\/sites\/5\/2020\/07\/geres-lindoso.jpg","type":"image\/jpeg"}],"twitter_card":"summary_large_image","twitter_title":"Peneda Ger\u00eas National Park","twitter_description":"From canoeing in the crystal clear waters to riding a horse in through the ancient trails, seeing wild flowers, vines and olive trees; passing by an adventure in a Jeep trip by the ancient granite trails that take us over the mountains into high hidden valleys where one will still encounter herds of goats on their daily circuit and cowherds protecting their cattle as they slowly move from one pasture to the next, deep within the mountains until they are ready to come down in the autumn. Here, wild Garrano hor","twitter_image":"https:\/\/i0.wp.com\/becooltravel.com\/wp-content\/uploads\/sites\/5\/2020\/07\/geres-lindoso.jpg?fit=1075%2C768&ssl=1","twitter_site":"@becool_travel","twitter_misc":{"Estimeret l\u00e6setid":"2 minutter"},"schema":{"@context":"https:\/\/schema.org","@graph":[{"@type":["WebPage","ItemPage"],"@id":"https:\/\/becooltravel.com\/product\/geres-national-park-adventures-in-the-wild-5100g\/","url":"https:\/\/becooltravel.com\/product\/geres-national-park-adventures-in-the-wild-5100g\/","name":"Ger\u00eas National Park: Adventures in the Wild","isPartOf":{"@id":"https:\/\/becooltravel.com\/#website"},"primaryImageOfPage":{"@id":"https:\/\/becooltravel.com\/product\/geres-national-park-adventures-in-the-wild-5100g\/#primaryimage"},"image":{"@id":"https:\/\/becooltravel.com\/product\/geres-national-park-adventures-in-the-wild-5100g\/#primaryimage"},"thumbnailUrl":"https:\/\/i0.wp.com\/becooltravel.com\/wp-content\/uploads\/sites\/5\/2020\/07\/geres-lindoso.jpg?fit=1075%2C768&ssl=1","datePublished":"2020-07-10T16:07:30+00:00","dateModified":"2026-03-18T14:21:36+00:00","description":"Vandrende Peneda Ger\u00eas National Park er en af de st\u00f8rste naturlige attraktioner i Portugal, med sj\u00e6lden og imponerende sk\u00f8nhed, naturlige landskaber.","breadcrumb":{"@id":"https:\/\/becooltravel.com\/product\/geres-national-park-adventures-in-the-wild-5100g\/#breadcrumb"},"inLanguage":"da-DK","potentialAction":[{"@type":"ReadAction","target":["https:\/\/becooltravel.com\/product\/geres-national-park-adventures-in-the-wild-5100g\/"]}]},{"@type":"ImageObject","inLanguage":"da-DK","@id":"https:\/\/becooltravel.com\/product\/geres-national-park-adventures-in-the-wild-5100g\/#primaryimage","url":"https:\/\/i0.wp.com\/becooltravel.com\/wp-content\/uploads\/sites\/5\/2020\/07\/geres-lindoso.jpg?fit=1075%2C768&ssl=1","contentUrl":"https:\/\/i0.wp.com\/becooltravel.com\/wp-content\/uploads\/sites\/5\/2020\/07\/geres-lindoso.jpg?fit=1075%2C768&ssl=1","width":1075,"height":768,"caption":"Geres Lindoso"},{"@type":"BreadcrumbList","@id":"https:\/\/becooltravel.com\/product\/geres-national-park-adventures-in-the-wild-5100g\/#breadcrumb","itemListElement":[{"@type":"ListItem","position":1,"name":"Home","item":"https:\/\/becooltravel.com\/"},{"@type":"ListItem","position":2,"name":"Shop","item":"https:\/\/becooltravel.com\/?page_id=5"},{"@type":"ListItem","position":3,"name":"Amazing Walking Holidays in Portugal. Incredible walking routes around Portugal, discover where to go for beautiful coastal, mountain and rural scenery. In Portugal you can find fantastic routes.\u00a0","item":"https:\/\/becooltravel.com\/product-tag\/amazing-walking\/"},{"@type":"ListItem","position":4,"name":"Ger\u00eas National Park: Adventures in the Wild"}]},{"@type":"WebSite","@id":"https:\/\/becooltravel.com\/#website","url":"https:\/\/becooltravel.com\/","name":"BeCool rejse","description":"B\u00e6redygtig ferie i Portugal for uafh\u00e6ngige rejsende","publisher":{"@id":"https:\/\/becooltravel.com\/#organization"},"potentialAction":[{"@type":"SearchAction","target":{"@type":"EntryPoint","urlTemplate":"https:\/\/becooltravel.com\/?s={search_term_string}"},"query-input":{"@type":"PropertyValueSpecification","valueRequired":true,"valueName":"search_term_string"}}],"inLanguage":"da-DK"},{"@type":"Organization","@id":"https:\/\/becooltravel.com\/#organization","name":"BecoolTravel. com- Portugal","url":"https:\/\/becooltravel.com\/","logo":{"@type":"ImageObject","inLanguage":"da-DK","@id":"https:\/\/becooltravel.com\/#\/schema\/logo\/image\/","url":"https:\/\/becooltravel.com\/wp-content\/uploads\/sites\/5\/2020\/03\/Logo_BeCool.jpg","contentUrl":"https:\/\/becooltravel.com\/wp-content\/uploads\/sites\/5\/2020\/03\/Logo_BeCool.jpg","width":534,"height":534,"caption":"BecoolTravel. com- Portugal"},"image":{"@id":"https:\/\/becooltravel.com\/#\/schema\/logo\/image\/"},"sameAs":["https:\/\/www.facebook.com\/becooltravelagency\/","https:\/\/x.com\/becool_travel","https:\/\/www.instagram.com\/becooltravel_com\/","https:\/\/www.linkedin.com\/company\/becool-travel\/","https:\/\/www.youtube.com\/channel\/UCE7zRU3EVG1PgfXwQo-5uJw"]}]}},"jetpack_sharing_enabled":true,"_links":{"self":[{"href":"https:\/\/becooltravel.com\/da\/wp-json\/wp\/v2\/product\/5452","targetHints":{"allow":["GET"]}}],"collection":[{"href":"https:\/\/becooltravel.com\/da\/wp-json\/wp\/v2\/product"}],"about":[{"href":"https:\/\/becooltravel.com\/da\/wp-json\/wp\/v2\/types\/product"}],"replies":[{"embeddable":true,"href":"https:\/\/becooltravel.com\/da\/wp-json\/wp\/v2\/comments?post=5452"}],"wp:featuredmedia":[{"embeddable":true,"href":"https:\/\/becooltravel.com\/da\/wp-json\/wp\/v2\/media\/5405"}],"wp:attachment":[{"href":"https:\/\/becooltravel.com\/da\/wp-json\/wp\/v2\/media?parent=5452"}],"wp:term":[{"taxonomy":"product_brand","embeddable":true,"href":"https:\/\/becooltravel.com\/da\/wp-json\/wp\/v2\/product_brand?post=5452"},{"taxonomy":"product_cat","embeddable":true,"href":"https:\/\/becooltravel.com\/da\/wp-json\/wp\/v2\/product_cat?post=5452"},{"taxonomy":"product_tag","embeddable":true,"href":"https:\/\/becooltravel.com\/da\/wp-json\/wp\/v2\/product_tag?post=5452"}],"curies":[{"name":"wp","href":"https:\/\/api.w.org\/{rel}","templated":true}]}}