{"id":5574,"date":"2020-07-14T16:36:08","date_gmt":"2020-07-14T16:36:08","guid":{"rendered":"https:\/\/becooltravel.com\/?post_type=product&#038;p=5574"},"modified":"2026-03-18T14:21:35","modified_gmt":"2026-03-18T14:21:35","slug":"exploring-the-douro-valley-12200g","status":"publish","type":"product","link":"https:\/\/becooltravel.com\/da\/vare\/udforske-the-douro-dalen-12200g\/","title":{"rendered":"Udforsk Douro Valley Walking Holiday"},"content":{"rendered":"<p><strong>Grupper accepteret med mindst 6 personer.<\/strong><\/p>\n<p>&nbsp;<\/p>\n<p>En af verdens \u00e6ldste afgr\u00e6nsede vinregioner (siden 1756), Douro-dalen viser stejlt terrasserede vinmarker hugget ind i bjerge, granitbluffe, hvidkalkede godser og vink\u00e6ldre fra det 18. \u00e5rhundrede. Kom til havne og vine, snoede natursk\u00f8nne veje, postkort-smukke landsbyer og fremragende regionale restauranter!<\/p>\n<p>Denne ferie med to centre byder p\u00e5 let g\u00e5afstand, mens vi rejser op i Douro-dalen, hvilket giver os mulighed for at udforske dens fjerneste regioner mod den spanske gr\u00e6nse.<\/p>\n<div id=\"attachment_2848\" style=\"width: 1034px\" class=\"wp-caption alignnone\"><img data-recalc-dims=\"1\" decoding=\"async\" aria-describedby=\"caption-attachment-2848\" class=\"wp-image-2848 size-large\" src=\"https:\/\/i0.wp.com\/legendatours.net\/wp-content\/uploads\/2020\/07\/ermida_sao_domingos_fontelo-1024x640.jpg?resize=1024%2C640&#038;ssl=1\" alt=\"Ermida S\u00e3o Domingos, Fontelo\" width=\"1024\" height=\"640\" \/><p id=\"caption-attachment-2848\" class=\"wp-caption-text\">S\u00e3o Domingos &#039;udsigtspunkt er et af de mest spektakul\u00e6re udsigtspunkter i Douro -landskabet, men endda det mest ekstraordin\u00e6re.<\/p><\/div>\n<p>De, der har set Douro -dalen i rejseberetninger, ved, hvor smukke og uspolerede de centrale og \u00f8vre omr\u00e5der er, med dybe dale og plateaer sp\u00e6kket med gamle landsbyer og slotte, der vidner om kampe gennem \u00e5rhundreder.<\/p>\n<p>Vi flyver ind i Porto, kendt som &#039;Douros hovedstad&#039;, hvor vi bor de f\u00f8rste to n\u00e6tter. Beliggende ved Douro-floden, er den n\u00e6stst\u00f8rste by i Portugal og nu et verdensarvssted.<\/p>\n<div id=\"attachment_2536\" style=\"width: 1034px\" class=\"wp-caption alignnone\"><img data-recalc-dims=\"1\" decoding=\"async\" aria-describedby=\"caption-attachment-2536\" class=\"wp-image-2536 size-large\" src=\"https:\/\/i0.wp.com\/legendatours.net\/wp-content\/uploads\/2020\/06\/River_douro-1024x640.jpg?resize=1024%2C640&#038;ssl=1\" alt=\"Rio Douro i hjertet af den afgr\u00e6nsede portvin-region.\" width=\"1024\" height=\"640\" \/><p id=\"caption-attachment-2536\" class=\"wp-caption-text\">Rio Douro er kernen i den afgr\u00e6nsede portvinregion.<\/p><\/div>\n<p>Vores n\u00e6ste center er i R\u00e9gua. Vores rejse tager os med p\u00e5 en af verdens mest spektakul\u00e6re jernbanelinjer, mens vi f\u00f8lger den store Douro -flod fra dens flodmunding, gennem vinmarkerne og ind i de \u00f8vre dele af Portugal, hvor floden danner gr\u00e6nsen til Spanien.<\/p>\n<p>I R\u00e9gua bes\u00f8ger vi byen og de omkringliggende vinmarker, herunder smagning af fremragende portvine og andre vine i regionen og Lamego, en storsl\u00e5et gammel by, rig p\u00e5 historie og kultur og fuld af charme.<\/p>\n<p>Endelig vender vi tilbage til Porto med b\u00e5d gennem betagende landskaber, mens vi g\u00e5r ned ad den store Douro -flod, gennem de frodige gr\u00f8nne terrasserede vinmarker, et verdensarvssted.<\/p>\n<div class=\"row\" style=\"display: flex;\">\n<div class=\"column\" style=\"flex: 45%;\">\n<p><iframe title=\"Porto og nord som aldrig set f\u00f8r\" width=\"1080\" height=\"608\" src=\"https:\/\/www.youtube.com\/embed\/47k8DRF7_-M?feature=oembed\" frameborder=\"0\" allow=\"accelerometer; autoplay; clipboard-write; encrypted-media; gyroscope; picture-in-picture\" allowfullscreen><\/iframe><\/p>\n<\/div>\n<div class=\"column\" style=\"flex: 10%;\"><\/div>\n<div class=\"column\" style=\"flex: 45%;\">\n<p><iframe title=\"Portugisisk vinturisme\" width=\"1080\" height=\"608\" src=\"https:\/\/www.youtube.com\/embed\/OGVDu3ivhTY?list=PLuMAo-oYl9zjNFzMcQjFaVVHGl2EoXxYT\" frameborder=\"0\" allow=\"accelerometer; autoplay; clipboard-write; encrypted-media; gyroscope; picture-in-picture\" allowfullscreen><\/iframe><\/p>\n<\/div>\n<\/div>","protected":false},"excerpt":{"rendered":"<p>En af verdens \u00e6ldste afgr\u00e6nsede vinregioner (siden 1756), Douro-dalen viser stejlt terrasserede vinmarker hugget ind i bjerge, granitbluffe, hvidkalkede godser og vink\u00e6ldre fra det 18. \u00e5rhundrede. Kom til havne og vine, snoede natursk\u00f8nne veje, postkort-smukke landsbyer og fremragende regionale restauranter!<\/p>","protected":false},"featured_media":5565,"comment_status":"closed","ping_status":"closed","template":"","meta":{"_acf_changed":false,"inline_featured_image":false},"product_brand":[],"product_cat":[343,340,342,344,355],"product_tag":[229,587,1204,204,784,744,593,675,113,55,815,260,751,247,1001,625,755,143,144,915,548,977,687,762,361,918,118,146,362,60,363,793,366],"class_list":{"0":"post-5574","1":"product","2":"type-product","3":"status-publish","4":"has-post-thumbnail","6":"product_cat-cultural-tours-and-holidays-in-portugal","7":"product_cat-guided-group-tours","8":"product_cat-portugal-guided-historical-holidays","9":"product_cat-guided-sightseeing-holidays-portugal","10":"product_cat-guided-walking-holidays-in-portugal","11":"product_tag-alto-douro-wine-region","12":"product_tag-amazing-walking","13":"product_tag-beautiful-walk","14":"product_tag-cultural-heritage","15":"product_tag-culture","16":"product_tag-douro","17":"product_tag-douro-river","18":"product_tag-douro-riverbanks","19":"product_tag-douro-valley","20":"product_tag-guided-walking-holidays","21":"product_tag-historic","22":"product_tag-history-and-heritage","23":"product_tag-holiday-activities-walking-guides","24":"product_tag-its-gastronomy-and-wines","25":"product_tag-lamego","26":"product_tag-local-wines","27":"product_tag-oporto","28":"product_tag-port-wine","29":"product_tag-porto","30":"product_tag-porto-world-heritage","31":"product_tag-portugal-perfect-walking-holiday","32":"product_tag-regua","33":"product_tag-rio-douro","34":"product_tag-river-cruise-douro","35":"product_tag-river-douro","36":"product_tag-sightseeing-porto","37":"product_tag-train-journey-up-the-douro-valley","38":"product_tag-vineyards","39":"product_tag-vineyards-and-terraces","40":"product_tag-walking-holidays","41":"product_tag-walks-porto","42":"product_tag-wines","43":"product_tag-worlds-best-wines","45":"first","46":"instock","47":"virtual","48":"sold-individually","49":"product-type-booking"},"acf":[],"yoast_head":"<!-- This site is optimized with the Yoast SEO Premium plugin v26.8 (Yoast SEO v27.5) - https:\/\/yoast.com\/product\/yoast-seo-premium-wordpress\/ -->\n<title>Exploring the Douro Valley Walking Holiday<\/title>\n<meta name=\"description\" content=\"Exploring the Douro Valley - One of the world\u2019s oldest demarcated wine regions (since 1756), Terrace vineyards carved into mountains.\" \/>\n<meta name=\"robots\" content=\"index, follow, max-snippet:-1, max-image-preview:large, max-video-preview:-1\" \/>\n<link rel=\"canonical\" href=\"https:\/\/becooltravel.com\/da\/vare\/udforske-the-douro-dalen-12200g\/\" \/>\n<meta property=\"og:locale\" content=\"da_DK\" \/>\n<meta property=\"og:type\" content=\"article\" \/>\n<meta property=\"og:title\" content=\"Exploring the Douro Valley\" \/>\n<meta property=\"og:description\" content=\"We fly into Porto, known as the \u2018Capital of the Douro\u2019, where we stay for our first two nights. Situated on the Douro River, is the second largest city in Portugal and now a World Heritage Site.Our next centre is in R\u00e9gua. Our journey takes us on one of the world\u2019s most spectacular railway lines, as we follow the great Douro River from its estuary, through the vineyards and into the upper reaches of Portugal, where the river forms the border with Spain.In R\u00e9gua we will visit the town and the surrounding vineyards, including tasting excellent Port wines and other wines of the region, and Lamego, a magnificent old town, rich in history and culture and full of charm.Finally, we return to Porto by boat through breath taking landscapes, as we go down the great Douro River, through the lush green terraced vineyards, a World Heritage Site.\" \/>\n<meta property=\"og:url\" content=\"https:\/\/becooltravel.com\/da\/vare\/udforske-the-douro-dalen-12200g\/\" \/>\n<meta property=\"og:site_name\" content=\"BeCool Travel\" \/>\n<meta property=\"article:publisher\" content=\"https:\/\/www.facebook.com\/becooltravelagency\/\" \/>\n<meta property=\"article:modified_time\" content=\"2026-03-18T14:21:35+00:00\" \/>\n<meta property=\"og:image\" content=\"https:\/\/becooltravel.com\/wp-content\/uploads\/sites\/5\/2020\/07\/douro_grape_harvest.jpg\" \/>\n\t<meta property=\"og:image:width\" content=\"1152\" \/>\n\t<meta property=\"og:image:height\" content=\"768\" \/>\n\t<meta property=\"og:image:type\" content=\"image\/jpeg\" \/>\n<meta name=\"twitter:card\" content=\"summary_large_image\" \/>\n<meta name=\"twitter:title\" content=\"Exploring the Douro Valley\" \/>\n<meta name=\"twitter:description\" content=\"One of the world\u2019s oldest demarcated wine regions (since 1756), the Douro Valley showcases steep terrace vineyards carved into mountains, granite bluffs, whitewashed estates, and 18th-century wine cellars. Come for the ports and wines, winding scenic roads, postcard-pretty villages and excellent regional restaurants!This two-centre holiday offers easy walking while travels up the Douro Valley, allowing us to explore its furthest regions towards the Spanish frontier.Those who have seen the Douro Valley in travelogues will know how beautiful and unspoilt the central and upper reaches are, with deep valleys and plateaus interspersed with ancient villages and castles that bear witness to struggles over the centuries.\" \/>\n<meta name=\"twitter:image\" content=\"https:\/\/i0.wp.com\/becooltravel.com\/wp-content\/uploads\/sites\/5\/2020\/07\/douro_grape_harvest.jpg?fit=1152%2C768&ssl=1\" \/>\n<meta name=\"twitter:site\" content=\"@becool_travel\" \/>\n<meta name=\"twitter:label1\" content=\"Estimeret l\u00e6setid\" \/>\n\t<meta name=\"twitter:data1\" content=\"2 minutter\" \/>\n<script type=\"application\/ld+json\" class=\"yoast-schema-graph\">{\"@context\":\"https:\\\/\\\/schema.org\",\"@graph\":[{\"@type\":[\"WebPage\",\"ItemPage\"],\"@id\":\"https:\\\/\\\/becooltravel.com\\\/product\\\/exploring-the-douro-valley-12200g\\\/\",\"url\":\"https:\\\/\\\/becooltravel.com\\\/product\\\/exploring-the-douro-valley-12200g\\\/\",\"name\":\"Exploring the Douro Valley Walking Holiday\",\"isPartOf\":{\"@id\":\"https:\\\/\\\/becooltravel.com\\\/#website\"},\"primaryImageOfPage\":{\"@id\":\"https:\\\/\\\/becooltravel.com\\\/product\\\/exploring-the-douro-valley-12200g\\\/#primaryimage\"},\"image\":{\"@id\":\"https:\\\/\\\/becooltravel.com\\\/product\\\/exploring-the-douro-valley-12200g\\\/#primaryimage\"},\"thumbnailUrl\":\"https:\\\/\\\/i0.wp.com\\\/becooltravel.com\\\/wp-content\\\/uploads\\\/sites\\\/5\\\/2020\\\/07\\\/douro_grape_harvest.jpg?fit=1152%2C768&ssl=1\",\"datePublished\":\"2020-07-14T16:36:08+00:00\",\"dateModified\":\"2026-03-18T14:21:35+00:00\",\"description\":\"Exploring the Douro Valley - One of the world\u2019s oldest demarcated wine regions (since 1756), Terrace vineyards carved into mountains.\",\"breadcrumb\":{\"@id\":\"https:\\\/\\\/becooltravel.com\\\/product\\\/exploring-the-douro-valley-12200g\\\/#breadcrumb\"},\"inLanguage\":\"da-DK\",\"potentialAction\":[{\"@type\":\"ReadAction\",\"target\":[\"https:\\\/\\\/becooltravel.com\\\/product\\\/exploring-the-douro-valley-12200g\\\/\"]}]},{\"@type\":\"ImageObject\",\"inLanguage\":\"da-DK\",\"@id\":\"https:\\\/\\\/becooltravel.com\\\/product\\\/exploring-the-douro-valley-12200g\\\/#primaryimage\",\"url\":\"https:\\\/\\\/i0.wp.com\\\/becooltravel.com\\\/wp-content\\\/uploads\\\/sites\\\/5\\\/2020\\\/07\\\/douro_grape_harvest.jpg?fit=1152%2C768&ssl=1\",\"contentUrl\":\"https:\\\/\\\/i0.wp.com\\\/becooltravel.com\\\/wp-content\\\/uploads\\\/sites\\\/5\\\/2020\\\/07\\\/douro_grape_harvest.jpg?fit=1152%2C768&ssl=1\",\"width\":1152,\"height\":768,\"caption\":\"Harvest in Douro valley\"},{\"@type\":\"BreadcrumbList\",\"@id\":\"https:\\\/\\\/becooltravel.com\\\/product\\\/exploring-the-douro-valley-12200g\\\/#breadcrumb\",\"itemListElement\":[{\"@type\":\"ListItem\",\"position\":1,\"name\":\"Home\",\"item\":\"https:\\\/\\\/becooltravel.com\\\/\"},{\"@type\":\"ListItem\",\"position\":2,\"name\":\"Shop\",\"item\":\"https:\\\/\\\/becooltravel.com\\\/?page_id=5\"},{\"@type\":\"ListItem\",\"position\":3,\"name\":\"Walking tours in Alto Douro Wine Region. Those who have seen the Douro Valley in travelogues will know how beautiful and unspoilt walking location.\",\"item\":\"https:\\\/\\\/becooltravel.com\\\/product-tag\\\/alto-douro-wine-region\\\/\"},{\"@type\":\"ListItem\",\"position\":4,\"name\":\"One of the world\u2019s oldest demarcated wine regions (since 1756), the Douro Valley showcases steep terrace vineyards carved into mountains, granite bluffs, whitewashed estates, and 18th-century wine cellars. Come for the ports and wines, winding scenic roads, postcard-pretty villages and excellent regional restaurants!\"}]},{\"@type\":\"WebSite\",\"@id\":\"https:\\\/\\\/becooltravel.com\\\/#website\",\"url\":\"https:\\\/\\\/becooltravel.com\\\/\",\"name\":\"BeCool Travel\",\"description\":\"Sustainable holidays in Portugal for independent travelers\",\"publisher\":{\"@id\":\"https:\\\/\\\/becooltravel.com\\\/#organization\"},\"potentialAction\":[{\"@type\":\"SearchAction\",\"target\":{\"@type\":\"EntryPoint\",\"urlTemplate\":\"https:\\\/\\\/becooltravel.com\\\/?s={search_term_string}\"},\"query-input\":{\"@type\":\"PropertyValueSpecification\",\"valueRequired\":true,\"valueName\":\"search_term_string\"}}],\"inLanguage\":\"da-DK\"},{\"@type\":\"Organization\",\"@id\":\"https:\\\/\\\/becooltravel.com\\\/#organization\",\"name\":\"BecoolTravel. com- Portugal\",\"url\":\"https:\\\/\\\/becooltravel.com\\\/\",\"logo\":{\"@type\":\"ImageObject\",\"inLanguage\":\"da-DK\",\"@id\":\"https:\\\/\\\/becooltravel.com\\\/#\\\/schema\\\/logo\\\/image\\\/\",\"url\":\"https:\\\/\\\/becooltravel.com\\\/wp-content\\\/uploads\\\/sites\\\/5\\\/2020\\\/03\\\/Logo_BeCool.jpg\",\"contentUrl\":\"https:\\\/\\\/becooltravel.com\\\/wp-content\\\/uploads\\\/sites\\\/5\\\/2020\\\/03\\\/Logo_BeCool.jpg\",\"width\":534,\"height\":534,\"caption\":\"BecoolTravel. com- Portugal\"},\"image\":{\"@id\":\"https:\\\/\\\/becooltravel.com\\\/#\\\/schema\\\/logo\\\/image\\\/\"},\"sameAs\":[\"https:\\\/\\\/www.facebook.com\\\/becooltravelagency\\\/\",\"https:\\\/\\\/x.com\\\/becool_travel\",\"https:\\\/\\\/www.instagram.com\\\/becooltravel_com\\\/\",\"https:\\\/\\\/www.linkedin.com\\\/company\\\/becool-travel\\\/\",\"https:\\\/\\\/www.youtube.com\\\/channel\\\/UCE7zRU3EVG1PgfXwQo-5uJw\"]}]}<\/script>\n<!-- \/ Yoast SEO Premium plugin. -->","yoast_head_json":{"title":"Udforsk Douro Valley Walking Holiday","description":"Udforskning af Douro-dalen - Et af verdens \u00e6ldste afgr\u00e6nsede vinomr\u00e5der (siden 1756), terrassevinmarker udhugget i bjerge.","robots":{"index":"index","follow":"follow","max-snippet":"max-snippet:-1","max-image-preview":"max-image-preview:large","max-video-preview":"max-video-preview:-1"},"canonical":"https:\/\/becooltravel.com\/da\/vare\/udforske-the-douro-dalen-12200g\/","og_locale":"da_DK","og_type":"article","og_title":"Exploring the Douro Valley","og_description":"We fly into Porto, known as the \u2018Capital of the Douro\u2019, where we stay for our first two nights. Situated on the Douro River, is the second largest city in Portugal and now a World Heritage Site.Our next centre is in R\u00e9gua. Our journey takes us on one of the world\u2019s most spectacular railway lines, as we follow the great Douro River from its estuary, through the vineyards and into the upper reaches of Portugal, where the river forms the border with Spain.In R\u00e9gua we will visit the town and the surrounding vineyards, including tasting excellent Port wines and other wines of the region, and Lamego, a magnificent old town, rich in history and culture and full of charm.Finally, we return to Porto by boat through breath taking landscapes, as we go down the great Douro River, through the lush green terraced vineyards, a World Heritage Site.","og_url":"https:\/\/becooltravel.com\/da\/vare\/udforske-the-douro-dalen-12200g\/","og_site_name":"BeCool Travel","article_publisher":"https:\/\/www.facebook.com\/becooltravelagency\/","article_modified_time":"2026-03-18T14:21:35+00:00","og_image":[{"width":1152,"height":768,"url":"https:\/\/becooltravel.com\/wp-content\/uploads\/sites\/5\/2020\/07\/douro_grape_harvest.jpg","type":"image\/jpeg"}],"twitter_card":"summary_large_image","twitter_title":"Exploring the Douro Valley","twitter_description":"One of the world\u2019s oldest demarcated wine regions (since 1756), the Douro Valley showcases steep terrace vineyards carved into mountains, granite bluffs, whitewashed estates, and 18th-century wine cellars. Come for the ports and wines, winding scenic roads, postcard-pretty villages and excellent regional restaurants!This two-centre holiday offers easy walking while travels up the Douro Valley, allowing us to explore its furthest regions towards the Spanish frontier.Those who have seen the Douro Valley in travelogues will know how beautiful and unspoilt the central and upper reaches are, with deep valleys and plateaus interspersed with ancient villages and castles that bear witness to struggles over the centuries.","twitter_image":"https:\/\/i0.wp.com\/becooltravel.com\/wp-content\/uploads\/sites\/5\/2020\/07\/douro_grape_harvest.jpg?fit=1152%2C768&ssl=1","twitter_site":"@becool_travel","twitter_misc":{"Estimeret l\u00e6setid":"2 minutter"},"schema":{"@context":"https:\/\/schema.org","@graph":[{"@type":["WebPage","ItemPage"],"@id":"https:\/\/becooltravel.com\/product\/exploring-the-douro-valley-12200g\/","url":"https:\/\/becooltravel.com\/product\/exploring-the-douro-valley-12200g\/","name":"Udforsk Douro Valley Walking Holiday","isPartOf":{"@id":"https:\/\/becooltravel.com\/#website"},"primaryImageOfPage":{"@id":"https:\/\/becooltravel.com\/product\/exploring-the-douro-valley-12200g\/#primaryimage"},"image":{"@id":"https:\/\/becooltravel.com\/product\/exploring-the-douro-valley-12200g\/#primaryimage"},"thumbnailUrl":"https:\/\/i0.wp.com\/becooltravel.com\/wp-content\/uploads\/sites\/5\/2020\/07\/douro_grape_harvest.jpg?fit=1152%2C768&ssl=1","datePublished":"2020-07-14T16:36:08+00:00","dateModified":"2026-03-18T14:21:35+00:00","description":"Udforskning af Douro-dalen - Et af verdens \u00e6ldste afgr\u00e6nsede vinomr\u00e5der (siden 1756), terrassevinmarker udhugget i bjerge.","breadcrumb":{"@id":"https:\/\/becooltravel.com\/product\/exploring-the-douro-valley-12200g\/#breadcrumb"},"inLanguage":"da-DK","potentialAction":[{"@type":"ReadAction","target":["https:\/\/becooltravel.com\/product\/exploring-the-douro-valley-12200g\/"]}]},{"@type":"ImageObject","inLanguage":"da-DK","@id":"https:\/\/becooltravel.com\/product\/exploring-the-douro-valley-12200g\/#primaryimage","url":"https:\/\/i0.wp.com\/becooltravel.com\/wp-content\/uploads\/sites\/5\/2020\/07\/douro_grape_harvest.jpg?fit=1152%2C768&ssl=1","contentUrl":"https:\/\/i0.wp.com\/becooltravel.com\/wp-content\/uploads\/sites\/5\/2020\/07\/douro_grape_harvest.jpg?fit=1152%2C768&ssl=1","width":1152,"height":768,"caption":"Harvest in Douro valley"},{"@type":"BreadcrumbList","@id":"https:\/\/becooltravel.com\/product\/exploring-the-douro-valley-12200g\/#breadcrumb","itemListElement":[{"@type":"ListItem","position":1,"name":"Home","item":"https:\/\/becooltravel.com\/"},{"@type":"ListItem","position":2,"name":"Shop","item":"https:\/\/becooltravel.com\/?page_id=5"},{"@type":"ListItem","position":3,"name":"Walking tours in Alto Douro Wine Region. Those who have seen the Douro Valley in travelogues will know how beautiful and unspoilt walking location.","item":"https:\/\/becooltravel.com\/product-tag\/alto-douro-wine-region\/"},{"@type":"ListItem","position":4,"name":"One of the world\u2019s oldest demarcated wine regions (since 1756), the Douro Valley showcases steep terrace vineyards carved into mountains, granite bluffs, whitewashed estates, and 18th-century wine cellars. Come for the ports and wines, winding scenic roads, postcard-pretty villages and excellent regional restaurants!"}]},{"@type":"WebSite","@id":"https:\/\/becooltravel.com\/#website","url":"https:\/\/becooltravel.com\/","name":"BeCool rejse","description":"B\u00e6redygtig ferie i Portugal for uafh\u00e6ngige rejsende","publisher":{"@id":"https:\/\/becooltravel.com\/#organization"},"potentialAction":[{"@type":"SearchAction","target":{"@type":"EntryPoint","urlTemplate":"https:\/\/becooltravel.com\/?s={search_term_string}"},"query-input":{"@type":"PropertyValueSpecification","valueRequired":true,"valueName":"search_term_string"}}],"inLanguage":"da-DK"},{"@type":"Organization","@id":"https:\/\/becooltravel.com\/#organization","name":"BecoolTravel. com- Portugal","url":"https:\/\/becooltravel.com\/","logo":{"@type":"ImageObject","inLanguage":"da-DK","@id":"https:\/\/becooltravel.com\/#\/schema\/logo\/image\/","url":"https:\/\/becooltravel.com\/wp-content\/uploads\/sites\/5\/2020\/03\/Logo_BeCool.jpg","contentUrl":"https:\/\/becooltravel.com\/wp-content\/uploads\/sites\/5\/2020\/03\/Logo_BeCool.jpg","width":534,"height":534,"caption":"BecoolTravel. com- Portugal"},"image":{"@id":"https:\/\/becooltravel.com\/#\/schema\/logo\/image\/"},"sameAs":["https:\/\/www.facebook.com\/becooltravelagency\/","https:\/\/x.com\/becool_travel","https:\/\/www.instagram.com\/becooltravel_com\/","https:\/\/www.linkedin.com\/company\/becool-travel\/","https:\/\/www.youtube.com\/channel\/UCE7zRU3EVG1PgfXwQo-5uJw"]}]}},"jetpack_sharing_enabled":true,"_links":{"self":[{"href":"https:\/\/becooltravel.com\/da\/wp-json\/wp\/v2\/product\/5574","targetHints":{"allow":["GET"]}}],"collection":[{"href":"https:\/\/becooltravel.com\/da\/wp-json\/wp\/v2\/product"}],"about":[{"href":"https:\/\/becooltravel.com\/da\/wp-json\/wp\/v2\/types\/product"}],"replies":[{"embeddable":true,"href":"https:\/\/becooltravel.com\/da\/wp-json\/wp\/v2\/comments?post=5574"}],"wp:featuredmedia":[{"embeddable":true,"href":"https:\/\/becooltravel.com\/da\/wp-json\/wp\/v2\/media\/5565"}],"wp:attachment":[{"href":"https:\/\/becooltravel.com\/da\/wp-json\/wp\/v2\/media?parent=5574"}],"wp:term":[{"taxonomy":"product_brand","embeddable":true,"href":"https:\/\/becooltravel.com\/da\/wp-json\/wp\/v2\/product_brand?post=5574"},{"taxonomy":"product_cat","embeddable":true,"href":"https:\/\/becooltravel.com\/da\/wp-json\/wp\/v2\/product_cat?post=5574"},{"taxonomy":"product_tag","embeddable":true,"href":"https:\/\/becooltravel.com\/da\/wp-json\/wp\/v2\/product_tag?post=5574"}],"curies":[{"name":"wp","href":"https:\/\/api.w.org\/{rel}","templated":true}]}}