{"id":5651,"date":"2020-08-10T09:57:46","date_gmt":"2020-08-10T09:57:46","guid":{"rendered":"https:\/\/becooltravel.com\/?post_type=product&#038;p=5651"},"modified":"2026-03-18T13:01:09","modified_gmt":"2026-03-18T13:01:09","slug":"golf-holidays-in-a-natural-reserve-w-rent-car-4100g","status":"publish","type":"product","link":"https:\/\/becooltravel.com\/da\/vare\/golf-ferie-i-et-naturreservat-m-leje-bil-4100g\/","title":{"rendered":"Algarve golfferie i et naturreservat med lejebil"},"content":{"rendered":"<p>Passet til alle slags spillere, vil denne selvk\u00f8rende golfferie give dig den mest fantastiske oplevelse p\u00e5 grund af dens utrolige beliggenheder.<\/p>\n<p>Du vil v\u00e6re i stand til at nyde ikke bare de smukke strande i n\u00e6rheden, men at forbinde dig med naturen med en fantastisk udsigt over bjergene.<\/p>\n<div id=\"attachment_2927\" style=\"width: 1034px\" class=\"wp-caption alignnone\"><img data-recalc-dims=\"1\" decoding=\"async\" aria-describedby=\"caption-attachment-2927\" class=\"wp-image-2927 size-large\" src=\"https:\/\/i0.wp.com\/legendatours.net\/wp-content\/uploads\/2020\/08\/Salgados-Golf-Couse-2-1024x680.jpg?resize=1024%2C680&#038;ssl=1\" alt=\"Salgados golfbane\" width=\"1024\" height=\"680\" \/><p id=\"caption-attachment-2927\" class=\"wp-caption-text\">Salgados golfbane<\/p><\/div>\n<p>Mellem bjergene og stranden har du en gratis golfshuttle til at tage dig fra resortet i Salgados (500 meter fra Salgados golfbane) til Morgado &amp; \u00c1lamos - det er de tre golfbaner p\u00e5 18 huller, hvor du kan spille frit s\u00e5vel som gratis brug af den \u00f8vende puttinggreen p\u00e5 Salgados grund.<\/p>\n<p>Salgados Vila de Lagoas er beliggende n\u00e6r byen Albufeira og er kun en g\u00e5afstand fra stranden og golfbanen. Udover sin fantastiske beliggenhed har de rummelige lejligheder fuldt udstyrede k\u00f8kkener, og du vil have et fitnesscenter og spa til r\u00e5dighed inde p\u00e5 resortet.<\/p>","protected":false},"excerpt":{"rendered":"<p>Passet til alle slags spillere, vil denne selvk\u00f8rende golfferie give dig den mest fantastiske oplevelse p\u00e5 grund af dens utrolige beliggenheder.<\/p>\n<p>Du vil v\u00e6re i stand til at nyde ikke bare de smukke strande i n\u00e6rheden, men at forbinde dig med naturen med en fantastisk udsigt over bjergene.<\/p>","protected":false},"featured_media":4577,"comment_status":"closed","ping_status":"closed","template":"","meta":{"_acf_changed":false,"inline_featured_image":false},"product_brand":[],"product_cat":[673,1046,327],"product_tag":[1026,1027,311,427,1053,148,1028,1029,1030,1031,1032,133,1007,1033,1034,1035,322,1047,1012],"class_list":{"0":"post-5651","1":"product","2":"type-product","3":"status-publish","4":"has-post-thumbnail","6":"product_cat-self-drive-holidays-portugal","7":"product_cat-self-guided-golf","8":"product_cat-self-guided-tours-portugal","9":"product_tag-18-holes","10":"product_tag-alamo-golf-course","11":"product_tag-algarve","12":"product_tag-algarve-coastline","13":"product_tag-alleine-reisen","14":"product_tag-beautiful-beache","15":"product_tag-buggy","16":"product_tag-driving-range-golf","17":"product_tag-golf","18":"product_tag-golf-couses","19":"product_tag-morgado-golf-course","20":"product_tag-natural-reserves","21":"product_tag-nature","22":"product_tag-playing-golf","23":"product_tag-resort","24":"product_tag-salgados-golf-course","25":"product_tag-self-guided","26":"product_tag-self-guided-golf","27":"product_tag-sports","29":"first","30":"instock","31":"virtual","32":"product-type-simple"},"acf":[],"yoast_head":"<!-- This site is optimized with the Yoast SEO Premium plugin v26.8 (Yoast SEO v27.4) - https:\/\/yoast.com\/product\/yoast-seo-premium-wordpress\/ -->\n<title>Algarve Golf Holidays in a Natural Reserve W\/ Rent Car<\/title>\n<meta name=\"description\" content=\"Fitted for all sort of players, this Algarve Holidays will give you the most amazing experience due to its incredible locations.\" \/>\n<meta name=\"robots\" content=\"index, follow, max-snippet:-1, max-image-preview:large, max-video-preview:-1\" \/>\n<link rel=\"canonical\" href=\"https:\/\/becooltravel.com\/da\/product\/golf-holidays-in\u2026w-rent-car-4100g\/\u200e\/\" \/>\n<meta property=\"og:locale\" content=\"da_DK\" \/>\n<meta property=\"og:type\" content=\"article\" \/>\n<meta property=\"og:title\" content=\"Golf Holidays in a Natural Reserve W\/ Rent Car\" \/>\n<meta property=\"og:description\" content=\"Fitted for all sort of players, this Algarve Holidays will give you the most amazing experience due to its incredible locations.You will be able to enjoy not just the beautiful beaches nearby, but to connect with nature with a splendid view over the mountains.\" \/>\n<meta property=\"og:url\" content=\"https:\/\/becooltravel.com\/da\/product\/golf-holidays-in\u2026w-rent-car-4100g\/\u200e\/\" \/>\n<meta property=\"og:site_name\" content=\"BeCool Travel\" \/>\n<meta property=\"article:publisher\" content=\"https:\/\/www.facebook.com\/becooltravelagency\/\" \/>\n<meta property=\"article:modified_time\" content=\"2026-03-18T13:01:09+00:00\" \/>\n<meta property=\"og:image\" content=\"https:\/\/becooltravel.com\/wp-content\/uploads\/sites\/5\/2020\/05\/golf-1.jpg\" \/>\n\t<meta property=\"og:image:width\" content=\"1152\" \/>\n\t<meta property=\"og:image:height\" content=\"768\" \/>\n\t<meta property=\"og:image:type\" content=\"image\/jpeg\" \/>\n<meta name=\"twitter:card\" content=\"summary_large_image\" \/>\n<meta name=\"twitter:title\" content=\"Golf Holidays in a Natural Reserve W\/ Rent Car\" \/>\n<meta name=\"twitter:description\" content=\"Fitted for all sort of players, this Algarve Holidays will give you the most amazing experience due to its incredible locations.You will be able to enjoy not just the beautiful beaches nearby, but to connect with nature with a splendid view over the mountains.\" \/>\n<meta name=\"twitter:image\" content=\"https:\/\/i0.wp.com\/becooltravel.com\/wp-content\/uploads\/sites\/5\/2020\/05\/golf-1.jpg?fit=1152%2C768&ssl=1\" \/>\n<meta name=\"twitter:site\" content=\"@becool_travel\" \/>\n<meta name=\"twitter:label1\" content=\"Estimeret l\u00e6setid\" \/>\n\t<meta name=\"twitter:data1\" content=\"2 minutter\" \/>\n<script type=\"application\/ld+json\" class=\"yoast-schema-graph\">{\"@context\":\"https:\\\/\\\/schema.org\",\"@graph\":[{\"@type\":\"WebPage\",\"@id\":\"https:\\\/\\\/becooltravel.com\\\/product\\\/golf-holidays-in-a-natural-reserve-w-rent-car-4100g\\\/\",\"url\":\"https:\\\/\\\/becooltravel.com\\\/product\\\/golf-holidays-in%e2%80%a6w-rent-car-4100g\\\/%e2%80%8e\",\"name\":\"Algarve Golf Holidays in a Natural Reserve W\\\/ Rent Car\",\"isPartOf\":{\"@id\":\"https:\\\/\\\/becooltravel.com\\\/#website\"},\"primaryImageOfPage\":{\"@id\":\"https:\\\/\\\/becooltravel.com\\\/product\\\/golf-holidays-in%e2%80%a6w-rent-car-4100g\\\/%e2%80%8e#primaryimage\"},\"image\":{\"@id\":\"https:\\\/\\\/becooltravel.com\\\/product\\\/golf-holidays-in%e2%80%a6w-rent-car-4100g\\\/%e2%80%8e#primaryimage\"},\"thumbnailUrl\":\"https:\\\/\\\/i0.wp.com\\\/becooltravel.com\\\/wp-content\\\/uploads\\\/sites\\\/5\\\/2020\\\/05\\\/golf.jpg?fit=1152%2C768&ssl=1\",\"datePublished\":\"2020-08-10T09:57:46+00:00\",\"dateModified\":\"2026-03-18T13:01:09+00:00\",\"description\":\"Fitted for all sort of players, this Algarve Holidays will give you the most amazing experience due to its incredible locations.\",\"breadcrumb\":{\"@id\":\"https:\\\/\\\/becooltravel.com\\\/product\\\/golf-holidays-in%e2%80%a6w-rent-car-4100g\\\/%e2%80%8e#breadcrumb\"},\"inLanguage\":\"da-DK\",\"potentialAction\":[{\"@type\":\"ReadAction\",\"target\":[\"https:\\\/\\\/becooltravel.com\\\/product\\\/golf-holidays-in%e2%80%a6w-rent-car-4100g\\\/%e2%80%8e\"]}]},{\"@type\":\"ImageObject\",\"inLanguage\":\"da-DK\",\"@id\":\"https:\\\/\\\/becooltravel.com\\\/product\\\/golf-holidays-in%e2%80%a6w-rent-car-4100g\\\/%e2%80%8e#primaryimage\",\"url\":\"https:\\\/\\\/i0.wp.com\\\/becooltravel.com\\\/wp-content\\\/uploads\\\/sites\\\/5\\\/2020\\\/05\\\/golf.jpg?fit=1152%2C768&ssl=1\",\"contentUrl\":\"https:\\\/\\\/i0.wp.com\\\/becooltravel.com\\\/wp-content\\\/uploads\\\/sites\\\/5\\\/2020\\\/05\\\/golf.jpg?fit=1152%2C768&ssl=1\",\"width\":1152,\"height\":768,\"caption\":\"Guided Golf Holidays\"},{\"@type\":\"BreadcrumbList\",\"@id\":\"https:\\\/\\\/becooltravel.com\\\/product\\\/golf-holidays-in%e2%80%a6w-rent-car-4100g\\\/%e2%80%8e#breadcrumb\",\"itemListElement\":[{\"@type\":\"ListItem\",\"position\":1,\"name\":\"Home\",\"item\":\"https:\\\/\\\/becooltravel.com\\\/\"},{\"@type\":\"ListItem\",\"position\":2,\"name\":\"Shop\",\"item\":\"https:\\\/\\\/becooltravel.com\\\/?page_id=5\"},{\"@type\":\"ListItem\",\"position\":3,\"name\":\"18 holes\",\"item\":\"https:\\\/\\\/becooltravel.com\\\/product-tag\\\/18-holes\\\/\"},{\"@type\":\"ListItem\",\"position\":4,\"name\":\"Algarve Golf Holidays will give you the most amazing experience due to its incredible locations. You will be able to enjoy not just the beautiful beaches nearby, but to connect with nature with a splendid view over the mountains.\"}]},{\"@type\":\"WebSite\",\"@id\":\"https:\\\/\\\/becooltravel.com\\\/#website\",\"url\":\"https:\\\/\\\/becooltravel.com\\\/\",\"name\":\"BeCool Travel\",\"description\":\"Sustainable holidays in Portugal for independent travelers\",\"publisher\":{\"@id\":\"https:\\\/\\\/becooltravel.com\\\/#organization\"},\"potentialAction\":[{\"@type\":\"SearchAction\",\"target\":{\"@type\":\"EntryPoint\",\"urlTemplate\":\"https:\\\/\\\/becooltravel.com\\\/?s={search_term_string}\"},\"query-input\":{\"@type\":\"PropertyValueSpecification\",\"valueRequired\":true,\"valueName\":\"search_term_string\"}}],\"inLanguage\":\"da-DK\"},{\"@type\":\"Organization\",\"@id\":\"https:\\\/\\\/becooltravel.com\\\/#organization\",\"name\":\"BecoolTravel. com- Portugal\",\"url\":\"https:\\\/\\\/becooltravel.com\\\/\",\"logo\":{\"@type\":\"ImageObject\",\"inLanguage\":\"da-DK\",\"@id\":\"https:\\\/\\\/becooltravel.com\\\/#\\\/schema\\\/logo\\\/image\\\/\",\"url\":\"https:\\\/\\\/becooltravel.com\\\/wp-content\\\/uploads\\\/sites\\\/5\\\/2020\\\/03\\\/Logo_BeCool.jpg\",\"contentUrl\":\"https:\\\/\\\/becooltravel.com\\\/wp-content\\\/uploads\\\/sites\\\/5\\\/2020\\\/03\\\/Logo_BeCool.jpg\",\"width\":534,\"height\":534,\"caption\":\"BecoolTravel. com- Portugal\"},\"image\":{\"@id\":\"https:\\\/\\\/becooltravel.com\\\/#\\\/schema\\\/logo\\\/image\\\/\"},\"sameAs\":[\"https:\\\/\\\/www.facebook.com\\\/becooltravelagency\\\/\",\"https:\\\/\\\/x.com\\\/becool_travel\",\"https:\\\/\\\/www.instagram.com\\\/becooltravel_com\\\/\",\"https:\\\/\\\/www.linkedin.com\\\/company\\\/becool-travel\\\/\",\"https:\\\/\\\/www.youtube.com\\\/channel\\\/UCE7zRU3EVG1PgfXwQo-5uJw\"]}]}<\/script>\n<!-- \/ Yoast SEO Premium plugin. -->","yoast_head_json":{"title":"Algarve golfferie i et naturreservat med lejebil","description":"Passet til alle slags spillere, vil denne Algarve-ferie give dig den mest fantastiske oplevelse p\u00e5 grund af dens utrolige beliggenheder.","robots":{"index":"index","follow":"follow","max-snippet":"max-snippet:-1","max-image-preview":"max-image-preview:large","max-video-preview":"max-video-preview:-1"},"canonical":"https:\/\/becooltravel.com\/da\/product\/golf-holidays-in\u2026w-rent-car-4100g\/\u200e\/","og_locale":"da_DK","og_type":"article","og_title":"Golf Holidays in a Natural Reserve W\/ Rent Car","og_description":"Fitted for all sort of players, this Algarve Holidays will give you the most amazing experience due to its incredible locations.You will be able to enjoy not just the beautiful beaches nearby, but to connect with nature with a splendid view over the mountains.","og_url":"https:\/\/becooltravel.com\/da\/product\/golf-holidays-in\u2026w-rent-car-4100g\/\u200e\/","og_site_name":"BeCool Travel","article_publisher":"https:\/\/www.facebook.com\/becooltravelagency\/","article_modified_time":"2026-03-18T13:01:09+00:00","og_image":[{"width":1152,"height":768,"url":"https:\/\/becooltravel.com\/wp-content\/uploads\/sites\/5\/2020\/05\/golf-1.jpg","type":"image\/jpeg"}],"twitter_card":"summary_large_image","twitter_title":"Golf Holidays in a Natural Reserve W\/ Rent Car","twitter_description":"Fitted for all sort of players, this Algarve Holidays will give you the most amazing experience due to its incredible locations.You will be able to enjoy not just the beautiful beaches nearby, but to connect with nature with a splendid view over the mountains.","twitter_image":"https:\/\/i0.wp.com\/becooltravel.com\/wp-content\/uploads\/sites\/5\/2020\/05\/golf-1.jpg?fit=1152%2C768&ssl=1","twitter_site":"@becool_travel","twitter_misc":{"Estimeret l\u00e6setid":"2 minutter"},"schema":{"@context":"https:\/\/schema.org","@graph":[{"@type":"WebPage","@id":"https:\/\/becooltravel.com\/product\/golf-holidays-in-a-natural-reserve-w-rent-car-4100g\/","url":"https:\/\/becooltravel.com\/product\/golf-holidays-in%e2%80%a6w-rent-car-4100g\/%e2%80%8e","name":"Algarve golfferie i et naturreservat med lejebil","isPartOf":{"@id":"https:\/\/becooltravel.com\/#website"},"primaryImageOfPage":{"@id":"https:\/\/becooltravel.com\/product\/golf-holidays-in%e2%80%a6w-rent-car-4100g\/%e2%80%8e#primaryimage"},"image":{"@id":"https:\/\/becooltravel.com\/product\/golf-holidays-in%e2%80%a6w-rent-car-4100g\/%e2%80%8e#primaryimage"},"thumbnailUrl":"https:\/\/i0.wp.com\/becooltravel.com\/wp-content\/uploads\/sites\/5\/2020\/05\/golf.jpg?fit=1152%2C768&ssl=1","datePublished":"2020-08-10T09:57:46+00:00","dateModified":"2026-03-18T13:01:09+00:00","description":"Passet til alle slags spillere, vil denne Algarve-ferie give dig den mest fantastiske oplevelse p\u00e5 grund af dens utrolige beliggenheder.","breadcrumb":{"@id":"https:\/\/becooltravel.com\/product\/golf-holidays-in%e2%80%a6w-rent-car-4100g\/%e2%80%8e#breadcrumb"},"inLanguage":"da-DK","potentialAction":[{"@type":"ReadAction","target":["https:\/\/becooltravel.com\/product\/golf-holidays-in%e2%80%a6w-rent-car-4100g\/%e2%80%8e"]}]},{"@type":"ImageObject","inLanguage":"da-DK","@id":"https:\/\/becooltravel.com\/product\/golf-holidays-in%e2%80%a6w-rent-car-4100g\/%e2%80%8e#primaryimage","url":"https:\/\/i0.wp.com\/becooltravel.com\/wp-content\/uploads\/sites\/5\/2020\/05\/golf.jpg?fit=1152%2C768&ssl=1","contentUrl":"https:\/\/i0.wp.com\/becooltravel.com\/wp-content\/uploads\/sites\/5\/2020\/05\/golf.jpg?fit=1152%2C768&ssl=1","width":1152,"height":768,"caption":"Guided Golf Holidays"},{"@type":"BreadcrumbList","@id":"https:\/\/becooltravel.com\/product\/golf-holidays-in%e2%80%a6w-rent-car-4100g\/%e2%80%8e#breadcrumb","itemListElement":[{"@type":"ListItem","position":1,"name":"Home","item":"https:\/\/becooltravel.com\/"},{"@type":"ListItem","position":2,"name":"Shop","item":"https:\/\/becooltravel.com\/?page_id=5"},{"@type":"ListItem","position":3,"name":"18 holes","item":"https:\/\/becooltravel.com\/product-tag\/18-holes\/"},{"@type":"ListItem","position":4,"name":"Algarve Golf Holidays will give you the most amazing experience due to its incredible locations. You will be able to enjoy not just the beautiful beaches nearby, but to connect with nature with a splendid view over the mountains."}]},{"@type":"WebSite","@id":"https:\/\/becooltravel.com\/#website","url":"https:\/\/becooltravel.com\/","name":"BeCool rejse","description":"B\u00e6redygtig ferie i Portugal for uafh\u00e6ngige rejsende","publisher":{"@id":"https:\/\/becooltravel.com\/#organization"},"potentialAction":[{"@type":"SearchAction","target":{"@type":"EntryPoint","urlTemplate":"https:\/\/becooltravel.com\/?s={search_term_string}"},"query-input":{"@type":"PropertyValueSpecification","valueRequired":true,"valueName":"search_term_string"}}],"inLanguage":"da-DK"},{"@type":"Organization","@id":"https:\/\/becooltravel.com\/#organization","name":"BecoolTravel. com- Portugal","url":"https:\/\/becooltravel.com\/","logo":{"@type":"ImageObject","inLanguage":"da-DK","@id":"https:\/\/becooltravel.com\/#\/schema\/logo\/image\/","url":"https:\/\/becooltravel.com\/wp-content\/uploads\/sites\/5\/2020\/03\/Logo_BeCool.jpg","contentUrl":"https:\/\/becooltravel.com\/wp-content\/uploads\/sites\/5\/2020\/03\/Logo_BeCool.jpg","width":534,"height":534,"caption":"BecoolTravel. com- Portugal"},"image":{"@id":"https:\/\/becooltravel.com\/#\/schema\/logo\/image\/"},"sameAs":["https:\/\/www.facebook.com\/becooltravelagency\/","https:\/\/x.com\/becool_travel","https:\/\/www.instagram.com\/becooltravel_com\/","https:\/\/www.linkedin.com\/company\/becool-travel\/","https:\/\/www.youtube.com\/channel\/UCE7zRU3EVG1PgfXwQo-5uJw"]}]}},"jetpack_sharing_enabled":true,"_links":{"self":[{"href":"https:\/\/becooltravel.com\/da\/wp-json\/wp\/v2\/product\/5651","targetHints":{"allow":["GET"]}}],"collection":[{"href":"https:\/\/becooltravel.com\/da\/wp-json\/wp\/v2\/product"}],"about":[{"href":"https:\/\/becooltravel.com\/da\/wp-json\/wp\/v2\/types\/product"}],"replies":[{"embeddable":true,"href":"https:\/\/becooltravel.com\/da\/wp-json\/wp\/v2\/comments?post=5651"}],"wp:featuredmedia":[{"embeddable":true,"href":"https:\/\/becooltravel.com\/da\/wp-json\/wp\/v2\/media\/4577"}],"wp:attachment":[{"href":"https:\/\/becooltravel.com\/da\/wp-json\/wp\/v2\/media?parent=5651"}],"wp:term":[{"taxonomy":"product_brand","embeddable":true,"href":"https:\/\/becooltravel.com\/da\/wp-json\/wp\/v2\/product_brand?post=5651"},{"taxonomy":"product_cat","embeddable":true,"href":"https:\/\/becooltravel.com\/da\/wp-json\/wp\/v2\/product_cat?post=5651"},{"taxonomy":"product_tag","embeddable":true,"href":"https:\/\/becooltravel.com\/da\/wp-json\/wp\/v2\/product_tag?post=5651"}],"curies":[{"name":"wp","href":"https:\/\/api.w.org\/{rel}","templated":true}]}}