{"id":7644,"date":"2024-12-10T15:43:53","date_gmt":"2024-12-10T15:43:53","guid":{"rendered":"https:\/\/becooltravel.com\/product\/walking-in-the-vicentina-route-12301go\/"},"modified":"2025-03-03T15:14:48","modified_gmt":"2025-03-03T15:14:48","slug":"walking-in-the-vicentina-route-12301go","status":"publish","type":"product","link":"https:\/\/becooltravel.com\/da\/vare\/walking-in-the-vicentina-route-12301go\/","title":{"rendered":"Vandreferie i Vicentina-ruten"},"content":{"rendered":"<p><strong>Grupper accepteret med mindst 6 personer.<\/strong><\/p>\n<p>&nbsp;<\/p>\n<p>Rota Vicentina-ruten er delt mellem Fishermen&#039;s Trail og Historic Route. Fiskerstien f\u00f8lger kystlinjen, der giver adgang til skjulte strande og hemmelige fiskepladser. N\u00e5r vi ser n\u00e6rmere efter, kan vi skimte den lokale fisker, der risikerer deres liv, st\u00e5ende i klipperne for at fange de vilde og undvigende fiskearter og de sarte g\u00e5sebramer.<\/p>\n<p>Den Historiske Rute bringer os ind i landet, langs det pastorale landskab og landbrugsterr\u00e6ner, der forbinder de sm\u00e5 husklynger spredt i dette enorme omr\u00e5de. Det er almindeligt at finde hyrder og deres flokke af geder eller f\u00e5r, der flytter fra mark til mark. Her er de lokale vant til at g\u00e5 langs de rolige veje, bes\u00f8ge deres frugtplantager, snakke med deres naboer eller bare holde livet i gang!<\/p>\n<p>Begge stier er en givende m\u00e5de at se det virkelige p\u00e5 <a href=\"..\/..\/product-tag\/alentejo\/\">Alentejo<\/a> og <a href=\"..\/..\/product-tag\/algarve\/\">Algarve<\/a> regioner i Portugal og g\u00e5 p\u00e5 uforglemmelige ruter fulde af tradition. Vores unikt designede &quot;fravalgssystem&quot; giver dig mulighed for at g\u00e5 hele turen eller bare dele af den, s\u00e5 du kan bruge mere tid p\u00e5 sightseeing, hvis du foretr\u00e6kker det!<\/p>\n<p>Vi starter vores <a href=\"..\/..\/product-category\/guided-group-tours\/guided-walking-holidays-in-portugal\/\">g\u00e5<\/a> uge i Porto Covo, en lille<a href=\"..\/..\/product-tag\/fishing-village\/\"> fiskeri<\/a> landsby, der er en favorit for portugiserne. Det bl\u00e5 gennemsigtige vand, de farverige huse og den behagelige firkant tegner et romantisk billede af sangene i radioen.<\/p>\n<div id=\"attachment_2859\" style=\"width: 1034px\" class=\"wp-caption alignnone\"><img data-recalc-dims=\"1\" decoding=\"async\" aria-describedby=\"caption-attachment-2859\" class=\"wp-image-2859 size-full\" title=\"Rota Vicentina-gruppe g\u00e5r i den historiske rute\" src=\"https:\/\/i0.wp.com\/legendatours.net\/wp-content\/uploads\/2020\/07\/Hike_countryside_vicentina.jpg?resize=1024%2C768&#038;ssl=1\" alt=\"Rota Vicentina-gruppe g\u00e5r i den historiske rute\" width=\"1024\" height=\"768\" \/><p id=\"caption-attachment-2859\" class=\"wp-caption-text\"><a href=\"\/..\/?s=Rota+Vicentina\" target=\"_blank\" rel=\"noopener\">Rota Vicentina<\/a> gruppe g\u00e5r i den historiske rute<\/p><\/div>\n<p>Ikke langt herfra er Vila Nova de Milfontes vores hjem i nogle af dagene. St\u00e5ende h\u00f8j og uds\u00f8gt p\u00e5 den nordlige kant af Mira-floden, er dette regionen med store strande, dramatiske kystlinjer og uspoleret landligt landskab.<\/p>\n<p>I Odemira, hvor de frodige gr\u00f8nne dale er, former vandl\u00f8bene landskabet. Duftene er forskellige, blomsterne har levende farver og udsigten over bakkerne er betagende.<\/p>\n<div id=\"attachment_3917\" style=\"width: 1033px\" class=\"wp-caption alignnone\"><img data-recalc-dims=\"1\" decoding=\"async\" aria-describedby=\"caption-attachment-3917\" class=\"wp-image-3917 size-full\" title=\"Arrifana - Et af de smukkeste og bedst bevarede kystomr\u00e5der i Europa\" src=\"https:\/\/i0.wp.com\/legendatours.net\/wp-content\/uploads\/2020\/12\/arrifana.jpg?resize=1023%2C768&#038;ssl=1\" alt=\"Arrifana - Et af de smukkeste og bedst bevarede kystomr\u00e5der i Europa\" width=\"1023\" height=\"768\" \/><p id=\"caption-attachment-3917\" class=\"wp-caption-text\">Arrifana - Et af de smukkeste og bedst bevarede kystomr\u00e5der i Europa<\/p><\/div>\n<p>Unikke steder form denne uge. I sm\u00e5 landsbyer som Carrapateira og Arrifana er Atlanterhavet konge. Fra havet kommer liv, surf, g\u00e5sebugler, s\u00e6sonbestemte \u00e6ndringer og rolige havbrise.<\/p>\n<p>Og da vi n\u00e5r slutningen af <a href=\"..\/..\/product-tag\/costa-vicentina\/\">Vicentina<\/a> Rute, og vi kigger ud over klipperne i S\u00e3o Vicente og havets storhed foran os, vi forst\u00e5r, hvorfor dette er et af de smukkeste steder p\u00e5 Portugals sydvestlige kyst.<\/p>\n<div class=\"row\">\n<div class=\"column\" style=\"flex: 45%\">\n<p><iframe title=\"To trin til frihed - Rota Vicentina - engelsk version\" width=\"1080\" height=\"608\" src=\"https:\/\/www.youtube.com\/embed\/378VE1BxOrs?list=PLXuQK_E-D9ms4xzwNQLaux8GjS_169PbF\" frameborder=\"0\" allow=\"accelerometer; autoplay; clipboard-write; encrypted-media; gyroscope; picture-in-picture; web-share\" referrerpolicy=\"strict-origin-when-cross-origin\" allowfullscreen><\/iframe><\/p>\n<\/div>\n<div class=\"column\" style=\"flex: 10%\"><\/div>\n<div class=\"column\" style=\"flex: 45%\">\n<p><iframe title=\"Bliv forelsket i dette land \/\/ Amor a esta Terra - Rota Vicentina\" width=\"1080\" height=\"608\" src=\"https:\/\/www.youtube.com\/embed\/xnabsip_w88?list=PLXuQK_E-D9ms4xzwNQLaux8GjS_169PbF\" frameborder=\"0\" allow=\"accelerometer; autoplay; clipboard-write; encrypted-media; gyroscope; picture-in-picture; web-share\" referrerpolicy=\"strict-origin-when-cross-origin\" allowfullscreen><\/iframe><\/p>\n<\/div>\n<\/div>","protected":false},"excerpt":{"rendered":"<p>Walking in the Vincentina-ruten - Fra hav til land langs Portugals fantastiske sydvestkyst er en 8-dages vandretur, centreret i Vila Nova de Milfontes og Aljezur, midt p\u00e5 den sydvestlige Alentejo og Vicentine-kysten <a href=\"..\/..\/?s=Natural+Park\">Naturpark<\/a>.<\/p>\n<p>Omr\u00e5det betragtes som en af de fineste str\u00e6kninger af bevarede europ\u00e6iske kystlinjer, og er hjemsted for den ber\u00f8mte Rota Vicentina - en 340 km langdistancesti, der begynder i Santiago do Cac\u00e9m og slutter ved den engang kaldte kanten af den kendte verden - Kap St. Vincent.<\/p>","protected":false},"featured_media":6020,"comment_status":"closed","ping_status":"closed","template":"","meta":{"_acf_changed":false,"inline_featured_image":false},"product_brand":[],"product_cat":[343,340,342,344,355],"product_tag":[64,90,587,1269,296,661,203,837,164,741,187,255,838,204,149,839,559,579,929,1248,958,55,56,476,562,878,261,384,1270,478,133,73,788,789,930,843,1245,433,790,844,629,479,482,949,59,1236,60,158],"class_list":{"0":"post-7644","1":"product","2":"type-product","3":"status-publish","4":"has-post-thumbnail","6":"product_cat-cultural-tours-and-holidays-in-portugal","7":"product_cat-guided-group-tours","8":"product_cat-portugal-guided-historical-holidays","9":"product_cat-guided-sightseeing-holidays-portugal","10":"product_cat-guided-walking-holidays-in-portugal","11":"product_tag-alentejo-walking","12":"product_tag-algarve-gr13","13":"product_tag-amazing-walking","14":"product_tag-arrifana","15":"product_tag-beaches","16":"product_tag-beautiful-beaches","17":"product_tag-beautiful-landscapes","18":"product_tag-carrapateira","19":"product_tag-coastal-scenery","20":"product_tag-coastal-walks","21":"product_tag-coastal-way","22":"product_tag-cork-trees","23":"product_tag-costa-vicentina","24":"product_tag-cultural-heritage","25":"product_tag-dramatic-beauty-of-the-atlantic-coast","26":"product_tag-dramatic-cliffs","27":"product_tag-fabulous-walks-along-the-coast","28":"product_tag-green-landscape","29":"product_tag-green-valleys","30":"product_tag-guided-group-tour","31":"product_tag-guided-holidays","32":"product_tag-guided-walking-holidays","33":"product_tag-guided-walking-tours","34":"product_tag-inland-sceneries","35":"product_tag-inland-walks","36":"product_tag-landscape","37":"product_tag-local-gastronomy","38":"product_tag-magnificent-landscape","39":"product_tag-milfontes","40":"product_tag-natural-park","41":"product_tag-natural-reserves","42":"product_tag-natural-scenery","43":"product_tag-nature-holidays","44":"product_tag-nature-tour","45":"product_tag-nature-trails","46":"product_tag-odemira","47":"product_tag-offered-flexible-walking","48":"product_tag-parque-natural-de-costa-vicentina","49":"product_tag-picturesque-landscapes","50":"product_tag-porto-covo","51":"product_tag-portugals-biggest-natural-reserve","52":"product_tag-rota-vicentina","53":"product_tag-vicentina-coast","54":"product_tag-vicentina-route","55":"product_tag-walking","56":"product_tag-walking-along-quiet-paths","57":"product_tag-walking-holidays","58":"product_tag-walking-the-coast-line","60":"first","61":"instock","62":"virtual","63":"product-type-simple"},"acf":[],"yoast_head":"<!-- This site is optimized with the Yoast SEO Premium plugin v26.8 (Yoast SEO v27.4) - https:\/\/yoast.com\/product\/yoast-seo-premium-wordpress\/ -->\n<title>Walking Holidays in the Vicentina Route - BeCool Travel<\/title>\n<meta name=\"robots\" content=\"index, follow, max-snippet:-1, max-image-preview:large, max-video-preview:-1\" \/>\n<link rel=\"canonical\" href=\"https:\/\/becooltravel.com\/da\/vare\/walking-in-the-vicentina-route-12301go\/\" \/>\n<meta property=\"og:locale\" content=\"da_DK\" \/>\n<meta property=\"og:type\" content=\"article\" \/>\n<meta property=\"og:title\" content=\"Walking Holidays in the Vicentina Route\" \/>\n<meta property=\"og:description\" content=\"The Walking in the Vincentina route - From sea to land along the stunning South West Coast of Portugal is an 8-day walking tour, centred in Vila Nova de Milfontes and Aljezur, in the middle of the Southwest Alentejo and Vicentine Coast Natural Park.  Considered one of the finest stretches of preserved European coastlines, the area is home to the famous Rota Vicentina - a 340km long-distance path that begins in Santiago do Cac\u00e9m and finishes at the once called the edge of the known world - the Cape of St. Vincent.\" \/>\n<meta property=\"og:url\" content=\"https:\/\/becooltravel.com\/da\/vare\/walking-in-the-vicentina-route-12301go\/\" \/>\n<meta property=\"og:site_name\" content=\"BeCool Travel\" \/>\n<meta property=\"article:publisher\" content=\"https:\/\/www.facebook.com\/becooltravelagency\/\" \/>\n<meta property=\"article:modified_time\" content=\"2025-03-03T15:14:48+00:00\" \/>\n<meta property=\"og:image\" content=\"https:\/\/i0.wp.com\/becooltravel.com\/wp-content\/uploads\/sites\/5\/2020\/12\/costa_vicentina.jpg?fit=1151%2C768&ssl=1\" \/>\n\t<meta property=\"og:image:width\" content=\"1151\" \/>\n\t<meta property=\"og:image:height\" content=\"768\" \/>\n\t<meta property=\"og:image:type\" content=\"image\/jpeg\" \/>\n<meta name=\"twitter:card\" content=\"summary_large_image\" \/>\n<meta name=\"twitter:site\" content=\"@becool_travel\" \/>\n<meta name=\"twitter:label1\" content=\"Estimeret l\u00e6setid\" \/>\n\t<meta name=\"twitter:data1\" content=\"2 minutter\" \/>\n<script type=\"application\/ld+json\" class=\"yoast-schema-graph\">{\"@context\":\"https:\\\/\\\/schema.org\",\"@graph\":[{\"@type\":\"WebPage\",\"@id\":\"https:\\\/\\\/becooltravel.com\\\/product\\\/walking-in-the-vicentina-route-12301go\\\/\",\"url\":\"https:\\\/\\\/becooltravel.com\\\/product\\\/walking-in-the-vicentina-route-12301go\\\/\",\"name\":\"Walking Holidays in the Vicentina Route - BeCool Travel\",\"isPartOf\":{\"@id\":\"https:\\\/\\\/becooltravel.com\\\/#website\"},\"primaryImageOfPage\":{\"@id\":\"https:\\\/\\\/becooltravel.com\\\/product\\\/walking-in-the-vicentina-route-12301go\\\/#primaryimage\"},\"image\":{\"@id\":\"https:\\\/\\\/becooltravel.com\\\/product\\\/walking-in-the-vicentina-route-12301go\\\/#primaryimage\"},\"thumbnailUrl\":\"https:\\\/\\\/i0.wp.com\\\/becooltravel.com\\\/wp-content\\\/uploads\\\/sites\\\/5\\\/2020\\\/12\\\/costa_vicentina.jpg?fit=1151%2C768&ssl=1\",\"datePublished\":\"2024-12-10T15:43:53+00:00\",\"dateModified\":\"2025-03-03T15:14:48+00:00\",\"breadcrumb\":{\"@id\":\"https:\\\/\\\/becooltravel.com\\\/product\\\/walking-in-the-vicentina-route-12301go\\\/#breadcrumb\"},\"inLanguage\":\"da-DK\",\"potentialAction\":[{\"@type\":\"ReadAction\",\"target\":[\"https:\\\/\\\/becooltravel.com\\\/product\\\/walking-in-the-vicentina-route-12301go\\\/\"]}]},{\"@type\":\"ImageObject\",\"inLanguage\":\"da-DK\",\"@id\":\"https:\\\/\\\/becooltravel.com\\\/product\\\/walking-in-the-vicentina-route-12301go\\\/#primaryimage\",\"url\":\"https:\\\/\\\/i0.wp.com\\\/becooltravel.com\\\/wp-content\\\/uploads\\\/sites\\\/5\\\/2020\\\/12\\\/costa_vicentina.jpg?fit=1151%2C768&ssl=1\",\"contentUrl\":\"https:\\\/\\\/i0.wp.com\\\/becooltravel.com\\\/wp-content\\\/uploads\\\/sites\\\/5\\\/2020\\\/12\\\/costa_vicentina.jpg?fit=1151%2C768&ssl=1\",\"width\":1151,\"height\":768,\"caption\":\"Vicentine coast\"},{\"@type\":\"BreadcrumbList\",\"@id\":\"https:\\\/\\\/becooltravel.com\\\/product\\\/walking-in-the-vicentina-route-12301go\\\/#breadcrumb\",\"itemListElement\":[{\"@type\":\"ListItem\",\"position\":1,\"name\":\"Home\",\"item\":\"https:\\\/\\\/becooltravel.com\\\/\"},{\"@type\":\"ListItem\",\"position\":2,\"name\":\"Shop\",\"item\":\"https:\\\/\\\/becooltravel.com\\\/?page_id=5\"},{\"@type\":\"ListItem\",\"position\":3,\"name\":\"Alentejo walking tours and holidays in Portugal.\",\"item\":\"https:\\\/\\\/becooltravel.com\\\/product-tag\\\/alentejo-walking\\\/\"},{\"@type\":\"ListItem\",\"position\":4,\"name\":\"Walking Holidays in the Vicentina Route\"}]},{\"@type\":\"WebSite\",\"@id\":\"https:\\\/\\\/becooltravel.com\\\/#website\",\"url\":\"https:\\\/\\\/becooltravel.com\\\/\",\"name\":\"BeCool Travel\",\"description\":\"Sustainable holidays in Portugal for independent travelers\",\"publisher\":{\"@id\":\"https:\\\/\\\/becooltravel.com\\\/#organization\"},\"potentialAction\":[{\"@type\":\"SearchAction\",\"target\":{\"@type\":\"EntryPoint\",\"urlTemplate\":\"https:\\\/\\\/becooltravel.com\\\/?s={search_term_string}\"},\"query-input\":{\"@type\":\"PropertyValueSpecification\",\"valueRequired\":true,\"valueName\":\"search_term_string\"}}],\"inLanguage\":\"da-DK\"},{\"@type\":\"Organization\",\"@id\":\"https:\\\/\\\/becooltravel.com\\\/#organization\",\"name\":\"BecoolTravel. com- Portugal\",\"url\":\"https:\\\/\\\/becooltravel.com\\\/\",\"logo\":{\"@type\":\"ImageObject\",\"inLanguage\":\"da-DK\",\"@id\":\"https:\\\/\\\/becooltravel.com\\\/#\\\/schema\\\/logo\\\/image\\\/\",\"url\":\"https:\\\/\\\/becooltravel.com\\\/wp-content\\\/uploads\\\/sites\\\/5\\\/2020\\\/03\\\/Logo_BeCool.jpg\",\"contentUrl\":\"https:\\\/\\\/becooltravel.com\\\/wp-content\\\/uploads\\\/sites\\\/5\\\/2020\\\/03\\\/Logo_BeCool.jpg\",\"width\":534,\"height\":534,\"caption\":\"BecoolTravel. com- Portugal\"},\"image\":{\"@id\":\"https:\\\/\\\/becooltravel.com\\\/#\\\/schema\\\/logo\\\/image\\\/\"},\"sameAs\":[\"https:\\\/\\\/www.facebook.com\\\/becooltravelagency\\\/\",\"https:\\\/\\\/x.com\\\/becool_travel\",\"https:\\\/\\\/www.instagram.com\\\/becooltravel_com\\\/\",\"https:\\\/\\\/www.linkedin.com\\\/company\\\/becool-travel\\\/\",\"https:\\\/\\\/www.youtube.com\\\/channel\\\/UCE7zRU3EVG1PgfXwQo-5uJw\"]}]}<\/script>\n<!-- \/ Yoast SEO Premium plugin. -->","yoast_head_json":{"title":"Vandreferier p\u00e5 Vicentina-ruten - BeCool Travel","robots":{"index":"index","follow":"follow","max-snippet":"max-snippet:-1","max-image-preview":"max-image-preview:large","max-video-preview":"max-video-preview:-1"},"canonical":"https:\/\/becooltravel.com\/da\/vare\/walking-in-the-vicentina-route-12301go\/","og_locale":"da_DK","og_type":"article","og_title":"Walking Holidays in the Vicentina Route","og_description":"The Walking in the Vincentina route - From sea to land along the stunning South West Coast of Portugal is an 8-day walking tour, centred in Vila Nova de Milfontes and Aljezur, in the middle of the Southwest Alentejo and Vicentine Coast Natural Park.  Considered one of the finest stretches of preserved European coastlines, the area is home to the famous Rota Vicentina - a 340km long-distance path that begins in Santiago do Cac\u00e9m and finishes at the once called the edge of the known world - the Cape of St. Vincent.","og_url":"https:\/\/becooltravel.com\/da\/vare\/walking-in-the-vicentina-route-12301go\/","og_site_name":"BeCool Travel","article_publisher":"https:\/\/www.facebook.com\/becooltravelagency\/","article_modified_time":"2025-03-03T15:14:48+00:00","og_image":[{"width":1151,"height":768,"url":"https:\/\/i0.wp.com\/becooltravel.com\/wp-content\/uploads\/sites\/5\/2020\/12\/costa_vicentina.jpg?fit=1151%2C768&ssl=1","type":"image\/jpeg"}],"twitter_card":"summary_large_image","twitter_site":"@becool_travel","twitter_misc":{"Estimeret l\u00e6setid":"2 minutter"},"schema":{"@context":"https:\/\/schema.org","@graph":[{"@type":"WebPage","@id":"https:\/\/becooltravel.com\/product\/walking-in-the-vicentina-route-12301go\/","url":"https:\/\/becooltravel.com\/product\/walking-in-the-vicentina-route-12301go\/","name":"Vandreferier p\u00e5 Vicentina-ruten - BeCool Travel","isPartOf":{"@id":"https:\/\/becooltravel.com\/#website"},"primaryImageOfPage":{"@id":"https:\/\/becooltravel.com\/product\/walking-in-the-vicentina-route-12301go\/#primaryimage"},"image":{"@id":"https:\/\/becooltravel.com\/product\/walking-in-the-vicentina-route-12301go\/#primaryimage"},"thumbnailUrl":"https:\/\/i0.wp.com\/becooltravel.com\/wp-content\/uploads\/sites\/5\/2020\/12\/costa_vicentina.jpg?fit=1151%2C768&ssl=1","datePublished":"2024-12-10T15:43:53+00:00","dateModified":"2025-03-03T15:14:48+00:00","breadcrumb":{"@id":"https:\/\/becooltravel.com\/product\/walking-in-the-vicentina-route-12301go\/#breadcrumb"},"inLanguage":"da-DK","potentialAction":[{"@type":"ReadAction","target":["https:\/\/becooltravel.com\/product\/walking-in-the-vicentina-route-12301go\/"]}]},{"@type":"ImageObject","inLanguage":"da-DK","@id":"https:\/\/becooltravel.com\/product\/walking-in-the-vicentina-route-12301go\/#primaryimage","url":"https:\/\/i0.wp.com\/becooltravel.com\/wp-content\/uploads\/sites\/5\/2020\/12\/costa_vicentina.jpg?fit=1151%2C768&ssl=1","contentUrl":"https:\/\/i0.wp.com\/becooltravel.com\/wp-content\/uploads\/sites\/5\/2020\/12\/costa_vicentina.jpg?fit=1151%2C768&ssl=1","width":1151,"height":768,"caption":"Vicentine coast"},{"@type":"BreadcrumbList","@id":"https:\/\/becooltravel.com\/product\/walking-in-the-vicentina-route-12301go\/#breadcrumb","itemListElement":[{"@type":"ListItem","position":1,"name":"Home","item":"https:\/\/becooltravel.com\/"},{"@type":"ListItem","position":2,"name":"Shop","item":"https:\/\/becooltravel.com\/?page_id=5"},{"@type":"ListItem","position":3,"name":"Alentejo walking tours and holidays in Portugal.","item":"https:\/\/becooltravel.com\/product-tag\/alentejo-walking\/"},{"@type":"ListItem","position":4,"name":"Walking Holidays in the Vicentina Route"}]},{"@type":"WebSite","@id":"https:\/\/becooltravel.com\/#website","url":"https:\/\/becooltravel.com\/","name":"BeCool rejse","description":"B\u00e6redygtig ferie i Portugal for uafh\u00e6ngige rejsende","publisher":{"@id":"https:\/\/becooltravel.com\/#organization"},"potentialAction":[{"@type":"SearchAction","target":{"@type":"EntryPoint","urlTemplate":"https:\/\/becooltravel.com\/?s={search_term_string}"},"query-input":{"@type":"PropertyValueSpecification","valueRequired":true,"valueName":"search_term_string"}}],"inLanguage":"da-DK"},{"@type":"Organization","@id":"https:\/\/becooltravel.com\/#organization","name":"BecoolTravel. com- Portugal","url":"https:\/\/becooltravel.com\/","logo":{"@type":"ImageObject","inLanguage":"da-DK","@id":"https:\/\/becooltravel.com\/#\/schema\/logo\/image\/","url":"https:\/\/becooltravel.com\/wp-content\/uploads\/sites\/5\/2020\/03\/Logo_BeCool.jpg","contentUrl":"https:\/\/becooltravel.com\/wp-content\/uploads\/sites\/5\/2020\/03\/Logo_BeCool.jpg","width":534,"height":534,"caption":"BecoolTravel. com- Portugal"},"image":{"@id":"https:\/\/becooltravel.com\/#\/schema\/logo\/image\/"},"sameAs":["https:\/\/www.facebook.com\/becooltravelagency\/","https:\/\/x.com\/becool_travel","https:\/\/www.instagram.com\/becooltravel_com\/","https:\/\/www.linkedin.com\/company\/becool-travel\/","https:\/\/www.youtube.com\/channel\/UCE7zRU3EVG1PgfXwQo-5uJw"]}]}},"jetpack_sharing_enabled":true,"_links":{"self":[{"href":"https:\/\/becooltravel.com\/da\/wp-json\/wp\/v2\/product\/7644","targetHints":{"allow":["GET"]}}],"collection":[{"href":"https:\/\/becooltravel.com\/da\/wp-json\/wp\/v2\/product"}],"about":[{"href":"https:\/\/becooltravel.com\/da\/wp-json\/wp\/v2\/types\/product"}],"replies":[{"embeddable":true,"href":"https:\/\/becooltravel.com\/da\/wp-json\/wp\/v2\/comments?post=7644"}],"wp:featuredmedia":[{"embeddable":true,"href":"https:\/\/becooltravel.com\/da\/wp-json\/wp\/v2\/media\/6020"}],"wp:attachment":[{"href":"https:\/\/becooltravel.com\/da\/wp-json\/wp\/v2\/media?parent=7644"}],"wp:term":[{"taxonomy":"product_brand","embeddable":true,"href":"https:\/\/becooltravel.com\/da\/wp-json\/wp\/v2\/product_brand?post=7644"},{"taxonomy":"product_cat","embeddable":true,"href":"https:\/\/becooltravel.com\/da\/wp-json\/wp\/v2\/product_cat?post=7644"},{"taxonomy":"product_tag","embeddable":true,"href":"https:\/\/becooltravel.com\/da\/wp-json\/wp\/v2\/product_tag?post=7644"}],"curies":[{"name":"wp","href":"https:\/\/api.w.org\/{rel}","templated":true}]}}