{"id":7830,"date":"2020-03-06T13:13:14","date_gmt":"2020-03-06T13:13:14","guid":{"rendered":"https:\/\/becooltravel.com\/product\/tavira-the-venice-of-algarve-1200s\/"},"modified":"2025-03-03T16:16:49","modified_gmt":"2025-03-03T16:16:49","slug":"tavira-the-venice-of-algarve-1200s","status":"publish","type":"product","link":"https:\/\/becooltravel.com\/da\/vare\/tavira-venedig-af-algarve-1200erne\/","title":{"rendered":"Vandreferie i Tavira, Venedig i Algarve"},"content":{"rendered":"<p>Algarve er s\u00e5 meget mere end solen og havet. I den lidet bes\u00f8gte \u00d8stalgarve ser det ud til, at tiden har st\u00e5et stille, og du vil m\u00e6rke, hvor godt det er at s\u00e6tte farten ned og leve det gode liv med denne omhyggeligt udformede Self-Guided Walking Holiday.<\/p>\n<p>Hver dags g\u00e5tur fremh\u00e6ver det kontrasterende landskab og dyrelivet i regionen. Denne tur blev sammensat til gl\u00e6de for dem, der har en s\u00e6rlig interesse i vandring og natur.<\/p>\n<div id=\"attachment_1776\" style=\"width: 1034px\" class=\"wp-caption alignnone\"><img data-recalc-dims=\"1\" decoding=\"async\" aria-describedby=\"caption-attachment-1776\" class=\"wp-image-1776 size-large\" src=\"https:\/\/i0.wp.com\/legendatours.net\/wp-content\/uploads\/2020\/03\/Anchor-cemetery-in-Barril-Beach-1024x687.jpg?resize=1024%2C687&#038;ssl=1\" alt=\"Ankerkirkeg\u00e5rd i Barril Beach Tavira\" width=\"1024\" height=\"687\" \/><p id=\"caption-attachment-1776\" class=\"wp-caption-text\">Ankerkirkeg\u00e5rd i Barril Beach Tavira, et symbolsk mindesm\u00e6rke for den t\u00e6tte udryddelse af almindelig tun i Algarve<\/p><\/div>\n<p>Tavira, som er udgangspunktet for vores vandreferie, er en dejlig og malerisk gammel-portugisisk charme med over 30 kirker, brostensbelagte gader og balkoner med bougainvillaea. Dens slot i den historiske gamle bydel, kirkerne og de typiske huse giver kulturel interesse og s\u00e6rlig karisma. Floden Gil\u00e3o, med en hverdagsfiskers flodbredde, l\u00f8ber til de azurbl\u00e5 laguner i Ria Formosa Natural Park.<\/p>\n<p>Formentlig Algarves mest charmerende by, i Tavira overfylder fiskerb\u00e5dene floden Gil\u00e3o, og der kan ses lag af historie, fra f\u00f8nikiske udgravninger gennem islamisk dekorerede d\u00f8r\u00e5bninger til ren\u00e6ssance og barok blomstrer. Fra volden p\u00e5 det \u00f8delagte slot ser du ned over b\u00f8lger af trekantede &quot;h\u00e6vede&quot; tage, spidser af blonderhvide skorstenspotter og de yndefulde kupler og t\u00e5rne i byens 33 kirker.<\/p>\n<p>Fra Tavira forberedte vi et s\u00e6t vandreture for at vise dig omr\u00e5dets utrolige sk\u00f8nhed, kyst- og indre natur samt mennesker og deres m\u00e5der at leve p\u00e5.<\/p>\n<div id=\"attachment_1780\" style=\"width: 1034px\" class=\"wp-caption alignnone\"><img data-recalc-dims=\"1\" decoding=\"async\" aria-describedby=\"caption-attachment-1780\" class=\"wp-image-1780 size-large\" title=\"Farverige typiske huse i Tavira, en fredelig kystby p\u00e5 den \u00f8stlige Algarve.\" src=\"https:\/\/i0.wp.com\/legendatours.net\/wp-content\/uploads\/2020\/03\/Colorful-tipical-houses-in-Tavira-1024x768.jpg?resize=1024%2C768&#038;ssl=1\" alt=\"Farverige typiske huse i Tavira, en fredelig kystby p\u00e5 den \u00f8stlige Algarve.\" width=\"1024\" height=\"768\" \/><p id=\"caption-attachment-1780\" class=\"wp-caption-text\">Farverige typiske huse i Tavira, en fredelig kystby p\u00e5 den \u00f8stlige Algarve.<\/p><\/div>\n<p>Det \u00f8stlige Algarves landskab viser et roligt landskab med hvidkalkede landsbyer og lunde af kork- og oliventr\u00e6er. De selvstyrede vandreture ind i landet bugter sig gennem charmerende gr\u00f8nne dale, med fuglesang som lydspor. Du vil se f\u00e5 mennesker og finde ro. Citron- og appelsinplantager, mandeltr\u00e6er, olivenlunde og s\u00f8vnige landsbyer... Hver tur er fuld af farver, planter, dyreliv og historie, og alle er forskellige med unikke sev\u00e6rdigheder.<\/p>\n<p>Ria Formosa Naturpark d\u00e6kker 18.000 hektar. Det er et system af laguner og \u00f8er og omslutter et stort omr\u00e5de med moser, saltpander, \u00e5er og klit\u00f8er. Barriere\u00f8erne er frontet af omfattende sandstrande og hyggelige typiske fiskerlandsbyer.<\/p>\n<p>Naturparken Ria Formosa er et vigtigt omr\u00e5de for vandrende og indlejrende fugle. Ture p\u00e5 dette selvstyrede program f\u00f8rer dig til parken, hvor der er et stort udvalg af vadefugle og mange andre arter. Flamingoer bugner og er en fest for \u00f8jnene.<\/p>\n<p>I den \u00f8stlige Algarve er vejret godt, folk er venlige og im\u00f8dekommende, naturen lokker, maden og vinene er velsmagende, og dette program med vandreture er designet til at give dig det bedste af, hvad denne region har at tilbyde, baseret p\u00e5 charmerende by Tavira. Du vil se et Portugal, du aldrig havde forestillet dig eksisterede, og som du aldrig vil glemme!<\/p>\n<p>Vores selvstyrede vandreferie er grundigt designet og inkluderer alle de oplysninger, du har brug for, fra detaljerede kort og ruteanvisninger til en 24-timers hotline. Indkvartering, lufthavnstransport og transport er inkluderet i vandreprogrammet.<\/p>\n<p>&nbsp;<\/p>\n<p>&nbsp;<\/p>\n<div class=\"row\">\n<div class=\"column\" style=\"flex: 45%\"><\/div>\n<div class=\"column\" style=\"flex: 10%\"><\/div>\n<div class=\"column\" style=\"flex: 45%\">\n<p><iframe title=\"Tavira v\u00eddeo promocional\" width=\"1080\" height=\"608\" src=\"https:\/\/www.youtube.com\/embed\/W01BbUS0VNI?feature=oembed\" frameborder=\"0\" allow=\"accelerometer; autoplay; clipboard-write; encrypted-media; gyroscope; picture-in-picture; web-share\" referrerpolicy=\"strict-origin-when-cross-origin\" allowfullscreen><\/iframe><\/p>\n<\/div>\n<\/div>","protected":false},"excerpt":{"rendered":"<p>Walk-in Tavira: Algarves Venedig er en selvguidet vandreferie med base i Tavira i den \u00f8stlige Algarve. Specielt designet til at udforske Algarves landskab og de naturlige vidundere i Ria Formosa Natural Park, denne vandretur er en forn\u00f8jelse for dem, der elsker naturens kystvandringer fyldt med dyreliv, men ogs\u00e5 vandreture i indlandet i oversete dele af Algarve, fredelige og rig p\u00e5 traditioner.<\/p>","protected":false},"featured_media":4805,"comment_status":"closed","ping_status":"closed","template":"","meta":{"_acf_changed":false,"inline_featured_image":false},"product_brand":[],"product_cat":[327,338],"product_tag":[311,1053,244,131,54,590,1060,1054,1061,1062,1063,1064,367,368,58,83,1065,1066,1067,1068,1069,181,591,1055,322,369,1056,1070,252,370,1057,1071,1072,1073,592,72,1058,1074,1059,371,60,549,61,184,100,372,271,373],"class_list":{"0":"post-7830","1":"product","2":"type-product","3":"status-publish","4":"has-post-thumbnail","6":"product_cat-self-guided-tours-portugal","7":"product_cat-self-guided-walking-holidays","8":"product_tag-algarve","9":"product_tag-alleine-reisen","10":"product_tag-coastal-algarve","11":"product_tag-east-algarve","12":"product_tag-europe","13":"product_tag-food-and-wines-are-tasty","14":"product_tag-individual-hiking","15":"product_tag-individuelle-touren","16":"product_tag-individuelle-trekkingreisen","17":"product_tag-individuelle-wandern","18":"product_tag-individuelle-wanderreisen","19":"product_tag-individuelle-wandertouren","20":"product_tag-olive-groves","21":"product_tag-orange","22":"product_tag-portugal","23":"product_tag-portugal-great-food-and-wine","24":"product_tag-rando-autoguidee","25":"product_tag-rando-liberte","26":"product_tag-randonnee-autoguidee","27":"product_tag-randonnee-en-liberte","28":"product_tag-randonnee-liberte","29":"product_tag-ria-formosa-natural-park","30":"product_tag-sandy-beaches","31":"product_tag-sejour-en-liberte","32":"product_tag-self-guided","33":"product_tag-self-guided-walks","34":"product_tag-solo-reisen","35":"product_tag-solo-wandern","36":"product_tag-tavira","37":"product_tag-the-algarve","38":"product_tag-tours-autoguidees","39":"product_tag-trek-en-liberte","40":"product_tag-trek-solo","41":"product_tag-trekking-solo","42":"product_tag-typical-fishing-villages","43":"product_tag-undisturbed-places-in-portugal","44":"product_tag-voyage-en-liberte","45":"product_tag-voyages-a-pied-en-liberte","46":"product_tag-voyages-en-autonomie","47":"product_tag-wading-birds","48":"product_tag-walking-holidays","49":"product_tag-walking-program","50":"product_tag-walking-tours","51":"product_tag-water-birds","52":"product_tag-western-europe","53":"product_tag-whitewashed-villages","54":"product_tag-wild-flowers","55":"product_tag-wildlife-and-history","57":"first","58":"instock","59":"virtual","60":"product-type-simple"},"acf":[],"yoast_head":"<!-- This site is optimized with the Yoast SEO Premium plugin v26.8 (Yoast SEO v27.5) - https:\/\/yoast.com\/product\/yoast-seo-premium-wordpress\/ -->\n<title>Walking Holidays in Tavira, the Venice of Algarve - BeCool Travel<\/title>\n<meta name=\"robots\" content=\"index, follow, max-snippet:-1, max-image-preview:large, max-video-preview:-1\" \/>\n<link rel=\"canonical\" href=\"https:\/\/becooltravel.com\/da\/vare\/tavira-venedig-af-algarve-1200erne\/\" \/>\n<meta property=\"og:locale\" content=\"da_DK\" \/>\n<meta property=\"og:type\" content=\"article\" \/>\n<meta property=\"og:title\" content=\"Walking Holidays in Tavira, the Venice of Algarve\" \/>\n<meta property=\"og:description\" content=\"Walk-in Tavira: the Venice of Algarve is a Self-guided Walking holiday based in Tavira, in the East Algarve. Specially designed to explore the Algarve&#039;s countryside and the natural wonders of the Ria Formosa Natural Park, this walking tour is a treat for those who love nature&#039;s coastal hikes full of wildlife, but also inland walks in overlooked parts of the Algarve, peaceful and rich in traditions.\" \/>\n<meta property=\"og:url\" content=\"https:\/\/becooltravel.com\/da\/vare\/tavira-venedig-af-algarve-1200erne\/\" \/>\n<meta property=\"og:site_name\" content=\"BeCool Travel\" \/>\n<meta property=\"article:publisher\" content=\"https:\/\/www.facebook.com\/becooltravelagency\/\" \/>\n<meta property=\"article:modified_time\" content=\"2025-03-03T16:16:49+00:00\" \/>\n<meta property=\"og:image\" content=\"https:\/\/i0.wp.com\/becooltravel.com\/wp-content\/uploads\/sites\/5\/2020\/05\/Walking_East_Algarve_Coast.jpg?fit=1196%2C800&ssl=1\" \/>\n\t<meta property=\"og:image:width\" content=\"1196\" \/>\n\t<meta property=\"og:image:height\" content=\"800\" \/>\n\t<meta property=\"og:image:type\" content=\"image\/jpeg\" \/>\n<meta name=\"twitter:card\" content=\"summary_large_image\" \/>\n<meta name=\"twitter:site\" content=\"@becool_travel\" \/>\n<meta name=\"twitter:label1\" content=\"Estimeret l\u00e6setid\" \/>\n\t<meta name=\"twitter:data1\" content=\"3 minutter\" \/>\n<script type=\"application\/ld+json\" class=\"yoast-schema-graph\">{\"@context\":\"https:\\\/\\\/schema.org\",\"@graph\":[{\"@type\":\"WebPage\",\"@id\":\"https:\\\/\\\/becooltravel.com\\\/product\\\/tavira-the-venice-of-algarve-1200s\\\/\",\"url\":\"https:\\\/\\\/becooltravel.com\\\/product\\\/tavira-the-venice-of-algarve-1200s\\\/\",\"name\":\"Walking Holidays in Tavira, the Venice of Algarve - BeCool Travel\",\"isPartOf\":{\"@id\":\"https:\\\/\\\/becooltravel.com\\\/#website\"},\"primaryImageOfPage\":{\"@id\":\"https:\\\/\\\/becooltravel.com\\\/product\\\/tavira-the-venice-of-algarve-1200s\\\/#primaryimage\"},\"image\":{\"@id\":\"https:\\\/\\\/becooltravel.com\\\/product\\\/tavira-the-venice-of-algarve-1200s\\\/#primaryimage\"},\"thumbnailUrl\":\"https:\\\/\\\/i0.wp.com\\\/becooltravel.com\\\/wp-content\\\/uploads\\\/sites\\\/5\\\/2020\\\/05\\\/Walking_East_Algarve_Coast.jpg?fit=1196%2C800&ssl=1\",\"datePublished\":\"2020-03-06T13:13:14+00:00\",\"dateModified\":\"2025-03-03T16:16:49+00:00\",\"breadcrumb\":{\"@id\":\"https:\\\/\\\/becooltravel.com\\\/product\\\/tavira-the-venice-of-algarve-1200s\\\/#breadcrumb\"},\"inLanguage\":\"da-DK\",\"potentialAction\":[{\"@type\":\"ReadAction\",\"target\":[\"https:\\\/\\\/becooltravel.com\\\/product\\\/tavira-the-venice-of-algarve-1200s\\\/\"]}]},{\"@type\":\"ImageObject\",\"inLanguage\":\"da-DK\",\"@id\":\"https:\\\/\\\/becooltravel.com\\\/product\\\/tavira-the-venice-of-algarve-1200s\\\/#primaryimage\",\"url\":\"https:\\\/\\\/i0.wp.com\\\/becooltravel.com\\\/wp-content\\\/uploads\\\/sites\\\/5\\\/2020\\\/05\\\/Walking_East_Algarve_Coast.jpg?fit=1196%2C800&ssl=1\",\"contentUrl\":\"https:\\\/\\\/i0.wp.com\\\/becooltravel.com\\\/wp-content\\\/uploads\\\/sites\\\/5\\\/2020\\\/05\\\/Walking_East_Algarve_Coast.jpg?fit=1196%2C800&ssl=1\",\"width\":1196,\"height\":800,\"caption\":\"Walking in the East Algarve Coast\"},{\"@type\":\"BreadcrumbList\",\"@id\":\"https:\\\/\\\/becooltravel.com\\\/product\\\/tavira-the-venice-of-algarve-1200s\\\/#breadcrumb\",\"itemListElement\":[{\"@type\":\"ListItem\",\"position\":1,\"name\":\"Home\",\"item\":\"https:\\\/\\\/becooltravel.com\\\/\"},{\"@type\":\"ListItem\",\"position\":2,\"name\":\"Shop\",\"item\":\"https:\\\/\\\/becooltravel.com\\\/?page_id=5\"},{\"@type\":\"ListItem\",\"position\":3,\"name\":\"Algarve holidays . You can use\u00a0footpaths and walking\u00a0 trails\u00a0to get to know the region, such as the\u00a0Algarve Way\u00a0or the\u00a0Vicentine Route along one of the best preserved coastal stretches.\",\"item\":\"https:\\\/\\\/becooltravel.com\\\/product-tag\\\/algarve\\\/\"},{\"@type\":\"ListItem\",\"position\":4,\"name\":\"Walking Holidays in Tavira, the Venice of Algarve\"}]},{\"@type\":\"WebSite\",\"@id\":\"https:\\\/\\\/becooltravel.com\\\/#website\",\"url\":\"https:\\\/\\\/becooltravel.com\\\/\",\"name\":\"BeCool Travel\",\"description\":\"Sustainable holidays in Portugal for independent travelers\",\"publisher\":{\"@id\":\"https:\\\/\\\/becooltravel.com\\\/#organization\"},\"potentialAction\":[{\"@type\":\"SearchAction\",\"target\":{\"@type\":\"EntryPoint\",\"urlTemplate\":\"https:\\\/\\\/becooltravel.com\\\/?s={search_term_string}\"},\"query-input\":{\"@type\":\"PropertyValueSpecification\",\"valueRequired\":true,\"valueName\":\"search_term_string\"}}],\"inLanguage\":\"da-DK\"},{\"@type\":\"Organization\",\"@id\":\"https:\\\/\\\/becooltravel.com\\\/#organization\",\"name\":\"BecoolTravel. com- Portugal\",\"url\":\"https:\\\/\\\/becooltravel.com\\\/\",\"logo\":{\"@type\":\"ImageObject\",\"inLanguage\":\"da-DK\",\"@id\":\"https:\\\/\\\/becooltravel.com\\\/#\\\/schema\\\/logo\\\/image\\\/\",\"url\":\"https:\\\/\\\/becooltravel.com\\\/wp-content\\\/uploads\\\/sites\\\/5\\\/2020\\\/03\\\/Logo_BeCool.jpg\",\"contentUrl\":\"https:\\\/\\\/becooltravel.com\\\/wp-content\\\/uploads\\\/sites\\\/5\\\/2020\\\/03\\\/Logo_BeCool.jpg\",\"width\":534,\"height\":534,\"caption\":\"BecoolTravel. com- Portugal\"},\"image\":{\"@id\":\"https:\\\/\\\/becooltravel.com\\\/#\\\/schema\\\/logo\\\/image\\\/\"},\"sameAs\":[\"https:\\\/\\\/www.facebook.com\\\/becooltravelagency\\\/\",\"https:\\\/\\\/x.com\\\/becool_travel\",\"https:\\\/\\\/www.instagram.com\\\/becooltravel_com\\\/\",\"https:\\\/\\\/www.linkedin.com\\\/company\\\/becool-travel\\\/\",\"https:\\\/\\\/www.youtube.com\\\/channel\\\/UCE7zRU3EVG1PgfXwQo-5uJw\"]}]}<\/script>\n<!-- \/ Yoast SEO Premium plugin. -->","yoast_head_json":{"title":"Vandreferie i Tavira, Venedig i Algarve - BeCool Travel","robots":{"index":"index","follow":"follow","max-snippet":"max-snippet:-1","max-image-preview":"max-image-preview:large","max-video-preview":"max-video-preview:-1"},"canonical":"https:\/\/becooltravel.com\/da\/vare\/tavira-venedig-af-algarve-1200erne\/","og_locale":"da_DK","og_type":"article","og_title":"Walking Holidays in Tavira, the Venice of Algarve","og_description":"Walk-in Tavira: the Venice of Algarve is a Self-guided Walking holiday based in Tavira, in the East Algarve. Specially designed to explore the Algarve's countryside and the natural wonders of the Ria Formosa Natural Park, this walking tour is a treat for those who love nature's coastal hikes full of wildlife, but also inland walks in overlooked parts of the Algarve, peaceful and rich in traditions.","og_url":"https:\/\/becooltravel.com\/da\/vare\/tavira-venedig-af-algarve-1200erne\/","og_site_name":"BeCool Travel","article_publisher":"https:\/\/www.facebook.com\/becooltravelagency\/","article_modified_time":"2025-03-03T16:16:49+00:00","og_image":[{"width":1196,"height":800,"url":"https:\/\/i0.wp.com\/becooltravel.com\/wp-content\/uploads\/sites\/5\/2020\/05\/Walking_East_Algarve_Coast.jpg?fit=1196%2C800&ssl=1","type":"image\/jpeg"}],"twitter_card":"summary_large_image","twitter_site":"@becool_travel","twitter_misc":{"Estimeret l\u00e6setid":"3 minutter"},"schema":{"@context":"https:\/\/schema.org","@graph":[{"@type":"WebPage","@id":"https:\/\/becooltravel.com\/product\/tavira-the-venice-of-algarve-1200s\/","url":"https:\/\/becooltravel.com\/product\/tavira-the-venice-of-algarve-1200s\/","name":"Vandreferie i Tavira, Venedig i Algarve - BeCool Travel","isPartOf":{"@id":"https:\/\/becooltravel.com\/#website"},"primaryImageOfPage":{"@id":"https:\/\/becooltravel.com\/product\/tavira-the-venice-of-algarve-1200s\/#primaryimage"},"image":{"@id":"https:\/\/becooltravel.com\/product\/tavira-the-venice-of-algarve-1200s\/#primaryimage"},"thumbnailUrl":"https:\/\/i0.wp.com\/becooltravel.com\/wp-content\/uploads\/sites\/5\/2020\/05\/Walking_East_Algarve_Coast.jpg?fit=1196%2C800&ssl=1","datePublished":"2020-03-06T13:13:14+00:00","dateModified":"2025-03-03T16:16:49+00:00","breadcrumb":{"@id":"https:\/\/becooltravel.com\/product\/tavira-the-venice-of-algarve-1200s\/#breadcrumb"},"inLanguage":"da-DK","potentialAction":[{"@type":"ReadAction","target":["https:\/\/becooltravel.com\/product\/tavira-the-venice-of-algarve-1200s\/"]}]},{"@type":"ImageObject","inLanguage":"da-DK","@id":"https:\/\/becooltravel.com\/product\/tavira-the-venice-of-algarve-1200s\/#primaryimage","url":"https:\/\/i0.wp.com\/becooltravel.com\/wp-content\/uploads\/sites\/5\/2020\/05\/Walking_East_Algarve_Coast.jpg?fit=1196%2C800&ssl=1","contentUrl":"https:\/\/i0.wp.com\/becooltravel.com\/wp-content\/uploads\/sites\/5\/2020\/05\/Walking_East_Algarve_Coast.jpg?fit=1196%2C800&ssl=1","width":1196,"height":800,"caption":"Walking in the East Algarve Coast"},{"@type":"BreadcrumbList","@id":"https:\/\/becooltravel.com\/product\/tavira-the-venice-of-algarve-1200s\/#breadcrumb","itemListElement":[{"@type":"ListItem","position":1,"name":"Home","item":"https:\/\/becooltravel.com\/"},{"@type":"ListItem","position":2,"name":"Shop","item":"https:\/\/becooltravel.com\/?page_id=5"},{"@type":"ListItem","position":3,"name":"Algarve holidays . You can use\u00a0footpaths and walking\u00a0 trails\u00a0to get to know the region, such as the\u00a0Algarve Way\u00a0or the\u00a0Vicentine Route along one of the best preserved coastal stretches.","item":"https:\/\/becooltravel.com\/product-tag\/algarve\/"},{"@type":"ListItem","position":4,"name":"Walking Holidays in Tavira, the Venice of Algarve"}]},{"@type":"WebSite","@id":"https:\/\/becooltravel.com\/#website","url":"https:\/\/becooltravel.com\/","name":"BeCool rejse","description":"B\u00e6redygtig ferie i Portugal for uafh\u00e6ngige rejsende","publisher":{"@id":"https:\/\/becooltravel.com\/#organization"},"potentialAction":[{"@type":"SearchAction","target":{"@type":"EntryPoint","urlTemplate":"https:\/\/becooltravel.com\/?s={search_term_string}"},"query-input":{"@type":"PropertyValueSpecification","valueRequired":true,"valueName":"search_term_string"}}],"inLanguage":"da-DK"},{"@type":"Organization","@id":"https:\/\/becooltravel.com\/#organization","name":"BecoolTravel. com- Portugal","url":"https:\/\/becooltravel.com\/","logo":{"@type":"ImageObject","inLanguage":"da-DK","@id":"https:\/\/becooltravel.com\/#\/schema\/logo\/image\/","url":"https:\/\/becooltravel.com\/wp-content\/uploads\/sites\/5\/2020\/03\/Logo_BeCool.jpg","contentUrl":"https:\/\/becooltravel.com\/wp-content\/uploads\/sites\/5\/2020\/03\/Logo_BeCool.jpg","width":534,"height":534,"caption":"BecoolTravel. com- Portugal"},"image":{"@id":"https:\/\/becooltravel.com\/#\/schema\/logo\/image\/"},"sameAs":["https:\/\/www.facebook.com\/becooltravelagency\/","https:\/\/x.com\/becool_travel","https:\/\/www.instagram.com\/becooltravel_com\/","https:\/\/www.linkedin.com\/company\/becool-travel\/","https:\/\/www.youtube.com\/channel\/UCE7zRU3EVG1PgfXwQo-5uJw"]}]}},"jetpack_sharing_enabled":true,"_links":{"self":[{"href":"https:\/\/becooltravel.com\/da\/wp-json\/wp\/v2\/product\/7830","targetHints":{"allow":["GET"]}}],"collection":[{"href":"https:\/\/becooltravel.com\/da\/wp-json\/wp\/v2\/product"}],"about":[{"href":"https:\/\/becooltravel.com\/da\/wp-json\/wp\/v2\/types\/product"}],"replies":[{"embeddable":true,"href":"https:\/\/becooltravel.com\/da\/wp-json\/wp\/v2\/comments?post=7830"}],"wp:featuredmedia":[{"embeddable":true,"href":"https:\/\/becooltravel.com\/da\/wp-json\/wp\/v2\/media\/4805"}],"wp:attachment":[{"href":"https:\/\/becooltravel.com\/da\/wp-json\/wp\/v2\/media?parent=7830"}],"wp:term":[{"taxonomy":"product_brand","embeddable":true,"href":"https:\/\/becooltravel.com\/da\/wp-json\/wp\/v2\/product_brand?post=7830"},{"taxonomy":"product_cat","embeddable":true,"href":"https:\/\/becooltravel.com\/da\/wp-json\/wp\/v2\/product_cat?post=7830"},{"taxonomy":"product_tag","embeddable":true,"href":"https:\/\/becooltravel.com\/da\/wp-json\/wp\/v2\/product_tag?post=7830"}],"curies":[{"name":"wp","href":"https:\/\/api.w.org\/{rel}","templated":true}]}}