{"id":7831,"date":"2020-03-06T15:05:19","date_gmt":"2020-03-06T15:05:19","guid":{"rendered":"https:\/\/becooltravel.com\/product\/ria-formosa-natural-park-a-birdwatchers-paradise-fly-drive-3301s\/"},"modified":"2020-03-06T15:05:19","modified_gmt":"2020-03-06T15:05:19","slug":"ria-formosa-natural-park-a-birdwatchers-paradise-fly-drive-3301s","status":"publish","type":"product","link":"https:\/\/becooltravel.com\/da\/vare\/ria-formosa-naturpark-a-birdwatchers-paradise-fly-drive-3301s\/","title":{"rendered":"Fuglekigning i Ria Formosa Natural Park: A Birdwatcher&#039;s Paradise"},"content":{"rendered":"<div data-contents=\"true\">\n<p>Ria Formosa Natural Park: A Birdwatcher&#039;s Paradise er en selvk\u00f8rende fugletur designet til at opdage de specielle og forskelligartede \u00f8kosystemer i denne region, et af de mest attraktive fuglekiggeri i Europa. Algarve er et ber\u00f8mt feriested, men er ogs\u00e5 et fantastisk sted for naturobservationer, der er hjemsted for hundredvis af endemiske fuglearter og en overvintrings- og fodringsstation for mange andre, som trives i sine rige v\u00e5domr\u00e5der, strandenge, saltpander og skove. .<\/p>\n<div id=\"attachment_1764\" style=\"width: 1034px\" class=\"wp-caption alignnone\"><img data-recalc-dims=\"1\" decoding=\"async\" aria-describedby=\"caption-attachment-1764\" class=\"wp-image-1764 size-large\" title=\"Naturpark Ria Formosa\" src=\"https:\/\/i0.wp.com\/legendatours.net\/wp-content\/uploads\/2020\/03\/natural_park_ria_formosa-1024x576.jpg?resize=1024%2C576&#038;ssl=1\" alt=\"Naturpark Ria Formosa Birding\" width=\"1024\" height=\"576\" \/><p id=\"caption-attachment-1764\" class=\"wp-caption-text\">Naturparken Ria Formosa, mangfoldighed af \u00f8kosystemer tiltr\u00e6kker et varieret udvalg af dyreliv, herunder mange fuglearter s\u00e5som den lilla sump, symbolet p\u00e5 naturparken.<\/p><\/div>\n<p>Baseret i det vigtigste v\u00e5domr\u00e5de i Algarve, Ria Formosa Natural Park, vil denne personlige tur ogs\u00e5 tage dig til Guadiana River Estuary og Castro Marim Naturreservat. Mere end en uges ferie er det en sand chance for at flygte fra den hektiske hverdag, mens du er omgivet af natur.<\/p>\n<p>Underst\u00f8ttet af detaljerede instruktioner og rutenoter finder du muligheder ikke kun for fuglekikkeri, men for natur- og fuglefotografering; maleri og illustration; videnskabelig unders\u00f8gelse; jagten p\u00e5 sj\u00e6ldenheder (tr\u00e6kninger) mv.<\/p>\n<p>Ria Formosa Natural Park d\u00e6kker et omr\u00e5de p\u00e5 omkring 16.000 hektar og best\u00e5r af kystlaguner, store omr\u00e5der med tidevandsflader, strandenge, saltpander og skove, der er omgivet af et b\u00e6lte af klit\u00f8er og halv\u00f8er. Det er af s\u00e6rlig betydning som overvintringsomr\u00e5de for mange fugle fra Nordeuropa og som raste- og f\u00f8destation for fugle, der tr\u00e6kker mellem Afrika og Europa. Omr\u00e5det er klassificeret under Ramsar-konventionen.<\/p>\n<div id=\"attachment_1761\" style=\"width: 1034px\" class=\"wp-caption alignnone\"><img data-recalc-dims=\"1\" decoding=\"async\" aria-describedby=\"caption-attachment-1761\" class=\"wp-image-1761 size-large\" title=\"Stor nakkedykker\" src=\"https:\/\/i0.wp.com\/legendatours.net\/wp-content\/uploads\/2020\/03\/Great-Crested-Grebe-1024x683.jpg?resize=1024%2C683&#038;ssl=1\" alt=\"Stor nakkedykker\" width=\"1024\" height=\"683\" \/><p id=\"caption-attachment-1761\" class=\"wp-caption-text\">Stor nakkedykker \u2013 Foto Peter Dedicoat<\/p><\/div>\n<p>Vinteren bringer overvintrende vadefugle, s\u00e5som \u00f8sterscatcher, Avocets, Dunlins og Little Stint, blandt andre. Vildfugle er ogs\u00e5 til stede i imponerende antal, og nogle af de mest almindelige arter er Pigeon, Sholever, Pintail og Pochard. Andre interessante fugle, der kan findes, er storflamingo, blank ibis, skestork, sortvinget glente, kaspisk terne, bl\u00e5hals og den sj\u00e6ldnere pendulmejse.<\/p>\n<p>Ynglende fugle omfatter lilla sump, lille bitter, lilla hejre, kravepratincole og Audouins m\u00e5ge. Barriere\u00f8erne rummer de st\u00f8rste kolonier af Lille Tern i Portugal, der j\u00e6vnligt ses fiskeri i det lave vand, samt en lille bestand af eurasisk tykkn\u00e6 og lille bustard. Interessante ynglefugle omfatter ogs\u00e5 Bleg Swift, Brillesanger, Europ\u00e6isk Bi-\u00e6der og Sort\u00f8ret Hvede.<\/p>\n<div id=\"attachment_1701\" style=\"width: 1034px\" class=\"wp-caption alignnone\"><img data-recalc-dims=\"1\" decoding=\"async\" aria-describedby=\"caption-attachment-1701\" class=\"wp-image-1701 size-large\" title=\"Fuglekigning Algarve Sardinian Warbler\" src=\"https:\/\/i0.wp.com\/legendatours.net\/wp-content\/uploads\/2020\/05\/Birdwatching-Algarve-Sardinian-Warbler-1024x683.jpg?resize=1024%2C683&#038;ssl=1\" alt=\"Fuglekigning Algarve Sardinian Warbler\" width=\"1024\" height=\"683\" \/><p id=\"caption-attachment-1701\" class=\"wp-caption-text\">Fuglekigning Algarve Sardinian Warbler \u2013 Foto Peter Dedicoat<\/p><\/div>\n<p>I de omkringliggende skove er arter som stor sp\u00e6tte, skovsnak og gylden oriole til stede.<\/p>\n<p>Naturreservatet Castro Marim giver de bes\u00f8gende glimt af europ\u00e6iske guldfinker, kortt\u00e5ede slyngplanter og sardinske sangfugle, for blot at n\u00e6vne nogle f\u00e5. Ved saltpanderne er det muligt at se adskillige arter af vandfugle, herunder Audouin&#039;s M\u00e5ge, Lille Tern, Collared Pratincole og Gul Vipstjert (for\u00e5r\/sommer); Shelduck, Shoveler, Black-necked lappedykker og kaspisk tern. Hele \u00e5ret rundt er det muligt at finde flamingoer, sortvingede stylter, skestorke, gr\u00f8nben og avocetter. Isfugl er regelm\u00e6ssig p\u00e5 dette sted, og i tr\u00e6ktider dukker sortterne ofte op.<\/p>\n<div id=\"attachment_1765\" style=\"width: 1034px\" class=\"wp-caption alignnone\"><img data-recalc-dims=\"1\" decoding=\"async\" aria-describedby=\"caption-attachment-1765\" class=\"wp-image-1765 size-large\" title=\"Northern Shoveler\" src=\"https:\/\/i0.wp.com\/legendatours.net\/wp-content\/uploads\/2020\/03\/Northern-Shoveler-1024x682.jpg?resize=1024%2C682&#038;ssl=1\" alt=\"Northern Shoveler\" width=\"1024\" height=\"682\" \/><p id=\"caption-attachment-1765\" class=\"wp-caption-text\"><a href=\"..\/..\/?s=Northern+Shoveler\" target=\"_blank\" rel=\"noopener noreferrer\">Northern Shoveler\u00a0<\/a>\u2013 Foto Peter Dedicoat<\/p><\/div>\n<p>Rutenotaterne er designet til at v\u00e6re en enkel, letanvendelig feltguide for alle, der nyder at se fugle i deres naturlige habitat. Hver rejseplan er ledsaget af et kort og en beskrivelse af, hvordan man kommer dertil, de mest interessante arter, der findes der, og forskellige tips om den bedste m\u00e5de at bes\u00f8ge.<\/p>\n<p>Vi s\u00f8rger for, at du f\u00e5r en uforglemmelig oplevelse uden tidskr\u00e6vende s\u00f8gning efter indkvarteringssteder, ingen forskning p\u00e5 de bedste fuglepladser-vores ture er gennemf\u00f8rte og mest af alt perfekt gennemt\u00e6nkte og organiserede! Turen er designet til at nydes uanset dit fugleevne og ekspertise.<\/p>\n<p>Og for fuldt ud at nyde alle vidunderne ved denne tur vil du ligge i centrum af Tavira, kun 2 km v\u00e6k fra det n\u00e6rmeste fugleobservationssted!<\/p>\n<\/div>\n<div class=\"row\">\n<div class=\"column\" style=\"flex: 45%\">\n<p><iframe title=\"Bes\u00f8g Olh\u00e3o ... hovedstaden i Ria Formosa.\" width=\"1080\" height=\"608\" src=\"https:\/\/www.youtube.com\/embed\/MENxx1MKWVE?start=85&#038;feature=oembed\" frameborder=\"0\" allow=\"accelerometer; autoplay; clipboard-write; encrypted-media; gyroscope; picture-in-picture; web-share\" referrerpolicy=\"strict-origin-when-cross-origin\" allowfullscreen><\/iframe><\/p>\n<\/div>\n<div class=\"column\" style=\"flex: 10%\"><\/div>\n<div class=\"column\" style=\"flex: 45%\">\n<p><iframe title=\"Castro Marim\" width=\"1080\" height=\"608\" src=\"https:\/\/www.youtube.com\/embed\/sbJjXvbNWho?list=PL_6Umd8jb1qvBUfpmdNirAfZNGPDknjjw\" frameborder=\"0\" allow=\"accelerometer; autoplay; clipboard-write; encrypted-media; gyroscope; picture-in-picture; web-share\" referrerpolicy=\"strict-origin-when-cross-origin\" allowfullscreen><\/iframe><\/p>\n<\/div>\n<\/div>","protected":false},"excerpt":{"rendered":"<p>Ria Formosa Natural Park: A Birdwatcher&#039;s Paradise er en selvk\u00f8rende fugletur designet til at opdage de specielle og forskelligartede \u00f8kosystemer i denne region, et af de mest attraktive fuglekiggeri i Europa. Algarve er et ber\u00f8mt feriested, men er ogs\u00e5 et fantastisk sted for naturobservationer, der er hjemsted for hundredvis af endemiske fuglearter og en overvintrings- og fodringsstation for mange andre, som trives i sine rige v\u00e5domr\u00e5der, strandenge, saltpander og skove. .<\/p>","protected":false},"featured_media":4819,"comment_status":"closed","ping_status":"closed","template":"","meta":{"_acf_changed":false,"inline_featured_image":false},"product_brand":[],"product_cat":[673,339,327],"product_tag":[311,1053,499,500,453,501,735,121,454,1284,737,738,502,503,504,483,505,506,507,508,458,509,1054,510,511,512,513,514,515,516,517,465,494,1285,181,1055,1056,471,1057,1058,1059,518],"class_list":{"0":"post-7831","1":"product","2":"type-product","3":"status-publish","4":"has-post-thumbnail","6":"product_cat-self-drive-holidays-portugal","7":"product_cat-portugal-self-guided-birdwatching-holidays","8":"product_cat-self-guided-tours-portugal","9":"product_tag-algarve","10":"product_tag-alleine-reisen","11":"product_tag-bee-eater","12":"product_tag-best-birding-spots","13":"product_tag-best-of-the-algarvian-bird-life","14":"product_tag-bird-species","15":"product_tag-bird-watching-holidays","16":"product_tag-bird-watching","17":"product_tag-birding-algarve","18":"product_tag-birdwatchers-paradise","19":"product_tag-birdwatching-algarve","20":"product_tag-birdwatching-portugal","21":"product_tag-black-winged-kite","22":"product_tag-blackheaded-weaver","23":"product_tag-booted-eagles","24":"product_tag-caspian-terns","25":"product_tag-ferruginous-duck","26":"product_tag-fresh-fish-and-seafood","27":"product_tag-freshwater-lagoons","28":"product_tag-gastronomy-and-wines","29":"product_tag-greater-flamingos","30":"product_tag-grey-shrikes","31":"product_tag-individuelle-touren","32":"product_tag-kentish-plover","33":"product_tag-little-bittern","34":"product_tag-little-tern","35":"product_tag-marsh-harriers","36":"product_tag-nature-observation","37":"product_tag-penduline-tits","38":"product_tag-purple-heron","39":"product_tag-purple-swamp-hen","40":"product_tag-red-necked-nightjar","41":"product_tag-ria-formosa","42":"product_tag-ria-formosa-birdwatching","43":"product_tag-ria-formosa-natural-park","44":"product_tag-sejour-en-liberte","45":"product_tag-solo-reisen","46":"product_tag-spoonbills","47":"product_tag-tours-autoguidees","48":"product_tag-voyage-en-liberte","49":"product_tag-voyages-en-autonomie","50":"product_tag-woodchat","52":"first","53":"instock","54":"virtual","55":"product-type-simple"},"acf":[],"yoast_head":"<!-- This site is optimized with the Yoast SEO Premium plugin v26.8 (Yoast SEO v27.5) - https:\/\/yoast.com\/product\/yoast-seo-premium-wordpress\/ -->\n<title>Birdwatching in Ria Formosa Natural Park: A Birdwatcher\u2019s Paradise - BeCool Travel<\/title>\n<meta name=\"robots\" content=\"index, follow, max-snippet:-1, max-image-preview:large, max-video-preview:-1\" \/>\n<link rel=\"canonical\" href=\"https:\/\/becooltravel.com\/da\/vare\/ria-formosa-naturpark-a-birdwatchers-paradise-fly-drive-3301s\/\" \/>\n<meta property=\"og:locale\" content=\"da_DK\" \/>\n<meta property=\"og:type\" content=\"article\" \/>\n<meta property=\"og:title\" content=\"Birdwatching in Ria Formosa Natural Park: A Birdwatcher\u2019s Paradise\" \/>\n<meta property=\"og:description\" content=\"Ria Formosa Natural Park: A Birdwatcher\u2019s Paradise is a Self-Drive Birdwatching Tour designed to discover the special and diverse ecosystems of this region, one of the most attractive birdwatching spots in Europe. The Algarve is a famous resort, but is also an amazing site for nature observation, being home to hundreds of endemic bird species, and a wintering and feeding station for many others, which thrive in its rich wetlands, salt marshes, saltpans, and woods.\" \/>\n<meta property=\"og:url\" content=\"https:\/\/becooltravel.com\/da\/vare\/ria-formosa-naturpark-a-birdwatchers-paradise-fly-drive-3301s\/\" \/>\n<meta property=\"og:site_name\" content=\"BeCool Travel\" \/>\n<meta property=\"article:publisher\" content=\"https:\/\/www.facebook.com\/becooltravelagency\/\" \/>\n<meta property=\"og:image\" content=\"https:\/\/i0.wp.com\/becooltravel.com\/wp-content\/uploads\/sites\/5\/2020\/05\/Selfguided_birding_ria_formosa.jpg?fit=1000%2C667&ssl=1\" \/>\n\t<meta property=\"og:image:width\" content=\"1000\" \/>\n\t<meta property=\"og:image:height\" content=\"667\" \/>\n\t<meta property=\"og:image:type\" content=\"image\/jpeg\" \/>\n<meta name=\"twitter:card\" content=\"summary_large_image\" \/>\n<meta name=\"twitter:site\" content=\"@becool_travel\" \/>\n<meta name=\"twitter:label1\" content=\"Estimeret l\u00e6setid\" \/>\n\t<meta name=\"twitter:data1\" content=\"4 minutter\" \/>\n<script type=\"application\/ld+json\" class=\"yoast-schema-graph\">{\"@context\":\"https:\\\/\\\/schema.org\",\"@graph\":[{\"@type\":\"WebPage\",\"@id\":\"https:\\\/\\\/becooltravel.com\\\/product\\\/ria-formosa-natural-park-a-birdwatchers-paradise-fly-drive-3301s\\\/\",\"url\":\"https:\\\/\\\/becooltravel.com\\\/product\\\/ria-formosa-natural-park-a-birdwatchers-paradise-fly-drive-3301s\\\/\",\"name\":\"Birdwatching in Ria Formosa Natural Park: A Birdwatcher\u2019s Paradise - BeCool Travel\",\"isPartOf\":{\"@id\":\"https:\\\/\\\/becooltravel.com\\\/#website\"},\"primaryImageOfPage\":{\"@id\":\"https:\\\/\\\/becooltravel.com\\\/product\\\/ria-formosa-natural-park-a-birdwatchers-paradise-fly-drive-3301s\\\/#primaryimage\"},\"image\":{\"@id\":\"https:\\\/\\\/becooltravel.com\\\/product\\\/ria-formosa-natural-park-a-birdwatchers-paradise-fly-drive-3301s\\\/#primaryimage\"},\"thumbnailUrl\":\"https:\\\/\\\/i0.wp.com\\\/becooltravel.com\\\/wp-content\\\/uploads\\\/sites\\\/5\\\/2020\\\/05\\\/Selfguided_birding_ria_formosa.jpg?fit=1000%2C667&ssl=1\",\"datePublished\":\"2020-03-06T15:05:19+00:00\",\"breadcrumb\":{\"@id\":\"https:\\\/\\\/becooltravel.com\\\/product\\\/ria-formosa-natural-park-a-birdwatchers-paradise-fly-drive-3301s\\\/#breadcrumb\"},\"inLanguage\":\"da-DK\",\"potentialAction\":[{\"@type\":\"ReadAction\",\"target\":[\"https:\\\/\\\/becooltravel.com\\\/product\\\/ria-formosa-natural-park-a-birdwatchers-paradise-fly-drive-3301s\\\/\"]}]},{\"@type\":\"ImageObject\",\"inLanguage\":\"da-DK\",\"@id\":\"https:\\\/\\\/becooltravel.com\\\/product\\\/ria-formosa-natural-park-a-birdwatchers-paradise-fly-drive-3301s\\\/#primaryimage\",\"url\":\"https:\\\/\\\/i0.wp.com\\\/becooltravel.com\\\/wp-content\\\/uploads\\\/sites\\\/5\\\/2020\\\/05\\\/Selfguided_birding_ria_formosa.jpg?fit=1000%2C667&ssl=1\",\"contentUrl\":\"https:\\\/\\\/i0.wp.com\\\/becooltravel.com\\\/wp-content\\\/uploads\\\/sites\\\/5\\\/2020\\\/05\\\/Selfguided_birding_ria_formosa.jpg?fit=1000%2C667&ssl=1\",\"width\":1000,\"height\":667,\"caption\":\"self-guided birding Ria Formosa\"},{\"@type\":\"BreadcrumbList\",\"@id\":\"https:\\\/\\\/becooltravel.com\\\/product\\\/ria-formosa-natural-park-a-birdwatchers-paradise-fly-drive-3301s\\\/#breadcrumb\",\"itemListElement\":[{\"@type\":\"ListItem\",\"position\":1,\"name\":\"Home\",\"item\":\"https:\\\/\\\/becooltravel.com\\\/\"},{\"@type\":\"ListItem\",\"position\":2,\"name\":\"Shop\",\"item\":\"https:\\\/\\\/becooltravel.com\\\/?page_id=5\"},{\"@type\":\"ListItem\",\"position\":3,\"name\":\"Algarve holidays . You can use\u00a0footpaths and walking\u00a0 trails\u00a0to get to know the region, such as the\u00a0Algarve Way\u00a0or the\u00a0Vicentine Route along one of the best preserved coastal stretches.\",\"item\":\"https:\\\/\\\/becooltravel.com\\\/product-tag\\\/algarve\\\/\"},{\"@type\":\"ListItem\",\"position\":4,\"name\":\"Birdwatching in Ria Formosa Natural Park: A Birdwatcher\u2019s Paradise\"}]},{\"@type\":\"WebSite\",\"@id\":\"https:\\\/\\\/becooltravel.com\\\/#website\",\"url\":\"https:\\\/\\\/becooltravel.com\\\/\",\"name\":\"BeCool Travel\",\"description\":\"Sustainable holidays in Portugal for independent travelers\",\"publisher\":{\"@id\":\"https:\\\/\\\/becooltravel.com\\\/#organization\"},\"potentialAction\":[{\"@type\":\"SearchAction\",\"target\":{\"@type\":\"EntryPoint\",\"urlTemplate\":\"https:\\\/\\\/becooltravel.com\\\/?s={search_term_string}\"},\"query-input\":{\"@type\":\"PropertyValueSpecification\",\"valueRequired\":true,\"valueName\":\"search_term_string\"}}],\"inLanguage\":\"da-DK\"},{\"@type\":\"Organization\",\"@id\":\"https:\\\/\\\/becooltravel.com\\\/#organization\",\"name\":\"BecoolTravel. com- Portugal\",\"url\":\"https:\\\/\\\/becooltravel.com\\\/\",\"logo\":{\"@type\":\"ImageObject\",\"inLanguage\":\"da-DK\",\"@id\":\"https:\\\/\\\/becooltravel.com\\\/#\\\/schema\\\/logo\\\/image\\\/\",\"url\":\"https:\\\/\\\/becooltravel.com\\\/wp-content\\\/uploads\\\/sites\\\/5\\\/2020\\\/03\\\/Logo_BeCool.jpg\",\"contentUrl\":\"https:\\\/\\\/becooltravel.com\\\/wp-content\\\/uploads\\\/sites\\\/5\\\/2020\\\/03\\\/Logo_BeCool.jpg\",\"width\":534,\"height\":534,\"caption\":\"BecoolTravel. com- Portugal\"},\"image\":{\"@id\":\"https:\\\/\\\/becooltravel.com\\\/#\\\/schema\\\/logo\\\/image\\\/\"},\"sameAs\":[\"https:\\\/\\\/www.facebook.com\\\/becooltravelagency\\\/\",\"https:\\\/\\\/x.com\\\/becool_travel\",\"https:\\\/\\\/www.instagram.com\\\/becooltravel_com\\\/\",\"https:\\\/\\\/www.linkedin.com\\\/company\\\/becool-travel\\\/\",\"https:\\\/\\\/www.youtube.com\\\/channel\\\/UCE7zRU3EVG1PgfXwQo-5uJw\"]}]}<\/script>\n<!-- \/ Yoast SEO Premium plugin. -->","yoast_head_json":{"title":"Fuglekigning i Ria Formosa Natural Park: A Birdwatchers Paradise - BeCool Travel","robots":{"index":"index","follow":"follow","max-snippet":"max-snippet:-1","max-image-preview":"max-image-preview:large","max-video-preview":"max-video-preview:-1"},"canonical":"https:\/\/becooltravel.com\/da\/vare\/ria-formosa-naturpark-a-birdwatchers-paradise-fly-drive-3301s\/","og_locale":"da_DK","og_type":"article","og_title":"Birdwatching in Ria Formosa Natural Park: A Birdwatcher\u2019s Paradise","og_description":"Ria Formosa Natural Park: A Birdwatcher\u2019s Paradise is a Self-Drive Birdwatching Tour designed to discover the special and diverse ecosystems of this region, one of the most attractive birdwatching spots in Europe. The Algarve is a famous resort, but is also an amazing site for nature observation, being home to hundreds of endemic bird species, and a wintering and feeding station for many others, which thrive in its rich wetlands, salt marshes, saltpans, and woods.","og_url":"https:\/\/becooltravel.com\/da\/vare\/ria-formosa-naturpark-a-birdwatchers-paradise-fly-drive-3301s\/","og_site_name":"BeCool Travel","article_publisher":"https:\/\/www.facebook.com\/becooltravelagency\/","og_image":[{"width":1000,"height":667,"url":"https:\/\/i0.wp.com\/becooltravel.com\/wp-content\/uploads\/sites\/5\/2020\/05\/Selfguided_birding_ria_formosa.jpg?fit=1000%2C667&ssl=1","type":"image\/jpeg"}],"twitter_card":"summary_large_image","twitter_site":"@becool_travel","twitter_misc":{"Estimeret l\u00e6setid":"4 minutter"},"schema":{"@context":"https:\/\/schema.org","@graph":[{"@type":"WebPage","@id":"https:\/\/becooltravel.com\/product\/ria-formosa-natural-park-a-birdwatchers-paradise-fly-drive-3301s\/","url":"https:\/\/becooltravel.com\/product\/ria-formosa-natural-park-a-birdwatchers-paradise-fly-drive-3301s\/","name":"Fuglekigning i Ria Formosa Natural Park: A Birdwatchers Paradise - BeCool Travel","isPartOf":{"@id":"https:\/\/becooltravel.com\/#website"},"primaryImageOfPage":{"@id":"https:\/\/becooltravel.com\/product\/ria-formosa-natural-park-a-birdwatchers-paradise-fly-drive-3301s\/#primaryimage"},"image":{"@id":"https:\/\/becooltravel.com\/product\/ria-formosa-natural-park-a-birdwatchers-paradise-fly-drive-3301s\/#primaryimage"},"thumbnailUrl":"https:\/\/i0.wp.com\/becooltravel.com\/wp-content\/uploads\/sites\/5\/2020\/05\/Selfguided_birding_ria_formosa.jpg?fit=1000%2C667&ssl=1","datePublished":"2020-03-06T15:05:19+00:00","breadcrumb":{"@id":"https:\/\/becooltravel.com\/product\/ria-formosa-natural-park-a-birdwatchers-paradise-fly-drive-3301s\/#breadcrumb"},"inLanguage":"da-DK","potentialAction":[{"@type":"ReadAction","target":["https:\/\/becooltravel.com\/product\/ria-formosa-natural-park-a-birdwatchers-paradise-fly-drive-3301s\/"]}]},{"@type":"ImageObject","inLanguage":"da-DK","@id":"https:\/\/becooltravel.com\/product\/ria-formosa-natural-park-a-birdwatchers-paradise-fly-drive-3301s\/#primaryimage","url":"https:\/\/i0.wp.com\/becooltravel.com\/wp-content\/uploads\/sites\/5\/2020\/05\/Selfguided_birding_ria_formosa.jpg?fit=1000%2C667&ssl=1","contentUrl":"https:\/\/i0.wp.com\/becooltravel.com\/wp-content\/uploads\/sites\/5\/2020\/05\/Selfguided_birding_ria_formosa.jpg?fit=1000%2C667&ssl=1","width":1000,"height":667,"caption":"self-guided birding Ria Formosa"},{"@type":"BreadcrumbList","@id":"https:\/\/becooltravel.com\/product\/ria-formosa-natural-park-a-birdwatchers-paradise-fly-drive-3301s\/#breadcrumb","itemListElement":[{"@type":"ListItem","position":1,"name":"Home","item":"https:\/\/becooltravel.com\/"},{"@type":"ListItem","position":2,"name":"Shop","item":"https:\/\/becooltravel.com\/?page_id=5"},{"@type":"ListItem","position":3,"name":"Algarve holidays . You can use\u00a0footpaths and walking\u00a0 trails\u00a0to get to know the region, such as the\u00a0Algarve Way\u00a0or the\u00a0Vicentine Route along one of the best preserved coastal stretches.","item":"https:\/\/becooltravel.com\/product-tag\/algarve\/"},{"@type":"ListItem","position":4,"name":"Birdwatching in Ria Formosa Natural Park: A Birdwatcher\u2019s Paradise"}]},{"@type":"WebSite","@id":"https:\/\/becooltravel.com\/#website","url":"https:\/\/becooltravel.com\/","name":"BeCool rejse","description":"B\u00e6redygtig ferie i Portugal for uafh\u00e6ngige rejsende","publisher":{"@id":"https:\/\/becooltravel.com\/#organization"},"potentialAction":[{"@type":"SearchAction","target":{"@type":"EntryPoint","urlTemplate":"https:\/\/becooltravel.com\/?s={search_term_string}"},"query-input":{"@type":"PropertyValueSpecification","valueRequired":true,"valueName":"search_term_string"}}],"inLanguage":"da-DK"},{"@type":"Organization","@id":"https:\/\/becooltravel.com\/#organization","name":"BecoolTravel. com- Portugal","url":"https:\/\/becooltravel.com\/","logo":{"@type":"ImageObject","inLanguage":"da-DK","@id":"https:\/\/becooltravel.com\/#\/schema\/logo\/image\/","url":"https:\/\/becooltravel.com\/wp-content\/uploads\/sites\/5\/2020\/03\/Logo_BeCool.jpg","contentUrl":"https:\/\/becooltravel.com\/wp-content\/uploads\/sites\/5\/2020\/03\/Logo_BeCool.jpg","width":534,"height":534,"caption":"BecoolTravel. com- Portugal"},"image":{"@id":"https:\/\/becooltravel.com\/#\/schema\/logo\/image\/"},"sameAs":["https:\/\/www.facebook.com\/becooltravelagency\/","https:\/\/x.com\/becool_travel","https:\/\/www.instagram.com\/becooltravel_com\/","https:\/\/www.linkedin.com\/company\/becool-travel\/","https:\/\/www.youtube.com\/channel\/UCE7zRU3EVG1PgfXwQo-5uJw"]}]}},"jetpack_sharing_enabled":true,"_links":{"self":[{"href":"https:\/\/becooltravel.com\/da\/wp-json\/wp\/v2\/product\/7831","targetHints":{"allow":["GET"]}}],"collection":[{"href":"https:\/\/becooltravel.com\/da\/wp-json\/wp\/v2\/product"}],"about":[{"href":"https:\/\/becooltravel.com\/da\/wp-json\/wp\/v2\/types\/product"}],"replies":[{"embeddable":true,"href":"https:\/\/becooltravel.com\/da\/wp-json\/wp\/v2\/comments?post=7831"}],"wp:featuredmedia":[{"embeddable":true,"href":"https:\/\/becooltravel.com\/da\/wp-json\/wp\/v2\/media\/4819"}],"wp:attachment":[{"href":"https:\/\/becooltravel.com\/da\/wp-json\/wp\/v2\/media?parent=7831"}],"wp:term":[{"taxonomy":"product_brand","embeddable":true,"href":"https:\/\/becooltravel.com\/da\/wp-json\/wp\/v2\/product_brand?post=7831"},{"taxonomy":"product_cat","embeddable":true,"href":"https:\/\/becooltravel.com\/da\/wp-json\/wp\/v2\/product_cat?post=7831"},{"taxonomy":"product_tag","embeddable":true,"href":"https:\/\/becooltravel.com\/da\/wp-json\/wp\/v2\/product_tag?post=7831"}],"curies":[{"name":"wp","href":"https:\/\/api.w.org\/{rel}","templated":true}]}}