{"id":5889,"date":"2020-12-02T12:29:20","date_gmt":"2020-12-02T12:29:20","guid":{"rendered":"https:\/\/becooltravel.com\/?page_id=5889"},"modified":"2024-11-14T11:42:06","modified_gmt":"2024-11-14T11:42:06","slug":"book-with-confidence","status":"publish","type":"page","link":"https:\/\/becooltravel.com\/de\/buch-mit-vertrauen\/","title":{"rendered":"Buchen Sie mit Zuversicht"},"content":{"rendered":"<div id=\"fws_69e1fcd158f8b\"  data-column-margin=\"default\" data-midnight=\"dark\" data-top-percent=\"6%\" data-bottom-percent=\"6%\"  class=\"wpb_row vc_row-fluid vc_row full-width-section vc_row-o-equal-height vc_row-flex vc_row-o-content-middle\"  style=\"padding-top: calc(100vw * 0.06); padding-bottom: calc(100vw * 0.06); \"><div class=\"row-bg-wrap\" data-bg-animation=\"none\" data-bg-animation-delay=\"\" data-bg-overlay=\"true\"><div class=\"inner-wrap row-bg-layer\" ><div class=\"row-bg viewport-desktop\"  style=\"\"><\/div><\/div><div class=\"row-bg-overlay row-bg-layer\" style=\"background: linear-gradient(to bottom,#eaf1fd 0%,rgba(255,255,255,0.001) 75%);  opacity: 1; \"><\/div><\/div><div class=\"row_col_wrap_12 col span_12 dark left\">\n\t<div  class=\"vc_col-sm-12 wpb_column column_container vc_column_container col no-extra-padding inherit_tablet inherit_phone\"  data-padding-pos=\"all\" data-has-bg-color=\"false\" data-bg-color=\"\" data-bg-opacity=\"1\" data-animation=\"\" data-delay=\"0\" >\n\t\t<div class=\"vc_column-inner\" >\n\t\t\t<div class=\"wpb_wrapper\">\n\t\t\t\t\n<div class=\"wpb_text_column wpb_content_element\" >\n\t<h2 style=\"text-align: center;\"><span data-preserver-spaces=\"true\">Natururlaub und Reisedienstleistungen<\/span><\/h2>\n<p>&nbsp;<\/p>\n<p><span data-preserver-spaces=\"true\">BeCool Travel ist auf Natururlaube spezialisiert, die Ihnen von unseren lokalen Partnern angeboten werden.<\/span><\/p>\n<p><span data-preserver-spaces=\"true\">Wir bieten eine Reihe von Touren an, die von kleinen lokalen Reiseveranstaltern professionell entworfen, entwickelt und vor Ort durchgef\u00fchrt werden und die stolz die Naturlandschaften, die Kultur und das Erbe ihres Hauses zeigen.<\/span><\/p>\n<p><span data-preserver-spaces=\"true\">Indem wir unabh\u00e4ngige Reisende mit lokalen Reiseveranstaltern verbinden, streben wir nach faireren und nachhaltigeren Reisem\u00f6glichkeiten. Dies ist ein grundlegender Bestandteil unserer Philosophie und unseres Gesch\u00e4ftsansatzes, zusammen mit dem Streben nach Umweltschutz und Respekt vor lokalen Kulturen.<\/span><\/p>\n<p><span data-preserver-spaces=\"true\">Ziel ist es, eine positive Erfahrung f\u00fcr alle zu erzielen, sowohl f\u00fcr unsere Kunden als auch f\u00fcr die Menschen, deren Landschaften, Kultur und Lebensstil sie genie\u00dfen.<\/span><\/p>\n<p><span data-preserver-spaces=\"true\">Mit einem lokalen Naturreiseveranstalter entdecken Sie nicht nur die Essenz Ihres Reiseziels, sondern vertiefen auch Ihre Wertsch\u00e4tzung f\u00fcr dessen Sch\u00f6nheit, Bedeutung und Einzigartigkeit.<\/span><\/p>\n<p><span data-preserver-spaces=\"true\">BeCool Das Team von Travel fasst auch alle Reisedienstleistungen zusammen, die Sie f\u00fcr ein umfassendes und aussagekr\u00e4ftiges Urlaubserlebnis ben\u00f6tigen.<\/span><\/p>\n<p><strong>Buchen Sie mit Vertrauen von vertrauensw\u00fcrdigen lokalen Unternehmen!<\/strong><\/p>\n<p>&nbsp;<\/p>\n<h2 style=\"text-align: left;\"><span data-preserver-spaces=\"true\">Unsere Produkte<\/span><\/h2>\n<p><span data-preserver-spaces=\"true\">Unsere Natur- und Kulturferien in Portugal decken eine breite Palette von Tourstilen ab, von <a href=\"https:\/\/becooltravel.com\/product-category\/guided-group-tours\/\">Kleingruppentouren<\/a>, <a href=\"https:\/\/becooltravel.com\/self-guided-tours\/\">Selbstgef\u00fchrte Feiertage<\/a>, <a href=\"https:\/\/becooltravel.com\/product-category\/self-drive-holidays-portugal\/\">Selbstfahrerausfl\u00fcge<\/a>, <a href=\"https:\/\/becooltravel.com\/product-category\/holiday-packs-tours-portugal\/\">Urlaubspakete<\/a>, <a href=\"https:\/\/becooltravel.com\/accommodation\/\">Unterkunft<\/a> Optionen, <a href=\"https:\/\/transfers.booking-portugal.com\/\" target=\"_blank\" rel=\"noopener noreferrer\">Flughafentransfer<\/a> und <a href=\"https:\/\/www.algarvebusrental.com\/\" target=\"_blank\" rel=\"noopener\">Busvermietung<\/a>.<\/span><\/p>\n<p><span data-preserver-spaces=\"true\">Hier finden Sie die umfangreichste Auswahl an <a href=\"https:\/\/becooltravel.com\/product-category\/self-guided-tours-portugal\/self-guided-walking-holidays\/\">Wanderferien<\/a>, von Besichtigungswanderungen bis zu Fernwanderwegen und von abenteuerlichen Aktivurlauben bis zu gem\u00fctlichen Spazierg\u00e4ngen zwischen Kulturerbest\u00e4tten \u2013 unsere Urlaube bieten f\u00fcr jeden etwas!<\/span><\/p>\n<p><span data-preserver-spaces=\"true\">BeCool Das Team von Travel hat auch die attraktivsten ausgew\u00e4hlt <a href=\"https:\/\/becooltravel.com\/product-category\/guided-group-tours\/\">Besonderes Interesse<\/a> Reiserouten und Programme. Sie haben <a href=\"https:\/\/becooltravel.com\/product-category\/guided-group-tours\/guided-cycling-holidays-portugal\/\">Radfahren<\/a>, <a href=\"https:\/\/becooltravel.com\/product-category\/guided-group-tours\/portugal-guided-birdwatching-holidays\/\">V\u00f6gel beobachten<\/a>, <a href=\"https:\/\/becooltravel.com\/product-category\/self-guided-tours-portugal\/self-guided-train-holidays-portugal\/\">Bahnferien<\/a>, <a href=\"https:\/\/becooltravel.com\/product-category\/self-guided-tours-portugal\/self-drive-holidays-portugal\/\">Autofahrten<\/a>, <a href=\"https:\/\/becooltravel.com\/product-category\/guided-group-tours\/portugal-gastronomy-and-wines-guided-holidays\/\">Gastronomie &amp; Weine<\/a>, <a href=\"https:\/\/becooltravel.com\/product-category\/guided-group-tours\/guided-wellness-holidays-in-portugal\/\">Wellness<\/a>, <a href=\"https:\/\/becooltravel.com\/product-category\/guided-group-tours\/guided-multi-activity-holidays-portugal\/\">Multiaktivit\u00e4t<\/a>, <a href=\"https:\/\/becooltravel.com\/product-category\/guided-group-tours\/portugal-guided-historical-holidays\/\">Historisch<\/a>, <a href=\"https:\/\/becooltravel.com\/product-category\/guided-group-tours\/cultural-tours-and-holidays-in-portugal\/\">Kulturelle Touren<\/a>und viele weitere M\u00f6glichkeiten <a href=\"https:\/\/becooltravel.com\/shop\/\">Entdecken und genie\u00dfen Sie unser wundersch\u00f6nes Land<\/a>.<\/span><\/p>\n<p><span data-preserver-spaces=\"true\">F\u00fcr Ihre Bequemlichkeit und Bequemlichkeit finden Sie bei BeCool Travel alle Reisedienstleistungen, die Sie f\u00fcr die Planung Ihres n\u00e4chsten Urlaubs ben\u00f6tigen, unterst\u00fctzt von einem leidenschaftlichen Team.<\/span><\/p>\n<p>Wenn Sie eine spezielle Anfrage haben oder einen ma\u00dfgeschneiderten Service suchen, <a href=\"mailto:mkt@becooltravel.com\">kontaktiere uns<\/a> und wir entwerfen es f\u00fcr Sie.<\/p>\n<h2><\/h2>\n<h2 style=\"text-align: left;\"><span data-preserver-spaces=\"true\">Einfache Online-Buchung<\/span><\/h2>\n<p><span data-preserver-spaces=\"true\">Online buchen kann nicht einfacher sein. Finden Sie einfach den gew\u00fcnschten Urlaub und klicken Sie auf die Schaltfl\u00e4che &quot;Jetzt buchen&quot; f\u00fcr die von Ihnen gew\u00e4hlte Abreise. <a href=\"https:\/\/becooltravel.com\/how-to-pay\/\">Befolgen Sie die Anweisungen und leisten Sie eine Zahlung mit unserem sicheren Zahlungssystem<\/a>.\u00a0<\/span><\/p>\n<p><span data-preserver-spaces=\"true\">\u00a0<\/span><\/p>\n<h4 style=\"text-align: left;\">Buchen Sie mit Vertrauen! Travel fair mit BeCool Travel.<\/h4>\n<\/div>\n\n\n\n\n\t\t\t<\/div> \n\t\t<\/div>\n\t<\/div> \n<\/div><\/div>","protected":false},"excerpt":{"rendered":"Natururlaub und Reisedienstleistungen BeCool Travel ist auf Natururlaub spezialisiert, der Ihnen von unseren lokalen Partnern angeboten wird. Wir bieten eine Reihe von Touren an...","protected":false},"author":2,"featured_media":0,"parent":0,"menu_order":0,"comment_status":"closed","ping_status":"closed","template":"","meta":{"_acf_changed":false,"inline_featured_image":false,"footnotes":""},"class_list":["post-5889","page","type-page","status-publish"],"acf":[],"yoast_head":"<!-- This site is optimized with the Yoast SEO Premium plugin v26.8 (Yoast SEO v27.4) - https:\/\/yoast.com\/product\/yoast-seo-premium-wordpress\/ -->\n<title>Book with confidence - BeCool Travel<\/title>\n<meta name=\"description\" content=\"BeCool Travel specialises in nature holidays in Portugal, brought to you by our local partners. Book with Confidence! Travel safe, travel fair, with BeCool Travel.\" \/>\n<meta name=\"robots\" content=\"index, follow, max-snippet:-1, max-image-preview:large, max-video-preview:-1\" \/>\n<link rel=\"canonical\" href=\"https:\/\/becooltravel.com\/de\/buch-mit-vertrauen\/\" \/>\n<meta property=\"og:locale\" content=\"de_DE\" \/>\n<meta property=\"og:type\" content=\"article\" \/>\n<meta property=\"og:title\" content=\"Book with confidence\" \/>\n<meta property=\"og:description\" content=\"BeCool Travel specialises in nature holidays in Portugal, brought to you by our local partners. Book with Confidence! Travel safe, travel fair, with BeCool Travel.\" \/>\n<meta property=\"og:url\" content=\"https:\/\/becooltravel.com\/de\/buch-mit-vertrauen\/\" \/>\n<meta property=\"og:site_name\" content=\"BeCool Travel\" \/>\n<meta property=\"article:publisher\" content=\"https:\/\/www.facebook.com\/becooltravelagency\/\" \/>\n<meta property=\"article:modified_time\" content=\"2024-11-14T11:42:06+00:00\" \/>\n<meta name=\"twitter:card\" content=\"summary_large_image\" \/>\n<meta name=\"twitter:site\" content=\"@becool_travel\" \/>\n<meta name=\"twitter:label1\" content=\"Gesch\u00e4tzte Lesezeit\" \/>\n\t<meta name=\"twitter:data1\" content=\"3\u00a0Minuten\" \/>\n<script type=\"application\/ld+json\" class=\"yoast-schema-graph\">{\"@context\":\"https:\\\/\\\/schema.org\",\"@graph\":[{\"@type\":\"WebPage\",\"@id\":\"https:\\\/\\\/becooltravel.com\\\/book-with-confidence\\\/\",\"url\":\"https:\\\/\\\/becooltravel.com\\\/book-with-confidence\\\/\",\"name\":\"Book with confidence - BeCool Travel\",\"isPartOf\":{\"@id\":\"https:\\\/\\\/becooltravel.com\\\/#website\"},\"datePublished\":\"2020-12-02T12:29:20+00:00\",\"dateModified\":\"2024-11-14T11:42:06+00:00\",\"description\":\"BeCool Travel specialises in nature holidays in Portugal, brought to you by our local partners. Book with Confidence! Travel safe, travel fair, with BeCool Travel.\",\"breadcrumb\":{\"@id\":\"https:\\\/\\\/becooltravel.com\\\/book-with-confidence\\\/#breadcrumb\"},\"inLanguage\":\"de\",\"potentialAction\":[{\"@type\":\"ReadAction\",\"target\":[\"https:\\\/\\\/becooltravel.com\\\/book-with-confidence\\\/\"]}]},{\"@type\":\"BreadcrumbList\",\"@id\":\"https:\\\/\\\/becooltravel.com\\\/book-with-confidence\\\/#breadcrumb\",\"itemListElement\":[{\"@type\":\"ListItem\",\"position\":1,\"name\":\"Home\",\"item\":\"https:\\\/\\\/becooltravel.com\\\/\"},{\"@type\":\"ListItem\",\"position\":2,\"name\":\"Book with confidence\"}]},{\"@type\":\"WebSite\",\"@id\":\"https:\\\/\\\/becooltravel.com\\\/#website\",\"url\":\"https:\\\/\\\/becooltravel.com\\\/\",\"name\":\"BeCool Travel\",\"description\":\"Sustainable holidays in Portugal for independent travelers\",\"publisher\":{\"@id\":\"https:\\\/\\\/becooltravel.com\\\/#organization\"},\"potentialAction\":[{\"@type\":\"SearchAction\",\"target\":{\"@type\":\"EntryPoint\",\"urlTemplate\":\"https:\\\/\\\/becooltravel.com\\\/?s={search_term_string}\"},\"query-input\":{\"@type\":\"PropertyValueSpecification\",\"valueRequired\":true,\"valueName\":\"search_term_string\"}}],\"inLanguage\":\"de\"},{\"@type\":\"Organization\",\"@id\":\"https:\\\/\\\/becooltravel.com\\\/#organization\",\"name\":\"BecoolTravel. com- Portugal\",\"url\":\"https:\\\/\\\/becooltravel.com\\\/\",\"logo\":{\"@type\":\"ImageObject\",\"inLanguage\":\"de\",\"@id\":\"https:\\\/\\\/becooltravel.com\\\/#\\\/schema\\\/logo\\\/image\\\/\",\"url\":\"https:\\\/\\\/becooltravel.com\\\/wp-content\\\/uploads\\\/sites\\\/5\\\/2020\\\/03\\\/Logo_BeCool.jpg\",\"contentUrl\":\"https:\\\/\\\/becooltravel.com\\\/wp-content\\\/uploads\\\/sites\\\/5\\\/2020\\\/03\\\/Logo_BeCool.jpg\",\"width\":534,\"height\":534,\"caption\":\"BecoolTravel. com- Portugal\"},\"image\":{\"@id\":\"https:\\\/\\\/becooltravel.com\\\/#\\\/schema\\\/logo\\\/image\\\/\"},\"sameAs\":[\"https:\\\/\\\/www.facebook.com\\\/becooltravelagency\\\/\",\"https:\\\/\\\/x.com\\\/becool_travel\",\"https:\\\/\\\/www.instagram.com\\\/becooltravel_com\\\/\",\"https:\\\/\\\/www.linkedin.com\\\/company\\\/becool-travel\\\/\",\"https:\\\/\\\/www.youtube.com\\\/channel\\\/UCE7zRU3EVG1PgfXwQo-5uJw\"]}]}<\/script>\n<!-- \/ Yoast SEO Premium plugin. -->","yoast_head_json":{"title":"Buchen Sie mit Vertrauen - BeCool Travel","description":"BeCool Travel ist auf Naturferien in Portugal spezialisiert, die Ihnen von unseren lokalen Partnern angeboten werden. Buchen Sie mit Vertrauen! Travel sicher, reisemesse, mit BeCool Travel.","robots":{"index":"index","follow":"follow","max-snippet":"max-snippet:-1","max-image-preview":"max-image-preview:large","max-video-preview":"max-video-preview:-1"},"canonical":"https:\/\/becooltravel.com\/de\/buch-mit-vertrauen\/","og_locale":"de_DE","og_type":"article","og_title":"Book with confidence","og_description":"BeCool Travel specialises in nature holidays in Portugal, brought to you by our local partners. Book with Confidence! Travel safe, travel fair, with BeCool Travel.","og_url":"https:\/\/becooltravel.com\/de\/buch-mit-vertrauen\/","og_site_name":"BeCool Travel","article_publisher":"https:\/\/www.facebook.com\/becooltravelagency\/","article_modified_time":"2024-11-14T11:42:06+00:00","twitter_card":"summary_large_image","twitter_site":"@becool_travel","twitter_misc":{"Gesch\u00e4tzte Lesezeit":"3\u00a0Minuten"},"schema":{"@context":"https:\/\/schema.org","@graph":[{"@type":"WebPage","@id":"https:\/\/becooltravel.com\/book-with-confidence\/","url":"https:\/\/becooltravel.com\/book-with-confidence\/","name":"Buchen Sie mit Vertrauen - BeCool Travel","isPartOf":{"@id":"https:\/\/becooltravel.com\/#website"},"datePublished":"2020-12-02T12:29:20+00:00","dateModified":"2024-11-14T11:42:06+00:00","description":"BeCool Travel ist auf Naturferien in Portugal spezialisiert, die Ihnen von unseren lokalen Partnern angeboten werden. Buchen Sie mit Vertrauen! Travel sicher, reisemesse, mit BeCool Travel.","breadcrumb":{"@id":"https:\/\/becooltravel.com\/book-with-confidence\/#breadcrumb"},"inLanguage":"de","potentialAction":[{"@type":"ReadAction","target":["https:\/\/becooltravel.com\/book-with-confidence\/"]}]},{"@type":"BreadcrumbList","@id":"https:\/\/becooltravel.com\/book-with-confidence\/#breadcrumb","itemListElement":[{"@type":"ListItem","position":1,"name":"Home","item":"https:\/\/becooltravel.com\/"},{"@type":"ListItem","position":2,"name":"Book with confidence"}]},{"@type":"WebSite","@id":"https:\/\/becooltravel.com\/#website","url":"https:\/\/becooltravel.com\/","name":"BeCool Travel","description":"Nachhaltiger Urlaub in Portugal f\u00fcr Individualreisende","publisher":{"@id":"https:\/\/becooltravel.com\/#organization"},"potentialAction":[{"@type":"SearchAction","target":{"@type":"EntryPoint","urlTemplate":"https:\/\/becooltravel.com\/?s={search_term_string}"},"query-input":{"@type":"PropertyValueSpecification","valueRequired":true,"valueName":"search_term_string"}}],"inLanguage":"de"},{"@type":"Organization","@id":"https:\/\/becooltravel.com\/#organization","name":"BecoolTravel. com- Portugal","url":"https:\/\/becooltravel.com\/","logo":{"@type":"ImageObject","inLanguage":"de","@id":"https:\/\/becooltravel.com\/#\/schema\/logo\/image\/","url":"https:\/\/becooltravel.com\/wp-content\/uploads\/sites\/5\/2020\/03\/Logo_BeCool.jpg","contentUrl":"https:\/\/becooltravel.com\/wp-content\/uploads\/sites\/5\/2020\/03\/Logo_BeCool.jpg","width":534,"height":534,"caption":"BecoolTravel. com- Portugal"},"image":{"@id":"https:\/\/becooltravel.com\/#\/schema\/logo\/image\/"},"sameAs":["https:\/\/www.facebook.com\/becooltravelagency\/","https:\/\/x.com\/becool_travel","https:\/\/www.instagram.com\/becooltravel_com\/","https:\/\/www.linkedin.com\/company\/becool-travel\/","https:\/\/www.youtube.com\/channel\/UCE7zRU3EVG1PgfXwQo-5uJw"]}]}},"jetpack_sharing_enabled":true,"_links":{"self":[{"href":"https:\/\/becooltravel.com\/de\/wp-json\/wp\/v2\/pages\/5889","targetHints":{"allow":["GET"]}}],"collection":[{"href":"https:\/\/becooltravel.com\/de\/wp-json\/wp\/v2\/pages"}],"about":[{"href":"https:\/\/becooltravel.com\/de\/wp-json\/wp\/v2\/types\/page"}],"author":[{"embeddable":true,"href":"https:\/\/becooltravel.com\/de\/wp-json\/wp\/v2\/users\/2"}],"replies":[{"embeddable":true,"href":"https:\/\/becooltravel.com\/de\/wp-json\/wp\/v2\/comments?post=5889"}],"version-history":[{"count":2,"href":"https:\/\/becooltravel.com\/de\/wp-json\/wp\/v2\/pages\/5889\/revisions"}],"predecessor-version":[{"id":7579,"href":"https:\/\/becooltravel.com\/de\/wp-json\/wp\/v2\/pages\/5889\/revisions\/7579"}],"wp:attachment":[{"href":"https:\/\/becooltravel.com\/de\/wp-json\/wp\/v2\/media?parent=5889"}],"curies":[{"name":"wp","href":"https:\/\/api.w.org\/{rel}","templated":true}]}}