{"id":7381,"date":"2024-11-04T22:15:29","date_gmt":"2024-11-04T22:15:29","guid":{"rendered":"https:\/\/becooltravel.com\/?page_id=7381"},"modified":"2024-12-15T22:06:19","modified_gmt":"2024-12-15T22:06:19","slug":"guided-wellness","status":"publish","type":"page","link":"https:\/\/becooltravel.com\/de\/gefuhrte-gruppenreisen-2\/gefuhrtes-wellness\/","title":{"rendered":"Gef\u00fchrte Wellness"},"content":{"rendered":"<div id=\"fws_69e201250fb44\"  data-column-margin=\"default\" data-midnight=\"dark\"  class=\"wpb_row vc_row-fluid vc_row\"  style=\"padding-top: 0px; padding-bottom: 0px; \"><div class=\"row-bg-wrap\" data-bg-animation=\"none\" data-bg-animation-delay=\"\" data-bg-overlay=\"false\"><div class=\"inner-wrap row-bg-layer\" ><div class=\"row-bg viewport-desktop\"  style=\"\"><\/div><\/div><\/div><div class=\"row_col_wrap_12 col span_12 dark left\">\n\t<div  class=\"vc_col-sm-3 wpb_column column_container vc_column_container col no-extra-padding inherit_tablet inherit_phone\"  data-padding-pos=\"all\" data-has-bg-color=\"false\" data-bg-color=\"\" data-bg-opacity=\"1\" data-animation=\"\" data-delay=\"0\" >\n\t\t<div class=\"vc_column-inner\" >\n\t\t\t<div class=\"wpb_wrapper\">\n\t\t\t\t<div class=\"wpb_wmca_accordion_wrapper wpb_wmca_accordion_wrapper_7658 wpb_wmca_accordion_wrapper_theme_minimal wpb_wmca_accordion_indicator_position_right wpb_wmca_depth_spacing_yes wpb_wmca_keyboard_accessibility_no wpb_wmca_control_max_height_no\" ><h4>Kategorien<\/h4>\n<div class=\"wpb_wmca_accordion_inner\"><div class=\"wpb_wmca_accordion_shortcode_7658 wpb_wmca_fire_accordion wpb_the_menu_accordion wpb_wmca_menu_1308 wpb_category_n_menu_accordion wpb_wmca_theme_minimal wpb_wcma_manu_parent_open_off wpb_wcma_all_level_manu_open_off wpb_wmca_current_menu_open_off wpb_wmca_jc_submenu_no\" data-accordion=\"true\" data-save=\"true\" data-duration=\"400\" data-trigger=\"click\" data-indicator_icon=\"fas fa-plus\">\n\t<ul id=\"menu-becool-menu-lateral-tours\" class=\"wpb_category_n_menu_accordion_list\"><li id='menu-item-7402'  class=\"menu-item menu-item-type-post_type menu-item-object-page wpb-wmca-menu-item-has-children\"><a  href=\"https:\/\/becooltravel.com\/de\/selbstgefuhrte-touren-2\/\">SELBSTGEF\u00dcHRTE TOUREN<\/a> \n<ul class=\"sub-menu\">\n<li id='menu-item-7405'  class=\"menu-item menu-item-type-post_type menu-item-object-page\"><a  href=\"https:\/\/becooltravel.com\/de\/selbstgefuhrte-touren-2\/selbstgefuhrtes-wandern\/\">Selbstgef\u00fchrtes Gehen<\/a> <\/li>\n<li id='menu-item-7408'  class=\"menu-item menu-item-type-post_type menu-item-object-page\"><a  href=\"https:\/\/becooltravel.com\/de\/selbstgefuhrte-touren-2\/selbstgefuhrtes-radfahren\/\">Selbstgef\u00fchrtes Radfahren<\/a> <\/li>\n<li id='menu-item-7411'  class=\"menu-item menu-item-type-post_type menu-item-object-page\"><a  href=\"https:\/\/becooltravel.com\/de\/selbstgefuhrte-touren-2\/selbstgefuhrte-vogelbeobachtung\/\">Selbstgef\u00fchrte Vogelbeobachtung<\/a> <\/li>\n<li id='menu-item-7414'  class=\"menu-item menu-item-type-post_type menu-item-object-page\"><a  href=\"https:\/\/becooltravel.com\/de\/selbstgefuhrte-touren-2\/selbstfahrer\/\">Selbstfahren<\/a> <\/li>\n<li id='menu-item-7417'  class=\"menu-item menu-item-type-post_type menu-item-object-page\"><a  href=\"https:\/\/becooltravel.com\/de\/selbstgefuhrte-touren-2\/selbstgefuhrte-bahnreisen\/\">Selbstgef\u00fchrte Zugtouren<\/a> <\/li>\n<li id='menu-item-7420'  class=\"menu-item menu-item-type-post_type menu-item-object-page\"><a  href=\"https:\/\/becooltravel.com\/de\/selbstgefuhrte-touren-2\/selbstgefuhrter-sonnenstrand\/\">Selbstgef\u00fchrte Sonne &amp; Strand<\/a> <\/li>\n<li id='menu-item-7423'  class=\"menu-item menu-item-type-post_type menu-item-object-page\"><a  href=\"https:\/\/becooltravel.com\/de\/selbstgefuhrte-touren-2\/selbstgefuhrte-besichtigung\/\">Selbstgef\u00fchrte Besichtigung<\/a> <\/li>\n<\/ul>\n<\/li>\n<li id='menu-item-7426'  class=\"menu-item menu-item-type-post_type menu-item-object-page wpb-wmca-menu-item-has-children\"><a  href=\"https:\/\/becooltravel.com\/de\/urlaubspakete-2\/\">URLAUBSPAKETE<\/a> \n<ul class=\"sub-menu\">\n<li id='menu-item-7431'  class=\"menu-item menu-item-type-post_type menu-item-object-page\"><a  href=\"https:\/\/becooltravel.com\/de\/urlaubspakete-2\/escape-4-tage-paket\/\">Entfliehen Sie dem Alltag... (4-Tage-Paket)<\/a> <\/li>\n<li id='menu-item-7434'  class=\"menu-item menu-item-type-post_type menu-item-object-page\"><a  href=\"https:\/\/becooltravel.com\/de\/urlaubspakete-2\/6-tage-paket-geniesen\/\">Genie\u00dfen Sie\u2026 (6-Tage-Paket)<\/a> <\/li>\n<li id='menu-item-7437'  class=\"menu-item menu-item-type-post_type menu-item-object-page\"><a  href=\"https:\/\/becooltravel.com\/de\/urlaubspakete-2\/relax-8-tage-paket\/\">Entspannen Sie sich\u2026 (8-Tage-Paket)<\/a> <\/li>\n<li id='menu-item-7441'  class=\"menu-item menu-item-type-post_type menu-item-object-page\"><a  href=\"https:\/\/becooltravel.com\/de\/urlaubspakete-2\/11-tage-paket-erkunden\/\">Entdecken Sie\u2026 (11-Tage-Paket)<\/a> <\/li>\n<li id='menu-item-7444'  class=\"menu-item menu-item-type-post_type menu-item-object-page\"><a  href=\"https:\/\/becooltravel.com\/de\/urlaubspakete-2\/langzeitaufenthalte\/\">Lange Aufenthalte<\/a> <\/li>\n<\/ul>\n<\/li>\n<\/ul><\/div>\n<\/div><\/div>\n\t\t\t<\/div> \n\t\t<\/div>\n\t<\/div> \n\n\t<div  class=\"vc_col-sm-9 wpb_column column_container vc_column_container col no-extra-padding inherit_tablet inherit_phone\"  data-padding-pos=\"all\" data-has-bg-color=\"false\" data-bg-color=\"\" data-bg-opacity=\"1\" data-animation=\"\" data-delay=\"0\" >\n\t\t<div class=\"vc_column-inner\" >\n\t\t\t<div class=\"wpb_wrapper\">\n\t\t\t\t\n<div class=\"wpb_text_column wpb_content_element\" >\n\t<p>Suchen Sie nach bedeutungsvollen Reiseerlebnissen? Schaffen Sie positive Ver\u00e4nderungen in Ihrem Leben mit dieser Sammlung lebensver\u00e4ndernder gef\u00fchrter Wellness-Urlaube.<\/p>\n<p>Ganz gleich, ob Sie aktiv werden, Ihren K\u00f6rper reinigen oder Stress abbauen m\u00f6chten oder eine heilsame spirituelle Erfahrung brauchen \u2013 bei uns finden Sie einen gesunden Urlaub, der Ihnen dabei hilft, neue Energie zu tanken und Ihr allgemeines Wohlbefinden zu steigern.<\/p>\n<p>Die Touren werden begleitet, um die bestm\u00f6glichen Ergebnisse zu erzielen und beruhigende und aufschlussreiche Aktivit\u00e4ten mit angenehmen geselligen Abenden zu kombinieren, um Ihre Energie zu tanken.<\/p>\n<\/div>\n\n\n\n<div class='nectar-post-grid-wrap text-color-dark spacing-10px' data-el-settings='{\"post_type\":\"custom\",\"pagination\":\"none\",\"image_size\":\"large\",\"parallax_scrolling\":\"\",\"aspect_ratio_image_size\":\"\",\"category_position\":\"below_title\",\"category_display\":\"default\",\"display_categories\":\"0\",\"display_excerpt\":\"0\",\"excerpt_length\":\"20\",\"content_next_to_image_excerpt_pos\":\"default\",\"display_date\":\"0\",\"display_estimated_reading_time\":\"0\",\"display_author\":\"0\",\"author_functionality\":\"default\",\"author_position\":\"default\",\"color_overlay\":\"\",\"color_overlay_opacity\":\"\",\"color_overlay_hover_opacity\":\"\",\"card_bg_color\":\"\",\"grid_style\":\"content_under_image\",\"hover_effect\":\"zoom\",\"post_title_overlay\":\"\",\"heading_tag\":\"h2\",\"heading_tag_render\":\"default\",\"enable_gallery_lightbox\":\"0\",\"remove_links\":\"0\",\"category_style\":\"underline\",\"overlay_secondary_project_image\":\"\",\"vertical_list_hover_effect\":\"none\",\"vertical_list_read_more\":\"\",\"vertical_list_read_more_style\":\"text\",\"read_more_button\":\"0\",\"animation\":\"none\",\"custom_fields\":\"%5B%7B%22meta_key%22%3A%22tourcms_wp_custom_tcategoria%22%2C%22use_custom_format%22%3A%22%22%2C%22custom_format%22%3A%22%25s%22%2C%22render_tag%22%3A%22div%22%7D%2C%7B%22meta_key%22%3A%22tourcms_wp_available%22%2C%22use_custom_format%22%3A%22%22%2C%22custom_format%22%3A%22%25s%22%2C%22render_tag%22%3A%22div%22%7D%2C%7B%22meta_key%22%3A%22tourcms_wp_custom_tgrade%22%2C%22use_custom_format%22%3A%22%22%2C%22custom_format%22%3A%22%25s%22%2C%22render_tag%22%3A%22div%22%7D%2C%7B%22meta_key%22%3A%22tourcms_wp_from_price_display%22%2C%22use_custom_format%22%3A%22%22%2C%22custom_format%22%3A%22From%3A%20%25s%20pp%22%2C%22render_tag%22%3A%22h4%22%7D%5D\",\"custom_fields_location\":\"after_post_meta\",\"display_type\":\"grid\",\"text_content_layout\":\"top_left\"}' data-style='content_under_image' data-query='{\"post_type\":\"custom\",\"posts_per_page\":\"500\",\"order\":\"DESC\",\"orderby\":\"date\",\"offset\":\"0\",\"cpt_name\":\"tour\",\"custom_query_tax\":\"1350\",\"ignore_sticky_posts\":\"\",\"exclude_current_post\":\"\"}' data-load-more-color='black' data-load-more-text='Load More'><div class=\"nectar-post-grid-filters\" data-active-color=\"default\" data-align=\"default\" data-animation=\"none\" data-sortable=\"\"><div><a href=\"#\" class=\"active all-filter\" data-filter=\"1350\" data-total-count=\"0\">Alle<\/a><a href=\"#\" data-filter=\"1350\" data-total-count=\"0\">Gef\u00fchrte Wellness<\/a><\/div><\/div><div class=\"nectar-post-grid custom_font_size_16px category-position-after-title\" data-indicator=\"\" data-indicator-style=\"default\" data-indicator-text-color=\"#fff\" data-indicator-color=\"#000\" data-indicator-text=\"View\" data-columns=\"4\" data-hover-effect=\"zoom\" data-text-style=\"default\" data-border-radius=\"none\" data-grid-item-height=\"40vh\" data-grid-spacing=\"10px\" data-text-layout=\"top_left\" data-text-color=\"dark\" data-text-hover-color=\"dark\" data-shadow-hover=\"\" data-animation=\"none\" data-animation-stagger=\"90\" data-cat-click=\"default\"  data-lock-aspect=\"\"  data-text-align=\"left\" data-card=\"\" ><\/div><\/div><div class=\"woocommerce columns-4\">\n  <ul class=\"products columns-4\" data-n-lazy=\"1\" data-rm-m-hover=\"off\" data-n-desktop-columns=\"4\" data-n-desktop-small-columns=\"4\" data-n-tablet-columns=\"2\" data-n-phone-columns=\"1\" data-product-style=\"classic\">\n\n\n\n\t<li class=\"classic product type-product post-3782 status-publish first instock product_cat-guided-group-tours product_cat-guided-wellness-holidays-in-portugal product_tag-alcoutim product_tag-algarve product_tag-castle-of-alcoutim product_tag-east-algarve product_tag-green-landscape product_tag-guadiana product_tag-guadiana-estuary product_tag-guadiana-grand-route product_tag-guadiana-river product_tag-guadiana-valley product_tag-guided-holidays product_tag-guided-tours product_tag-healing-holidays product_tag-holidays product_tag-holidays-in-portugal product_tag-medieval-castle product_tag-meditation-holidays product_tag-meditation-retreat product_tag-mertola product_tag-mindfulness-holidays product_tag-natural-scenery product_tag-river-guadiana product_tag-spiritual-retreats product_tag-tours-in-portugal product_tag-traditional-villages product_tag-yoga-retreats has-post-thumbnail virtual sold-individually product-type-booking\" >\n\n\n\t\n\n\t\t\t   <div class=\"product-wrap\">\n\t\t\t<a href=\"https:\/\/becooltravel.com\/de\/produkt\/ganzheitliche-meditationsferien-9100g\/\" aria-label=\"Algarve Walking und ganzheitliche Meditationsferien\"><img decoding=\"async\" width=\"300\" height=\"300\" src=\"https:\/\/i0.wp.com\/becooltravel.com\/wp-content\/uploads\/sites\/5\/2020\/06\/meditation_holidays.jpg?resize=300%2C300&amp;ssl=1\" class=\"attachment-woocommerce_thumbnail size-woocommerce_thumbnail\" alt=\"Meditation\" srcset=\"https:\/\/i0.wp.com\/becooltravel.com\/wp-content\/uploads\/sites\/5\/2020\/06\/meditation_holidays.jpg?resize=150%2C150&amp;ssl=1 150w, https:\/\/i0.wp.com\/becooltravel.com\/wp-content\/uploads\/sites\/5\/2020\/06\/meditation_holidays.jpg?resize=100%2C100&amp;ssl=1 100w, https:\/\/i0.wp.com\/becooltravel.com\/wp-content\/uploads\/sites\/5\/2020\/06\/meditation_holidays.jpg?resize=140%2C140&amp;ssl=1 140w, https:\/\/i0.wp.com\/becooltravel.com\/wp-content\/uploads\/sites\/5\/2020\/06\/meditation_holidays.jpg?resize=500%2C500&amp;ssl=1 500w, https:\/\/i0.wp.com\/becooltravel.com\/wp-content\/uploads\/sites\/5\/2020\/06\/meditation_holidays.jpg?resize=350%2C350&amp;ssl=1 350w, https:\/\/i0.wp.com\/becooltravel.com\/wp-content\/uploads\/sites\/5\/2020\/06\/meditation_holidays.jpg?resize=800%2C800&amp;ssl=1 800w, https:\/\/i0.wp.com\/becooltravel.com\/wp-content\/uploads\/sites\/5\/2020\/06\/meditation_holidays.jpg?resize=300%2C300&amp;ssl=1 300w, https:\/\/i0.wp.com\/becooltravel.com\/wp-content\/uploads\/sites\/5\/2020\/06\/meditation_holidays.jpg?zoom=2&amp;resize=300%2C300&amp;ssl=1 600w, https:\/\/i0.wp.com\/becooltravel.com\/wp-content\/uploads\/sites\/5\/2020\/06\/meditation_holidays.jpg?zoom=3&amp;resize=300%2C300&amp;ssl=1 900w\" sizes=\"(max-width: 300px) 100vw, 300px\" \/><\/a>\n\t\t\t<div class=\"product-add-to-cart\" data-nectar-quickview=\"true\">\t<span id=\"woocommerce_loop_add_to_cart_link_describedby_3782\" class=\"screen-reader-text\">\n\t\t\t<\/span>\n<a class=\"nectar_quick_view no-ajaxy button\" data-product-id=\"3782\"> <i class=\"normal icon-salient-m-eye\"><\/i>\n\t    <span>Schnellansicht<\/span><\/a><\/div>\t\t   <\/div>\n\t\t\t\t\n\t  \n\n\t\t<h2 class=\"woocommerce-loop-product__title\">Algarve Walking und ganzheitliche Meditationsferien<\/h2><h3>Kleingruppen-Wellness<\/h3><p class=\"product-duration availability\"><strong>Verf\u00fcgbarkeit:<\/strong> Bald erh\u00e4ltlich<\/p><p class=\"product-duration grade\"><strong>Klasse:<\/strong> Moderat (4\/8)<\/p>\n<a href=\"https:\/\/becooltravel.com\/de\/produkt\/ganzheitliche-meditationsferien-9100g\/\" class=\"price\">Preis anfordern<\/a>\t<span class=\"price\"><span class=\"woocommerce-Price-amount amount\"><bdi><span class=\"woocommerce-Price-currencySymbol\">\u20ac<\/span>0.00<\/bdi><\/span><\/span>\n\n\t\n\n\t\n<\/li><\/ul>\n<\/div>\n\t\t\t<\/div> \n\t\t<\/div>\n\t<\/div> \n<\/div><\/div>","protected":false},"excerpt":{"rendered":"Kategorien: SELBSTGEF\u00dcHRTE TOUREN Selbstgef\u00fchrte Wanderungen Selbstgef\u00fchrte Radtouren Selbstgef\u00fchrte Vogelbeobachtungen Selbstgef\u00fchrte Autoreisen Selbstgef\u00fchrte Zugreisen Selbstgef\u00fchrte Sonnen- und Strandurlaube Selbstgef\u00fchrte Sightseeing-Touren URLAUBSPAKETE Auszeit\u2026 (4-Tage-Paket)...","protected":false},"author":198,"featured_media":5595,"parent":7384,"menu_order":0,"comment_status":"closed","ping_status":"closed","template":"","meta":{"_acf_changed":false,"inline_featured_image":false,"footnotes":""},"class_list":["post-7381","page","type-page","status-publish","has-post-thumbnail"],"acf":[],"yoast_head":"<!-- This site is optimized with the Yoast SEO Premium plugin v26.8 (Yoast SEO v27.4) - https:\/\/yoast.com\/product\/yoast-seo-premium-wordpress\/ -->\n<title>Guided Wellness - BeCool Travel<\/title>\n<meta name=\"robots\" content=\"index, follow, max-snippet:-1, max-image-preview:large, max-video-preview:-1\" \/>\n<link rel=\"canonical\" href=\"https:\/\/becooltravel.com\/de\/gefuhrte-gruppenreisen-2\/gefuhrtes-wellness\/\" \/>\n<meta property=\"og:locale\" content=\"de_DE\" \/>\n<meta property=\"og:type\" content=\"article\" \/>\n<meta property=\"og:title\" content=\"Guided Wellness\" \/>\n<meta property=\"og:url\" content=\"https:\/\/becooltravel.com\/de\/gefuhrte-gruppenreisen-2\/gefuhrtes-wellness\/\" \/>\n<meta property=\"og:site_name\" content=\"BeCool Travel\" \/>\n<meta property=\"article:publisher\" content=\"https:\/\/www.facebook.com\/becooltravelagency\/\" \/>\n<meta property=\"article:modified_time\" content=\"2024-12-15T22:06:19+00:00\" \/>\n<meta property=\"og:image\" content=\"https:\/\/becooltravel.com\/wp-content\/uploads\/sites\/5\/2020\/07\/wellness_holidays.jpg\" \/>\n\t<meta property=\"og:image:width\" content=\"1620\" \/>\n\t<meta property=\"og:image:height\" content=\"1080\" \/>\n\t<meta property=\"og:image:type\" content=\"image\/jpeg\" \/>\n<meta name=\"twitter:card\" content=\"summary_large_image\" \/>\n<meta name=\"twitter:site\" content=\"@becool_travel\" \/>\n<meta name=\"twitter:label1\" content=\"Gesch\u00e4tzte Lesezeit\" \/>\n\t<meta name=\"twitter:data1\" content=\"1\u00a0Minute\" \/>\n<script type=\"application\/ld+json\" class=\"yoast-schema-graph\">{\"@context\":\"https:\\\/\\\/schema.org\",\"@graph\":[{\"@type\":\"WebPage\",\"@id\":\"https:\\\/\\\/becooltravel.com\\\/guided-group-tours-2\\\/guided-wellness\\\/\",\"url\":\"https:\\\/\\\/becooltravel.com\\\/guided-group-tours-2\\\/guided-wellness\\\/\",\"name\":\"Guided Wellness - BeCool Travel\",\"isPartOf\":{\"@id\":\"https:\\\/\\\/becooltravel.com\\\/#website\"},\"primaryImageOfPage\":{\"@id\":\"https:\\\/\\\/becooltravel.com\\\/guided-group-tours-2\\\/guided-wellness\\\/#primaryimage\"},\"image\":{\"@id\":\"https:\\\/\\\/becooltravel.com\\\/guided-group-tours-2\\\/guided-wellness\\\/#primaryimage\"},\"thumbnailUrl\":\"https:\\\/\\\/i0.wp.com\\\/becooltravel.com\\\/wp-content\\\/uploads\\\/sites\\\/5\\\/2020\\\/07\\\/wellness_holidays.jpg?fit=1620%2C1080&ssl=1\",\"datePublished\":\"2024-11-04T22:15:29+00:00\",\"dateModified\":\"2024-12-15T22:06:19+00:00\",\"breadcrumb\":{\"@id\":\"https:\\\/\\\/becooltravel.com\\\/guided-group-tours-2\\\/guided-wellness\\\/#breadcrumb\"},\"inLanguage\":\"de\",\"potentialAction\":[{\"@type\":\"ReadAction\",\"target\":[\"https:\\\/\\\/becooltravel.com\\\/guided-group-tours-2\\\/guided-wellness\\\/\"]}]},{\"@type\":\"ImageObject\",\"inLanguage\":\"de\",\"@id\":\"https:\\\/\\\/becooltravel.com\\\/guided-group-tours-2\\\/guided-wellness\\\/#primaryimage\",\"url\":\"https:\\\/\\\/i0.wp.com\\\/becooltravel.com\\\/wp-content\\\/uploads\\\/sites\\\/5\\\/2020\\\/07\\\/wellness_holidays.jpg?fit=1620%2C1080&ssl=1\",\"contentUrl\":\"https:\\\/\\\/i0.wp.com\\\/becooltravel.com\\\/wp-content\\\/uploads\\\/sites\\\/5\\\/2020\\\/07\\\/wellness_holidays.jpg?fit=1620%2C1080&ssl=1\",\"width\":1620,\"height\":1080,\"caption\":\"Wellness holidays\"},{\"@type\":\"BreadcrumbList\",\"@id\":\"https:\\\/\\\/becooltravel.com\\\/guided-group-tours-2\\\/guided-wellness\\\/#breadcrumb\",\"itemListElement\":[{\"@type\":\"ListItem\",\"position\":1,\"name\":\"Home\",\"item\":\"https:\\\/\\\/becooltravel.com\\\/\"},{\"@type\":\"ListItem\",\"position\":2,\"name\":\"Guided Group Holidays escorted by expert and passionate tour leaders\",\"item\":\"https:\\\/\\\/becooltravel.com\\\/?page_id=7384\"},{\"@type\":\"ListItem\",\"position\":3,\"name\":\"Guided Wellness\"}]},{\"@type\":\"WebSite\",\"@id\":\"https:\\\/\\\/becooltravel.com\\\/#website\",\"url\":\"https:\\\/\\\/becooltravel.com\\\/\",\"name\":\"BeCool Travel\",\"description\":\"Sustainable holidays in Portugal for independent travelers\",\"publisher\":{\"@id\":\"https:\\\/\\\/becooltravel.com\\\/#organization\"},\"potentialAction\":[{\"@type\":\"SearchAction\",\"target\":{\"@type\":\"EntryPoint\",\"urlTemplate\":\"https:\\\/\\\/becooltravel.com\\\/?s={search_term_string}\"},\"query-input\":{\"@type\":\"PropertyValueSpecification\",\"valueRequired\":true,\"valueName\":\"search_term_string\"}}],\"inLanguage\":\"de\"},{\"@type\":\"Organization\",\"@id\":\"https:\\\/\\\/becooltravel.com\\\/#organization\",\"name\":\"BecoolTravel. com- Portugal\",\"url\":\"https:\\\/\\\/becooltravel.com\\\/\",\"logo\":{\"@type\":\"ImageObject\",\"inLanguage\":\"de\",\"@id\":\"https:\\\/\\\/becooltravel.com\\\/#\\\/schema\\\/logo\\\/image\\\/\",\"url\":\"https:\\\/\\\/becooltravel.com\\\/wp-content\\\/uploads\\\/sites\\\/5\\\/2020\\\/03\\\/Logo_BeCool.jpg\",\"contentUrl\":\"https:\\\/\\\/becooltravel.com\\\/wp-content\\\/uploads\\\/sites\\\/5\\\/2020\\\/03\\\/Logo_BeCool.jpg\",\"width\":534,\"height\":534,\"caption\":\"BecoolTravel. com- Portugal\"},\"image\":{\"@id\":\"https:\\\/\\\/becooltravel.com\\\/#\\\/schema\\\/logo\\\/image\\\/\"},\"sameAs\":[\"https:\\\/\\\/www.facebook.com\\\/becooltravelagency\\\/\",\"https:\\\/\\\/x.com\\\/becool_travel\",\"https:\\\/\\\/www.instagram.com\\\/becooltravel_com\\\/\",\"https:\\\/\\\/www.linkedin.com\\\/company\\\/becool-travel\\\/\",\"https:\\\/\\\/www.youtube.com\\\/channel\\\/UCE7zRU3EVG1PgfXwQo-5uJw\"]}]}<\/script>\n<!-- \/ Yoast SEO Premium plugin. -->","yoast_head_json":{"title":"Gef\u00fchrtes Wohlbefinden - BeCool Travel","robots":{"index":"index","follow":"follow","max-snippet":"max-snippet:-1","max-image-preview":"max-image-preview:large","max-video-preview":"max-video-preview:-1"},"canonical":"https:\/\/becooltravel.com\/de\/gefuhrte-gruppenreisen-2\/gefuhrtes-wellness\/","og_locale":"de_DE","og_type":"article","og_title":"Guided Wellness","og_url":"https:\/\/becooltravel.com\/de\/gefuhrte-gruppenreisen-2\/gefuhrtes-wellness\/","og_site_name":"BeCool Travel","article_publisher":"https:\/\/www.facebook.com\/becooltravelagency\/","article_modified_time":"2024-12-15T22:06:19+00:00","og_image":[{"width":1620,"height":1080,"url":"https:\/\/becooltravel.com\/wp-content\/uploads\/sites\/5\/2020\/07\/wellness_holidays.jpg","type":"image\/jpeg"}],"twitter_card":"summary_large_image","twitter_site":"@becool_travel","twitter_misc":{"Gesch\u00e4tzte Lesezeit":"1\u00a0Minute"},"schema":{"@context":"https:\/\/schema.org","@graph":[{"@type":"WebPage","@id":"https:\/\/becooltravel.com\/guided-group-tours-2\/guided-wellness\/","url":"https:\/\/becooltravel.com\/guided-group-tours-2\/guided-wellness\/","name":"Gef\u00fchrtes Wohlbefinden - BeCool Travel","isPartOf":{"@id":"https:\/\/becooltravel.com\/#website"},"primaryImageOfPage":{"@id":"https:\/\/becooltravel.com\/guided-group-tours-2\/guided-wellness\/#primaryimage"},"image":{"@id":"https:\/\/becooltravel.com\/guided-group-tours-2\/guided-wellness\/#primaryimage"},"thumbnailUrl":"https:\/\/i0.wp.com\/becooltravel.com\/wp-content\/uploads\/sites\/5\/2020\/07\/wellness_holidays.jpg?fit=1620%2C1080&ssl=1","datePublished":"2024-11-04T22:15:29+00:00","dateModified":"2024-12-15T22:06:19+00:00","breadcrumb":{"@id":"https:\/\/becooltravel.com\/guided-group-tours-2\/guided-wellness\/#breadcrumb"},"inLanguage":"de","potentialAction":[{"@type":"ReadAction","target":["https:\/\/becooltravel.com\/guided-group-tours-2\/guided-wellness\/"]}]},{"@type":"ImageObject","inLanguage":"de","@id":"https:\/\/becooltravel.com\/guided-group-tours-2\/guided-wellness\/#primaryimage","url":"https:\/\/i0.wp.com\/becooltravel.com\/wp-content\/uploads\/sites\/5\/2020\/07\/wellness_holidays.jpg?fit=1620%2C1080&ssl=1","contentUrl":"https:\/\/i0.wp.com\/becooltravel.com\/wp-content\/uploads\/sites\/5\/2020\/07\/wellness_holidays.jpg?fit=1620%2C1080&ssl=1","width":1620,"height":1080,"caption":"Wellness holidays"},{"@type":"BreadcrumbList","@id":"https:\/\/becooltravel.com\/guided-group-tours-2\/guided-wellness\/#breadcrumb","itemListElement":[{"@type":"ListItem","position":1,"name":"Home","item":"https:\/\/becooltravel.com\/"},{"@type":"ListItem","position":2,"name":"Guided Group Holidays escorted by expert and passionate tour leaders","item":"https:\/\/becooltravel.com\/?page_id=7384"},{"@type":"ListItem","position":3,"name":"Guided Wellness"}]},{"@type":"WebSite","@id":"https:\/\/becooltravel.com\/#website","url":"https:\/\/becooltravel.com\/","name":"BeCool Travel","description":"Nachhaltiger Urlaub in Portugal f\u00fcr Individualreisende","publisher":{"@id":"https:\/\/becooltravel.com\/#organization"},"potentialAction":[{"@type":"SearchAction","target":{"@type":"EntryPoint","urlTemplate":"https:\/\/becooltravel.com\/?s={search_term_string}"},"query-input":{"@type":"PropertyValueSpecification","valueRequired":true,"valueName":"search_term_string"}}],"inLanguage":"de"},{"@type":"Organization","@id":"https:\/\/becooltravel.com\/#organization","name":"BecoolTravel. com- Portugal","url":"https:\/\/becooltravel.com\/","logo":{"@type":"ImageObject","inLanguage":"de","@id":"https:\/\/becooltravel.com\/#\/schema\/logo\/image\/","url":"https:\/\/becooltravel.com\/wp-content\/uploads\/sites\/5\/2020\/03\/Logo_BeCool.jpg","contentUrl":"https:\/\/becooltravel.com\/wp-content\/uploads\/sites\/5\/2020\/03\/Logo_BeCool.jpg","width":534,"height":534,"caption":"BecoolTravel. com- Portugal"},"image":{"@id":"https:\/\/becooltravel.com\/#\/schema\/logo\/image\/"},"sameAs":["https:\/\/www.facebook.com\/becooltravelagency\/","https:\/\/x.com\/becool_travel","https:\/\/www.instagram.com\/becooltravel_com\/","https:\/\/www.linkedin.com\/company\/becool-travel\/","https:\/\/www.youtube.com\/channel\/UCE7zRU3EVG1PgfXwQo-5uJw"]}]}},"jetpack_sharing_enabled":true,"_links":{"self":[{"href":"https:\/\/becooltravel.com\/de\/wp-json\/wp\/v2\/pages\/7381","targetHints":{"allow":["GET"]}}],"collection":[{"href":"https:\/\/becooltravel.com\/de\/wp-json\/wp\/v2\/pages"}],"about":[{"href":"https:\/\/becooltravel.com\/de\/wp-json\/wp\/v2\/types\/page"}],"author":[{"embeddable":true,"href":"https:\/\/becooltravel.com\/de\/wp-json\/wp\/v2\/users\/198"}],"replies":[{"embeddable":true,"href":"https:\/\/becooltravel.com\/de\/wp-json\/wp\/v2\/comments?post=7381"}],"version-history":[{"count":6,"href":"https:\/\/becooltravel.com\/de\/wp-json\/wp\/v2\/pages\/7381\/revisions"}],"predecessor-version":[{"id":7762,"href":"https:\/\/becooltravel.com\/de\/wp-json\/wp\/v2\/pages\/7381\/revisions\/7762"}],"up":[{"embeddable":true,"href":"https:\/\/becooltravel.com\/de\/wp-json\/wp\/v2\/pages\/7384"}],"wp:featuredmedia":[{"embeddable":true,"href":"https:\/\/becooltravel.com\/de\/wp-json\/wp\/v2\/media\/5595"}],"wp:attachment":[{"href":"https:\/\/becooltravel.com\/de\/wp-json\/wp\/v2\/media?parent=7381"}],"curies":[{"name":"wp","href":"https:\/\/api.w.org\/{rel}","templated":true}]}}