{"id":7390,"date":"2024-11-04T22:43:17","date_gmt":"2024-11-04T22:43:17","guid":{"rendered":"https:\/\/becooltravel.com\/?page_id=7390"},"modified":"2024-12-15T22:06:49","modified_gmt":"2024-12-15T22:06:49","slug":"guided-tennis","status":"publish","type":"page","link":"https:\/\/becooltravel.com\/de\/gefuhrte-gruppenreisen-2\/gefuhrtes-tennis\/","title":{"rendered":"Gef\u00fchrtes Tennis"},"content":{"rendered":"<div id=\"fws_69df0df609824\"  data-column-margin=\"default\" data-midnight=\"dark\"  class=\"wpb_row vc_row-fluid vc_row\"  style=\"padding-top: 0px; padding-bottom: 0px; \"><div class=\"row-bg-wrap\" data-bg-animation=\"none\" data-bg-animation-delay=\"\" data-bg-overlay=\"false\"><div class=\"inner-wrap row-bg-layer\" ><div class=\"row-bg viewport-desktop\"  style=\"\"><\/div><\/div><\/div><div class=\"row_col_wrap_12 col span_12 dark left\">\n\t<div  class=\"vc_col-sm-3 wpb_column column_container vc_column_container col no-extra-padding inherit_tablet inherit_phone\"  data-padding-pos=\"all\" data-has-bg-color=\"false\" data-bg-color=\"\" data-bg-opacity=\"1\" data-animation=\"\" data-delay=\"0\" >\n\t\t<div class=\"vc_column-inner\" >\n\t\t\t<div class=\"wpb_wrapper\">\n\t\t\t\t<div class=\"wpb_wmca_accordion_wrapper wpb_wmca_accordion_wrapper_7658 wpb_wmca_accordion_wrapper_theme_minimal wpb_wmca_accordion_indicator_position_right wpb_wmca_depth_spacing_yes wpb_wmca_keyboard_accessibility_no wpb_wmca_control_max_height_no\" ><h4>Kategorien<\/h4>\n<div class=\"wpb_wmca_accordion_inner\"><div class=\"wpb_wmca_accordion_shortcode_7658 wpb_wmca_fire_accordion wpb_the_menu_accordion wpb_wmca_menu_1308 wpb_category_n_menu_accordion wpb_wmca_theme_minimal wpb_wcma_manu_parent_open_off wpb_wcma_all_level_manu_open_off wpb_wmca_current_menu_open_off wpb_wmca_jc_submenu_no\" data-accordion=\"true\" data-save=\"true\" data-duration=\"400\" data-trigger=\"click\" data-indicator_icon=\"fas fa-plus\">\n\t<ul id=\"menu-becool-menu-lateral-tours\" class=\"wpb_category_n_menu_accordion_list\"><li id='menu-item-7402'  class=\"menu-item menu-item-type-post_type menu-item-object-page wpb-wmca-menu-item-has-children\"><a  href=\"https:\/\/becooltravel.com\/de\/selbstgefuhrte-touren-2\/\">SELBSTGEF\u00dcHRTE TOUREN<\/a> \n<ul class=\"sub-menu\">\n<li id='menu-item-7405'  class=\"menu-item menu-item-type-post_type menu-item-object-page\"><a  href=\"https:\/\/becooltravel.com\/de\/selbstgefuhrte-touren-2\/selbstgefuhrtes-wandern\/\">Selbstgef\u00fchrtes Gehen<\/a> <\/li>\n<li id='menu-item-7408'  class=\"menu-item menu-item-type-post_type menu-item-object-page\"><a  href=\"https:\/\/becooltravel.com\/de\/selbstgefuhrte-touren-2\/selbstgefuhrtes-radfahren\/\">Selbstgef\u00fchrtes Radfahren<\/a> <\/li>\n<li id='menu-item-7411'  class=\"menu-item menu-item-type-post_type menu-item-object-page\"><a  href=\"https:\/\/becooltravel.com\/de\/selbstgefuhrte-touren-2\/selbstgefuhrte-vogelbeobachtung\/\">Selbstgef\u00fchrte Vogelbeobachtung<\/a> <\/li>\n<li id='menu-item-7414'  class=\"menu-item menu-item-type-post_type menu-item-object-page\"><a  href=\"https:\/\/becooltravel.com\/de\/selbstgefuhrte-touren-2\/selbstfahrer\/\">Selbstfahren<\/a> <\/li>\n<li id='menu-item-7417'  class=\"menu-item menu-item-type-post_type menu-item-object-page\"><a  href=\"https:\/\/becooltravel.com\/de\/selbstgefuhrte-touren-2\/selbstgefuhrte-bahnreisen\/\">Selbstgef\u00fchrte Zugtouren<\/a> <\/li>\n<li id='menu-item-7420'  class=\"menu-item menu-item-type-post_type menu-item-object-page\"><a  href=\"https:\/\/becooltravel.com\/de\/selbstgefuhrte-touren-2\/selbstgefuhrter-sonnenstrand\/\">Selbstgef\u00fchrte Sonne &amp; Strand<\/a> <\/li>\n<li id='menu-item-7423'  class=\"menu-item menu-item-type-post_type menu-item-object-page\"><a  href=\"https:\/\/becooltravel.com\/de\/selbstgefuhrte-touren-2\/selbstgefuhrte-besichtigung\/\">Selbstgef\u00fchrte Besichtigung<\/a> <\/li>\n<\/ul>\n<\/li>\n<li id='menu-item-7426'  class=\"menu-item menu-item-type-post_type menu-item-object-page wpb-wmca-menu-item-has-children\"><a  href=\"https:\/\/becooltravel.com\/de\/urlaubspakete-2\/\">URLAUBSPAKETE<\/a> \n<ul class=\"sub-menu\">\n<li id='menu-item-7431'  class=\"menu-item menu-item-type-post_type menu-item-object-page\"><a  href=\"https:\/\/becooltravel.com\/de\/urlaubspakete-2\/escape-4-tage-paket\/\">Entfliehen Sie dem Alltag... (4-Tage-Paket)<\/a> <\/li>\n<li id='menu-item-7434'  class=\"menu-item menu-item-type-post_type menu-item-object-page\"><a  href=\"https:\/\/becooltravel.com\/de\/urlaubspakete-2\/6-tage-paket-geniesen\/\">Genie\u00dfen Sie\u2026 (6-Tage-Paket)<\/a> <\/li>\n<li id='menu-item-7437'  class=\"menu-item menu-item-type-post_type menu-item-object-page\"><a  href=\"https:\/\/becooltravel.com\/de\/urlaubspakete-2\/relax-8-tage-paket\/\">Entspannen Sie sich\u2026 (8-Tage-Paket)<\/a> <\/li>\n<li id='menu-item-7441'  class=\"menu-item menu-item-type-post_type menu-item-object-page\"><a  href=\"https:\/\/becooltravel.com\/de\/urlaubspakete-2\/11-tage-paket-erkunden\/\">Entdecken Sie\u2026 (11-Tage-Paket)<\/a> <\/li>\n<li id='menu-item-7444'  class=\"menu-item menu-item-type-post_type menu-item-object-page\"><a  href=\"https:\/\/becooltravel.com\/de\/urlaubspakete-2\/langzeitaufenthalte\/\">Lange Aufenthalte<\/a> <\/li>\n<\/ul>\n<\/li>\n<\/ul><\/div>\n<\/div><\/div>\n\t\t\t<\/div> \n\t\t<\/div>\n\t<\/div> \n\n\t<div  class=\"vc_col-sm-9 wpb_column column_container vc_column_container col no-extra-padding inherit_tablet inherit_phone\"  data-padding-pos=\"all\" data-has-bg-color=\"false\" data-bg-color=\"\" data-bg-opacity=\"1\" data-animation=\"\" data-delay=\"0\" >\n\t\t<div class=\"vc_column-inner\" >\n\t\t\t<div class=\"wpb_wrapper\">\n\t\t\t\t\n<div class=\"wpb_text_column wpb_content_element\" >\n\t<p>Unsere gef\u00fchrten Tennisferien machen Spa\u00df und sind interessant! Sie sind bis ins kleinste Detail organisiert, sodass Sie sich entspannen und auf Ihr Spiel konzentrieren k\u00f6nnen.<\/p>\n<p>Ein freundlicher Reiseleiter steht Ihnen jederzeit zur Verf\u00fcgung, um die Tennis-Mix-Ins und die gemeinsamen Abendessen zu organisieren, bei denen Sie die M\u00f6glichkeit haben, neue Freunde zu finden und feine lokale K\u00fcche und Weine zu genie\u00dfen!<\/p>\n<p>Unsere begleiteten Tennistouren und Pausen eignen sich sowohl f\u00fcr Alleinreisende als auch f\u00fcr Paare und Gruppen von Freunden. Es gibt viel Zeit zum Erkunden, Besichtigen und Entspannen, was es zum perfekten Urlaub f\u00fcr Tennisspieler und Besucher gleicherma\u00dfen macht.<\/p>\n<p>Au\u00dferdem verbringen Sie Zeit mit Gleichgesinnten mit \u00e4hnlichen Interessen, was bedeutet, dass Sie wahrscheinlich neue Freunde finden!<\/p>\n<\/div>\n\n\n\n<div class='nectar-post-grid-wrap text-color-dark spacing-10px' data-el-settings='{\"post_type\":\"custom\",\"pagination\":\"none\",\"image_size\":\"large\",\"parallax_scrolling\":\"\",\"aspect_ratio_image_size\":\"\",\"category_position\":\"below_title\",\"category_display\":\"default\",\"display_categories\":\"0\",\"display_excerpt\":\"0\",\"excerpt_length\":\"20\",\"content_next_to_image_excerpt_pos\":\"default\",\"display_date\":\"0\",\"display_estimated_reading_time\":\"0\",\"display_author\":\"0\",\"author_functionality\":\"default\",\"author_position\":\"default\",\"color_overlay\":\"\",\"color_overlay_opacity\":\"\",\"color_overlay_hover_opacity\":\"\",\"card_bg_color\":\"\",\"grid_style\":\"content_under_image\",\"hover_effect\":\"zoom\",\"post_title_overlay\":\"\",\"heading_tag\":\"h2\",\"heading_tag_render\":\"default\",\"enable_gallery_lightbox\":\"0\",\"remove_links\":\"0\",\"category_style\":\"underline\",\"overlay_secondary_project_image\":\"\",\"vertical_list_hover_effect\":\"none\",\"vertical_list_read_more\":\"\",\"vertical_list_read_more_style\":\"text\",\"read_more_button\":\"0\",\"animation\":\"none\",\"custom_fields\":\"%5B%7B%22meta_key%22%3A%22tourcms_wp_custom_tcategoria%22%2C%22use_custom_format%22%3A%22%22%2C%22custom_format%22%3A%22%25s%22%2C%22render_tag%22%3A%22div%22%7D%2C%7B%22meta_key%22%3A%22tourcms_wp_available%22%2C%22use_custom_format%22%3A%22%22%2C%22custom_format%22%3A%22%25s%22%2C%22render_tag%22%3A%22div%22%7D%2C%7B%22meta_key%22%3A%22tourcms_wp_custom_tgrade%22%2C%22use_custom_format%22%3A%22%22%2C%22custom_format%22%3A%22%25s%22%2C%22render_tag%22%3A%22div%22%7D%2C%7B%22meta_key%22%3A%22tourcms_wp_from_price_display%22%2C%22use_custom_format%22%3A%22%22%2C%22custom_format%22%3A%22From%3A%20%25s%20pp%22%2C%22render_tag%22%3A%22h4%22%7D%5D\",\"custom_fields_location\":\"after_post_meta\",\"display_type\":\"grid\",\"text_content_layout\":\"top_left\"}' data-style='content_under_image' data-query='{\"post_type\":\"custom\",\"posts_per_page\":\"500\",\"order\":\"DESC\",\"orderby\":\"date\",\"offset\":\"0\",\"cpt_name\":\"tour\",\"custom_query_tax\":\"1352\",\"ignore_sticky_posts\":\"\",\"exclude_current_post\":\"\"}' data-load-more-color='black' data-load-more-text='Load More'><div class=\"nectar-post-grid-filters\" data-active-color=\"default\" data-align=\"default\" data-animation=\"none\" data-sortable=\"\"><div><a href=\"#\" class=\"active all-filter\" data-filter=\"1352\" data-total-count=\"0\">Alle<\/a><a href=\"#\" data-filter=\"1352\" data-total-count=\"0\">Gef\u00fchrtes Tennis<\/a><\/div><\/div><div class=\"nectar-post-grid custom_font_size_16px category-position-after-title\" data-indicator=\"\" data-indicator-style=\"default\" data-indicator-text-color=\"#fff\" data-indicator-color=\"#000\" data-indicator-text=\"View\" data-columns=\"4\" data-hover-effect=\"zoom\" data-text-style=\"default\" data-border-radius=\"none\" data-grid-item-height=\"40vh\" data-grid-spacing=\"10px\" data-text-layout=\"top_left\" data-text-color=\"dark\" data-text-hover-color=\"dark\" data-shadow-hover=\"\" data-animation=\"none\" data-animation-stagger=\"90\" data-cat-click=\"default\"  data-lock-aspect=\"\"  data-text-align=\"left\" data-card=\"\" ><\/div><\/div><div class=\"woocommerce columns-4\"><\/div>\n\t\t\t<\/div> \n\t\t<\/div>\n\t<\/div> \n<\/div><\/div>","protected":false},"excerpt":{"rendered":"Kategorien: SELBSTGEF\u00dcHRTE TOUREN Selbstgef\u00fchrte Wanderungen Selbstgef\u00fchrte Radtouren Selbstgef\u00fchrte Vogelbeobachtungen Selbstgef\u00fchrte Autoreisen Selbstgef\u00fchrte Zugreisen Selbstgef\u00fchrte Sonnen- und Strandurlaube Selbstgef\u00fchrte Sightseeing-Touren URLAUBSPAKETE Auszeit\u2026 (4-Tage-Paket)...","protected":false},"author":198,"featured_media":5622,"parent":7384,"menu_order":0,"comment_status":"closed","ping_status":"closed","template":"","meta":{"_acf_changed":false,"inline_featured_image":false,"footnotes":""},"class_list":["post-7390","page","type-page","status-publish","has-post-thumbnail"],"acf":[],"yoast_head":"<!-- This site is optimized with the Yoast SEO Premium plugin v26.8 (Yoast SEO v27.4) - https:\/\/yoast.com\/product\/yoast-seo-premium-wordpress\/ -->\n<title>Guided Tennis - BeCool Travel<\/title>\n<meta name=\"robots\" content=\"index, follow, max-snippet:-1, max-image-preview:large, max-video-preview:-1\" \/>\n<link rel=\"canonical\" href=\"https:\/\/becooltravel.com\/de\/gefuhrte-gruppenreisen-2\/gefuhrtes-tennis\/\" \/>\n<meta property=\"og:locale\" content=\"de_DE\" \/>\n<meta property=\"og:type\" content=\"article\" \/>\n<meta property=\"og:title\" content=\"Guided Tennis\" \/>\n<meta property=\"og:url\" content=\"https:\/\/becooltravel.com\/de\/gefuhrte-gruppenreisen-2\/gefuhrtes-tennis\/\" \/>\n<meta property=\"og:site_name\" content=\"BeCool Travel\" \/>\n<meta property=\"article:publisher\" content=\"https:\/\/www.facebook.com\/becooltravelagency\/\" \/>\n<meta property=\"article:modified_time\" content=\"2024-12-15T22:06:49+00:00\" \/>\n<meta property=\"og:image\" content=\"https:\/\/becooltravel.com\/wp-content\/uploads\/sites\/5\/2020\/08\/tennis_algarve_holidays.jpg\" \/>\n\t<meta property=\"og:image:width\" content=\"1200\" \/>\n\t<meta property=\"og:image:height\" content=\"800\" \/>\n\t<meta property=\"og:image:type\" content=\"image\/jpeg\" \/>\n<meta name=\"twitter:card\" content=\"summary_large_image\" \/>\n<meta name=\"twitter:site\" content=\"@becool_travel\" \/>\n<meta name=\"twitter:label1\" content=\"Gesch\u00e4tzte Lesezeit\" \/>\n\t<meta name=\"twitter:data1\" content=\"1\u00a0Minute\" \/>\n<script type=\"application\/ld+json\" class=\"yoast-schema-graph\">{\"@context\":\"https:\\\/\\\/schema.org\",\"@graph\":[{\"@type\":\"WebPage\",\"@id\":\"https:\\\/\\\/becooltravel.com\\\/guided-group-tours-2\\\/guided-tennis\\\/\",\"url\":\"https:\\\/\\\/becooltravel.com\\\/guided-group-tours-2\\\/guided-tennis\\\/\",\"name\":\"Guided Tennis - BeCool Travel\",\"isPartOf\":{\"@id\":\"https:\\\/\\\/becooltravel.com\\\/#website\"},\"primaryImageOfPage\":{\"@id\":\"https:\\\/\\\/becooltravel.com\\\/guided-group-tours-2\\\/guided-tennis\\\/#primaryimage\"},\"image\":{\"@id\":\"https:\\\/\\\/becooltravel.com\\\/guided-group-tours-2\\\/guided-tennis\\\/#primaryimage\"},\"thumbnailUrl\":\"https:\\\/\\\/i0.wp.com\\\/becooltravel.com\\\/wp-content\\\/uploads\\\/sites\\\/5\\\/2020\\\/08\\\/tennis_algarve_holidays.jpg?fit=1200%2C800&ssl=1\",\"datePublished\":\"2024-11-04T22:43:17+00:00\",\"dateModified\":\"2024-12-15T22:06:49+00:00\",\"breadcrumb\":{\"@id\":\"https:\\\/\\\/becooltravel.com\\\/guided-group-tours-2\\\/guided-tennis\\\/#breadcrumb\"},\"inLanguage\":\"de\",\"potentialAction\":[{\"@type\":\"ReadAction\",\"target\":[\"https:\\\/\\\/becooltravel.com\\\/guided-group-tours-2\\\/guided-tennis\\\/\"]}]},{\"@type\":\"ImageObject\",\"inLanguage\":\"de\",\"@id\":\"https:\\\/\\\/becooltravel.com\\\/guided-group-tours-2\\\/guided-tennis\\\/#primaryimage\",\"url\":\"https:\\\/\\\/i0.wp.com\\\/becooltravel.com\\\/wp-content\\\/uploads\\\/sites\\\/5\\\/2020\\\/08\\\/tennis_algarve_holidays.jpg?fit=1200%2C800&ssl=1\",\"contentUrl\":\"https:\\\/\\\/i0.wp.com\\\/becooltravel.com\\\/wp-content\\\/uploads\\\/sites\\\/5\\\/2020\\\/08\\\/tennis_algarve_holidays.jpg?fit=1200%2C800&ssl=1\",\"width\":1200,\"height\":800,\"caption\":\"Tennis holidays in the Algarve\"},{\"@type\":\"BreadcrumbList\",\"@id\":\"https:\\\/\\\/becooltravel.com\\\/guided-group-tours-2\\\/guided-tennis\\\/#breadcrumb\",\"itemListElement\":[{\"@type\":\"ListItem\",\"position\":1,\"name\":\"Home\",\"item\":\"https:\\\/\\\/becooltravel.com\\\/\"},{\"@type\":\"ListItem\",\"position\":2,\"name\":\"Guided Group Holidays escorted by expert and passionate tour leaders\",\"item\":\"https:\\\/\\\/becooltravel.com\\\/?page_id=7384\"},{\"@type\":\"ListItem\",\"position\":3,\"name\":\"Guided Tennis\"}]},{\"@type\":\"WebSite\",\"@id\":\"https:\\\/\\\/becooltravel.com\\\/#website\",\"url\":\"https:\\\/\\\/becooltravel.com\\\/\",\"name\":\"BeCool Travel\",\"description\":\"Sustainable holidays in Portugal for independent travelers\",\"publisher\":{\"@id\":\"https:\\\/\\\/becooltravel.com\\\/#organization\"},\"potentialAction\":[{\"@type\":\"SearchAction\",\"target\":{\"@type\":\"EntryPoint\",\"urlTemplate\":\"https:\\\/\\\/becooltravel.com\\\/?s={search_term_string}\"},\"query-input\":{\"@type\":\"PropertyValueSpecification\",\"valueRequired\":true,\"valueName\":\"search_term_string\"}}],\"inLanguage\":\"de\"},{\"@type\":\"Organization\",\"@id\":\"https:\\\/\\\/becooltravel.com\\\/#organization\",\"name\":\"BecoolTravel. com- Portugal\",\"url\":\"https:\\\/\\\/becooltravel.com\\\/\",\"logo\":{\"@type\":\"ImageObject\",\"inLanguage\":\"de\",\"@id\":\"https:\\\/\\\/becooltravel.com\\\/#\\\/schema\\\/logo\\\/image\\\/\",\"url\":\"https:\\\/\\\/becooltravel.com\\\/wp-content\\\/uploads\\\/sites\\\/5\\\/2020\\\/03\\\/Logo_BeCool.jpg\",\"contentUrl\":\"https:\\\/\\\/becooltravel.com\\\/wp-content\\\/uploads\\\/sites\\\/5\\\/2020\\\/03\\\/Logo_BeCool.jpg\",\"width\":534,\"height\":534,\"caption\":\"BecoolTravel. com- Portugal\"},\"image\":{\"@id\":\"https:\\\/\\\/becooltravel.com\\\/#\\\/schema\\\/logo\\\/image\\\/\"},\"sameAs\":[\"https:\\\/\\\/www.facebook.com\\\/becooltravelagency\\\/\",\"https:\\\/\\\/x.com\\\/becool_travel\",\"https:\\\/\\\/www.instagram.com\\\/becooltravel_com\\\/\",\"https:\\\/\\\/www.linkedin.com\\\/company\\\/becool-travel\\\/\",\"https:\\\/\\\/www.youtube.com\\\/channel\\\/UCE7zRU3EVG1PgfXwQo-5uJw\"]}]}<\/script>\n<!-- \/ Yoast SEO Premium plugin. -->","yoast_head_json":{"title":"Angeleitetes Tennis - BeCool Travel","robots":{"index":"index","follow":"follow","max-snippet":"max-snippet:-1","max-image-preview":"max-image-preview:large","max-video-preview":"max-video-preview:-1"},"canonical":"https:\/\/becooltravel.com\/de\/gefuhrte-gruppenreisen-2\/gefuhrtes-tennis\/","og_locale":"de_DE","og_type":"article","og_title":"Guided Tennis","og_url":"https:\/\/becooltravel.com\/de\/gefuhrte-gruppenreisen-2\/gefuhrtes-tennis\/","og_site_name":"BeCool Travel","article_publisher":"https:\/\/www.facebook.com\/becooltravelagency\/","article_modified_time":"2024-12-15T22:06:49+00:00","og_image":[{"width":1200,"height":800,"url":"https:\/\/becooltravel.com\/wp-content\/uploads\/sites\/5\/2020\/08\/tennis_algarve_holidays.jpg","type":"image\/jpeg"}],"twitter_card":"summary_large_image","twitter_site":"@becool_travel","twitter_misc":{"Gesch\u00e4tzte Lesezeit":"1\u00a0Minute"},"schema":{"@context":"https:\/\/schema.org","@graph":[{"@type":"WebPage","@id":"https:\/\/becooltravel.com\/guided-group-tours-2\/guided-tennis\/","url":"https:\/\/becooltravel.com\/guided-group-tours-2\/guided-tennis\/","name":"Angeleitetes Tennis - BeCool Travel","isPartOf":{"@id":"https:\/\/becooltravel.com\/#website"},"primaryImageOfPage":{"@id":"https:\/\/becooltravel.com\/guided-group-tours-2\/guided-tennis\/#primaryimage"},"image":{"@id":"https:\/\/becooltravel.com\/guided-group-tours-2\/guided-tennis\/#primaryimage"},"thumbnailUrl":"https:\/\/i0.wp.com\/becooltravel.com\/wp-content\/uploads\/sites\/5\/2020\/08\/tennis_algarve_holidays.jpg?fit=1200%2C800&ssl=1","datePublished":"2024-11-04T22:43:17+00:00","dateModified":"2024-12-15T22:06:49+00:00","breadcrumb":{"@id":"https:\/\/becooltravel.com\/guided-group-tours-2\/guided-tennis\/#breadcrumb"},"inLanguage":"de","potentialAction":[{"@type":"ReadAction","target":["https:\/\/becooltravel.com\/guided-group-tours-2\/guided-tennis\/"]}]},{"@type":"ImageObject","inLanguage":"de","@id":"https:\/\/becooltravel.com\/guided-group-tours-2\/guided-tennis\/#primaryimage","url":"https:\/\/i0.wp.com\/becooltravel.com\/wp-content\/uploads\/sites\/5\/2020\/08\/tennis_algarve_holidays.jpg?fit=1200%2C800&ssl=1","contentUrl":"https:\/\/i0.wp.com\/becooltravel.com\/wp-content\/uploads\/sites\/5\/2020\/08\/tennis_algarve_holidays.jpg?fit=1200%2C800&ssl=1","width":1200,"height":800,"caption":"Tennis holidays in the Algarve"},{"@type":"BreadcrumbList","@id":"https:\/\/becooltravel.com\/guided-group-tours-2\/guided-tennis\/#breadcrumb","itemListElement":[{"@type":"ListItem","position":1,"name":"Home","item":"https:\/\/becooltravel.com\/"},{"@type":"ListItem","position":2,"name":"Guided Group Holidays escorted by expert and passionate tour leaders","item":"https:\/\/becooltravel.com\/?page_id=7384"},{"@type":"ListItem","position":3,"name":"Guided Tennis"}]},{"@type":"WebSite","@id":"https:\/\/becooltravel.com\/#website","url":"https:\/\/becooltravel.com\/","name":"BeCool Travel","description":"Nachhaltiger Urlaub in Portugal f\u00fcr Individualreisende","publisher":{"@id":"https:\/\/becooltravel.com\/#organization"},"potentialAction":[{"@type":"SearchAction","target":{"@type":"EntryPoint","urlTemplate":"https:\/\/becooltravel.com\/?s={search_term_string}"},"query-input":{"@type":"PropertyValueSpecification","valueRequired":true,"valueName":"search_term_string"}}],"inLanguage":"de"},{"@type":"Organization","@id":"https:\/\/becooltravel.com\/#organization","name":"BecoolTravel. com- Portugal","url":"https:\/\/becooltravel.com\/","logo":{"@type":"ImageObject","inLanguage":"de","@id":"https:\/\/becooltravel.com\/#\/schema\/logo\/image\/","url":"https:\/\/becooltravel.com\/wp-content\/uploads\/sites\/5\/2020\/03\/Logo_BeCool.jpg","contentUrl":"https:\/\/becooltravel.com\/wp-content\/uploads\/sites\/5\/2020\/03\/Logo_BeCool.jpg","width":534,"height":534,"caption":"BecoolTravel. com- Portugal"},"image":{"@id":"https:\/\/becooltravel.com\/#\/schema\/logo\/image\/"},"sameAs":["https:\/\/www.facebook.com\/becooltravelagency\/","https:\/\/x.com\/becool_travel","https:\/\/www.instagram.com\/becooltravel_com\/","https:\/\/www.linkedin.com\/company\/becool-travel\/","https:\/\/www.youtube.com\/channel\/UCE7zRU3EVG1PgfXwQo-5uJw"]}]}},"jetpack_sharing_enabled":true,"_links":{"self":[{"href":"https:\/\/becooltravel.com\/de\/wp-json\/wp\/v2\/pages\/7390","targetHints":{"allow":["GET"]}}],"collection":[{"href":"https:\/\/becooltravel.com\/de\/wp-json\/wp\/v2\/pages"}],"about":[{"href":"https:\/\/becooltravel.com\/de\/wp-json\/wp\/v2\/types\/page"}],"author":[{"embeddable":true,"href":"https:\/\/becooltravel.com\/de\/wp-json\/wp\/v2\/users\/198"}],"replies":[{"embeddable":true,"href":"https:\/\/becooltravel.com\/de\/wp-json\/wp\/v2\/comments?post=7390"}],"version-history":[{"count":6,"href":"https:\/\/becooltravel.com\/de\/wp-json\/wp\/v2\/pages\/7390\/revisions"}],"predecessor-version":[{"id":7764,"href":"https:\/\/becooltravel.com\/de\/wp-json\/wp\/v2\/pages\/7390\/revisions\/7764"}],"up":[{"embeddable":true,"href":"https:\/\/becooltravel.com\/de\/wp-json\/wp\/v2\/pages\/7384"}],"wp:featuredmedia":[{"embeddable":true,"href":"https:\/\/becooltravel.com\/de\/wp-json\/wp\/v2\/media\/5622"}],"wp:attachment":[{"href":"https:\/\/becooltravel.com\/de\/wp-json\/wp\/v2\/media?parent=7390"}],"curies":[{"name":"wp","href":"https:\/\/api.w.org\/{rel}","templated":true}]}}