{"id":3722,"date":"2020-03-24T16:59:01","date_gmt":"2020-03-24T16:59:01","guid":{"rendered":"https:\/\/becooltravel.com\/product\/cycling-in-the-east-algarve-2100s\/"},"modified":"2025-03-03T16:20:00","modified_gmt":"2025-03-03T16:20:00","slug":"cycling-in-the-east-algarve-2100s","status":"publish","type":"product","link":"https:\/\/becooltravel.com\/de\/produkt\/radfahren-an-der-ostalgarve-2100er\/","title":{"rendered":"Monte Gordo: Unabh\u00e4ngige Fahrradferien an der Ostalgarve und in S\u00fcdspanien"},"content":{"rendered":"<p>Dieser Radurlaub ist wie ein Bankett f\u00fcr Ihre Sinne, wenn Sie die atemberaubende Landschaft der Ostalgarve erleben.<\/p>\n<p>Im Landesinneren ist es m\u00f6glich, kilometerweit durch verzauberte T\u00e4ler zu schl\u00e4ngeln, Vogelgezwitscher zu h\u00f6ren, wenige Menschen zu sehen und Ruhe zu finden.<\/p>\n<p>Der K\u00fcstenstreifen ist dort, wo der Ozean von den Sandinseln, Salzpfannen und azurblauen Lagunen des Naturparks Ria Formosa gez\u00e4hmt wird, wo es viele Flamingos und Wasserv\u00f6gel gibt.<\/p>\n<div id=\"attachment_2493\" style=\"width: 1034px\" class=\"wp-caption alignnone\"><img data-recalc-dims=\"1\" decoding=\"async\" aria-describedby=\"caption-attachment-2493\" class=\"wp-image-2493 size-large\" src=\"https:\/\/i0.wp.com\/legendatours.net\/wp-content\/uploads\/2020\/03\/monte_gordo_cycle-path-1024x502.jpg?resize=1024%2C502&#038;ssl=1\" alt=\"Radweg - Monte Gordo\" width=\"1024\" height=\"502\" \/><p id=\"caption-attachment-2493\" class=\"wp-caption-text\">Radweg \u2013 Monte Gordo<\/p><\/div>\n<p>Eine Woche voller Spa\u00df und Abenteuer, sowohl mit befestigten Radwegen als auch mit ruhigen Wegen. Es gibt eine Mischung aus flachem und leicht h\u00fcgeligem Gel\u00e4nde, die f\u00fcr jeden geeignet ist.<\/p>\n<p>Sie wohnen in Monte Gordo, einem beliebten Ferienort an einem der sch\u00f6nsten Str\u00e4nde Portugals, der sich kilometerweit in beide Richtungen mit feinem Sand und kristallklarem Wasser erstreckt. Die Stadt verf\u00fcgt \u00fcber ausgezeichnete touristische Einrichtungen, darunter gro\u00dfartige Bars und Caf\u00e9s und viele abwechslungsreiche Restaurants.<\/p>\n<p>Unser Programm umfasst 6 wunderbare Fahrten durch den Naturpark Ria Formosa, das Naturschutzgebiet von Castro Marim, durch die Marismas von Isla Cristina und durch das \u00fcppige Innere der Algarve.<\/p>\n<div class=\"row\">\n<div class=\"column\" style=\"flex: 45%\"><\/div>\n<div class=\"column\" style=\"flex: 10%\"><\/div>\n<div class=\"column\" style=\"flex: 45%\"><\/div>\n<\/div>","protected":false},"excerpt":{"rendered":"<p>Dieser Radurlaub ist wie ein Bankett f\u00fcr Ihre Sinne, wenn Sie die atemberaubende Landschaft der Ostalgarve erleben.<\/p>\n<p>Im Landesinneren ist es m\u00f6glich, kilometerweit durch verzauberte T\u00e4ler zu schl\u00e4ngeln, Vogelgezwitscher zu h\u00f6ren, wenige Menschen zu sehen und Ruhe zu finden.<\/p>\n<p>Der K\u00fcstenstreifen ist dort, wo der Ozean von den Sandinseln, Salzpfannen und azurblauen Lagunen des Naturparks Ria Formosa gez\u00e4hmt wird, wo es viele Flamingos und Wasserv\u00f6gel gibt.<\/p>","protected":false},"featured_media":5179,"comment_status":"closed","ping_status":"closed","template":"","meta":{"_acf_changed":false,"inline_featured_image":false},"product_brand":[],"product_cat":[328,327],"product_tag":[283,284,285,286,287,1053,288,289,244,290,173,131,176,291,150,292,1054,178,179,73,180,58,83,181,293,294,295,1055,1056,252,1057,183,1058,1059,184,100,271,185],"class_list":{"0":"post-3722","1":"product","2":"type-product","3":"status-publish","4":"has-post-thumbnail","6":"product_cat-self-guided-cycling-holidays-portugal","7":"product_cat-self-guided-tours-portugal","8":"product_tag-algarve-coastal-strip","9":"product_tag-algarve-cycle-tracks","10":"product_tag-algarve-cycling-holiday","11":"product_tag-algarve-glorious-countryside","12":"product_tag-algarve-sand-islands","13":"product_tag-alleine-reisen","14":"product_tag-ayamonte","15":"product_tag-clear-crystal-waters","16":"product_tag-coastal-algarve","17":"product_tag-cycle","18":"product_tag-cycle-tracks","19":"product_tag-east-algarve","20":"product_tag-electrical-bike","21":"product_tag-flamingos","22":"product_tag-green-countryside","23":"product_tag-hybrid-bicycle","24":"product_tag-individuelle-touren","25":"product_tag-marismas-da-isla-cristina","26":"product_tag-monte-gordo","27":"product_tag-natural-scenery","28":"product_tag-nature-reserve-of-castro-marim","29":"product_tag-portugal","30":"product_tag-portugal-great-food-and-wine","31":"product_tag-ria-formosa-natural-park","32":"product_tag-river-gilao","33":"product_tag-river-guadiana","34":"product_tag-salt-pans","35":"product_tag-sejour-en-liberte","36":"product_tag-solo-reisen","37":"product_tag-tavira","38":"product_tag-tours-autoguidees","39":"product_tag-vila-real-sto-antonio","40":"product_tag-voyage-en-liberte","41":"product_tag-voyages-en-autonomie","42":"product_tag-water-birds","43":"product_tag-western-europe","44":"product_tag-wild-flowers","45":"product_tag-wonderful-rides","47":"first","48":"instock","49":"virtual","50":"product-type-simple"},"acf":[],"yoast_head":"<!-- This site is optimized with the Yoast SEO Premium plugin v26.8 (Yoast SEO v27.4) - https:\/\/yoast.com\/product\/yoast-seo-premium-wordpress\/ -->\n<title>Monte Gordo: Independent Cycle Holidays in the East Algarve &amp; South of Spain<\/title>\n<meta name=\"description\" content=\"A cycling holiday is like a banquet for your senses. Experience the breathtaking landscapes of East Algarve. enchanted valleys, and find peace.\" \/>\n<meta name=\"robots\" content=\"index, follow, max-snippet:-1, max-image-preview:large, max-video-preview:-1\" \/>\n<link rel=\"canonical\" href=\"https:\/\/becooltravel.com\/de\/produkt\/radfahren-an-der-ostalgarve-2100er\/\" \/>\n<meta property=\"og:locale\" content=\"de_DE\" \/>\n<meta property=\"og:type\" content=\"article\" \/>\n<meta property=\"og:title\" content=\"The coastal strip is where the ocean is tamed by the sand islands, salt pans and azure lagoons of the Ria Formosa Natural Park,\" \/>\n<meta property=\"og:description\" content=\"Coastal East Algarve: Ria Formosa Natural Park, Nature Reserve of Castro Marim, Cacela-Velha\" \/>\n<meta property=\"og:url\" content=\"https:\/\/becooltravel.com\/de\/produkt\/radfahren-an-der-ostalgarve-2100er\/\" \/>\n<meta property=\"og:site_name\" content=\"BeCool Travel\" \/>\n<meta property=\"article:publisher\" content=\"https:\/\/www.facebook.com\/becooltravelagency\/\" \/>\n<meta property=\"article:modified_time\" content=\"2025-03-03T16:20:00+00:00\" \/>\n<meta property=\"og:image\" content=\"https:\/\/i0.wp.com\/becooltravel.com\/wp-content\/uploads\/sites\/5\/2020\/06\/monte_gordo_cycle-path.jpg?fit=1200%2C588&ssl=1\" \/>\n\t<meta property=\"og:image:width\" content=\"1200\" \/>\n\t<meta property=\"og:image:height\" content=\"588\" \/>\n\t<meta property=\"og:image:type\" content=\"image\/jpeg\" \/>\n<meta name=\"twitter:card\" content=\"summary_large_image\" \/>\n<meta name=\"twitter:title\" content=\"Charming historical towns of Tavira and Vila Real Sto Ant\u00f3nio\" \/>\n<meta name=\"twitter:description\" content=\"You\u2019ll be based in Monte Gordo, a popular resort town situated on one of the finest beaches of Portugal, stretching for miles in either direction with fine sands and clear crystal waters. The town has excellent tourist facilities, including great bars and caf\u00e9s and many varied restaurants.\" \/>\n<meta name=\"twitter:image\" content=\"https:\/\/i0.wp.com\/becooltravel.com\/wp-content\/uploads\/sites\/5\/2020\/06\/Monte-Gordo-boardwalk.jpg?fit=800%2C1200&ssl=1\" \/>\n<meta name=\"twitter:site\" content=\"@becool_travel\" \/>\n<meta name=\"twitter:label1\" content=\"Gesch\u00e4tzte Lesezeit\" \/>\n\t<meta name=\"twitter:data1\" content=\"2\u00a0Minuten\" \/>\n<script type=\"application\/ld+json\" class=\"yoast-schema-graph\">{\"@context\":\"https:\\\/\\\/schema.org\",\"@graph\":[{\"@type\":\"WebPage\",\"@id\":\"https:\\\/\\\/becooltravel.com\\\/product\\\/cycling-in-the-east-algarve-2100s\\\/\",\"url\":\"https:\\\/\\\/becooltravel.com\\\/product\\\/cycling-in-the-east-algarve-2100s\\\/\",\"name\":\"Monte Gordo: Independent Cycle Holidays in the East Algarve &amp; South of Spain\",\"isPartOf\":{\"@id\":\"https:\\\/\\\/becooltravel.com\\\/#website\"},\"primaryImageOfPage\":{\"@id\":\"https:\\\/\\\/becooltravel.com\\\/product\\\/cycling-in-the-east-algarve-2100s\\\/#primaryimage\"},\"image\":{\"@id\":\"https:\\\/\\\/becooltravel.com\\\/product\\\/cycling-in-the-east-algarve-2100s\\\/#primaryimage\"},\"thumbnailUrl\":\"https:\\\/\\\/i0.wp.com\\\/becooltravel.com\\\/wp-content\\\/uploads\\\/sites\\\/5\\\/2020\\\/06\\\/Cycling_tour_east_algarve.jpg?fit=1067%2C800&ssl=1\",\"datePublished\":\"2020-03-24T16:59:01+00:00\",\"dateModified\":\"2025-03-03T16:20:00+00:00\",\"description\":\"A cycling holiday is like a banquet for your senses. Experience the breathtaking landscapes of East Algarve. enchanted valleys, and find peace.\",\"breadcrumb\":{\"@id\":\"https:\\\/\\\/becooltravel.com\\\/product\\\/cycling-in-the-east-algarve-2100s\\\/#breadcrumb\"},\"inLanguage\":\"de\",\"potentialAction\":[{\"@type\":\"ReadAction\",\"target\":[\"https:\\\/\\\/becooltravel.com\\\/product\\\/cycling-in-the-east-algarve-2100s\\\/\"]}]},{\"@type\":\"ImageObject\",\"inLanguage\":\"de\",\"@id\":\"https:\\\/\\\/becooltravel.com\\\/product\\\/cycling-in-the-east-algarve-2100s\\\/#primaryimage\",\"url\":\"https:\\\/\\\/i0.wp.com\\\/becooltravel.com\\\/wp-content\\\/uploads\\\/sites\\\/5\\\/2020\\\/06\\\/Cycling_tour_east_algarve.jpg?fit=1067%2C800&ssl=1\",\"contentUrl\":\"https:\\\/\\\/i0.wp.com\\\/becooltravel.com\\\/wp-content\\\/uploads\\\/sites\\\/5\\\/2020\\\/06\\\/Cycling_tour_east_algarve.jpg?fit=1067%2C800&ssl=1\",\"width\":1067,\"height\":800,\"caption\":\"Cycling Tour East Algarve\"},{\"@type\":\"BreadcrumbList\",\"@id\":\"https:\\\/\\\/becooltravel.com\\\/product\\\/cycling-in-the-east-algarve-2100s\\\/#breadcrumb\",\"itemListElement\":[{\"@type\":\"ListItem\",\"position\":1,\"name\":\"Home\",\"item\":\"https:\\\/\\\/becooltravel.com\\\/\"},{\"@type\":\"ListItem\",\"position\":2,\"name\":\"Shop\",\"item\":\"https:\\\/\\\/becooltravel.com\\\/?page_id=5\"},{\"@type\":\"ListItem\",\"position\":3,\"name\":\"Algarve coastal strip\",\"item\":\"https:\\\/\\\/becooltravel.com\\\/product-tag\\\/algarve-coastal-strip\\\/\"},{\"@type\":\"ListItem\",\"position\":4,\"name\":\"The coastal strip is where the ocean is tamed by the sand islands, salt pans and azure lagoons of the Ria Formosa Natural Park,\"}]},{\"@type\":\"WebSite\",\"@id\":\"https:\\\/\\\/becooltravel.com\\\/#website\",\"url\":\"https:\\\/\\\/becooltravel.com\\\/\",\"name\":\"BeCool Travel\",\"description\":\"Sustainable holidays in Portugal for independent travelers\",\"publisher\":{\"@id\":\"https:\\\/\\\/becooltravel.com\\\/#organization\"},\"potentialAction\":[{\"@type\":\"SearchAction\",\"target\":{\"@type\":\"EntryPoint\",\"urlTemplate\":\"https:\\\/\\\/becooltravel.com\\\/?s={search_term_string}\"},\"query-input\":{\"@type\":\"PropertyValueSpecification\",\"valueRequired\":true,\"valueName\":\"search_term_string\"}}],\"inLanguage\":\"de\"},{\"@type\":\"Organization\",\"@id\":\"https:\\\/\\\/becooltravel.com\\\/#organization\",\"name\":\"BecoolTravel. com- Portugal\",\"url\":\"https:\\\/\\\/becooltravel.com\\\/\",\"logo\":{\"@type\":\"ImageObject\",\"inLanguage\":\"de\",\"@id\":\"https:\\\/\\\/becooltravel.com\\\/#\\\/schema\\\/logo\\\/image\\\/\",\"url\":\"https:\\\/\\\/becooltravel.com\\\/wp-content\\\/uploads\\\/sites\\\/5\\\/2020\\\/03\\\/Logo_BeCool.jpg\",\"contentUrl\":\"https:\\\/\\\/becooltravel.com\\\/wp-content\\\/uploads\\\/sites\\\/5\\\/2020\\\/03\\\/Logo_BeCool.jpg\",\"width\":534,\"height\":534,\"caption\":\"BecoolTravel. com- Portugal\"},\"image\":{\"@id\":\"https:\\\/\\\/becooltravel.com\\\/#\\\/schema\\\/logo\\\/image\\\/\"},\"sameAs\":[\"https:\\\/\\\/www.facebook.com\\\/becooltravelagency\\\/\",\"https:\\\/\\\/x.com\\\/becool_travel\",\"https:\\\/\\\/www.instagram.com\\\/becooltravel_com\\\/\",\"https:\\\/\\\/www.linkedin.com\\\/company\\\/becool-travel\\\/\",\"https:\\\/\\\/www.youtube.com\\\/channel\\\/UCE7zRU3EVG1PgfXwQo-5uJw\"]}]}<\/script>\n<!-- \/ Yoast SEO Premium plugin. -->","yoast_head_json":{"title":"Monte Gordo: Unabh\u00e4ngige Fahrradferien an der Ostalgarve und in S\u00fcdspanien","description":"Ein Radurlaub ist wie ein Bankett f\u00fcr die Sinne. Erleben Sie die atemberaubenden Landschaften der Ostalgarve. verzauberte T\u00e4ler und finden Sie Ruhe.","robots":{"index":"index","follow":"follow","max-snippet":"max-snippet:-1","max-image-preview":"max-image-preview:large","max-video-preview":"max-video-preview:-1"},"canonical":"https:\/\/becooltravel.com\/de\/produkt\/radfahren-an-der-ostalgarve-2100er\/","og_locale":"de_DE","og_type":"article","og_title":"The coastal strip is where the ocean is tamed by the sand islands, salt pans and azure lagoons of the Ria Formosa Natural Park,","og_description":"Coastal East Algarve: Ria Formosa Natural Park, Nature Reserve of Castro Marim, Cacela-Velha","og_url":"https:\/\/becooltravel.com\/de\/produkt\/radfahren-an-der-ostalgarve-2100er\/","og_site_name":"BeCool Travel","article_publisher":"https:\/\/www.facebook.com\/becooltravelagency\/","article_modified_time":"2025-03-03T16:20:00+00:00","og_image":[{"width":1200,"height":588,"url":"https:\/\/i0.wp.com\/becooltravel.com\/wp-content\/uploads\/sites\/5\/2020\/06\/monte_gordo_cycle-path.jpg?fit=1200%2C588&ssl=1","type":"image\/jpeg"}],"twitter_card":"summary_large_image","twitter_title":"Charming historical towns of Tavira and Vila Real Sto Ant\u00f3nio","twitter_description":"You\u2019ll be based in Monte Gordo, a popular resort town situated on one of the finest beaches of Portugal, stretching for miles in either direction with fine sands and clear crystal waters. The town has excellent tourist facilities, including great bars and caf\u00e9s and many varied restaurants.","twitter_image":"https:\/\/i0.wp.com\/becooltravel.com\/wp-content\/uploads\/sites\/5\/2020\/06\/Monte-Gordo-boardwalk.jpg?fit=800%2C1200&ssl=1","twitter_site":"@becool_travel","twitter_misc":{"Gesch\u00e4tzte Lesezeit":"2\u00a0Minuten"},"schema":{"@context":"https:\/\/schema.org","@graph":[{"@type":"WebPage","@id":"https:\/\/becooltravel.com\/product\/cycling-in-the-east-algarve-2100s\/","url":"https:\/\/becooltravel.com\/product\/cycling-in-the-east-algarve-2100s\/","name":"Monte Gordo: Unabh\u00e4ngige Fahrradferien an der Ostalgarve und in S\u00fcdspanien","isPartOf":{"@id":"https:\/\/becooltravel.com\/#website"},"primaryImageOfPage":{"@id":"https:\/\/becooltravel.com\/product\/cycling-in-the-east-algarve-2100s\/#primaryimage"},"image":{"@id":"https:\/\/becooltravel.com\/product\/cycling-in-the-east-algarve-2100s\/#primaryimage"},"thumbnailUrl":"https:\/\/i0.wp.com\/becooltravel.com\/wp-content\/uploads\/sites\/5\/2020\/06\/Cycling_tour_east_algarve.jpg?fit=1067%2C800&ssl=1","datePublished":"2020-03-24T16:59:01+00:00","dateModified":"2025-03-03T16:20:00+00:00","description":"Ein Radurlaub ist wie ein Bankett f\u00fcr die Sinne. Erleben Sie die atemberaubenden Landschaften der Ostalgarve. verzauberte T\u00e4ler und finden Sie Ruhe.","breadcrumb":{"@id":"https:\/\/becooltravel.com\/product\/cycling-in-the-east-algarve-2100s\/#breadcrumb"},"inLanguage":"de","potentialAction":[{"@type":"ReadAction","target":["https:\/\/becooltravel.com\/product\/cycling-in-the-east-algarve-2100s\/"]}]},{"@type":"ImageObject","inLanguage":"de","@id":"https:\/\/becooltravel.com\/product\/cycling-in-the-east-algarve-2100s\/#primaryimage","url":"https:\/\/i0.wp.com\/becooltravel.com\/wp-content\/uploads\/sites\/5\/2020\/06\/Cycling_tour_east_algarve.jpg?fit=1067%2C800&ssl=1","contentUrl":"https:\/\/i0.wp.com\/becooltravel.com\/wp-content\/uploads\/sites\/5\/2020\/06\/Cycling_tour_east_algarve.jpg?fit=1067%2C800&ssl=1","width":1067,"height":800,"caption":"Cycling Tour East Algarve"},{"@type":"BreadcrumbList","@id":"https:\/\/becooltravel.com\/product\/cycling-in-the-east-algarve-2100s\/#breadcrumb","itemListElement":[{"@type":"ListItem","position":1,"name":"Home","item":"https:\/\/becooltravel.com\/"},{"@type":"ListItem","position":2,"name":"Shop","item":"https:\/\/becooltravel.com\/?page_id=5"},{"@type":"ListItem","position":3,"name":"Algarve coastal strip","item":"https:\/\/becooltravel.com\/product-tag\/algarve-coastal-strip\/"},{"@type":"ListItem","position":4,"name":"The coastal strip is where the ocean is tamed by the sand islands, salt pans and azure lagoons of the Ria Formosa Natural Park,"}]},{"@type":"WebSite","@id":"https:\/\/becooltravel.com\/#website","url":"https:\/\/becooltravel.com\/","name":"BeCool Travel","description":"Nachhaltiger Urlaub in Portugal f\u00fcr Individualreisende","publisher":{"@id":"https:\/\/becooltravel.com\/#organization"},"potentialAction":[{"@type":"SearchAction","target":{"@type":"EntryPoint","urlTemplate":"https:\/\/becooltravel.com\/?s={search_term_string}"},"query-input":{"@type":"PropertyValueSpecification","valueRequired":true,"valueName":"search_term_string"}}],"inLanguage":"de"},{"@type":"Organization","@id":"https:\/\/becooltravel.com\/#organization","name":"BecoolTravel. com- Portugal","url":"https:\/\/becooltravel.com\/","logo":{"@type":"ImageObject","inLanguage":"de","@id":"https:\/\/becooltravel.com\/#\/schema\/logo\/image\/","url":"https:\/\/becooltravel.com\/wp-content\/uploads\/sites\/5\/2020\/03\/Logo_BeCool.jpg","contentUrl":"https:\/\/becooltravel.com\/wp-content\/uploads\/sites\/5\/2020\/03\/Logo_BeCool.jpg","width":534,"height":534,"caption":"BecoolTravel. com- Portugal"},"image":{"@id":"https:\/\/becooltravel.com\/#\/schema\/logo\/image\/"},"sameAs":["https:\/\/www.facebook.com\/becooltravelagency\/","https:\/\/x.com\/becool_travel","https:\/\/www.instagram.com\/becooltravel_com\/","https:\/\/www.linkedin.com\/company\/becool-travel\/","https:\/\/www.youtube.com\/channel\/UCE7zRU3EVG1PgfXwQo-5uJw"]}]}},"jetpack_sharing_enabled":true,"_links":{"self":[{"href":"https:\/\/becooltravel.com\/de\/wp-json\/wp\/v2\/product\/3722","targetHints":{"allow":["GET"]}}],"collection":[{"href":"https:\/\/becooltravel.com\/de\/wp-json\/wp\/v2\/product"}],"about":[{"href":"https:\/\/becooltravel.com\/de\/wp-json\/wp\/v2\/types\/product"}],"replies":[{"embeddable":true,"href":"https:\/\/becooltravel.com\/de\/wp-json\/wp\/v2\/comments?post=3722"}],"wp:featuredmedia":[{"embeddable":true,"href":"https:\/\/becooltravel.com\/de\/wp-json\/wp\/v2\/media\/5179"}],"wp:attachment":[{"href":"https:\/\/becooltravel.com\/de\/wp-json\/wp\/v2\/media?parent=3722"}],"wp:term":[{"taxonomy":"product_brand","embeddable":true,"href":"https:\/\/becooltravel.com\/de\/wp-json\/wp\/v2\/product_brand?post=3722"},{"taxonomy":"product_cat","embeddable":true,"href":"https:\/\/becooltravel.com\/de\/wp-json\/wp\/v2\/product_cat?post=3722"},{"taxonomy":"product_tag","embeddable":true,"href":"https:\/\/becooltravel.com\/de\/wp-json\/wp\/v2\/product_tag?post=3722"}],"curies":[{"name":"wp","href":"https:\/\/api.w.org\/{rel}","templated":true}]}}