{"id":3725,"date":"2020-03-06T18:55:31","date_gmt":"2020-03-06T18:55:31","guid":{"rendered":"https:\/\/becooltravel.com\/product\/explore-albufeira-11-days-11100pk\/"},"modified":"2026-03-18T13:37:46","modified_gmt":"2026-03-18T13:37:46","slug":"relax-in-tavira-8-days-8300pk-2","status":"publish","type":"product","link":"https:\/\/becooltravel.com\/de\/produkt\/relax-in-tavira-8-days-8300pk-2\/","title":{"rendered":"Entdecken Sie Albufeira"},"content":{"rendered":"<p>Albufeira ist international bekannt f\u00fcr seine goldenen Sandstr\u00e4nde und das t\u00fcrkisblaue Wasser, das von felsigen ockerfarbenen Klippen gesch\u00fctzt wird.<\/p>\n<p>Die Landschaft zieht eine Vielzahl von Besuchern an, die sich tags\u00fcber gerne sonnen. Wenn die Sonne untergeht, beginnt die Party mit sch\u00f6nen Menschen, die sich str\u00f6men, um die Restaurants, Bars, Terrassen und das Nachtleben des epischen Albufeira zu genie\u00dfen.<\/p>\n<div id=\"attachment_1984\" style=\"width: 1032px\" class=\"wp-caption alignnone\"><img data-recalc-dims=\"1\" decoding=\"async\" aria-describedby=\"caption-attachment-1984\" class=\"wp-image-1984 size-full\" src=\"https:\/\/i0.wp.com\/legendatours.net\/wp-content\/uploads\/2020\/03\/Albufeira_beach.jpg?resize=1022%2C800&#038;ssl=1\" alt=\"Urlaub in Albufeira\" width=\"1022\" height=\"800\" \/><p id=\"caption-attachment-1984\" class=\"wp-caption-text\">Urlaub in Albufeira<\/p><\/div>\n<p>Runden Sie Ihre Tage der Freizeit und Entspannung auf einer Terrasse mit Blick auf den Ozean mit einem frischen Getr\u00e4nk ab, um das gute Leben zu feiern!<\/p>\n<p>Die K\u00fcste von Albufeira ist sehr einladend f\u00fcr Wassersportarten wie Windsurfen, Tauchen oder Segeln. Eine Bootstour durch die H\u00f6hlen ist eine wunderbare Gelegenheit f\u00fcr einen anderen Tag, mit Besuchen an einsamen Str\u00e4nden, die nur auf dem Seeweg erreichbar sind.<\/p>\n<p>Albufeira ist nicht nur perfekt f\u00fcr Menschen, die sich nach Sonne und Ruhe sehnen. Viele Golfpl\u00e4tze erstrecken sich fast bis zum Meer und es gibt alle Arten von lustigen Aktivit\u00e4ten, wie Reiten im Schatten der Kiefern.<\/p>\n<div id=\"attachment_1989\" style=\"width: 1034px\" class=\"wp-caption alignnone\"><img data-recalc-dims=\"1\" decoding=\"async\" aria-describedby=\"caption-attachment-1989\" class=\"wp-image-1989 size-large\" src=\"https:\/\/i0.wp.com\/legendatours.net\/wp-content\/uploads\/2020\/03\/Albufeira_downtown-1024x683.jpg?resize=1024%2C683&#038;ssl=1\" alt=\"Urlaub in Albufeira\" width=\"1024\" height=\"683\" \/><p id=\"caption-attachment-1989\" class=\"wp-caption-text\">Urlaub in Albufeira<\/p><\/div>\n<p>Albufeira ist ein beliebter Ferienort mit zahlreichen st\u00e4dtischen Boutiquen und Kunsthandwerksgesch\u00e4ften, in denen die Arbeit lokaler Handwerker immer noch authentisch ist. Diese Objekte aus Ton, Palmbl\u00e4ttern, Kupfer und Spitze folgen jahrhundertealten Traditionen.<\/p>\n<p>Der Charme von Albufeira h\u00f6rt hier nicht auf. In der fruchtbaren gr\u00fcnen Landschaft liegt eine duftende Landschaft mit Mandel-, Feigen-, Orangen- und Kiefernb\u00e4umen.<\/p>\n<div id=\"attachment_1991\" style=\"width: 1034px\" class=\"wp-caption alignnone\"><img data-recalc-dims=\"1\" decoding=\"async\" aria-describedby=\"caption-attachment-1991\" class=\"wp-image-1991 size-large\" src=\"https:\/\/i0.wp.com\/legendatours.net\/wp-content\/uploads\/2020\/03\/Albufeira_heritage-1024x686.jpg?resize=1024%2C686&#038;ssl=1\" alt=\"Urlaub in Albufeira\" width=\"1024\" height=\"686\" \/><p id=\"caption-attachment-1991\" class=\"wp-caption-text\">Urlaub in Albufeira<\/p><\/div>\n<p>Die spitzenartigen typischen Schornsteine, ein Erbe maurischer Architektur, heben sich vom Rot der Ziegeld\u00e4cher und dem blauen Himmel ab.<\/p>\n<p>Schl\u00e4frige, wei\u00df get\u00fcnchte D\u00f6rfer laden Sie ein, eine mit der Natur verbundene Lebensweise zu erleben, die Ihrem Urlaub an der Algarve eine weitere Dimension verleiht.<\/p>\n<p>Zu guter Letzt geben Sie sich dem exzellenten portugiesischen Essen und den Weinen hin. Von frischem Fisch und Schalentieren bis zu den s\u00fc\u00dfen lokalen K\u00f6stlichkeiten aus Mandeln, Honig und Feigen haben Sie die Qual der Wahl!<\/p>","protected":false},"excerpt":{"rendered":"<p>Albufeira ist international bekannt f\u00fcr seine goldenen Sandstr\u00e4nde und das t\u00fcrkisblaue Wasser, das von felsigen ockerfarbenen Klippen gesch\u00fctzt wird.<\/p>\n<p>Die Landschaft zieht eine Vielzahl von Besuchern an, die sich tags\u00fcber gerne sonnen. Wenn die Sonne untergeht, beginnt die Party mit sch\u00f6nen Menschen, die sich str\u00f6men, um die Restaurants, Bars, Terrassen und das Nachtleben des epischen Albufeira zu genie\u00dfen.<\/p>\n<p>Runden Sie Ihre Tage der Freizeit und Entspannung auf einer Terrasse mit Blick auf den Ozean mit einem frischen Getr\u00e4nk ab, um das gute Leben zu feiern!<\/p>","protected":false},"featured_media":4797,"comment_status":"closed","ping_status":"closed","template":"","meta":{"_acf_changed":false,"inline_featured_image":false},"product_brand":[],"product_cat":[330,329],"product_tag":[633,311,531,634,630,244,131,607,73,631,635,58,83,636,637,612,632,638,100],"class_list":{"0":"post-3725","1":"product","2":"type-product","3":"status-publish","4":"has-post-thumbnail","6":"product_cat-explore-11-days-tour-portugal","7":"product_cat-holiday-packs-tours-portugal","8":"product_tag-albufeira-beautiful-historic-centre","9":"product_tag-algarve","10":"product_tag-beaches-of-albufeira","11":"product_tag-beautiful-beaches-algarve","12":"product_tag-caves","13":"product_tag-coastal-algarve","14":"product_tag-east-algarve","15":"product_tag-holidays","16":"product_tag-natural-scenery","17":"product_tag-night","18":"product_tag-number-one-tourist-destination-in-the-algarve","19":"product_tag-portugal","20":"product_tag-portugal-great-food-and-wine","21":"product_tag-relaxation-albufeira","22":"product_tag-self-catering-hotel-albufeira","23":"product_tag-sun-and-beach","24":"product_tag-the-number-one-tourist-destination","25":"product_tag-victoria-sports-beach-hotel","26":"product_tag-western-europe","28":"first","29":"instock","30":"virtual","31":"product-type-simple"},"acf":[],"yoast_head":"<!-- This site is optimized with the Yoast SEO Premium plugin v26.8 (Yoast SEO v27.5) - https:\/\/yoast.com\/product\/yoast-seo-premium-wordpress\/ -->\n<title>Explore Albufeira<\/title>\n<meta name=\"description\" content=\"Round up your days of leisure and relaxation on a terrace overlooking the ocean, with a fresh drink on your hand, to celebrate the good life!\" \/>\n<meta name=\"robots\" content=\"index, follow, max-snippet:-1, max-image-preview:large, max-video-preview:-1\" \/>\n<link rel=\"canonical\" href=\"https:\/\/becooltravel.com\/de\/produkt\/relax-in-tavira-8-days-8300pk-2\/\" \/>\n<meta property=\"og:locale\" content=\"de_DE\" \/>\n<meta property=\"og:type\" content=\"article\" \/>\n<meta property=\"og:title\" content=\"Gold sandy beaches with crystal clear waters (Blue flag)\" \/>\n<meta property=\"og:description\" content=\"Albufeira is internationally renowned for its gold sandy beaches and turquoise blue waters, sheltered by rocky ochre cliffs.The scenery attracts a wealth of visitors that love to sunbathe during the day. When the sun sets, the party begins with beautiful people flocking to enjoy the restaurants, bars, terraces, and the epic Albufeira\u2019s nightlife.\" \/>\n<meta property=\"og:url\" content=\"https:\/\/becooltravel.com\/de\/produkt\/relax-in-tavira-8-days-8300pk-2\/\" \/>\n<meta property=\"og:site_name\" content=\"BeCool Travel\" \/>\n<meta property=\"article:publisher\" content=\"https:\/\/www.facebook.com\/becooltravelagency\/\" \/>\n<meta property=\"article:modified_time\" content=\"2026-03-18T13:37:46+00:00\" \/>\n<meta property=\"og:image\" content=\"https:\/\/becooltravel.com\/wp-content\/uploads\/sites\/5\/2020\/05\/Albufeira_bluocean.jpg\" \/>\n\t<meta property=\"og:image:width\" content=\"1200\" \/>\n\t<meta property=\"og:image:height\" content=\"675\" \/>\n\t<meta property=\"og:image:type\" content=\"image\/jpeg\" \/>\n<meta name=\"twitter:card\" content=\"summary_large_image\" \/>\n<meta name=\"twitter:title\" content=\"A wealth of Holiday activities available (golf, tennis, horse-riding, water parks)\" \/>\n<meta name=\"twitter:description\" content=\"The shoreline of Albufeira is very inviting for water sports, from windsurfing, diving, or sailing. A boat tour around the caves is a wonderful opportunity for a different day, with visits to secluded beaches only accessible by sea.\" \/>\n<meta name=\"twitter:site\" content=\"@becool_travel\" \/>\n<meta name=\"twitter:label1\" content=\"Gesch\u00e4tzte Lesezeit\" \/>\n\t<meta name=\"twitter:data1\" content=\"3\u00a0Minuten\" \/>\n<script type=\"application\/ld+json\" class=\"yoast-schema-graph\">{\"@context\":\"https:\\\/\\\/schema.org\",\"@graph\":[{\"@type\":[\"WebPage\",\"ItemPage\"],\"@id\":\"https:\\\/\\\/becooltravel.com\\\/product\\\/relax-in-tavira-8-days-8300pk-2\\\/\",\"url\":\"https:\\\/\\\/becooltravel.com\\\/product\\\/relax-in-tavira-8-days-8300pk-2\\\/\",\"name\":\"Explore Albufeira\",\"isPartOf\":{\"@id\":\"https:\\\/\\\/becooltravel.com\\\/#website\"},\"primaryImageOfPage\":{\"@id\":\"https:\\\/\\\/becooltravel.com\\\/product\\\/relax-in-tavira-8-days-8300pk-2\\\/#primaryimage\"},\"image\":{\"@id\":\"https:\\\/\\\/becooltravel.com\\\/product\\\/relax-in-tavira-8-days-8300pk-2\\\/#primaryimage\"},\"thumbnailUrl\":\"https:\\\/\\\/i0.wp.com\\\/becooltravel.com\\\/wp-content\\\/uploads\\\/sites\\\/5\\\/2020\\\/05\\\/Albufeira_bluocean.jpg?fit=1200%2C675&ssl=1\",\"datePublished\":\"2020-03-06T18:55:31+00:00\",\"dateModified\":\"2026-03-18T13:37:46+00:00\",\"description\":\"Round up your days of leisure and relaxation on a terrace overlooking the ocean, with a fresh drink on your hand, to celebrate the good life!\",\"breadcrumb\":{\"@id\":\"https:\\\/\\\/becooltravel.com\\\/product\\\/relax-in-tavira-8-days-8300pk-2\\\/#breadcrumb\"},\"inLanguage\":\"de\",\"potentialAction\":[{\"@type\":\"ReadAction\",\"target\":[\"https:\\\/\\\/becooltravel.com\\\/product\\\/relax-in-tavira-8-days-8300pk-2\\\/\"]}]},{\"@type\":\"ImageObject\",\"inLanguage\":\"de\",\"@id\":\"https:\\\/\\\/becooltravel.com\\\/product\\\/relax-in-tavira-8-days-8300pk-2\\\/#primaryimage\",\"url\":\"https:\\\/\\\/i0.wp.com\\\/becooltravel.com\\\/wp-content\\\/uploads\\\/sites\\\/5\\\/2020\\\/05\\\/Albufeira_bluocean.jpg?fit=1200%2C675&ssl=1\",\"contentUrl\":\"https:\\\/\\\/i0.wp.com\\\/becooltravel.com\\\/wp-content\\\/uploads\\\/sites\\\/5\\\/2020\\\/05\\\/Albufeira_bluocean.jpg?fit=1200%2C675&ssl=1\",\"width\":1200,\"height\":675,\"caption\":\"Holidays in Albufeira\"},{\"@type\":\"BreadcrumbList\",\"@id\":\"https:\\\/\\\/becooltravel.com\\\/product\\\/relax-in-tavira-8-days-8300pk-2\\\/#breadcrumb\",\"itemListElement\":[{\"@type\":\"ListItem\",\"position\":1,\"name\":\"Home\",\"item\":\"https:\\\/\\\/becooltravel.com\\\/\"},{\"@type\":\"ListItem\",\"position\":2,\"name\":\"Shop\",\"item\":\"https:\\\/\\\/becooltravel.com\\\/?page_id=5\"},{\"@type\":\"ListItem\",\"position\":3,\"name\":\"Albufeira beautiful historic centre\",\"item\":\"https:\\\/\\\/becooltravel.com\\\/product-tag\\\/albufeira-beautiful-historic-centre\\\/\"},{\"@type\":\"ListItem\",\"position\":4,\"name\":\"Round up your days of leisure and relaxation on a terrace overlooking the ocean, with a fresh drink on your hand, to celebrate the good life!\"}]},{\"@type\":\"WebSite\",\"@id\":\"https:\\\/\\\/becooltravel.com\\\/#website\",\"url\":\"https:\\\/\\\/becooltravel.com\\\/\",\"name\":\"BeCool Travel\",\"description\":\"Sustainable holidays in Portugal for independent travelers\",\"publisher\":{\"@id\":\"https:\\\/\\\/becooltravel.com\\\/#organization\"},\"potentialAction\":[{\"@type\":\"SearchAction\",\"target\":{\"@type\":\"EntryPoint\",\"urlTemplate\":\"https:\\\/\\\/becooltravel.com\\\/?s={search_term_string}\"},\"query-input\":{\"@type\":\"PropertyValueSpecification\",\"valueRequired\":true,\"valueName\":\"search_term_string\"}}],\"inLanguage\":\"de\"},{\"@type\":\"Organization\",\"@id\":\"https:\\\/\\\/becooltravel.com\\\/#organization\",\"name\":\"BecoolTravel. com- Portugal\",\"url\":\"https:\\\/\\\/becooltravel.com\\\/\",\"logo\":{\"@type\":\"ImageObject\",\"inLanguage\":\"de\",\"@id\":\"https:\\\/\\\/becooltravel.com\\\/#\\\/schema\\\/logo\\\/image\\\/\",\"url\":\"https:\\\/\\\/becooltravel.com\\\/wp-content\\\/uploads\\\/sites\\\/5\\\/2020\\\/03\\\/Logo_BeCool.jpg\",\"contentUrl\":\"https:\\\/\\\/becooltravel.com\\\/wp-content\\\/uploads\\\/sites\\\/5\\\/2020\\\/03\\\/Logo_BeCool.jpg\",\"width\":534,\"height\":534,\"caption\":\"BecoolTravel. com- Portugal\"},\"image\":{\"@id\":\"https:\\\/\\\/becooltravel.com\\\/#\\\/schema\\\/logo\\\/image\\\/\"},\"sameAs\":[\"https:\\\/\\\/www.facebook.com\\\/becooltravelagency\\\/\",\"https:\\\/\\\/x.com\\\/becool_travel\",\"https:\\\/\\\/www.instagram.com\\\/becooltravel_com\\\/\",\"https:\\\/\\\/www.linkedin.com\\\/company\\\/becool-travel\\\/\",\"https:\\\/\\\/www.youtube.com\\\/channel\\\/UCE7zRU3EVG1PgfXwQo-5uJw\"]}]}<\/script>\n<!-- \/ Yoast SEO Premium plugin. -->","yoast_head_json":{"title":"Entdecken Sie Albufeira","description":"Runden Sie Ihre Tage der Freizeit und Entspannung auf einer Terrasse mit Blick auf den Ozean mit einem frischen Getr\u00e4nk ab, um das gute Leben zu feiern!","robots":{"index":"index","follow":"follow","max-snippet":"max-snippet:-1","max-image-preview":"max-image-preview:large","max-video-preview":"max-video-preview:-1"},"canonical":"https:\/\/becooltravel.com\/de\/produkt\/relax-in-tavira-8-days-8300pk-2\/","og_locale":"de_DE","og_type":"article","og_title":"Gold sandy beaches with crystal clear waters (Blue flag)","og_description":"Albufeira is internationally renowned for its gold sandy beaches and turquoise blue waters, sheltered by rocky ochre cliffs.The scenery attracts a wealth of visitors that love to sunbathe during the day. When the sun sets, the party begins with beautiful people flocking to enjoy the restaurants, bars, terraces, and the epic Albufeira\u2019s nightlife.","og_url":"https:\/\/becooltravel.com\/de\/produkt\/relax-in-tavira-8-days-8300pk-2\/","og_site_name":"BeCool Travel","article_publisher":"https:\/\/www.facebook.com\/becooltravelagency\/","article_modified_time":"2026-03-18T13:37:46+00:00","og_image":[{"width":1200,"height":675,"url":"https:\/\/becooltravel.com\/wp-content\/uploads\/sites\/5\/2020\/05\/Albufeira_bluocean.jpg","type":"image\/jpeg"}],"twitter_card":"summary_large_image","twitter_title":"A wealth of Holiday activities available (golf, tennis, horse-riding, water parks)","twitter_description":"The shoreline of Albufeira is very inviting for water sports, from windsurfing, diving, or sailing. A boat tour around the caves is a wonderful opportunity for a different day, with visits to secluded beaches only accessible by sea.","twitter_site":"@becool_travel","twitter_misc":{"Gesch\u00e4tzte Lesezeit":"3\u00a0Minuten"},"schema":{"@context":"https:\/\/schema.org","@graph":[{"@type":["WebPage","ItemPage"],"@id":"https:\/\/becooltravel.com\/product\/relax-in-tavira-8-days-8300pk-2\/","url":"https:\/\/becooltravel.com\/product\/relax-in-tavira-8-days-8300pk-2\/","name":"Entdecken Sie Albufeira","isPartOf":{"@id":"https:\/\/becooltravel.com\/#website"},"primaryImageOfPage":{"@id":"https:\/\/becooltravel.com\/product\/relax-in-tavira-8-days-8300pk-2\/#primaryimage"},"image":{"@id":"https:\/\/becooltravel.com\/product\/relax-in-tavira-8-days-8300pk-2\/#primaryimage"},"thumbnailUrl":"https:\/\/i0.wp.com\/becooltravel.com\/wp-content\/uploads\/sites\/5\/2020\/05\/Albufeira_bluocean.jpg?fit=1200%2C675&ssl=1","datePublished":"2020-03-06T18:55:31+00:00","dateModified":"2026-03-18T13:37:46+00:00","description":"Runden Sie Ihre Tage der Freizeit und Entspannung auf einer Terrasse mit Blick auf den Ozean mit einem frischen Getr\u00e4nk ab, um das gute Leben zu feiern!","breadcrumb":{"@id":"https:\/\/becooltravel.com\/product\/relax-in-tavira-8-days-8300pk-2\/#breadcrumb"},"inLanguage":"de","potentialAction":[{"@type":"ReadAction","target":["https:\/\/becooltravel.com\/product\/relax-in-tavira-8-days-8300pk-2\/"]}]},{"@type":"ImageObject","inLanguage":"de","@id":"https:\/\/becooltravel.com\/product\/relax-in-tavira-8-days-8300pk-2\/#primaryimage","url":"https:\/\/i0.wp.com\/becooltravel.com\/wp-content\/uploads\/sites\/5\/2020\/05\/Albufeira_bluocean.jpg?fit=1200%2C675&ssl=1","contentUrl":"https:\/\/i0.wp.com\/becooltravel.com\/wp-content\/uploads\/sites\/5\/2020\/05\/Albufeira_bluocean.jpg?fit=1200%2C675&ssl=1","width":1200,"height":675,"caption":"Holidays in Albufeira"},{"@type":"BreadcrumbList","@id":"https:\/\/becooltravel.com\/product\/relax-in-tavira-8-days-8300pk-2\/#breadcrumb","itemListElement":[{"@type":"ListItem","position":1,"name":"Home","item":"https:\/\/becooltravel.com\/"},{"@type":"ListItem","position":2,"name":"Shop","item":"https:\/\/becooltravel.com\/?page_id=5"},{"@type":"ListItem","position":3,"name":"Albufeira beautiful historic centre","item":"https:\/\/becooltravel.com\/product-tag\/albufeira-beautiful-historic-centre\/"},{"@type":"ListItem","position":4,"name":"Round up your days of leisure and relaxation on a terrace overlooking the ocean, with a fresh drink on your hand, to celebrate the good life!"}]},{"@type":"WebSite","@id":"https:\/\/becooltravel.com\/#website","url":"https:\/\/becooltravel.com\/","name":"BeCool Travel","description":"Nachhaltiger Urlaub in Portugal f\u00fcr Individualreisende","publisher":{"@id":"https:\/\/becooltravel.com\/#organization"},"potentialAction":[{"@type":"SearchAction","target":{"@type":"EntryPoint","urlTemplate":"https:\/\/becooltravel.com\/?s={search_term_string}"},"query-input":{"@type":"PropertyValueSpecification","valueRequired":true,"valueName":"search_term_string"}}],"inLanguage":"de"},{"@type":"Organization","@id":"https:\/\/becooltravel.com\/#organization","name":"BecoolTravel. com- Portugal","url":"https:\/\/becooltravel.com\/","logo":{"@type":"ImageObject","inLanguage":"de","@id":"https:\/\/becooltravel.com\/#\/schema\/logo\/image\/","url":"https:\/\/becooltravel.com\/wp-content\/uploads\/sites\/5\/2020\/03\/Logo_BeCool.jpg","contentUrl":"https:\/\/becooltravel.com\/wp-content\/uploads\/sites\/5\/2020\/03\/Logo_BeCool.jpg","width":534,"height":534,"caption":"BecoolTravel. com- Portugal"},"image":{"@id":"https:\/\/becooltravel.com\/#\/schema\/logo\/image\/"},"sameAs":["https:\/\/www.facebook.com\/becooltravelagency\/","https:\/\/x.com\/becool_travel","https:\/\/www.instagram.com\/becooltravel_com\/","https:\/\/www.linkedin.com\/company\/becool-travel\/","https:\/\/www.youtube.com\/channel\/UCE7zRU3EVG1PgfXwQo-5uJw"]}]}},"jetpack_sharing_enabled":true,"_links":{"self":[{"href":"https:\/\/becooltravel.com\/de\/wp-json\/wp\/v2\/product\/3725","targetHints":{"allow":["GET"]}}],"collection":[{"href":"https:\/\/becooltravel.com\/de\/wp-json\/wp\/v2\/product"}],"about":[{"href":"https:\/\/becooltravel.com\/de\/wp-json\/wp\/v2\/types\/product"}],"replies":[{"embeddable":true,"href":"https:\/\/becooltravel.com\/de\/wp-json\/wp\/v2\/comments?post=3725"}],"wp:featuredmedia":[{"embeddable":true,"href":"https:\/\/becooltravel.com\/de\/wp-json\/wp\/v2\/media\/4797"}],"wp:attachment":[{"href":"https:\/\/becooltravel.com\/de\/wp-json\/wp\/v2\/media?parent=3725"}],"wp:term":[{"taxonomy":"product_brand","embeddable":true,"href":"https:\/\/becooltravel.com\/de\/wp-json\/wp\/v2\/product_brand?post=3725"},{"taxonomy":"product_cat","embeddable":true,"href":"https:\/\/becooltravel.com\/de\/wp-json\/wp\/v2\/product_cat?post=3725"},{"taxonomy":"product_tag","embeddable":true,"href":"https:\/\/becooltravel.com\/de\/wp-json\/wp\/v2\/product_tag?post=3725"}],"curies":[{"name":"wp","href":"https:\/\/api.w.org\/{rel}","templated":true}]}}