{"id":3734,"date":"2020-03-06T18:46:09","date_gmt":"2020-03-06T18:46:09","guid":{"rendered":"https:\/\/becooltravel.com\/product\/escape-to-albufeira-4-days-4100pk\/"},"modified":"2026-03-18T13:58:10","modified_gmt":"2026-03-18T13:58:10","slug":"escape-to-albufeira-4-days-4100pk","status":"publish","type":"product","link":"https:\/\/becooltravel.com\/de\/produkt\/flucht-nach-albufeira-4-days-4100pk\/","title":{"rendered":"Flucht nach Albufeira"},"content":{"rendered":"<p>Albufeira ist international bekannt f\u00fcr seine goldenen Sandstr\u00e4nde und das t\u00fcrkisblaue Wasser, das von felsigen ockerfarbenen Klippen gesch\u00fctzt wird.<\/p>\n<p>Die Landschaft zieht eine Vielzahl von Besuchern an, die sich tags\u00fcber gerne sonnen. Wenn die Sonne untergeht, beginnt die Party mit sch\u00f6nen Menschen, die sich str\u00f6men, um die Restaurants, Bars, Terrassen und das Nachtleben des epischen Albufeira zu genie\u00dfen.<\/p>\n<div id=\"attachment_2368\" style=\"width: 1034px\" class=\"wp-caption alignnone\"><img data-recalc-dims=\"1\" decoding=\"async\" aria-describedby=\"caption-attachment-2368\" class=\"wp-image-2368 size-large\" src=\"https:\/\/i0.wp.com\/legendatours.net\/wp-content\/uploads\/2020\/06\/Albufeira_lovely_beaches-1024x683.jpg?resize=1024%2C683&#038;ssl=1\" alt=\"Albufeira sch\u00f6ne Str\u00e4nde\" width=\"1024\" height=\"683\" \/><p id=\"caption-attachment-2368\" class=\"wp-caption-text\">Albufeira sch\u00f6ne Str\u00e4nde<\/p><\/div>\n<p>Runden Sie Ihre Tage der Freizeit und Entspannung auf einer Terrasse mit Blick auf den Ozean mit einem frischen Getr\u00e4nk ab, um das gute Leben zu feiern!<\/p>\n<p>Die K\u00fcste von Albufeira ist sehr einladend f\u00fcr Wassersportarten wie Windsurfen, Tauchen oder Segeln. Eine Bootstour durch die H\u00f6hlen ist eine wunderbare Gelegenheit f\u00fcr einen anderen Tag, mit Besuchen an einsamen Str\u00e4nden, die nur auf dem Seeweg erreichbar sind.<\/p>\n<p>Albufeira ist nicht nur perfekt f\u00fcr Menschen, die sich nach Sonne und Ruhe sehnen. Viele Golfpl\u00e4tze erstrecken sich fast bis zum Meer und es gibt alle Arten von lustigen Aktivit\u00e4ten, wie Reiten im Schatten der Kiefern.<\/p>\n<p>Albufeira ist ein beliebter Ferienort mit zahlreichen st\u00e4dtischen Boutiquen und Kunsthandwerksgesch\u00e4ften, in denen die Arbeit lokaler Handwerker immer noch authentisch ist. Diese Objekte aus Ton, Palmbl\u00e4ttern, Kupfer und Spitze folgen jahrhundertealten Traditionen.<\/p>\n<div id=\"attachment_1993\" style=\"width: 1034px\" class=\"wp-caption alignnone\"><img data-recalc-dims=\"1\" decoding=\"async\" aria-describedby=\"caption-attachment-1993\" class=\"wp-image-1993 size-large\" src=\"https:\/\/i0.wp.com\/legendatours.net\/wp-content\/uploads\/2020\/03\/albufeira_nightlife-1024x681.jpg?resize=1024%2C681&#038;ssl=1\" alt=\"Urlaub in Albufeira\" width=\"1024\" height=\"681\" \/><p id=\"caption-attachment-1993\" class=\"wp-caption-text\">Urlaub in Albufeira<\/p><\/div>\n<p>Der Charme von Albufeira h\u00f6rt hier nicht auf. In der fruchtbaren gr\u00fcnen Landschaft liegt eine duftende Landschaft mit Mandel-, Feigen-, Orangen- und Kiefernb\u00e4umen.<\/p>\n<p>Die spitzenartigen typischen Schornsteine, ein Erbe maurischer Architektur, heben sich vom Rot der Ziegeld\u00e4cher und dem blauen Himmel ab.<\/p>\n<p>Schl\u00e4frige, wei\u00df get\u00fcnchte D\u00f6rfer laden Sie ein, eine mit der Natur verbundene Lebensweise zu erleben, die Ihrem Urlaub an der Algarve eine weitere Dimension verleiht.<\/p>\n<p>Zu guter Letzt geben Sie sich dem exzellenten portugiesischen Essen und den Weinen hin. Von frischem Fisch und Schalentieren bis zu den s\u00fc\u00dfen lokalen K\u00f6stlichkeiten aus Mandeln, Honig und Feigen haben Sie die Qual der Wahl!<\/p>","protected":false},"excerpt":{"rendered":"<p>Albufeira ist international bekannt f\u00fcr seine goldenen Sandstr\u00e4nde und das t\u00fcrkisblaue Wasser, das von felsigen ockerfarbenen Klippen gesch\u00fctzt wird.<\/p>\n<p>Die Landschaft zieht eine Vielzahl von Besuchern an, die sich tags\u00fcber gerne sonnen. Wenn die Sonne untergeht, beginnt die Party mit sch\u00f6nen Menschen, die sich str\u00f6men, um die Restaurants, Bars, Terrassen und das Nachtleben des epischen Albufeira zu genie\u00dfen.<\/p>\n<p>Runden Sie Ihre Tage der Freizeit und Entspannung auf einer Terrasse mit Blick auf den Ozean mit einem frischen Getr\u00e4nk ab, um das gute Leben zu feiern!<\/p>","protected":false},"featured_media":4799,"comment_status":"closed","ping_status":"closed","template":"","meta":{"_acf_changed":false,"inline_featured_image":false},"product_brand":[],"product_cat":[333,329],"product_tag":[530,311,604,605,531,532,533,606,607,58,608,609,610,611,612,613,614,615],"class_list":{"0":"post-3734","1":"product","2":"type-product","3":"status-publish","4":"has-post-thumbnail","6":"product_cat-escape-4-days-tour-portugal","7":"product_cat-holiday-packs-tours-portugal","8":"product_tag-albufeira","9":"product_tag-algarve","10":"product_tag-autumn","11":"product_tag-bars","12":"product_tag-beaches-of-albufeira","13":"product_tag-blue-beaches","14":"product_tag-escape","15":"product_tag-gastronomy","16":"product_tag-holidays","17":"product_tag-portugal","18":"product_tag-relax","19":"product_tag-sightseeing","20":"product_tag-spring","21":"product_tag-summer","22":"product_tag-sun-and-beach","23":"product_tag-sunny-days","24":"product_tag-vacations","25":"product_tag-winter","27":"first","28":"instock","29":"virtual","30":"product-type-simple"},"acf":[],"yoast_head":"<!-- This site is optimized with the Yoast SEO Premium plugin v26.8 (Yoast SEO v27.4) - https:\/\/yoast.com\/product\/yoast-seo-premium-wordpress\/ -->\n<title>Escape to Albufeira<\/title>\n<meta name=\"description\" content=\"Albufeira surrender yourself to the excellent Portuguese food and wines. From the fresh fish and shellfish to the sweet local delicacies of almonds, honey, and figs, you will be spoilt for choice!\" \/>\n<meta name=\"robots\" content=\"index, follow, max-snippet:-1, max-image-preview:large, max-video-preview:-1\" \/>\n<link rel=\"canonical\" href=\"https:\/\/becooltravel.com\/de\/produkt\/flucht-nach-albufeira-4-days-4100pk\/\" \/>\n<meta property=\"og:locale\" content=\"de_DE\" \/>\n<meta property=\"og:type\" content=\"article\" \/>\n<meta property=\"og:title\" content=\"Escape to Albufeira\" \/>\n<meta property=\"og:description\" content=\"Albufeira surrender yourself to the excellent Portuguese food and wines. From the fresh fish and shellfish to the sweet local delicacies of almonds, honey, and figs, you will be spoilt for choice!\" \/>\n<meta property=\"og:url\" content=\"https:\/\/becooltravel.com\/de\/produkt\/flucht-nach-albufeira-4-days-4100pk\/\" \/>\n<meta property=\"og:site_name\" content=\"BeCool Travel\" \/>\n<meta property=\"article:publisher\" content=\"https:\/\/www.facebook.com\/becooltravelagency\/\" \/>\n<meta property=\"article:modified_time\" content=\"2026-03-18T13:58:10+00:00\" \/>\n<meta property=\"og:image\" content=\"https:\/\/becooltravel.com\/wp-content\/uploads\/sites\/5\/2020\/05\/Albufeira_beach.jpg\" \/>\n\t<meta property=\"og:image:width\" content=\"1022\" \/>\n\t<meta property=\"og:image:height\" content=\"800\" \/>\n\t<meta property=\"og:image:type\" content=\"image\/jpeg\" \/>\n<meta name=\"twitter:card\" content=\"summary_large_image\" \/>\n<meta name=\"twitter:site\" content=\"@becool_travel\" \/>\n<meta name=\"twitter:label1\" content=\"Gesch\u00e4tzte Lesezeit\" \/>\n\t<meta name=\"twitter:data1\" content=\"2\u00a0Minuten\" \/>\n<script type=\"application\/ld+json\" class=\"yoast-schema-graph\">{\"@context\":\"https:\\\/\\\/schema.org\",\"@graph\":[{\"@type\":[\"WebPage\",\"ItemPage\"],\"@id\":\"https:\\\/\\\/becooltravel.com\\\/product\\\/escape-to-albufeira-4-days-4100pk\\\/\",\"url\":\"https:\\\/\\\/becooltravel.com\\\/product\\\/escape-to-albufeira-4-days-4100pk\\\/\",\"name\":\"Escape to Albufeira\",\"isPartOf\":{\"@id\":\"https:\\\/\\\/becooltravel.com\\\/#website\"},\"primaryImageOfPage\":{\"@id\":\"https:\\\/\\\/becooltravel.com\\\/product\\\/escape-to-albufeira-4-days-4100pk\\\/#primaryimage\"},\"image\":{\"@id\":\"https:\\\/\\\/becooltravel.com\\\/product\\\/escape-to-albufeira-4-days-4100pk\\\/#primaryimage\"},\"thumbnailUrl\":\"https:\\\/\\\/i0.wp.com\\\/becooltravel.com\\\/wp-content\\\/uploads\\\/sites\\\/5\\\/2020\\\/05\\\/Albufeira_beach.jpg?fit=1022%2C800&ssl=1\",\"datePublished\":\"2020-03-06T18:46:09+00:00\",\"dateModified\":\"2026-03-18T13:58:10+00:00\",\"description\":\"Albufeira surrender yourself to the excellent Portuguese food and wines. From the fresh fish and shellfish to the sweet local delicacies of almonds, honey, and figs, you will be spoilt for choice!\",\"breadcrumb\":{\"@id\":\"https:\\\/\\\/becooltravel.com\\\/product\\\/escape-to-albufeira-4-days-4100pk\\\/#breadcrumb\"},\"inLanguage\":\"de\",\"potentialAction\":[{\"@type\":\"ReadAction\",\"target\":[\"https:\\\/\\\/becooltravel.com\\\/product\\\/escape-to-albufeira-4-days-4100pk\\\/\"]}]},{\"@type\":\"ImageObject\",\"inLanguage\":\"de\",\"@id\":\"https:\\\/\\\/becooltravel.com\\\/product\\\/escape-to-albufeira-4-days-4100pk\\\/#primaryimage\",\"url\":\"https:\\\/\\\/i0.wp.com\\\/becooltravel.com\\\/wp-content\\\/uploads\\\/sites\\\/5\\\/2020\\\/05\\\/Albufeira_beach.jpg?fit=1022%2C800&ssl=1\",\"contentUrl\":\"https:\\\/\\\/i0.wp.com\\\/becooltravel.com\\\/wp-content\\\/uploads\\\/sites\\\/5\\\/2020\\\/05\\\/Albufeira_beach.jpg?fit=1022%2C800&ssl=1\",\"width\":1022,\"height\":800,\"caption\":\"Holidays in Albufeira\"},{\"@type\":\"BreadcrumbList\",\"@id\":\"https:\\\/\\\/becooltravel.com\\\/product\\\/escape-to-albufeira-4-days-4100pk\\\/#breadcrumb\",\"itemListElement\":[{\"@type\":\"ListItem\",\"position\":1,\"name\":\"Home\",\"item\":\"https:\\\/\\\/becooltravel.com\\\/\"},{\"@type\":\"ListItem\",\"position\":2,\"name\":\"Shop\",\"item\":\"https:\\\/\\\/becooltravel.com\\\/?page_id=5\"},{\"@type\":\"ListItem\",\"position\":3,\"name\":\"Albufeira Algarve Portugal\",\"item\":\"https:\\\/\\\/becooltravel.com\\\/da\\\/produkt-tag-6\\\/albufeira\\\/\"},{\"@type\":\"ListItem\",\"position\":4,\"name\":\"Escape to Albufeira\"}]},{\"@type\":\"WebSite\",\"@id\":\"https:\\\/\\\/becooltravel.com\\\/#website\",\"url\":\"https:\\\/\\\/becooltravel.com\\\/\",\"name\":\"BeCool Travel\",\"description\":\"Sustainable holidays in Portugal for independent travelers\",\"publisher\":{\"@id\":\"https:\\\/\\\/becooltravel.com\\\/#organization\"},\"potentialAction\":[{\"@type\":\"SearchAction\",\"target\":{\"@type\":\"EntryPoint\",\"urlTemplate\":\"https:\\\/\\\/becooltravel.com\\\/?s={search_term_string}\"},\"query-input\":{\"@type\":\"PropertyValueSpecification\",\"valueRequired\":true,\"valueName\":\"search_term_string\"}}],\"inLanguage\":\"de\"},{\"@type\":\"Organization\",\"@id\":\"https:\\\/\\\/becooltravel.com\\\/#organization\",\"name\":\"BecoolTravel. com- Portugal\",\"url\":\"https:\\\/\\\/becooltravel.com\\\/\",\"logo\":{\"@type\":\"ImageObject\",\"inLanguage\":\"de\",\"@id\":\"https:\\\/\\\/becooltravel.com\\\/#\\\/schema\\\/logo\\\/image\\\/\",\"url\":\"https:\\\/\\\/becooltravel.com\\\/wp-content\\\/uploads\\\/sites\\\/5\\\/2020\\\/03\\\/Logo_BeCool.jpg\",\"contentUrl\":\"https:\\\/\\\/becooltravel.com\\\/wp-content\\\/uploads\\\/sites\\\/5\\\/2020\\\/03\\\/Logo_BeCool.jpg\",\"width\":534,\"height\":534,\"caption\":\"BecoolTravel. com- Portugal\"},\"image\":{\"@id\":\"https:\\\/\\\/becooltravel.com\\\/#\\\/schema\\\/logo\\\/image\\\/\"},\"sameAs\":[\"https:\\\/\\\/www.facebook.com\\\/becooltravelagency\\\/\",\"https:\\\/\\\/x.com\\\/becool_travel\",\"https:\\\/\\\/www.instagram.com\\\/becooltravel_com\\\/\",\"https:\\\/\\\/www.linkedin.com\\\/company\\\/becool-travel\\\/\",\"https:\\\/\\\/www.youtube.com\\\/channel\\\/UCE7zRU3EVG1PgfXwQo-5uJw\"]}]}<\/script>\n<!-- \/ Yoast SEO Premium plugin. -->","yoast_head_json":{"title":"Flucht nach Albufeira","description":"Albufeira g\u00f6nnen Sie sich das ausgezeichnete portugiesische Essen und die Weine. Von frischem Fisch und Schalentieren bis hin zu den s\u00fc\u00dfen lokalen K\u00f6stlichkeiten aus Mandeln, Honig und Feigen haben Sie die Qual der Wahl!","robots":{"index":"index","follow":"follow","max-snippet":"max-snippet:-1","max-image-preview":"max-image-preview:large","max-video-preview":"max-video-preview:-1"},"canonical":"https:\/\/becooltravel.com\/de\/produkt\/flucht-nach-albufeira-4-days-4100pk\/","og_locale":"de_DE","og_type":"article","og_title":"Escape to Albufeira","og_description":"Albufeira surrender yourself to the excellent Portuguese food and wines. From the fresh fish and shellfish to the sweet local delicacies of almonds, honey, and figs, you will be spoilt for choice!","og_url":"https:\/\/becooltravel.com\/de\/produkt\/flucht-nach-albufeira-4-days-4100pk\/","og_site_name":"BeCool Travel","article_publisher":"https:\/\/www.facebook.com\/becooltravelagency\/","article_modified_time":"2026-03-18T13:58:10+00:00","og_image":[{"width":1022,"height":800,"url":"https:\/\/becooltravel.com\/wp-content\/uploads\/sites\/5\/2020\/05\/Albufeira_beach.jpg","type":"image\/jpeg"}],"twitter_card":"summary_large_image","twitter_site":"@becool_travel","twitter_misc":{"Gesch\u00e4tzte Lesezeit":"2\u00a0Minuten"},"schema":{"@context":"https:\/\/schema.org","@graph":[{"@type":["WebPage","ItemPage"],"@id":"https:\/\/becooltravel.com\/product\/escape-to-albufeira-4-days-4100pk\/","url":"https:\/\/becooltravel.com\/product\/escape-to-albufeira-4-days-4100pk\/","name":"Flucht nach Albufeira","isPartOf":{"@id":"https:\/\/becooltravel.com\/#website"},"primaryImageOfPage":{"@id":"https:\/\/becooltravel.com\/product\/escape-to-albufeira-4-days-4100pk\/#primaryimage"},"image":{"@id":"https:\/\/becooltravel.com\/product\/escape-to-albufeira-4-days-4100pk\/#primaryimage"},"thumbnailUrl":"https:\/\/i0.wp.com\/becooltravel.com\/wp-content\/uploads\/sites\/5\/2020\/05\/Albufeira_beach.jpg?fit=1022%2C800&ssl=1","datePublished":"2020-03-06T18:46:09+00:00","dateModified":"2026-03-18T13:58:10+00:00","description":"Albufeira g\u00f6nnen Sie sich das ausgezeichnete portugiesische Essen und die Weine. Von frischem Fisch und Schalentieren bis hin zu den s\u00fc\u00dfen lokalen K\u00f6stlichkeiten aus Mandeln, Honig und Feigen haben Sie die Qual der Wahl!","breadcrumb":{"@id":"https:\/\/becooltravel.com\/product\/escape-to-albufeira-4-days-4100pk\/#breadcrumb"},"inLanguage":"de","potentialAction":[{"@type":"ReadAction","target":["https:\/\/becooltravel.com\/product\/escape-to-albufeira-4-days-4100pk\/"]}]},{"@type":"ImageObject","inLanguage":"de","@id":"https:\/\/becooltravel.com\/product\/escape-to-albufeira-4-days-4100pk\/#primaryimage","url":"https:\/\/i0.wp.com\/becooltravel.com\/wp-content\/uploads\/sites\/5\/2020\/05\/Albufeira_beach.jpg?fit=1022%2C800&ssl=1","contentUrl":"https:\/\/i0.wp.com\/becooltravel.com\/wp-content\/uploads\/sites\/5\/2020\/05\/Albufeira_beach.jpg?fit=1022%2C800&ssl=1","width":1022,"height":800,"caption":"Holidays in Albufeira"},{"@type":"BreadcrumbList","@id":"https:\/\/becooltravel.com\/product\/escape-to-albufeira-4-days-4100pk\/#breadcrumb","itemListElement":[{"@type":"ListItem","position":1,"name":"Home","item":"https:\/\/becooltravel.com\/"},{"@type":"ListItem","position":2,"name":"Shop","item":"https:\/\/becooltravel.com\/?page_id=5"},{"@type":"ListItem","position":3,"name":"Albufeira Algarve Portugal","item":"https:\/\/becooltravel.com\/da\/produkt-tag-6\/albufeira\/"},{"@type":"ListItem","position":4,"name":"Escape to Albufeira"}]},{"@type":"WebSite","@id":"https:\/\/becooltravel.com\/#website","url":"https:\/\/becooltravel.com\/","name":"BeCool Travel","description":"Nachhaltiger Urlaub in Portugal f\u00fcr Individualreisende","publisher":{"@id":"https:\/\/becooltravel.com\/#organization"},"potentialAction":[{"@type":"SearchAction","target":{"@type":"EntryPoint","urlTemplate":"https:\/\/becooltravel.com\/?s={search_term_string}"},"query-input":{"@type":"PropertyValueSpecification","valueRequired":true,"valueName":"search_term_string"}}],"inLanguage":"de"},{"@type":"Organization","@id":"https:\/\/becooltravel.com\/#organization","name":"BecoolTravel. com- Portugal","url":"https:\/\/becooltravel.com\/","logo":{"@type":"ImageObject","inLanguage":"de","@id":"https:\/\/becooltravel.com\/#\/schema\/logo\/image\/","url":"https:\/\/becooltravel.com\/wp-content\/uploads\/sites\/5\/2020\/03\/Logo_BeCool.jpg","contentUrl":"https:\/\/becooltravel.com\/wp-content\/uploads\/sites\/5\/2020\/03\/Logo_BeCool.jpg","width":534,"height":534,"caption":"BecoolTravel. com- Portugal"},"image":{"@id":"https:\/\/becooltravel.com\/#\/schema\/logo\/image\/"},"sameAs":["https:\/\/www.facebook.com\/becooltravelagency\/","https:\/\/x.com\/becool_travel","https:\/\/www.instagram.com\/becooltravel_com\/","https:\/\/www.linkedin.com\/company\/becool-travel\/","https:\/\/www.youtube.com\/channel\/UCE7zRU3EVG1PgfXwQo-5uJw"]}]}},"jetpack_sharing_enabled":true,"_links":{"self":[{"href":"https:\/\/becooltravel.com\/de\/wp-json\/wp\/v2\/product\/3734","targetHints":{"allow":["GET"]}}],"collection":[{"href":"https:\/\/becooltravel.com\/de\/wp-json\/wp\/v2\/product"}],"about":[{"href":"https:\/\/becooltravel.com\/de\/wp-json\/wp\/v2\/types\/product"}],"replies":[{"embeddable":true,"href":"https:\/\/becooltravel.com\/de\/wp-json\/wp\/v2\/comments?post=3734"}],"wp:featuredmedia":[{"embeddable":true,"href":"https:\/\/becooltravel.com\/de\/wp-json\/wp\/v2\/media\/4799"}],"wp:attachment":[{"href":"https:\/\/becooltravel.com\/de\/wp-json\/wp\/v2\/media?parent=3734"}],"wp:term":[{"taxonomy":"product_brand","embeddable":true,"href":"https:\/\/becooltravel.com\/de\/wp-json\/wp\/v2\/product_brand?post=3734"},{"taxonomy":"product_cat","embeddable":true,"href":"https:\/\/becooltravel.com\/de\/wp-json\/wp\/v2\/product_cat?post=3734"},{"taxonomy":"product_tag","embeddable":true,"href":"https:\/\/becooltravel.com\/de\/wp-json\/wp\/v2\/product_tag?post=3734"}],"curies":[{"name":"wp","href":"https:\/\/api.w.org\/{rel}","templated":true}]}}