{"id":3743,"date":"2020-03-06T16:08:29","date_gmt":"2020-03-06T16:08:29","guid":{"rendered":"https:\/\/becooltravel.com\/product\/sightseeing-tour-in-lisbon-5-days-6100s\/"},"modified":"2026-03-18T12:27:25","modified_gmt":"2026-03-18T12:27:25","slug":"sightseeing-tour-in-lisbon-5-days-6100s","status":"publish","type":"product","link":"https:\/\/becooltravel.com\/de\/produkt\/sightseeing-tour-in-lissabon-5-tage-6100s\/","title":{"rendered":"Urlaub in Lissabon, Riverside Gem"},"content":{"rendered":"<p>Die sieben H\u00fcgel von Lissabon sind von Tradition umgeben und mit Modernit\u00e4t gesegnet. Sie sind voller Schichten von Geschichte und Erbe.<\/p>\n<p>Die Stadt ist aufgrund ihrer aufregenden Vielfalt, der Oldtimer-Stra\u00dfenbahnen, der Kopfsteinpflasterstra\u00dfen, der Fado-Songs, der majest\u00e4tischen Azulejo-Architektur und des beneidenswerten Klimas zu einem beliebten europ\u00e4ischen Reiseziel geworden.<\/p>\n<p>Nehmen Sie an dieser Tour teil und erleben Sie alle Juwelen, die diese ansprechende Stadt zu bieten hat!<\/p>\n<div id=\"attachment_2504\" style=\"width: 1034px\" class=\"wp-caption alignnone\"><img data-recalc-dims=\"1\" decoding=\"async\" aria-describedby=\"caption-attachment-2504\" class=\"wp-image-2504 size-large\" src=\"https:\/\/i0.wp.com\/legendatours.net\/wp-content\/uploads\/2020\/03\/belem_tower-1024x716.jpg?resize=1024%2C716&#038;ssl=1\" alt=\"Portugals UNESCO-Weltkulturerbe\" width=\"1024\" height=\"716\" \/><p id=\"caption-attachment-2504\" class=\"wp-caption-text\">Belem Tower, offiziell der Turm von Saint Vincent, ist eine Festung aus dem 16. Jahrhundert in Lissabon, die als Ein- und Ausschiffungspunkt diente.<\/p><\/div>\n<p>Das Licht von Lissabon, besungen von Dichtern und Schriftstellern und verewigt von Malern, Fotografen, Filmemachern und anderen K\u00fcnstlern, gilt weithin als immaterielle Ikone der Stadt.<\/p>\n<p>Dies verleiht der ohnehin anmutigen Stadt, die sich am Rande des Flusses Tejo erstreckt, eine charmante Schicht.<\/p>\n<div id=\"attachment_2502\" style=\"width: 1034px\" class=\"wp-caption alignnone\"><img data-recalc-dims=\"1\" decoding=\"async\" aria-describedby=\"caption-attachment-2502\" class=\"wp-image-2502 size-large\" src=\"https:\/\/i0.wp.com\/legendatours.net\/wp-content\/uploads\/2020\/03\/Lisbon_sightseeing-1024x684.jpg?resize=1024%2C684&#038;ssl=1\" alt=\"Besichtigung in Lissabon - Bica Aufzug Stra\u00dfenbahn\" width=\"1024\" height=\"684\" \/><p id=\"caption-attachment-2502\" class=\"wp-caption-text\">Sightseeing in Lissabon \u2013 Bica-Aufzugsstra\u00dfenbahn. Die Standseilbahn durchquert das Viertel Bica auf dem Weg nach Bairro Alto<\/p><\/div>\n<p>Die r\u00f6mischen und maurischen Spuren sind \u00fcberall, und ihr Einfluss h\u00e4lt im heutigen Lissabon an.<\/p>\n<p>Sie finden es zum Beispiel in den engen Kopfsteinpflasterstra\u00dfen und den wei\u00df get\u00fcnchten Mauern des Alfama-Viertels, dem \u00e4ltesten Viertel von Lissabon, das als Wiege der Fado-Musik bekannt ist.<\/p>\n<p>Im 16. Jahrhundert war Lissabon ein Handelszentrum zwischen Afrika, Indien, Fernost und Brasilien.<\/p>\n<p>Der gro\u00dfe Reichtum, der in dieser Zeit durch den Handel mit Gew\u00fcrzen, Sklaven, Zucker, Textilien und anderen G\u00fctern erworben wurde, finanzierte den \u00fcppigen manuelinischen Architekturstil, der in vielen Geb\u00e4uden zu sehen ist, darunter im Bel\u00e9m-Turm und im Jer\u00f3nimos-Kloster (beide Weltkulturerbe) Websites).<\/p>\n<div id=\"attachment_2510\" style=\"width: 1034px\" class=\"wp-caption alignnone\"><img data-recalc-dims=\"1\" decoding=\"async\" aria-describedby=\"caption-attachment-2510\" class=\"wp-image-2510 size-large\" title=\"Aussichtspunkt in Lissabon Gra\u00e7a\" src=\"https:\/\/i0.wp.com\/legendatours.net\/wp-content\/uploads\/2020\/03\/Lisbon_Graca_river-1024x576.jpg?resize=1024%2C576&#038;ssl=1\" alt=\"Aussichtspunkt in Lissabon Gra\u00e7a\" width=\"1024\" height=\"576\" \/><p id=\"caption-attachment-2510\" class=\"wp-caption-text\">Aussichtspunkt in Gra\u00e7a, auch bekannt als Aussichtspunkt Sophia de Mello Breyner Andersen.<\/p><\/div>\n<p>1755 wurde Lissabon von einem verheerenden Erdbeben heimgesucht, gefolgt von einem Tsunami, der Tausende t\u00f6tete und einen bedeutenden Teil der Stadt zerst\u00f6rte.<\/p>\n<p>Die Stadt wurde dann nach einem sorgf\u00e4ltigen Rasterplan wieder aufgebaut, mit wahrscheinlich den ersten Beispielen f\u00fcr erdbebensichere Konstruktionen in gro\u00dfem Ma\u00dfstab in der Welt.<\/p>\n<p>Dies verlieh Lissabon ein unverwechselbares Layout und Farbschema, wobei der gro\u00dfe Platz mit Blick auf den Fluss das Design kr\u00f6nte.<\/p>\n<p>Als eine der \u00e4ltesten St\u00e4dte der Welt lebten hier im Laufe der Jahrhunderte verschiedene Menschen und Kulturen. Das pr\u00e4gte die Stadt von heute, eine freudige Mischung aus Menschen aus aller Welt, in der die Bewohner des freien Geistes wie keine andere Stadt in Portugal einen m\u00fchelosen Charme haben!<\/p>\n<div class=\"row\" style=\"display: flex;\">\n<div class=\"column\" style=\"flex: 45%;\">\n<p><iframe title=\"IN DER STIMMUNG F\u00dcR LISSABON | Ihr Lissabon Travel-Handbuch 2019 | Warum ich nach Lissabon gezogen bin, Portugal \ud83c\uddf5\ud83c\uddf9\" width=\"1080\" height=\"608\" src=\"https:\/\/www.youtube.com\/embed\/Qv7CtN1mOlc?feature=oembed\" frameborder=\"0\" allow=\"accelerometer; autoplay; clipboard-write; encrypted-media; gyroscope; picture-in-picture; web-share\" referrerpolicy=\"strict-origin-when-cross-origin\" allowfullscreen><\/iframe><\/p>\n<\/div>\n<div class=\"column\" style=\"flex: 10%;\"><\/div>\n<div class=\"column\" style=\"flex: 45%;\">\n<p><iframe title=\"Region Lissabon wie nie zuvor\" width=\"1080\" height=\"608\" src=\"https:\/\/www.youtube.com\/embed\/mK7rgh4fhYQ?feature=oembed\" frameborder=\"0\" allow=\"accelerometer; autoplay; clipboard-write; encrypted-media; gyroscope; picture-in-picture; web-share\" referrerpolicy=\"strict-origin-when-cross-origin\" allowfullscreen><\/iframe><\/p>\n<\/div>\n<\/div>","protected":false},"excerpt":{"rendered":"<p>Die sieben H\u00fcgel von Lissabon sind von Tradition umgeben und mit Modernit\u00e4t gesegnet. Sie sind voller Schichten von Geschichte und Erbe.<\/p>\n<p>Die Stadt ist aufgrund ihrer aufregenden Vielfalt, der Oldtimer-Stra\u00dfenbahnen, der Kopfsteinpflasterstra\u00dfen, der Fado-Songs, der majest\u00e4tischen Azulejo-Architektur und des beneidenswerten Klimas zu einem beliebten europ\u00e4ischen Reiseziel geworden.<\/p>\n<p>Nehmen Sie an dieser Tour teil und erleben Sie alle Juwelen, die diese ansprechende Stadt zu bieten hat!<\/p>","protected":false},"featured_media":5191,"comment_status":"closed","ping_status":"closed","template":"","meta":{"_acf_changed":false,"inline_featured_image":false},"product_brand":[],"product_cat":[336,327],"product_tag":[215,1053,359,693,694,695,906,696,697,698,851,699,700,701,907,222,260,1054,702,703,223,908,704,58,705,706,707,1055,1048,720,909,910,911,912,1056,708,1057,281,709,1058,1059],"class_list":{"0":"post-3743","1":"product","2":"type-product","3":"status-publish","4":"has-post-thumbnail","6":"product_cat-self-guided-sightseeing-holidays-in-portugal","7":"product_cat-self-guided-tours-portugal","8":"product_tag-alfama","9":"product_tag-alleine-reisen","10":"product_tag-architecture","11":"product_tag-bairro-alto","12":"product_tag-belem-tower","13":"product_tag-brazil","14":"product_tag-chiado","15":"product_tag-citys-seven-hills","16":"product_tag-cobblestone-streets","17":"product_tag-european-destination","18":"product_tag-fado","19":"product_tag-fado-music","20":"product_tag-fresh-orange-juice","21":"product_tag-grilled-chicke","22":"product_tag-heritage-in-lisbon","23":"product_tag-historical-monuments-in-lisbon","24":"product_tag-history-and-heritage","25":"product_tag-individuelle-touren","26":"product_tag-jeronimos-monastery","27":"product_tag-largest-city-of-portugal","28":"product_tag-lisbon","29":"product_tag-lisbon-holidays","30":"product_tag-narrow-cobbled-streets","31":"product_tag-portugal","32":"product_tag-praca-do-comercio","33":"product_tag-s-jorge-castle","34":"product_tag-seafood","35":"product_tag-sejour-en-liberte","36":"product_tag-self-guide-tour","37":"product_tag-self-guided-holidays","38":"product_tag-self-guided-sightseeing","39":"product_tag-self-guided-tour","40":"product_tag-shopping-in-lisbon","41":"product_tag-sightseeing-lisbon","42":"product_tag-solo-reisen","43":"product_tag-terreiro-do-paco","44":"product_tag-tours-autoguidees","45":"product_tag-typical-quarters-of-lisbon","46":"product_tag-vintage-trams","47":"product_tag-voyage-en-liberte","48":"product_tag-voyages-en-autonomie","50":"first","51":"instock","52":"virtual","53":"product-type-simple"},"acf":[],"yoast_head":"<!-- This site is optimized with the Yoast SEO Premium plugin v26.8 (Yoast SEO v27.5) - https:\/\/yoast.com\/product\/yoast-seo-premium-wordpress\/ -->\n<title>Holidays in Lisbon, Riverside Gem<\/title>\n<meta name=\"description\" content=\"Self-Guided Sightseeing in Lisbon\u2019s friendly atmosphere overlooking the Rio Tejo,Alfama, S\u00e3o Jorge Castle, Chiado, and Bairro Alto. Portuguese gastronomy, with highlight for the seafood, delicious wines, and the famed past\u00e9is de nata (custard tarts)\" \/>\n<meta name=\"robots\" content=\"index, follow, max-snippet:-1, max-image-preview:large, max-video-preview:-1\" \/>\n<link rel=\"canonical\" href=\"https:\/\/becooltravel.com\/de\/produkt\/sightseeing-tour-in-lissabon-5-tage-6100s\/\" \/>\n<meta property=\"og:locale\" content=\"de_DE\" \/>\n<meta property=\"og:type\" content=\"article\" \/>\n<meta property=\"og:title\" content=\"Self-Guided Sightseeing experience all the gems this appealing city has to offer!\" \/>\n<meta property=\"og:description\" content=\"The light of Lisbon Self-Guided Sightseeing, sung by poets and writers, and immortalized by painters, photographers, filmmakers, and other artists, is widely considered as an immaterial icon of the city.This adds a layer of charm to the already graceful city, sprawling along the margins of the river Tejo.The Roman and Moorish traces are everywhere, and its influence persists in present-day Lisbon.\" \/>\n<meta property=\"og:url\" content=\"https:\/\/becooltravel.com\/de\/produkt\/sightseeing-tour-in-lissabon-5-tage-6100s\/\" \/>\n<meta property=\"og:site_name\" content=\"BeCool Travel\" \/>\n<meta property=\"article:publisher\" content=\"https:\/\/www.facebook.com\/becooltravelagency\/\" \/>\n<meta property=\"article:modified_time\" content=\"2026-03-18T12:27:25+00:00\" \/>\n<meta property=\"og:image\" content=\"https:\/\/becooltravel.com\/wp-content\/uploads\/sites\/5\/2020\/06\/Lisboa_Bica_elevator.jpg\" \/>\n\t<meta property=\"og:image:width\" content=\"1199\" \/>\n\t<meta property=\"og:image:height\" content=\"800\" \/>\n\t<meta property=\"og:image:type\" content=\"image\/jpeg\" \/>\n<meta name=\"twitter:card\" content=\"summary_large_image\" \/>\n<meta name=\"twitter:title\" content=\"Self-Guided Sightseeing The city was then rebuilt following a meticulous grid plan, with probably the first examples of earthquake-resistant constructions at a large scale in the world.\" \/>\n<meta name=\"twitter:description\" content=\"The great richness acquired in this period with the trade of spices, slaves, sugar, textiles, and other goods, financed the exuberant Manueline style in architecture, to be seen in many buildings, including the Bel\u00e9m Tower and the Jer\u00f3nimos Monastery (both World Heritage Sites).\" \/>\n<meta name=\"twitter:image\" content=\"https:\/\/i0.wp.com\/becooltravel.com\/wp-content\/uploads\/sites\/5\/2020\/06\/jeronimos_monastery_lisbon.jpg?fit=1200%2C750&ssl=1\" \/>\n<meta name=\"twitter:site\" content=\"@becool_travel\" \/>\n<meta name=\"twitter:label1\" content=\"Gesch\u00e4tzte Lesezeit\" \/>\n\t<meta name=\"twitter:data1\" content=\"3\u00a0Minuten\" \/>\n<script type=\"application\/ld+json\" class=\"yoast-schema-graph\">{\"@context\":\"https:\\\/\\\/schema.org\",\"@graph\":[{\"@type\":[\"WebPage\",\"ItemPage\"],\"@id\":\"https:\\\/\\\/becooltravel.com\\\/product\\\/sightseeing-tour-in-lisbon-5-days-6100s\\\/\",\"url\":\"https:\\\/\\\/becooltravel.com\\\/product\\\/sightseeing-tour-in-lisbon-5-days-6100s\\\/\",\"name\":\"Holidays in Lisbon, Riverside Gem\",\"isPartOf\":{\"@id\":\"https:\\\/\\\/becooltravel.com\\\/#website\"},\"primaryImageOfPage\":{\"@id\":\"https:\\\/\\\/becooltravel.com\\\/product\\\/sightseeing-tour-in-lisbon-5-days-6100s\\\/#primaryimage\"},\"image\":{\"@id\":\"https:\\\/\\\/becooltravel.com\\\/product\\\/sightseeing-tour-in-lisbon-5-days-6100s\\\/#primaryimage\"},\"thumbnailUrl\":\"https:\\\/\\\/i0.wp.com\\\/becooltravel.com\\\/wp-content\\\/uploads\\\/sites\\\/5\\\/2020\\\/06\\\/Lisbon_sightseeing.jpg?fit=1200%2C801&ssl=1\",\"datePublished\":\"2020-03-06T16:08:29+00:00\",\"dateModified\":\"2026-03-18T12:27:25+00:00\",\"description\":\"Self-Guided Sightseeing in Lisbon\u2019s friendly atmosphere overlooking the Rio Tejo,Alfama, S\u00e3o Jorge Castle, Chiado, and Bairro Alto. Portuguese gastronomy, with highlight for the seafood, delicious wines, and the famed past\u00e9is de nata (custard tarts)\",\"breadcrumb\":{\"@id\":\"https:\\\/\\\/becooltravel.com\\\/product\\\/sightseeing-tour-in-lisbon-5-days-6100s\\\/#breadcrumb\"},\"inLanguage\":\"de\",\"potentialAction\":[{\"@type\":\"ReadAction\",\"target\":[\"https:\\\/\\\/becooltravel.com\\\/product\\\/sightseeing-tour-in-lisbon-5-days-6100s\\\/\"]}]},{\"@type\":\"ImageObject\",\"inLanguage\":\"de\",\"@id\":\"https:\\\/\\\/becooltravel.com\\\/product\\\/sightseeing-tour-in-lisbon-5-days-6100s\\\/#primaryimage\",\"url\":\"https:\\\/\\\/i0.wp.com\\\/becooltravel.com\\\/wp-content\\\/uploads\\\/sites\\\/5\\\/2020\\\/06\\\/Lisbon_sightseeing.jpg?fit=1200%2C801&ssl=1\",\"contentUrl\":\"https:\\\/\\\/i0.wp.com\\\/becooltravel.com\\\/wp-content\\\/uploads\\\/sites\\\/5\\\/2020\\\/06\\\/Lisbon_sightseeing.jpg?fit=1200%2C801&ssl=1\",\"width\":1200,\"height\":801,\"caption\":\"Sightseeing in Lisbon - Bica elevator tram\"},{\"@type\":\"BreadcrumbList\",\"@id\":\"https:\\\/\\\/becooltravel.com\\\/product\\\/sightseeing-tour-in-lisbon-5-days-6100s\\\/#breadcrumb\",\"itemListElement\":[{\"@type\":\"ListItem\",\"position\":1,\"name\":\"Home\",\"item\":\"https:\\\/\\\/becooltravel.com\\\/\"},{\"@type\":\"ListItem\",\"position\":2,\"name\":\"Shop\",\"item\":\"https:\\\/\\\/becooltravel.com\\\/?page_id=5\"},{\"@type\":\"ListItem\",\"position\":3,\"name\":\"Alfama is the oldest district of Lisbon\\\/Lisboa (Portugal), spreading on the slope between the S\u00e3o Jorge Castle and the Tagus\\\/Tejo river. Its name comes from the Arabic Al-hamma, meaning \\\"hot fountains\\\" or \\\"baths\\\". It contains many important historical attractions.\",\"item\":\"https:\\\/\\\/becooltravel.com\\\/product-tag\\\/alfama\\\/\"},{\"@type\":\"ListItem\",\"position\":4,\"name\":\"Holidays in Lisbon, Riverside Gem\"}]},{\"@type\":\"WebSite\",\"@id\":\"https:\\\/\\\/becooltravel.com\\\/#website\",\"url\":\"https:\\\/\\\/becooltravel.com\\\/\",\"name\":\"BeCool Travel\",\"description\":\"Sustainable holidays in Portugal for independent travelers\",\"publisher\":{\"@id\":\"https:\\\/\\\/becooltravel.com\\\/#organization\"},\"potentialAction\":[{\"@type\":\"SearchAction\",\"target\":{\"@type\":\"EntryPoint\",\"urlTemplate\":\"https:\\\/\\\/becooltravel.com\\\/?s={search_term_string}\"},\"query-input\":{\"@type\":\"PropertyValueSpecification\",\"valueRequired\":true,\"valueName\":\"search_term_string\"}}],\"inLanguage\":\"de\"},{\"@type\":\"Organization\",\"@id\":\"https:\\\/\\\/becooltravel.com\\\/#organization\",\"name\":\"BecoolTravel. com- Portugal\",\"url\":\"https:\\\/\\\/becooltravel.com\\\/\",\"logo\":{\"@type\":\"ImageObject\",\"inLanguage\":\"de\",\"@id\":\"https:\\\/\\\/becooltravel.com\\\/#\\\/schema\\\/logo\\\/image\\\/\",\"url\":\"https:\\\/\\\/becooltravel.com\\\/wp-content\\\/uploads\\\/sites\\\/5\\\/2020\\\/03\\\/Logo_BeCool.jpg\",\"contentUrl\":\"https:\\\/\\\/becooltravel.com\\\/wp-content\\\/uploads\\\/sites\\\/5\\\/2020\\\/03\\\/Logo_BeCool.jpg\",\"width\":534,\"height\":534,\"caption\":\"BecoolTravel. com- Portugal\"},\"image\":{\"@id\":\"https:\\\/\\\/becooltravel.com\\\/#\\\/schema\\\/logo\\\/image\\\/\"},\"sameAs\":[\"https:\\\/\\\/www.facebook.com\\\/becooltravelagency\\\/\",\"https:\\\/\\\/x.com\\\/becool_travel\",\"https:\\\/\\\/www.instagram.com\\\/becooltravel_com\\\/\",\"https:\\\/\\\/www.linkedin.com\\\/company\\\/becool-travel\\\/\",\"https:\\\/\\\/www.youtube.com\\\/channel\\\/UCE7zRU3EVG1PgfXwQo-5uJw\"]}]}<\/script>\n<!-- \/ Yoast SEO Premium plugin. -->","yoast_head_json":{"title":"Urlaub in Lissabon, Riverside Gem","description":"Selbstgef\u00fchrte Besichtigungstouren in Lissabons freundlicher Atmosph\u00e4re mit Blick auf den Rio Tejo, Alfama, die Burg S\u00e3o Jorge, Chiado und Bairro Alto. Portugiesische Gastronomie mit Highlight f\u00fcr Meeresfr\u00fcchte, k\u00f6stliche Weine und die ber\u00fchmten Past\u00e9is de Nata (Puddingkuchen)","robots":{"index":"index","follow":"follow","max-snippet":"max-snippet:-1","max-image-preview":"max-image-preview:large","max-video-preview":"max-video-preview:-1"},"canonical":"https:\/\/becooltravel.com\/de\/produkt\/sightseeing-tour-in-lissabon-5-tage-6100s\/","og_locale":"de_DE","og_type":"article","og_title":"Self-Guided Sightseeing experience all the gems this appealing city has to offer!","og_description":"The light of Lisbon Self-Guided Sightseeing, sung by poets and writers, and immortalized by painters, photographers, filmmakers, and other artists, is widely considered as an immaterial icon of the city.This adds a layer of charm to the already graceful city, sprawling along the margins of the river Tejo.The Roman and Moorish traces are everywhere, and its influence persists in present-day Lisbon.","og_url":"https:\/\/becooltravel.com\/de\/produkt\/sightseeing-tour-in-lissabon-5-tage-6100s\/","og_site_name":"BeCool Travel","article_publisher":"https:\/\/www.facebook.com\/becooltravelagency\/","article_modified_time":"2026-03-18T12:27:25+00:00","og_image":[{"width":1199,"height":800,"url":"https:\/\/becooltravel.com\/wp-content\/uploads\/sites\/5\/2020\/06\/Lisboa_Bica_elevator.jpg","type":"image\/jpeg"}],"twitter_card":"summary_large_image","twitter_title":"Self-Guided Sightseeing The city was then rebuilt following a meticulous grid plan, with probably the first examples of earthquake-resistant constructions at a large scale in the world.","twitter_description":"The great richness acquired in this period with the trade of spices, slaves, sugar, textiles, and other goods, financed the exuberant Manueline style in architecture, to be seen in many buildings, including the Bel\u00e9m Tower and the Jer\u00f3nimos Monastery (both World Heritage Sites).","twitter_image":"https:\/\/i0.wp.com\/becooltravel.com\/wp-content\/uploads\/sites\/5\/2020\/06\/jeronimos_monastery_lisbon.jpg?fit=1200%2C750&ssl=1","twitter_site":"@becool_travel","twitter_misc":{"Gesch\u00e4tzte Lesezeit":"3\u00a0Minuten"},"schema":{"@context":"https:\/\/schema.org","@graph":[{"@type":["WebPage","ItemPage"],"@id":"https:\/\/becooltravel.com\/product\/sightseeing-tour-in-lisbon-5-days-6100s\/","url":"https:\/\/becooltravel.com\/product\/sightseeing-tour-in-lisbon-5-days-6100s\/","name":"Urlaub in Lissabon, Riverside Gem","isPartOf":{"@id":"https:\/\/becooltravel.com\/#website"},"primaryImageOfPage":{"@id":"https:\/\/becooltravel.com\/product\/sightseeing-tour-in-lisbon-5-days-6100s\/#primaryimage"},"image":{"@id":"https:\/\/becooltravel.com\/product\/sightseeing-tour-in-lisbon-5-days-6100s\/#primaryimage"},"thumbnailUrl":"https:\/\/i0.wp.com\/becooltravel.com\/wp-content\/uploads\/sites\/5\/2020\/06\/Lisbon_sightseeing.jpg?fit=1200%2C801&ssl=1","datePublished":"2020-03-06T16:08:29+00:00","dateModified":"2026-03-18T12:27:25+00:00","description":"Selbstgef\u00fchrte Besichtigungstouren in Lissabons freundlicher Atmosph\u00e4re mit Blick auf den Rio Tejo, Alfama, die Burg S\u00e3o Jorge, Chiado und Bairro Alto. Portugiesische Gastronomie mit Highlight f\u00fcr Meeresfr\u00fcchte, k\u00f6stliche Weine und die ber\u00fchmten Past\u00e9is de Nata (Puddingkuchen)","breadcrumb":{"@id":"https:\/\/becooltravel.com\/product\/sightseeing-tour-in-lisbon-5-days-6100s\/#breadcrumb"},"inLanguage":"de","potentialAction":[{"@type":"ReadAction","target":["https:\/\/becooltravel.com\/product\/sightseeing-tour-in-lisbon-5-days-6100s\/"]}]},{"@type":"ImageObject","inLanguage":"de","@id":"https:\/\/becooltravel.com\/product\/sightseeing-tour-in-lisbon-5-days-6100s\/#primaryimage","url":"https:\/\/i0.wp.com\/becooltravel.com\/wp-content\/uploads\/sites\/5\/2020\/06\/Lisbon_sightseeing.jpg?fit=1200%2C801&ssl=1","contentUrl":"https:\/\/i0.wp.com\/becooltravel.com\/wp-content\/uploads\/sites\/5\/2020\/06\/Lisbon_sightseeing.jpg?fit=1200%2C801&ssl=1","width":1200,"height":801,"caption":"Sightseeing in Lisbon - Bica elevator tram"},{"@type":"BreadcrumbList","@id":"https:\/\/becooltravel.com\/product\/sightseeing-tour-in-lisbon-5-days-6100s\/#breadcrumb","itemListElement":[{"@type":"ListItem","position":1,"name":"Home","item":"https:\/\/becooltravel.com\/"},{"@type":"ListItem","position":2,"name":"Shop","item":"https:\/\/becooltravel.com\/?page_id=5"},{"@type":"ListItem","position":3,"name":"Alfama is the oldest district of Lisbon\/Lisboa (Portugal), spreading on the slope between the S\u00e3o Jorge Castle and the Tagus\/Tejo river. Its name comes from the Arabic Al-hamma, meaning \"hot fountains\" or \"baths\". It contains many important historical attractions.","item":"https:\/\/becooltravel.com\/product-tag\/alfama\/"},{"@type":"ListItem","position":4,"name":"Holidays in Lisbon, Riverside Gem"}]},{"@type":"WebSite","@id":"https:\/\/becooltravel.com\/#website","url":"https:\/\/becooltravel.com\/","name":"BeCool Travel","description":"Nachhaltiger Urlaub in Portugal f\u00fcr Individualreisende","publisher":{"@id":"https:\/\/becooltravel.com\/#organization"},"potentialAction":[{"@type":"SearchAction","target":{"@type":"EntryPoint","urlTemplate":"https:\/\/becooltravel.com\/?s={search_term_string}"},"query-input":{"@type":"PropertyValueSpecification","valueRequired":true,"valueName":"search_term_string"}}],"inLanguage":"de"},{"@type":"Organization","@id":"https:\/\/becooltravel.com\/#organization","name":"BecoolTravel. com- Portugal","url":"https:\/\/becooltravel.com\/","logo":{"@type":"ImageObject","inLanguage":"de","@id":"https:\/\/becooltravel.com\/#\/schema\/logo\/image\/","url":"https:\/\/becooltravel.com\/wp-content\/uploads\/sites\/5\/2020\/03\/Logo_BeCool.jpg","contentUrl":"https:\/\/becooltravel.com\/wp-content\/uploads\/sites\/5\/2020\/03\/Logo_BeCool.jpg","width":534,"height":534,"caption":"BecoolTravel. com- Portugal"},"image":{"@id":"https:\/\/becooltravel.com\/#\/schema\/logo\/image\/"},"sameAs":["https:\/\/www.facebook.com\/becooltravelagency\/","https:\/\/x.com\/becool_travel","https:\/\/www.instagram.com\/becooltravel_com\/","https:\/\/www.linkedin.com\/company\/becool-travel\/","https:\/\/www.youtube.com\/channel\/UCE7zRU3EVG1PgfXwQo-5uJw"]}]}},"jetpack_sharing_enabled":true,"_links":{"self":[{"href":"https:\/\/becooltravel.com\/de\/wp-json\/wp\/v2\/product\/3743","targetHints":{"allow":["GET"]}}],"collection":[{"href":"https:\/\/becooltravel.com\/de\/wp-json\/wp\/v2\/product"}],"about":[{"href":"https:\/\/becooltravel.com\/de\/wp-json\/wp\/v2\/types\/product"}],"replies":[{"embeddable":true,"href":"https:\/\/becooltravel.com\/de\/wp-json\/wp\/v2\/comments?post=3743"}],"wp:featuredmedia":[{"embeddable":true,"href":"https:\/\/becooltravel.com\/de\/wp-json\/wp\/v2\/media\/5191"}],"wp:attachment":[{"href":"https:\/\/becooltravel.com\/de\/wp-json\/wp\/v2\/media?parent=3743"}],"wp:term":[{"taxonomy":"product_brand","embeddable":true,"href":"https:\/\/becooltravel.com\/de\/wp-json\/wp\/v2\/product_brand?post=3743"},{"taxonomy":"product_cat","embeddable":true,"href":"https:\/\/becooltravel.com\/de\/wp-json\/wp\/v2\/product_cat?post=3743"},{"taxonomy":"product_tag","embeddable":true,"href":"https:\/\/becooltravel.com\/de\/wp-json\/wp\/v2\/product_tag?post=3743"}],"curies":[{"name":"wp","href":"https:\/\/api.w.org\/{rel}","templated":true}]}}