{"id":3757,"date":"2020-03-06T15:01:29","date_gmt":"2020-03-06T15:01:29","guid":{"rendered":"https:\/\/becooltravel.com\/product\/birdwatching-and-wildlife-tour-in-the-ria-formosa-fly-drive-3100s\/"},"modified":"2025-03-03T17:18:20","modified_gmt":"2025-03-03T17:18:20","slug":"birdwatching-and-wildlife-tour-in-the-ria-formosa-fly-drive-3100s","status":"publish","type":"product","link":"https:\/\/becooltravel.com\/de\/produkt\/vogelbeobachtung-und-wildtiertour-in-der-ria-formosa-fly-drive-3100\/","title":{"rendered":"Vogelbeobachtung und Wildtierferien in der Ria Formosa"},"content":{"rendered":"<p>Die Vogelbeobachtungs- und Wildtiertour in der Ria Formosa ist eine selbstfahrende Vogelbeobachtungstour, die von begeisterten Vogelbeobachtern aus der Region konzipiert wurde.<\/p>\n<p>Die Algarve ist zu Recht ber\u00fchmt f\u00fcr ihre goldenen Str\u00e4nde, Golfpl\u00e4tze und das wundervolle Klima das ganze Jahr \u00fcber. Sie ist auch ein geheimes Ziel f\u00fcr gro\u00dfartige Vogelbeobachtungen. Zu fast jeder Jahreszeit gibt es etwas Interessantes zu sehen!<\/p>\n<div id=\"attachment_1692\" style=\"width: 1034px\" class=\"wp-caption alignnone\"><img data-recalc-dims=\"1\" decoding=\"async\" aria-describedby=\"caption-attachment-1692\" class=\"wp-image-1692 size-large\" title=\"Vogelbeobachtungsalgarve Schwarzk\u00f6pfiger Weber\" src=\"https:\/\/i0.wp.com\/legendatours.net\/wp-content\/uploads\/2020\/05\/Birdwatching-Algarve-Black-headed-Weaver-1024x683.jpg?resize=1024%2C683&#038;ssl=1\" alt=\"Vogelbeobachtungsalgarve Schwarzk\u00f6pfiger Weber\" width=\"1024\" height=\"683\" \/><p id=\"caption-attachment-1692\" class=\"wp-caption-text\">Vogelbeobachtung Algarve Schwarzkopfweber \u2013 Foto Peter Dedicoat<\/p><\/div>\n<p>Egal, ob Sie ein erfahrener Vogelbeobachter oder ein Anf\u00e4nger sind, die Vogelbeobachtung ist immer ein Vergn\u00fcgen. Sie sind so faszinierende Kreaturen und es gibt immer etwas Neues zu entdecken oder anzul\u00e4cheln! Diese Tour ist so konzipiert, dass sie Spa\u00df macht, unabh\u00e4ngig von Ihren Vogelbeobachtungsf\u00e4higkeiten und Ihrem Fachwissen.<\/p>\n<p>Die Tour befindet sich im Naturpark Ria Formosa, einem Komplex aus Salzwasserlagunen und Barriereinseln mit Watt, Sandb\u00e4nken, D\u00fcnen und Salzwiesen. Sie erstreckt sich auf ein weiteres Feuchtgebiet im Naturschutzgebiet Castro Marim.<\/p>\n<p>Die Ria ist ein besonderes Schutzgebiet im Rahmen der Ramsar-Konvention und von gro\u00dfer Bedeutung f\u00fcr zahlreiche Brut-, \u00dcberwinterungs- und Rastwasservogelarten.<\/p>\n<div id=\"attachment_1694\" style=\"width: 1034px\" class=\"wp-caption alignnone\"><img data-recalc-dims=\"1\" decoding=\"async\" aria-describedby=\"caption-attachment-1694\" class=\"wp-image-1694 size-large\" title=\"Vogelbeobachtung Algarve Collared Pratincole\" src=\"https:\/\/i0.wp.com\/legendatours.net\/wp-content\/uploads\/2020\/05\/Birdwatching-Algarve-Collared-Pratincole-1024x683.jpg?resize=1024%2C683&#038;ssl=1\" alt=\"Vogelbeobachtung Algarve Collared Pratincole\" width=\"1024\" height=\"683\" \/><p id=\"caption-attachment-1694\" class=\"wp-caption-text\"><a href=\"..\/..\/?s=Collared+Pratincole\" target=\"_blank\" rel=\"noopener noreferrer\">Vogelbeobachtung Algarve Collared Pratincole<\/a> \u2013 Foto Peter Dedicoat<\/p><\/div>\n<p>Es ist ein Ort von erstaunlicher Sch\u00f6nheit und nat\u00fcrlichem Interesse, an dem es nicht ungew\u00f6hnlich ist, in nur wenigen Stunden 40 oder mehr Vogelarten zu beobachten. Zur richtigen Jahreszeit k\u00f6nnen Sie Hunderte von ihnen sehen! Unsere \u00f6rtlichen Vogelbeobachter wissen, wo sie nisten und f\u00fcttern, und geben Ihnen wertvolle Tipps, um das Beste aus Ihrem Vogelbeobachtungsurlaub zu machen.<\/p>\n<p>Zwischen ganzj\u00e4hrigen Bewohnern und \u00fcberwinternden Arten finden wir Schwarzschwanzg\u00f6ttinnen, Ringelregenpfeifer, Kleine Stints, Kleine Rohrdommel, Lila Sumpfhenne, Lila Reiher, Rotschopf-Tafelente, Halsband-Pratincole, Kentischer Regenpfeifer, Europ\u00e4ischer Bienenfresser, Rothals-Nachtschw\u00e4rmer, Waldschnepfe, Graue W\u00fcrger, Seeschwalbe und Sumpf-Gel\u00e4ndel\u00e4ufer. Booted Eagles sind im Winter ein regelm\u00e4\u00dfiger Anblick.<\/p>\n<div id=\"attachment_1698\" style=\"width: 1034px\" class=\"wp-caption alignnone\"><img data-recalc-dims=\"1\" decoding=\"async\" aria-describedby=\"caption-attachment-1698\" class=\"wp-image-1698 size-large\" title=\"Vogelbeobachtungsalgarve Ria Formosa Gro\u00dfer Flamingo\" src=\"https:\/\/i0.wp.com\/legendatours.net\/wp-content\/uploads\/2020\/05\/Birdwatching-Algarve-Ria-Formosa-Greater-Flamingo-1024x683.jpg?resize=1024%2C683&#038;ssl=1\" alt=\"Vogelbeobachtungsalgarve Ria Formosa Gro\u00dfer Flamingo\" width=\"1024\" height=\"683\" \/><p id=\"caption-attachment-1698\" class=\"wp-caption-text\">Vogelbeobachtung Algarve Ria Formosa Rosaflamingo \u2013 Foto Peter Dedicoat<\/p><\/div>\n<p>Im gr\u00f6\u00dften Bereich der Schilfg\u00e4rten an der Algarve k\u00f6nnen Sie in der Saison eisenhaltige Enten, Purpurreiher, Schwarzfl\u00fcgeldrachen, Pendeltitten und Mitesserweber sehen.<\/p>\n<p>Diese selbstgef\u00fchrte Tour enth\u00e4lt einfache und benutzerfreundliche Routenhinweise und Sie k\u00f6nnen sie in Ihrem eigenen Tempo und Willen durchf\u00fchren. Auf jeder Reiseroute finden Sie Karten, Beschreibungen und Hinweise zu den interessantesten Arten mit wertvollen Tipps.<\/p>\n<p>Wir sorgen daf\u00fcr, dass Sie ein unvergessliches Erlebnis haben: Verschwenden Sie keine Zeit damit, nach \u00dcbernachtungsm\u00f6glichkeiten zu suchen, Transporte zu arrangieren oder die besten Vogelbeobachtungspl\u00e4tze zu erkunden!<\/p>\n<p>Unsere Tour ist komplett, beinhaltet alle Dienstleistungen, die Sie brauchen, und vor allem ist sie perfekt durchdacht und organisiert!<\/p>\n<div class=\"row\">\n<div class=\"column\" style=\"flex: 45%\">\n<p><iframe title=\"V\u00f6gel von S\u00fcdportugal\" width=\"1080\" height=\"608\" src=\"https:\/\/www.youtube.com\/embed\/q4ezd_AIbYM?feature=oembed\" frameborder=\"0\" allow=\"accelerometer; autoplay; clipboard-write; encrypted-media; gyroscope; picture-in-picture\" allowfullscreen><\/iframe><\/p>\n<\/div>\n<div class=\"column\" style=\"flex: 10%\"><\/div>\n<div class=\"column\" style=\"flex: 45%\">\n<p><iframe title=\"Castro Marim\" width=\"1080\" height=\"608\" src=\"https:\/\/www.youtube.com\/embed\/sbJjXvbNWho?list=PL_6Umd8jb1qvBUfpmdNirAfZNGPDknjjw\" frameborder=\"0\" allow=\"accelerometer; autoplay; clipboard-write; encrypted-media; gyroscope; picture-in-picture\" allowfullscreen><\/iframe><\/p>\n<\/div>\n<\/div>","protected":false},"excerpt":{"rendered":"<p>Die Vogelbeobachtungs- und Wildtiertour in der Ria Formosa ist eine selbstfahrende Vogelbeobachtungstour, die von begeisterten Vogelbeobachtern aus der Region konzipiert wurde. Die Algarve ist zu Recht ber\u00fchmt f\u00fcr ihre goldenen Str\u00e4nde, Golfpl\u00e4tze und das wundervolle Klima das ganze Jahr \u00fcber. Sie ist auch ein geheimes Ziel f\u00fcr gro\u00dfartige Vogelbeobachtungen. Zu fast jeder Jahreszeit gibt es etwas Interessantes zu sehen!<\/p>","protected":false},"featured_media":4557,"comment_status":"closed","ping_status":"closed","template":"","meta":{"_acf_changed":false,"inline_featured_image":false},"product_brand":[],"product_cat":[673,339,327],"product_tag":[311,1053,500,453,121,710,454,1284,242,711,502,503,504,712,713,505,714,607,1054,510,511,715,512,513,514,321,515,58,516,517,716,717,465,467,494,181,718,1055,322,719,720,721,1056,722,723,202,1057,724,614,1058,1059,725,518],"class_list":{"0":"post-3757","1":"product","2":"type-product","3":"status-publish","4":"has-post-thumbnail","6":"product_cat-self-drive-holidays-portugal","7":"product_cat-portugal-self-guided-birdwatching-holidays","8":"product_cat-self-guided-tours-portugal","9":"product_tag-algarve","10":"product_tag-alleine-reisen","11":"product_tag-best-birding-spots","12":"product_tag-best-of-the-algarvian-bird-life","13":"product_tag-bird-watching","14":"product_tag-birding","15":"product_tag-birding-algarve","16":"product_tag-birdwatchers-paradise","17":"product_tag-birdwatching","18":"product_tag-black-tailed-godwits","19":"product_tag-black-winged-kite","20":"product_tag-blackheaded-weaver","21":"product_tag-booted-eagles","22":"product_tag-collared-pratincole","23":"product_tag-european-bee-eater","24":"product_tag-ferruginous-duck","25":"product_tag-fly-drive","26":"product_tag-holidays","27":"product_tag-individuelle-touren","28":"product_tag-kentish-plover","29":"product_tag-little-bittern","30":"product_tag-little-stints","31":"product_tag-little-tern","32":"product_tag-marsh-harriers","33":"product_tag-nature-observation","34":"product_tag-nature-walks","35":"product_tag-penduline-tits","36":"product_tag-portugal","37":"product_tag-purple-heron","38":"product_tag-purple-swamp-hen","39":"product_tag-ramsar","40":"product_tag-red-crested-pochard","41":"product_tag-red-necked-nightjar","42":"product_tag-resident-and-migrant-birds","43":"product_tag-ria-formosa","44":"product_tag-ria-formosa-natural-park","45":"product_tag-ringed-plovers","46":"product_tag-sejour-en-liberte","47":"product_tag-self-guided","48":"product_tag-self-guided-birdwatching","49":"product_tag-self-guided-holidays","50":"product_tag-self-guided-tours","51":"product_tag-solo-reisen","52":"product_tag-southern-grey-shrikes","53":"product_tag-sunny-winters","54":"product_tag-top-class-birding","55":"product_tag-tours-autoguidees","56":"product_tag-tours-in-portugal","57":"product_tag-vacations","58":"product_tag-voyage-en-liberte","59":"product_tag-voyages-en-autonomie","60":"product_tag-wintering-birds","61":"product_tag-woodchat","63":"first","64":"instock","65":"virtual","66":"product-type-simple"},"acf":[],"yoast_head":"<!-- This site is optimized with the Yoast SEO Premium plugin v26.8 (Yoast SEO v27.5) - https:\/\/yoast.com\/product\/yoast-seo-premium-wordpress\/ -->\n<title>Birdwatching and Wildlife Holidays in the Ria Formosa<\/title>\n<meta name=\"description\" content=\"Abundant species: Oystercatchers, Avocets, Dunlins, Little Stint, Wigeon, Shoveler, Pintail, Pochard, Greater Flamingo, Glossy Ibis, Eurasian Spoonbill, Black-winged Kite, Caspian Tern, Bluethroat, Penduline Tit, Purple Swamphen, Little Bittern, Purple Heron, Collared Pratincole, Audouin\u2019s Gull, Little Tern, Eurasian Thick-knee, Little Bustard, Pallid Swift, Spectacled Warbler, European Bee-eater and Black-eared Wheatear.\" \/>\n<meta name=\"robots\" content=\"index, follow, max-snippet:-1, max-image-preview:large, max-video-preview:-1\" \/>\n<link rel=\"canonical\" href=\"https:\/\/becooltravel.com\/de\/produkt\/vogelbeobachtung-und-wildtiertour-in-der-ria-formosa-fly-drive-3100\/\" \/>\n<meta property=\"og:locale\" content=\"de_DE\" \/>\n<meta property=\"og:type\" content=\"article\" \/>\n<meta property=\"og:title\" content=\"Birdwatching and Wildlife Tour in the Ria Formosa\" \/>\n<meta property=\"og:description\" content=\"Whether you be an experienced birder or a first-timer, birdwatching is always a pleasure. They are such fascinating creatures, and there is always something new to discover or to smile at! This tour is designed to be enjoyable, no matter your level of birding ability and expertise.\" \/>\n<meta property=\"og:url\" content=\"https:\/\/becooltravel.com\/de\/produkt\/vogelbeobachtung-und-wildtiertour-in-der-ria-formosa-fly-drive-3100\/\" \/>\n<meta property=\"og:site_name\" content=\"BeCool Travel\" \/>\n<meta property=\"article:publisher\" content=\"https:\/\/www.facebook.com\/becooltravelagency\/\" \/>\n<meta property=\"article:modified_time\" content=\"2025-03-03T17:18:20+00:00\" \/>\n<meta property=\"og:image\" content=\"https:\/\/i0.wp.com\/becooltravel.com\/wp-content\/uploads\/sites\/5\/2020\/05\/Birdwatching-Ria-Formosa.jpg?fit=1200%2C800&ssl=1\" \/>\n\t<meta property=\"og:image:width\" content=\"1200\" \/>\n\t<meta property=\"og:image:height\" content=\"800\" \/>\n\t<meta property=\"og:image:type\" content=\"image\/jpeg\" \/>\n<meta name=\"twitter:card\" content=\"summary_large_image\" \/>\n<meta name=\"twitter:title\" content=\"The Ria is a Special Protection Area under the Ramsar Convention, being of great importance for numerous species of breeding, wintering and staging water birds.\" \/>\n<meta name=\"twitter:description\" content=\"It\u2019s a place of astonishing beauty and natural interest, where it\u2019s not unusual to spot 40 or more bird species in just a few hours. At the right time of the year, you get to see hundreds of them! Our local birders know where they nest and feed, giving you valuable hints to make the best of your birding holidays.Between year-round residents and wintering species, we can find Black-tailed Godwits, Ringed Plovers, Little Stints, Little Bittern, Purple Swamp-hen, Purple Heron, Red-crested Pochard, Collared Pratincole, Kentish Plover, European Bee-eater, Red-necked Nightjar, Woodchat, Southern Grey Shrikes, Little Tern, and Marsh Harriers. Booted Eagles are a regular sight during winter.\" \/>\n<meta name=\"twitter:image\" content=\"https:\/\/i0.wp.com\/becooltravel.com\/wp-content\/uploads\/sites\/5\/2020\/05\/Selfguided_birding_ria_formosa.jpg?fit=1000%2C667&ssl=1\" \/>\n<meta name=\"twitter:site\" content=\"@becool_travel\" \/>\n<meta name=\"twitter:label1\" content=\"Gesch\u00e4tzte Lesezeit\" \/>\n\t<meta name=\"twitter:data1\" content=\"3\u00a0Minuten\" \/>\n<script type=\"application\/ld+json\" class=\"yoast-schema-graph\">{\"@context\":\"https:\\\/\\\/schema.org\",\"@graph\":[{\"@type\":[\"WebPage\",\"ItemPage\"],\"@id\":\"https:\\\/\\\/becooltravel.com\\\/product\\\/birdwatching-and-wildlife-tour-in-the-ria-formosa-fly-drive-3100s\\\/\",\"url\":\"https:\\\/\\\/becooltravel.com\\\/product\\\/birdwatching-and-wildlife-tour-in-the-ria-formosa-fly-drive-3100s\\\/\",\"name\":\"Birdwatching and Wildlife Holidays in the Ria Formosa\",\"isPartOf\":{\"@id\":\"https:\\\/\\\/becooltravel.com\\\/#website\"},\"primaryImageOfPage\":{\"@id\":\"https:\\\/\\\/becooltravel.com\\\/product\\\/birdwatching-and-wildlife-tour-in-the-ria-formosa-fly-drive-3100s\\\/#primaryimage\"},\"image\":{\"@id\":\"https:\\\/\\\/becooltravel.com\\\/product\\\/birdwatching-and-wildlife-tour-in-the-ria-formosa-fly-drive-3100s\\\/#primaryimage\"},\"thumbnailUrl\":\"https:\\\/\\\/i0.wp.com\\\/becooltravel.com\\\/wp-content\\\/uploads\\\/sites\\\/5\\\/2020\\\/05\\\/Birdwatching-Ria-Formosa.jpg?fit=1200%2C800&ssl=1\",\"datePublished\":\"2020-03-06T15:01:29+00:00\",\"dateModified\":\"2025-03-03T17:18:20+00:00\",\"description\":\"Abundant species: Oystercatchers, Avocets, Dunlins, Little Stint, Wigeon, Shoveler, Pintail, Pochard, Greater Flamingo, Glossy Ibis, Eurasian Spoonbill, Black-winged Kite, Caspian Tern, Bluethroat, Penduline Tit, Purple Swamphen, Little Bittern, Purple Heron, Collared Pratincole, Audouin\u2019s Gull, Little Tern, Eurasian Thick-knee, Little Bustard, Pallid Swift, Spectacled Warbler, European Bee-eater and Black-eared Wheatear.\",\"breadcrumb\":{\"@id\":\"https:\\\/\\\/becooltravel.com\\\/product\\\/birdwatching-and-wildlife-tour-in-the-ria-formosa-fly-drive-3100s\\\/#breadcrumb\"},\"inLanguage\":\"de\",\"potentialAction\":[{\"@type\":\"ReadAction\",\"target\":[\"https:\\\/\\\/becooltravel.com\\\/product\\\/birdwatching-and-wildlife-tour-in-the-ria-formosa-fly-drive-3100s\\\/\"]}]},{\"@type\":\"ImageObject\",\"inLanguage\":\"de\",\"@id\":\"https:\\\/\\\/becooltravel.com\\\/product\\\/birdwatching-and-wildlife-tour-in-the-ria-formosa-fly-drive-3100s\\\/#primaryimage\",\"url\":\"https:\\\/\\\/i0.wp.com\\\/becooltravel.com\\\/wp-content\\\/uploads\\\/sites\\\/5\\\/2020\\\/05\\\/Birdwatching-Ria-Formosa.jpg?fit=1200%2C800&ssl=1\",\"contentUrl\":\"https:\\\/\\\/i0.wp.com\\\/becooltravel.com\\\/wp-content\\\/uploads\\\/sites\\\/5\\\/2020\\\/05\\\/Birdwatching-Ria-Formosa.jpg?fit=1200%2C800&ssl=1\",\"width\":1200,\"height\":800,\"caption\":\"Birdwatching Ria Formosa\"},{\"@type\":\"BreadcrumbList\",\"@id\":\"https:\\\/\\\/becooltravel.com\\\/product\\\/birdwatching-and-wildlife-tour-in-the-ria-formosa-fly-drive-3100s\\\/#breadcrumb\",\"itemListElement\":[{\"@type\":\"ListItem\",\"position\":1,\"name\":\"Home\",\"item\":\"https:\\\/\\\/becooltravel.com\\\/\"},{\"@type\":\"ListItem\",\"position\":2,\"name\":\"Shop\",\"item\":\"https:\\\/\\\/becooltravel.com\\\/?page_id=5\"},{\"@type\":\"ListItem\",\"position\":3,\"name\":\"Algarve holidays . You can use\u00a0footpaths and walking\u00a0 trails\u00a0to get to know the region, such as the\u00a0Algarve Way\u00a0or the\u00a0Vicentine Route along one of the best preserved coastal stretches.\",\"item\":\"https:\\\/\\\/becooltravel.com\\\/product-tag\\\/algarve\\\/\"},{\"@type\":\"ListItem\",\"position\":4,\"name\":\"Birdwatching and Wildlife Tour in the Ria Formosa\"}]},{\"@type\":\"WebSite\",\"@id\":\"https:\\\/\\\/becooltravel.com\\\/#website\",\"url\":\"https:\\\/\\\/becooltravel.com\\\/\",\"name\":\"BeCool Travel\",\"description\":\"Sustainable holidays in Portugal for independent travelers\",\"publisher\":{\"@id\":\"https:\\\/\\\/becooltravel.com\\\/#organization\"},\"potentialAction\":[{\"@type\":\"SearchAction\",\"target\":{\"@type\":\"EntryPoint\",\"urlTemplate\":\"https:\\\/\\\/becooltravel.com\\\/?s={search_term_string}\"},\"query-input\":{\"@type\":\"PropertyValueSpecification\",\"valueRequired\":true,\"valueName\":\"search_term_string\"}}],\"inLanguage\":\"de\"},{\"@type\":\"Organization\",\"@id\":\"https:\\\/\\\/becooltravel.com\\\/#organization\",\"name\":\"BecoolTravel. com- Portugal\",\"url\":\"https:\\\/\\\/becooltravel.com\\\/\",\"logo\":{\"@type\":\"ImageObject\",\"inLanguage\":\"de\",\"@id\":\"https:\\\/\\\/becooltravel.com\\\/#\\\/schema\\\/logo\\\/image\\\/\",\"url\":\"https:\\\/\\\/becooltravel.com\\\/wp-content\\\/uploads\\\/sites\\\/5\\\/2020\\\/03\\\/Logo_BeCool.jpg\",\"contentUrl\":\"https:\\\/\\\/becooltravel.com\\\/wp-content\\\/uploads\\\/sites\\\/5\\\/2020\\\/03\\\/Logo_BeCool.jpg\",\"width\":534,\"height\":534,\"caption\":\"BecoolTravel. com- Portugal\"},\"image\":{\"@id\":\"https:\\\/\\\/becooltravel.com\\\/#\\\/schema\\\/logo\\\/image\\\/\"},\"sameAs\":[\"https:\\\/\\\/www.facebook.com\\\/becooltravelagency\\\/\",\"https:\\\/\\\/x.com\\\/becool_travel\",\"https:\\\/\\\/www.instagram.com\\\/becooltravel_com\\\/\",\"https:\\\/\\\/www.linkedin.com\\\/company\\\/becool-travel\\\/\",\"https:\\\/\\\/www.youtube.com\\\/channel\\\/UCE7zRU3EVG1PgfXwQo-5uJw\"]}]}<\/script>\n<!-- \/ Yoast SEO Premium plugin. -->","yoast_head_json":{"title":"Vogelbeobachtung und Wildtierferien in der Ria Formosa","description":"Reichlich vorhandene Arten: Austernfischer, Avocets, Dunlins, Little Stint, Wigeon, Shoveler, Pintail, Pochard, Gro\u00dfer Flamingo, Hochglanz-Ibis, Eurasischer L\u00f6ffler, Schwarzfl\u00fcgeldrachen, Kaspische Seeschwalbe, Blaukehlchen, Pendelmeise, Lila Sumpf, Kleiner Rohrdommel, Purpurreiher , Pratincole mit Kragen, Audouins M\u00f6we, Flussseeschwalbe, Eurasisches Dickknie, Trappe, Blassschnell, Brillengrasm\u00fccke, Europ\u00e4ischer Bienenfresser und Schwarzohrweizen.","robots":{"index":"index","follow":"follow","max-snippet":"max-snippet:-1","max-image-preview":"max-image-preview:large","max-video-preview":"max-video-preview:-1"},"canonical":"https:\/\/becooltravel.com\/de\/produkt\/vogelbeobachtung-und-wildtiertour-in-der-ria-formosa-fly-drive-3100\/","og_locale":"de_DE","og_type":"article","og_title":"Birdwatching and Wildlife Tour in the Ria Formosa","og_description":"Whether you be an experienced birder or a first-timer, birdwatching is always a pleasure. They are such fascinating creatures, and there is always something new to discover or to smile at! This tour is designed to be enjoyable, no matter your level of birding ability and expertise.","og_url":"https:\/\/becooltravel.com\/de\/produkt\/vogelbeobachtung-und-wildtiertour-in-der-ria-formosa-fly-drive-3100\/","og_site_name":"BeCool Travel","article_publisher":"https:\/\/www.facebook.com\/becooltravelagency\/","article_modified_time":"2025-03-03T17:18:20+00:00","og_image":[{"width":1200,"height":800,"url":"https:\/\/i0.wp.com\/becooltravel.com\/wp-content\/uploads\/sites\/5\/2020\/05\/Birdwatching-Ria-Formosa.jpg?fit=1200%2C800&ssl=1","type":"image\/jpeg"}],"twitter_card":"summary_large_image","twitter_title":"The Ria is a Special Protection Area under the Ramsar Convention, being of great importance for numerous species of breeding, wintering and staging water birds.","twitter_description":"It\u2019s a place of astonishing beauty and natural interest, where it\u2019s not unusual to spot 40 or more bird species in just a few hours. At the right time of the year, you get to see hundreds of them! Our local birders know where they nest and feed, giving you valuable hints to make the best of your birding holidays.Between year-round residents and wintering species, we can find Black-tailed Godwits, Ringed Plovers, Little Stints, Little Bittern, Purple Swamp-hen, Purple Heron, Red-crested Pochard, Collared Pratincole, Kentish Plover, European Bee-eater, Red-necked Nightjar, Woodchat, Southern Grey Shrikes, Little Tern, and Marsh Harriers. Booted Eagles are a regular sight during winter.","twitter_image":"https:\/\/i0.wp.com\/becooltravel.com\/wp-content\/uploads\/sites\/5\/2020\/05\/Selfguided_birding_ria_formosa.jpg?fit=1000%2C667&ssl=1","twitter_site":"@becool_travel","twitter_misc":{"Gesch\u00e4tzte Lesezeit":"3\u00a0Minuten"},"schema":{"@context":"https:\/\/schema.org","@graph":[{"@type":["WebPage","ItemPage"],"@id":"https:\/\/becooltravel.com\/product\/birdwatching-and-wildlife-tour-in-the-ria-formosa-fly-drive-3100s\/","url":"https:\/\/becooltravel.com\/product\/birdwatching-and-wildlife-tour-in-the-ria-formosa-fly-drive-3100s\/","name":"Vogelbeobachtung und Wildtierferien in der Ria Formosa","isPartOf":{"@id":"https:\/\/becooltravel.com\/#website"},"primaryImageOfPage":{"@id":"https:\/\/becooltravel.com\/product\/birdwatching-and-wildlife-tour-in-the-ria-formosa-fly-drive-3100s\/#primaryimage"},"image":{"@id":"https:\/\/becooltravel.com\/product\/birdwatching-and-wildlife-tour-in-the-ria-formosa-fly-drive-3100s\/#primaryimage"},"thumbnailUrl":"https:\/\/i0.wp.com\/becooltravel.com\/wp-content\/uploads\/sites\/5\/2020\/05\/Birdwatching-Ria-Formosa.jpg?fit=1200%2C800&ssl=1","datePublished":"2020-03-06T15:01:29+00:00","dateModified":"2025-03-03T17:18:20+00:00","description":"Reichlich vorhandene Arten: Austernfischer, Avocets, Dunlins, Little Stint, Wigeon, Shoveler, Pintail, Pochard, Gro\u00dfer Flamingo, Hochglanz-Ibis, Eurasischer L\u00f6ffler, Schwarzfl\u00fcgeldrachen, Kaspische Seeschwalbe, Blaukehlchen, Pendelmeise, Lila Sumpf, Kleiner Rohrdommel, Purpurreiher , Pratincole mit Kragen, Audouins M\u00f6we, Flussseeschwalbe, Eurasisches Dickknie, Trappe, Blassschnell, Brillengrasm\u00fccke, Europ\u00e4ischer Bienenfresser und Schwarzohrweizen.","breadcrumb":{"@id":"https:\/\/becooltravel.com\/product\/birdwatching-and-wildlife-tour-in-the-ria-formosa-fly-drive-3100s\/#breadcrumb"},"inLanguage":"de","potentialAction":[{"@type":"ReadAction","target":["https:\/\/becooltravel.com\/product\/birdwatching-and-wildlife-tour-in-the-ria-formosa-fly-drive-3100s\/"]}]},{"@type":"ImageObject","inLanguage":"de","@id":"https:\/\/becooltravel.com\/product\/birdwatching-and-wildlife-tour-in-the-ria-formosa-fly-drive-3100s\/#primaryimage","url":"https:\/\/i0.wp.com\/becooltravel.com\/wp-content\/uploads\/sites\/5\/2020\/05\/Birdwatching-Ria-Formosa.jpg?fit=1200%2C800&ssl=1","contentUrl":"https:\/\/i0.wp.com\/becooltravel.com\/wp-content\/uploads\/sites\/5\/2020\/05\/Birdwatching-Ria-Formosa.jpg?fit=1200%2C800&ssl=1","width":1200,"height":800,"caption":"Birdwatching Ria Formosa"},{"@type":"BreadcrumbList","@id":"https:\/\/becooltravel.com\/product\/birdwatching-and-wildlife-tour-in-the-ria-formosa-fly-drive-3100s\/#breadcrumb","itemListElement":[{"@type":"ListItem","position":1,"name":"Home","item":"https:\/\/becooltravel.com\/"},{"@type":"ListItem","position":2,"name":"Shop","item":"https:\/\/becooltravel.com\/?page_id=5"},{"@type":"ListItem","position":3,"name":"Algarve holidays . You can use\u00a0footpaths and walking\u00a0 trails\u00a0to get to know the region, such as the\u00a0Algarve Way\u00a0or the\u00a0Vicentine Route along one of the best preserved coastal stretches.","item":"https:\/\/becooltravel.com\/product-tag\/algarve\/"},{"@type":"ListItem","position":4,"name":"Birdwatching and Wildlife Tour in the Ria Formosa"}]},{"@type":"WebSite","@id":"https:\/\/becooltravel.com\/#website","url":"https:\/\/becooltravel.com\/","name":"BeCool Travel","description":"Nachhaltiger Urlaub in Portugal f\u00fcr Individualreisende","publisher":{"@id":"https:\/\/becooltravel.com\/#organization"},"potentialAction":[{"@type":"SearchAction","target":{"@type":"EntryPoint","urlTemplate":"https:\/\/becooltravel.com\/?s={search_term_string}"},"query-input":{"@type":"PropertyValueSpecification","valueRequired":true,"valueName":"search_term_string"}}],"inLanguage":"de"},{"@type":"Organization","@id":"https:\/\/becooltravel.com\/#organization","name":"BecoolTravel. com- Portugal","url":"https:\/\/becooltravel.com\/","logo":{"@type":"ImageObject","inLanguage":"de","@id":"https:\/\/becooltravel.com\/#\/schema\/logo\/image\/","url":"https:\/\/becooltravel.com\/wp-content\/uploads\/sites\/5\/2020\/03\/Logo_BeCool.jpg","contentUrl":"https:\/\/becooltravel.com\/wp-content\/uploads\/sites\/5\/2020\/03\/Logo_BeCool.jpg","width":534,"height":534,"caption":"BecoolTravel. com- Portugal"},"image":{"@id":"https:\/\/becooltravel.com\/#\/schema\/logo\/image\/"},"sameAs":["https:\/\/www.facebook.com\/becooltravelagency\/","https:\/\/x.com\/becool_travel","https:\/\/www.instagram.com\/becooltravel_com\/","https:\/\/www.linkedin.com\/company\/becool-travel\/","https:\/\/www.youtube.com\/channel\/UCE7zRU3EVG1PgfXwQo-5uJw"]}]}},"jetpack_sharing_enabled":true,"_links":{"self":[{"href":"https:\/\/becooltravel.com\/de\/wp-json\/wp\/v2\/product\/3757","targetHints":{"allow":["GET"]}}],"collection":[{"href":"https:\/\/becooltravel.com\/de\/wp-json\/wp\/v2\/product"}],"about":[{"href":"https:\/\/becooltravel.com\/de\/wp-json\/wp\/v2\/types\/product"}],"replies":[{"embeddable":true,"href":"https:\/\/becooltravel.com\/de\/wp-json\/wp\/v2\/comments?post=3757"}],"wp:featuredmedia":[{"embeddable":true,"href":"https:\/\/becooltravel.com\/de\/wp-json\/wp\/v2\/media\/4557"}],"wp:attachment":[{"href":"https:\/\/becooltravel.com\/de\/wp-json\/wp\/v2\/media?parent=3757"}],"wp:term":[{"taxonomy":"product_brand","embeddable":true,"href":"https:\/\/becooltravel.com\/de\/wp-json\/wp\/v2\/product_brand?post=3757"},{"taxonomy":"product_cat","embeddable":true,"href":"https:\/\/becooltravel.com\/de\/wp-json\/wp\/v2\/product_cat?post=3757"},{"taxonomy":"product_tag","embeddable":true,"href":"https:\/\/becooltravel.com\/de\/wp-json\/wp\/v2\/product_tag?post=3757"}],"curies":[{"name":"wp","href":"https:\/\/api.w.org\/{rel}","templated":true}]}}