{"id":3760,"date":"2020-03-06T14:19:39","date_gmt":"2020-03-06T14:19:39","guid":{"rendered":"https:\/\/becooltravel.com\/product\/walking-close-to-nature-in-the-west-algarve-praia-da-rocha-1603s\/"},"modified":"2026-03-18T12:11:42","modified_gmt":"2026-03-18T12:11:42","slug":"walking-the-trails-of-the-west-algarve-praia-da-rocha-1603s","status":"publish","type":"product","link":"https:\/\/becooltravel.com\/de\/produkt\/zu-fus-auf-den-wegen-der-westlichen-algarve-praia-da-rocha-1603s\/","title":{"rendered":"Praia da Rocha: Auf den Spuren der Westalgarve"},"content":{"rendered":"<p>Wandern auf den Pfaden der Westalgarve ist eine aufregende, selbstgef\u00fchrte Wanderung in einem paradiesischen Ziel f\u00fcr Wanderer. Das Klima ist fast das ganze Jahr \u00fcber perfekt zum Wandern und die Landschaft wimmelt von Wildtieren, bunten Blumen und malerischen D\u00f6rfern. Die K\u00fcste bietet beeindruckende Felsformationen, Klippen, einsame Str\u00e4nde und atemberaubende blaue Meereslandschaften. Ausgangspunkt unserer Tour ist Praia da Rocha, einer der landschaftlich sch\u00f6nsten und ber\u00fchmtesten Badeorte der Algarve.<\/p>\n<p>Die Wanderungen in dieser aufregenden, selbst gef\u00fchrten Tour bieten eine interessante Mischung aus K\u00fcsten- und Landschaftslandschaften, damit Sie diesen besonderen Teil der Algarve erleben k\u00f6nnen.<\/p>\n<p>&nbsp;<\/p>\n<div id=\"attachment_1927\" style=\"width: 1034px\" class=\"wp-caption alignnone\"><img data-recalc-dims=\"1\" decoding=\"async\" aria-describedby=\"caption-attachment-1927\" class=\"wp-image-1927 size-large\" title=\"Walking West Algarve Alvor\" src=\"https:\/\/i0.wp.com\/legendatours.net\/wp-content\/uploads\/2020\/03\/Walking_WestAlgarve-1024x683.jpg?resize=1024%2C683&#038;ssl=1\" alt=\"Walking West Algarve Alvor\" width=\"1024\" height=\"683\" \/><p id=\"caption-attachment-1927\" class=\"wp-caption-text\">Wandern an der Westalgarve. Spazieren Sie durch das \u00fcppige Gr\u00fcn der W\u00e4lder, vor einer ozeanischen Kulisse und immer an erstaunlichen Orten voller Wildtiere!<\/p><\/div>\n<p>An Orten, an denen sich das Leben um die Jahreszeiten dreht, gibt es unerwartete Spazierg\u00e4nge im Landesinneren, meist auf nicht touristischen Pfaden, abseits der ausgetretenen Pfade. Es gibt uns einen Einblick in die traditionelle Lebensweise der Algarve, w\u00e4hrend wir durch altes Ackerland, Kleinbauernh\u00f6fe und duftende Obstg\u00e4rten entlang des sch\u00f6nen Flusses Arade und seiner fruchtbaren Ufer nach Silves, der alten maurischen Hauptstadt der Algarve, spazieren.<\/p>\n<p>Ein weiteres Highlight ist die gesch\u00fctzte Alvor-M\u00fcndung, ein Naturparadies mit einer Vielzahl von Lebensr\u00e4umen und einer reichen Artenvielfalt. Die Wanderungen f\u00fchren auf ruhigen Wegen und Gassen durch eine Vielzahl von Landschaften von Salzwiesen, Ackerland, Weiden und Obstg\u00e4rten. Es eignet sich hervorragend zur Beobachtung der Vogelwelt, also packen Sie Ihr Fernglas ein!<\/p>\n<p>&nbsp;<\/p>\n<div id=\"attachment_1926\" style=\"width: 1034px\" class=\"wp-caption alignnone\"><img data-recalc-dims=\"1\" decoding=\"async\" aria-describedby=\"caption-attachment-1926\" class=\"wp-image-1926 size-large\" title=\"Wandern in der unbekannten Westalgarve\" src=\"https:\/\/i0.wp.com\/legendatours.net\/wp-content\/uploads\/2020\/03\/Walking_in_the_unknown_WestAlgarve-1024x683.jpg?resize=1024%2C683&#038;ssl=1\" alt=\"Wandern in der unbekannten Westalgarve\" width=\"1024\" height=\"683\" \/><p id=\"caption-attachment-1926\" class=\"wp-caption-text\">Wandern an der Westalgarve. Spazieren Sie durch das fruchtbare Tal des Flusses Arade, duftend nach Orangenbl\u00fctenduft, und genie\u00dfen Sie die beeindruckende Naturlandschaft.<\/p><\/div>\n<p>Das malerische Dorf Ferragudo ist ein hervorragendes Beispiel f\u00fcr ein typisches Fischerdorf mit einer Reihe farbenfroher Fischerboote und wei\u00df get\u00fcnchten H\u00e4usern, die in k\u00fchlem Blau ges\u00e4umt sind.<\/p>\n<p>Diese selbstgef\u00fchrte Wanderung durch die Westalgarve bietet f\u00fcr jeden etwas und Sie werden von der Vielfalt und Sch\u00f6nheit der Wandergebiete verw\u00f6hnt.<\/p>\n<p>Das Licht und das Wetter an der Westalgarve sind auch in den Wintermonaten fantastisch und machen sie zu einer sch\u00f6nen Region f\u00fcr Wanderungen und Naturaktivit\u00e4ten. In den kleinen Kopfsteinpflasterstra\u00dfen malerischer D\u00f6rfer finden Sie wei\u00df get\u00fcnchte H\u00e4user, Caf\u00e9s und eine ruhige Lebensweise.<\/p>\n<p>&nbsp;<\/p>\n<div id=\"attachment_1918\" style=\"width: 1034px\" class=\"wp-caption alignnone\"><img data-recalc-dims=\"1\" decoding=\"async\" aria-describedby=\"caption-attachment-1918\" class=\"wp-image-1918 size-large\" src=\"https:\/\/i0.wp.com\/legendatours.net\/wp-content\/uploads\/2020\/03\/walk_beach-1024x715.jpg?resize=1024%2C715&#038;ssl=1\" alt=\"Am Strand spazierengehen\" width=\"1024\" height=\"715\" \/><p id=\"caption-attachment-1918\" class=\"wp-caption-text\">Spazieren Sie am Strand entlang und genie\u00dfen Sie einige der sch\u00f6nsten Ausblicke auf die K\u00fcstenlandschaft der Algarve.<\/p><\/div>\n<p>Egal welchen Teil der Westalgarve Sie auf Ihren Wanderwegen f\u00fchren, Sie werden gastfreundliche, freundliche Menschen, ausgezeichnete lokale Weine und k\u00f6stliches Essen vorfinden, vom frischesten Fisch bis hin zu regionalen Gerichten voller Geschmack.<\/p>\n<p>Um unter die Haut der Westalgarve zu gelangen und sie von ihrer besten Seite zu sehen, genie\u00dfen Sie unsere von Kirschen gepfl\u00fcckten Spazierg\u00e4nge, denn sie kombinieren alle Zutaten f\u00fcr einen perfekten Wanderurlaub und vermitteln gleichzeitig ein echtes Ortsgef\u00fchl.<\/p>\n<p>Unsere selbst gef\u00fchrten Wanderungen sind sorgf\u00e4ltig gestaltet und enthalten alle Informationen, die Sie ben\u00f6tigen, von detaillierten Karten und Routenhinweisen bis hin zu einer 24-Stunden-Hotline. Die Unterkunft, Flughafentransfers und Transporte sind im Wanderprogramm enthalten.<\/p>\n<p>&nbsp;<\/p>\n<p>&nbsp;<\/p>\n<div class=\"row\" style=\"display: flex;\">\n<div class=\"column\" style=\"flex: 45%;\"><\/div>\n<div class=\"column\" style=\"flex: 10%;\"><\/div>\n<div class=\"column\" style=\"flex: 45%;\">\n<p><iframe title=\"Alvor - Algarve - Portugal HD\" width=\"1080\" height=\"608\" src=\"https:\/\/www.youtube.com\/embed\/sVo97Fycs5k?feature=oembed\" frameborder=\"0\" allow=\"accelerometer; autoplay; clipboard-write; encrypted-media; gyroscope; picture-in-picture; web-share\" referrerpolicy=\"strict-origin-when-cross-origin\" allowfullscreen><\/iframe><\/p>\n<\/div>\n<\/div>","protected":false},"excerpt":{"rendered":"<p>Wandern auf den Pfaden der Westalgarve ist eine aufregende, selbstgef\u00fchrte Wanderung in einem paradiesischen Ziel f\u00fcr Wanderer. Das Klima ist fast das ganze Jahr \u00fcber perfekt zum Wandern und die Landschaft wimmelt von Wildtieren, bunten Blumen und malerischen D\u00f6rfern. Die K\u00fcste bietet beeindruckende Felsformationen, Klippen, einsame Str\u00e4nde und atemberaubende blaue Meereslandschaften. Ausgangspunkt unserer Tour ist Praia da Rocha, einer der landschaftlich sch\u00f6nsten und ber\u00fchmtesten Badeorte der Algarve.<\/p>","protected":false},"featured_media":4766,"comment_status":"closed","ping_status":"closed","template":"","meta":{"_acf_changed":false,"inline_featured_image":false},"product_brand":[],"product_cat":[327,338],"product_tag":[311,1053,794,795,296,121,796,630,797,783,244,798,784,785,131,799,786,314,800,1060,1054,1061,1062,1063,1064,801,316,787,802,73,753,321,803,804,805,806,790,249,566,1065,1066,1067,1068,1069,807,808,1055,322,323,728,609,417,1056,1070,1057,724,809,1071,1072,1073,810,1058,1074,1059,59,545,60,88,61,308,811,62,793],"class_list":{"0":"post-3760","1":"product","2":"type-product","3":"status-publish","4":"has-post-thumbnail","6":"product_cat-self-guided-tours-portugal","7":"product_cat-self-guided-walking-holidays","8":"product_tag-algarve","9":"product_tag-alleine-reisen","10":"product_tag-almonds","11":"product_tag-alvor","12":"product_tag-beaches","13":"product_tag-bird-watching","14":"product_tag-carobs","15":"product_tag-caves","16":"product_tag-cliff-top","17":"product_tag-cliffs","18":"product_tag-coastal-algarve","19":"product_tag-countryside","20":"product_tag-culture","21":"product_tag-delicious-food","22":"product_tag-east-algarve","23":"product_tag-golden-beaches","24":"product_tag-grottoes","25":"product_tag-hiking","26":"product_tag-history","27":"product_tag-individual-hiking","28":"product_tag-individuelle-touren","29":"product_tag-individuelle-trekkingreisen","30":"product_tag-individuelle-wandern","31":"product_tag-individuelle-wanderreisen","32":"product_tag-individuelle-wandertouren","33":"product_tag-inland-algarve","34":"product_tag-itinerary-of-walks","35":"product_tag-limestone-rocks","36":"product_tag-lush-green-hills","37":"product_tag-natural-scenery","38":"product_tag-nature-hikes","39":"product_tag-nature-walks","40":"product_tag-olives","41":"product_tag-oranges","42":"product_tag-orchards","43":"product_tag-paths","44":"product_tag-picturesque-landscapes","45":"product_tag-portimao","46":"product_tag-praia-da-rocha","47":"product_tag-rando-autoguidee","48":"product_tag-rando-liberte","49":"product_tag-randonnee-autoguidee","50":"product_tag-randonnee-en-liberte","51":"product_tag-randonnee-liberte","52":"product_tag-ria-de-alvor","53":"product_tag-rocha-delicada","54":"product_tag-sejour-en-liberte","55":"product_tag-self-guided","56":"product_tag-self-guided-walking-holiday","57":"product_tag-self-guided-walking-tour","58":"product_tag-sightseeing","59":"product_tag-silves","60":"product_tag-solo-reisen","61":"product_tag-solo-wandern","62":"product_tag-tours-autoguidees","63":"product_tag-tours-in-portugal","64":"product_tag-trails","65":"product_tag-trek-en-liberte","66":"product_tag-trek-solo","67":"product_tag-trekking-solo","68":"product_tag-vale-da-lama","69":"product_tag-voyage-en-liberte","70":"product_tag-voyages-a-pied-en-liberte","71":"product_tag-voyages-en-autonomie","72":"product_tag-walking","73":"product_tag-walking-holiday","74":"product_tag-walking-holidays","75":"product_tag-walking-tour","76":"product_tag-walking-tours","77":"product_tag-walking-trails","78":"product_tag-walks","79":"product_tag-west-algarve","80":"product_tag-wines","82":"first","83":"instock","84":"virtual","85":"product-type-simple"},"acf":[],"yoast_head":"<!-- This site is optimized with the Yoast SEO Premium plugin v26.8 (Yoast SEO v27.5) - https:\/\/yoast.com\/product\/yoast-seo-premium-wordpress\/ -->\n<title>Praia da Rocha: Walking the Trails of the West Algarve<\/title>\n<meta name=\"description\" content=\"Praia da Rocha Walking the Trails of the West Algarve a walker\u2019s paradise destination. The climate is perfect for hiking , and the countryside teems with wildlife.\" \/>\n<meta name=\"robots\" content=\"index, follow, max-snippet:-1, max-image-preview:large, max-video-preview:-1\" \/>\n<link rel=\"canonical\" href=\"https:\/\/becooltravel.com\/de\/produkt\/zu-fus-auf-den-wegen-der-westlichen-algarve-praia-da-rocha-1603s\/\" \/>\n<meta property=\"og:locale\" content=\"de_DE\" \/>\n<meta property=\"og:type\" content=\"article\" \/>\n<meta property=\"og:title\" content=\"Praia da Rocha: Walking the Trails of the West Algarve a walker\u2019s paradise destination\" \/>\n<meta property=\"og:description\" content=\"Fabulous walks along the coast featuring spectacular rock formations, caves, beautiful quiet beaches, rugged cliffs with unforgettable seascapes and quaint fishing villages.\" \/>\n<meta property=\"og:url\" content=\"https:\/\/becooltravel.com\/de\/produkt\/zu-fus-auf-den-wegen-der-westlichen-algarve-praia-da-rocha-1603s\/\" \/>\n<meta property=\"og:site_name\" content=\"BeCool Travel\" \/>\n<meta property=\"article:publisher\" content=\"https:\/\/www.facebook.com\/becooltravelagency\/\" \/>\n<meta property=\"article:modified_time\" content=\"2026-03-18T12:11:42+00:00\" \/>\n<meta property=\"og:image\" content=\"https:\/\/becooltravel.com\/wp-content\/uploads\/sites\/5\/2020\/05\/silves.jpg\" \/>\n\t<meta property=\"og:image:width\" content=\"1200\" \/>\n\t<meta property=\"og:image:height\" content=\"900\" \/>\n\t<meta property=\"og:image:type\" content=\"image\/jpeg\" \/>\n<meta name=\"twitter:card\" content=\"summary_large_image\" \/>\n<meta name=\"twitter:title\" content=\"Praia da Rocha: Walking the Trails of the West Algarve a walker\u2019s paradise destination\" \/>\n<meta name=\"twitter:description\" content=\"The sheltered Alvor estuary is a natural haven with a wide array of habitats and rich biodiversity. The walks use quiet paths and lanes to take us through a variety of landscapes from salt marshes, farmland, pastures and orchards.\" \/>\n<meta name=\"twitter:image\" content=\"https:\/\/i0.wp.com\/becooltravel.com\/wp-content\/uploads\/sites\/5\/2020\/05\/Charming-blue-houses-in-the-West-Algarve.jpg?fit=1196%2C800&ssl=1\" \/>\n<meta name=\"twitter:site\" content=\"@becool_travel\" \/>\n<meta name=\"twitter:label1\" content=\"Gesch\u00e4tzte Lesezeit\" \/>\n\t<meta name=\"twitter:data1\" content=\"3\u00a0Minuten\" \/>\n<script type=\"application\/ld+json\" class=\"yoast-schema-graph\">{\"@context\":\"https:\\\/\\\/schema.org\",\"@graph\":[{\"@type\":\"WebPage\",\"@id\":\"https:\\\/\\\/becooltravel.com\\\/product\\\/walking-the-trails-of-the-west-algarve-praia-da-rocha-1603s\\\/\",\"url\":\"https:\\\/\\\/becooltravel.com\\\/product\\\/walking-the-trails-of-the-west-algarve-praia-da-rocha-1603s\\\/\",\"name\":\"Praia da Rocha: Walking the Trails of the West Algarve\",\"isPartOf\":{\"@id\":\"https:\\\/\\\/becooltravel.com\\\/#website\"},\"primaryImageOfPage\":{\"@id\":\"https:\\\/\\\/becooltravel.com\\\/product\\\/walking-the-trails-of-the-west-algarve-praia-da-rocha-1603s\\\/#primaryimage\"},\"image\":{\"@id\":\"https:\\\/\\\/becooltravel.com\\\/product\\\/walking-the-trails-of-the-west-algarve-praia-da-rocha-1603s\\\/#primaryimage\"},\"thumbnailUrl\":\"https:\\\/\\\/i0.wp.com\\\/becooltravel.com\\\/wp-content\\\/uploads\\\/sites\\\/5\\\/2020\\\/05\\\/Self_guided_walk_WestAlgarve.jpg?fit=1200%2C800&ssl=1\",\"datePublished\":\"2020-03-06T14:19:39+00:00\",\"dateModified\":\"2026-03-18T12:11:42+00:00\",\"description\":\"Praia da Rocha Walking the Trails of the West Algarve a walker\u2019s paradise destination. The climate is perfect for hiking , and the countryside teems with wildlife.\",\"breadcrumb\":{\"@id\":\"https:\\\/\\\/becooltravel.com\\\/product\\\/walking-the-trails-of-the-west-algarve-praia-da-rocha-1603s\\\/#breadcrumb\"},\"inLanguage\":\"de\",\"potentialAction\":[{\"@type\":\"ReadAction\",\"target\":[\"https:\\\/\\\/becooltravel.com\\\/product\\\/walking-the-trails-of-the-west-algarve-praia-da-rocha-1603s\\\/\"]}]},{\"@type\":\"ImageObject\",\"inLanguage\":\"de\",\"@id\":\"https:\\\/\\\/becooltravel.com\\\/product\\\/walking-the-trails-of-the-west-algarve-praia-da-rocha-1603s\\\/#primaryimage\",\"url\":\"https:\\\/\\\/i0.wp.com\\\/becooltravel.com\\\/wp-content\\\/uploads\\\/sites\\\/5\\\/2020\\\/05\\\/Self_guided_walk_WestAlgarve.jpg?fit=1200%2C800&ssl=1\",\"contentUrl\":\"https:\\\/\\\/i0.wp.com\\\/becooltravel.com\\\/wp-content\\\/uploads\\\/sites\\\/5\\\/2020\\\/05\\\/Self_guided_walk_WestAlgarve.jpg?fit=1200%2C800&ssl=1\",\"width\":1200,\"height\":800,\"caption\":\"Self guided walk West Algarve\"},{\"@type\":\"BreadcrumbList\",\"@id\":\"https:\\\/\\\/becooltravel.com\\\/product\\\/walking-the-trails-of-the-west-algarve-praia-da-rocha-1603s\\\/#breadcrumb\",\"itemListElement\":[{\"@type\":\"ListItem\",\"position\":1,\"name\":\"Home\",\"item\":\"https:\\\/\\\/becooltravel.com\\\/\"},{\"@type\":\"ListItem\",\"position\":2,\"name\":\"Shop\",\"item\":\"https:\\\/\\\/becooltravel.com\\\/?page_id=5\"},{\"@type\":\"ListItem\",\"position\":3,\"name\":\"Algarve holidays . You can use\u00a0footpaths and walking\u00a0 trails\u00a0to get to know the region, such as the\u00a0Algarve Way\u00a0or the\u00a0Vicentine Route along one of the best preserved coastal stretches.\",\"item\":\"https:\\\/\\\/becooltravel.com\\\/product-tag\\\/algarve\\\/\"},{\"@type\":\"ListItem\",\"position\":4,\"name\":\"Praia da Rocha: Walking the Trails of the West Algarve a walker\u2019s paradise destination\"}]},{\"@type\":\"WebSite\",\"@id\":\"https:\\\/\\\/becooltravel.com\\\/#website\",\"url\":\"https:\\\/\\\/becooltravel.com\\\/\",\"name\":\"BeCool Travel\",\"description\":\"Sustainable holidays in Portugal for independent travelers\",\"publisher\":{\"@id\":\"https:\\\/\\\/becooltravel.com\\\/#organization\"},\"potentialAction\":[{\"@type\":\"SearchAction\",\"target\":{\"@type\":\"EntryPoint\",\"urlTemplate\":\"https:\\\/\\\/becooltravel.com\\\/?s={search_term_string}\"},\"query-input\":{\"@type\":\"PropertyValueSpecification\",\"valueRequired\":true,\"valueName\":\"search_term_string\"}}],\"inLanguage\":\"de\"},{\"@type\":\"Organization\",\"@id\":\"https:\\\/\\\/becooltravel.com\\\/#organization\",\"name\":\"BecoolTravel. com- Portugal\",\"url\":\"https:\\\/\\\/becooltravel.com\\\/\",\"logo\":{\"@type\":\"ImageObject\",\"inLanguage\":\"de\",\"@id\":\"https:\\\/\\\/becooltravel.com\\\/#\\\/schema\\\/logo\\\/image\\\/\",\"url\":\"https:\\\/\\\/becooltravel.com\\\/wp-content\\\/uploads\\\/sites\\\/5\\\/2020\\\/03\\\/Logo_BeCool.jpg\",\"contentUrl\":\"https:\\\/\\\/becooltravel.com\\\/wp-content\\\/uploads\\\/sites\\\/5\\\/2020\\\/03\\\/Logo_BeCool.jpg\",\"width\":534,\"height\":534,\"caption\":\"BecoolTravel. com- Portugal\"},\"image\":{\"@id\":\"https:\\\/\\\/becooltravel.com\\\/#\\\/schema\\\/logo\\\/image\\\/\"},\"sameAs\":[\"https:\\\/\\\/www.facebook.com\\\/becooltravelagency\\\/\",\"https:\\\/\\\/x.com\\\/becool_travel\",\"https:\\\/\\\/www.instagram.com\\\/becooltravel_com\\\/\",\"https:\\\/\\\/www.linkedin.com\\\/company\\\/becool-travel\\\/\",\"https:\\\/\\\/www.youtube.com\\\/channel\\\/UCE7zRU3EVG1PgfXwQo-5uJw\"]}]}<\/script>\n<!-- \/ Yoast SEO Premium plugin. -->","yoast_head_json":{"title":"Praia da Rocha: Auf den Spuren der Westalgarve","description":"Praia da Rocha Wandern auf den Pfaden der Westalgarve ein Paradies f\u00fcr Wanderer. Das Klima ist perfekt zum Wandern und die Landschaft wimmelt von Wildtieren.","robots":{"index":"index","follow":"follow","max-snippet":"max-snippet:-1","max-image-preview":"max-image-preview:large","max-video-preview":"max-video-preview:-1"},"canonical":"https:\/\/becooltravel.com\/de\/produkt\/zu-fus-auf-den-wegen-der-westlichen-algarve-praia-da-rocha-1603s\/","og_locale":"de_DE","og_type":"article","og_title":"Praia da Rocha: Walking the Trails of the West Algarve a walker\u2019s paradise destination","og_description":"Fabulous walks along the coast featuring spectacular rock formations, caves, beautiful quiet beaches, rugged cliffs with unforgettable seascapes and quaint fishing villages.","og_url":"https:\/\/becooltravel.com\/de\/produkt\/zu-fus-auf-den-wegen-der-westlichen-algarve-praia-da-rocha-1603s\/","og_site_name":"BeCool Travel","article_publisher":"https:\/\/www.facebook.com\/becooltravelagency\/","article_modified_time":"2026-03-18T12:11:42+00:00","og_image":[{"width":1200,"height":900,"url":"https:\/\/becooltravel.com\/wp-content\/uploads\/sites\/5\/2020\/05\/silves.jpg","type":"image\/jpeg"}],"twitter_card":"summary_large_image","twitter_title":"Praia da Rocha: Walking the Trails of the West Algarve a walker\u2019s paradise destination","twitter_description":"The sheltered Alvor estuary is a natural haven with a wide array of habitats and rich biodiversity. The walks use quiet paths and lanes to take us through a variety of landscapes from salt marshes, farmland, pastures and orchards.","twitter_image":"https:\/\/i0.wp.com\/becooltravel.com\/wp-content\/uploads\/sites\/5\/2020\/05\/Charming-blue-houses-in-the-West-Algarve.jpg?fit=1196%2C800&ssl=1","twitter_site":"@becool_travel","twitter_misc":{"Gesch\u00e4tzte Lesezeit":"3\u00a0Minuten"},"schema":{"@context":"https:\/\/schema.org","@graph":[{"@type":"WebPage","@id":"https:\/\/becooltravel.com\/product\/walking-the-trails-of-the-west-algarve-praia-da-rocha-1603s\/","url":"https:\/\/becooltravel.com\/product\/walking-the-trails-of-the-west-algarve-praia-da-rocha-1603s\/","name":"Praia da Rocha: Auf den Spuren der Westalgarve","isPartOf":{"@id":"https:\/\/becooltravel.com\/#website"},"primaryImageOfPage":{"@id":"https:\/\/becooltravel.com\/product\/walking-the-trails-of-the-west-algarve-praia-da-rocha-1603s\/#primaryimage"},"image":{"@id":"https:\/\/becooltravel.com\/product\/walking-the-trails-of-the-west-algarve-praia-da-rocha-1603s\/#primaryimage"},"thumbnailUrl":"https:\/\/i0.wp.com\/becooltravel.com\/wp-content\/uploads\/sites\/5\/2020\/05\/Self_guided_walk_WestAlgarve.jpg?fit=1200%2C800&ssl=1","datePublished":"2020-03-06T14:19:39+00:00","dateModified":"2026-03-18T12:11:42+00:00","description":"Praia da Rocha Wandern auf den Pfaden der Westalgarve ein Paradies f\u00fcr Wanderer. Das Klima ist perfekt zum Wandern und die Landschaft wimmelt von Wildtieren.","breadcrumb":{"@id":"https:\/\/becooltravel.com\/product\/walking-the-trails-of-the-west-algarve-praia-da-rocha-1603s\/#breadcrumb"},"inLanguage":"de","potentialAction":[{"@type":"ReadAction","target":["https:\/\/becooltravel.com\/product\/walking-the-trails-of-the-west-algarve-praia-da-rocha-1603s\/"]}]},{"@type":"ImageObject","inLanguage":"de","@id":"https:\/\/becooltravel.com\/product\/walking-the-trails-of-the-west-algarve-praia-da-rocha-1603s\/#primaryimage","url":"https:\/\/i0.wp.com\/becooltravel.com\/wp-content\/uploads\/sites\/5\/2020\/05\/Self_guided_walk_WestAlgarve.jpg?fit=1200%2C800&ssl=1","contentUrl":"https:\/\/i0.wp.com\/becooltravel.com\/wp-content\/uploads\/sites\/5\/2020\/05\/Self_guided_walk_WestAlgarve.jpg?fit=1200%2C800&ssl=1","width":1200,"height":800,"caption":"Self guided walk West Algarve"},{"@type":"BreadcrumbList","@id":"https:\/\/becooltravel.com\/product\/walking-the-trails-of-the-west-algarve-praia-da-rocha-1603s\/#breadcrumb","itemListElement":[{"@type":"ListItem","position":1,"name":"Home","item":"https:\/\/becooltravel.com\/"},{"@type":"ListItem","position":2,"name":"Shop","item":"https:\/\/becooltravel.com\/?page_id=5"},{"@type":"ListItem","position":3,"name":"Algarve holidays . You can use\u00a0footpaths and walking\u00a0 trails\u00a0to get to know the region, such as the\u00a0Algarve Way\u00a0or the\u00a0Vicentine Route along one of the best preserved coastal stretches.","item":"https:\/\/becooltravel.com\/product-tag\/algarve\/"},{"@type":"ListItem","position":4,"name":"Praia da Rocha: Walking the Trails of the West Algarve a walker\u2019s paradise destination"}]},{"@type":"WebSite","@id":"https:\/\/becooltravel.com\/#website","url":"https:\/\/becooltravel.com\/","name":"BeCool Travel","description":"Nachhaltiger Urlaub in Portugal f\u00fcr Individualreisende","publisher":{"@id":"https:\/\/becooltravel.com\/#organization"},"potentialAction":[{"@type":"SearchAction","target":{"@type":"EntryPoint","urlTemplate":"https:\/\/becooltravel.com\/?s={search_term_string}"},"query-input":{"@type":"PropertyValueSpecification","valueRequired":true,"valueName":"search_term_string"}}],"inLanguage":"de"},{"@type":"Organization","@id":"https:\/\/becooltravel.com\/#organization","name":"BecoolTravel. com- Portugal","url":"https:\/\/becooltravel.com\/","logo":{"@type":"ImageObject","inLanguage":"de","@id":"https:\/\/becooltravel.com\/#\/schema\/logo\/image\/","url":"https:\/\/becooltravel.com\/wp-content\/uploads\/sites\/5\/2020\/03\/Logo_BeCool.jpg","contentUrl":"https:\/\/becooltravel.com\/wp-content\/uploads\/sites\/5\/2020\/03\/Logo_BeCool.jpg","width":534,"height":534,"caption":"BecoolTravel. com- Portugal"},"image":{"@id":"https:\/\/becooltravel.com\/#\/schema\/logo\/image\/"},"sameAs":["https:\/\/www.facebook.com\/becooltravelagency\/","https:\/\/x.com\/becool_travel","https:\/\/www.instagram.com\/becooltravel_com\/","https:\/\/www.linkedin.com\/company\/becool-travel\/","https:\/\/www.youtube.com\/channel\/UCE7zRU3EVG1PgfXwQo-5uJw"]}]}},"jetpack_sharing_enabled":true,"_links":{"self":[{"href":"https:\/\/becooltravel.com\/de\/wp-json\/wp\/v2\/product\/3760","targetHints":{"allow":["GET"]}}],"collection":[{"href":"https:\/\/becooltravel.com\/de\/wp-json\/wp\/v2\/product"}],"about":[{"href":"https:\/\/becooltravel.com\/de\/wp-json\/wp\/v2\/types\/product"}],"replies":[{"embeddable":true,"href":"https:\/\/becooltravel.com\/de\/wp-json\/wp\/v2\/comments?post=3760"}],"wp:featuredmedia":[{"embeddable":true,"href":"https:\/\/becooltravel.com\/de\/wp-json\/wp\/v2\/media\/4766"}],"wp:attachment":[{"href":"https:\/\/becooltravel.com\/de\/wp-json\/wp\/v2\/media?parent=3760"}],"wp:term":[{"taxonomy":"product_brand","embeddable":true,"href":"https:\/\/becooltravel.com\/de\/wp-json\/wp\/v2\/product_brand?post=3760"},{"taxonomy":"product_cat","embeddable":true,"href":"https:\/\/becooltravel.com\/de\/wp-json\/wp\/v2\/product_cat?post=3760"},{"taxonomy":"product_tag","embeddable":true,"href":"https:\/\/becooltravel.com\/de\/wp-json\/wp\/v2\/product_tag?post=3760"}],"curies":[{"name":"wp","href":"https:\/\/api.w.org\/{rel}","templated":true}]}}