{"id":3761,"date":"2020-03-06T13:35:32","date_gmt":"2020-03-06T13:35:32","guid":{"rendered":"https:\/\/becooltravel.com\/product\/walking-close-to-nature-in-the-west-algarve-carvoeiro-1602s\/"},"modified":"2026-03-18T12:50:46","modified_gmt":"2026-03-18T12:50:46","slug":"walking-close-to-nature-in-the-west-algarve-carvoeiro-1602s","status":"publish","type":"product","link":"https:\/\/becooltravel.com\/de\/produkt\/wandern-in-der-nahe-der-natur-in-der-westalgarve-carvoeiro-1602s\/","title":{"rendered":"Urlaub in Carvoeiro: Wandern in der N\u00e4he der Natur an der Westalgarve"},"content":{"rendered":"<p>Wandern in der N\u00e4he der Natur an der Westalgarve ist eine selbst gef\u00fchrte Wanderung f\u00fcr diejenigen, die es lieben, zu erkunden und \u00fcberrascht zu werden. Spazieren Sie durch das \u00fcppige Gr\u00fcn der W\u00e4lder oder auf herrlichen Klippen vor der Kulisse von Ozeanblau, immer an fantastischen Orten voller wild lebender Tiere. Unsere Basis ist in Carvoeiro, einem malerischen K\u00fcstenort.<\/p>\n<p>Die Wanderungen in dieser aufregenden, selbst gef\u00fchrten Tour bieten eine interessante Mischung aus K\u00fcsten- und Landschaftslandschaften, damit Sie diesen besonderen Teil der Algarve erleben k\u00f6nnen.<\/p>\n<div id=\"attachment_1956\" style=\"width: 1034px\" class=\"wp-caption alignnone\"><img data-recalc-dims=\"1\" decoding=\"async\" aria-describedby=\"caption-attachment-1956\" class=\"wp-image-1956 size-large\" title=\"Weingut Westalgarve\" src=\"https:\/\/i0.wp.com\/legendatours.net\/wp-content\/uploads\/2020\/03\/Wine_estate_WestAlgarve-1024x683.jpg?resize=1024%2C683&#038;ssl=1\" alt=\"Weingut Westalgarve\" width=\"1024\" height=\"683\" \/><p id=\"caption-attachment-1956\" class=\"wp-caption-text\">Weingut Westalgarve. Empfohlener Besuch eines Weinguts f\u00fcr eine Weinprobe.<\/p><\/div>\n<p>Ausgangspunkt der Tour ist Carvoeiro, ein K\u00fcstenort, der viel zu bieten hat, darunter unber\u00fchrte Str\u00e4nde, ein traditionelles portugiesisches Ambiente und eine gro\u00dfe Auswahl an Restaurants und Bars. Carvoeiro ist ein Paradies f\u00fcr Wanderer mit zahlreichen Wanderrouten und Pfaden, die den sanften H\u00fcgeln im Landesinneren und der spektakul\u00e4ren K\u00fcste folgen.<\/p>\n<p>Die Landschaft der Westalgarve ist bekannt f\u00fcr ihre schroffen Klippen, H\u00f6hlen und Grotten, sch\u00f6nen Str\u00e4nde und Fischerd\u00f6rfer am Meer. Dies ist immer noch eine wichtige Lebensweise in dieser Gegend, die sich nat\u00fcrlich dem Tourismus widmet, aber viele Geheimnisse zu enth\u00fcllen hat. Entlang der K\u00fcste gehen Fischer zum Meer, um Sardinen und Tintenfische zu fangen, und bei Ebbe k\u00f6nnen Sie Menschen sehen, die nach Meeresfr\u00fcchten suchen.<\/p>\n<p>Diese Kulisse des wirklichen Lebens ist eine der besten Schichten Ihres selbst gef\u00fchrten Wanderurlaubs an der Westalgarve!<\/p>\n<div id=\"attachment_1952\" style=\"width: 1034px\" class=\"wp-caption alignnone\"><img data-recalc-dims=\"1\" decoding=\"async\" aria-describedby=\"caption-attachment-1952\" class=\"wp-image-1952 size-large\" title=\"Erstaunliche K\u00fcstenwanderungen Carvoeiro\" src=\"https:\/\/i0.wp.com\/legendatours.net\/wp-content\/uploads\/2020\/03\/AmazingCoastalWalks_Carvoeiro-1024x683.jpg?resize=1024%2C683&#038;ssl=1\" alt=\"Erstaunliche K\u00fcstenwanderungen Carvoeiro\" width=\"1024\" height=\"683\" \/><p id=\"caption-attachment-1952\" class=\"wp-caption-text\">Erstaunliche K\u00fcstenwanderungen Carvoeiro, atemberaubende K\u00fcstenlandschaft, auf einigen ikonischen Pfaden hoher Klippen mit kristallklarem Wasser darunter.<\/p><\/div>\n<p>Im Landesinneren, in den \u00fcppig gr\u00fcnen H\u00fcgeln, sehen Sie eine Lebensweise, die aus vielen europ\u00e4ischen L\u00e4ndern verschwunden ist, in denen sich die Tage um die Jahreszeiten drehen. Unsere Spazierg\u00e4nge besuchen Gebiete au\u00dferhalb der normalen touristischen Routen und geben uns einen Einblick in die traditionelle algarvische Lebensweise, wenn wir durch altes Ackerland, Kleinbauernh\u00f6fe und duftende Obstg\u00e4rten wandern.<\/p>\n<p>Das Licht und das Wetter an der Westalgarve sind auch in den Wintermonaten fantastisch und machen sie zu einer sch\u00f6nen Region f\u00fcr Wanderungen und Naturaktivit\u00e4ten. In den kleinen Kopfsteinpflasterstra\u00dfen malerischer D\u00f6rfer finden Sie wei\u00df get\u00fcnchte H\u00e4user, Caf\u00e9s und eine ruhige Lebensweise.<\/p>\n<div id=\"attachment_1924\" style=\"width: 1034px\" class=\"wp-caption alignnone\"><img data-recalc-dims=\"1\" decoding=\"async\" aria-describedby=\"caption-attachment-1924\" class=\"wp-image-1924 size-large\" title=\"In den Klippen spazieren gehen\" src=\"https:\/\/i0.wp.com\/legendatours.net\/wp-content\/uploads\/2020\/03\/Walking_cliffs_Selfguided-1024x683.jpg?resize=1024%2C683&#038;ssl=1\" alt=\"In den Klippen spazieren gehen\" width=\"1024\" height=\"683\" \/><p id=\"caption-attachment-1924\" class=\"wp-caption-text\">In den Klippen spazieren gehen. Erstaunliche Farben, denen Bilder nicht gerecht werden, man muss sie sehen, um es zu glauben!<\/p><\/div>\n<p>Ein weiteres Highlight ist die Wanderung durch die Sieben H\u00e4ngenden T\u00e4ler, die k\u00fcrzlich vom Online-Portal European Best Destinations zum \u201ebesten Wanderziel Europas\u201c gek\u00fcrt wurde. Mit magischen Meeresh\u00f6hlen, abgelegenen und fast menschenleeren Str\u00e4nden, farbenfroher Flora und beeindruckenden Felsformationen verw\u00f6hnt Sie dieser Weg mit beeindruckenden Ausblicken auf die K\u00fcste.<\/p>\n<p>Welchen Teil der Westalgarve Sie auch f\u00fchren, Sie werden gastfreundliche, freundliche Menschen, ausgezeichnete lokale Weine und k\u00f6stliches Essen vorfinden, vom frischesten Fisch bis hin zu regionalen Gerichten voller Geschmack.<\/p>\n<p>Um unter die Haut der Westalgarve zu gelangen und sie von ihrer besten Seite zu sehen, genie\u00dfen Sie unsere von Kirschen gepfl\u00fcckten Spazierg\u00e4nge, denn sie kombinieren alle Zutaten f\u00fcr einen perfekten Wanderurlaub und vermitteln gleichzeitig ein echtes Ortsgef\u00fchl.<\/p>\n<p>Sicherlich bieten wir diesen Rundgang an: Wandern in der N\u00e4he der Natur an der Westalgarve mit Sitz in Carvoeiro.<\/p>\n<p>Unsere selbst gef\u00fchrten Wanderungen sind sorgf\u00e4ltig gestaltet und enthalten alle Informationen, die Sie ben\u00f6tigen, von detaillierten Karten und Routenhinweisen bis hin zu einer 24-Stunden-Hotline. Die Unterkunft, Flughafentransfers und Transporte sind im Wanderprogramm enthalten.<\/p>\n<p>&nbsp;<\/p>\n<div class=\"row\" style=\"display: flex;\">\n<div class=\"column\" style=\"flex: 45%;\">\n<p><iframe title=\"Carvoeiro, Algarve Portugal HD\" width=\"1080\" height=\"608\" src=\"https:\/\/www.youtube.com\/embed\/hW0ngdLXx54?feature=oembed\" frameborder=\"0\" allow=\"accelerometer; autoplay; clipboard-write; encrypted-media; gyroscope; picture-in-picture; web-share\" referrerpolicy=\"strict-origin-when-cross-origin\" allowfullscreen><\/iframe><\/p>\n<\/div>\n<div class=\"column\" style=\"flex: 10%;\"><\/div>\n<div class=\"column\" style=\"flex: 45%;\">\n<p><iframe title=\"Algarve Algar Seco Carvoeiro Portugal\" width=\"1080\" height=\"608\" src=\"https:\/\/www.youtube.com\/embed\/x-Aw6xUuq5o?feature=oembed\" frameborder=\"0\" allow=\"accelerometer; autoplay; clipboard-write; encrypted-media; gyroscope; picture-in-picture; web-share\" referrerpolicy=\"strict-origin-when-cross-origin\" allowfullscreen><\/iframe><\/p>\n<\/div>\n<\/div>","protected":false},"excerpt":{"rendered":"<p>Wandern in der N\u00e4he der Natur an der Westalgarve ist eine selbst gef\u00fchrte Wanderung f\u00fcr diejenigen, die es lieben, zu erkunden und \u00fcberrascht zu werden. Spazieren Sie durch das \u00fcppige Gr\u00fcn der W\u00e4lder oder auf herrlichen Klippen vor der Kulisse von Ozeanblau, immer an fantastischen Orten voller wild lebender Tiere. Unsere Basis ist in Carvoeiro, einem malerischen K\u00fcstenort.<\/p>","protected":false},"featured_media":4760,"comment_status":"closed","ping_status":"closed","template":"","meta":{"_acf_changed":false,"inline_featured_image":false},"product_brand":[],"product_cat":[327,338],"product_tag":[311,539,1053,296,312,313,244,540,541,131,54,291,150,314,315,1060,1054,1061,1062,1063,1064,316,58,83,435,1065,1066,1067,1068,1069,181,542,1055,322,1056,1070,317,318,1057,543,1071,1072,1073,1058,1074,1059,544,545,60,61],"class_list":{"0":"post-3761","1":"product","2":"type-product","3":"status-publish","4":"has-post-thumbnail","6":"product_cat-self-guided-tours-portugal","7":"product_cat-self-guided-walking-holidays","8":"product_tag-algarve","9":"product_tag-algarve-spectacular-coastline","10":"product_tag-alleine-reisen","11":"product_tag-beaches","12":"product_tag-benagil","13":"product_tag-carvoeiro","14":"product_tag-coastal-algarve","15":"product_tag-coastal-resort","16":"product_tag-countryside-scenery","17":"product_tag-east-algarve","18":"product_tag-europe","19":"product_tag-flamingos","20":"product_tag-green-countryside","21":"product_tag-hiking","22":"product_tag-hiking-routes","23":"product_tag-individual-hiking","24":"product_tag-individuelle-touren","25":"product_tag-individuelle-trekkingreisen","26":"product_tag-individuelle-wandern","27":"product_tag-individuelle-wanderreisen","28":"product_tag-individuelle-wandertouren","29":"product_tag-itinerary-of-walks","30":"product_tag-portugal","31":"product_tag-portugal-great-food-and-wine","32":"product_tag-pristine-beaches","33":"product_tag-rando-autoguidee","34":"product_tag-rando-liberte","35":"product_tag-randonnee-autoguidee","36":"product_tag-randonnee-en-liberte","37":"product_tag-randonnee-liberte","38":"product_tag-ria-formosa-natural-park","39":"product_tag-rolling-inland-hills","40":"product_tag-sejour-en-liberte","41":"product_tag-self-guided","42":"product_tag-solo-reisen","43":"product_tag-solo-wandern","44":"product_tag-spectacular-cliffs","45":"product_tag-spectacular-coastline","46":"product_tag-tours-autoguidees","47":"product_tag-traditional-portuguese","48":"product_tag-trek-en-liberte","49":"product_tag-trek-solo","50":"product_tag-trekking-solo","51":"product_tag-voyage-en-liberte","52":"product_tag-voyages-a-pied-en-liberte","53":"product_tag-voyages-en-autonomie","54":"product_tag-walkers-paradise","55":"product_tag-walking-holiday","56":"product_tag-walking-holidays","57":"product_tag-walking-tours","59":"first","60":"instock","61":"virtual","62":"product-type-simple"},"acf":[],"yoast_head":"<!-- This site is optimized with the Yoast SEO Premium plugin v26.8 (Yoast SEO v27.4) - https:\/\/yoast.com\/product\/yoast-seo-premium-wordpress\/ -->\n<title>Holidays in Carvoeiro: Walking Close to Nature in the West Algarve<\/title>\n<meta name=\"description\" content=\"Self-Guided walking Holiday in Carvoeiro to walk among the lush greenery of woodlands, or on top of magnificent cliffs against a backdrop of ocean blue.\" \/>\n<meta name=\"robots\" content=\"index, follow, max-snippet:-1, max-image-preview:large, max-video-preview:-1\" \/>\n<link rel=\"canonical\" href=\"https:\/\/becooltravel.com\/de\/produkt\/wandern-in-der-nahe-der-natur-in-der-westalgarve-carvoeiro-1602s\/\" \/>\n<meta property=\"og:locale\" content=\"de_DE\" \/>\n<meta property=\"og:type\" content=\"article\" \/>\n<meta property=\"og:title\" content=\"Holidays in Carvoeiro Walking Close to Nature in the West Algarve Spectacular hikes in the cliffs, hidden caves and grottoes following scenic Ocean trails.\" \/>\n<meta property=\"og:description\" content=\"The West Algarve landscape is known for its rugged cliffs, caves and grottoes, beautiful beaches, and seaside fishing villages. This is still an important way of life in this area.\" \/>\n<meta property=\"og:url\" content=\"https:\/\/becooltravel.com\/de\/produkt\/wandern-in-der-nahe-der-natur-in-der-westalgarve-carvoeiro-1602s\/\" \/>\n<meta property=\"og:site_name\" content=\"BeCool Travel\" \/>\n<meta property=\"article:publisher\" content=\"https:\/\/www.facebook.com\/becooltravelagency\/\" \/>\n<meta property=\"article:modified_time\" content=\"2026-03-18T12:50:46+00:00\" \/>\n<meta property=\"og:image\" content=\"https:\/\/becooltravel.com\/wp-content\/uploads\/sites\/5\/2020\/06\/seven_hanging_valleys_walk.jpg\" \/>\n\t<meta property=\"og:image:width\" content=\"1200\" \/>\n\t<meta property=\"og:image:height\" content=\"720\" \/>\n\t<meta property=\"og:image:type\" content=\"image\/jpeg\" \/>\n<meta name=\"twitter:card\" content=\"summary_large_image\" \/>\n<meta name=\"twitter:title\" content=\"A fantastic itinerary of walks, developed and perfected by local resident Portuguese tour leaders. Holidays in Carvoeiro Walking Close to Nature in the West Algarve\" \/>\n<meta name=\"twitter:description\" content=\"The walks in this exciting self-guided tour offer an interesting mix of coastal and countryside scenery so that you can experience this special part of the Algarve.\" \/>\n<meta name=\"twitter:image\" content=\"https:\/\/i0.wp.com\/becooltravel.com\/wp-content\/uploads\/sites\/5\/2020\/05\/AmazingCoastalWalks_Carvoeiro.jpg?fit=1200%2C800&ssl=1\" \/>\n<meta name=\"twitter:site\" content=\"@becool_travel\" \/>\n<meta name=\"twitter:label1\" content=\"Gesch\u00e4tzte Lesezeit\" \/>\n\t<meta name=\"twitter:data1\" content=\"4\u00a0Minuten\" \/>\n<script type=\"application\/ld+json\" class=\"yoast-schema-graph\">{\"@context\":\"https:\\\/\\\/schema.org\",\"@graph\":[{\"@type\":[\"WebPage\",\"ItemPage\"],\"@id\":\"https:\\\/\\\/becooltravel.com\\\/product\\\/walking-close-to-nature-in-the-west-algarve-carvoeiro-1602s\\\/\",\"url\":\"https:\\\/\\\/becooltravel.com\\\/product\\\/walking-close-to-nature-in-the-west-algarve-carvoeiro-1602s\\\/\",\"name\":\"Holidays in Carvoeiro: Walking Close to Nature in the West Algarve\",\"isPartOf\":{\"@id\":\"https:\\\/\\\/becooltravel.com\\\/#website\"},\"primaryImageOfPage\":{\"@id\":\"https:\\\/\\\/becooltravel.com\\\/product\\\/walking-close-to-nature-in-the-west-algarve-carvoeiro-1602s\\\/#primaryimage\"},\"image\":{\"@id\":\"https:\\\/\\\/becooltravel.com\\\/product\\\/walking-close-to-nature-in-the-west-algarve-carvoeiro-1602s\\\/#primaryimage\"},\"thumbnailUrl\":\"https:\\\/\\\/i0.wp.com\\\/becooltravel.com\\\/wp-content\\\/uploads\\\/sites\\\/5\\\/2020\\\/05\\\/WalkingCloseToNature_WestAlgarve.jpg?fit=1200%2C803&ssl=1\",\"datePublished\":\"2020-03-06T13:35:32+00:00\",\"dateModified\":\"2026-03-18T12:50:46+00:00\",\"description\":\"Self-Guided walking Holiday in Carvoeiro to walk among the lush greenery of woodlands, or on top of magnificent cliffs against a backdrop of ocean blue.\",\"breadcrumb\":{\"@id\":\"https:\\\/\\\/becooltravel.com\\\/product\\\/walking-close-to-nature-in-the-west-algarve-carvoeiro-1602s\\\/#breadcrumb\"},\"inLanguage\":\"de\",\"potentialAction\":[{\"@type\":\"ReadAction\",\"target\":[\"https:\\\/\\\/becooltravel.com\\\/product\\\/walking-close-to-nature-in-the-west-algarve-carvoeiro-1602s\\\/\"]}]},{\"@type\":\"ImageObject\",\"inLanguage\":\"de\",\"@id\":\"https:\\\/\\\/becooltravel.com\\\/product\\\/walking-close-to-nature-in-the-west-algarve-carvoeiro-1602s\\\/#primaryimage\",\"url\":\"https:\\\/\\\/i0.wp.com\\\/becooltravel.com\\\/wp-content\\\/uploads\\\/sites\\\/5\\\/2020\\\/05\\\/WalkingCloseToNature_WestAlgarve.jpg?fit=1200%2C803&ssl=1\",\"contentUrl\":\"https:\\\/\\\/i0.wp.com\\\/becooltravel.com\\\/wp-content\\\/uploads\\\/sites\\\/5\\\/2020\\\/05\\\/WalkingCloseToNature_WestAlgarve.jpg?fit=1200%2C803&ssl=1\",\"width\":1200,\"height\":803,\"caption\":\"Walking Close To Nature West Algarve\"},{\"@type\":\"BreadcrumbList\",\"@id\":\"https:\\\/\\\/becooltravel.com\\\/product\\\/walking-close-to-nature-in-the-west-algarve-carvoeiro-1602s\\\/#breadcrumb\",\"itemListElement\":[{\"@type\":\"ListItem\",\"position\":1,\"name\":\"Home\",\"item\":\"https:\\\/\\\/becooltravel.com\\\/\"},{\"@type\":\"ListItem\",\"position\":2,\"name\":\"Shop\",\"item\":\"https:\\\/\\\/becooltravel.com\\\/?page_id=5\"},{\"@type\":\"ListItem\",\"position\":3,\"name\":\"Algarve holidays . You can use\u00a0footpaths and walking\u00a0 trails\u00a0to get to know the region, such as the\u00a0Algarve Way\u00a0or the\u00a0Vicentine Route along one of the best preserved coastal stretches.\",\"item\":\"https:\\\/\\\/becooltravel.com\\\/product-tag\\\/algarve\\\/\"},{\"@type\":\"ListItem\",\"position\":4,\"name\":\"Holidays in Carvoeiro Walking Close to Nature in the West Algarve Spectacular hikes in the cliffs, hidden caves and grottoes following scenic Ocean trails.\"}]},{\"@type\":\"WebSite\",\"@id\":\"https:\\\/\\\/becooltravel.com\\\/#website\",\"url\":\"https:\\\/\\\/becooltravel.com\\\/\",\"name\":\"BeCool Travel\",\"description\":\"Sustainable holidays in Portugal for independent travelers\",\"publisher\":{\"@id\":\"https:\\\/\\\/becooltravel.com\\\/#organization\"},\"potentialAction\":[{\"@type\":\"SearchAction\",\"target\":{\"@type\":\"EntryPoint\",\"urlTemplate\":\"https:\\\/\\\/becooltravel.com\\\/?s={search_term_string}\"},\"query-input\":{\"@type\":\"PropertyValueSpecification\",\"valueRequired\":true,\"valueName\":\"search_term_string\"}}],\"inLanguage\":\"de\"},{\"@type\":\"Organization\",\"@id\":\"https:\\\/\\\/becooltravel.com\\\/#organization\",\"name\":\"BecoolTravel. com- Portugal\",\"url\":\"https:\\\/\\\/becooltravel.com\\\/\",\"logo\":{\"@type\":\"ImageObject\",\"inLanguage\":\"de\",\"@id\":\"https:\\\/\\\/becooltravel.com\\\/#\\\/schema\\\/logo\\\/image\\\/\",\"url\":\"https:\\\/\\\/becooltravel.com\\\/wp-content\\\/uploads\\\/sites\\\/5\\\/2020\\\/03\\\/Logo_BeCool.jpg\",\"contentUrl\":\"https:\\\/\\\/becooltravel.com\\\/wp-content\\\/uploads\\\/sites\\\/5\\\/2020\\\/03\\\/Logo_BeCool.jpg\",\"width\":534,\"height\":534,\"caption\":\"BecoolTravel. com- Portugal\"},\"image\":{\"@id\":\"https:\\\/\\\/becooltravel.com\\\/#\\\/schema\\\/logo\\\/image\\\/\"},\"sameAs\":[\"https:\\\/\\\/www.facebook.com\\\/becooltravelagency\\\/\",\"https:\\\/\\\/x.com\\\/becool_travel\",\"https:\\\/\\\/www.instagram.com\\\/becooltravel_com\\\/\",\"https:\\\/\\\/www.linkedin.com\\\/company\\\/becool-travel\\\/\",\"https:\\\/\\\/www.youtube.com\\\/channel\\\/UCE7zRU3EVG1PgfXwQo-5uJw\"]}]}<\/script>\n<!-- \/ Yoast SEO Premium plugin. -->","yoast_head_json":{"title":"Urlaub in Carvoeiro: Wandern in der N\u00e4he der Natur an der Westalgarve","description":"Selbstgef\u00fchrter Spaziergang Urlaub in Carvoeiro, um im \u00fcppigen Gr\u00fcn der W\u00e4lder oder auf pr\u00e4chtigen Klippen vor der Kulisse von Ozeanblau zu spazieren.","robots":{"index":"index","follow":"follow","max-snippet":"max-snippet:-1","max-image-preview":"max-image-preview:large","max-video-preview":"max-video-preview:-1"},"canonical":"https:\/\/becooltravel.com\/de\/produkt\/wandern-in-der-nahe-der-natur-in-der-westalgarve-carvoeiro-1602s\/","og_locale":"de_DE","og_type":"article","og_title":"Holidays in Carvoeiro Walking Close to Nature in the West Algarve Spectacular hikes in the cliffs, hidden caves and grottoes following scenic Ocean trails.","og_description":"The West Algarve landscape is known for its rugged cliffs, caves and grottoes, beautiful beaches, and seaside fishing villages. This is still an important way of life in this area.","og_url":"https:\/\/becooltravel.com\/de\/produkt\/wandern-in-der-nahe-der-natur-in-der-westalgarve-carvoeiro-1602s\/","og_site_name":"BeCool Travel","article_publisher":"https:\/\/www.facebook.com\/becooltravelagency\/","article_modified_time":"2026-03-18T12:50:46+00:00","og_image":[{"width":1200,"height":720,"url":"https:\/\/becooltravel.com\/wp-content\/uploads\/sites\/5\/2020\/06\/seven_hanging_valleys_walk.jpg","type":"image\/jpeg"}],"twitter_card":"summary_large_image","twitter_title":"A fantastic itinerary of walks, developed and perfected by local resident Portuguese tour leaders. Holidays in Carvoeiro Walking Close to Nature in the West Algarve","twitter_description":"The walks in this exciting self-guided tour offer an interesting mix of coastal and countryside scenery so that you can experience this special part of the Algarve.","twitter_image":"https:\/\/i0.wp.com\/becooltravel.com\/wp-content\/uploads\/sites\/5\/2020\/05\/AmazingCoastalWalks_Carvoeiro.jpg?fit=1200%2C800&ssl=1","twitter_site":"@becool_travel","twitter_misc":{"Gesch\u00e4tzte Lesezeit":"4\u00a0Minuten"},"schema":{"@context":"https:\/\/schema.org","@graph":[{"@type":["WebPage","ItemPage"],"@id":"https:\/\/becooltravel.com\/product\/walking-close-to-nature-in-the-west-algarve-carvoeiro-1602s\/","url":"https:\/\/becooltravel.com\/product\/walking-close-to-nature-in-the-west-algarve-carvoeiro-1602s\/","name":"Urlaub in Carvoeiro: Wandern in der N\u00e4he der Natur an der Westalgarve","isPartOf":{"@id":"https:\/\/becooltravel.com\/#website"},"primaryImageOfPage":{"@id":"https:\/\/becooltravel.com\/product\/walking-close-to-nature-in-the-west-algarve-carvoeiro-1602s\/#primaryimage"},"image":{"@id":"https:\/\/becooltravel.com\/product\/walking-close-to-nature-in-the-west-algarve-carvoeiro-1602s\/#primaryimage"},"thumbnailUrl":"https:\/\/i0.wp.com\/becooltravel.com\/wp-content\/uploads\/sites\/5\/2020\/05\/WalkingCloseToNature_WestAlgarve.jpg?fit=1200%2C803&ssl=1","datePublished":"2020-03-06T13:35:32+00:00","dateModified":"2026-03-18T12:50:46+00:00","description":"Selbstgef\u00fchrter Spaziergang Urlaub in Carvoeiro, um im \u00fcppigen Gr\u00fcn der W\u00e4lder oder auf pr\u00e4chtigen Klippen vor der Kulisse von Ozeanblau zu spazieren.","breadcrumb":{"@id":"https:\/\/becooltravel.com\/product\/walking-close-to-nature-in-the-west-algarve-carvoeiro-1602s\/#breadcrumb"},"inLanguage":"de","potentialAction":[{"@type":"ReadAction","target":["https:\/\/becooltravel.com\/product\/walking-close-to-nature-in-the-west-algarve-carvoeiro-1602s\/"]}]},{"@type":"ImageObject","inLanguage":"de","@id":"https:\/\/becooltravel.com\/product\/walking-close-to-nature-in-the-west-algarve-carvoeiro-1602s\/#primaryimage","url":"https:\/\/i0.wp.com\/becooltravel.com\/wp-content\/uploads\/sites\/5\/2020\/05\/WalkingCloseToNature_WestAlgarve.jpg?fit=1200%2C803&ssl=1","contentUrl":"https:\/\/i0.wp.com\/becooltravel.com\/wp-content\/uploads\/sites\/5\/2020\/05\/WalkingCloseToNature_WestAlgarve.jpg?fit=1200%2C803&ssl=1","width":1200,"height":803,"caption":"Walking Close To Nature West Algarve"},{"@type":"BreadcrumbList","@id":"https:\/\/becooltravel.com\/product\/walking-close-to-nature-in-the-west-algarve-carvoeiro-1602s\/#breadcrumb","itemListElement":[{"@type":"ListItem","position":1,"name":"Home","item":"https:\/\/becooltravel.com\/"},{"@type":"ListItem","position":2,"name":"Shop","item":"https:\/\/becooltravel.com\/?page_id=5"},{"@type":"ListItem","position":3,"name":"Algarve holidays . You can use\u00a0footpaths and walking\u00a0 trails\u00a0to get to know the region, such as the\u00a0Algarve Way\u00a0or the\u00a0Vicentine Route along one of the best preserved coastal stretches.","item":"https:\/\/becooltravel.com\/product-tag\/algarve\/"},{"@type":"ListItem","position":4,"name":"Holidays in Carvoeiro Walking Close to Nature in the West Algarve Spectacular hikes in the cliffs, hidden caves and grottoes following scenic Ocean trails."}]},{"@type":"WebSite","@id":"https:\/\/becooltravel.com\/#website","url":"https:\/\/becooltravel.com\/","name":"BeCool Travel","description":"Nachhaltiger Urlaub in Portugal f\u00fcr Individualreisende","publisher":{"@id":"https:\/\/becooltravel.com\/#organization"},"potentialAction":[{"@type":"SearchAction","target":{"@type":"EntryPoint","urlTemplate":"https:\/\/becooltravel.com\/?s={search_term_string}"},"query-input":{"@type":"PropertyValueSpecification","valueRequired":true,"valueName":"search_term_string"}}],"inLanguage":"de"},{"@type":"Organization","@id":"https:\/\/becooltravel.com\/#organization","name":"BecoolTravel. com- Portugal","url":"https:\/\/becooltravel.com\/","logo":{"@type":"ImageObject","inLanguage":"de","@id":"https:\/\/becooltravel.com\/#\/schema\/logo\/image\/","url":"https:\/\/becooltravel.com\/wp-content\/uploads\/sites\/5\/2020\/03\/Logo_BeCool.jpg","contentUrl":"https:\/\/becooltravel.com\/wp-content\/uploads\/sites\/5\/2020\/03\/Logo_BeCool.jpg","width":534,"height":534,"caption":"BecoolTravel. com- Portugal"},"image":{"@id":"https:\/\/becooltravel.com\/#\/schema\/logo\/image\/"},"sameAs":["https:\/\/www.facebook.com\/becooltravelagency\/","https:\/\/x.com\/becool_travel","https:\/\/www.instagram.com\/becooltravel_com\/","https:\/\/www.linkedin.com\/company\/becool-travel\/","https:\/\/www.youtube.com\/channel\/UCE7zRU3EVG1PgfXwQo-5uJw"]}]}},"jetpack_sharing_enabled":true,"_links":{"self":[{"href":"https:\/\/becooltravel.com\/de\/wp-json\/wp\/v2\/product\/3761","targetHints":{"allow":["GET"]}}],"collection":[{"href":"https:\/\/becooltravel.com\/de\/wp-json\/wp\/v2\/product"}],"about":[{"href":"https:\/\/becooltravel.com\/de\/wp-json\/wp\/v2\/types\/product"}],"replies":[{"embeddable":true,"href":"https:\/\/becooltravel.com\/de\/wp-json\/wp\/v2\/comments?post=3761"}],"wp:featuredmedia":[{"embeddable":true,"href":"https:\/\/becooltravel.com\/de\/wp-json\/wp\/v2\/media\/4760"}],"wp:attachment":[{"href":"https:\/\/becooltravel.com\/de\/wp-json\/wp\/v2\/media?parent=3761"}],"wp:term":[{"taxonomy":"product_brand","embeddable":true,"href":"https:\/\/becooltravel.com\/de\/wp-json\/wp\/v2\/product_brand?post=3761"},{"taxonomy":"product_cat","embeddable":true,"href":"https:\/\/becooltravel.com\/de\/wp-json\/wp\/v2\/product_cat?post=3761"},{"taxonomy":"product_tag","embeddable":true,"href":"https:\/\/becooltravel.com\/de\/wp-json\/wp\/v2\/product_tag?post=3761"}],"curies":[{"name":"wp","href":"https:\/\/api.w.org\/{rel}","templated":true}]}}