{"id":3762,"date":"2020-03-06T13:33:45","date_gmt":"2020-03-06T13:33:45","guid":{"rendered":"https:\/\/becooltravel.com\/product\/walking-towards-the-sunset-in-the-west-algarve-lagos-1601s\/"},"modified":"2026-03-18T12:07:28","modified_gmt":"2026-03-18T12:07:28","slug":"walking-towards-the-sunset-in-the-west-algarve-lagos-1601s","status":"publish","type":"product","link":"https:\/\/becooltravel.com\/de\/produkt\/zu-fus-in-richtung-sonnenuntergang-in-der-westalgarve-lagos-1601s\/","title":{"rendered":"Urlaub in Lagos: Auf dem Weg zum Sonnenuntergang an der Westalgarve"},"content":{"rendered":"<p>Die Westalgarve bietet spektakul\u00e4re Klippen, H\u00f6hlen, Grotten und eine maritime Landschaft. Seine abwechslungsreiche Geologie hat eine reiche Auswahl an Landschaften hervorgebracht, von vulkanischen H\u00fcgeln bis hin zu dramatischen Kalksteinsteilh\u00e4ngen, die sich hervorragend zum Wandern und Sightseeing eignen.<\/p>\n<p>Erg\u00e4nzt wird diese Vielfalt durch die lokale Flora und Fauna, die in ihren milden, sonnigen Wintern und langen, hei\u00dfen Sommern gedeiht. All dies zusammen macht das Wandern hier faszinierend.<\/p>\n<div id=\"attachment_2088\" style=\"width: 1034px\" class=\"wp-caption alignnone\"><img data-recalc-dims=\"1\" decoding=\"async\" aria-describedby=\"caption-attachment-2088\" class=\"wp-image-2088 size-large\" title=\"Wandern in der Westalgarve\" src=\"https:\/\/i0.wp.com\/legendatours.net\/wp-content\/uploads\/2020\/03\/west_algarve-1024x770.jpg?resize=1024%2C770&#038;ssl=1\" alt=\"Wandern in der Westalgarve\" width=\"1024\" height=\"770\" \/><p id=\"caption-attachment-2088\" class=\"wp-caption-text\">Wandern an der Westalgarve, eine fantastische Route von Spazierg\u00e4ngen, die von einheimischen F\u00fchrern entworfen wurde<\/p><\/div>\n<p>Es gibt so viele interessante Schichten in der Westalgarve. Im Landesinneren, oben in den \u00fcppigen gr\u00fcnen H\u00fcgeln, werden Sie eine Lebensweise sehen, die aus vielen europ\u00e4ischen L\u00e4ndern verschwunden ist, in der sich die Tage um die Jahreszeiten drehen. Duftende Zitrusplantagen, Oliven-, Johannisbrot- und Mandelkulturen, die Grundzutaten der Gastronomie und der s\u00fc\u00dfen K\u00f6stlichkeiten sind und auf lebhaften lokalen M\u00e4rkten verkauft werden. In den kleinen Kopfsteinpflasterstra\u00dfen malerischer D\u00f6rfer finden Sie wei\u00df get\u00fcnchte H\u00e4user, Caf\u00e9s und eine ruhige Lebensweise.<\/p>\n<p>Das Meer und die Wasserkan\u00e4le sind ein weiterer Teil der Natur der Westalgarve. Entlang der K\u00fcste gehen die Fischer auf das Meer hinaus, um Sardinen und Tintenfische zu fangen, und in der Alvor-M\u00fcndung k\u00f6nnen Sie bei Ebbe Leute sehen, die auf der Suche nach Meeresfr\u00fcchten sind.<\/p>\n<div id=\"attachment_2084\" style=\"width: 1034px\" class=\"wp-caption alignnone\"><img data-recalc-dims=\"1\" decoding=\"async\" aria-describedby=\"caption-attachment-2084\" class=\"wp-image-2084 size-large\" src=\"https:\/\/i0.wp.com\/legendatours.net\/wp-content\/uploads\/2020\/03\/barao_sao_joao-1024x694.jpg?resize=1024%2C694&#038;ssl=1\" alt=\"Barao de Sao Joao\" width=\"1024\" height=\"694\" \/><p id=\"caption-attachment-2084\" class=\"wp-caption-text\">Barao de Sao Joao, ein charmantes Dorf, eingebettet in eine l\u00e4ndliche und friedliche Landschaft mit einer Mischung aus Feldern und W\u00e4ldern, bietet Naturliebhabern eine wahre Freude.<\/p><\/div>\n<p>Diese Wanderung findet in Lagos statt, einer kosmopolitischen Stadt, die von Anfang an ein Tor zum Mittelmeer war. Gil Eanes machte sich von seiner weiten Bucht aus, umgeben vom feinen Sand von Meia Praia, auf den Weg, um Kap Bojador als erster zu umrunden. Hier versteckten sich Freibeuter wie Sir Francis Drake und Galeonen voller Gold und Edelsteine aus Amerika oder Gew\u00fcrze aus Indien in den Hafen.<\/p>\n<p>Die Mauer, die an den Rand (Wasser) von Lagos grenzt, ist wundersch\u00f6n und in der Altstadt finden Sie Gesch\u00e4fte, Restaurants, jede Menge Geschichte und Kultur. Last but not least wird Lagos nachts mit Stra\u00dfenk\u00fcnstlern und Bars f\u00fcr jeden Geschmack mit Live-Musik lebendig.<\/p>\n<div id=\"attachment_1845\" style=\"width: 1034px\" class=\"wp-caption alignnone\"><img data-recalc-dims=\"1\" decoding=\"async\" aria-describedby=\"caption-attachment-1845\" class=\"wp-image-1845 size-large\" title=\"Orangenb\u00e4ume parf\u00fcmieren die Luft in der Algarve\" src=\"https:\/\/i0.wp.com\/legendatours.net\/wp-content\/uploads\/2020\/03\/Orange-trees-1024x683.jpg?resize=1024%2C683&#038;ssl=1\" alt=\"Orangenb\u00e4ume parf\u00fcmieren die Luft in der Algarve\" width=\"1024\" height=\"683\" \/><p id=\"caption-attachment-1845\" class=\"wp-caption-text\">Orangenb\u00e4ume parf\u00fcmieren die Luft in der Algarve<\/p><\/div>\n<p>Wohin auch immer Ihre Wanderpfade Sie an der Westalgarve f\u00fchren, Sie werden einladende, freundliche Menschen, ausgezeichnete lokale Weine und k\u00f6stliches Essen finden, vom frischesten Fisch bis hin zu regionalen Gerichten voller Geschmack.<\/p>\n<p>Unsere selbst gef\u00fchrten Wanderungen sind sorgf\u00e4ltig gestaltet und enthalten alle Informationen, die Sie ben\u00f6tigen, von detaillierten Karten und Routenhinweisen bis hin zu einer 24-Stunden-Hotline. Die Unterkunft, Flughafentransfers und Transporte sind im Wanderprogramm enthalten.<\/p>\n<p>&nbsp;<\/p>\n<p>&nbsp;<\/p>\n<div class=\"row\" style=\"display: flex;\">\n<div class=\"column\" style=\"flex: 45%;\"><\/div>\n<div class=\"column\" style=\"flex: 10%;\"><\/div>\n<div class=\"column\" style=\"flex: 45%;\">\n<p><iframe title=\"Lagos, Land der neuen Entdeckungen - Erbe\" width=\"1080\" height=\"608\" src=\"https:\/\/www.youtube.com\/embed\/1KkHCrpRIGQ?feature=oembed\" frameborder=\"0\" allow=\"accelerometer; autoplay; clipboard-write; encrypted-media; gyroscope; picture-in-picture; web-share\" referrerpolicy=\"strict-origin-when-cross-origin\" allowfullscreen><\/iframe><\/p>\n<\/div>\n<\/div>","protected":false},"excerpt":{"rendered":"<p>Dem Sonnenuntergang entgegen: Wandern in der Westalgarve ist eine selbstgef\u00fchrte Wanderung, die eine interessante Mischung aus K\u00fcsten- und Binnenwanderwegen bietet, die es Ihnen erm\u00f6glichen, die weniger bekannten Wunder der Westalgarve zu entdecken. Unsere Basis ist die kosmopolitische Stadt Lagos, nicht weit von all diesen verschiedenen Wandererlebnissen entfernt.<\/p>","protected":false},"featured_media":4693,"comment_status":"closed","ping_status":"closed","template":"","meta":{"_acf_changed":false,"inline_featured_image":false},"product_brand":[],"product_cat":[327,338],"product_tag":[440,283,1053,319,121,245,149,839,54,559,150,526,1060,1054,1061,1062,1063,1064,57,546,320,300,547,321,58,83,548,1065,1066,1067,1068,1069,250,1055,322,304,323,305,1056,1070,1057,1071,1072,1073,72,1058,1074,1059,324,60,549,61,550,62,100],"class_list":{"0":"post-3762","1":"product","2":"type-product","3":"status-publish","4":"has-post-thumbnail","6":"product_cat-self-guided-tours-portugal","7":"product_cat-self-guided-walking-holidays","8":"product_tag-algarve-coast","9":"product_tag-algarve-coastal-strip","10":"product_tag-alleine-reisen","11":"product_tag-along-the-coast","12":"product_tag-bird-watching","13":"product_tag-coastal-algarve-walk","14":"product_tag-dramatic-beauty-of-the-atlantic-coast","15":"product_tag-dramatic-cliffs","16":"product_tag-europe","17":"product_tag-fabulous-walks-along-the-coast","18":"product_tag-green-countryside","19":"product_tag-hikes-in-the-cliffs","20":"product_tag-individual-hiking","21":"product_tag-individuelle-touren","22":"product_tag-individuelle-trekkingreisen","23":"product_tag-individuelle-wandern","24":"product_tag-individuelle-wanderreisen","25":"product_tag-individuelle-wandertouren","26":"product_tag-lagos","27":"product_tag-local-fauna","28":"product_tag-local-markets","29":"product_tag-meia-praia","30":"product_tag-nature-activities","31":"product_tag-nature-walks","32":"product_tag-portugal","33":"product_tag-portugal-great-food-and-wine","34":"product_tag-portugal-perfect-walking-holiday","35":"product_tag-rando-autoguidee","36":"product_tag-rando-liberte","37":"product_tag-randonnee-autoguidee","38":"product_tag-randonnee-en-liberte","39":"product_tag-randonnee-liberte","40":"product_tag-river-arade","41":"product_tag-sejour-en-liberte","42":"product_tag-self-guided","43":"product_tag-self-guided-walking","44":"product_tag-self-guided-walking-holiday","45":"product_tag-sir-francis-drake","46":"product_tag-solo-reisen","47":"product_tag-solo-wandern","48":"product_tag-tours-autoguidees","49":"product_tag-trek-en-liberte","50":"product_tag-trek-solo","51":"product_tag-trekking-solo","52":"product_tag-undisturbed-places-in-portugal","53":"product_tag-voyage-en-liberte","54":"product_tag-voyages-a-pied-en-liberte","55":"product_tag-voyages-en-autonomie","56":"product_tag-walking-experiences","57":"product_tag-walking-holidays","58":"product_tag-walking-program","59":"product_tag-walking-tours","60":"product_tag-walking-towards-the-sunset","61":"product_tag-west-algarve","62":"product_tag-western-europe","64":"first","65":"instock","66":"virtual","67":"product-type-simple"},"acf":[],"yoast_head":"<!-- This site is optimized with the Yoast SEO Premium plugin v26.8 (Yoast SEO v27.5) - https:\/\/yoast.com\/product\/yoast-seo-premium-wordpress\/ -->\n<title>Holidays in Lagos: Walking Towards the Sunset in the West Algarve<\/title>\n<meta name=\"description\" content=\"Self-Guided walking tour in Lagos an interesting mix of coastal and inland nature walks, allowing to discover the less known wonders of the West Algarve.\" \/>\n<meta name=\"robots\" content=\"index, follow, max-snippet:-1, max-image-preview:large, max-video-preview:-1\" \/>\n<link rel=\"canonical\" href=\"https:\/\/becooltravel.com\/de\/produkt\/zu-fus-in-richtung-sonnenuntergang-in-der-westalgarve-lagos-1601s\/\" \/>\n<meta property=\"og:locale\" content=\"de_DE\" \/>\n<meta property=\"og:type\" content=\"article\" \/>\n<meta property=\"og:title\" content=\"Holidays in Lagos Walking Towards the Sunset in the West Algarve Spectacular hikes in the cliffs, hidden caves, and grottoes following scenic Ocean trails.\" \/>\n<meta property=\"og:description\" content=\"The hiking tour is based in Lagos, a historical and cosmopolitan city that, from early on, was a gateway to the Mediterranean. It was from its wide bay, encircled by the fine sands of the Meia Praia Beach that Gil Eanes set off, the first to round Cape Bojador. It was also here that privateers like Sir Francis Drake hid. Galleons full of gold and precious stones from the Americas, and spices from India, came to port in Lagos.\" \/>\n<meta property=\"og:url\" content=\"https:\/\/becooltravel.com\/de\/produkt\/zu-fus-in-richtung-sonnenuntergang-in-der-westalgarve-lagos-1601s\/\" \/>\n<meta property=\"og:site_name\" content=\"BeCool Travel\" \/>\n<meta property=\"article:publisher\" content=\"https:\/\/www.facebook.com\/becooltravelagency\/\" \/>\n<meta property=\"article:modified_time\" content=\"2026-03-18T12:07:28+00:00\" \/>\n<meta property=\"og:image\" content=\"https:\/\/becooltravel.com\/wp-content\/uploads\/sites\/5\/2020\/05\/Lagos.jpg\" \/>\n\t<meta property=\"og:image:width\" content=\"1200\" \/>\n\t<meta property=\"og:image:height\" content=\"576\" \/>\n\t<meta property=\"og:image:type\" content=\"image\/jpeg\" \/>\n<meta name=\"twitter:card\" content=\"summary_large_image\" \/>\n<meta name=\"twitter:title\" content=\"Holidays in Lagos Walking Towards the Sunset in the West Algarve Tranquil and surprising walks in the lush green hills.A fantastic itinerary of walks developed and perfected by local resident Portuguese tour leaders.\" \/>\n<meta name=\"twitter:description\" content=\"The mild sunny winters and long hot summers are ideal for a display of colourful flora and thriving local fauna. All this, combined, makes walking here fascinating and unexpected.The programmed nature walks of this Self-Guided walking tour run through trails specially picked by our local leaders, very knowledgeable of the region.\" \/>\n<meta name=\"twitter:image\" content=\"https:\/\/i0.wp.com\/becooltravel.com\/wp-content\/uploads\/sites\/5\/2020\/05\/ponta_piedade.jpg?fit=1600%2C985&ssl=1\" \/>\n<meta name=\"twitter:site\" content=\"@becool_travel\" \/>\n<meta name=\"twitter:label1\" content=\"Gesch\u00e4tzte Lesezeit\" \/>\n\t<meta name=\"twitter:data1\" content=\"3\u00a0Minuten\" \/>\n<script type=\"application\/ld+json\" class=\"yoast-schema-graph\">{\"@context\":\"https:\\\/\\\/schema.org\",\"@graph\":[{\"@type\":\"WebPage\",\"@id\":\"https:\\\/\\\/becooltravel.com\\\/product\\\/walking-towards-the-sunset-in-the-west-algarve-lagos-1601s\\\/\",\"url\":\"https:\\\/\\\/becooltravel.com\\\/product\\\/walking-towards-the-sunset-in-the-west-algarve-lagos-1601s\\\/\",\"name\":\"Holidays in Lagos: Walking Towards the Sunset in the West Algarve\",\"isPartOf\":{\"@id\":\"https:\\\/\\\/becooltravel.com\\\/#website\"},\"primaryImageOfPage\":{\"@id\":\"https:\\\/\\\/becooltravel.com\\\/product\\\/walking-towards-the-sunset-in-the-west-algarve-lagos-1601s\\\/#primaryimage\"},\"image\":{\"@id\":\"https:\\\/\\\/becooltravel.com\\\/product\\\/walking-towards-the-sunset-in-the-west-algarve-lagos-1601s\\\/#primaryimage\"},\"thumbnailUrl\":\"https:\\\/\\\/i0.wp.com\\\/becooltravel.com\\\/wp-content\\\/uploads\\\/sites\\\/5\\\/2020\\\/05\\\/Sagres_dramatic_views_cliffs.jpg?fit=1195%2C800&ssl=1\",\"datePublished\":\"2020-03-06T13:33:45+00:00\",\"dateModified\":\"2026-03-18T12:07:28+00:00\",\"description\":\"Self-Guided walking tour in Lagos an interesting mix of coastal and inland nature walks, allowing to discover the less known wonders of the West Algarve.\",\"breadcrumb\":{\"@id\":\"https:\\\/\\\/becooltravel.com\\\/product\\\/walking-towards-the-sunset-in-the-west-algarve-lagos-1601s\\\/#breadcrumb\"},\"inLanguage\":\"de\",\"potentialAction\":[{\"@type\":\"ReadAction\",\"target\":[\"https:\\\/\\\/becooltravel.com\\\/product\\\/walking-towards-the-sunset-in-the-west-algarve-lagos-1601s\\\/\"]}]},{\"@type\":\"ImageObject\",\"inLanguage\":\"de\",\"@id\":\"https:\\\/\\\/becooltravel.com\\\/product\\\/walking-towards-the-sunset-in-the-west-algarve-lagos-1601s\\\/#primaryimage\",\"url\":\"https:\\\/\\\/i0.wp.com\\\/becooltravel.com\\\/wp-content\\\/uploads\\\/sites\\\/5\\\/2020\\\/05\\\/Sagres_dramatic_views_cliffs.jpg?fit=1195%2C800&ssl=1\",\"contentUrl\":\"https:\\\/\\\/i0.wp.com\\\/becooltravel.com\\\/wp-content\\\/uploads\\\/sites\\\/5\\\/2020\\\/05\\\/Sagres_dramatic_views_cliffs.jpg?fit=1195%2C800&ssl=1\",\"width\":1195,\"height\":800,\"caption\":\"Dramatic Views from West Algarve cliffs\"},{\"@type\":\"BreadcrumbList\",\"@id\":\"https:\\\/\\\/becooltravel.com\\\/product\\\/walking-towards-the-sunset-in-the-west-algarve-lagos-1601s\\\/#breadcrumb\",\"itemListElement\":[{\"@type\":\"ListItem\",\"position\":1,\"name\":\"Home\",\"item\":\"https:\\\/\\\/becooltravel.com\\\/\"},{\"@type\":\"ListItem\",\"position\":2,\"name\":\"Shop\",\"item\":\"https:\\\/\\\/becooltravel.com\\\/?page_id=5\"},{\"@type\":\"ListItem\",\"position\":3,\"name\":\"The Algarve is the beautiful southern coastline of Portugal. It is a region blessed with stunning beaches, picturesque fishing towns and a glorious climate\",\"item\":\"https:\\\/\\\/becooltravel.com\\\/product-tag\\\/algarve-coast\\\/\"},{\"@type\":\"ListItem\",\"position\":4,\"name\":\"Holidays in Lagos Walking Towards the Sunset in the West Algarve interesting mix of coastal and inland nature walks\"}]},{\"@type\":\"WebSite\",\"@id\":\"https:\\\/\\\/becooltravel.com\\\/#website\",\"url\":\"https:\\\/\\\/becooltravel.com\\\/\",\"name\":\"BeCool Travel\",\"description\":\"Sustainable holidays in Portugal for independent travelers\",\"publisher\":{\"@id\":\"https:\\\/\\\/becooltravel.com\\\/#organization\"},\"potentialAction\":[{\"@type\":\"SearchAction\",\"target\":{\"@type\":\"EntryPoint\",\"urlTemplate\":\"https:\\\/\\\/becooltravel.com\\\/?s={search_term_string}\"},\"query-input\":{\"@type\":\"PropertyValueSpecification\",\"valueRequired\":true,\"valueName\":\"search_term_string\"}}],\"inLanguage\":\"de\"},{\"@type\":\"Organization\",\"@id\":\"https:\\\/\\\/becooltravel.com\\\/#organization\",\"name\":\"BecoolTravel. com- Portugal\",\"url\":\"https:\\\/\\\/becooltravel.com\\\/\",\"logo\":{\"@type\":\"ImageObject\",\"inLanguage\":\"de\",\"@id\":\"https:\\\/\\\/becooltravel.com\\\/#\\\/schema\\\/logo\\\/image\\\/\",\"url\":\"https:\\\/\\\/becooltravel.com\\\/wp-content\\\/uploads\\\/sites\\\/5\\\/2020\\\/03\\\/Logo_BeCool.jpg\",\"contentUrl\":\"https:\\\/\\\/becooltravel.com\\\/wp-content\\\/uploads\\\/sites\\\/5\\\/2020\\\/03\\\/Logo_BeCool.jpg\",\"width\":534,\"height\":534,\"caption\":\"BecoolTravel. com- Portugal\"},\"image\":{\"@id\":\"https:\\\/\\\/becooltravel.com\\\/#\\\/schema\\\/logo\\\/image\\\/\"},\"sameAs\":[\"https:\\\/\\\/www.facebook.com\\\/becooltravelagency\\\/\",\"https:\\\/\\\/x.com\\\/becool_travel\",\"https:\\\/\\\/www.instagram.com\\\/becooltravel_com\\\/\",\"https:\\\/\\\/www.linkedin.com\\\/company\\\/becool-travel\\\/\",\"https:\\\/\\\/www.youtube.com\\\/channel\\\/UCE7zRU3EVG1PgfXwQo-5uJw\"]}]}<\/script>\n<!-- \/ Yoast SEO Premium plugin. -->","yoast_head_json":{"title":"Urlaub in Lagos: Auf dem Weg zum Sonnenuntergang an der Westalgarve","description":"Selbstgef\u00fchrte Wanderung in Lagos, eine interessante Mischung aus Naturwanderungen an der K\u00fcste und im Landesinneren, bei der Sie die weniger bekannten Wunder der Westalgarve entdecken k\u00f6nnen.","robots":{"index":"index","follow":"follow","max-snippet":"max-snippet:-1","max-image-preview":"max-image-preview:large","max-video-preview":"max-video-preview:-1"},"canonical":"https:\/\/becooltravel.com\/de\/produkt\/zu-fus-in-richtung-sonnenuntergang-in-der-westalgarve-lagos-1601s\/","og_locale":"de_DE","og_type":"article","og_title":"Holidays in Lagos Walking Towards the Sunset in the West Algarve Spectacular hikes in the cliffs, hidden caves, and grottoes following scenic Ocean trails.","og_description":"The hiking tour is based in Lagos, a historical and cosmopolitan city that, from early on, was a gateway to the Mediterranean. It was from its wide bay, encircled by the fine sands of the Meia Praia Beach that Gil Eanes set off, the first to round Cape Bojador. It was also here that privateers like Sir Francis Drake hid. Galleons full of gold and precious stones from the Americas, and spices from India, came to port in Lagos.","og_url":"https:\/\/becooltravel.com\/de\/produkt\/zu-fus-in-richtung-sonnenuntergang-in-der-westalgarve-lagos-1601s\/","og_site_name":"BeCool Travel","article_publisher":"https:\/\/www.facebook.com\/becooltravelagency\/","article_modified_time":"2026-03-18T12:07:28+00:00","og_image":[{"width":1200,"height":576,"url":"https:\/\/becooltravel.com\/wp-content\/uploads\/sites\/5\/2020\/05\/Lagos.jpg","type":"image\/jpeg"}],"twitter_card":"summary_large_image","twitter_title":"Holidays in Lagos Walking Towards the Sunset in the West Algarve Tranquil and surprising walks in the lush green hills.A fantastic itinerary of walks developed and perfected by local resident Portuguese tour leaders.","twitter_description":"The mild sunny winters and long hot summers are ideal for a display of colourful flora and thriving local fauna. All this, combined, makes walking here fascinating and unexpected.The programmed nature walks of this Self-Guided walking tour run through trails specially picked by our local leaders, very knowledgeable of the region.","twitter_image":"https:\/\/i0.wp.com\/becooltravel.com\/wp-content\/uploads\/sites\/5\/2020\/05\/ponta_piedade.jpg?fit=1600%2C985&ssl=1","twitter_site":"@becool_travel","twitter_misc":{"Gesch\u00e4tzte Lesezeit":"3\u00a0Minuten"},"schema":{"@context":"https:\/\/schema.org","@graph":[{"@type":"WebPage","@id":"https:\/\/becooltravel.com\/product\/walking-towards-the-sunset-in-the-west-algarve-lagos-1601s\/","url":"https:\/\/becooltravel.com\/product\/walking-towards-the-sunset-in-the-west-algarve-lagos-1601s\/","name":"Urlaub in Lagos: Auf dem Weg zum Sonnenuntergang an der Westalgarve","isPartOf":{"@id":"https:\/\/becooltravel.com\/#website"},"primaryImageOfPage":{"@id":"https:\/\/becooltravel.com\/product\/walking-towards-the-sunset-in-the-west-algarve-lagos-1601s\/#primaryimage"},"image":{"@id":"https:\/\/becooltravel.com\/product\/walking-towards-the-sunset-in-the-west-algarve-lagos-1601s\/#primaryimage"},"thumbnailUrl":"https:\/\/i0.wp.com\/becooltravel.com\/wp-content\/uploads\/sites\/5\/2020\/05\/Sagres_dramatic_views_cliffs.jpg?fit=1195%2C800&ssl=1","datePublished":"2020-03-06T13:33:45+00:00","dateModified":"2026-03-18T12:07:28+00:00","description":"Selbstgef\u00fchrte Wanderung in Lagos, eine interessante Mischung aus Naturwanderungen an der K\u00fcste und im Landesinneren, bei der Sie die weniger bekannten Wunder der Westalgarve entdecken k\u00f6nnen.","breadcrumb":{"@id":"https:\/\/becooltravel.com\/product\/walking-towards-the-sunset-in-the-west-algarve-lagos-1601s\/#breadcrumb"},"inLanguage":"de","potentialAction":[{"@type":"ReadAction","target":["https:\/\/becooltravel.com\/product\/walking-towards-the-sunset-in-the-west-algarve-lagos-1601s\/"]}]},{"@type":"ImageObject","inLanguage":"de","@id":"https:\/\/becooltravel.com\/product\/walking-towards-the-sunset-in-the-west-algarve-lagos-1601s\/#primaryimage","url":"https:\/\/i0.wp.com\/becooltravel.com\/wp-content\/uploads\/sites\/5\/2020\/05\/Sagres_dramatic_views_cliffs.jpg?fit=1195%2C800&ssl=1","contentUrl":"https:\/\/i0.wp.com\/becooltravel.com\/wp-content\/uploads\/sites\/5\/2020\/05\/Sagres_dramatic_views_cliffs.jpg?fit=1195%2C800&ssl=1","width":1195,"height":800,"caption":"Dramatic Views from West Algarve cliffs"},{"@type":"BreadcrumbList","@id":"https:\/\/becooltravel.com\/product\/walking-towards-the-sunset-in-the-west-algarve-lagos-1601s\/#breadcrumb","itemListElement":[{"@type":"ListItem","position":1,"name":"Home","item":"https:\/\/becooltravel.com\/"},{"@type":"ListItem","position":2,"name":"Shop","item":"https:\/\/becooltravel.com\/?page_id=5"},{"@type":"ListItem","position":3,"name":"The Algarve is the beautiful southern coastline of Portugal. It is a region blessed with stunning beaches, picturesque fishing towns and a glorious climate","item":"https:\/\/becooltravel.com\/product-tag\/algarve-coast\/"},{"@type":"ListItem","position":4,"name":"Holidays in Lagos Walking Towards the Sunset in the West Algarve interesting mix of coastal and inland nature walks"}]},{"@type":"WebSite","@id":"https:\/\/becooltravel.com\/#website","url":"https:\/\/becooltravel.com\/","name":"BeCool Travel","description":"Nachhaltiger Urlaub in Portugal f\u00fcr Individualreisende","publisher":{"@id":"https:\/\/becooltravel.com\/#organization"},"potentialAction":[{"@type":"SearchAction","target":{"@type":"EntryPoint","urlTemplate":"https:\/\/becooltravel.com\/?s={search_term_string}"},"query-input":{"@type":"PropertyValueSpecification","valueRequired":true,"valueName":"search_term_string"}}],"inLanguage":"de"},{"@type":"Organization","@id":"https:\/\/becooltravel.com\/#organization","name":"BecoolTravel. com- Portugal","url":"https:\/\/becooltravel.com\/","logo":{"@type":"ImageObject","inLanguage":"de","@id":"https:\/\/becooltravel.com\/#\/schema\/logo\/image\/","url":"https:\/\/becooltravel.com\/wp-content\/uploads\/sites\/5\/2020\/03\/Logo_BeCool.jpg","contentUrl":"https:\/\/becooltravel.com\/wp-content\/uploads\/sites\/5\/2020\/03\/Logo_BeCool.jpg","width":534,"height":534,"caption":"BecoolTravel. com- Portugal"},"image":{"@id":"https:\/\/becooltravel.com\/#\/schema\/logo\/image\/"},"sameAs":["https:\/\/www.facebook.com\/becooltravelagency\/","https:\/\/x.com\/becool_travel","https:\/\/www.instagram.com\/becooltravel_com\/","https:\/\/www.linkedin.com\/company\/becool-travel\/","https:\/\/www.youtube.com\/channel\/UCE7zRU3EVG1PgfXwQo-5uJw"]}]}},"jetpack_sharing_enabled":true,"_links":{"self":[{"href":"https:\/\/becooltravel.com\/de\/wp-json\/wp\/v2\/product\/3762","targetHints":{"allow":["GET"]}}],"collection":[{"href":"https:\/\/becooltravel.com\/de\/wp-json\/wp\/v2\/product"}],"about":[{"href":"https:\/\/becooltravel.com\/de\/wp-json\/wp\/v2\/types\/product"}],"replies":[{"embeddable":true,"href":"https:\/\/becooltravel.com\/de\/wp-json\/wp\/v2\/comments?post=3762"}],"wp:featuredmedia":[{"embeddable":true,"href":"https:\/\/becooltravel.com\/de\/wp-json\/wp\/v2\/media\/4693"}],"wp:attachment":[{"href":"https:\/\/becooltravel.com\/de\/wp-json\/wp\/v2\/media?parent=3762"}],"wp:term":[{"taxonomy":"product_brand","embeddable":true,"href":"https:\/\/becooltravel.com\/de\/wp-json\/wp\/v2\/product_brand?post=3762"},{"taxonomy":"product_cat","embeddable":true,"href":"https:\/\/becooltravel.com\/de\/wp-json\/wp\/v2\/product_cat?post=3762"},{"taxonomy":"product_tag","embeddable":true,"href":"https:\/\/becooltravel.com\/de\/wp-json\/wp\/v2\/product_tag?post=3762"}],"curies":[{"name":"wp","href":"https:\/\/api.w.org\/{rel}","templated":true}]}}