{"id":3768,"date":"2020-03-06T13:14:13","date_gmt":"2020-03-06T13:14:13","guid":{"rendered":"https:\/\/becooltravel.com\/product\/geres-the-wild-portugal-castro-laboreiro-1401s\/"},"modified":"2026-03-18T11:43:34","modified_gmt":"2026-03-18T11:43:34","slug":"geres-the-wild-portugal-castro-laboreiro-1401s","status":"publish","type":"product","link":"https:\/\/becooltravel.com\/de\/produkt\/geres-the-wild-portugal-castro-laboreiro-1401s\/","title":{"rendered":"Wanderurlaub in Geres und Castro Laboreiro: Das wilde Portugal"},"content":{"rendered":"<p>Dies ist eine Tour f\u00fcr abenteuerlustige Wanderer und Naturliebhaber, die Pfaden folgen, die durch tosende Wasserf\u00e4lle, gr\u00fcne Eichenw\u00e4lder, Moorlandschaften mit Wildblumen, anspruchsvolle felsige Pfade und k\u00fchlende nat\u00fcrliche Pools f\u00fchren.<\/p>\n<div id=\"attachment_2780\" style=\"width: 1034px\" class=\"wp-caption alignnone\"><img data-recalc-dims=\"1\" decoding=\"async\" aria-describedby=\"caption-attachment-2780\" class=\"wp-image-2780 size-large\" title=\"Peneda Nationalpark Portugal\" src=\"https:\/\/i0.wp.com\/legendatours.net\/wp-content\/uploads\/2020\/07\/Castro_laboreiro_roman-bridge-1024x655.jpg?resize=1024%2C655&#038;ssl=1\" alt=\"Peneda Nationalpark Portugal\" width=\"1024\" height=\"655\" \/><p id=\"caption-attachment-2780\" class=\"wp-caption-text\">Castro Laboreiro Br\u00fccke. Der Peneda-Ger\u00eas-Nationalpark ist eine exquisite Umgebung von au\u00dfergew\u00f6hnlicher Sch\u00f6nheit.<\/p><\/div>\n<p>Peneda-Ger\u00eas wurde 1971 gegr\u00fcndet, um die Naturwunder der Region, ihre traditionellen lokalen Praktiken und Lebensweisen zu bewahren und ist Portugals einziger Nationalpark. Der Park ist eine verlockende Mischung aus Wildnis und Zivilisation und hat eine dramatische und atemberaubende Topographie. Das Gel\u00e4nde ist felsig, zerkl\u00fcftet und bergig, die Artenvielfalt ist unglaublich und vereint sich mit endemischen Arten wie dem wilden Pony (Garranos), dem Reh (auf dem Logo des Parks abgebildet) und dem vom Aussterben bedrohten iberischen Wolf.<\/p>\n<p>Die Region hat ein reiches historisches und kulturelles Erbe mit megalithischen und r\u00f6mischen Spuren (Burgen, Br\u00fccken, M\u00fchlen, D\u00e4mme, \u00d6fen usw.). Kleine alte Kirchen und andere religi\u00f6se Strukturen pr\u00e4gen die Landschaft. Im Peneda-Tal f\u00fchrt einer unserer Spazierg\u00e4nge entlang des Flusses Peneda zu einem legend\u00e4ren Pilgerzentrum mit einem bemerkenswerten Heiligtum und einer gro\u00dfen Treppe.<\/p>\n<p>Hier finden Sie Ansammlungen von urigen Getreidespeichern aus Granit, die noch immer von einheimischen Bauern zur Lagerung von Mais verwendet werden. Diese Miniatursteinh\u00e4user sind erh\u00f6ht und mit einem Kreuz gekr\u00f6nt, um die Ernte zu segnen und den Teufel und die Seuchen fernzuhalten.<\/p>\n<div id=\"attachment_2781\" style=\"width: 1034px\" class=\"wp-caption alignnone\"><img data-recalc-dims=\"1\" decoding=\"async\" aria-describedby=\"caption-attachment-2781\" class=\"wp-image-2781 size-large\" src=\"https:\/\/i0.wp.com\/legendatours.net\/wp-content\/uploads\/2020\/07\/Geres-1-1024x604.jpg?resize=1024%2C604&#038;ssl=1\" alt=\"Hervorragende Sch\u00f6nheit Peneda National Park: Portugal\" width=\"1024\" height=\"604\" \/><p id=\"caption-attachment-2781\" class=\"wp-caption-text\">Geres. Dieser Nationalpark enth\u00e4lt einige der sch\u00f6nsten und abwechslungsreichsten Landschaften des ganzen Landes<\/p><\/div>\n<p>Traditionelle winzige Bergd\u00f6rfer, die jahrhundertelang unver\u00e4ndert geblieben sind, sind ebenfalls aus Granit gebaut und f\u00fcgen sich nahtlos in die majest\u00e4tischen schroffen grauen Berge des Naturparks Peneda-Ger\u00eas ein, die sich aus den gr\u00fcnsten Landschaften erheben. Die Ger\u00eas-Lilie, eine im Park endemische blau-violette Blume, bespr\u00fcht die Landschaft im Fr\u00fchjahr und bietet ein Naturschauspiel.<\/p>\n<p>Hier scheint die Zeit stehen geblieben zu sein, aber die Berge sind sehr lebendig. Die Anwohner leben immer noch vom Land, den Getreidekulturen und der Zucht des pr\u00e4chtigen Langhornviehs (Sie werden feststellen, dass sie frei durch die Stra\u00dfen wandern). Das harmonische Zusammenleben von Mensch und Natur ist der Schl\u00fcssel zum Charme des Parks.<\/p>\n<p>Bergessen ist unpr\u00e4tenti\u00f6s, reichhaltig und lecker. Kombinieren Sie es mit einem Glas (oder einer Sch\u00fcssel, traditionell in dieser Region!) Vinho Verde, einem leicht prickelnden Wein nach einem erlebnisreichen Tag, und Sie haben alles!<\/p>\n<div class=\"row\" style=\"display: flex;\">\n<div class=\"column\" style=\"flex: 45%;\">\n<p><iframe title=\"Parque Nacional da Peneda-Ger\u00eas\" width=\"1080\" height=\"608\" src=\"https:\/\/www.youtube.com\/embed\/secPw1_xhEw?feature=oembed\" frameborder=\"0\" allow=\"accelerometer; autoplay; clipboard-write; encrypted-media; gyroscope; picture-in-picture; web-share\" referrerpolicy=\"strict-origin-when-cross-origin\" allowfullscreen><\/iframe><\/p>\n<\/div>\n<div class=\"column\" style=\"flex: 10%;\"><\/div>\n<div class=\"column\" style=\"flex: 45%;\">\n<p><iframe title=\"Altominho Greenways\" width=\"1080\" height=\"608\" src=\"https:\/\/www.youtube.com\/embed\/xgW_2cJGXT8?feature=oembed\" frameborder=\"0\" allow=\"accelerometer; autoplay; clipboard-write; encrypted-media; gyroscope; picture-in-picture; web-share\" referrerpolicy=\"strict-origin-when-cross-origin\" allowfullscreen><\/iframe><\/p>\n<\/div>\n<\/div>","protected":false},"excerpt":{"rendered":"<p>Dies ist eine Tour f\u00fcr abenteuerlustige Wanderer und Naturliebhaber, die Pfaden folgen, die durch tosende Wasserf\u00e4lle, gr\u00fcne Eichenw\u00e4lder, Moorlandschaften mit Wildblumen, anspruchsvolle felsige Pfade und k\u00fchlende nat\u00fcrliche Pools f\u00fchren.<\/p>","protected":false},"featured_media":4890,"comment_status":"closed","ping_status":"closed","template":"","meta":{"_acf_changed":false,"inline_featured_image":false},"product_brand":[],"product_cat":[327,338],"product_tag":[1038,1053,254,358,112,203,1039,1040,897,726,93,204,784,1041,579,624,1060,1054,1061,1062,1063,1064,1042,105,261,384,122,1043,1044,478,1045,73,1007,754,189,210,727,1278,74,70,790,574,1065,1066,1067,1068,1069,980,1055,1048,322,304,323,728,369,1056,1070,1057,886,1071,1072,1073,821,1058,1074,1059,88,972,729,310],"class_list":{"0":"post-3768","1":"product","2":"type-product","3":"status-publish","4":"has-post-thumbnail","6":"product_cat-self-guided-tours-portugal","7":"product_cat-self-guided-walking-holidays","8":"product_tag-adventure","9":"product_tag-alleine-reisen","10":"product_tag-ancient-buildings","11":"product_tag-ancient-churches","12":"product_tag-ancient-villages-and-castles","13":"product_tag-beautiful-landscapes","14":"product_tag-biodiversity","15":"product_tag-bridges","16":"product_tag-castle","17":"product_tag-castro-laboreiro","18":"product_tag-countryside-villages","19":"product_tag-cultural-heritage","20":"product_tag-culture","21":"product_tag-farmers","22":"product_tag-green-landscape","23":"product_tag-heritage","24":"product_tag-individual-hiking","25":"product_tag-individuelle-touren","26":"product_tag-individuelle-trekkingreisen","27":"product_tag-individuelle-wandern","28":"product_tag-individuelle-wanderreisen","29":"product_tag-individuelle-wandertouren","30":"product_tag-lifestyle","31":"product_tag-local-fauna-and-flora","32":"product_tag-local-gastronomy","33":"product_tag-magnificent-landscape","34":"product_tag-megalithic-monuments","35":"product_tag-mountain","36":"product_tag-natural","37":"product_tag-natural-park","38":"product_tag-natural-pools","39":"product_tag-natural-scenery","40":"product_tag-nature","41":"product_tag-north-of-portugal","42":"product_tag-northern-portugal","43":"product_tag-panoramic-views-in-portugal","44":"product_tag-peneda","45":"product_tag-peneda-geres","46":"product_tag-peneda-geres-national-park","47":"product_tag-peneda-geres-walking","48":"product_tag-picturesque-landscapes","49":"product_tag-private-tour","50":"product_tag-rando-autoguidee","51":"product_tag-rando-liberte","52":"product_tag-randonnee-autoguidee","53":"product_tag-randonnee-en-liberte","54":"product_tag-randonnee-liberte","55":"product_tag-roman-vestiges","56":"product_tag-sejour-en-liberte","57":"product_tag-self-guide-tour","58":"product_tag-self-guided","59":"product_tag-self-guided-walking","60":"product_tag-self-guided-walking-holiday","61":"product_tag-self-guided-walking-tour","62":"product_tag-self-guided-walks","63":"product_tag-solo-reisen","64":"product_tag-solo-wandern","65":"product_tag-tours-autoguidees","66":"product_tag-traditions","67":"product_tag-trek-en-liberte","68":"product_tag-trek-solo","69":"product_tag-trekking-solo","70":"product_tag-valleys","71":"product_tag-voyage-en-liberte","72":"product_tag-voyages-a-pied-en-liberte","73":"product_tag-voyages-en-autonomie","74":"product_tag-walking-tour","75":"product_tag-waterfalls","76":"product_tag-wild-portugal","77":"product_tag-wildlife","79":"first","80":"instock","81":"virtual","82":"product-type-simple"},"acf":[],"yoast_head":"<!-- This site is optimized with the Yoast SEO Premium plugin v26.8 (Yoast SEO v27.4) - https:\/\/yoast.com\/product\/yoast-seo-premium-wordpress\/ -->\n<title>Walking Holidays in Geres and Castro Laboreiro: The Wild Portugal<\/title>\n<meta name=\"description\" content=\"A walking tour in Portugal for adventurous hikers and wildlife lovers, following trails that cut through roaring waterfalls, challenging rocky paths, moorlands carpeted with wild flowers, challenging rocky paths, and cooling natural pools.\" \/>\n<meta name=\"robots\" content=\"index, follow, max-snippet:-1, max-image-preview:large, max-video-preview:-1\" \/>\n<link rel=\"canonical\" href=\"https:\/\/becooltravel.com\/de\/produkt\/geres-the-wild-portugal-castro-laboreiro-1401s\/\" \/>\n<meta property=\"og:locale\" content=\"de_DE\" \/>\n<meta property=\"og:type\" content=\"article\" \/>\n<meta property=\"og:title\" content=\"This a tour for adventurous hikers and wildlife lovers, following trails that cut through roaring waterfalls, green oak woods, moorlands carpeted with wild flowers, challenging rocky paths, and cooling natural pools.\" \/>\n<meta property=\"og:description\" content=\"Created in 1971 to preserve the region\u2019s natural wonders, its traditional local practices and lifestyles, Peneda-Ger\u00eas is Portugal\u2019s only National Park. An enticing blend of wilderness and civilisation, the park has a dramatic and jaw dropping topography. The terrain is rocky, rugged and mountainous, the biodiversity is incredible, joining endemic species such as the wild pony (garranos), roe deer\u2019s (emblazoned on the park\u2019s logo) and the endangered Iberian wolf.\" \/>\n<meta property=\"og:url\" content=\"https:\/\/becooltravel.com\/de\/produkt\/geres-the-wild-portugal-castro-laboreiro-1401s\/\" \/>\n<meta property=\"og:site_name\" content=\"BeCool Travel\" \/>\n<meta property=\"article:publisher\" content=\"https:\/\/www.facebook.com\/becooltravelagency\/\" \/>\n<meta property=\"article:modified_time\" content=\"2026-03-18T11:43:34+00:00\" \/>\n<meta property=\"og:image\" content=\"https:\/\/becooltravel.com\/wp-content\/uploads\/sites\/5\/2020\/07\/Mata-albergaria.jpg\" \/>\n\t<meta property=\"og:image:width\" content=\"1067\" \/>\n\t<meta property=\"og:image:height\" content=\"800\" \/>\n\t<meta property=\"og:image:type\" content=\"image\/jpeg\" \/>\n<meta name=\"twitter:card\" content=\"summary_large_image\" \/>\n<meta name=\"twitter:title\" content=\"The region has a rich historical and cultural heritage with megalithic and Roman traces (castles, bridges, mills, dams, ovens, etc.\" \/>\n<meta name=\"twitter:description\" content=\"This a walking tour for adventurous hikers and wildlife lovers, following trails that cut through roaring waterfalls, green oak woods, moorlands carpeted with wild flowers, challenging rocky paths, and cooling natural pools. 2 Book NowBook now Categories: Self-guided Tours, Self-Guided Walking Share0OVERVIEW ITINERARY INFO WHAT&#039;S INCLUDED INSURANCE In the Peneda Valley, one of our walks descends alongside the River Peneda to an iconic pilgrimage centre with a remarkable sanctuary and grand staircase.You\u2019ll find clusters of quaint granaries built of granite which are still used by local farmers to store corn. These miniature stone houses are elevated and topped with a cross to bless the crops and keep the devil and plagues away.\" \/>\n<meta name=\"twitter:image\" content=\"https:\/\/i0.wp.com\/becooltravel.com\/wp-content\/uploads\/sites\/5\/2020\/05\/Parque-Nacional-da-Peneda-Geres-Medium.jpg?fit=1024%2C768&ssl=1\" \/>\n<meta name=\"twitter:site\" content=\"@becool_travel\" \/>\n<meta name=\"twitter:label1\" content=\"Gesch\u00e4tzte Lesezeit\" \/>\n\t<meta name=\"twitter:data1\" content=\"3\u00a0Minuten\" \/>\n<script type=\"application\/ld+json\" class=\"yoast-schema-graph\">{\"@context\":\"https:\\\/\\\/schema.org\",\"@graph\":[{\"@type\":\"WebPage\",\"@id\":\"https:\\\/\\\/becooltravel.com\\\/product\\\/geres-the-wild-portugal-castro-laboreiro-1401s\\\/\",\"url\":\"https:\\\/\\\/becooltravel.com\\\/product\\\/geres-the-wild-portugal-castro-laboreiro-1401s\\\/\",\"name\":\"Walking Holidays in Geres and Castro Laboreiro: The Wild Portugal\",\"isPartOf\":{\"@id\":\"https:\\\/\\\/becooltravel.com\\\/#website\"},\"primaryImageOfPage\":{\"@id\":\"https:\\\/\\\/becooltravel.com\\\/product\\\/geres-the-wild-portugal-castro-laboreiro-1401s\\\/#primaryimage\"},\"image\":{\"@id\":\"https:\\\/\\\/becooltravel.com\\\/product\\\/geres-the-wild-portugal-castro-laboreiro-1401s\\\/#primaryimage\"},\"thumbnailUrl\":\"https:\\\/\\\/i0.wp.com\\\/becooltravel.com\\\/wp-content\\\/uploads\\\/sites\\\/5\\\/2020\\\/05\\\/Geres-2.jpg?fit=1024%2C768&ssl=1\",\"datePublished\":\"2020-03-06T13:14:13+00:00\",\"dateModified\":\"2026-03-18T11:43:34+00:00\",\"description\":\"A walking tour in Portugal for adventurous hikers and wildlife lovers, following trails that cut through roaring waterfalls, challenging rocky paths, moorlands carpeted with wild flowers, challenging rocky paths, and cooling natural pools.\",\"breadcrumb\":{\"@id\":\"https:\\\/\\\/becooltravel.com\\\/product\\\/geres-the-wild-portugal-castro-laboreiro-1401s\\\/#breadcrumb\"},\"inLanguage\":\"de\",\"potentialAction\":[{\"@type\":\"ReadAction\",\"target\":[\"https:\\\/\\\/becooltravel.com\\\/product\\\/geres-the-wild-portugal-castro-laboreiro-1401s\\\/\"]}]},{\"@type\":\"ImageObject\",\"inLanguage\":\"de\",\"@id\":\"https:\\\/\\\/becooltravel.com\\\/product\\\/geres-the-wild-portugal-castro-laboreiro-1401s\\\/#primaryimage\",\"url\":\"https:\\\/\\\/i0.wp.com\\\/becooltravel.com\\\/wp-content\\\/uploads\\\/sites\\\/5\\\/2020\\\/05\\\/Geres-2.jpg?fit=1024%2C768&ssl=1\",\"contentUrl\":\"https:\\\/\\\/i0.wp.com\\\/becooltravel.com\\\/wp-content\\\/uploads\\\/sites\\\/5\\\/2020\\\/05\\\/Geres-2.jpg?fit=1024%2C768&ssl=1\",\"width\":1024,\"height\":768,\"caption\":\"Geres\"},{\"@type\":\"BreadcrumbList\",\"@id\":\"https:\\\/\\\/becooltravel.com\\\/product\\\/geres-the-wild-portugal-castro-laboreiro-1401s\\\/#breadcrumb\",\"itemListElement\":[{\"@type\":\"ListItem\",\"position\":1,\"name\":\"Home\",\"item\":\"https:\\\/\\\/becooltravel.com\\\/\"},{\"@type\":\"ListItem\",\"position\":2,\"name\":\"Shop\",\"item\":\"https:\\\/\\\/becooltravel.com\\\/?page_id=5\"},{\"@type\":\"ListItem\",\"position\":3,\"name\":\"A Fantastic range of adventure holidays\u00a0in\u00a0Portugal . We specialise in\u00a0activity\u00a0tours of\u00a0Portugal.\",\"item\":\"https:\\\/\\\/becooltravel.com\\\/product-tag\\\/adventure\\\/\"},{\"@type\":\"ListItem\",\"position\":4,\"name\":\"Walking holidays for adventurous hikers and wildlife lovers in Portugal\"}]},{\"@type\":\"WebSite\",\"@id\":\"https:\\\/\\\/becooltravel.com\\\/#website\",\"url\":\"https:\\\/\\\/becooltravel.com\\\/\",\"name\":\"BeCool Travel\",\"description\":\"Sustainable holidays in Portugal for independent travelers\",\"publisher\":{\"@id\":\"https:\\\/\\\/becooltravel.com\\\/#organization\"},\"potentialAction\":[{\"@type\":\"SearchAction\",\"target\":{\"@type\":\"EntryPoint\",\"urlTemplate\":\"https:\\\/\\\/becooltravel.com\\\/?s={search_term_string}\"},\"query-input\":{\"@type\":\"PropertyValueSpecification\",\"valueRequired\":true,\"valueName\":\"search_term_string\"}}],\"inLanguage\":\"de\"},{\"@type\":\"Organization\",\"@id\":\"https:\\\/\\\/becooltravel.com\\\/#organization\",\"name\":\"BecoolTravel. com- Portugal\",\"url\":\"https:\\\/\\\/becooltravel.com\\\/\",\"logo\":{\"@type\":\"ImageObject\",\"inLanguage\":\"de\",\"@id\":\"https:\\\/\\\/becooltravel.com\\\/#\\\/schema\\\/logo\\\/image\\\/\",\"url\":\"https:\\\/\\\/becooltravel.com\\\/wp-content\\\/uploads\\\/sites\\\/5\\\/2020\\\/03\\\/Logo_BeCool.jpg\",\"contentUrl\":\"https:\\\/\\\/becooltravel.com\\\/wp-content\\\/uploads\\\/sites\\\/5\\\/2020\\\/03\\\/Logo_BeCool.jpg\",\"width\":534,\"height\":534,\"caption\":\"BecoolTravel. com- Portugal\"},\"image\":{\"@id\":\"https:\\\/\\\/becooltravel.com\\\/#\\\/schema\\\/logo\\\/image\\\/\"},\"sameAs\":[\"https:\\\/\\\/www.facebook.com\\\/becooltravelagency\\\/\",\"https:\\\/\\\/x.com\\\/becool_travel\",\"https:\\\/\\\/www.instagram.com\\\/becooltravel_com\\\/\",\"https:\\\/\\\/www.linkedin.com\\\/company\\\/becool-travel\\\/\",\"https:\\\/\\\/www.youtube.com\\\/channel\\\/UCE7zRU3EVG1PgfXwQo-5uJw\"]}]}<\/script>\n<!-- \/ Yoast SEO Premium plugin. -->","yoast_head_json":{"title":"Wanderurlaub in Geres und Castro Laboreiro: Das wilde Portugal","description":"Eine Wandertour in Portugal f\u00fcr abenteuerlustige Wanderer und Tierliebhaber, die Pfaden folgt, die durch tosende Wasserf\u00e4lle, herausfordernde Felspfade, mit wilden Blumen bedeckte Moorlandschaften, herausfordernde Felspfade und k\u00fchlende Naturbecken f\u00fchren.","robots":{"index":"index","follow":"follow","max-snippet":"max-snippet:-1","max-image-preview":"max-image-preview:large","max-video-preview":"max-video-preview:-1"},"canonical":"https:\/\/becooltravel.com\/de\/produkt\/geres-the-wild-portugal-castro-laboreiro-1401s\/","og_locale":"de_DE","og_type":"article","og_title":"This a tour for adventurous hikers and wildlife lovers, following trails that cut through roaring waterfalls, green oak woods, moorlands carpeted with wild flowers, challenging rocky paths, and cooling natural pools.","og_description":"Created in 1971 to preserve the region\u2019s natural wonders, its traditional local practices and lifestyles, Peneda-Ger\u00eas is Portugal\u2019s only National Park. An enticing blend of wilderness and civilisation, the park has a dramatic and jaw dropping topography. The terrain is rocky, rugged and mountainous, the biodiversity is incredible, joining endemic species such as the wild pony (garranos), roe deer\u2019s (emblazoned on the park\u2019s logo) and the endangered Iberian wolf.","og_url":"https:\/\/becooltravel.com\/de\/produkt\/geres-the-wild-portugal-castro-laboreiro-1401s\/","og_site_name":"BeCool Travel","article_publisher":"https:\/\/www.facebook.com\/becooltravelagency\/","article_modified_time":"2026-03-18T11:43:34+00:00","og_image":[{"width":1067,"height":800,"url":"https:\/\/becooltravel.com\/wp-content\/uploads\/sites\/5\/2020\/07\/Mata-albergaria.jpg","type":"image\/jpeg"}],"twitter_card":"summary_large_image","twitter_title":"The region has a rich historical and cultural heritage with megalithic and Roman traces (castles, bridges, mills, dams, ovens, etc.","twitter_description":"This a walking tour for adventurous hikers and wildlife lovers, following trails that cut through roaring waterfalls, green oak woods, moorlands carpeted with wild flowers, challenging rocky paths, and cooling natural pools. 2 Book NowBook now Categories: Self-guided Tours, Self-Guided Walking Share0OVERVIEW ITINERARY INFO WHAT'S INCLUDED INSURANCE In the Peneda Valley, one of our walks descends alongside the River Peneda to an iconic pilgrimage centre with a remarkable sanctuary and grand staircase.You\u2019ll find clusters of quaint granaries built of granite which are still used by local farmers to store corn. These miniature stone houses are elevated and topped with a cross to bless the crops and keep the devil and plagues away.","twitter_image":"https:\/\/i0.wp.com\/becooltravel.com\/wp-content\/uploads\/sites\/5\/2020\/05\/Parque-Nacional-da-Peneda-Geres-Medium.jpg?fit=1024%2C768&ssl=1","twitter_site":"@becool_travel","twitter_misc":{"Gesch\u00e4tzte Lesezeit":"3\u00a0Minuten"},"schema":{"@context":"https:\/\/schema.org","@graph":[{"@type":"WebPage","@id":"https:\/\/becooltravel.com\/product\/geres-the-wild-portugal-castro-laboreiro-1401s\/","url":"https:\/\/becooltravel.com\/product\/geres-the-wild-portugal-castro-laboreiro-1401s\/","name":"Wanderurlaub in Geres und Castro Laboreiro: Das wilde Portugal","isPartOf":{"@id":"https:\/\/becooltravel.com\/#website"},"primaryImageOfPage":{"@id":"https:\/\/becooltravel.com\/product\/geres-the-wild-portugal-castro-laboreiro-1401s\/#primaryimage"},"image":{"@id":"https:\/\/becooltravel.com\/product\/geres-the-wild-portugal-castro-laboreiro-1401s\/#primaryimage"},"thumbnailUrl":"https:\/\/i0.wp.com\/becooltravel.com\/wp-content\/uploads\/sites\/5\/2020\/05\/Geres-2.jpg?fit=1024%2C768&ssl=1","datePublished":"2020-03-06T13:14:13+00:00","dateModified":"2026-03-18T11:43:34+00:00","description":"Eine Wandertour in Portugal f\u00fcr abenteuerlustige Wanderer und Tierliebhaber, die Pfaden folgt, die durch tosende Wasserf\u00e4lle, herausfordernde Felspfade, mit wilden Blumen bedeckte Moorlandschaften, herausfordernde Felspfade und k\u00fchlende Naturbecken f\u00fchren.","breadcrumb":{"@id":"https:\/\/becooltravel.com\/product\/geres-the-wild-portugal-castro-laboreiro-1401s\/#breadcrumb"},"inLanguage":"de","potentialAction":[{"@type":"ReadAction","target":["https:\/\/becooltravel.com\/product\/geres-the-wild-portugal-castro-laboreiro-1401s\/"]}]},{"@type":"ImageObject","inLanguage":"de","@id":"https:\/\/becooltravel.com\/product\/geres-the-wild-portugal-castro-laboreiro-1401s\/#primaryimage","url":"https:\/\/i0.wp.com\/becooltravel.com\/wp-content\/uploads\/sites\/5\/2020\/05\/Geres-2.jpg?fit=1024%2C768&ssl=1","contentUrl":"https:\/\/i0.wp.com\/becooltravel.com\/wp-content\/uploads\/sites\/5\/2020\/05\/Geres-2.jpg?fit=1024%2C768&ssl=1","width":1024,"height":768,"caption":"Geres"},{"@type":"BreadcrumbList","@id":"https:\/\/becooltravel.com\/product\/geres-the-wild-portugal-castro-laboreiro-1401s\/#breadcrumb","itemListElement":[{"@type":"ListItem","position":1,"name":"Home","item":"https:\/\/becooltravel.com\/"},{"@type":"ListItem","position":2,"name":"Shop","item":"https:\/\/becooltravel.com\/?page_id=5"},{"@type":"ListItem","position":3,"name":"A Fantastic range of adventure holidays\u00a0in\u00a0Portugal . We specialise in\u00a0activity\u00a0tours of\u00a0Portugal.","item":"https:\/\/becooltravel.com\/product-tag\/adventure\/"},{"@type":"ListItem","position":4,"name":"Walking holidays for adventurous hikers and wildlife lovers in Portugal"}]},{"@type":"WebSite","@id":"https:\/\/becooltravel.com\/#website","url":"https:\/\/becooltravel.com\/","name":"BeCool Travel","description":"Nachhaltiger Urlaub in Portugal f\u00fcr Individualreisende","publisher":{"@id":"https:\/\/becooltravel.com\/#organization"},"potentialAction":[{"@type":"SearchAction","target":{"@type":"EntryPoint","urlTemplate":"https:\/\/becooltravel.com\/?s={search_term_string}"},"query-input":{"@type":"PropertyValueSpecification","valueRequired":true,"valueName":"search_term_string"}}],"inLanguage":"de"},{"@type":"Organization","@id":"https:\/\/becooltravel.com\/#organization","name":"BecoolTravel. com- Portugal","url":"https:\/\/becooltravel.com\/","logo":{"@type":"ImageObject","inLanguage":"de","@id":"https:\/\/becooltravel.com\/#\/schema\/logo\/image\/","url":"https:\/\/becooltravel.com\/wp-content\/uploads\/sites\/5\/2020\/03\/Logo_BeCool.jpg","contentUrl":"https:\/\/becooltravel.com\/wp-content\/uploads\/sites\/5\/2020\/03\/Logo_BeCool.jpg","width":534,"height":534,"caption":"BecoolTravel. com- Portugal"},"image":{"@id":"https:\/\/becooltravel.com\/#\/schema\/logo\/image\/"},"sameAs":["https:\/\/www.facebook.com\/becooltravelagency\/","https:\/\/x.com\/becool_travel","https:\/\/www.instagram.com\/becooltravel_com\/","https:\/\/www.linkedin.com\/company\/becool-travel\/","https:\/\/www.youtube.com\/channel\/UCE7zRU3EVG1PgfXwQo-5uJw"]}]}},"jetpack_sharing_enabled":true,"_links":{"self":[{"href":"https:\/\/becooltravel.com\/de\/wp-json\/wp\/v2\/product\/3768","targetHints":{"allow":["GET"]}}],"collection":[{"href":"https:\/\/becooltravel.com\/de\/wp-json\/wp\/v2\/product"}],"about":[{"href":"https:\/\/becooltravel.com\/de\/wp-json\/wp\/v2\/types\/product"}],"replies":[{"embeddable":true,"href":"https:\/\/becooltravel.com\/de\/wp-json\/wp\/v2\/comments?post=3768"}],"wp:featuredmedia":[{"embeddable":true,"href":"https:\/\/becooltravel.com\/de\/wp-json\/wp\/v2\/media\/4890"}],"wp:attachment":[{"href":"https:\/\/becooltravel.com\/de\/wp-json\/wp\/v2\/media?parent=3768"}],"wp:term":[{"taxonomy":"product_brand","embeddable":true,"href":"https:\/\/becooltravel.com\/de\/wp-json\/wp\/v2\/product_brand?post=3768"},{"taxonomy":"product_cat","embeddable":true,"href":"https:\/\/becooltravel.com\/de\/wp-json\/wp\/v2\/product_cat?post=3768"},{"taxonomy":"product_tag","embeddable":true,"href":"https:\/\/becooltravel.com\/de\/wp-json\/wp\/v2\/product_tag?post=3768"}],"curies":[{"name":"wp","href":"https:\/\/api.w.org\/{rel}","templated":true}]}}