{"id":3782,"date":"2020-03-06T12:37:33","date_gmt":"2020-03-06T12:37:33","guid":{"rendered":"https:\/\/becooltravel.com\/product\/holistic-meditation-holidays-9100g\/"},"modified":"2022-08-15T17:44:06","modified_gmt":"2022-08-15T17:44:06","slug":"holistic-meditation-holidays-9100g","status":"publish","type":"product","link":"https:\/\/becooltravel.com\/de\/produkt\/ganzheitliche-meditationsferien-9100g\/","title":{"rendered":"Algarve Walking und ganzheitliche Meditationsferien"},"content":{"rendered":"<p>Diese Woche mit gef\u00fchrten Heilaktivit\u00e4ten findet in der \u00f6stlichen Algarve in Alcoutim am Rande des Flusses Guadiana statt. Ein Ziel abseits der Touristenpfade mit beeindruckender Bergkulisse.<\/p>\n<p>Wenn Sie Ihre Gesundheit und Ihr emotionales Wohlbefinden verbessern m\u00f6chten, nehmen Sie an diesem Kleingruppenprogramm teil, um den Stecker zu ziehen, sich zu entspannen und Frieden und Harmonie zu finden.<\/p>\n<p>Um das historische Dorf Alcoutim zu erreichen, schl\u00e4ngeln wir uns entlang der gr\u00fcnen H\u00fcgel des Guadiana-Tals in einem kaum besiedelten Gebiet.<\/p>\n<div id=\"attachment_2673\" style=\"width: 1034px\" class=\"wp-caption alignnone\"><img data-recalc-dims=\"1\" decoding=\"async\" aria-describedby=\"caption-attachment-2673\" class=\"wp-image-2673 size-large\" src=\"https:\/\/i0.wp.com\/legendatours.net\/wp-content\/uploads\/2020\/03\/Meditation-1024x683.jpg?resize=1024%2C683&#038;ssl=1\" alt=\"Meditationsferien Algarve\" width=\"1024\" height=\"683\" \/><p id=\"caption-attachment-2673\" class=\"wp-caption-text\">Meditationsferien Algarve<\/p><\/div>\n<p>Dies wird unser Zuhause f\u00fcr die Woche sein, eine idyllische und sehr ruhige Umgebung, perfekt zum Entspannen.<\/p>\n<p>W\u00e4hrend unseres Aufenthalts \u00fcben wir einen Geist-K\u00f6rper-Ansatz mit verschiedenen Methoden, um unsere Pr\u00e4senz, Konzentration und Kontemplation zu verbessern.<\/p>\n<p>Die \u00dcbungen kombinieren physische und emotionale Aspekte mit energetischen Praktiken, Reinigungsritualen und k\u00fcnstlerischen Techniken (Meditation, Yoga, Achtsamkeit, Spazierg\u00e4nge, Tanz und Kreissitzungen).<\/p>\n<p>All dies, um uns zu helfen, unsere Selbsterkenntnis zu vertiefen und eine bewusstere und freiere Beziehung zu uns selbst und anderen zu erreichen.<\/p>\n<p>Mit Anleitung und Inspiration werden wir versuchen, ein lang anhaltendes Gef\u00fchl der Ruhe zu erreichen und Wege zu lernen, wie wir es in unser t\u00e4gliches Leben aufnehmen k\u00f6nnen.<\/p>\n<div id=\"attachment_1882\" style=\"width: 1034px\" class=\"wp-caption alignnone\"><img data-recalc-dims=\"1\" decoding=\"async\" aria-describedby=\"caption-attachment-1882\" class=\"wp-image-1882 size-large\" src=\"https:\/\/i0.wp.com\/legendatours.net\/wp-content\/uploads\/2020\/03\/Guadiana_River-1-1024x666.jpg?resize=1024%2C666&#038;ssl=1\" alt=\"Der Guadiana-Fluss trennt Portugal von Spanien\" width=\"1024\" height=\"666\" \/><p id=\"caption-attachment-1882\" class=\"wp-caption-text\">Der Guadiana-Fluss trennt Portugal von Spanien<\/p><\/div>\n<p>Es bleibt Zeit, die nat\u00fcrliche Umgebung zu erkunden und einige Sehensw\u00fcrdigkeiten in der N\u00e4he zu besuchen, um eine Woche voller Energie zum Aufladen zu genie\u00dfen.<\/p>\n<p>Ein Highlight f\u00fcr M\u00e9rtola, ein charmantes Dorf auf einem H\u00fcgel \u00fcber dem Fluss Guadiana in Alentejo. M\u00e9rtola war einst die Hauptstadt des damals m\u00e4chtigen maurischen Reiches und ist heute ein \u201eMuseumsdorf\u201c, in dem Schichten der Geschichte enth\u00fcllt werden k\u00f6nnen.<\/p>","protected":false},"excerpt":{"rendered":"<p>Diese Woche mit gef\u00fchrten Heilaktivit\u00e4ten findet in der \u00f6stlichen Algarve in Alcoutim am Rande des Flusses Guadiana statt. Ein Ziel abseits der Touristenpfade mit beeindruckender Bergkulisse.<\/p>\n<p>Wenn Sie Ihre Gesundheit und Ihr emotionales Wohlbefinden verbessern m\u00f6chten, nehmen Sie an diesem Kleingruppenprogramm teil, um den Stecker zu ziehen, sich zu entspannen und Frieden und Harmonie zu finden.<\/p>","protected":false},"featured_media":5363,"comment_status":"closed","ping_status":"closed","template":"","meta":{"_acf_changed":false,"inline_featured_image":false},"product_brand":[],"product_cat":[340,347],"product_tag":[89,311,390,131,579,392,492,1198,95,401,958,959,960,607,1129,657,961,962,817,963,73,294,964,724,581,965],"class_list":{"0":"post-3782","1":"product","2":"type-product","3":"status-publish","4":"has-post-thumbnail","6":"product_cat-guided-group-tours","7":"product_cat-guided-wellness-holidays-in-portugal","8":"product_tag-alcoutim","9":"product_tag-algarve","10":"product_tag-castle-of-alcoutim","11":"product_tag-east-algarve","12":"product_tag-green-landscape","13":"product_tag-guadiana","14":"product_tag-guadiana-estuary","15":"product_tag-guadiana-grand-route","16":"product_tag-guadiana-river","17":"product_tag-guadiana-valley","18":"product_tag-guided-holidays","19":"product_tag-guided-tours","20":"product_tag-healing-holidays","21":"product_tag-holidays","22":"product_tag-holidays-in-portugal","23":"product_tag-medieval-castle","24":"product_tag-meditation-holidays","25":"product_tag-meditation-retreat","26":"product_tag-mertola","27":"product_tag-mindfulness-holidays","28":"product_tag-natural-scenery","29":"product_tag-river-guadiana","30":"product_tag-spiritual-retreats","31":"product_tag-tours-in-portugal","32":"product_tag-traditional-villages","33":"product_tag-yoga-retreats","35":"first","36":"instock","37":"virtual","38":"sold-individually","39":"product-type-booking"},"acf":[],"yoast_head":"<!-- This site is optimized with the Yoast SEO Premium plugin v26.8 (Yoast SEO v27.4) - https:\/\/yoast.com\/product\/yoast-seo-premium-wordpress\/ -->\n<title>Algarve Walking and Holistic Meditation Holidays<\/title>\n<meta name=\"description\" content=\"Guided healing activities in the Eastern Algarve countryside, in Alcoutim, by the margins of the Guadiana River. A destination off the beaten path, with impressive mountain scenery.\" \/>\n<meta name=\"robots\" content=\"index, follow, max-snippet:-1, max-image-preview:large, max-video-preview:-1\" \/>\n<link rel=\"canonical\" href=\"https:\/\/becooltravel.com\/de\/produkt\/ganzheitliche-meditationsferien-9100g\/\" \/>\n<meta property=\"og:locale\" content=\"de_DE\" \/>\n<meta property=\"og:type\" content=\"article\" \/>\n<meta property=\"og:title\" content=\"Algarve Holistic Meditation Holidays\" \/>\n<meta property=\"og:description\" content=\"If you are looking to improve your health and emotional well-being, join us in this small group program, to unplug, unwind, and find peace and harmony.To reach the historic village of Alcoutim, we wind along the verdant hills of the Guadiana valley, in a scarcely populated area.This will be our home for the week, an idyllic and very tranquil setting, perfect to relax.\" \/>\n<meta property=\"og:url\" content=\"https:\/\/becooltravel.com\/de\/produkt\/ganzheitliche-meditationsferien-9100g\/\" \/>\n<meta property=\"og:site_name\" content=\"BeCool Travel\" \/>\n<meta property=\"article:publisher\" content=\"https:\/\/www.facebook.com\/becooltravelagency\/\" \/>\n<meta property=\"article:modified_time\" content=\"2022-08-15T17:44:06+00:00\" \/>\n<meta property=\"og:image\" content=\"https:\/\/i0.wp.com\/becooltravel.com\/wp-content\/uploads\/sites\/5\/2020\/07\/wellness_holidays.jpg?fit=1620%2C1080&ssl=1\" \/>\n\t<meta property=\"og:image:width\" content=\"1620\" \/>\n\t<meta property=\"og:image:height\" content=\"1080\" \/>\n\t<meta property=\"og:image:type\" content=\"image\/jpeg\" \/>\n<meta name=\"twitter:card\" content=\"summary_large_image\" \/>\n<meta name=\"twitter:title\" content=\"Algarve Holistic Meditation Holidays\" \/>\n<meta name=\"twitter:description\" content=\"During our stay, we\u2019ll practice a mind-body approach with different methods, to work our presence, focus, and contemplation.The exercises will combine physical and emotional aspects, with energetic practices, purification rituals, and artistic techniques (meditation, yoga, mindfulness, walks, dance, and circle sessions).All this to help us deepen our self-knowledge and achieve a more conscious and free relationship with ourselves and others.With guidance and inspiration, we\u2019ll try to accomplish a long-lasting feeling of calm and learn ways to take it into our everyday lives.\" \/>\n<meta name=\"twitter:image\" content=\"https:\/\/i0.wp.com\/becooltravel.com\/wp-content\/uploads\/sites\/5\/2020\/07\/wellness_holidays.jpg?fit=1620%2C1080&ssl=1\" \/>\n<meta name=\"twitter:site\" content=\"@becool_travel\" \/>\n<meta name=\"twitter:label1\" content=\"Gesch\u00e4tzte Lesezeit\" \/>\n\t<meta name=\"twitter:data1\" content=\"2\u00a0Minuten\" \/>\n<script type=\"application\/ld+json\" class=\"yoast-schema-graph\">{\"@context\":\"https:\\\/\\\/schema.org\",\"@graph\":[{\"@type\":[\"WebPage\",\"ItemPage\"],\"@id\":\"https:\\\/\\\/becooltravel.com\\\/product\\\/holistic-meditation-holidays-9100g\\\/\",\"url\":\"https:\\\/\\\/becooltravel.com\\\/product\\\/holistic-meditation-holidays-9100g\\\/\",\"name\":\"Algarve Walking and Holistic Meditation Holidays\",\"isPartOf\":{\"@id\":\"https:\\\/\\\/becooltravel.com\\\/#website\"},\"primaryImageOfPage\":{\"@id\":\"https:\\\/\\\/becooltravel.com\\\/product\\\/holistic-meditation-holidays-9100g\\\/#primaryimage\"},\"image\":{\"@id\":\"https:\\\/\\\/becooltravel.com\\\/product\\\/holistic-meditation-holidays-9100g\\\/#primaryimage\"},\"thumbnailUrl\":\"https:\\\/\\\/i0.wp.com\\\/becooltravel.com\\\/wp-content\\\/uploads\\\/sites\\\/5\\\/2020\\\/06\\\/meditation_holidays.jpg?fit=1200%2C800&ssl=1\",\"datePublished\":\"2020-03-06T12:37:33+00:00\",\"dateModified\":\"2022-08-15T17:44:06+00:00\",\"description\":\"Guided healing activities in the Eastern Algarve countryside, in Alcoutim, by the margins of the Guadiana River. A destination off the beaten path, with impressive mountain scenery.\",\"breadcrumb\":{\"@id\":\"https:\\\/\\\/becooltravel.com\\\/product\\\/holistic-meditation-holidays-9100g\\\/#breadcrumb\"},\"inLanguage\":\"de\",\"potentialAction\":[{\"@type\":\"ReadAction\",\"target\":[\"https:\\\/\\\/becooltravel.com\\\/product\\\/holistic-meditation-holidays-9100g\\\/\"]}]},{\"@type\":\"ImageObject\",\"inLanguage\":\"de\",\"@id\":\"https:\\\/\\\/becooltravel.com\\\/product\\\/holistic-meditation-holidays-9100g\\\/#primaryimage\",\"url\":\"https:\\\/\\\/i0.wp.com\\\/becooltravel.com\\\/wp-content\\\/uploads\\\/sites\\\/5\\\/2020\\\/06\\\/meditation_holidays.jpg?fit=1200%2C800&ssl=1\",\"contentUrl\":\"https:\\\/\\\/i0.wp.com\\\/becooltravel.com\\\/wp-content\\\/uploads\\\/sites\\\/5\\\/2020\\\/06\\\/meditation_holidays.jpg?fit=1200%2C800&ssl=1\",\"width\":1200,\"height\":800,\"caption\":\"Meditation holidays\"},{\"@type\":\"BreadcrumbList\",\"@id\":\"https:\\\/\\\/becooltravel.com\\\/product\\\/holistic-meditation-holidays-9100g\\\/#breadcrumb\",\"itemListElement\":[{\"@type\":\"ListItem\",\"position\":1,\"name\":\"Home\",\"item\":\"https:\\\/\\\/becooltravel.com\\\/\"},{\"@type\":\"ListItem\",\"position\":2,\"name\":\"Shop\",\"item\":\"https:\\\/\\\/becooltravel.com\\\/?page_id=5\"},{\"@type\":\"ListItem\",\"position\":3,\"name\":\"Tours in the picturesque border town of Alcoutim\",\"item\":\"https:\\\/\\\/becooltravel.com\\\/product-tag\\\/alcoutim\\\/\"},{\"@type\":\"ListItem\",\"position\":4,\"name\":\"Algarve Holistic Meditation Holidays\"}]},{\"@type\":\"WebSite\",\"@id\":\"https:\\\/\\\/becooltravel.com\\\/#website\",\"url\":\"https:\\\/\\\/becooltravel.com\\\/\",\"name\":\"BeCool Travel\",\"description\":\"Sustainable holidays in Portugal for independent travelers\",\"publisher\":{\"@id\":\"https:\\\/\\\/becooltravel.com\\\/#organization\"},\"potentialAction\":[{\"@type\":\"SearchAction\",\"target\":{\"@type\":\"EntryPoint\",\"urlTemplate\":\"https:\\\/\\\/becooltravel.com\\\/?s={search_term_string}\"},\"query-input\":{\"@type\":\"PropertyValueSpecification\",\"valueRequired\":true,\"valueName\":\"search_term_string\"}}],\"inLanguage\":\"de\"},{\"@type\":\"Organization\",\"@id\":\"https:\\\/\\\/becooltravel.com\\\/#organization\",\"name\":\"BecoolTravel. com- Portugal\",\"url\":\"https:\\\/\\\/becooltravel.com\\\/\",\"logo\":{\"@type\":\"ImageObject\",\"inLanguage\":\"de\",\"@id\":\"https:\\\/\\\/becooltravel.com\\\/#\\\/schema\\\/logo\\\/image\\\/\",\"url\":\"https:\\\/\\\/becooltravel.com\\\/wp-content\\\/uploads\\\/sites\\\/5\\\/2020\\\/03\\\/Logo_BeCool.jpg\",\"contentUrl\":\"https:\\\/\\\/becooltravel.com\\\/wp-content\\\/uploads\\\/sites\\\/5\\\/2020\\\/03\\\/Logo_BeCool.jpg\",\"width\":534,\"height\":534,\"caption\":\"BecoolTravel. com- Portugal\"},\"image\":{\"@id\":\"https:\\\/\\\/becooltravel.com\\\/#\\\/schema\\\/logo\\\/image\\\/\"},\"sameAs\":[\"https:\\\/\\\/www.facebook.com\\\/becooltravelagency\\\/\",\"https:\\\/\\\/x.com\\\/becool_travel\",\"https:\\\/\\\/www.instagram.com\\\/becooltravel_com\\\/\",\"https:\\\/\\\/www.linkedin.com\\\/company\\\/becool-travel\\\/\",\"https:\\\/\\\/www.youtube.com\\\/channel\\\/UCE7zRU3EVG1PgfXwQo-5uJw\"]}]}<\/script>\n<!-- \/ Yoast SEO Premium plugin. -->","yoast_head_json":{"title":"Algarve Walking und ganzheitliche Meditationsferien","description":"Gef\u00fchrte Heilaktivit\u00e4ten in der \u00f6stlichen Algarve in Alcoutim am Rande des Flusses Guadiana. Ein Ziel abseits der Touristenpfade mit beeindruckender Bergkulisse.","robots":{"index":"index","follow":"follow","max-snippet":"max-snippet:-1","max-image-preview":"max-image-preview:large","max-video-preview":"max-video-preview:-1"},"canonical":"https:\/\/becooltravel.com\/de\/produkt\/ganzheitliche-meditationsferien-9100g\/","og_locale":"de_DE","og_type":"article","og_title":"Algarve Holistic Meditation Holidays","og_description":"If you are looking to improve your health and emotional well-being, join us in this small group program, to unplug, unwind, and find peace and harmony.To reach the historic village of Alcoutim, we wind along the verdant hills of the Guadiana valley, in a scarcely populated area.This will be our home for the week, an idyllic and very tranquil setting, perfect to relax.","og_url":"https:\/\/becooltravel.com\/de\/produkt\/ganzheitliche-meditationsferien-9100g\/","og_site_name":"BeCool Travel","article_publisher":"https:\/\/www.facebook.com\/becooltravelagency\/","article_modified_time":"2022-08-15T17:44:06+00:00","og_image":[{"width":1620,"height":1080,"url":"https:\/\/i0.wp.com\/becooltravel.com\/wp-content\/uploads\/sites\/5\/2020\/07\/wellness_holidays.jpg?fit=1620%2C1080&ssl=1","type":"image\/jpeg"}],"twitter_card":"summary_large_image","twitter_title":"Algarve Holistic Meditation Holidays","twitter_description":"During our stay, we\u2019ll practice a mind-body approach with different methods, to work our presence, focus, and contemplation.The exercises will combine physical and emotional aspects, with energetic practices, purification rituals, and artistic techniques (meditation, yoga, mindfulness, walks, dance, and circle sessions).All this to help us deepen our self-knowledge and achieve a more conscious and free relationship with ourselves and others.With guidance and inspiration, we\u2019ll try to accomplish a long-lasting feeling of calm and learn ways to take it into our everyday lives.","twitter_image":"https:\/\/i0.wp.com\/becooltravel.com\/wp-content\/uploads\/sites\/5\/2020\/07\/wellness_holidays.jpg?fit=1620%2C1080&ssl=1","twitter_site":"@becool_travel","twitter_misc":{"Gesch\u00e4tzte Lesezeit":"2\u00a0Minuten"},"schema":{"@context":"https:\/\/schema.org","@graph":[{"@type":["WebPage","ItemPage"],"@id":"https:\/\/becooltravel.com\/product\/holistic-meditation-holidays-9100g\/","url":"https:\/\/becooltravel.com\/product\/holistic-meditation-holidays-9100g\/","name":"Algarve Walking und ganzheitliche Meditationsferien","isPartOf":{"@id":"https:\/\/becooltravel.com\/#website"},"primaryImageOfPage":{"@id":"https:\/\/becooltravel.com\/product\/holistic-meditation-holidays-9100g\/#primaryimage"},"image":{"@id":"https:\/\/becooltravel.com\/product\/holistic-meditation-holidays-9100g\/#primaryimage"},"thumbnailUrl":"https:\/\/i0.wp.com\/becooltravel.com\/wp-content\/uploads\/sites\/5\/2020\/06\/meditation_holidays.jpg?fit=1200%2C800&ssl=1","datePublished":"2020-03-06T12:37:33+00:00","dateModified":"2022-08-15T17:44:06+00:00","description":"Gef\u00fchrte Heilaktivit\u00e4ten in der \u00f6stlichen Algarve in Alcoutim am Rande des Flusses Guadiana. Ein Ziel abseits der Touristenpfade mit beeindruckender Bergkulisse.","breadcrumb":{"@id":"https:\/\/becooltravel.com\/product\/holistic-meditation-holidays-9100g\/#breadcrumb"},"inLanguage":"de","potentialAction":[{"@type":"ReadAction","target":["https:\/\/becooltravel.com\/product\/holistic-meditation-holidays-9100g\/"]}]},{"@type":"ImageObject","inLanguage":"de","@id":"https:\/\/becooltravel.com\/product\/holistic-meditation-holidays-9100g\/#primaryimage","url":"https:\/\/i0.wp.com\/becooltravel.com\/wp-content\/uploads\/sites\/5\/2020\/06\/meditation_holidays.jpg?fit=1200%2C800&ssl=1","contentUrl":"https:\/\/i0.wp.com\/becooltravel.com\/wp-content\/uploads\/sites\/5\/2020\/06\/meditation_holidays.jpg?fit=1200%2C800&ssl=1","width":1200,"height":800,"caption":"Meditation holidays"},{"@type":"BreadcrumbList","@id":"https:\/\/becooltravel.com\/product\/holistic-meditation-holidays-9100g\/#breadcrumb","itemListElement":[{"@type":"ListItem","position":1,"name":"Home","item":"https:\/\/becooltravel.com\/"},{"@type":"ListItem","position":2,"name":"Shop","item":"https:\/\/becooltravel.com\/?page_id=5"},{"@type":"ListItem","position":3,"name":"Tours in the picturesque border town of Alcoutim","item":"https:\/\/becooltravel.com\/product-tag\/alcoutim\/"},{"@type":"ListItem","position":4,"name":"Algarve Holistic Meditation Holidays"}]},{"@type":"WebSite","@id":"https:\/\/becooltravel.com\/#website","url":"https:\/\/becooltravel.com\/","name":"BeCool Travel","description":"Nachhaltiger Urlaub in Portugal f\u00fcr Individualreisende","publisher":{"@id":"https:\/\/becooltravel.com\/#organization"},"potentialAction":[{"@type":"SearchAction","target":{"@type":"EntryPoint","urlTemplate":"https:\/\/becooltravel.com\/?s={search_term_string}"},"query-input":{"@type":"PropertyValueSpecification","valueRequired":true,"valueName":"search_term_string"}}],"inLanguage":"de"},{"@type":"Organization","@id":"https:\/\/becooltravel.com\/#organization","name":"BecoolTravel. com- Portugal","url":"https:\/\/becooltravel.com\/","logo":{"@type":"ImageObject","inLanguage":"de","@id":"https:\/\/becooltravel.com\/#\/schema\/logo\/image\/","url":"https:\/\/becooltravel.com\/wp-content\/uploads\/sites\/5\/2020\/03\/Logo_BeCool.jpg","contentUrl":"https:\/\/becooltravel.com\/wp-content\/uploads\/sites\/5\/2020\/03\/Logo_BeCool.jpg","width":534,"height":534,"caption":"BecoolTravel. com- Portugal"},"image":{"@id":"https:\/\/becooltravel.com\/#\/schema\/logo\/image\/"},"sameAs":["https:\/\/www.facebook.com\/becooltravelagency\/","https:\/\/x.com\/becool_travel","https:\/\/www.instagram.com\/becooltravel_com\/","https:\/\/www.linkedin.com\/company\/becool-travel\/","https:\/\/www.youtube.com\/channel\/UCE7zRU3EVG1PgfXwQo-5uJw"]}]}},"jetpack_sharing_enabled":true,"_links":{"self":[{"href":"https:\/\/becooltravel.com\/de\/wp-json\/wp\/v2\/product\/3782","targetHints":{"allow":["GET"]}}],"collection":[{"href":"https:\/\/becooltravel.com\/de\/wp-json\/wp\/v2\/product"}],"about":[{"href":"https:\/\/becooltravel.com\/de\/wp-json\/wp\/v2\/types\/product"}],"replies":[{"embeddable":true,"href":"https:\/\/becooltravel.com\/de\/wp-json\/wp\/v2\/comments?post=3782"}],"wp:featuredmedia":[{"embeddable":true,"href":"https:\/\/becooltravel.com\/de\/wp-json\/wp\/v2\/media\/5363"}],"wp:attachment":[{"href":"https:\/\/becooltravel.com\/de\/wp-json\/wp\/v2\/media?parent=3782"}],"wp:term":[{"taxonomy":"product_brand","embeddable":true,"href":"https:\/\/becooltravel.com\/de\/wp-json\/wp\/v2\/product_brand?post=3782"},{"taxonomy":"product_cat","embeddable":true,"href":"https:\/\/becooltravel.com\/de\/wp-json\/wp\/v2\/product_cat?post=3782"},{"taxonomy":"product_tag","embeddable":true,"href":"https:\/\/becooltravel.com\/de\/wp-json\/wp\/v2\/product_tag?post=3782"}],"curies":[{"name":"wp","href":"https:\/\/api.w.org\/{rel}","templated":true}]}}