{"id":4441,"date":"2020-04-23T15:03:17","date_gmt":"2020-04-23T15:03:17","guid":{"rendered":"https:\/\/becooltravel.com\/product\/escape-to-albufeira-sun-beach-4-days-4101pk\/"},"modified":"2026-03-18T13:49:34","modified_gmt":"2026-03-18T13:49:34","slug":"escape-to-albufeira-sun-beach-4-days-4101pk","status":"publish","type":"product","link":"https:\/\/becooltravel.com\/de\/produkt\/flucht-nach-albufeira-sonnenstrand-4-tage-4101pk\/","title":{"rendered":"Flucht nach Albufeira"},"content":{"rendered":"<p>Albufeira ist international bekannt f\u00fcr seine goldenen Sandstr\u00e4nde und das t\u00fcrkisblaue Wasser, das von felsigen ockerfarbenen Klippen gesch\u00fctzt wird.<\/p>\n<p>Die Landschaft zieht eine Vielzahl von Besuchern an, die sich tags\u00fcber gerne sonnen. Wenn die Sonne untergeht, beginnt die Party mit sch\u00f6nen Menschen, die sich str\u00f6men, um die Restaurants, Bars, Terrassen und das Nachtleben des epischen Albufeira zu genie\u00dfen.<\/p>\n<p>Lassen Sie Ihre Tage der Freizeit und Entspannung auf einer Terrasse mit Blick auf den Ozean mit einem frischen Getr\u00e4nk in der Hand ausklingen, um das gute Leben zu feiern.<br \/>\nDie K\u00fcste von Albufeira ist sehr einladend f\u00fcr Wassersportarten wie Windsurfen, Tauchen oder Segeln. Eine Bootstour durch die H\u00f6hlen ist eine wunderbare Gelegenheit f\u00fcr einen anderen Tag, mit Besuchen an einsamen Str\u00e4nden, die nur auf dem Seeweg erreichbar sind.<\/p>\n<p>Albufeira ist nicht nur perfekt f\u00fcr Sonnen- und Ruhesuchende. Viele Golfpl\u00e4tze erstrecken sich fast bis zum Meer und es werden alle m\u00f6glichen Freizeitaktivit\u00e4ten angeboten, wie zum Beispiel Reiten im Schatten der Pinien.<\/p>\n<p>Albufeira ist ein beliebter Ferienort mit zahlreichen st\u00e4dtischen Boutiquen und Kunsthandwerksgesch\u00e4ften, in denen die Arbeit lokaler Handwerker immer noch authentisch ist. Diese Objekte aus Ton, Palmbl\u00e4ttern, Kupfer und Spitze folgen jahrhundertealten Traditionen.<\/p>\n<p>Der Charme von Albufeira h\u00f6rt hier nicht auf. In der fruchtbaren gr\u00fcnen Landschaft liegt eine duftende Landschaft mit Mandel-, Feigen-, Orangen- und Kiefernb\u00e4umen.<\/p>\n<p>Die spitzenartigen typischen Schornsteine, ein Erbe maurischer Architektur, heben sich vom Rot der Ziegeld\u00e4cher und dem blauen Himmel ab.<\/p>\n<p>Schl\u00e4frige, wei\u00df get\u00fcnchte D\u00f6rfer laden Sie ein, eine mit der Natur verbundene Lebensweise zu erleben, die Ihrem Urlaub an der Algarve eine weitere Dimension verleiht.<\/p>\n<p>Zu guter Letzt geben Sie sich dem exzellenten portugiesischen Essen und den Weinen hin. Von frischem Fisch und Schalentieren bis zu den s\u00fc\u00dfen lokalen K\u00f6stlichkeiten aus Mandeln, Honig und Feigen haben Sie die Qual der Wahl!<\/p>","protected":false},"excerpt":{"rendered":"<p>Albufeira ist international bekannt f\u00fcr seine goldenen Sandstr\u00e4nde und das t\u00fcrkisblaue Wasser, das von felsigen ockerfarbenen Klippen gesch\u00fctzt wird.<\/p>\n<p>Die Landschaft zieht eine Vielzahl von Besuchern an, die sich tags\u00fcber gerne sonnen. Wenn die Sonne untergeht, beginnt die Party mit sch\u00f6nen Menschen, die sich str\u00f6men, um die Restaurants, Bars, Terrassen und das Nachtleben des epischen Albufeira zu genie\u00dfen.<\/p>\n<p>Lassen Sie Ihre Tage der Freizeit und Entspannung auf einer Terrasse mit Blick auf den Ozean mit einem frischen Getr\u00e4nk in der Hand ausklingen, um das gute Leben zu feiern.<\/p>","protected":false},"featured_media":4784,"comment_status":"closed","ping_status":"closed","template":"","meta":{"_acf_changed":false,"inline_featured_image":false},"product_brand":[],"product_cat":[333,329],"product_tag":[530,311,296,244,131,533,54,608,611,612,613,616,614],"class_list":{"0":"post-4441","1":"product","2":"type-product","3":"status-publish","4":"has-post-thumbnail","6":"product_cat-escape-4-days-tour-portugal","7":"product_cat-holiday-packs-tours-portugal","8":"product_tag-albufeira","9":"product_tag-algarve","10":"product_tag-beaches","11":"product_tag-coastal-algarve","12":"product_tag-east-algarve","13":"product_tag-escape","14":"product_tag-europe","15":"product_tag-relax","16":"product_tag-summer","17":"product_tag-sun-and-beach","18":"product_tag-sunny-days","19":"product_tag-tourist-destination","20":"product_tag-vacations","22":"first","23":"instock","24":"virtual","25":"product-type-simple"},"acf":[],"yoast_head":"<!-- This site is optimized with the Yoast SEO Premium plugin v26.8 (Yoast SEO v27.5) - https:\/\/yoast.com\/product\/yoast-seo-premium-wordpress\/ -->\n<title>Escape to Albufeira<\/title>\n<meta name=\"description\" content=\"The beaches of Albufeira are the number one tourist destination in the Algarve. This is a developed city with a beautiful historic centre of narrow streets, surrounded by apartments and white houses, next to the beautiful local beaches. Nearby is the marina of Albufeira, heavily frequented by hundreds of recreational craft.\" \/>\n<meta name=\"robots\" content=\"index, follow, max-snippet:-1, max-image-preview:large, max-video-preview:-1\" \/>\n<link rel=\"canonical\" href=\"https:\/\/becooltravel.com\/de\/produkt\/flucht-nach-albufeira-sonnenstrand-4-tage-4101pk\/\" \/>\n<meta property=\"og:locale\" content=\"de_DE\" \/>\n<meta property=\"og:type\" content=\"article\" \/>\n<meta property=\"og:title\" content=\"Escape to Albufeira\" \/>\n<meta property=\"og:description\" content=\"The beaches of Albufeira are the number one tourist destination in the Algarve. This is a developed city with a beautiful historic centre of narrow streets, surrounded by apartments and white houses, next to the beautiful local beaches. Nearby is the marina of Albufeira, heavily frequented by hundreds of recreational craft.\" \/>\n<meta property=\"og:url\" content=\"https:\/\/becooltravel.com\/de\/produkt\/flucht-nach-albufeira-sonnenstrand-4-tage-4101pk\/\" \/>\n<meta property=\"og:site_name\" content=\"BeCool Travel\" \/>\n<meta property=\"article:publisher\" content=\"https:\/\/www.facebook.com\/becooltravelagency\/\" \/>\n<meta property=\"article:modified_time\" content=\"2026-03-18T13:49:34+00:00\" \/>\n<meta property=\"og:image\" content=\"https:\/\/becooltravel.com\/wp-content\/uploads\/sites\/5\/2020\/05\/praia-oura-albufeira.jpg\" \/>\n\t<meta property=\"og:image:width\" content=\"1200\" \/>\n\t<meta property=\"og:image:height\" content=\"793\" \/>\n\t<meta property=\"og:image:type\" content=\"image\/jpeg\" \/>\n<meta name=\"twitter:card\" content=\"summary_large_image\" \/>\n<meta name=\"twitter:site\" content=\"@becool_travel\" \/>\n<meta name=\"twitter:label1\" content=\"Gesch\u00e4tzte Lesezeit\" \/>\n\t<meta name=\"twitter:data1\" content=\"2\u00a0Minuten\" \/>\n<script type=\"application\/ld+json\" class=\"yoast-schema-graph\">{\"@context\":\"https:\\\/\\\/schema.org\",\"@graph\":[{\"@type\":[\"WebPage\",\"ItemPage\"],\"@id\":\"https:\\\/\\\/becooltravel.com\\\/product\\\/escape-to-albufeira-sun-beach-4-days-4101pk\\\/\",\"url\":\"https:\\\/\\\/becooltravel.com\\\/product\\\/escape-to-albufeira-sun-beach-4-days-4101pk\\\/\",\"name\":\"Escape to Albufeira\",\"isPartOf\":{\"@id\":\"https:\\\/\\\/becooltravel.com\\\/#website\"},\"primaryImageOfPage\":{\"@id\":\"https:\\\/\\\/becooltravel.com\\\/product\\\/escape-to-albufeira-sun-beach-4-days-4101pk\\\/#primaryimage\"},\"image\":{\"@id\":\"https:\\\/\\\/becooltravel.com\\\/product\\\/escape-to-albufeira-sun-beach-4-days-4101pk\\\/#primaryimage\"},\"thumbnailUrl\":\"https:\\\/\\\/i0.wp.com\\\/becooltravel.com\\\/wp-content\\\/uploads\\\/sites\\\/5\\\/2020\\\/05\\\/praia-oura-albufeira.jpg?fit=1200%2C793&ssl=1\",\"datePublished\":\"2020-04-23T15:03:17+00:00\",\"dateModified\":\"2026-03-18T13:49:34+00:00\",\"description\":\"The beaches of Albufeira are the number one tourist destination in the Algarve. This is a developed city with a beautiful historic centre of narrow streets, surrounded by apartments and white houses, next to the beautiful local beaches. Nearby is the marina of Albufeira, heavily frequented by hundreds of recreational craft.\",\"breadcrumb\":{\"@id\":\"https:\\\/\\\/becooltravel.com\\\/product\\\/escape-to-albufeira-sun-beach-4-days-4101pk\\\/#breadcrumb\"},\"inLanguage\":\"de\",\"potentialAction\":[{\"@type\":\"ReadAction\",\"target\":[\"https:\\\/\\\/becooltravel.com\\\/product\\\/escape-to-albufeira-sun-beach-4-days-4101pk\\\/\"]}]},{\"@type\":\"ImageObject\",\"inLanguage\":\"de\",\"@id\":\"https:\\\/\\\/becooltravel.com\\\/product\\\/escape-to-albufeira-sun-beach-4-days-4101pk\\\/#primaryimage\",\"url\":\"https:\\\/\\\/i0.wp.com\\\/becooltravel.com\\\/wp-content\\\/uploads\\\/sites\\\/5\\\/2020\\\/05\\\/praia-oura-albufeira.jpg?fit=1200%2C793&ssl=1\",\"contentUrl\":\"https:\\\/\\\/i0.wp.com\\\/becooltravel.com\\\/wp-content\\\/uploads\\\/sites\\\/5\\\/2020\\\/05\\\/praia-oura-albufeira.jpg?fit=1200%2C793&ssl=1\",\"width\":1200,\"height\":793,\"caption\":\"Holidays in Albufeira\"},{\"@type\":\"BreadcrumbList\",\"@id\":\"https:\\\/\\\/becooltravel.com\\\/product\\\/escape-to-albufeira-sun-beach-4-days-4101pk\\\/#breadcrumb\",\"itemListElement\":[{\"@type\":\"ListItem\",\"position\":1,\"name\":\"Home\",\"item\":\"https:\\\/\\\/becooltravel.com\\\/\"},{\"@type\":\"ListItem\",\"position\":2,\"name\":\"Shop\",\"item\":\"https:\\\/\\\/becooltravel.com\\\/?page_id=5\"},{\"@type\":\"ListItem\",\"position\":3,\"name\":\"Albufeira Algarve Portugal\",\"item\":\"https:\\\/\\\/becooltravel.com\\\/da\\\/produkt-tag-6\\\/albufeira\\\/\"},{\"@type\":\"ListItem\",\"position\":4,\"name\":\"The beaches of Albufeira are the number one tourist destination in the Algarve. This is a developed city with a beautiful historic centre of narrow streets, surrounded by apartments and white houses, next to the beautiful local beaches. Nearby is the marina of Albufeira, heavily frequented by hundreds of recreational craft.\"}]},{\"@type\":\"WebSite\",\"@id\":\"https:\\\/\\\/becooltravel.com\\\/#website\",\"url\":\"https:\\\/\\\/becooltravel.com\\\/\",\"name\":\"BeCool Travel\",\"description\":\"Sustainable holidays in Portugal for independent travelers\",\"publisher\":{\"@id\":\"https:\\\/\\\/becooltravel.com\\\/#organization\"},\"potentialAction\":[{\"@type\":\"SearchAction\",\"target\":{\"@type\":\"EntryPoint\",\"urlTemplate\":\"https:\\\/\\\/becooltravel.com\\\/?s={search_term_string}\"},\"query-input\":{\"@type\":\"PropertyValueSpecification\",\"valueRequired\":true,\"valueName\":\"search_term_string\"}}],\"inLanguage\":\"de\"},{\"@type\":\"Organization\",\"@id\":\"https:\\\/\\\/becooltravel.com\\\/#organization\",\"name\":\"BecoolTravel. com- Portugal\",\"url\":\"https:\\\/\\\/becooltravel.com\\\/\",\"logo\":{\"@type\":\"ImageObject\",\"inLanguage\":\"de\",\"@id\":\"https:\\\/\\\/becooltravel.com\\\/#\\\/schema\\\/logo\\\/image\\\/\",\"url\":\"https:\\\/\\\/becooltravel.com\\\/wp-content\\\/uploads\\\/sites\\\/5\\\/2020\\\/03\\\/Logo_BeCool.jpg\",\"contentUrl\":\"https:\\\/\\\/becooltravel.com\\\/wp-content\\\/uploads\\\/sites\\\/5\\\/2020\\\/03\\\/Logo_BeCool.jpg\",\"width\":534,\"height\":534,\"caption\":\"BecoolTravel. com- Portugal\"},\"image\":{\"@id\":\"https:\\\/\\\/becooltravel.com\\\/#\\\/schema\\\/logo\\\/image\\\/\"},\"sameAs\":[\"https:\\\/\\\/www.facebook.com\\\/becooltravelagency\\\/\",\"https:\\\/\\\/x.com\\\/becool_travel\",\"https:\\\/\\\/www.instagram.com\\\/becooltravel_com\\\/\",\"https:\\\/\\\/www.linkedin.com\\\/company\\\/becool-travel\\\/\",\"https:\\\/\\\/www.youtube.com\\\/channel\\\/UCE7zRU3EVG1PgfXwQo-5uJw\"]}]}<\/script>\n<!-- \/ Yoast SEO Premium plugin. -->","yoast_head_json":{"title":"Flucht nach Albufeira","description":"Die Str\u00e4nde von Albufeira sind das Touristenziel Nummer eins an der Algarve. Dies ist eine entwickelte Stadt mit einem sch\u00f6nen historischen Zentrum mit engen Gassen, umgeben von Wohnungen und wei\u00dfen H\u00e4usern, neben den sch\u00f6nen Str\u00e4nden. In der N\u00e4he befindet sich der Yachthafen von Albufeira, der von Hunderten von Sportbooten stark frequentiert wird.","robots":{"index":"index","follow":"follow","max-snippet":"max-snippet:-1","max-image-preview":"max-image-preview:large","max-video-preview":"max-video-preview:-1"},"canonical":"https:\/\/becooltravel.com\/de\/produkt\/flucht-nach-albufeira-sonnenstrand-4-tage-4101pk\/","og_locale":"de_DE","og_type":"article","og_title":"Escape to Albufeira","og_description":"The beaches of Albufeira are the number one tourist destination in the Algarve. This is a developed city with a beautiful historic centre of narrow streets, surrounded by apartments and white houses, next to the beautiful local beaches. Nearby is the marina of Albufeira, heavily frequented by hundreds of recreational craft.","og_url":"https:\/\/becooltravel.com\/de\/produkt\/flucht-nach-albufeira-sonnenstrand-4-tage-4101pk\/","og_site_name":"BeCool Travel","article_publisher":"https:\/\/www.facebook.com\/becooltravelagency\/","article_modified_time":"2026-03-18T13:49:34+00:00","og_image":[{"width":1200,"height":793,"url":"https:\/\/becooltravel.com\/wp-content\/uploads\/sites\/5\/2020\/05\/praia-oura-albufeira.jpg","type":"image\/jpeg"}],"twitter_card":"summary_large_image","twitter_site":"@becool_travel","twitter_misc":{"Gesch\u00e4tzte Lesezeit":"2\u00a0Minuten"},"schema":{"@context":"https:\/\/schema.org","@graph":[{"@type":["WebPage","ItemPage"],"@id":"https:\/\/becooltravel.com\/product\/escape-to-albufeira-sun-beach-4-days-4101pk\/","url":"https:\/\/becooltravel.com\/product\/escape-to-albufeira-sun-beach-4-days-4101pk\/","name":"Flucht nach Albufeira","isPartOf":{"@id":"https:\/\/becooltravel.com\/#website"},"primaryImageOfPage":{"@id":"https:\/\/becooltravel.com\/product\/escape-to-albufeira-sun-beach-4-days-4101pk\/#primaryimage"},"image":{"@id":"https:\/\/becooltravel.com\/product\/escape-to-albufeira-sun-beach-4-days-4101pk\/#primaryimage"},"thumbnailUrl":"https:\/\/i0.wp.com\/becooltravel.com\/wp-content\/uploads\/sites\/5\/2020\/05\/praia-oura-albufeira.jpg?fit=1200%2C793&ssl=1","datePublished":"2020-04-23T15:03:17+00:00","dateModified":"2026-03-18T13:49:34+00:00","description":"Die Str\u00e4nde von Albufeira sind das Touristenziel Nummer eins an der Algarve. Dies ist eine entwickelte Stadt mit einem sch\u00f6nen historischen Zentrum mit engen Gassen, umgeben von Wohnungen und wei\u00dfen H\u00e4usern, neben den sch\u00f6nen Str\u00e4nden. In der N\u00e4he befindet sich der Yachthafen von Albufeira, der von Hunderten von Sportbooten stark frequentiert wird.","breadcrumb":{"@id":"https:\/\/becooltravel.com\/product\/escape-to-albufeira-sun-beach-4-days-4101pk\/#breadcrumb"},"inLanguage":"de","potentialAction":[{"@type":"ReadAction","target":["https:\/\/becooltravel.com\/product\/escape-to-albufeira-sun-beach-4-days-4101pk\/"]}]},{"@type":"ImageObject","inLanguage":"de","@id":"https:\/\/becooltravel.com\/product\/escape-to-albufeira-sun-beach-4-days-4101pk\/#primaryimage","url":"https:\/\/i0.wp.com\/becooltravel.com\/wp-content\/uploads\/sites\/5\/2020\/05\/praia-oura-albufeira.jpg?fit=1200%2C793&ssl=1","contentUrl":"https:\/\/i0.wp.com\/becooltravel.com\/wp-content\/uploads\/sites\/5\/2020\/05\/praia-oura-albufeira.jpg?fit=1200%2C793&ssl=1","width":1200,"height":793,"caption":"Holidays in Albufeira"},{"@type":"BreadcrumbList","@id":"https:\/\/becooltravel.com\/product\/escape-to-albufeira-sun-beach-4-days-4101pk\/#breadcrumb","itemListElement":[{"@type":"ListItem","position":1,"name":"Home","item":"https:\/\/becooltravel.com\/"},{"@type":"ListItem","position":2,"name":"Shop","item":"https:\/\/becooltravel.com\/?page_id=5"},{"@type":"ListItem","position":3,"name":"Albufeira Algarve Portugal","item":"https:\/\/becooltravel.com\/da\/produkt-tag-6\/albufeira\/"},{"@type":"ListItem","position":4,"name":"The beaches of Albufeira are the number one tourist destination in the Algarve. This is a developed city with a beautiful historic centre of narrow streets, surrounded by apartments and white houses, next to the beautiful local beaches. Nearby is the marina of Albufeira, heavily frequented by hundreds of recreational craft."}]},{"@type":"WebSite","@id":"https:\/\/becooltravel.com\/#website","url":"https:\/\/becooltravel.com\/","name":"BeCool Travel","description":"Nachhaltiger Urlaub in Portugal f\u00fcr Individualreisende","publisher":{"@id":"https:\/\/becooltravel.com\/#organization"},"potentialAction":[{"@type":"SearchAction","target":{"@type":"EntryPoint","urlTemplate":"https:\/\/becooltravel.com\/?s={search_term_string}"},"query-input":{"@type":"PropertyValueSpecification","valueRequired":true,"valueName":"search_term_string"}}],"inLanguage":"de"},{"@type":"Organization","@id":"https:\/\/becooltravel.com\/#organization","name":"BecoolTravel. com- Portugal","url":"https:\/\/becooltravel.com\/","logo":{"@type":"ImageObject","inLanguage":"de","@id":"https:\/\/becooltravel.com\/#\/schema\/logo\/image\/","url":"https:\/\/becooltravel.com\/wp-content\/uploads\/sites\/5\/2020\/03\/Logo_BeCool.jpg","contentUrl":"https:\/\/becooltravel.com\/wp-content\/uploads\/sites\/5\/2020\/03\/Logo_BeCool.jpg","width":534,"height":534,"caption":"BecoolTravel. com- Portugal"},"image":{"@id":"https:\/\/becooltravel.com\/#\/schema\/logo\/image\/"},"sameAs":["https:\/\/www.facebook.com\/becooltravelagency\/","https:\/\/x.com\/becool_travel","https:\/\/www.instagram.com\/becooltravel_com\/","https:\/\/www.linkedin.com\/company\/becool-travel\/","https:\/\/www.youtube.com\/channel\/UCE7zRU3EVG1PgfXwQo-5uJw"]}]}},"jetpack_sharing_enabled":true,"_links":{"self":[{"href":"https:\/\/becooltravel.com\/de\/wp-json\/wp\/v2\/product\/4441","targetHints":{"allow":["GET"]}}],"collection":[{"href":"https:\/\/becooltravel.com\/de\/wp-json\/wp\/v2\/product"}],"about":[{"href":"https:\/\/becooltravel.com\/de\/wp-json\/wp\/v2\/types\/product"}],"replies":[{"embeddable":true,"href":"https:\/\/becooltravel.com\/de\/wp-json\/wp\/v2\/comments?post=4441"}],"wp:featuredmedia":[{"embeddable":true,"href":"https:\/\/becooltravel.com\/de\/wp-json\/wp\/v2\/media\/4784"}],"wp:attachment":[{"href":"https:\/\/becooltravel.com\/de\/wp-json\/wp\/v2\/media?parent=4441"}],"wp:term":[{"taxonomy":"product_brand","embeddable":true,"href":"https:\/\/becooltravel.com\/de\/wp-json\/wp\/v2\/product_brand?post=4441"},{"taxonomy":"product_cat","embeddable":true,"href":"https:\/\/becooltravel.com\/de\/wp-json\/wp\/v2\/product_cat?post=4441"},{"taxonomy":"product_tag","embeddable":true,"href":"https:\/\/becooltravel.com\/de\/wp-json\/wp\/v2\/product_tag?post=4441"}],"curies":[{"name":"wp","href":"https:\/\/api.w.org\/{rel}","templated":true}]}}