{"id":4484,"date":"2020-04-24T12:05:32","date_gmt":"2020-04-24T12:05:32","guid":{"rendered":"https:\/\/becooltravel.com\/product\/explore-albufeira-sun-beach-11-days-11102pk\/"},"modified":"2026-03-18T13:52:17","modified_gmt":"2026-03-18T13:52:17","slug":"explore-albufeira-sun-beach-11-days-11102pk","status":"publish","type":"product","link":"https:\/\/becooltravel.com\/de\/produkt\/entdecken-sie-albufeira-die-sonne-und-den-strand-in-11-tagen-11102pk\/","title":{"rendered":"Entdecken Sie Albufeira"},"content":{"rendered":"<p>Albufeira ist international bekannt f\u00fcr seine goldenen Sandstr\u00e4nde und das t\u00fcrkisblaue Wasser, das von felsigen ockerfarbenen Klippen gesch\u00fctzt wird.<\/p>\n<p>Die Landschaft zieht eine Vielzahl von Besuchern an, die sich tags\u00fcber gerne sonnen. Wenn die Sonne untergeht, beginnt die Party mit sch\u00f6nen Menschen, die sich str\u00f6men, um die Restaurants, Bars, Terrassen und das Nachtleben des epischen Albufeira zu genie\u00dfen.<\/p>\n<p>Runden Sie Ihre Tage der Freizeit und Entspannung auf einer Terrasse mit Blick auf den Ozean mit einem frischen Getr\u00e4nk ab, um das gute Leben zu feiern!<\/p>\n<p>Die K\u00fcste von Albufeira ist sehr einladend f\u00fcr Wassersportarten wie Windsurfen, Tauchen oder Segeln. Eine Bootstour durch die H\u00f6hlen ist eine wunderbare Gelegenheit f\u00fcr einen anderen Tag, mit Besuchen an einsamen Str\u00e4nden, die nur auf dem Seeweg erreichbar sind.<\/p>\n<p>Albufeira ist nicht nur perfekt f\u00fcr Menschen, die sich nach Sonne und Ruhe sehnen. Viele Golfpl\u00e4tze erstrecken sich fast bis zum Meer und es gibt alle Arten von lustigen Aktivit\u00e4ten, wie Reiten im Schatten der Kiefern.<\/p>\n<p>Albufeira ist ein beliebter Ferienort mit zahlreichen st\u00e4dtischen Boutiquen und Kunsthandwerksgesch\u00e4ften, in denen die Arbeit lokaler Handwerker immer noch authentisch ist. Diese Objekte aus Ton, Palmbl\u00e4ttern, Kupfer und Spitze folgen jahrhundertealten Traditionen.<\/p>\n<p>Der Charme von Albufeira h\u00f6rt hier nicht auf. In der fruchtbaren gr\u00fcnen Landschaft liegt eine duftende Landschaft mit Mandel-, Feigen-, Orangen- und Kiefernb\u00e4umen.<\/p>\n<p>Die spitzenartigen typischen Schornsteine, ein Erbe maurischer Architektur, heben sich vom Rot der Ziegeld\u00e4cher und dem blauen Himmel ab.<\/p>\n<p>Schl\u00e4frige, wei\u00df get\u00fcnchte D\u00f6rfer laden Sie ein, eine mit der Natur verbundene Lebensweise zu erleben, die Ihrem Urlaub an der Algarve eine weitere Dimension verleiht.<\/p>\n<p>Zu guter Letzt geben Sie sich dem exzellenten portugiesischen Essen und den Weinen hin. Von frischem Fisch und Schalentieren bis zu den s\u00fc\u00dfen lokalen K\u00f6stlichkeiten aus Mandeln, Honig und Feigen haben Sie die Qual der Wahl!<\/p>","protected":false},"excerpt":{"rendered":"<p>Albufeira ist international bekannt f\u00fcr seine goldenen Sandstr\u00e4nde und das t\u00fcrkisblaue Wasser, das von felsigen ockerfarbenen Klippen gesch\u00fctzt wird.<\/p>\n<p>Die Landschaft zieht eine Vielzahl von Besuchern an, die sich tags\u00fcber gerne sonnen. Wenn die Sonne untergeht, beginnt die Party mit sch\u00f6nen Menschen, die sich str\u00f6men, um die Restaurants, Bars, Terrassen und das Nachtleben des epischen Albufeira zu genie\u00dfen.<\/p>\n<p>Runden Sie Ihre Tage der Freizeit und Entspannung auf einer Terrasse mit Blick auf den Ozean mit einem frischen Getr\u00e4nk ab, um das gute Leben zu feiern!<\/p>","protected":false},"featured_media":4799,"comment_status":"closed","ping_status":"closed","template":"","meta":{"_acf_changed":false,"inline_featured_image":false},"product_brand":[],"product_cat":[330,329],"product_tag":[311,639,296,640,641,244,131,54,642,643,606,644,645,73,646,647,648,622,612,613,649,100,650],"class_list":{"0":"post-4484","1":"product","2":"type-product","3":"status-publish","4":"has-post-thumbnail","6":"product_cat-explore-11-days-tour-portugal","7":"product_cat-holiday-packs-tours-portugal","8":"product_tag-algarve","9":"product_tag-algarve-jeep-safari","10":"product_tag-beaches","11":"product_tag-beautiful-landscapes-albufeira","12":"product_tag-beautiful-local-beaches","13":"product_tag-coastal-algarve","14":"product_tag-east-algarve","15":"product_tag-europe","16":"product_tag-falesia-beach","17":"product_tag-family-holidays","18":"product_tag-gastronomy","19":"product_tag-half-board-hotel-albufeira","20":"product_tag-lagoon-nature-reserve","21":"product_tag-natural-scenery","22":"product_tag-nature-paradise","23":"product_tag-pure-relaxation","24":"product_tag-romantic-break-algarve","25":"product_tag-sandy-beach","26":"product_tag-sun-and-beach","27":"product_tag-sunny-days","28":"product_tag-west-of-albufeira","29":"product_tag-western-europe","30":"product_tag-winery-algarve","32":"first","33":"instock","34":"virtual","35":"product-type-simple"},"acf":[],"yoast_head":"<!-- This site is optimized with the Yoast SEO Premium plugin v26.8 (Yoast SEO v27.5) - https:\/\/yoast.com\/product\/yoast-seo-premium-wordpress\/ -->\n<title>Explore Albufeira<\/title>\n<meta name=\"description\" content=\"Albufeira is known for its turquoise blue beaches and beautiful landscapes where the rocks stand out. They are beaches with a lot of charm and personality.\u00a0The town centre is a pedestrian-only square adorned with tropical trees. There are numerous companies that offer boat trips all over the coast, organize fishing and all kinds of amusements.\" \/>\n<meta name=\"robots\" content=\"index, follow, max-snippet:-1, max-image-preview:large, max-video-preview:-1\" \/>\n<link rel=\"canonical\" href=\"https:\/\/becooltravel.com\/de\/produkt\/flucht-nach-albufeira-sonnenstrand-4-tage-4101pk\/\" \/>\n<meta property=\"og:locale\" content=\"de_DE\" \/>\n<meta property=\"og:type\" content=\"article\" \/>\n<meta property=\"og:title\" content=\"Explore Albufeira\" \/>\n<meta property=\"og:description\" content=\"Albufeira is known for its turquoise blue beaches and beautiful landscapes where the rocks stand out. They are beaches with a lot of charm and personality.\u00a0The town centre is a pedestrian-only square adorned with tropical trees. There are numerous companies that offer boat trips all over the coast, organize fishing and all kinds of amusements.\" \/>\n<meta property=\"og:url\" content=\"https:\/\/becooltravel.com\/de\/produkt\/flucht-nach-albufeira-sonnenstrand-4-tage-4101pk\/\" \/>\n<meta property=\"og:site_name\" content=\"BeCool Travel\" \/>\n<meta property=\"article:publisher\" content=\"https:\/\/www.facebook.com\/becooltravelagency\/\" \/>\n<meta property=\"article:modified_time\" content=\"2026-03-18T13:52:17+00:00\" \/>\n<meta property=\"og:image\" content=\"https:\/\/becooltravel.com\/wp-content\/uploads\/sites\/5\/2020\/05\/Albufeira_beach.jpg\" \/>\n\t<meta property=\"og:image:width\" content=\"1022\" \/>\n\t<meta property=\"og:image:height\" content=\"800\" \/>\n\t<meta property=\"og:image:type\" content=\"image\/jpeg\" \/>\n<meta name=\"twitter:card\" content=\"summary_large_image\" \/>\n<meta name=\"twitter:site\" content=\"@becool_travel\" \/>\n<meta name=\"twitter:label1\" content=\"Gesch\u00e4tzte Lesezeit\" \/>\n\t<meta name=\"twitter:data1\" content=\"2\u00a0Minuten\" \/>\n<script type=\"application\/ld+json\" class=\"yoast-schema-graph\">{\"@context\":\"https:\\\/\\\/schema.org\",\"@graph\":[{\"@type\":[\"WebPage\",\"ItemPage\"],\"@id\":\"https:\\\/\\\/becooltravel.com\\\/product\\\/explore-albufeira-sun-beach-11-days-11102pk\\\/\",\"url\":\"https:\\\/\\\/becooltravel.com\\\/product\\\/escape-to-albufeira-sun-beach-4-days-4101pk\\\/\",\"name\":\"Explore Albufeira\",\"isPartOf\":{\"@id\":\"https:\\\/\\\/becooltravel.com\\\/#website\"},\"primaryImageOfPage\":{\"@id\":\"https:\\\/\\\/becooltravel.com\\\/product\\\/escape-to-albufeira-sun-beach-4-days-4101pk\\\/#primaryimage\"},\"image\":{\"@id\":\"https:\\\/\\\/becooltravel.com\\\/product\\\/escape-to-albufeira-sun-beach-4-days-4101pk\\\/#primaryimage\"},\"thumbnailUrl\":\"https:\\\/\\\/i0.wp.com\\\/becooltravel.com\\\/wp-content\\\/uploads\\\/sites\\\/5\\\/2020\\\/05\\\/Albufeira_beach.jpg?fit=1022%2C800&ssl=1\",\"datePublished\":\"2020-04-24T12:05:32+00:00\",\"dateModified\":\"2026-03-18T13:52:17+00:00\",\"description\":\"Albufeira is known for its turquoise blue beaches and beautiful landscapes where the rocks stand out. They are beaches with a lot of charm and personality.\u00a0The town centre is a pedestrian-only square adorned with tropical trees. There are numerous companies that offer boat trips all over the coast, organize fishing and all kinds of amusements.\",\"breadcrumb\":{\"@id\":\"https:\\\/\\\/becooltravel.com\\\/product\\\/escape-to-albufeira-sun-beach-4-days-4101pk\\\/#breadcrumb\"},\"inLanguage\":\"de\",\"potentialAction\":[{\"@type\":\"ReadAction\",\"target\":[\"https:\\\/\\\/becooltravel.com\\\/product\\\/escape-to-albufeira-sun-beach-4-days-4101pk\\\/\"]}]},{\"@type\":\"ImageObject\",\"inLanguage\":\"de\",\"@id\":\"https:\\\/\\\/becooltravel.com\\\/product\\\/escape-to-albufeira-sun-beach-4-days-4101pk\\\/#primaryimage\",\"url\":\"https:\\\/\\\/i0.wp.com\\\/becooltravel.com\\\/wp-content\\\/uploads\\\/sites\\\/5\\\/2020\\\/05\\\/Albufeira_beach.jpg?fit=1022%2C800&ssl=1\",\"contentUrl\":\"https:\\\/\\\/i0.wp.com\\\/becooltravel.com\\\/wp-content\\\/uploads\\\/sites\\\/5\\\/2020\\\/05\\\/Albufeira_beach.jpg?fit=1022%2C800&ssl=1\",\"width\":1022,\"height\":800,\"caption\":\"Holidays in Albufeira\"},{\"@type\":\"BreadcrumbList\",\"@id\":\"https:\\\/\\\/becooltravel.com\\\/product\\\/escape-to-albufeira-sun-beach-4-days-4101pk\\\/#breadcrumb\",\"itemListElement\":[{\"@type\":\"ListItem\",\"position\":1,\"name\":\"Home\",\"item\":\"https:\\\/\\\/becooltravel.com\\\/\"},{\"@type\":\"ListItem\",\"position\":2,\"name\":\"Shop\",\"item\":\"https:\\\/\\\/becooltravel.com\\\/?page_id=5\"},{\"@type\":\"ListItem\",\"position\":3,\"name\":\"Algarve holidays . You can use\u00a0footpaths and walking\u00a0 trails\u00a0to get to know the region, such as the\u00a0Algarve Way\u00a0or the\u00a0Vicentine Route along one of the best preserved coastal stretches.\",\"item\":\"https:\\\/\\\/becooltravel.com\\\/product-tag\\\/algarve\\\/\"},{\"@type\":\"ListItem\",\"position\":4,\"name\":\"The beaches of Albufeira are the number one tourist destination in the Algarve. This is a developed city with a beautiful historic centre of narrow streets, surrounded by apartments and white houses, next to the beautiful local beaches. Nearby is the marina of Albufeira, heavily frequented by hundreds of recreational craft.\"}]},{\"@type\":\"WebSite\",\"@id\":\"https:\\\/\\\/becooltravel.com\\\/#website\",\"url\":\"https:\\\/\\\/becooltravel.com\\\/\",\"name\":\"BeCool Travel\",\"description\":\"Sustainable holidays in Portugal for independent travelers\",\"publisher\":{\"@id\":\"https:\\\/\\\/becooltravel.com\\\/#organization\"},\"potentialAction\":[{\"@type\":\"SearchAction\",\"target\":{\"@type\":\"EntryPoint\",\"urlTemplate\":\"https:\\\/\\\/becooltravel.com\\\/?s={search_term_string}\"},\"query-input\":{\"@type\":\"PropertyValueSpecification\",\"valueRequired\":true,\"valueName\":\"search_term_string\"}}],\"inLanguage\":\"de\"},{\"@type\":\"Organization\",\"@id\":\"https:\\\/\\\/becooltravel.com\\\/#organization\",\"name\":\"BecoolTravel. com- Portugal\",\"url\":\"https:\\\/\\\/becooltravel.com\\\/\",\"logo\":{\"@type\":\"ImageObject\",\"inLanguage\":\"de\",\"@id\":\"https:\\\/\\\/becooltravel.com\\\/#\\\/schema\\\/logo\\\/image\\\/\",\"url\":\"https:\\\/\\\/becooltravel.com\\\/wp-content\\\/uploads\\\/sites\\\/5\\\/2020\\\/03\\\/Logo_BeCool.jpg\",\"contentUrl\":\"https:\\\/\\\/becooltravel.com\\\/wp-content\\\/uploads\\\/sites\\\/5\\\/2020\\\/03\\\/Logo_BeCool.jpg\",\"width\":534,\"height\":534,\"caption\":\"BecoolTravel. com- Portugal\"},\"image\":{\"@id\":\"https:\\\/\\\/becooltravel.com\\\/#\\\/schema\\\/logo\\\/image\\\/\"},\"sameAs\":[\"https:\\\/\\\/www.facebook.com\\\/becooltravelagency\\\/\",\"https:\\\/\\\/x.com\\\/becool_travel\",\"https:\\\/\\\/www.instagram.com\\\/becooltravel_com\\\/\",\"https:\\\/\\\/www.linkedin.com\\\/company\\\/becool-travel\\\/\",\"https:\\\/\\\/www.youtube.com\\\/channel\\\/UCE7zRU3EVG1PgfXwQo-5uJw\"]}]}<\/script>\n<!-- \/ Yoast SEO Premium plugin. -->","yoast_head_json":{"title":"Entdecken Sie Albufeira","description":"Albufeira ist bekannt f\u00fcr seine t\u00fcrkisblauen Str\u00e4nde und wundersch\u00f6nen Landschaften, in denen die Felsen hervorstechen. Es sind Str\u00e4nde mit viel Charme und Pers\u00f6nlichkeit. Das Stadtzentrum ist ein Fu\u00dfg\u00e4ngerplatz, der mit tropischen B\u00e4umen geschm\u00fcckt ist. Es gibt zahlreiche Unternehmen, die Bootsfahrten entlang der gesamten K\u00fcste anbieten, Angeln und alle Arten von Vergn\u00fcgungen organisieren.","robots":{"index":"index","follow":"follow","max-snippet":"max-snippet:-1","max-image-preview":"max-image-preview:large","max-video-preview":"max-video-preview:-1"},"canonical":"https:\/\/becooltravel.com\/de\/produkt\/flucht-nach-albufeira-sonnenstrand-4-tage-4101pk\/","og_locale":"de_DE","og_type":"article","og_title":"Explore Albufeira","og_description":"Albufeira is known for its turquoise blue beaches and beautiful landscapes where the rocks stand out. They are beaches with a lot of charm and personality.\u00a0The town centre is a pedestrian-only square adorned with tropical trees. There are numerous companies that offer boat trips all over the coast, organize fishing and all kinds of amusements.","og_url":"https:\/\/becooltravel.com\/de\/produkt\/flucht-nach-albufeira-sonnenstrand-4-tage-4101pk\/","og_site_name":"BeCool Travel","article_publisher":"https:\/\/www.facebook.com\/becooltravelagency\/","article_modified_time":"2026-03-18T13:52:17+00:00","og_image":[{"width":1022,"height":800,"url":"https:\/\/becooltravel.com\/wp-content\/uploads\/sites\/5\/2020\/05\/Albufeira_beach.jpg","type":"image\/jpeg"}],"twitter_card":"summary_large_image","twitter_site":"@becool_travel","twitter_misc":{"Gesch\u00e4tzte Lesezeit":"2\u00a0Minuten"},"schema":{"@context":"https:\/\/schema.org","@graph":[{"@type":["WebPage","ItemPage"],"@id":"https:\/\/becooltravel.com\/product\/explore-albufeira-sun-beach-11-days-11102pk\/","url":"https:\/\/becooltravel.com\/product\/escape-to-albufeira-sun-beach-4-days-4101pk\/","name":"Entdecken Sie Albufeira","isPartOf":{"@id":"https:\/\/becooltravel.com\/#website"},"primaryImageOfPage":{"@id":"https:\/\/becooltravel.com\/product\/escape-to-albufeira-sun-beach-4-days-4101pk\/#primaryimage"},"image":{"@id":"https:\/\/becooltravel.com\/product\/escape-to-albufeira-sun-beach-4-days-4101pk\/#primaryimage"},"thumbnailUrl":"https:\/\/i0.wp.com\/becooltravel.com\/wp-content\/uploads\/sites\/5\/2020\/05\/Albufeira_beach.jpg?fit=1022%2C800&ssl=1","datePublished":"2020-04-24T12:05:32+00:00","dateModified":"2026-03-18T13:52:17+00:00","description":"Albufeira ist bekannt f\u00fcr seine t\u00fcrkisblauen Str\u00e4nde und wundersch\u00f6nen Landschaften, in denen die Felsen hervorstechen. Es sind Str\u00e4nde mit viel Charme und Pers\u00f6nlichkeit. Das Stadtzentrum ist ein Fu\u00dfg\u00e4ngerplatz, der mit tropischen B\u00e4umen geschm\u00fcckt ist. Es gibt zahlreiche Unternehmen, die Bootsfahrten entlang der gesamten K\u00fcste anbieten, Angeln und alle Arten von Vergn\u00fcgungen organisieren.","breadcrumb":{"@id":"https:\/\/becooltravel.com\/product\/escape-to-albufeira-sun-beach-4-days-4101pk\/#breadcrumb"},"inLanguage":"de","potentialAction":[{"@type":"ReadAction","target":["https:\/\/becooltravel.com\/product\/escape-to-albufeira-sun-beach-4-days-4101pk\/"]}]},{"@type":"ImageObject","inLanguage":"de","@id":"https:\/\/becooltravel.com\/product\/escape-to-albufeira-sun-beach-4-days-4101pk\/#primaryimage","url":"https:\/\/i0.wp.com\/becooltravel.com\/wp-content\/uploads\/sites\/5\/2020\/05\/Albufeira_beach.jpg?fit=1022%2C800&ssl=1","contentUrl":"https:\/\/i0.wp.com\/becooltravel.com\/wp-content\/uploads\/sites\/5\/2020\/05\/Albufeira_beach.jpg?fit=1022%2C800&ssl=1","width":1022,"height":800,"caption":"Holidays in Albufeira"},{"@type":"BreadcrumbList","@id":"https:\/\/becooltravel.com\/product\/escape-to-albufeira-sun-beach-4-days-4101pk\/#breadcrumb","itemListElement":[{"@type":"ListItem","position":1,"name":"Home","item":"https:\/\/becooltravel.com\/"},{"@type":"ListItem","position":2,"name":"Shop","item":"https:\/\/becooltravel.com\/?page_id=5"},{"@type":"ListItem","position":3,"name":"Algarve holidays . You can use\u00a0footpaths and walking\u00a0 trails\u00a0to get to know the region, such as the\u00a0Algarve Way\u00a0or the\u00a0Vicentine Route along one of the best preserved coastal stretches.","item":"https:\/\/becooltravel.com\/product-tag\/algarve\/"},{"@type":"ListItem","position":4,"name":"The beaches of Albufeira are the number one tourist destination in the Algarve. This is a developed city with a beautiful historic centre of narrow streets, surrounded by apartments and white houses, next to the beautiful local beaches. Nearby is the marina of Albufeira, heavily frequented by hundreds of recreational craft."}]},{"@type":"WebSite","@id":"https:\/\/becooltravel.com\/#website","url":"https:\/\/becooltravel.com\/","name":"BeCool Travel","description":"Nachhaltiger Urlaub in Portugal f\u00fcr Individualreisende","publisher":{"@id":"https:\/\/becooltravel.com\/#organization"},"potentialAction":[{"@type":"SearchAction","target":{"@type":"EntryPoint","urlTemplate":"https:\/\/becooltravel.com\/?s={search_term_string}"},"query-input":{"@type":"PropertyValueSpecification","valueRequired":true,"valueName":"search_term_string"}}],"inLanguage":"de"},{"@type":"Organization","@id":"https:\/\/becooltravel.com\/#organization","name":"BecoolTravel. com- Portugal","url":"https:\/\/becooltravel.com\/","logo":{"@type":"ImageObject","inLanguage":"de","@id":"https:\/\/becooltravel.com\/#\/schema\/logo\/image\/","url":"https:\/\/becooltravel.com\/wp-content\/uploads\/sites\/5\/2020\/03\/Logo_BeCool.jpg","contentUrl":"https:\/\/becooltravel.com\/wp-content\/uploads\/sites\/5\/2020\/03\/Logo_BeCool.jpg","width":534,"height":534,"caption":"BecoolTravel. com- Portugal"},"image":{"@id":"https:\/\/becooltravel.com\/#\/schema\/logo\/image\/"},"sameAs":["https:\/\/www.facebook.com\/becooltravelagency\/","https:\/\/x.com\/becool_travel","https:\/\/www.instagram.com\/becooltravel_com\/","https:\/\/www.linkedin.com\/company\/becool-travel\/","https:\/\/www.youtube.com\/channel\/UCE7zRU3EVG1PgfXwQo-5uJw"]}]}},"jetpack_sharing_enabled":true,"_links":{"self":[{"href":"https:\/\/becooltravel.com\/de\/wp-json\/wp\/v2\/product\/4484","targetHints":{"allow":["GET"]}}],"collection":[{"href":"https:\/\/becooltravel.com\/de\/wp-json\/wp\/v2\/product"}],"about":[{"href":"https:\/\/becooltravel.com\/de\/wp-json\/wp\/v2\/types\/product"}],"replies":[{"embeddable":true,"href":"https:\/\/becooltravel.com\/de\/wp-json\/wp\/v2\/comments?post=4484"}],"wp:featuredmedia":[{"embeddable":true,"href":"https:\/\/becooltravel.com\/de\/wp-json\/wp\/v2\/media\/4799"}],"wp:attachment":[{"href":"https:\/\/becooltravel.com\/de\/wp-json\/wp\/v2\/media?parent=4484"}],"wp:term":[{"taxonomy":"product_brand","embeddable":true,"href":"https:\/\/becooltravel.com\/de\/wp-json\/wp\/v2\/product_brand?post=4484"},{"taxonomy":"product_cat","embeddable":true,"href":"https:\/\/becooltravel.com\/de\/wp-json\/wp\/v2\/product_cat?post=4484"},{"taxonomy":"product_tag","embeddable":true,"href":"https:\/\/becooltravel.com\/de\/wp-json\/wp\/v2\/product_tag?post=4484"}],"curies":[{"name":"wp","href":"https:\/\/api.w.org\/{rel}","templated":true}]}}