{"id":4940,"date":"2020-05-27T10:27:50","date_gmt":"2020-05-27T10:27:50","guid":{"rendered":"https:\/\/becooltravel.com\/?post_type=product&#038;p=4940"},"modified":"2026-03-18T12:05:31","modified_gmt":"2026-03-18T12:05:31","slug":"walking-in-the-wonderful-west-algarve-5300sc","status":"publish","type":"product","link":"https:\/\/becooltravel.com\/de\/produkt\/wandern-in-der-wunderbaren-westalgarve-5300sc\/","title":{"rendered":"Selbstfahrende Wanderferien in Lagos, der wunderbaren Westalgarve"},"content":{"rendered":"<p>Die Sch\u00f6nheit der Westk\u00fcste der Algarve ist kein Geheimnis. Es gibt jedoch einzigartige Orte und Erlebnisse, die den meisten unbekannt sind und die Sie bei diesem aufregenden Selbstfahrer-Rundgang entdecken k\u00f6nnen.<\/p>\n<p>Unsere Basis ist die kosmopolitische Stadt Lagos, nicht weit entfernt von einer Vielzahl von einsamen Str\u00e4nden und unber\u00fchrten Feldwegen, die sich perfekt f\u00fcr begeisterte Entdecker eignen.<\/p>\n<p>Die Reiserouten zeigen verschiedene Landschaften an der K\u00fcste und im Landesinneren und sind das Ergebnis umfangreicher lokaler Kenntnisse.<\/p>\n<div id=\"attachment_1855\" style=\"width: 1034px\" class=\"wp-caption alignnone\"><img data-recalc-dims=\"1\" decoding=\"async\" aria-describedby=\"caption-attachment-1855\" class=\"wp-image-1855 size-large\" src=\"https:\/\/i0.wp.com\/legendatours.net\/wp-content\/uploads\/2020\/03\/Lagos-waterfront-2-1024x686.jpg?resize=1024%2C686&#038;ssl=1\" alt=\"Attraktive Stadt am Wasser von Lagos, die eine wichtige r\u00f6mische Siedlung war\" width=\"1024\" height=\"686\" \/><p id=\"caption-attachment-1855\" class=\"wp-caption-text\">Attraktive Stadt am Wasser von Lagos, die eine wichtige r\u00f6mische Siedlung war<\/p><\/div>\n<p>Sie k\u00f6nnen unabh\u00e4ngig reisen, um die abwechslungsreichen Landschaften der Westalgarve zu entdecken, von vulkanischen H\u00fcgeln bis zu dramatischen Kalksteinfelsen, von verschlafenen l\u00e4ndlichen D\u00f6rfern bis zu gesch\u00e4ftigen K\u00fcstenst\u00e4dten, von Fischergemeinden bis zu gr\u00fcnen H\u00fcgeln, ohne dass jemand in Sicht ist.<\/p>\n<p>Die Stadt Lagos liegt gegen\u00fcber einer gro\u00dfen Bucht und dem feinen Sandstrand von Meia Praia Beach. Von hier aus gingen die Galeonen der Entdeckungen, und es war auch ein Versteck f\u00fcr Freibeuter wie Sir Francis Drake.<\/p>\n<p>Eine sch\u00f6ne Mauer s\u00e4umt die Uferpromenade und die Altstadt ist voller kleiner Boutiquen, Restaurants und einer F\u00fclle von Kulturerbe und Kulturst\u00e4tten.<br \/>\nAuch in den Wintermonaten ist das Wetter mild, was diese Region zu einer sch\u00f6nen Region zum Wandern und anderen Naturaktivit\u00e4ten macht.<\/p>\n<div id=\"attachment_1906\" style=\"width: 1034px\" class=\"wp-caption alignnone\"><img data-recalc-dims=\"1\" decoding=\"async\" aria-describedby=\"caption-attachment-1906\" class=\"wp-image-1906 size-large\" src=\"https:\/\/i0.wp.com\/legendatours.net\/wp-content\/uploads\/2020\/03\/Oranges-in-West-Algarve-orchard-1024x685.jpg?resize=1024%2C685&#038;ssl=1\" alt=\"Orangen im Obstgarten der Westalgarve\" width=\"1024\" height=\"685\" \/><p id=\"caption-attachment-1906\" class=\"wp-caption-text\">Orangen im Obstgarten der Westalgarve. Es gibt nichts Sch\u00f6neres als eine frisch gepfl\u00fcckte Orange, die fast direkt vom Baum kommt.<\/p><\/div>\n<p>Im Landesinneren, in den \u00fcppig gr\u00fcnen H\u00fcgeln, sehen Sie eine Lebensweise, die aus vielen europ\u00e4ischen L\u00e4ndern verschwunden ist und sich um die Jahreszeiten dreht. In den engen Kopfsteinpflasterstra\u00dfen charmanter Bergd\u00f6rfer mit wei\u00df get\u00fcnchten H\u00e4usern finden Sie verschlafene Caf\u00e9s und eine ruhige Lebensweise.<\/p>\n<div id=\"attachment_1853\" style=\"width: 1034px\" class=\"wp-caption alignnone\"><img data-recalc-dims=\"1\" decoding=\"async\" aria-describedby=\"caption-attachment-1853\" class=\"wp-image-1853 size-full\" src=\"https:\/\/i0.wp.com\/legendatours.net\/wp-content\/uploads\/2020\/03\/Lagos-fortress-2-e1611677706222.jpg?resize=1024%2C683&#038;ssl=1\" alt=\"Festung von Lagos\" width=\"1024\" height=\"683\" \/><p id=\"caption-attachment-1853\" class=\"wp-caption-text\">Lagos Fortress ist eine charmante alte Festung mit kleinen Wacht\u00fcrmen und einer alten h\u00f6lzernen Zugbr\u00fccke. Es liegt am Stadtstrand.<\/p><\/div>\n<p>Die K\u00fcste ist wild, der Macht des Atlantischen Ozeans ausgeliefert, aber mit einer Geschichte, die auch sehr eng mit der Natur verbunden ist.<\/p>\n<p>In der Alvor-M\u00fcndung k\u00f6nnen Sie bei Ebbe einheimische Seefahrer beobachten, die von Reihern, L\u00f6fflern und anderen Vogelarten begleitet werden.<\/p>\n<p>Welchen Teil der Westalgarve auch immer Ihre Wanderwege Sie f\u00fchren, Sie finden freundliche Menschen, ausgezeichnete lokale Weine und k\u00f6stliches Essen, vom frischen Fang des Tages bis zu herzhaften Gerichten mit Kr\u00e4utergeschmack.<\/p>\n<p>Genie\u00dfen Sie unsere von Kirschen gepfl\u00fcckten Spazierg\u00e4nge an der Westalgarve, bei denen alle Zutaten f\u00fcr einen perfekten Wanderurlaub kombiniert werden und gleichzeitig ein echtes Ortsgef\u00fchl entsteht.<\/p>\n<div class=\"row\" style=\"display: flex;\">\n<div class=\"column\" style=\"flex: 45%;\"><\/div>\n<div class=\"column\" style=\"flex: 10%;\"><\/div>\n<div class=\"column\" style=\"flex: 45%;\"><\/div>\n<\/div>","protected":false},"excerpt":{"rendered":"<p>Die Sch\u00f6nheit der Westk\u00fcste der Algarve ist kein Geheimnis. Es gibt jedoch einzigartige Orte und Erlebnisse, die den meisten unbekannt sind und die Sie bei diesem aufregenden Selbstfahrer-Rundgang entdecken k\u00f6nnen.<\/p>\n<p>Unsere Basis ist die kosmopolitische Stadt Lagos, nicht weit entfernt von einer Vielzahl von einsamen Str\u00e4nden und unber\u00fchrten Feldwegen, die sich perfekt f\u00fcr begeisterte Entdecker eignen.<\/p>","protected":false},"featured_media":5377,"comment_status":"closed","ping_status":"closed","template":"","meta":{"_acf_changed":false,"inline_featured_image":false},"product_brand":[],"product_cat":[673,327,338],"product_tag":[311,553,1053,522,795,240,241,242,796,1239,797,741,798,784,785,231,714,526,314,827,800,607,1129,1060,1054,1061,1062,1063,1064,801,57,802,830,753,321,803,804,805,806,835,434,58,1065,1066,1067,1068,1069,807,1055,322,720,721,609,954,1056,1070,723,1057,724,809,1071,1072,1073,614,1058,1074,1059,61,308,811,62,793],"class_list":{"0":"post-4940","1":"product","2":"type-product","3":"status-publish","4":"has-post-thumbnail","6":"product_cat-self-drive-holidays-portugal","7":"product_cat-self-guided-tours-portugal","8":"product_cat-self-guided-walking-holidays","9":"product_tag-algarve","10":"product_tag-algarve-secluded-beaches","11":"product_tag-alleine-reisen","12":"product_tag-almond-tree","13":"product_tag-alvor","14":"product_tag-alvor-estuary","15":"product_tag-amazing-hikes","16":"product_tag-birdwatching","17":"product_tag-carobs","18":"product_tag-cherry-picked-walks","19":"product_tag-cliff-top","20":"product_tag-coastal-walks","21":"product_tag-countryside","22":"product_tag-culture","23":"product_tag-delicious-food","24":"product_tag-elected-best-european-destination","25":"product_tag-fly-drive","26":"product_tag-hikes-in-the-cliffs","27":"product_tag-hiking","28":"product_tag-historic-centre","29":"product_tag-history","30":"product_tag-holidays","31":"product_tag-holidays-in-portugal","32":"product_tag-individual-hiking","33":"product_tag-individuelle-touren","34":"product_tag-individuelle-trekkingreisen","35":"product_tag-individuelle-wandern","36":"product_tag-individuelle-wanderreisen","37":"product_tag-individuelle-wandertouren","38":"product_tag-inland-algarve","39":"product_tag-lagos","40":"product_tag-lush-green-hills","41":"product_tag-mining","42":"product_tag-nature-hikes","43":"product_tag-nature-walks","44":"product_tag-olives","45":"product_tag-oranges","46":"product_tag-orchards","47":"product_tag-paths","48":"product_tag-pinturesque-landscape","49":"product_tag-ponta-da-piedade","50":"product_tag-portugal","51":"product_tag-rando-autoguidee","52":"product_tag-rando-liberte","53":"product_tag-randonnee-autoguidee","54":"product_tag-randonnee-en-liberte","55":"product_tag-randonnee-liberte","56":"product_tag-ria-de-alvor","57":"product_tag-sejour-en-liberte","58":"product_tag-self-guided","59":"product_tag-self-guided-holidays","60":"product_tag-self-guided-tours","61":"product_tag-sightseeing","62":"product_tag-slave-market-lagos","63":"product_tag-solo-reisen","64":"product_tag-solo-wandern","65":"product_tag-sunny-winters","66":"product_tag-tours-autoguidees","67":"product_tag-tours-in-portugal","68":"product_tag-trails","69":"product_tag-trek-en-liberte","70":"product_tag-trek-solo","71":"product_tag-trekking-solo","72":"product_tag-vacations","73":"product_tag-voyage-en-liberte","74":"product_tag-voyages-a-pied-en-liberte","75":"product_tag-voyages-en-autonomie","76":"product_tag-walking-tours","77":"product_tag-walking-trails","78":"product_tag-walks","79":"product_tag-west-algarve","80":"product_tag-wines","82":"first","83":"instock","84":"virtual","85":"product-type-simple"},"acf":[],"yoast_head":"<!-- This site is optimized with the Yoast SEO Premium plugin v26.8 (Yoast SEO v27.4) - https:\/\/yoast.com\/product\/yoast-seo-premium-wordpress\/ -->\n<title>Self-Drive Walking Holidays in Lagos the Wonderful West Algarve<\/title>\n<meta name=\"description\" content=\"Self-drive walking holiday in Lagos the beauty of the Algarve\u2019s west coast. There are, unique places and s wealth of secluded beaches and dirt tracks,\" \/>\n<meta name=\"robots\" content=\"index, follow, max-snippet:-1, max-image-preview:large, max-video-preview:-1\" \/>\n<link rel=\"canonical\" href=\"https:\/\/becooltravel.com\/de\/produkt\/wandern-in-der-wunderbaren-westalgarve-5300sc\/\" \/>\n<meta property=\"og:locale\" content=\"de_DE\" \/>\n<meta property=\"og:type\" content=\"article\" \/>\n<meta property=\"og:title\" content=\"Self-Drive Walking Holidays in Lagos\" \/>\n<meta property=\"og:description\" content=\"The city of Lagos faces a large bay and the Meia Praia Beach fine sands. From here departed the Discoveries\u2019 galleons, and it was also a hideaway for privateers like Sir Francis Drake.A beautiful wall borders the waterfront, and the old town is filled with small boutiques, restaurants, and a wealth of heritage and culture sites.Even during the winter months, the weather is mild, making of this a lovely region for walking and other nature activities.Inland, up in the lush green hills, you will see a way of life that has disappeared from many European countries, revolving around the seasons. In the narrow cobbled streets of charming mountain villages, with whitewashed houses, you\u2019ll find sleepy cafes and a tranquil way of life.\" \/>\n<meta property=\"og:url\" content=\"https:\/\/becooltravel.com\/de\/produkt\/wandern-in-der-wunderbaren-westalgarve-5300sc\/\" \/>\n<meta property=\"og:site_name\" content=\"BeCool Travel\" \/>\n<meta property=\"article:publisher\" content=\"https:\/\/www.facebook.com\/becooltravelagency\/\" \/>\n<meta property=\"article:modified_time\" content=\"2026-03-18T12:05:31+00:00\" \/>\n<meta property=\"og:image\" content=\"https:\/\/becooltravel.com\/wp-content\/uploads\/sites\/5\/2020\/06\/Walk_west_algarve-1.jpg\" \/>\n\t<meta property=\"og:image:width\" content=\"1080\" \/>\n\t<meta property=\"og:image:height\" content=\"768\" \/>\n\t<meta property=\"og:image:type\" content=\"image\/jpeg\" \/>\n<meta name=\"twitter:card\" content=\"summary_large_image\" \/>\n<meta name=\"twitter:title\" content=\"Self-Drive Walking Holidays in Lagos\" \/>\n<meta name=\"twitter:description\" content=\"Our base is the cosmopolitan city of Lagos, a short distance away from a wealth of secluded beaches and unspoiled dirt tracks, perfect for keen explorers.The itineraries show diverse landscapes, on the coast, and inland, and are the result of vast local knowledge.You can travel independently to discover the varied landscapes of the West Algarve, from volcanic hills to dramatic limestone escarpments, from sleepy countryside villages to bustling coastal cities, from fishermen communities to green hillsides with no one in sight.\" \/>\n<meta name=\"twitter:image\" content=\"https:\/\/i0.wp.com\/becooltravel.com\/wp-content\/uploads\/sites\/5\/2020\/05\/Self_guided_walk_WestAlgarve.jpg?fit=1200%2C800&ssl=1\" \/>\n<meta name=\"twitter:site\" content=\"@becool_travel\" \/>\n<meta name=\"twitter:label1\" content=\"Gesch\u00e4tzte Lesezeit\" \/>\n\t<meta name=\"twitter:data1\" content=\"3\u00a0Minuten\" \/>\n<script type=\"application\/ld+json\" class=\"yoast-schema-graph\">{\"@context\":\"https:\\\/\\\/schema.org\",\"@graph\":[{\"@type\":\"WebPage\",\"@id\":\"https:\\\/\\\/becooltravel.com\\\/product\\\/walking-in-the-wonderful-west-algarve-5300sc\\\/\",\"url\":\"https:\\\/\\\/becooltravel.com\\\/product\\\/walking-in-the-wonderful-west-algarve-5300sc\\\/\",\"name\":\"Self-Drive Walking Holidays in Lagos the Wonderful West Algarve\",\"isPartOf\":{\"@id\":\"https:\\\/\\\/becooltravel.com\\\/#website\"},\"primaryImageOfPage\":{\"@id\":\"https:\\\/\\\/becooltravel.com\\\/product\\\/walking-in-the-wonderful-west-algarve-5300sc\\\/#primaryimage\"},\"image\":{\"@id\":\"https:\\\/\\\/becooltravel.com\\\/product\\\/walking-in-the-wonderful-west-algarve-5300sc\\\/#primaryimage\"},\"thumbnailUrl\":\"https:\\\/\\\/i0.wp.com\\\/becooltravel.com\\\/wp-content\\\/uploads\\\/sites\\\/5\\\/2020\\\/06\\\/Walk_west_algarve-1.jpg?fit=1080%2C768&ssl=1\",\"datePublished\":\"2020-05-27T10:27:50+00:00\",\"dateModified\":\"2026-03-18T12:05:31+00:00\",\"description\":\"Self-drive walking holiday in Lagos the beauty of the Algarve\u2019s west coast. There are, unique places and s wealth of secluded beaches and dirt tracks,\",\"breadcrumb\":{\"@id\":\"https:\\\/\\\/becooltravel.com\\\/product\\\/walking-in-the-wonderful-west-algarve-5300sc\\\/#breadcrumb\"},\"inLanguage\":\"de\",\"potentialAction\":[{\"@type\":\"ReadAction\",\"target\":[\"https:\\\/\\\/becooltravel.com\\\/product\\\/walking-in-the-wonderful-west-algarve-5300sc\\\/\"]}]},{\"@type\":\"ImageObject\",\"inLanguage\":\"de\",\"@id\":\"https:\\\/\\\/becooltravel.com\\\/product\\\/walking-in-the-wonderful-west-algarve-5300sc\\\/#primaryimage\",\"url\":\"https:\\\/\\\/i0.wp.com\\\/becooltravel.com\\\/wp-content\\\/uploads\\\/sites\\\/5\\\/2020\\\/06\\\/Walk_west_algarve-1.jpg?fit=1080%2C768&ssl=1\",\"contentUrl\":\"https:\\\/\\\/i0.wp.com\\\/becooltravel.com\\\/wp-content\\\/uploads\\\/sites\\\/5\\\/2020\\\/06\\\/Walk_west_algarve-1.jpg?fit=1080%2C768&ssl=1\",\"width\":1080,\"height\":768,\"caption\":\"Walk West Algarve\"},{\"@type\":\"BreadcrumbList\",\"@id\":\"https:\\\/\\\/becooltravel.com\\\/product\\\/walking-in-the-wonderful-west-algarve-5300sc\\\/#breadcrumb\",\"itemListElement\":[{\"@type\":\"ListItem\",\"position\":1,\"name\":\"Home\",\"item\":\"https:\\\/\\\/becooltravel.com\\\/\"},{\"@type\":\"ListItem\",\"position\":2,\"name\":\"Shop\",\"item\":\"https:\\\/\\\/becooltravel.com\\\/?page_id=5\"},{\"@type\":\"ListItem\",\"position\":3,\"name\":\"Algarve holidays . You can use\u00a0footpaths and walking\u00a0 trails\u00a0to get to know the region, such as the\u00a0Algarve Way\u00a0or the\u00a0Vicentine Route along one of the best preserved coastal stretches.\",\"item\":\"https:\\\/\\\/becooltravel.com\\\/product-tag\\\/algarve\\\/\"},{\"@type\":\"ListItem\",\"position\":4,\"name\":\"Self-Drive Walking Holidays in Lagos Spectacular hikes in the cliffs, hidden caves, and grottoes following scenic Ocean trails.\"}]},{\"@type\":\"WebSite\",\"@id\":\"https:\\\/\\\/becooltravel.com\\\/#website\",\"url\":\"https:\\\/\\\/becooltravel.com\\\/\",\"name\":\"BeCool Travel\",\"description\":\"Sustainable holidays in Portugal for independent travelers\",\"publisher\":{\"@id\":\"https:\\\/\\\/becooltravel.com\\\/#organization\"},\"potentialAction\":[{\"@type\":\"SearchAction\",\"target\":{\"@type\":\"EntryPoint\",\"urlTemplate\":\"https:\\\/\\\/becooltravel.com\\\/?s={search_term_string}\"},\"query-input\":{\"@type\":\"PropertyValueSpecification\",\"valueRequired\":true,\"valueName\":\"search_term_string\"}}],\"inLanguage\":\"de\"},{\"@type\":\"Organization\",\"@id\":\"https:\\\/\\\/becooltravel.com\\\/#organization\",\"name\":\"BecoolTravel. com- Portugal\",\"url\":\"https:\\\/\\\/becooltravel.com\\\/\",\"logo\":{\"@type\":\"ImageObject\",\"inLanguage\":\"de\",\"@id\":\"https:\\\/\\\/becooltravel.com\\\/#\\\/schema\\\/logo\\\/image\\\/\",\"url\":\"https:\\\/\\\/becooltravel.com\\\/wp-content\\\/uploads\\\/sites\\\/5\\\/2020\\\/03\\\/Logo_BeCool.jpg\",\"contentUrl\":\"https:\\\/\\\/becooltravel.com\\\/wp-content\\\/uploads\\\/sites\\\/5\\\/2020\\\/03\\\/Logo_BeCool.jpg\",\"width\":534,\"height\":534,\"caption\":\"BecoolTravel. com- Portugal\"},\"image\":{\"@id\":\"https:\\\/\\\/becooltravel.com\\\/#\\\/schema\\\/logo\\\/image\\\/\"},\"sameAs\":[\"https:\\\/\\\/www.facebook.com\\\/becooltravelagency\\\/\",\"https:\\\/\\\/x.com\\\/becool_travel\",\"https:\\\/\\\/www.instagram.com\\\/becooltravel_com\\\/\",\"https:\\\/\\\/www.linkedin.com\\\/company\\\/becool-travel\\\/\",\"https:\\\/\\\/www.youtube.com\\\/channel\\\/UCE7zRU3EVG1PgfXwQo-5uJw\"]}]}<\/script>\n<!-- \/ Yoast SEO Premium plugin. -->","yoast_head_json":{"title":"Selbstfahrende Wanderferien in Lagos, der wunderbaren Westalgarve","description":"Selbstfahrender Wanderurlaub in Lagos, der Sch\u00f6nheit der Westk\u00fcste der Algarve. Es gibt einzigartige Orte und eine F\u00fclle von einsamen Str\u00e4nden und Feldwegen.","robots":{"index":"index","follow":"follow","max-snippet":"max-snippet:-1","max-image-preview":"max-image-preview:large","max-video-preview":"max-video-preview:-1"},"canonical":"https:\/\/becooltravel.com\/de\/produkt\/wandern-in-der-wunderbaren-westalgarve-5300sc\/","og_locale":"de_DE","og_type":"article","og_title":"Self-Drive Walking Holidays in Lagos","og_description":"The city of Lagos faces a large bay and the Meia Praia Beach fine sands. From here departed the Discoveries\u2019 galleons, and it was also a hideaway for privateers like Sir Francis Drake.A beautiful wall borders the waterfront, and the old town is filled with small boutiques, restaurants, and a wealth of heritage and culture sites.Even during the winter months, the weather is mild, making of this a lovely region for walking and other nature activities.Inland, up in the lush green hills, you will see a way of life that has disappeared from many European countries, revolving around the seasons. In the narrow cobbled streets of charming mountain villages, with whitewashed houses, you\u2019ll find sleepy cafes and a tranquil way of life.","og_url":"https:\/\/becooltravel.com\/de\/produkt\/wandern-in-der-wunderbaren-westalgarve-5300sc\/","og_site_name":"BeCool Travel","article_publisher":"https:\/\/www.facebook.com\/becooltravelagency\/","article_modified_time":"2026-03-18T12:05:31+00:00","og_image":[{"width":1080,"height":768,"url":"https:\/\/becooltravel.com\/wp-content\/uploads\/sites\/5\/2020\/06\/Walk_west_algarve-1.jpg","type":"image\/jpeg"}],"twitter_card":"summary_large_image","twitter_title":"Self-Drive Walking Holidays in Lagos","twitter_description":"Our base is the cosmopolitan city of Lagos, a short distance away from a wealth of secluded beaches and unspoiled dirt tracks, perfect for keen explorers.The itineraries show diverse landscapes, on the coast, and inland, and are the result of vast local knowledge.You can travel independently to discover the varied landscapes of the West Algarve, from volcanic hills to dramatic limestone escarpments, from sleepy countryside villages to bustling coastal cities, from fishermen communities to green hillsides with no one in sight.","twitter_image":"https:\/\/i0.wp.com\/becooltravel.com\/wp-content\/uploads\/sites\/5\/2020\/05\/Self_guided_walk_WestAlgarve.jpg?fit=1200%2C800&ssl=1","twitter_site":"@becool_travel","twitter_misc":{"Gesch\u00e4tzte Lesezeit":"3\u00a0Minuten"},"schema":{"@context":"https:\/\/schema.org","@graph":[{"@type":"WebPage","@id":"https:\/\/becooltravel.com\/product\/walking-in-the-wonderful-west-algarve-5300sc\/","url":"https:\/\/becooltravel.com\/product\/walking-in-the-wonderful-west-algarve-5300sc\/","name":"Selbstfahrende Wanderferien in Lagos, der wunderbaren Westalgarve","isPartOf":{"@id":"https:\/\/becooltravel.com\/#website"},"primaryImageOfPage":{"@id":"https:\/\/becooltravel.com\/product\/walking-in-the-wonderful-west-algarve-5300sc\/#primaryimage"},"image":{"@id":"https:\/\/becooltravel.com\/product\/walking-in-the-wonderful-west-algarve-5300sc\/#primaryimage"},"thumbnailUrl":"https:\/\/i0.wp.com\/becooltravel.com\/wp-content\/uploads\/sites\/5\/2020\/06\/Walk_west_algarve-1.jpg?fit=1080%2C768&ssl=1","datePublished":"2020-05-27T10:27:50+00:00","dateModified":"2026-03-18T12:05:31+00:00","description":"Selbstfahrender Wanderurlaub in Lagos, der Sch\u00f6nheit der Westk\u00fcste der Algarve. Es gibt einzigartige Orte und eine F\u00fclle von einsamen Str\u00e4nden und Feldwegen.","breadcrumb":{"@id":"https:\/\/becooltravel.com\/product\/walking-in-the-wonderful-west-algarve-5300sc\/#breadcrumb"},"inLanguage":"de","potentialAction":[{"@type":"ReadAction","target":["https:\/\/becooltravel.com\/product\/walking-in-the-wonderful-west-algarve-5300sc\/"]}]},{"@type":"ImageObject","inLanguage":"de","@id":"https:\/\/becooltravel.com\/product\/walking-in-the-wonderful-west-algarve-5300sc\/#primaryimage","url":"https:\/\/i0.wp.com\/becooltravel.com\/wp-content\/uploads\/sites\/5\/2020\/06\/Walk_west_algarve-1.jpg?fit=1080%2C768&ssl=1","contentUrl":"https:\/\/i0.wp.com\/becooltravel.com\/wp-content\/uploads\/sites\/5\/2020\/06\/Walk_west_algarve-1.jpg?fit=1080%2C768&ssl=1","width":1080,"height":768,"caption":"Walk West Algarve"},{"@type":"BreadcrumbList","@id":"https:\/\/becooltravel.com\/product\/walking-in-the-wonderful-west-algarve-5300sc\/#breadcrumb","itemListElement":[{"@type":"ListItem","position":1,"name":"Home","item":"https:\/\/becooltravel.com\/"},{"@type":"ListItem","position":2,"name":"Shop","item":"https:\/\/becooltravel.com\/?page_id=5"},{"@type":"ListItem","position":3,"name":"Algarve holidays . You can use\u00a0footpaths and walking\u00a0 trails\u00a0to get to know the region, such as the\u00a0Algarve Way\u00a0or the\u00a0Vicentine Route along one of the best preserved coastal stretches.","item":"https:\/\/becooltravel.com\/product-tag\/algarve\/"},{"@type":"ListItem","position":4,"name":"Self-Drive Walking Holidays in Lagos Spectacular hikes in the cliffs, hidden caves, and grottoes following scenic Ocean trails."}]},{"@type":"WebSite","@id":"https:\/\/becooltravel.com\/#website","url":"https:\/\/becooltravel.com\/","name":"BeCool Travel","description":"Nachhaltiger Urlaub in Portugal f\u00fcr Individualreisende","publisher":{"@id":"https:\/\/becooltravel.com\/#organization"},"potentialAction":[{"@type":"SearchAction","target":{"@type":"EntryPoint","urlTemplate":"https:\/\/becooltravel.com\/?s={search_term_string}"},"query-input":{"@type":"PropertyValueSpecification","valueRequired":true,"valueName":"search_term_string"}}],"inLanguage":"de"},{"@type":"Organization","@id":"https:\/\/becooltravel.com\/#organization","name":"BecoolTravel. com- Portugal","url":"https:\/\/becooltravel.com\/","logo":{"@type":"ImageObject","inLanguage":"de","@id":"https:\/\/becooltravel.com\/#\/schema\/logo\/image\/","url":"https:\/\/becooltravel.com\/wp-content\/uploads\/sites\/5\/2020\/03\/Logo_BeCool.jpg","contentUrl":"https:\/\/becooltravel.com\/wp-content\/uploads\/sites\/5\/2020\/03\/Logo_BeCool.jpg","width":534,"height":534,"caption":"BecoolTravel. com- Portugal"},"image":{"@id":"https:\/\/becooltravel.com\/#\/schema\/logo\/image\/"},"sameAs":["https:\/\/www.facebook.com\/becooltravelagency\/","https:\/\/x.com\/becool_travel","https:\/\/www.instagram.com\/becooltravel_com\/","https:\/\/www.linkedin.com\/company\/becool-travel\/","https:\/\/www.youtube.com\/channel\/UCE7zRU3EVG1PgfXwQo-5uJw"]}]}},"jetpack_sharing_enabled":true,"_links":{"self":[{"href":"https:\/\/becooltravel.com\/de\/wp-json\/wp\/v2\/product\/4940","targetHints":{"allow":["GET"]}}],"collection":[{"href":"https:\/\/becooltravel.com\/de\/wp-json\/wp\/v2\/product"}],"about":[{"href":"https:\/\/becooltravel.com\/de\/wp-json\/wp\/v2\/types\/product"}],"replies":[{"embeddable":true,"href":"https:\/\/becooltravel.com\/de\/wp-json\/wp\/v2\/comments?post=4940"}],"wp:featuredmedia":[{"embeddable":true,"href":"https:\/\/becooltravel.com\/de\/wp-json\/wp\/v2\/media\/5377"}],"wp:attachment":[{"href":"https:\/\/becooltravel.com\/de\/wp-json\/wp\/v2\/media?parent=4940"}],"wp:term":[{"taxonomy":"product_brand","embeddable":true,"href":"https:\/\/becooltravel.com\/de\/wp-json\/wp\/v2\/product_brand?post=4940"},{"taxonomy":"product_cat","embeddable":true,"href":"https:\/\/becooltravel.com\/de\/wp-json\/wp\/v2\/product_cat?post=4940"},{"taxonomy":"product_tag","embeddable":true,"href":"https:\/\/becooltravel.com\/de\/wp-json\/wp\/v2\/product_tag?post=4940"}],"curies":[{"name":"wp","href":"https:\/\/api.w.org\/{rel}","templated":true}]}}